{"id":73863,"date":"2023-05-14T14:09:47","date_gmt":"2023-05-14T14:09:47","guid":{"rendered":"http:\/\/talkpal.ai\/kannada-grammatik\/"},"modified":"2025-12-11T16:23:23","modified_gmt":"2025-12-11T16:23:23","slug":"kannada-grammatik","status":"publish","type":"page","link":"https:\/\/talkpal.ai\/de\/kannada-grammatik\/","title":{"rendered":"Kannada-Grammatik"},"content":{"rendered":"\r\n\r\n\r\n<section class=\"languageChallengeSection\">\r\n    <div class=\"languageInfoWrapper\">\r\n        \r\n        <h1>Kannada-Grammatik<\/h1>\r\n        <p>Sind Sie neugierig auf <a href=\"https:\/\/talkpal.ai\/learn-kannada\/\">Kannada<\/a>? Tauchen Sie ein in die Grammatik von Kannada, die sich durch reichhaltige Verbkonjugationen, geschlechtsspezifische Substantive und ein logisches Fallensystem auszeichnet, das die Sprache zum Leben erweckt. Beginnen Sie noch heute mit dem Lernen &#8211; die Beherrschung der <a href=\"https:\/\/talkpal.ai\/kannada-grammar\/\">Kannada-Grammatik<\/a> wird Ihnen das R\u00fcstzeug geben, um sich mit der pulsierenden Kultur Karnatakas zu verbinden und selbstbewusst in einer der ausdrucksst\u00e4rksten Sprachen S\u00fcdindiens zu kommunizieren!<\/p>\r\n\r\n                            <a class=\"getStartedHidden\" href=\"https:\/\/app.talkpal.ai\/de\/signup?lng=\">Leg los<\/a>\r\n        \r\n    <\/div>\r\n\r\n    <figure>\r\n    <img decoding=\"async\" width=\"768\" height=\"768\" src=\"https:\/\/talkpal.ai\/wp-content\/uploads\/2023\/06\/Kannada-768x768.png\" class=\"languageImage no-lazy\" alt=\"Default alt text\" fetchpriority=\"high\" sizes=\"(max-width: 768px) 150px, 768px\" srcset=\"https:\/\/talkpal.ai\/wp-content\/uploads\/2023\/06\/Kannada-768x768.png 768w, https:\/\/talkpal.ai\/wp-content\/uploads\/2023\/06\/Kannada-300x300.png 300w\" \/>\r\n    \r\n\r\n    <\/figure>\r\n\r\n            <a class=\"getStartedVisible\" href=\"https:\/\/app.talkpal.ai\/de\/signup?lng=\">Leg los<\/a>\r\n    \r\n<\/section>\r\n        <section class=\"grammarSection\">\r\n            <div class=\"grammarLinks\">\r\n                <a href=\"https:\/\/talkpal.ai\/de\/language\/adjektive-kannada-grammatik\/\">Adjektive <\/a><a href=\"https:\/\/talkpal.ai\/de\/language\/adverbien-kannada-grammatik\/\">Adverbien <\/a><a href=\"https:\/\/talkpal.ai\/de\/language\/artikel-kannada-grammatik\/\">Artikel <\/a><a href=\"https:\/\/talkpal.ai\/de\/language\/konditionale-kannada-grammatik\/\">Konditionale <\/a><a href=\"https:\/\/talkpal.ai\/de\/language\/perfekt-progressiv-kannada-grammatik\/\">Perfekt Progressiv <\/a><a href=\"https:\/\/talkpal.ai\/de\/language\/praepositionen-kannada-grammatik\/\">Pr\u00e4positionen <\/a><a href=\"https:\/\/talkpal.ai\/de\/language\/progressiv-kannada-grammatik\/\">Progressiv <\/a><a href=\"https:\/\/talkpal.ai\/de\/language\/pronomen-determinanten-kannada-grammatik\/\">Pronomen\/Determinanten <\/a><a href=\"https:\/\/talkpal.ai\/de\/language\/saetze-kannada-grammatik\/\">S\u00e4tze <\/a><a href=\"https:\/\/talkpal.ai\/de\/language\/substantive-kannada-grammatik\/\">Substantive <\/a><a href=\"https:\/\/talkpal.ai\/de\/language\/verben-kannada-grammatik\/\">Verben <\/a><a href=\"https:\/\/talkpal.ai\/de\/language\/zeitformen-kannada-grammatik\/\">Zeitformen <\/a><a href=\"https:\/\/talkpal.ai\/de\/language\/zeitvergleich-kannada-grammatik\/\">Zeitvergleich <\/a>            <\/div>\r\n        <\/section>\r\n    <section class=\"promotionalBanner\">\r\n    <p class=\"promotionalText\">Der effizienteste Weg, eine Sprache zu lernen<\/p>\r\n    <a class=\"promotionalLink\" href=\"https:\/\/app.talkpal.ai\/de\/signup?lng=\">Talkpal kostenlos<\/a>\r\n<\/section>\n<div class=\"wp-block-group pageContainerStyle\"><div class=\"wp-block-group__inner-container is-layout-constrained wp-block-group-is-layout-constrained\">\n<h2 class=\"wp-block-heading\" id=\"h-kannada-grammar-an-insight-into-the-richness-of-the-dravidian-language\">Kannada-Grammatik: Ein Einblick in den Reichtum der dravidischen Sprache<\/h2>\n\n\n\n<p>Haben Sie sich jemals \u00fcber die <a href=\"https:\/\/talkpal.ai\/de\/culture\/sprachliche-vielfalt-in-deutschen-universitaten\/\">sprachliche Vielfalt<\/a> Indiens gewundert? Als Sprachliebhaber oder neugieriger Lerner sind Sie vielleicht daran interessiert, einen genaueren Blick auf eine der klassischen Sprachen Indiens zu werfen \u2013 Kannada. Kannada ist eine dravidische Sprache, die haupts\u00e4chlich im s\u00fcdlichen Bundesstaat Karnataka gesprochen wird. Es ist die Muttersprache von etwa 44 Millionen Menschen und damit eine der wichtigsten indischen Sprachen. Lassen Sie uns tief in die faszinierende Welt der Kannada-Grammatik eintauchen und mehr \u00fcber diese wundersch\u00f6ne Sprache erfahren.<\/p>\n\n\n\n<h3 class=\"wp-block-heading\" id=\"h-the-linguistic-alphabet-kannada-script\">Das linguistische Alphabet: Kannada-Schrift<\/h3>\n\n\n\n<p>Die Kannada-Schrift, auch bekannt als &#8222;\u0c95\u0ca8\u0ccd\u0ca8\u0ca1 \u0cb2\u0cbf\u0caa\u0cbf&#8220; (Kannada Lipi), ist eine Abugida &#8211; ein Schriftsystem mit Silbenalphabeten. Jeder Buchstabe steht f\u00fcr eine andere Konsonant-Vokal-Kombination. Die Schrift besteht aus 49 Zeichen, darunter 34 Konsonanten und 13 Vokale. Mit ihrem visuellen Erscheinungsbild ist die Kannada-Schrift eine wunderbare und einzigartige M\u00f6glichkeit, die Kl\u00e4nge und Bedeutungen der Sprache zu vermitteln.<\/p>\n\n\n\n<h3 class=\"wp-block-heading\" id=\"h-nouns-pronouns-and-cases-more-than-meets-the-eye\">Substantive, Pronomen und Kasus \u2013 mehr als man auf den ersten Blick sieht<\/h3>\n\n\n\n<p>Kannada-Substantive sind aufgrund ihres Deklinationssystems einzigartig \u2013 sie folgen einem Kasussystem, das dem anderer dravidischer Sprachen \u00e4hnelt. In Kannada gibt es acht F\u00e4lle, die helfen, die Beziehung zwischen dem Substantiv und den anderen W\u00f6rtern im Satz zu definieren: Nominativ, Akkusativ, Instrumental, Dativ, Ablativ, Genitiv, Lokativ und Vokativ. Substantive in Kannada werden auch nach Geschlecht (maskulin, feminin und Neutrum) und Zahl (Singular, Plural und Dual \u2013 ein seltenes Merkmal unter den indischen Sprachen) klassifiziert.<\/p>\n\n\n\n<p>Auch Pronomen in Kannada sind faszinierend. Sie enthalten Unterscheidungen f\u00fcr jede Person (erste, zweite und dritte), die Zahl (Singular, Plural und Dual) und das Geschlecht (m\u00e4nnlich, weiblich und Neutrum). Dar\u00fcber hinaus gibt es in Kannada mehrere ehrenhafte Anredeformen, die die kulturellen Aspekte von Respekt und H\u00f6flichkeit in der Sprache verdeutlichen.<\/p>\n\n\n\n<h3 class=\"wp-block-heading\" id=\"h-venturing-into-verbs-tenses-aspects-and-moods\">Sich an Verben wagen: Zeitformen, Aspekte und Stimmungen<\/h3>\n\n\n\n<p>Kannada-Verben zeichnen sich durch ein reichhaltiges Konjugationssystem aus. Verben werden nach Zeitform (Vergangenheit, Gegenwart und Zukunft), Aspekt (Perfektiv oder Imperfektiv) und Stimmung (Indikativ, <a href=\"https:\/\/talkpal.ai\/ja\/grammar_exercises\/imperatif-%e3%83%95%e3%83%a9%e3%83%b3%e3%82%b9%e3%81%ae%e6%96%87%e6%b3%95%e3%81%ae%e3%81%9f%e3%82%81%e3%81%ae%e6%bc%94%e7%bf%92\/\">Imperativ<\/a> und Konditional) konjugiert. Weitere Komplexit\u00e4t wird durch das Vorhandensein von kausativen Verben sowie Passiv- und Aktivstimmen hinzugef\u00fcgt. Die Konjugation h\u00e4ngt von der Person, der Zahl und dem Geschlecht ab, was die Kannada-Verbformen stark flektiert und kompliziert macht.<\/p>\n\n\n\n<h3 class=\"wp-block-heading\" id=\"h-adjectives-adverbs-and-more\">Adjektive, Adverbien und mehr<\/h3>\n\n\n\n<p>Kannada-Adjektive und -Ziffern stimmen mit den Substantiven \u00fcberein, die sie in Bezug auf Geschlecht, Zahl und Gro\u00df- und Kleinschreibung modifizieren. Adjektive k\u00f6nnen auf die gleiche Weise wie Substantive flektiert und sogar zu <a href=\"https:\/\/talkpal.ai\/ar\/grammar_exercises\/adverbien-%d8%aa%d9%85%d8%a7%d8%b1%d9%8a%d9%86-%d9%84%d9%84%d9%82%d9%88%d8%a7%d8%b9%d8%af-%d8%a7%d9%84%d8%a3%d9%84%d9%85%d8%a7%d9%86%d9%8a%d8%a9\/\">Adverbien<\/a> kombiniert werden. Die Sprache verwendet auch verschiedene Konjunktionen, Partikel und Pr\u00e4positionen, um S\u00e4tze und ihre Bestandteile zu einem zusammenh\u00e4ngenden und ausdrucksstarken Ganzen zusammenzuf\u00fchren.<\/p>\n\n\n\n<h3 class=\"wp-block-heading\" id=\"h-embracing-the-beauty-of-kannada-grammar\">Die Sch\u00f6nheit der Kannada-Grammatik genie\u00dfen<\/h3>\n\n\n\n<p>Die Welt der Kannada-Grammatik ist ebenso faszinierend wie komplex. Das komplizierte Kasussystem, die einzigartige Schrift und die stark flektierten Verbformen verleihen Kannada seinen Charme und Reichtum. Indem Sie in die Gefilde dieser exquisiten Sprache eintauchen, gewinnen Sie ein tieferes Verst\u00e4ndnis f\u00fcr die sprachliche und kulturelle Vielfalt Indiens.<\/p>\n\n\n\n<p>Warum also nicht die Sch\u00f6nheit von Kannada weiter erkunden? Mit Leidenschaft und Neugier k\u00f6nnen Sie sich schon bald an der gro\u00dfartigen Literatur, dem Kino und der Musik in dieser majest\u00e4tischen Sprache erfreuen. Viel Spa\u00df beim Lernen!<\/p>\n<\/div><\/div>\n\r\n<section class=\"learnNavigationSection\">\r\n            \r\n        <a href=\"https:\/\/talkpal.ai\/de\/kannada-lernen\/\">\r\n            <div class=\"learnNavigationWrapper\">\r\n                <div class=\"learnNavigationContent\">\r\n                    <img decoding=\"async\" src=\"https:\/\/talkpal.ai\/wp-content\/uploads\/2024\/08\/Kannada.jpg\" alt=\"Indian Simplified Flag\">\r\n                    <div>\r\n                        <h4>\u00dcber Kannada Lernen<\/h4>\r\n                        <p>Erfahren Sie alles \u00fcber die Kannada-Grammatik.<\/p>\r\n                    <\/div>\r\n                <\/div>\r\n            <\/div>\r\n        <\/a>\r\n\r\n        \r\n        <a href=\"https:\/\/talkpal.ai\/de\/kannada-grammatikuebungen\/\">\r\n            <div class=\"learnNavigationWrapper\">\r\n                <div class=\"learnNavigationContent\">\r\n                    <img decoding=\"async\" src=\"https:\/\/talkpal.ai\/wp-content\/uploads\/2024\/08\/Kannada.jpg\" alt=\"Indian Simplified Flag\">\r\n                    <div>\r\n                        <h4>Kannada Grammatik \u00dcbung<\/h4>\r\n                        <p>\u00dcbe die Kannada-Grammatik .<\/p>\r\n                    <\/div>\r\n                <\/div>\r\n            <\/div>\r\n        <\/a>\r\n\r\n        \r\n        <a href=\"https:\/\/talkpal.ai\/vocabulary_language\/kannada\/\">\r\n            <div class=\"learnNavigationWrapper\">\r\n                <div class=\"learnNavigationContent\">\r\n                    <img decoding=\"async\" src=\"https:\/\/talkpal.ai\/wp-content\/uploads\/2024\/08\/Kannada.jpg\" alt=\"Indian Simplified Flag\">\r\n                    <div>\r\n                        <h4>Kannada Wortschatz<\/h4>\r\n                        <p>Erweitern Sie Ihren Kannada-Wortschatz.<\/p>\r\n                    <\/div>\r\n                <\/div>\r\n            <\/div>\r\n        <\/a>\r\n\r\n            <\/section>","protected":false},"excerpt":{"rendered":"<p>Kannada-Grammatik: Ein Einblick in den Reichtum der dravidischen Sprache Haben Sie sich jemals \u00fcber die sprachliche Vielfalt Indiens gewundert? Als Sprachliebhaber oder neugieriger Lerner sind Sie vielleicht daran interessiert, einen genaueren Blick auf eine der klassischen Sprachen Indiens zu werfen \u2013 Kannada. Kannada ist eine dravidische Sprache, die haupts\u00e4chlich im s\u00fcdlichen Bundesstaat Karnataka gesprochen wird. [&hellip;]<\/p>\n","protected":false},"author":1,"featured_media":28413,"parent":0,"menu_order":0,"comment_status":"closed","ping_status":"closed","template":"LearningContentPage.php","meta":{"_acf_changed":false,"footnotes":""},"class_list":["post-73863","page","type-page","status-publish","has-post-thumbnail","hentry"],"acf":[],"yoast_head":"<!-- This site is optimized with the Yoast SEO Premium plugin v27.2 (Yoast SEO v27.2) - https:\/\/yoast.com\/product\/yoast-seo-premium-wordpress\/ -->\n<title>Kannada-Grammatik - Talkpal<\/title>\n<meta name=\"description\" content=\"Lernen Sie selbstbewusst Kannada-Grammatik - verstehen Sie die wichtigsten Regeln, sch\u00e4rfen Sie den Satzbau und verbessern Sie die Sprachgewandtheit\" \/>\n<meta name=\"robots\" content=\"index, follow, max-snippet:-1, max-image-preview:large, max-video-preview:-1\" \/>\n<link rel=\"canonical\" href=\"https:\/\/talkpal.ai\/de\/kannada-grammatik\/\" \/>\n<meta property=\"og:locale\" content=\"de_DE\" \/>\n<meta property=\"og:type\" content=\"article\" \/>\n<meta property=\"og:title\" content=\"Kannada-Grammatik\" \/>\n<meta property=\"og:description\" content=\"Kannada-Grammatik: Ein Einblick in den Reichtum der dravidischen Sprache Haben Sie sich jemals \u00fcber die sprachliche Vielfalt Indiens gewundert? Als\" \/>\n<meta property=\"og:url\" content=\"https:\/\/talkpal.ai\/de\/kannada-grammatik\/\" \/>\n<meta property=\"og:site_name\" content=\"Talkpal\" \/>\n<meta property=\"article:publisher\" content=\"https:\/\/www.facebook.com\/profile.php?id=100090733639311\" \/>\n<meta property=\"article:modified_time\" content=\"2025-12-11T16:23:23+00:00\" \/>\n<meta property=\"og:image\" content=\"https:\/\/talkpal.ai\/wp-content\/uploads\/2023\/05\/Kannada-india.png\" \/>\n\t<meta property=\"og:image:width\" content=\"512\" \/>\n\t<meta property=\"og:image:height\" content=\"512\" \/>\n\t<meta property=\"og:image:type\" content=\"image\/png\" \/>\n<meta name=\"twitter:card\" content=\"summary_large_image\" \/>\n<meta name=\"twitter:site\" content=\"@talkpalai\" \/>\n<meta name=\"twitter:label1\" content=\"Gesch\u00e4tzte Lesezeit\" \/>\n\t<meta name=\"twitter:data1\" content=\"3\u00a0Minuten\" \/>\n<script type=\"application\/ld+json\" class=\"yoast-schema-graph\">{\"@context\":\"https:\/\/schema.org\",\"@graph\":[{\"@type\":\"WebPage\",\"@id\":\"https:\/\/talkpal.ai\/de\/kannada-grammatik\/\",\"url\":\"https:\/\/talkpal.ai\/de\/kannada-grammatik\/\",\"name\":\"Kannada-Grammatik - Talkpal\",\"isPartOf\":{\"@id\":\"https:\/\/talkpal.ai\/de\/#website\"},\"primaryImageOfPage\":{\"@id\":\"https:\/\/talkpal.ai\/de\/kannada-grammatik\/#primaryimage\"},\"image\":{\"@id\":\"https:\/\/talkpal.ai\/de\/kannada-grammatik\/#primaryimage\"},\"thumbnailUrl\":\"https:\/\/talkpal.ai\/wp-content\/uploads\/2023\/05\/Kannada-india.png\",\"datePublished\":\"2023-05-14T14:09:47+00:00\",\"dateModified\":\"2025-12-11T16:23:23+00:00\",\"description\":\"Lernen Sie selbstbewusst Kannada-Grammatik - verstehen Sie die wichtigsten Regeln, sch\u00e4rfen Sie den Satzbau und verbessern Sie die Sprachgewandtheit\",\"breadcrumb\":{\"@id\":\"https:\/\/talkpal.ai\/de\/kannada-grammatik\/#breadcrumb\"},\"inLanguage\":\"de\",\"potentialAction\":[{\"@type\":\"ReadAction\",\"target\":[\"https:\/\/talkpal.ai\/de\/kannada-grammatik\/\"]}]},{\"@type\":\"ImageObject\",\"inLanguage\":\"de\",\"@id\":\"https:\/\/talkpal.ai\/de\/kannada-grammatik\/#primaryimage\",\"url\":\"https:\/\/talkpal.ai\/wp-content\/uploads\/2023\/05\/Kannada-india.png\",\"contentUrl\":\"https:\/\/talkpal.ai\/wp-content\/uploads\/2023\/05\/Kannada-india.png\",\"width\":512,\"height\":512},{\"@type\":\"BreadcrumbList\",\"@id\":\"https:\/\/talkpal.ai\/de\/kannada-grammatik\/#breadcrumb\",\"itemListElement\":[{\"@type\":\"ListItem\",\"position\":1,\"name\":\"Homepage\",\"item\":\"https:\/\/talkpal.ai\/de\/\"},{\"@type\":\"ListItem\",\"position\":2,\"name\":\"Kannada-Grammatik\"}]},{\"@type\":\"WebSite\",\"@id\":\"https:\/\/talkpal.ai\/de\/#website\",\"url\":\"https:\/\/talkpal.ai\/de\/\",\"name\":\"Talkpal\",\"description\":\"AI Language Learning\",\"publisher\":{\"@id\":\"https:\/\/talkpal.ai\/de\/#organization\"},\"alternateName\":\"Talkpal AI\",\"potentialAction\":[{\"@type\":\"SearchAction\",\"target\":{\"@type\":\"EntryPoint\",\"urlTemplate\":\"https:\/\/talkpal.ai\/de\/?s={search_term_string}\"},\"query-input\":{\"@type\":\"PropertyValueSpecification\",\"valueRequired\":true,\"valueName\":\"search_term_string\"}}],\"inLanguage\":\"de\"},{\"@type\":\"Organization\",\"@id\":\"https:\/\/talkpal.ai\/de\/#organization\",\"name\":\"Talkpal, Inc.\",\"alternateName\":\"Talkpal AI\",\"url\":\"https:\/\/talkpal.ai\/de\/\",\"logo\":{\"@type\":\"ImageObject\",\"inLanguage\":\"de\",\"@id\":\"https:\/\/talkpal.ai\/de\/#\/schema\/logo\/image\/\",\"url\":\"https:\/\/talkpal.ai\/wp-content\/uploads\/2024\/03\/Talkpal-Logo-Icon.png\",\"contentUrl\":\"https:\/\/talkpal.ai\/wp-content\/uploads\/2024\/03\/Talkpal-Logo-Icon.png\",\"width\":2880,\"height\":2880,\"caption\":\"Talkpal, Inc.\"},\"image\":{\"@id\":\"https:\/\/talkpal.ai\/de\/#\/schema\/logo\/image\/\"},\"sameAs\":[\"https:\/\/www.facebook.com\/profile.php?id=100090733639311\",\"https:\/\/x.com\/talkpalai\",\"https:\/\/www.linkedin.com\/company\/talkpal\/\",\"https:\/\/www.youtube.com\/@TalkPal\/\",\"https:\/\/www.tiktok.com\/@talkpal\",\"https:\/\/www.instagram.com\/talkpal_ai\/\",\"https:\/\/www.crunchbase.com\/organization\/talkpal-9cde\",\"https:\/\/www.g2.com\/products\/talkpal-for-business\/\",\"https:\/\/www.trustpilot.com\/review\/talkpal.ai\",\"https:\/\/www.capterra.com\/p\/10006800\/TalkPal\/\"],\"description\":\"Talkpal is a language learning web and mobile education app, powered by the latest AI technologies, that provides engaging experiences to its customers in many different languages to help them improve their language skills. Users can chat about unlimited amount of topics with the app and use other modes to practice their language learning.\",\"email\":\"support@talkpal.ai\",\"legalName\":\"Talkpal, Inc.\",\"foundingDate\":\"2023-04-03\",\"duns\":\"118989042\",\"numberOfEmployees\":{\"@type\":\"QuantitativeValue\",\"minValue\":\"11\",\"maxValue\":\"50\"},\"publishingPrinciples\":\"https:\/\/talkpal.ai\/publishing-principles\/\",\"actionableFeedbackPolicy\":\"https:\/\/talkpal.ai\/actionable-feedback-policy\/\",\"correctionsPolicy\":\"https:\/\/talkpal.ai\/corrections-policy\/\",\"ethicsPolicy\":\"https:\/\/talkpal.ai\/ethics-policy\/\",\"diversityPolicy\":\"https:\/\/talkpal.ai\/diversity-policy\/\",\"diversityStaffingReport\":\"https:\/\/talkpal.ai\/diversity-policy\/\"}]}<\/script>\n<!-- \/ Yoast SEO Premium plugin. -->","yoast_head_json":{"title":"Kannada-Grammatik - Talkpal","description":"Lernen Sie selbstbewusst Kannada-Grammatik - verstehen Sie die wichtigsten Regeln, sch\u00e4rfen Sie den Satzbau und verbessern Sie die Sprachgewandtheit","robots":{"index":"index","follow":"follow","max-snippet":"max-snippet:-1","max-image-preview":"max-image-preview:large","max-video-preview":"max-video-preview:-1"},"canonical":"https:\/\/talkpal.ai\/de\/kannada-grammatik\/","og_locale":"de_DE","og_type":"article","og_title":"Kannada-Grammatik","og_description":"Kannada-Grammatik: Ein Einblick in den Reichtum der dravidischen Sprache Haben Sie sich jemals \u00fcber die sprachliche Vielfalt Indiens gewundert? Als","og_url":"https:\/\/talkpal.ai\/de\/kannada-grammatik\/","og_site_name":"Talkpal","article_publisher":"https:\/\/www.facebook.com\/profile.php?id=100090733639311","article_modified_time":"2025-12-11T16:23:23+00:00","og_image":[{"width":512,"height":512,"url":"https:\/\/talkpal.ai\/wp-content\/uploads\/2023\/05\/Kannada-india.png","type":"image\/png"}],"twitter_card":"summary_large_image","twitter_site":"@talkpalai","twitter_misc":{"Gesch\u00e4tzte Lesezeit":"3\u00a0Minuten"},"schema":{"@context":"https:\/\/schema.org","@graph":[{"@type":"WebPage","@id":"https:\/\/talkpal.ai\/de\/kannada-grammatik\/","url":"https:\/\/talkpal.ai\/de\/kannada-grammatik\/","name":"Kannada-Grammatik - Talkpal","isPartOf":{"@id":"https:\/\/talkpal.ai\/de\/#website"},"primaryImageOfPage":{"@id":"https:\/\/talkpal.ai\/de\/kannada-grammatik\/#primaryimage"},"image":{"@id":"https:\/\/talkpal.ai\/de\/kannada-grammatik\/#primaryimage"},"thumbnailUrl":"https:\/\/talkpal.ai\/wp-content\/uploads\/2023\/05\/Kannada-india.png","datePublished":"2023-05-14T14:09:47+00:00","dateModified":"2025-12-11T16:23:23+00:00","description":"Lernen Sie selbstbewusst Kannada-Grammatik - verstehen Sie die wichtigsten Regeln, sch\u00e4rfen Sie den Satzbau und verbessern Sie die Sprachgewandtheit","breadcrumb":{"@id":"https:\/\/talkpal.ai\/de\/kannada-grammatik\/#breadcrumb"},"inLanguage":"de","potentialAction":[{"@type":"ReadAction","target":["https:\/\/talkpal.ai\/de\/kannada-grammatik\/"]}]},{"@type":"ImageObject","inLanguage":"de","@id":"https:\/\/talkpal.ai\/de\/kannada-grammatik\/#primaryimage","url":"https:\/\/talkpal.ai\/wp-content\/uploads\/2023\/05\/Kannada-india.png","contentUrl":"https:\/\/talkpal.ai\/wp-content\/uploads\/2023\/05\/Kannada-india.png","width":512,"height":512},{"@type":"BreadcrumbList","@id":"https:\/\/talkpal.ai\/de\/kannada-grammatik\/#breadcrumb","itemListElement":[{"@type":"ListItem","position":1,"name":"Homepage","item":"https:\/\/talkpal.ai\/de\/"},{"@type":"ListItem","position":2,"name":"Kannada-Grammatik"}]},{"@type":"WebSite","@id":"https:\/\/talkpal.ai\/de\/#website","url":"https:\/\/talkpal.ai\/de\/","name":"Talkpal","description":"AI Language Learning","publisher":{"@id":"https:\/\/talkpal.ai\/de\/#organization"},"alternateName":"Talkpal AI","potentialAction":[{"@type":"SearchAction","target":{"@type":"EntryPoint","urlTemplate":"https:\/\/talkpal.ai\/de\/?s={search_term_string}"},"query-input":{"@type":"PropertyValueSpecification","valueRequired":true,"valueName":"search_term_string"}}],"inLanguage":"de"},{"@type":"Organization","@id":"https:\/\/talkpal.ai\/de\/#organization","name":"Talkpal, Inc.","alternateName":"Talkpal AI","url":"https:\/\/talkpal.ai\/de\/","logo":{"@type":"ImageObject","inLanguage":"de","@id":"https:\/\/talkpal.ai\/de\/#\/schema\/logo\/image\/","url":"https:\/\/talkpal.ai\/wp-content\/uploads\/2024\/03\/Talkpal-Logo-Icon.png","contentUrl":"https:\/\/talkpal.ai\/wp-content\/uploads\/2024\/03\/Talkpal-Logo-Icon.png","width":2880,"height":2880,"caption":"Talkpal, Inc."},"image":{"@id":"https:\/\/talkpal.ai\/de\/#\/schema\/logo\/image\/"},"sameAs":["https:\/\/www.facebook.com\/profile.php?id=100090733639311","https:\/\/x.com\/talkpalai","https:\/\/www.linkedin.com\/company\/talkpal\/","https:\/\/www.youtube.com\/@TalkPal\/","https:\/\/www.tiktok.com\/@talkpal","https:\/\/www.instagram.com\/talkpal_ai\/","https:\/\/www.crunchbase.com\/organization\/talkpal-9cde","https:\/\/www.g2.com\/products\/talkpal-for-business\/","https:\/\/www.trustpilot.com\/review\/talkpal.ai","https:\/\/www.capterra.com\/p\/10006800\/TalkPal\/"],"description":"Talkpal is a language learning web and mobile education app, powered by the latest AI technologies, that provides engaging experiences to its customers in many different languages to help them improve their language skills. Users can chat about unlimited amount of topics with the app and use other modes to practice their language learning.","email":"support@talkpal.ai","legalName":"Talkpal, Inc.","foundingDate":"2023-04-03","duns":"118989042","numberOfEmployees":{"@type":"QuantitativeValue","minValue":"11","maxValue":"50"},"publishingPrinciples":"https:\/\/talkpal.ai\/publishing-principles\/","actionableFeedbackPolicy":"https:\/\/talkpal.ai\/actionable-feedback-policy\/","correctionsPolicy":"https:\/\/talkpal.ai\/corrections-policy\/","ethicsPolicy":"https:\/\/talkpal.ai\/ethics-policy\/","diversityPolicy":"https:\/\/talkpal.ai\/diversity-policy\/","diversityStaffingReport":"https:\/\/talkpal.ai\/diversity-policy\/"}]}},"_links":{"self":[{"href":"https:\/\/talkpal.ai\/de\/wp-json\/wp\/v2\/pages\/73863","targetHints":{"allow":["GET"]}}],"collection":[{"href":"https:\/\/talkpal.ai\/de\/wp-json\/wp\/v2\/pages"}],"about":[{"href":"https:\/\/talkpal.ai\/de\/wp-json\/wp\/v2\/types\/page"}],"author":[{"embeddable":true,"href":"https:\/\/talkpal.ai\/de\/wp-json\/wp\/v2\/users\/1"}],"replies":[{"embeddable":true,"href":"https:\/\/talkpal.ai\/de\/wp-json\/wp\/v2\/comments?post=73863"}],"version-history":[{"count":0,"href":"https:\/\/talkpal.ai\/de\/wp-json\/wp\/v2\/pages\/73863\/revisions"}],"wp:featuredmedia":[{"embeddable":true,"href":"https:\/\/talkpal.ai\/de\/wp-json\/wp\/v2\/media\/28413"}],"wp:attachment":[{"href":"https:\/\/talkpal.ai\/de\/wp-json\/wp\/v2\/media?parent=73863"}],"curies":[{"name":"wp","href":"https:\/\/api.w.org\/{rel}","templated":true}]}}