{"id":73847,"date":"2023-06-16T10:21:59","date_gmt":"2023-06-16T10:21:59","guid":{"rendered":"http:\/\/talkpal.ai\/japanische-grammatikuebungen\/"},"modified":"2025-12-17T16:48:35","modified_gmt":"2025-12-17T16:48:35","slug":"japanische-grammatikuebungen","status":"publish","type":"page","link":"https:\/\/talkpal.ai\/de\/japanische-grammatikuebungen\/","title":{"rendered":"Japanische Grammatik\u00fcbungen"},"content":{"rendered":"\r\n\r\n\r\n<section class=\"languageChallengeSection\">\r\n    <div class=\"languageInfoWrapper\">\r\n        \r\n        <h1>Japanische Grammatik\u00fcbungen<\/h1>\r\n        <p>Sind Sie bereit, Ihr <a href=\"https:\/\/talkpal.ai\/learn-japanese\/\">Japanisch<\/a> auf die n\u00e4chste Stufe zu heben? Grammatik\u00fcbungen sind eine fantastische M\u00f6glichkeit, um Satzmuster zu verstehen, <a href=\"https:\/\/talkpal.ai\/ja\/grammar\/%e7%b2%92%e5%ad%90%e3%81%b8\/\">Partikel<\/a> richtig zu verwenden und sich in der Sprache besser zurechtzufinden. Steigen Sie ein, probieren Sie neue Grammatikpunkte aus und sehen Sie, wie jede \u00dcbung Sie dem fl\u00fcssigen Sprechen n\u00e4her bringt &#8211; beginnen Sie noch heute, japanische Grammatik zu \u00fcben!<\/p>\r\n\r\n                            <a class=\"getStartedHidden\" href=\"https:\/\/app.talkpal.ai\/de\/signup?lng=\">Leg los<\/a>\r\n        \r\n    <\/div>\r\n\r\n    <figure>\r\n    <img decoding=\"async\" width=\"768\" height=\"768\" src=\"https:\/\/talkpal.ai\/wp-content\/uploads\/2023\/06\/japanese-768x768.png\" class=\"languageImage no-lazy\" alt=\"Default alt text\" fetchpriority=\"high\" sizes=\"(max-width: 768px) 150px, 768px\" srcset=\"https:\/\/talkpal.ai\/wp-content\/uploads\/2023\/06\/japanese-768x768.png 768w, https:\/\/talkpal.ai\/wp-content\/uploads\/2023\/06\/japanese-300x300.png 300w\" \/>\r\n    \r\n\r\n    <\/figure>\r\n\r\n            <a class=\"getStartedVisible\" href=\"https:\/\/app.talkpal.ai\/de\/signup?lng=\">Leg los<\/a>\r\n    \r\n<\/section>\r\n\r\n\r\n<!-- <section class=\"grammarSection\">\r\n    <div class=\"grammarLinks\">\r\n        <a href=\"https:\/\/talkpal.ai\/de\/exercise_language\/adjektive-japanische-grammatik\/\">Adjektive <\/a><a href=\"https:\/\/talkpal.ai\/de\/exercise_language\/adverbien-japanische-grammatik\/\">Adverbien <\/a><a href=\"https:\/\/talkpal.ai\/de\/exercise_language\/ausdrucke-japanische-grammatik\/\">Ausdr\u00fccke \u2013 Japanische Grammatik<\/a><a href=\"https:\/\/talkpal.ai\/de\/exercise_language\/ehrentitel-japanische-grammatik\/\">Ehrentitel <\/a><a href=\"https:\/\/talkpal.ai\/de\/exercise_language\/konjugation-von-verben-japanische-grammatik\/\">Konjugation von Verben <\/a><a href=\"https:\/\/talkpal.ai\/de\/exercise_language\/konjunktionen-japanische-grammatik\/\">Konjunktionen <\/a><a href=\"https:\/\/talkpal.ai\/de\/exercise_language\/partikel-japanische-grammatik\/\">Partikel <\/a><a href=\"https:\/\/talkpal.ai\/de\/exercise_language\/prapositionen-japanische-grammatik\/\">Pr\u00e4positionen <\/a><a href=\"https:\/\/talkpal.ai\/de\/exercise_language\/pronomen-japanische-grammatik\/\">Pronomen <\/a><a href=\"https:\/\/talkpal.ai\/de\/exercise_language\/satzbau-japanische-grammatik\/\">Satzbau <\/a><a href=\"https:\/\/talkpal.ai\/de\/exercise_language\/substantive-japanische-grammatik\/\">Substantive <\/a><a href=\"https:\/\/talkpal.ai\/de\/exercise_language\/verben-japanische-grammatik\/\">Verben <\/a><a href=\"https:\/\/talkpal.ai\/de\/exercise_language\/zahlen-japanische-grammatik\/\">Zahlen <\/a><a href=\"https:\/\/talkpal.ai\/de\/exercise_language\/zeitformen-japanische-grammatik\/\">Zeitformen <\/a>    <\/div>\r\n<\/section> -->\r\n\r\n\r\n\r\n\r\n        <section class=\"grammarSection\">\r\n            <div class=\"grammarLinks\">\r\n                <a href=\"https:\/\/talkpal.ai\/de\/exercise_language\/adjektive-japanische-grammatik\/\">Adjektive <\/a><a href=\"https:\/\/talkpal.ai\/de\/exercise_language\/adverbien-japanische-grammatik\/\">Adverbien <\/a><a href=\"https:\/\/talkpal.ai\/de\/exercise_language\/ausdrucke-japanische-grammatik\/\">Ausdr\u00fccke \u2013 Japanische Grammatik<\/a><a href=\"https:\/\/talkpal.ai\/de\/exercise_language\/ehrentitel-japanische-grammatik\/\">Ehrentitel <\/a><a href=\"https:\/\/talkpal.ai\/de\/exercise_language\/konjugation-von-verben-japanische-grammatik\/\">Konjugation von Verben <\/a><a href=\"https:\/\/talkpal.ai\/de\/exercise_language\/konjunktionen-japanische-grammatik\/\">Konjunktionen <\/a><a href=\"https:\/\/talkpal.ai\/de\/exercise_language\/partikel-japanische-grammatik\/\">Partikel <\/a><a href=\"https:\/\/talkpal.ai\/de\/exercise_language\/prapositionen-japanische-grammatik\/\">Pr\u00e4positionen <\/a><a href=\"https:\/\/talkpal.ai\/de\/exercise_language\/pronomen-japanische-grammatik\/\">Pronomen <\/a><a href=\"https:\/\/talkpal.ai\/de\/exercise_language\/satzbau-japanische-grammatik\/\">Satzbau <\/a><a href=\"https:\/\/talkpal.ai\/de\/exercise_language\/substantive-japanische-grammatik\/\">Substantive <\/a><a href=\"https:\/\/talkpal.ai\/de\/exercise_language\/verben-japanische-grammatik\/\">Verben <\/a><a href=\"https:\/\/talkpal.ai\/de\/exercise_language\/zahlen-japanische-grammatik\/\">Zahlen <\/a><a href=\"https:\/\/talkpal.ai\/de\/exercise_language\/zeitformen-japanische-grammatik\/\">Zeitformen <\/a>            <\/div>\r\n        <\/section>\r\n<section class=\"promotionalBanner\">\r\n    <p class=\"promotionalText\">Der effizienteste Weg, eine Sprache zu lernen<\/p>\r\n    <a class=\"promotionalLink\" href=\"https:\/\/app.talkpal.ai\/de\/signup?lng=\">Talkpal kostenlos<\/a>\r\n<\/section>\n<div class=\"wp-block-group pageContainerStyle\"><div class=\"wp-block-group__inner-container is-layout-constrained wp-block-group-is-layout-constrained\">\n<h2 class=\"wp-block-heading\" id=\"h-japanese-grammar-topics\">Japanische Grammatikthemen<\/h2>\n\n\n\n<p>Japanisch zu lernen kann eine aufregende und lohnende Erfahrung sein, da es eine ganz neue Welt der Kultur, der Kommunikation und des pers\u00f6nlichen Wachstums er\u00f6ffnet. Die japanische Sprache hat eine einzigartige Struktur und ein einzigartiges Grammatiksystem, das auf den ersten Blick entmutigend erscheinen mag, aber durch konsequentes \u00dcben und einen gut organisierten Lernplan gemeistert werden kann. Um Ihnen die Reise in die Welt des Japanischen zu erleichtern, haben wir die wesentlichen Grammatikthemen in einer Reihenfolge zusammengefasst, die Ihnen hilft, eine solide Grundlage zu schaffen und reibungslos voranzukommen. Wenn du dich auf diese Grammatikelemente konzentrierst, bist du auf dem besten Weg, Japanisch zu beherrschen.<\/p>\n\n\n\n<h3 class=\"wp-block-heading\" id=\"h-1-particles\">1. Partikel:<\/h3>\n\n\n\n<p>Partikel sind im Japanischen essentiell, da sie die Beziehung zwischen W\u00f6rtern in einem Satz anzeigen. Sie funktionieren wie <a href=\"https:\/\/talkpal.ai\/ar\/grammar_exercises\/prapositionen-%d8%aa%d9%85%d8%a7%d8%b1%d9%8a%d9%86-%d9%84%d9%84%d9%82%d9%88%d8%a7%d8%b9%d8%af-%d8%a7%d9%84%d8%a3%d9%84%d9%85%d8%a7%d9%86%d9%8a%d8%a9\/\">Pr\u00e4positionen<\/a> und Postpositionen in anderen Sprachen. Das Erlernen von Partikeln wie \u306f (wa), \u304c (ga), \u3092 (wo), \u306b (ni), \u3067 (de) und \u3068 (to) hilft dir, grundlegende S\u00e4tze zu bilden und die Funktion jedes Wortes zu verstehen.<\/p>\n\n\n\n<h3 class=\"wp-block-heading\" id=\"h-2-nouns\">2. Substantive:<\/h3>\n\n\n\n<p>Wenn du dich mit gebr\u00e4uchlichen Substantiven vertraut machst, kannst du deinen <a href=\"https:\/\/talkpal.ai\/de\/wortschatz-erweitern-effektive-strategien-fur-mehr-sprachvielfalt\/\">Wortschatz erweitern<\/a>. Japanische Substantive haben kein Geschlecht, keine Zahl und keine Artikel, was den Lernprozess vereinfacht.<\/p>\n\n\n\n<h3 class=\"wp-block-heading\" id=\"h-3-pronouns\">3. Pronomen:<\/h3>\n\n\n\n<p>Japanische Pronomen werden verwendet, um sich auf Personen und Dinge zu beziehen. Einige g\u00e4ngige Pronomen sind \u79c1 (watashi &#8211; ich), \u3042\u306a\u305f (anata &#8211; du), \u5f7c (kare &#8211; er), \u5f7c\u5973 (kanojo &#8211; sie) und \u305d\u308c (sore &#8211; das).<\/p>\n\n\n\n<h3 class=\"wp-block-heading\" id=\"h-4-verb-conjugation\">4. Konjugation des Verbs:<\/h3>\n\n\n\n<p><a href=\"https:\/\/talkpal.ai\/de\/grammar\/top-50-japanische-verben-in-der-japanischen-grammatik\/\">Japanische Verben<\/a> haben unterschiedliche Konjugationen, die auf Zeitform, H\u00f6flichkeit und anderen Faktoren basieren. Das Erlernen der grundlegenden Verbformen, wie z. B. der W\u00f6rterbuchform, der -masu-Form und der -te-Form, wird dir helfen, verschiedene Handlungen und Zust\u00e4nde auszudr\u00fccken.<\/p>\n\n\n\n<h3 class=\"wp-block-heading\" id=\"h-5-tenses\">5. Zeitformen:<\/h3>\n\n\n\n<p>Im Japanischen gibt es Vergangenheits- und Nicht-Vergangenheitsformen, wobei letztere f\u00fcr gegenw\u00e4rtige und zuk\u00fcnftige Handlungen verwendet wird. Wenn du verstehst, wie man Verben in diesen <a href=\"https:\/\/talkpal.ai\/zh-hans\/grammar_exercises\/zeitformen-%e5%be%b7%e5%9b%bd%e8%af%ad%e6%b3%95%e7%bb%83%e4%b9%a0\/\">Zeitformen<\/a> konjugiert, kannst du die Zeit genauer ausdr\u00fccken.<\/p>\n\n\n\n<h3 class=\"wp-block-heading\" id=\"h-6-adjectives\">6. Adjektive:<\/h3>\n\n\n\n<p>Japanische Adjektive werden in zwei Gruppen unterteilt: i-Adjektive und na-Adjektive. Das Erlernen ihrer Konjugationsregeln und wie man sie in S\u00e4tzen verwendet, wird dir helfen, Objekte, Menschen und Situationen zu beschreiben.<\/p>\n\n\n\n<h3 class=\"wp-block-heading\" id=\"h-7-adverbs\">7. Adverbien:<\/h3>\n\n\n\n<p><a href=\"https:\/\/talkpal.ai\/ar\/grammar_exercises\/adverbien-%d8%aa%d9%85%d8%a7%d8%b1%d9%8a%d9%86-%d9%84%d9%84%d9%82%d9%88%d8%a7%d8%b9%d8%af-%d8%a7%d9%84%d8%a3%d9%84%d9%85%d8%a7%d9%86%d9%8a%d8%a9\/\">Adverbien<\/a> modifizieren Verben, Adjektive und andere Adverbien und f\u00fcgen Ihren S\u00e4tzen Nuancen hinzu. H\u00e4ufige japanische Adverbien sind \u901f\u304f (hayaku &#8211; schnell), \u3086\u3063\u304f\u308a (yukkuri &#8211; langsam) und \u3068\u3066\u3082 (totemo &#8211; sehr).<\/p>\n\n\n\n<h3 class=\"wp-block-heading\" id=\"h-8-prepositions\">8. Pr\u00e4positionen:<\/h3>\n\n\n\n<p>Im Japanischen gibt es zwar keine Pr\u00e4positionen wie im Englischen, aber einige Partikel funktionieren \u00e4hnlich. Das Erlernen dieser Partikel und ihrer Verwendung wird Ihnen helfen, r\u00e4umliche und zeitliche Beziehungen auszudr\u00fccken.<\/p>\n\n\n\n<h3 class=\"wp-block-heading\" id=\"h-9-conjunctions\">9. Konjunktionen:<\/h3>\n\n\n\n<p>Konjunktionen werden verwendet, um W\u00f6rter, Ausdr\u00fccke und S\u00e4tze zu verbinden. G\u00e4ngige japanische Konjunktionen sind \u305d\u3057\u3066 (soshite &#8211; und), \u3057\u304b\u3057 (shikashi &#8211; aber) und \u3060\u304b\u3089 (dakara &#8211; deshalb).<\/p>\n\n\n\n<h3 class=\"wp-block-heading\" id=\"h-10-sentence-structure\">10. Satzbau:<\/h3>\n\n\n\n<p>Im Japanischen folgt man einer Subjekt-Objekt-Verb-Satzstruktur (SOV). Wenn du diese Struktur und andere Satzmuster verstehst, kannst du genaue und komplexe S\u00e4tze bilden.<\/p>\n\n\n\n<h3 class=\"wp-block-heading\" id=\"h-11-honorifics\">11. Ehrungen:<\/h3>\n\n\n\n<p>Im Japanischen gibt es ein komplexes System von Ehrenbezeichnungen, die H\u00f6flichkeit und Respekt ausdr\u00fccken. Das Erlernen der Grundlagen der Ehrenrede, wie z. B. die Verwendung von \u3067\u3059 (desu) und \u307e\u3059 (masu), wird dir helfen, dich in sozialen Situationen zurechtzufinden.<\/p>\n\n\n\n<h3 class=\"wp-block-heading\" id=\"h-12-expressions\">12. Ausdr\u00fccke:<\/h3>\n\n\n\n<p>Wenn du dich mit den gebr\u00e4uchlichen japanischen Ausdr\u00fccken und Redewendungen vertraut machst, kannst du im Gespr\u00e4ch nat\u00fcrlicher und fl\u00fcssiger klingen.<\/p>\n\n\n\n<h3 class=\"wp-block-heading\" id=\"h-13-numbers\">13. Zahlen:<\/h3>\n\n\n\n<p>Japanisch hat ein einzigartiges Zahlensystem mit unterschiedlichen Z\u00e4hlern f\u00fcr verschiedene Objekte. Zu lernen, wie man Zahlen z\u00e4hlt und im Kontext verwendet, ist f\u00fcr die t\u00e4gliche Kommunikation unerl\u00e4sslich.<\/p>\n\n\n\n<h3 class=\"wp-block-heading\" id=\"h-14-verbs\">14. Verben:<\/h3>\n\n\n\n<p>Wenn du dein Verbvokabular erweiterst, kannst du eine breite Palette von Handlungen und Zust\u00e4nden ausdr\u00fccken, sodass du effektiver auf Japanisch kommunizieren kannst.<\/p>\n<\/div><\/div>\n\r\n<section class=\"learnNavigationSection\">\r\n            \r\n        <a href=\"https:\/\/talkpal.ai\/de\/japanisch-lernen\/\">\r\n            <div class=\"learnNavigationWrapper\">\r\n                <div class=\"learnNavigationContent\">\r\n                    <img decoding=\"async\" src=\"https:\/\/talkpal.ai\/wp-content\/uploads\/2024\/08\/Japanese.jpg\" alt=\"Japanese Flag\">\r\n                    <div>\r\n                        <h4>\u00dcber Japanisch lernen<\/h4>\r\n                        <p>Erfahren Sie alles \u00fcber die japanische Grammatik.<\/p>\r\n                    <\/div>\r\n                <\/div>\r\n            <\/div>\r\n        <\/a>\r\n\r\n        \r\n        <a href=\"https:\/\/talkpal.ai\/de\/japanische-grammatik\/\">\r\n            <div class=\"learnNavigationWrapper\">\r\n                <div class=\"learnNavigationContent\">\r\n                    <img decoding=\"async\" src=\"https:\/\/talkpal.ai\/wp-content\/uploads\/2024\/08\/Japanese.jpg\" alt=\"Japanese Flag\">\r\n                    <div>\r\n                        <h4>Japanische Grammatik Lektionen<\/h4>\r\n                        <p>\u00dcbe die japanische Grammatik.<\/p>\r\n                    <\/div>\r\n                <\/div>\r\n            <\/div>\r\n        <\/a>\r\n\r\n        \r\n        <a href=\"https:\/\/talkpal.ai\/vocabulary_language\/japanese\/\">\r\n            <div class=\"learnNavigationWrapper\">\r\n                <div class=\"learnNavigationContent\">\r\n                    <img decoding=\"async\" src=\"https:\/\/talkpal.ai\/wp-content\/uploads\/2024\/08\/Japanese.jpg\" alt=\"Japanese Flag\">\r\n                    <div>\r\n                        <h4>Japanisch Wortschatz<\/h4>\r\n                        <p>Erweitern Sie Ihren japanischen Wortschatz.<\/p>\r\n                    <\/div>\r\n                <\/div>\r\n            <\/div>\r\n        <\/a>\r\n\r\n            <\/section>","protected":false},"excerpt":{"rendered":"<p>Japanische Grammatikthemen Japanisch zu lernen kann eine aufregende und lohnende Erfahrung sein, da es eine ganz neue Welt der Kultur, der Kommunikation und des pers\u00f6nlichen Wachstums er\u00f6ffnet. Die japanische Sprache hat eine einzigartige Struktur und ein einzigartiges Grammatiksystem, das auf den ersten Blick entmutigend erscheinen mag, aber durch konsequentes \u00dcben und einen gut organisierten Lernplan [&hellip;]<\/p>\n","protected":false},"author":6,"featured_media":11580,"parent":0,"menu_order":0,"comment_status":"closed","ping_status":"closed","template":"LearningContentPage.php","meta":{"_acf_changed":false,"footnotes":""},"class_list":["post-73847","page","type-page","status-publish","has-post-thumbnail","hentry"],"acf":[],"yoast_head":"<!-- This site is optimized with the Yoast SEO Premium plugin v27.2 (Yoast SEO v27.2) - https:\/\/yoast.com\/product\/yoast-seo-premium-wordpress\/ -->\n<title>Japanische Grammatik\u00fcbungen - Talkpal<\/title>\n<meta name=\"description\" content=\"Verbessern Sie Ihre Kenntnisse der japanischen Grammatik - beherrschen Sie Satzstrukturen, \u00fcben Sie interaktive Aktivit\u00e4ten und verbessern Sie Ihre Sprachgewandtheit.\" \/>\n<meta name=\"robots\" content=\"index, follow, max-snippet:-1, max-image-preview:large, max-video-preview:-1\" \/>\n<link rel=\"canonical\" href=\"https:\/\/talkpal.ai\/de\/japanische-grammatikuebungen\/\" \/>\n<meta property=\"og:locale\" content=\"de_DE\" \/>\n<meta property=\"og:type\" content=\"article\" \/>\n<meta property=\"og:title\" content=\"Japanische Grammatik\u00fcbungen\" \/>\n<meta property=\"og:description\" content=\"Japanische Grammatikthemen Japanisch zu lernen kann eine aufregende und lohnende Erfahrung sein, da es eine ganz neue Welt der Kultur, der Kommunikation\" \/>\n<meta property=\"og:url\" content=\"https:\/\/talkpal.ai\/de\/japanische-grammatikuebungen\/\" \/>\n<meta property=\"og:site_name\" content=\"Talkpal\" \/>\n<meta property=\"article:publisher\" content=\"https:\/\/www.facebook.com\/profile.php?id=100090733639311\" \/>\n<meta property=\"article:modified_time\" content=\"2025-12-17T16:48:35+00:00\" \/>\n<meta property=\"og:image\" content=\"https:\/\/talkpal.ai\/wp-content\/uploads\/2023\/04\/japan.png\" \/>\n\t<meta property=\"og:image:width\" content=\"512\" \/>\n\t<meta property=\"og:image:height\" content=\"512\" \/>\n\t<meta property=\"og:image:type\" content=\"image\/png\" \/>\n<meta name=\"twitter:card\" content=\"summary_large_image\" \/>\n<meta name=\"twitter:site\" content=\"@talkpalai\" \/>\n<meta name=\"twitter:label1\" content=\"Gesch\u00e4tzte Lesezeit\" \/>\n\t<meta name=\"twitter:data1\" content=\"3\u00a0Minuten\" \/>\n<script type=\"application\/ld+json\" class=\"yoast-schema-graph\">{\"@context\":\"https:\/\/schema.org\",\"@graph\":[{\"@type\":\"WebPage\",\"@id\":\"https:\/\/talkpal.ai\/de\/japanische-grammatikuebungen\/\",\"url\":\"https:\/\/talkpal.ai\/de\/japanische-grammatikuebungen\/\",\"name\":\"Japanische Grammatik\u00fcbungen - Talkpal\",\"isPartOf\":{\"@id\":\"https:\/\/talkpal.ai\/de\/#website\"},\"primaryImageOfPage\":{\"@id\":\"https:\/\/talkpal.ai\/de\/japanische-grammatikuebungen\/#primaryimage\"},\"image\":{\"@id\":\"https:\/\/talkpal.ai\/de\/japanische-grammatikuebungen\/#primaryimage\"},\"thumbnailUrl\":\"https:\/\/talkpal.ai\/wp-content\/uploads\/2023\/04\/japan.png\",\"datePublished\":\"2023-06-16T10:21:59+00:00\",\"dateModified\":\"2025-12-17T16:48:35+00:00\",\"description\":\"Verbessern Sie Ihre Kenntnisse der japanischen Grammatik - beherrschen Sie Satzstrukturen, \u00fcben Sie interaktive Aktivit\u00e4ten und verbessern Sie Ihre Sprachgewandtheit.\",\"breadcrumb\":{\"@id\":\"https:\/\/talkpal.ai\/de\/japanische-grammatikuebungen\/#breadcrumb\"},\"inLanguage\":\"de\",\"potentialAction\":[{\"@type\":\"ReadAction\",\"target\":[\"https:\/\/talkpal.ai\/de\/japanische-grammatikuebungen\/\"]}]},{\"@type\":\"ImageObject\",\"inLanguage\":\"de\",\"@id\":\"https:\/\/talkpal.ai\/de\/japanische-grammatikuebungen\/#primaryimage\",\"url\":\"https:\/\/talkpal.ai\/wp-content\/uploads\/2023\/04\/japan.png\",\"contentUrl\":\"https:\/\/talkpal.ai\/wp-content\/uploads\/2023\/04\/japan.png\",\"width\":512,\"height\":512},{\"@type\":\"BreadcrumbList\",\"@id\":\"https:\/\/talkpal.ai\/de\/japanische-grammatikuebungen\/#breadcrumb\",\"itemListElement\":[{\"@type\":\"ListItem\",\"position\":1,\"name\":\"Homepage\",\"item\":\"https:\/\/talkpal.ai\/de\/\"},{\"@type\":\"ListItem\",\"position\":2,\"name\":\"Japanische Grammatik\u00fcbungen\"}]},{\"@type\":\"WebSite\",\"@id\":\"https:\/\/talkpal.ai\/de\/#website\",\"url\":\"https:\/\/talkpal.ai\/de\/\",\"name\":\"Talkpal\",\"description\":\"AI Language Learning\",\"publisher\":{\"@id\":\"https:\/\/talkpal.ai\/de\/#organization\"},\"alternateName\":\"Talkpal AI\",\"potentialAction\":[{\"@type\":\"SearchAction\",\"target\":{\"@type\":\"EntryPoint\",\"urlTemplate\":\"https:\/\/talkpal.ai\/de\/?s={search_term_string}\"},\"query-input\":{\"@type\":\"PropertyValueSpecification\",\"valueRequired\":true,\"valueName\":\"search_term_string\"}}],\"inLanguage\":\"de\"},{\"@type\":\"Organization\",\"@id\":\"https:\/\/talkpal.ai\/de\/#organization\",\"name\":\"Talkpal, Inc.\",\"alternateName\":\"Talkpal AI\",\"url\":\"https:\/\/talkpal.ai\/de\/\",\"logo\":{\"@type\":\"ImageObject\",\"inLanguage\":\"de\",\"@id\":\"https:\/\/talkpal.ai\/de\/#\/schema\/logo\/image\/\",\"url\":\"https:\/\/talkpal.ai\/wp-content\/uploads\/2024\/03\/Talkpal-Logo-Icon.png\",\"contentUrl\":\"https:\/\/talkpal.ai\/wp-content\/uploads\/2024\/03\/Talkpal-Logo-Icon.png\",\"width\":2880,\"height\":2880,\"caption\":\"Talkpal, Inc.\"},\"image\":{\"@id\":\"https:\/\/talkpal.ai\/de\/#\/schema\/logo\/image\/\"},\"sameAs\":[\"https:\/\/www.facebook.com\/profile.php?id=100090733639311\",\"https:\/\/x.com\/talkpalai\",\"https:\/\/www.linkedin.com\/company\/talkpal\/\",\"https:\/\/www.youtube.com\/@TalkPal\/\",\"https:\/\/www.tiktok.com\/@talkpal\",\"https:\/\/www.instagram.com\/talkpal_ai\/\",\"https:\/\/www.crunchbase.com\/organization\/talkpal-9cde\",\"https:\/\/www.g2.com\/products\/talkpal-for-business\/\",\"https:\/\/www.trustpilot.com\/review\/talkpal.ai\",\"https:\/\/www.capterra.com\/p\/10006800\/TalkPal\/\"],\"description\":\"Talkpal is a language learning web and mobile education app, powered by the latest AI technologies, that provides engaging experiences to its customers in many different languages to help them improve their language skills. Users can chat about unlimited amount of topics with the app and use other modes to practice their language learning.\",\"email\":\"support@talkpal.ai\",\"legalName\":\"Talkpal, Inc.\",\"foundingDate\":\"2023-04-03\",\"duns\":\"118989042\",\"numberOfEmployees\":{\"@type\":\"QuantitativeValue\",\"minValue\":\"11\",\"maxValue\":\"50\"},\"publishingPrinciples\":\"https:\/\/talkpal.ai\/publishing-principles\/\",\"actionableFeedbackPolicy\":\"https:\/\/talkpal.ai\/actionable-feedback-policy\/\",\"correctionsPolicy\":\"https:\/\/talkpal.ai\/corrections-policy\/\",\"ethicsPolicy\":\"https:\/\/talkpal.ai\/ethics-policy\/\",\"diversityPolicy\":\"https:\/\/talkpal.ai\/diversity-policy\/\",\"diversityStaffingReport\":\"https:\/\/talkpal.ai\/diversity-policy\/\"}]}<\/script>\n<!-- \/ Yoast SEO Premium plugin. -->","yoast_head_json":{"title":"Japanische Grammatik\u00fcbungen - Talkpal","description":"Verbessern Sie Ihre Kenntnisse der japanischen Grammatik - beherrschen Sie Satzstrukturen, \u00fcben Sie interaktive Aktivit\u00e4ten und verbessern Sie Ihre Sprachgewandtheit.","robots":{"index":"index","follow":"follow","max-snippet":"max-snippet:-1","max-image-preview":"max-image-preview:large","max-video-preview":"max-video-preview:-1"},"canonical":"https:\/\/talkpal.ai\/de\/japanische-grammatikuebungen\/","og_locale":"de_DE","og_type":"article","og_title":"Japanische Grammatik\u00fcbungen","og_description":"Japanische Grammatikthemen Japanisch zu lernen kann eine aufregende und lohnende Erfahrung sein, da es eine ganz neue Welt der Kultur, der Kommunikation","og_url":"https:\/\/talkpal.ai\/de\/japanische-grammatikuebungen\/","og_site_name":"Talkpal","article_publisher":"https:\/\/www.facebook.com\/profile.php?id=100090733639311","article_modified_time":"2025-12-17T16:48:35+00:00","og_image":[{"width":512,"height":512,"url":"https:\/\/talkpal.ai\/wp-content\/uploads\/2023\/04\/japan.png","type":"image\/png"}],"twitter_card":"summary_large_image","twitter_site":"@talkpalai","twitter_misc":{"Gesch\u00e4tzte Lesezeit":"3\u00a0Minuten"},"schema":{"@context":"https:\/\/schema.org","@graph":[{"@type":"WebPage","@id":"https:\/\/talkpal.ai\/de\/japanische-grammatikuebungen\/","url":"https:\/\/talkpal.ai\/de\/japanische-grammatikuebungen\/","name":"Japanische Grammatik\u00fcbungen - Talkpal","isPartOf":{"@id":"https:\/\/talkpal.ai\/de\/#website"},"primaryImageOfPage":{"@id":"https:\/\/talkpal.ai\/de\/japanische-grammatikuebungen\/#primaryimage"},"image":{"@id":"https:\/\/talkpal.ai\/de\/japanische-grammatikuebungen\/#primaryimage"},"thumbnailUrl":"https:\/\/talkpal.ai\/wp-content\/uploads\/2023\/04\/japan.png","datePublished":"2023-06-16T10:21:59+00:00","dateModified":"2025-12-17T16:48:35+00:00","description":"Verbessern Sie Ihre Kenntnisse der japanischen Grammatik - beherrschen Sie Satzstrukturen, \u00fcben Sie interaktive Aktivit\u00e4ten und verbessern Sie Ihre Sprachgewandtheit.","breadcrumb":{"@id":"https:\/\/talkpal.ai\/de\/japanische-grammatikuebungen\/#breadcrumb"},"inLanguage":"de","potentialAction":[{"@type":"ReadAction","target":["https:\/\/talkpal.ai\/de\/japanische-grammatikuebungen\/"]}]},{"@type":"ImageObject","inLanguage":"de","@id":"https:\/\/talkpal.ai\/de\/japanische-grammatikuebungen\/#primaryimage","url":"https:\/\/talkpal.ai\/wp-content\/uploads\/2023\/04\/japan.png","contentUrl":"https:\/\/talkpal.ai\/wp-content\/uploads\/2023\/04\/japan.png","width":512,"height":512},{"@type":"BreadcrumbList","@id":"https:\/\/talkpal.ai\/de\/japanische-grammatikuebungen\/#breadcrumb","itemListElement":[{"@type":"ListItem","position":1,"name":"Homepage","item":"https:\/\/talkpal.ai\/de\/"},{"@type":"ListItem","position":2,"name":"Japanische Grammatik\u00fcbungen"}]},{"@type":"WebSite","@id":"https:\/\/talkpal.ai\/de\/#website","url":"https:\/\/talkpal.ai\/de\/","name":"Talkpal","description":"AI Language Learning","publisher":{"@id":"https:\/\/talkpal.ai\/de\/#organization"},"alternateName":"Talkpal AI","potentialAction":[{"@type":"SearchAction","target":{"@type":"EntryPoint","urlTemplate":"https:\/\/talkpal.ai\/de\/?s={search_term_string}"},"query-input":{"@type":"PropertyValueSpecification","valueRequired":true,"valueName":"search_term_string"}}],"inLanguage":"de"},{"@type":"Organization","@id":"https:\/\/talkpal.ai\/de\/#organization","name":"Talkpal, Inc.","alternateName":"Talkpal AI","url":"https:\/\/talkpal.ai\/de\/","logo":{"@type":"ImageObject","inLanguage":"de","@id":"https:\/\/talkpal.ai\/de\/#\/schema\/logo\/image\/","url":"https:\/\/talkpal.ai\/wp-content\/uploads\/2024\/03\/Talkpal-Logo-Icon.png","contentUrl":"https:\/\/talkpal.ai\/wp-content\/uploads\/2024\/03\/Talkpal-Logo-Icon.png","width":2880,"height":2880,"caption":"Talkpal, Inc."},"image":{"@id":"https:\/\/talkpal.ai\/de\/#\/schema\/logo\/image\/"},"sameAs":["https:\/\/www.facebook.com\/profile.php?id=100090733639311","https:\/\/x.com\/talkpalai","https:\/\/www.linkedin.com\/company\/talkpal\/","https:\/\/www.youtube.com\/@TalkPal\/","https:\/\/www.tiktok.com\/@talkpal","https:\/\/www.instagram.com\/talkpal_ai\/","https:\/\/www.crunchbase.com\/organization\/talkpal-9cde","https:\/\/www.g2.com\/products\/talkpal-for-business\/","https:\/\/www.trustpilot.com\/review\/talkpal.ai","https:\/\/www.capterra.com\/p\/10006800\/TalkPal\/"],"description":"Talkpal is a language learning web and mobile education app, powered by the latest AI technologies, that provides engaging experiences to its customers in many different languages to help them improve their language skills. Users can chat about unlimited amount of topics with the app and use other modes to practice their language learning.","email":"support@talkpal.ai","legalName":"Talkpal, Inc.","foundingDate":"2023-04-03","duns":"118989042","numberOfEmployees":{"@type":"QuantitativeValue","minValue":"11","maxValue":"50"},"publishingPrinciples":"https:\/\/talkpal.ai\/publishing-principles\/","actionableFeedbackPolicy":"https:\/\/talkpal.ai\/actionable-feedback-policy\/","correctionsPolicy":"https:\/\/talkpal.ai\/corrections-policy\/","ethicsPolicy":"https:\/\/talkpal.ai\/ethics-policy\/","diversityPolicy":"https:\/\/talkpal.ai\/diversity-policy\/","diversityStaffingReport":"https:\/\/talkpal.ai\/diversity-policy\/"}]}},"_links":{"self":[{"href":"https:\/\/talkpal.ai\/de\/wp-json\/wp\/v2\/pages\/73847","targetHints":{"allow":["GET"]}}],"collection":[{"href":"https:\/\/talkpal.ai\/de\/wp-json\/wp\/v2\/pages"}],"about":[{"href":"https:\/\/talkpal.ai\/de\/wp-json\/wp\/v2\/types\/page"}],"author":[{"embeddable":true,"href":"https:\/\/talkpal.ai\/de\/wp-json\/wp\/v2\/users\/6"}],"replies":[{"embeddable":true,"href":"https:\/\/talkpal.ai\/de\/wp-json\/wp\/v2\/comments?post=73847"}],"version-history":[{"count":0,"href":"https:\/\/talkpal.ai\/de\/wp-json\/wp\/v2\/pages\/73847\/revisions"}],"wp:featuredmedia":[{"embeddable":true,"href":"https:\/\/talkpal.ai\/de\/wp-json\/wp\/v2\/media\/11580"}],"wp:attachment":[{"href":"https:\/\/talkpal.ai\/de\/wp-json\/wp\/v2\/media?parent=73847"}],"curies":[{"name":"wp","href":"https:\/\/api.w.org\/{rel}","templated":true}]}}