{"id":73837,"date":"2023-05-14T14:12:25","date_gmt":"2023-05-14T14:12:25","guid":{"rendered":"http:\/\/talkpal.ai\/maori-grammatik\/"},"modified":"2025-12-17T16:44:51","modified_gmt":"2025-12-17T16:44:51","slug":"maori-grammatik","status":"publish","type":"page","link":"https:\/\/talkpal.ai\/de\/maori-grammatik\/","title":{"rendered":"Maori-Grammatik"},"content":{"rendered":"\r\n\r\n\r\n<section class=\"languageChallengeSection\">\r\n    <div class=\"languageInfoWrapper\">\r\n        \r\n        <h1>Maori-Grammatik<\/h1>\r\n        <p>M\u00f6chten Sie M\u0101ori lernen? Lernen Sie die M\u0101ori-Grammatik kennen, die f\u00fcr ihre Einfachheit, die Verwendung von Artikeln und die wichtige Rolle von Partikeln bei der Bedeutungsgebung bekannt ist. Fangen Sie noch heute damit an &#8211; die Beherrschung der M\u0101ori-Grammatik wird Ihnen helfen, sich tiefer mit dem reichen Erbe der Sprache und der lebendigen Kultur von Aotearoa Neuseeland zu verbinden!<\/p>\r\n\r\n                            <a class=\"getStartedHidden\" href=\"https:\/\/app.talkpal.ai\/de\/signup?lng=\">Leg los<\/a>\r\n        \r\n    <\/div>\r\n\r\n    <figure>\r\n    <img decoding=\"async\" width=\"768\" height=\"768\" src=\"https:\/\/talkpal.ai\/wp-content\/uploads\/2023\/06\/maori-768x768.png\" class=\"languageImage no-lazy\" alt=\"Default alt text\" fetchpriority=\"high\" sizes=\"(max-width: 768px) 150px, 768px\" srcset=\"https:\/\/talkpal.ai\/wp-content\/uploads\/2023\/06\/maori-768x768.png 768w, https:\/\/talkpal.ai\/wp-content\/uploads\/2023\/06\/maori-300x300.png 300w\" \/>\r\n    \r\n\r\n    <\/figure>\r\n\r\n            <a class=\"getStartedVisible\" href=\"https:\/\/app.talkpal.ai\/de\/signup?lng=\">Leg los<\/a>\r\n    \r\n<\/section>\r\n        <section class=\"grammarSection\">\r\n            <div class=\"grammarLinks\">\r\n                <a href=\"https:\/\/talkpal.ai\/de\/language\/adjektive-maori-grammatik\/\">Adjektive <\/a><a href=\"https:\/\/talkpal.ai\/de\/language\/adverbien-maori-grammatik\/\">Adverbien <\/a><a href=\"https:\/\/talkpal.ai\/de\/language\/artikel-maori-grammatik\/\">Artikel <\/a><a href=\"https:\/\/talkpal.ai\/de\/language\/konditionale-maori-grammatik\/\">Konditionale <\/a><a href=\"https:\/\/talkpal.ai\/de\/language\/perfekt-progressiv-maori-grammatik\/\">Perfekt Progressiv <\/a><a href=\"https:\/\/talkpal.ai\/de\/language\/prapositionen-maori-grammatik\/\">Pr\u00e4positionen <\/a><a href=\"https:\/\/talkpal.ai\/de\/language\/progressiv-maori-grammatik\/\">Progressiv <\/a><a href=\"https:\/\/talkpal.ai\/de\/language\/pronomen-determinanten-maori-grammatik\/\">Pronomen\/Determinanten <\/a><a href=\"https:\/\/talkpal.ai\/de\/language\/satze-maori-grammatik\/\">S\u00e4tze <\/a><a href=\"https:\/\/talkpal.ai\/de\/language\/substantive-maori-grammatik\/\">Substantive <\/a><a href=\"https:\/\/talkpal.ai\/de\/language\/verben-maori-grammatik\/\">Verben <\/a><a href=\"https:\/\/talkpal.ai\/de\/language\/zeitformen-maori-grammatik\/\">Zeitformen <\/a><a href=\"https:\/\/talkpal.ai\/de\/language\/zeitvergleich-maori-grammatik\/\">Zeitvergleich <\/a>            <\/div>\r\n        <\/section>\r\n    <section class=\"promotionalBanner\">\r\n    <p class=\"promotionalText\">Der effizienteste Weg, eine Sprache zu lernen<\/p>\r\n    <a class=\"promotionalLink\" href=\"https:\/\/app.talkpal.ai\/de\/signup?lng=\">Talkpal kostenlos<\/a>\r\n<\/section>\n<div class=\"wp-block-group pageContainerStyle\"><div class=\"wp-block-group__inner-container is-layout-constrained wp-block-group-is-layout-constrained\">\n<h2 class=\"wp-block-heading\" id=\"h-maori-grammar-your-ticket-to-a-vibrant-bicultural-world\">Maori-Grammatik: Ihre Eintrittskarte in eine lebendige bikulturelle Welt<\/h2>\n\n\n\n<p><a href=\"https:\/\/talkpal.ai\/culture\/how-do-you-say-lets-go-in-maori\/\">Kia ora<\/a>! Willkommen in der wunderbaren Welt der Maori-Sprache. <a href=\"https:\/\/talkpal.ai\/learn-maori\/\">Maori<\/a> oder te reo Maori ist die Sprache der Ureinwohner Neuseelands und bietet Ihnen eine einzigartige Gelegenheit, eine uralte Kultur und ihre lebendige Gemeinschaft von Sprechern kennenzulernen. Wie jede Sprache kann auch die <a href=\"https:\/\/talkpal.ai\/maori-grammar\/\">Maori-Grammatik<\/a> eine Herausforderung sein, aber keine Sorge! Dieser anf\u00e4ngerfreundliche Leitfaden vereinfacht die Kernkomponenten der Maori-Grammatik f\u00fcr eine visuell ansprechende und informative Reise.<\/p>\n\n\n\n<h3 class=\"wp-block-heading\" id=\"h-1-starting-with-the-basics-maori-alphabet-and-pronunciation\">1. Beginnen Sie mit den Grundlagen: Maori-Alphabet und Aussprache<\/h3>\n\n\n\n<p>Maori verwendet eine modifizierte lateinische Schrift, die aus nur 15 Buchstaben besteht: f\u00fcnf Vokale (a, e, i, o und u) und zehn Konsonanten (h, k, m, n, p, r, t, w, ng und wh). Machen Sie sich mit diesen Buchstaben und ihrer unterschiedlichen Aussprache vertraut, da sie den Grundstein f\u00fcr das sp\u00e4tere Erlernen der Maori-Grammatik legen.<\/p>\n\n\n\n<h3 class=\"wp-block-heading\" id=\"h-2-exploring-maori-sentence-structure\">2. Erforschung der Maori-Satzstruktur<\/h3>\n\n\n\n<p>Im Kern folgt die Maori-Grammatik einer einfachen Subjekt-Verb-Struktur (-Objekt), wobei das Verb in der Regel vor dem Subjekt steht. Der klarste Weg, diese Struktur zu verstehen, ist, sie in Aktion zu sehen:<\/p>\n\n\n\n<p><strong>Deutsch: Das Kind spielt.<\/strong><\/p>\n\n\n\n<p><strong>Maori: Kei te t\u0101karo te tamaiti.<\/strong><\/p>\n\n\n\n<p>In Maori wird die Zeitform des Verbs durch eine Kombination von Partikeln oder durch Hinzuf\u00fcgen eines Zeitindikators zum Satz angegeben.<\/p>\n\n\n\n<h3 class=\"wp-block-heading\" id=\"h-3-demystifying-particles-building-blocks-of-maori-grammar\">3. Entmystifizierung von Partikeln: Bausteine der Maori-Grammatik<\/h3>\n\n\n\n<p><a href=\"https:\/\/talkpal.ai\/ja\/grammar\/%e7%b2%92%e5%ad%90%e3%81%b8\/\">Partikel<\/a> spielen eine entscheidende Rolle in der Maori-Grammatik, da sie W\u00f6rter und S\u00e4tze miteinander verbinden, um koh\u00e4rente und ausdrucksstarke S\u00e4tze zu bilden. Konzentrieren Sie sich als Anf\u00e4nger darauf, einige wesentliche Partikel zu verstehen:<\/p>\n\n\n\n<p><strong>&#8211; Kia: wird f\u00fcr Befehle, W\u00fcnsche und zur Angabe des Zwecks einer Handlung verwendet.<\/strong><\/p>\n\n\n\n<p><strong>&#8211; Kei: wird verwendet, um die kontinuierliche Zeitform zu bilden.<\/strong><\/p>\n\n\n\n<p><strong>&#8211; Ko: wird verwendet, um das Subjekt eines Satzes zu kennzeichnen.<\/strong><\/p>\n\n\n\n<h3 class=\"wp-block-heading\" id=\"h-4-getting-to-know-maori-pronouns\">4. Maori-Pronomen kennenlernen<\/h3>\n\n\n\n<p>Pronomen in Maori ersetzen Substantive und tragen dazu bei, dass Ihre Gespr\u00e4che nat\u00fcrlich und fl\u00fcssig bleiben. Konzentriere dich als Anf\u00e4nger darauf, Personal- und Possessivpronomen zu verstehen:<\/p>\n\n\n\n<p>Personalpronomen: ahau (ich), koe (du, Singular), ia (er\/sie), t\u0101ua (wir, einschlie\u00dflich der Person, mit der gesprochen wird), m\u0101ua (wir, ohne die Person, mit der gesprochen wird), koutou (du, Plural), r\u0101tau (sie)<\/p>\n\n\n\n<p>Possessivpronomen: taku\/t\u014dku (mein), t\u014du (dein, Singular), t\u014dna (sein\/ihr), t\u014d t\u0101ua (unser, einschlie\u00dflich Sprecher und Zuh\u00f6rer), t\u014d m\u0101ua (unser, Sprecher und jemand anderes), t\u014d koutou (Ur, Plural), t\u014d r\u0101tau (ihr)<\/p>\n\n\n\n<h3 class=\"wp-block-heading\" id=\"h-5-navigating-maori-nouns-and-adjectives\">5. Navigieren in Maori-Substantiven und -Adjektiven<\/h3>\n\n\n\n<p>Maori-Substantive und -Adjektive folgen einfachen grammatikalischen Regeln, die es Anf\u00e4ngern leicht machen, sie zu verstehen. Adjektive folgen in der Regel dem Substantiv, das sie beschreiben, und bei Substantivpluralen wird einfach ein Partikel, &#8222;ng\u0101&#8220;, vor dem Substantiv hinzugef\u00fcgt. Zum Beispiel:<\/p>\n\n\n\n<p><strong>Te whare nui &#8211; &#8222;das gro\u00dfe Haus&#8220;<\/strong><\/p>\n\n\n\n<p><strong>Ng\u0101 tamariki &#8211; &#8222;die Kinder&#8220;<\/strong><\/p>\n\n\n\n<p>Da hast du es! Sie haben die ersten Schritte getan, um die Maori-Grammatik zu beherrschen und Ihre Reise mit der Sprache und Kultur der Maori zu bereichern. Denken Sie daran, dass \u00dcbung, Ausdauer und Immersion f\u00fcr den Erfolg unerl\u00e4sslich sind, also tauschen Sie sich mit Muttersprachlern aus, erkunden Sie Maori-Texte und st\u00e4rken Sie Ihre Sprachgrundlage. Kia kaha! (Mach stark!)<\/p>\n<\/div><\/div>\n\r\n<section class=\"learnNavigationSection\">\r\n            \r\n        <a href=\"https:\/\/talkpal.ai\/de\/maori-lernen\/\">\r\n            <div class=\"learnNavigationWrapper\">\r\n                <div class=\"learnNavigationContent\">\r\n                    <img decoding=\"async\" src=\"https:\/\/talkpal.ai\/wp-content\/uploads\/2024\/08\/Maori.jpg\" alt=\"New Zealand Flag\">\r\n                    <div>\r\n                        <h4>Maori Grammatik Lektionen<\/h4>\r\n                        <p>Erfahren Sie alles \u00fcber die Maori-Grammatik.<\/p>\r\n                    <\/div>\r\n                <\/div>\r\n            <\/div>\r\n        <\/a>\r\n\r\n        \r\n        <a href=\"https:\/\/talkpal.ai\/de\/maori-grammatikuebungen\/\">\r\n            <div class=\"learnNavigationWrapper\">\r\n                <div class=\"learnNavigationContent\">\r\n                    <img decoding=\"async\" src=\"https:\/\/talkpal.ai\/wp-content\/uploads\/2024\/08\/Maori.jpg\" alt=\"New Zealand Flag\">\r\n                    <div>\r\n                        <h4>Maori Grammatik \u00dcbung<\/h4>\r\n                        <p>\u00dcben Sie die Maori-Grammatik.<\/p>\r\n                    <\/div>\r\n                <\/div>\r\n            <\/div>\r\n        <\/a>\r\n\r\n        \r\n        <a href=\"https:\/\/talkpal.ai\/vocabulary_language\/maori\/\">\r\n            <div class=\"learnNavigationWrapper\">\r\n                <div class=\"learnNavigationContent\">\r\n                    <img decoding=\"async\" src=\"https:\/\/talkpal.ai\/wp-content\/uploads\/2024\/08\/Maori.jpg\" alt=\"New Zealand Flag\">\r\n                    <div>\r\n                        <h4>Maori Wortschatz<\/h4>\r\n                        <p>Erweitern Sie Ihren Maori-Wortschatz.<\/p>\r\n                    <\/div>\r\n                <\/div>\r\n            <\/div>\r\n        <\/a>\r\n\r\n            <\/section>","protected":false},"excerpt":{"rendered":"<p>Maori-Grammatik: Ihre Eintrittskarte in eine lebendige bikulturelle Welt Kia ora! Willkommen in der wunderbaren Welt der Maori-Sprache. Maori oder te reo Maori ist die Sprache der Ureinwohner Neuseelands und bietet Ihnen eine einzigartige Gelegenheit, eine uralte Kultur und ihre lebendige Gemeinschaft von Sprechern kennenzulernen. Wie jede Sprache kann auch die Maori-Grammatik eine Herausforderung sein, aber [&hellip;]<\/p>\n","protected":false},"author":1,"featured_media":28493,"parent":0,"menu_order":0,"comment_status":"closed","ping_status":"closed","template":"LearningContentPage.php","meta":{"_acf_changed":false,"footnotes":""},"class_list":["post-73837","page","type-page","status-publish","has-post-thumbnail","hentry"],"acf":[],"yoast_head":"<!-- This site is optimized with the Yoast SEO Premium plugin v27.2 (Yoast SEO v27.2) - https:\/\/yoast.com\/product\/yoast-seo-premium-wordpress\/ -->\n<title>Maori-Grammatik - Talkpal<\/title>\n<meta name=\"description\" content=\"Lernen Sie die Grundlagen der Maori-Grammatik mit unserem anf\u00e4ngerfreundlichen Leitfaden kennen. Entdecken Sie die 15 Buchstaben und die wichtigsten Regeln des Te Reo Maori.\" \/>\n<meta name=\"robots\" content=\"index, follow, max-snippet:-1, max-image-preview:large, max-video-preview:-1\" \/>\n<link rel=\"canonical\" href=\"https:\/\/talkpal.ai\/de\/maori-grammatik\/\" \/>\n<meta property=\"og:locale\" content=\"de_DE\" \/>\n<meta property=\"og:type\" content=\"article\" \/>\n<meta property=\"og:title\" content=\"Maori-Grammatik\" \/>\n<meta property=\"og:description\" content=\"Maori-Grammatik: Ihre Eintrittskarte in eine lebendige bikulturelle Welt Kia ora! Willkommen in der wunderbaren Welt der Maori-Sprache. Maori oder te reo\" \/>\n<meta property=\"og:url\" content=\"https:\/\/talkpal.ai\/de\/maori-grammatik\/\" \/>\n<meta property=\"og:site_name\" content=\"Talkpal\" \/>\n<meta property=\"article:publisher\" content=\"https:\/\/www.facebook.com\/profile.php?id=100090733639311\" \/>\n<meta property=\"article:modified_time\" content=\"2025-12-17T16:44:51+00:00\" \/>\n<meta property=\"og:image\" content=\"https:\/\/talkpal.ai\/wp-content\/uploads\/2023\/05\/Maori-new-zealand.png\" \/>\n\t<meta property=\"og:image:width\" content=\"512\" \/>\n\t<meta property=\"og:image:height\" content=\"512\" \/>\n\t<meta property=\"og:image:type\" content=\"image\/png\" \/>\n<meta name=\"twitter:card\" content=\"summary_large_image\" \/>\n<meta name=\"twitter:site\" content=\"@talkpalai\" \/>\n<meta name=\"twitter:label1\" content=\"Gesch\u00e4tzte Lesezeit\" \/>\n\t<meta name=\"twitter:data1\" content=\"3\u00a0Minuten\" \/>\n<script type=\"application\/ld+json\" class=\"yoast-schema-graph\">{\"@context\":\"https:\/\/schema.org\",\"@graph\":[{\"@type\":\"WebPage\",\"@id\":\"https:\/\/talkpal.ai\/de\/maori-grammatik\/\",\"url\":\"https:\/\/talkpal.ai\/de\/maori-grammatik\/\",\"name\":\"Maori-Grammatik - Talkpal\",\"isPartOf\":{\"@id\":\"https:\/\/talkpal.ai\/de\/#website\"},\"primaryImageOfPage\":{\"@id\":\"https:\/\/talkpal.ai\/de\/maori-grammatik\/#primaryimage\"},\"image\":{\"@id\":\"https:\/\/talkpal.ai\/de\/maori-grammatik\/#primaryimage\"},\"thumbnailUrl\":\"https:\/\/talkpal.ai\/wp-content\/uploads\/2023\/05\/Maori-new-zealand.png\",\"datePublished\":\"2023-05-14T14:12:25+00:00\",\"dateModified\":\"2025-12-17T16:44:51+00:00\",\"description\":\"Lernen Sie die Grundlagen der Maori-Grammatik mit unserem anf\u00e4ngerfreundlichen Leitfaden kennen. Entdecken Sie die 15 Buchstaben und die wichtigsten Regeln des Te Reo Maori.\",\"breadcrumb\":{\"@id\":\"https:\/\/talkpal.ai\/de\/maori-grammatik\/#breadcrumb\"},\"inLanguage\":\"de\",\"potentialAction\":[{\"@type\":\"ReadAction\",\"target\":[\"https:\/\/talkpal.ai\/de\/maori-grammatik\/\"]}]},{\"@type\":\"ImageObject\",\"inLanguage\":\"de\",\"@id\":\"https:\/\/talkpal.ai\/de\/maori-grammatik\/#primaryimage\",\"url\":\"https:\/\/talkpal.ai\/wp-content\/uploads\/2023\/05\/Maori-new-zealand.png\",\"contentUrl\":\"https:\/\/talkpal.ai\/wp-content\/uploads\/2023\/05\/Maori-new-zealand.png\",\"width\":512,\"height\":512},{\"@type\":\"BreadcrumbList\",\"@id\":\"https:\/\/talkpal.ai\/de\/maori-grammatik\/#breadcrumb\",\"itemListElement\":[{\"@type\":\"ListItem\",\"position\":1,\"name\":\"Homepage\",\"item\":\"https:\/\/talkpal.ai\/de\/\"},{\"@type\":\"ListItem\",\"position\":2,\"name\":\"Maori-Grammatik\"}]},{\"@type\":\"WebSite\",\"@id\":\"https:\/\/talkpal.ai\/de\/#website\",\"url\":\"https:\/\/talkpal.ai\/de\/\",\"name\":\"Talkpal\",\"description\":\"AI Language Learning\",\"publisher\":{\"@id\":\"https:\/\/talkpal.ai\/de\/#organization\"},\"alternateName\":\"Talkpal AI\",\"potentialAction\":[{\"@type\":\"SearchAction\",\"target\":{\"@type\":\"EntryPoint\",\"urlTemplate\":\"https:\/\/talkpal.ai\/de\/?s={search_term_string}\"},\"query-input\":{\"@type\":\"PropertyValueSpecification\",\"valueRequired\":true,\"valueName\":\"search_term_string\"}}],\"inLanguage\":\"de\"},{\"@type\":\"Organization\",\"@id\":\"https:\/\/talkpal.ai\/de\/#organization\",\"name\":\"Talkpal, Inc.\",\"alternateName\":\"Talkpal AI\",\"url\":\"https:\/\/talkpal.ai\/de\/\",\"logo\":{\"@type\":\"ImageObject\",\"inLanguage\":\"de\",\"@id\":\"https:\/\/talkpal.ai\/de\/#\/schema\/logo\/image\/\",\"url\":\"https:\/\/talkpal.ai\/wp-content\/uploads\/2024\/03\/Talkpal-Logo-Icon.png\",\"contentUrl\":\"https:\/\/talkpal.ai\/wp-content\/uploads\/2024\/03\/Talkpal-Logo-Icon.png\",\"width\":2880,\"height\":2880,\"caption\":\"Talkpal, Inc.\"},\"image\":{\"@id\":\"https:\/\/talkpal.ai\/de\/#\/schema\/logo\/image\/\"},\"sameAs\":[\"https:\/\/www.facebook.com\/profile.php?id=100090733639311\",\"https:\/\/x.com\/talkpalai\",\"https:\/\/www.linkedin.com\/company\/talkpal\/\",\"https:\/\/www.youtube.com\/@TalkPal\/\",\"https:\/\/www.tiktok.com\/@talkpal\",\"https:\/\/www.instagram.com\/talkpal_ai\/\",\"https:\/\/www.crunchbase.com\/organization\/talkpal-9cde\",\"https:\/\/www.g2.com\/products\/talkpal-for-business\/\",\"https:\/\/www.trustpilot.com\/review\/talkpal.ai\",\"https:\/\/www.capterra.com\/p\/10006800\/TalkPal\/\"],\"description\":\"Talkpal is a language learning web and mobile education app, powered by the latest AI technologies, that provides engaging experiences to its customers in many different languages to help them improve their language skills. Users can chat about unlimited amount of topics with the app and use other modes to practice their language learning.\",\"email\":\"support@talkpal.ai\",\"legalName\":\"Talkpal, Inc.\",\"foundingDate\":\"2023-04-03\",\"duns\":\"118989042\",\"numberOfEmployees\":{\"@type\":\"QuantitativeValue\",\"minValue\":\"11\",\"maxValue\":\"50\"},\"publishingPrinciples\":\"https:\/\/talkpal.ai\/publishing-principles\/\",\"actionableFeedbackPolicy\":\"https:\/\/talkpal.ai\/actionable-feedback-policy\/\",\"correctionsPolicy\":\"https:\/\/talkpal.ai\/corrections-policy\/\",\"ethicsPolicy\":\"https:\/\/talkpal.ai\/ethics-policy\/\",\"diversityPolicy\":\"https:\/\/talkpal.ai\/diversity-policy\/\",\"diversityStaffingReport\":\"https:\/\/talkpal.ai\/diversity-policy\/\"}]}<\/script>\n<!-- \/ Yoast SEO Premium plugin. -->","yoast_head_json":{"title":"Maori-Grammatik - Talkpal","description":"Lernen Sie die Grundlagen der Maori-Grammatik mit unserem anf\u00e4ngerfreundlichen Leitfaden kennen. Entdecken Sie die 15 Buchstaben und die wichtigsten Regeln des Te Reo Maori.","robots":{"index":"index","follow":"follow","max-snippet":"max-snippet:-1","max-image-preview":"max-image-preview:large","max-video-preview":"max-video-preview:-1"},"canonical":"https:\/\/talkpal.ai\/de\/maori-grammatik\/","og_locale":"de_DE","og_type":"article","og_title":"Maori-Grammatik","og_description":"Maori-Grammatik: Ihre Eintrittskarte in eine lebendige bikulturelle Welt Kia ora! Willkommen in der wunderbaren Welt der Maori-Sprache. Maori oder te reo","og_url":"https:\/\/talkpal.ai\/de\/maori-grammatik\/","og_site_name":"Talkpal","article_publisher":"https:\/\/www.facebook.com\/profile.php?id=100090733639311","article_modified_time":"2025-12-17T16:44:51+00:00","og_image":[{"width":512,"height":512,"url":"https:\/\/talkpal.ai\/wp-content\/uploads\/2023\/05\/Maori-new-zealand.png","type":"image\/png"}],"twitter_card":"summary_large_image","twitter_site":"@talkpalai","twitter_misc":{"Gesch\u00e4tzte Lesezeit":"3\u00a0Minuten"},"schema":{"@context":"https:\/\/schema.org","@graph":[{"@type":"WebPage","@id":"https:\/\/talkpal.ai\/de\/maori-grammatik\/","url":"https:\/\/talkpal.ai\/de\/maori-grammatik\/","name":"Maori-Grammatik - Talkpal","isPartOf":{"@id":"https:\/\/talkpal.ai\/de\/#website"},"primaryImageOfPage":{"@id":"https:\/\/talkpal.ai\/de\/maori-grammatik\/#primaryimage"},"image":{"@id":"https:\/\/talkpal.ai\/de\/maori-grammatik\/#primaryimage"},"thumbnailUrl":"https:\/\/talkpal.ai\/wp-content\/uploads\/2023\/05\/Maori-new-zealand.png","datePublished":"2023-05-14T14:12:25+00:00","dateModified":"2025-12-17T16:44:51+00:00","description":"Lernen Sie die Grundlagen der Maori-Grammatik mit unserem anf\u00e4ngerfreundlichen Leitfaden kennen. Entdecken Sie die 15 Buchstaben und die wichtigsten Regeln des Te Reo Maori.","breadcrumb":{"@id":"https:\/\/talkpal.ai\/de\/maori-grammatik\/#breadcrumb"},"inLanguage":"de","potentialAction":[{"@type":"ReadAction","target":["https:\/\/talkpal.ai\/de\/maori-grammatik\/"]}]},{"@type":"ImageObject","inLanguage":"de","@id":"https:\/\/talkpal.ai\/de\/maori-grammatik\/#primaryimage","url":"https:\/\/talkpal.ai\/wp-content\/uploads\/2023\/05\/Maori-new-zealand.png","contentUrl":"https:\/\/talkpal.ai\/wp-content\/uploads\/2023\/05\/Maori-new-zealand.png","width":512,"height":512},{"@type":"BreadcrumbList","@id":"https:\/\/talkpal.ai\/de\/maori-grammatik\/#breadcrumb","itemListElement":[{"@type":"ListItem","position":1,"name":"Homepage","item":"https:\/\/talkpal.ai\/de\/"},{"@type":"ListItem","position":2,"name":"Maori-Grammatik"}]},{"@type":"WebSite","@id":"https:\/\/talkpal.ai\/de\/#website","url":"https:\/\/talkpal.ai\/de\/","name":"Talkpal","description":"AI Language Learning","publisher":{"@id":"https:\/\/talkpal.ai\/de\/#organization"},"alternateName":"Talkpal AI","potentialAction":[{"@type":"SearchAction","target":{"@type":"EntryPoint","urlTemplate":"https:\/\/talkpal.ai\/de\/?s={search_term_string}"},"query-input":{"@type":"PropertyValueSpecification","valueRequired":true,"valueName":"search_term_string"}}],"inLanguage":"de"},{"@type":"Organization","@id":"https:\/\/talkpal.ai\/de\/#organization","name":"Talkpal, Inc.","alternateName":"Talkpal AI","url":"https:\/\/talkpal.ai\/de\/","logo":{"@type":"ImageObject","inLanguage":"de","@id":"https:\/\/talkpal.ai\/de\/#\/schema\/logo\/image\/","url":"https:\/\/talkpal.ai\/wp-content\/uploads\/2024\/03\/Talkpal-Logo-Icon.png","contentUrl":"https:\/\/talkpal.ai\/wp-content\/uploads\/2024\/03\/Talkpal-Logo-Icon.png","width":2880,"height":2880,"caption":"Talkpal, Inc."},"image":{"@id":"https:\/\/talkpal.ai\/de\/#\/schema\/logo\/image\/"},"sameAs":["https:\/\/www.facebook.com\/profile.php?id=100090733639311","https:\/\/x.com\/talkpalai","https:\/\/www.linkedin.com\/company\/talkpal\/","https:\/\/www.youtube.com\/@TalkPal\/","https:\/\/www.tiktok.com\/@talkpal","https:\/\/www.instagram.com\/talkpal_ai\/","https:\/\/www.crunchbase.com\/organization\/talkpal-9cde","https:\/\/www.g2.com\/products\/talkpal-for-business\/","https:\/\/www.trustpilot.com\/review\/talkpal.ai","https:\/\/www.capterra.com\/p\/10006800\/TalkPal\/"],"description":"Talkpal is a language learning web and mobile education app, powered by the latest AI technologies, that provides engaging experiences to its customers in many different languages to help them improve their language skills. Users can chat about unlimited amount of topics with the app and use other modes to practice their language learning.","email":"support@talkpal.ai","legalName":"Talkpal, Inc.","foundingDate":"2023-04-03","duns":"118989042","numberOfEmployees":{"@type":"QuantitativeValue","minValue":"11","maxValue":"50"},"publishingPrinciples":"https:\/\/talkpal.ai\/publishing-principles\/","actionableFeedbackPolicy":"https:\/\/talkpal.ai\/actionable-feedback-policy\/","correctionsPolicy":"https:\/\/talkpal.ai\/corrections-policy\/","ethicsPolicy":"https:\/\/talkpal.ai\/ethics-policy\/","diversityPolicy":"https:\/\/talkpal.ai\/diversity-policy\/","diversityStaffingReport":"https:\/\/talkpal.ai\/diversity-policy\/"}]}},"_links":{"self":[{"href":"https:\/\/talkpal.ai\/de\/wp-json\/wp\/v2\/pages\/73837","targetHints":{"allow":["GET"]}}],"collection":[{"href":"https:\/\/talkpal.ai\/de\/wp-json\/wp\/v2\/pages"}],"about":[{"href":"https:\/\/talkpal.ai\/de\/wp-json\/wp\/v2\/types\/page"}],"author":[{"embeddable":true,"href":"https:\/\/talkpal.ai\/de\/wp-json\/wp\/v2\/users\/1"}],"replies":[{"embeddable":true,"href":"https:\/\/talkpal.ai\/de\/wp-json\/wp\/v2\/comments?post=73837"}],"version-history":[{"count":0,"href":"https:\/\/talkpal.ai\/de\/wp-json\/wp\/v2\/pages\/73837\/revisions"}],"wp:featuredmedia":[{"embeddable":true,"href":"https:\/\/talkpal.ai\/de\/wp-json\/wp\/v2\/media\/28493"}],"wp:attachment":[{"href":"https:\/\/talkpal.ai\/de\/wp-json\/wp\/v2\/media?parent=73837"}],"curies":[{"name":"wp","href":"https:\/\/api.w.org\/{rel}","templated":true}]}}