{"id":73830,"date":"2023-05-14T14:20:51","date_gmt":"2023-05-14T14:20:51","guid":{"rendered":"http:\/\/talkpal.ai\/walisische-grammatik\/"},"modified":"2025-12-12T10:59:38","modified_gmt":"2025-12-12T10:59:38","slug":"walisische-grammatik","status":"publish","type":"page","link":"https:\/\/talkpal.ai\/de\/walisische-grammatik\/","title":{"rendered":"Walisische Grammatik"},"content":{"rendered":"\r\n\r\n\r\n<section class=\"languageChallengeSection\">\r\n    <div class=\"languageInfoWrapper\">\r\n        \r\n        <h1>Walisische Grammatik<\/h1>\r\n        <p>Die walisische <a href=\"https:\/\/talkpal.ai\/fr\/les\/\">Grammatik<\/a> mag auf den ersten Blick eine Herausforderung sein, aber ihre einzigartigen Merkmale machen das Erlernen der Sprache zu einer lohnenden Erfahrung. Durch die Erforschung des Alphabets, der Mutationen und der Grammatikregeln erhalten Sie einen Einblick in eine reiche sprachliche Tradition. Beginnen Sie Ihre Reise und entdecken Sie die Sch\u00f6nheit der walisischen Sprache!<\/p>\r\n\r\n                            <a class=\"getStartedHidden\" href=\"https:\/\/app.talkpal.ai\/de\/signup?lng=\">Leg los<\/a>\r\n        \r\n    <\/div>\r\n\r\n    <figure>\r\n    <img decoding=\"async\" width=\"768\" height=\"768\" src=\"https:\/\/talkpal.ai\/wp-content\/uploads\/2023\/06\/welsh-768x768.png\" class=\"languageImage no-lazy\" alt=\"Default alt text\" fetchpriority=\"high\" sizes=\"(max-width: 768px) 150px, 768px\" srcset=\"https:\/\/talkpal.ai\/wp-content\/uploads\/2023\/06\/welsh-768x768.png 768w, https:\/\/talkpal.ai\/wp-content\/uploads\/2023\/06\/welsh-300x300.png 300w\" \/>\r\n    \r\n\r\n    <\/figure>\r\n\r\n            <a class=\"getStartedVisible\" href=\"https:\/\/app.talkpal.ai\/de\/signup?lng=\">Leg los<\/a>\r\n    \r\n<\/section>\r\n        <section class=\"grammarSection\">\r\n            <div class=\"grammarLinks\">\r\n                <a href=\"https:\/\/talkpal.ai\/de\/language\/adjektive-walisische-grammatik\/\">Adjektive <\/a><a href=\"https:\/\/talkpal.ai\/de\/language\/adverbien-walisische-grammatik\/\">Adverbien <\/a><a href=\"https:\/\/talkpal.ai\/de\/language\/artikel-walisische-grammatik\/\">Artikel <\/a><a href=\"https:\/\/talkpal.ai\/de\/language\/konditionale-walisische-grammatik\/\">Konditionale <\/a><a href=\"https:\/\/talkpal.ai\/de\/language\/perfekt-progressiv-walisische-grammatik\/\">Perfekt Progressiv <\/a><a href=\"https:\/\/talkpal.ai\/de\/language\/prapositionen-walisische-grammatik\/\">Pr\u00e4positionen <\/a><a href=\"https:\/\/talkpal.ai\/de\/language\/progressiv-walisische-grammatik\/\">Progressiv <\/a><a href=\"https:\/\/talkpal.ai\/de\/language\/pronomen-determinanten-walisische-grammatik\/\">Pronomen\/Determinanten <\/a><a href=\"https:\/\/talkpal.ai\/de\/language\/satze-walisische-grammatik\/\">S\u00e4tze <\/a><a href=\"https:\/\/talkpal.ai\/de\/language\/substantive-walisische-grammatik\/\">Substantive <\/a><a href=\"https:\/\/talkpal.ai\/de\/language\/verben-walisische-grammatik\/\">Verben <\/a><a href=\"https:\/\/talkpal.ai\/de\/language\/zeitformen-walisische-grammatik\/\">Zeitformen <\/a><a href=\"https:\/\/talkpal.ai\/de\/language\/zeitvergleich-walisische-grammatik\/\">Zeitvergleich <\/a>            <\/div>\r\n        <\/section>\r\n    <section class=\"promotionalBanner\">\r\n    <p class=\"promotionalText\">Der effizienteste Weg, eine Sprache zu lernen<\/p>\r\n    <a class=\"promotionalLink\" href=\"https:\/\/app.talkpal.ai\/de\/signup?lng=\">Talkpal kostenlos<\/a>\r\n<\/section>\n<div class=\"wp-block-group pageContainerStyle\"><div class=\"wp-block-group__inner-container is-layout-constrained wp-block-group-is-layout-constrained\">\n<h2 class=\"wp-block-heading\" id=\"h-navigating-the-intricacies-of-welsh-grammar\">Navigieren durch die Feinheiten der walisischen Grammatik<\/h2>\n\n\n\n<p><a href=\"https:\/\/talkpal.ai\/de\/walisisch-lernen\/\">Walisisch<\/a>, eine bretonisch-keltische Sprache mit reicher Geschichte und kultureller Bedeutung, bietet eine aufregende linguistische Erfahrung f\u00fcr diejenigen, die ihr einzigartiges Grammatiksystem erkunden m\u00f6chten. Wenn Sie sich in das Reich des Walisischen wagen, werden Sie <a href=\"https:\/\/talkpal.ai\/culture\/how-do-i-use-the-word-nicht-nur-sondern-auch\/\">nicht nur<\/a> Ihr sprachliches Repertoire bereichern, sondern auch eine faszinierende kulturelle Reise antreten. Die <a href=\"https:\/\/talkpal.ai\/de\/beste-walisische-grammatikbucher\/\">walisische Grammatik<\/a> mag auf den ersten Blick kompliziert erscheinen, aber wenn man sie in ihre Kernbestandteile zerlegt, kann man die Sprache leichter <a href=\"https:\/\/talkpal.ai\/de\/talkpal-fuer-bildung\/\">erlernen<\/a>. In diesem Artikel erkunden wir die fesselnde Welt der walisischen Grammatik und geben Tipps, wie Sie ihre Komplexit\u00e4t meistern k\u00f6nnen.<\/p>\n\n\n\n<h3 class=\"wp-block-heading\" id=\"h-1-welsh-alphabet-and-phonetics\">1. Walisisches Alphabet und Phonetik<\/h3>\n\n\n\n<p>Das walisische Alphabet besteht aus 29 Buchstaben, von denen einige einzigartig in der Sprache sind, wie &#8222;ll&#8220;, &#8222;dd&#8220; und &#8222;ff&#8220;. Um <a href=\"https:\/\/talkpal.ai\/de\/walisisch-lernen\/\">die walisische Grammatik zu lernen<\/a>, ist es wichtig, sich mit diesem besonderen Schriftsystem vertraut zu machen, indem Sie das Lesen und Schreiben auf <a href=\"https:\/\/talkpal.ai\/learn-welsh\/\">Walisisch<\/a> \u00fcben.<\/p>\n\n\n\n<h3 class=\"wp-block-heading\" id=\"h-2-mutations-a-peculiar-welsh-feature\">2. Mutationen: Eine walisische Besonderheit<\/h3>\n\n\n\n<p>Einer der auff\u00e4lligsten Aspekte der walisischen Grammatik ist die Pr\u00e4valenz von Mutationen, bei denen der Anfangskonsonant eines Wortes ver\u00e4ndert wird. Im Walisischen gibt es drei Haupttypen von Mutationen: weiche Mutation, nasale Mutation und Aspiratmutation. Zu verstehen, wann und wie diese Mutationen auftreten, ist f\u00fcr eine genaue Kommunikation auf Walisisch von entscheidender Bedeutung.<\/p>\n\n\n\n<h3 class=\"wp-block-heading\" id=\"h-3-nouns-and-pronouns-gender-and-cases\">3. Substantive und Pronomen: Geschlecht und Kasus<\/h3>\n\n\n\n<p><a href=\"https:\/\/talkpal.ai\/de\/grammar\/allgemeine-substantive-in-der-walisischen-grammatik\/\">Walisische Substantive<\/a> haben ein grammatikalisches Geschlecht (m\u00e4nnlich oder weiblich) und k\u00f6nnen je nach Geschlecht unterschiedlichen Regeln f\u00fcr die Pluralbildung folgen. Zu den Pronomen im Walisischen geh\u00f6ren Personal-, Possessiv-, Reflex-, Demonstrativ- und <a href=\"https:\/\/talkpal.ai\/ar\/grammar_exercises\/interrogativpronomen-%d8%aa%d9%85%d8%a7%d8%b1%d9%8a%d9%86-%d9%84%d9%84%d9%82%d9%88%d8%a7%d8%b9%d8%af-%d8%a7%d9%84%d8%a3%d9%84%d9%85%d8%a7%d9%86%d9%8a%d8%a9\/\">Interrogativpronomen<\/a>. Wenn Sie sich mit diesen Pronomen und ihren Formen vertraut machen, wird Ihr Verst\u00e4ndnis der walisischen Grammatik erheblich verbessert.<\/p>\n\n\n\n<h3 class=\"wp-block-heading\" id=\"h-4-verbs-structure-and-conjugation\">4. Verben: Struktur und Konjugation<\/h3>\n\n\n\n<p>Walisische Verben folgen einer einzigartigen Struktur und einem einzigartigen Konjugationsmuster, je nach Zeitform, Stimmung und Person. Die wesentlichen <a href=\"https:\/\/talkpal.ai\/zh-hans\/grammar_exercises\/zeitformen-%e5%be%b7%e5%9b%bd%e8%af%ad%e6%b3%95%e7%bb%83%e4%b9%a0\/\">Zeitformen<\/a> im Walisischen sind Gegenwart, Vergangenheit und Zukunft, mit zus\u00e4tzlichen Elementen wie Konditional- und Imperativstimmungen. Das Erlernen der Regeln f\u00fcr die Konjugation von Verben verbessert Ihre F\u00e4higkeit, effektiv auf Walisisch zu kommunizieren.<\/p>\n\n\n\n<h3 class=\"wp-block-heading\" id=\"h-5-adjectives-agreement-and-placement\">5. Adjektive: Vereinbarung und Platzierung<\/h3>\n\n\n\n<p>In der walisischen Grammatik folgen Adjektive in der Regel dem Substantiv, das sie modifizieren, und sollten in der Anzahl mit dem Substantiv \u00fcbereinstimmen. Einige Adjektive im Walisischen weisen unregelm\u00e4\u00dfige Vergleichs- und Superlativformen auf, die wesentlich sind, um zu lernen, nat\u00fcrlicher zu kommunizieren.<\/p>\n\n\n\n<p><strong>Beispiele:<\/strong><\/p>\n\n\n\n<p><strong>&#8211; cariad mawr (gro\u00dfe Liebe)<\/strong><\/p>\n\n\n\n<p><strong>&#8211; Pflanze Bach (kleine Kinder)<\/strong><\/p>\n\n\n\n<h3 class=\"wp-block-heading\" id=\"h-6-engaging-with-the-language\">6. Sich mit der Sprache besch\u00e4ftigen<\/h3>\n\n\n\n<p>Der effektivste Weg, die walisische Grammatik vollst\u00e4ndig zu verstehen und zu verinnerlichen, besteht darin, sich konsequent mit der Sprache auseinanderzusetzen. Durch das Lesen walisischer Literatur, das Anschauen walisischer Filme oder Fernsehserien und die aktive Kommunikation mit Muttersprachlern vertiefen Sie Ihr Verst\u00e4ndnis der Grammatik und erweitern gleichzeitig Ihren Wortschatz.<\/p>\n\n\n\n<h3 class=\"wp-block-heading\" id=\"h-conclusion\">Schlussfolgerung<\/h3>\n\n\n\n<p>Obwohl die walisische Grammatik kompliziert erscheinen mag, k\u00f6nnen Sie diese sch\u00f6ne Sprache mit Hingabe, \u00dcbung und Begeisterung beherrschen. Indem Sie sich auf die grundlegenden Regeln konzentrieren und sich mit der Sprache in verschiedenen Kontexten auseinandersetzen, werden Sie Ihre walisischen <a href=\"https:\/\/talkpal.ai\/de\/grammatik\/\">Grammatikkenntnisse<\/a> schnell verbessern. Pob lwc (viel Gl\u00fcck) auf deiner walisischen Sprachreise und genie\u00dfe es, die r\u00e4tselhafte und doch fesselnde Welt der walisischen Grammatik zu entr\u00e4tseln!<\/p>\n<\/div><\/div>\n\r\n<section class=\"learnNavigationSection\">\r\n            \r\n        <a href=\"https:\/\/talkpal.ai\/de\/walisisch-lernen\/\">\r\n            <div class=\"learnNavigationWrapper\">\r\n                <div class=\"learnNavigationContent\">\r\n                    <img decoding=\"async\" src=\"https:\/\/talkpal.ai\/wp-content\/uploads\/2024\/08\/Welsh.jpg\" alt=\"Welsh Flag\">\r\n                    <div>\r\n                        <h4>\u00dcber Walisisch lernen<\/h4>\r\n                        <p>Erfahren Sie alles \u00fcber die walisische Grammatik.<\/p>\r\n                    <\/div>\r\n                <\/div>\r\n            <\/div>\r\n        <\/a>\r\n\r\n        \r\n        <a href=\"https:\/\/talkpal.ai\/de\/walisische-grammatikuebungen\/\">\r\n            <div class=\"learnNavigationWrapper\">\r\n                <div class=\"learnNavigationContent\">\r\n                    <img decoding=\"async\" src=\"https:\/\/talkpal.ai\/wp-content\/uploads\/2024\/08\/Welsh.jpg\" alt=\"Welsh Flag\">\r\n                    <div>\r\n                        <h4>\u00dcbung zur walisischen Grammatik<\/h4>\r\n                        <p>\u00dcbe die walisische Grammatik .<\/p>\r\n                    <\/div>\r\n                <\/div>\r\n            <\/div>\r\n        <\/a>\r\n\r\n        \r\n        <a href=\"https:\/\/talkpal.ai\/vocabulary_language\/welsh\/\">\r\n            <div class=\"learnNavigationWrapper\">\r\n                <div class=\"learnNavigationContent\">\r\n                    <img decoding=\"async\" src=\"https:\/\/talkpal.ai\/wp-content\/uploads\/2024\/08\/Welsh.jpg\" alt=\"Welsh Flag\">\r\n                    <div>\r\n                        <h4>Walisisch Vokabeln<\/h4>\r\n                        <p>Erweitern Sie Ihren walisischen Wortschatz.<\/p>\r\n                    <\/div>\r\n                <\/div>\r\n            <\/div>\r\n        <\/a>\r\n\r\n            <\/section>","protected":false},"excerpt":{"rendered":"<p>Navigieren durch die Feinheiten der walisischen Grammatik Walisisch, eine bretonisch-keltische Sprache mit reicher Geschichte und kultureller Bedeutung, bietet eine aufregende linguistische Erfahrung f\u00fcr diejenigen, die ihr einzigartiges Grammatiksystem erkunden m\u00f6chten. Wenn Sie sich in das Reich des Walisischen wagen, werden Sie nicht nur Ihr sprachliches Repertoire bereichern, sondern auch eine faszinierende kulturelle Reise antreten. Die [&hellip;]<\/p>\n","protected":false},"author":1,"featured_media":28797,"parent":0,"menu_order":0,"comment_status":"closed","ping_status":"closed","template":"LearningContentPage.php","meta":{"_acf_changed":false,"footnotes":""},"class_list":["post-73830","page","type-page","status-publish","has-post-thumbnail","hentry"],"acf":[],"yoast_head":"<!-- This site is optimized with the Yoast SEO Premium plugin v27.2 (Yoast SEO v27.2) - https:\/\/yoast.com\/product\/yoast-seo-premium-wordpress\/ -->\n<title>Walisische Grammatik - Talkpal<\/title>\n<meta name=\"description\" content=\"Erforschen Sie die Feinheiten der walisischen Grammatik und entschl\u00fcsseln Sie die Geheimnisse dieser einzigartigen keltischen Sprache. Beginnen Sie Ihre Reise noch heute.\" \/>\n<meta name=\"robots\" content=\"index, follow, max-snippet:-1, max-image-preview:large, max-video-preview:-1\" \/>\n<link rel=\"canonical\" href=\"https:\/\/talkpal.ai\/de\/walisische-grammatik\/\" \/>\n<meta property=\"og:locale\" content=\"de_DE\" \/>\n<meta property=\"og:type\" content=\"article\" \/>\n<meta property=\"og:title\" content=\"Walisische Grammatik\" \/>\n<meta property=\"og:description\" content=\"Navigieren durch die Feinheiten der walisischen Grammatik Walisisch, eine bretonisch-keltische Sprache mit reicher Geschichte und kultureller Bedeutung,\" \/>\n<meta property=\"og:url\" content=\"https:\/\/talkpal.ai\/de\/walisische-grammatik\/\" \/>\n<meta property=\"og:site_name\" content=\"Talkpal\" \/>\n<meta property=\"article:publisher\" content=\"https:\/\/www.facebook.com\/profile.php?id=100090733639311\" \/>\n<meta property=\"article:modified_time\" content=\"2025-12-12T10:59:38+00:00\" \/>\n<meta property=\"og:image\" content=\"https:\/\/talkpal.ai\/wp-content\/uploads\/2023\/05\/Wales.png\" \/>\n\t<meta property=\"og:image:width\" content=\"512\" \/>\n\t<meta property=\"og:image:height\" content=\"512\" \/>\n\t<meta property=\"og:image:type\" content=\"image\/png\" \/>\n<meta name=\"twitter:card\" content=\"summary_large_image\" \/>\n<meta name=\"twitter:site\" content=\"@talkpalai\" \/>\n<meta name=\"twitter:label1\" content=\"Gesch\u00e4tzte Lesezeit\" \/>\n\t<meta name=\"twitter:data1\" content=\"3\u00a0Minuten\" \/>\n<script type=\"application\/ld+json\" class=\"yoast-schema-graph\">{\"@context\":\"https:\/\/schema.org\",\"@graph\":[{\"@type\":\"WebPage\",\"@id\":\"https:\/\/talkpal.ai\/de\/walisische-grammatik\/\",\"url\":\"https:\/\/talkpal.ai\/de\/walisische-grammatik\/\",\"name\":\"Walisische Grammatik - Talkpal\",\"isPartOf\":{\"@id\":\"https:\/\/talkpal.ai\/de\/#website\"},\"primaryImageOfPage\":{\"@id\":\"https:\/\/talkpal.ai\/de\/walisische-grammatik\/#primaryimage\"},\"image\":{\"@id\":\"https:\/\/talkpal.ai\/de\/walisische-grammatik\/#primaryimage\"},\"thumbnailUrl\":\"https:\/\/talkpal.ai\/wp-content\/uploads\/2023\/05\/Wales.png\",\"datePublished\":\"2023-05-14T14:20:51+00:00\",\"dateModified\":\"2025-12-12T10:59:38+00:00\",\"description\":\"Erforschen Sie die Feinheiten der walisischen Grammatik und entschl\u00fcsseln Sie die Geheimnisse dieser einzigartigen keltischen Sprache. Beginnen Sie Ihre Reise noch heute.\",\"breadcrumb\":{\"@id\":\"https:\/\/talkpal.ai\/de\/walisische-grammatik\/#breadcrumb\"},\"inLanguage\":\"de\",\"potentialAction\":[{\"@type\":\"ReadAction\",\"target\":[\"https:\/\/talkpal.ai\/de\/walisische-grammatik\/\"]}]},{\"@type\":\"ImageObject\",\"inLanguage\":\"de\",\"@id\":\"https:\/\/talkpal.ai\/de\/walisische-grammatik\/#primaryimage\",\"url\":\"https:\/\/talkpal.ai\/wp-content\/uploads\/2023\/05\/Wales.png\",\"contentUrl\":\"https:\/\/talkpal.ai\/wp-content\/uploads\/2023\/05\/Wales.png\",\"width\":512,\"height\":512},{\"@type\":\"BreadcrumbList\",\"@id\":\"https:\/\/talkpal.ai\/de\/walisische-grammatik\/#breadcrumb\",\"itemListElement\":[{\"@type\":\"ListItem\",\"position\":1,\"name\":\"Homepage\",\"item\":\"https:\/\/talkpal.ai\/de\/\"},{\"@type\":\"ListItem\",\"position\":2,\"name\":\"Walisische Grammatik\"}]},{\"@type\":\"WebSite\",\"@id\":\"https:\/\/talkpal.ai\/de\/#website\",\"url\":\"https:\/\/talkpal.ai\/de\/\",\"name\":\"Talkpal\",\"description\":\"AI Language Learning\",\"publisher\":{\"@id\":\"https:\/\/talkpal.ai\/de\/#organization\"},\"alternateName\":\"Talkpal AI\",\"potentialAction\":[{\"@type\":\"SearchAction\",\"target\":{\"@type\":\"EntryPoint\",\"urlTemplate\":\"https:\/\/talkpal.ai\/de\/?s={search_term_string}\"},\"query-input\":{\"@type\":\"PropertyValueSpecification\",\"valueRequired\":true,\"valueName\":\"search_term_string\"}}],\"inLanguage\":\"de\"},{\"@type\":\"Organization\",\"@id\":\"https:\/\/talkpal.ai\/de\/#organization\",\"name\":\"Talkpal, Inc.\",\"alternateName\":\"Talkpal AI\",\"url\":\"https:\/\/talkpal.ai\/de\/\",\"logo\":{\"@type\":\"ImageObject\",\"inLanguage\":\"de\",\"@id\":\"https:\/\/talkpal.ai\/de\/#\/schema\/logo\/image\/\",\"url\":\"https:\/\/talkpal.ai\/wp-content\/uploads\/2024\/03\/Talkpal-Logo-Icon.png\",\"contentUrl\":\"https:\/\/talkpal.ai\/wp-content\/uploads\/2024\/03\/Talkpal-Logo-Icon.png\",\"width\":2880,\"height\":2880,\"caption\":\"Talkpal, Inc.\"},\"image\":{\"@id\":\"https:\/\/talkpal.ai\/de\/#\/schema\/logo\/image\/\"},\"sameAs\":[\"https:\/\/www.facebook.com\/profile.php?id=100090733639311\",\"https:\/\/x.com\/talkpalai\",\"https:\/\/www.linkedin.com\/company\/talkpal\/\",\"https:\/\/www.youtube.com\/@TalkPal\/\",\"https:\/\/www.tiktok.com\/@talkpal\",\"https:\/\/www.instagram.com\/talkpal_ai\/\",\"https:\/\/www.crunchbase.com\/organization\/talkpal-9cde\",\"https:\/\/www.g2.com\/products\/talkpal-for-business\/\",\"https:\/\/www.trustpilot.com\/review\/talkpal.ai\",\"https:\/\/www.capterra.com\/p\/10006800\/TalkPal\/\"],\"description\":\"Talkpal is a language learning web and mobile education app, powered by the latest AI technologies, that provides engaging experiences to its customers in many different languages to help them improve their language skills. Users can chat about unlimited amount of topics with the app and use other modes to practice their language learning.\",\"email\":\"support@talkpal.ai\",\"legalName\":\"Talkpal, Inc.\",\"foundingDate\":\"2023-04-03\",\"duns\":\"118989042\",\"numberOfEmployees\":{\"@type\":\"QuantitativeValue\",\"minValue\":\"11\",\"maxValue\":\"50\"},\"publishingPrinciples\":\"https:\/\/talkpal.ai\/publishing-principles\/\",\"actionableFeedbackPolicy\":\"https:\/\/talkpal.ai\/actionable-feedback-policy\/\",\"correctionsPolicy\":\"https:\/\/talkpal.ai\/corrections-policy\/\",\"ethicsPolicy\":\"https:\/\/talkpal.ai\/ethics-policy\/\",\"diversityPolicy\":\"https:\/\/talkpal.ai\/diversity-policy\/\",\"diversityStaffingReport\":\"https:\/\/talkpal.ai\/diversity-policy\/\"}]}<\/script>\n<!-- \/ Yoast SEO Premium plugin. -->","yoast_head_json":{"title":"Walisische Grammatik - Talkpal","description":"Erforschen Sie die Feinheiten der walisischen Grammatik und entschl\u00fcsseln Sie die Geheimnisse dieser einzigartigen keltischen Sprache. Beginnen Sie Ihre Reise noch heute.","robots":{"index":"index","follow":"follow","max-snippet":"max-snippet:-1","max-image-preview":"max-image-preview:large","max-video-preview":"max-video-preview:-1"},"canonical":"https:\/\/talkpal.ai\/de\/walisische-grammatik\/","og_locale":"de_DE","og_type":"article","og_title":"Walisische Grammatik","og_description":"Navigieren durch die Feinheiten der walisischen Grammatik Walisisch, eine bretonisch-keltische Sprache mit reicher Geschichte und kultureller Bedeutung,","og_url":"https:\/\/talkpal.ai\/de\/walisische-grammatik\/","og_site_name":"Talkpal","article_publisher":"https:\/\/www.facebook.com\/profile.php?id=100090733639311","article_modified_time":"2025-12-12T10:59:38+00:00","og_image":[{"width":512,"height":512,"url":"https:\/\/talkpal.ai\/wp-content\/uploads\/2023\/05\/Wales.png","type":"image\/png"}],"twitter_card":"summary_large_image","twitter_site":"@talkpalai","twitter_misc":{"Gesch\u00e4tzte Lesezeit":"3\u00a0Minuten"},"schema":{"@context":"https:\/\/schema.org","@graph":[{"@type":"WebPage","@id":"https:\/\/talkpal.ai\/de\/walisische-grammatik\/","url":"https:\/\/talkpal.ai\/de\/walisische-grammatik\/","name":"Walisische Grammatik - Talkpal","isPartOf":{"@id":"https:\/\/talkpal.ai\/de\/#website"},"primaryImageOfPage":{"@id":"https:\/\/talkpal.ai\/de\/walisische-grammatik\/#primaryimage"},"image":{"@id":"https:\/\/talkpal.ai\/de\/walisische-grammatik\/#primaryimage"},"thumbnailUrl":"https:\/\/talkpal.ai\/wp-content\/uploads\/2023\/05\/Wales.png","datePublished":"2023-05-14T14:20:51+00:00","dateModified":"2025-12-12T10:59:38+00:00","description":"Erforschen Sie die Feinheiten der walisischen Grammatik und entschl\u00fcsseln Sie die Geheimnisse dieser einzigartigen keltischen Sprache. Beginnen Sie Ihre Reise noch heute.","breadcrumb":{"@id":"https:\/\/talkpal.ai\/de\/walisische-grammatik\/#breadcrumb"},"inLanguage":"de","potentialAction":[{"@type":"ReadAction","target":["https:\/\/talkpal.ai\/de\/walisische-grammatik\/"]}]},{"@type":"ImageObject","inLanguage":"de","@id":"https:\/\/talkpal.ai\/de\/walisische-grammatik\/#primaryimage","url":"https:\/\/talkpal.ai\/wp-content\/uploads\/2023\/05\/Wales.png","contentUrl":"https:\/\/talkpal.ai\/wp-content\/uploads\/2023\/05\/Wales.png","width":512,"height":512},{"@type":"BreadcrumbList","@id":"https:\/\/talkpal.ai\/de\/walisische-grammatik\/#breadcrumb","itemListElement":[{"@type":"ListItem","position":1,"name":"Homepage","item":"https:\/\/talkpal.ai\/de\/"},{"@type":"ListItem","position":2,"name":"Walisische Grammatik"}]},{"@type":"WebSite","@id":"https:\/\/talkpal.ai\/de\/#website","url":"https:\/\/talkpal.ai\/de\/","name":"Talkpal","description":"AI Language Learning","publisher":{"@id":"https:\/\/talkpal.ai\/de\/#organization"},"alternateName":"Talkpal AI","potentialAction":[{"@type":"SearchAction","target":{"@type":"EntryPoint","urlTemplate":"https:\/\/talkpal.ai\/de\/?s={search_term_string}"},"query-input":{"@type":"PropertyValueSpecification","valueRequired":true,"valueName":"search_term_string"}}],"inLanguage":"de"},{"@type":"Organization","@id":"https:\/\/talkpal.ai\/de\/#organization","name":"Talkpal, Inc.","alternateName":"Talkpal AI","url":"https:\/\/talkpal.ai\/de\/","logo":{"@type":"ImageObject","inLanguage":"de","@id":"https:\/\/talkpal.ai\/de\/#\/schema\/logo\/image\/","url":"https:\/\/talkpal.ai\/wp-content\/uploads\/2024\/03\/Talkpal-Logo-Icon.png","contentUrl":"https:\/\/talkpal.ai\/wp-content\/uploads\/2024\/03\/Talkpal-Logo-Icon.png","width":2880,"height":2880,"caption":"Talkpal, Inc."},"image":{"@id":"https:\/\/talkpal.ai\/de\/#\/schema\/logo\/image\/"},"sameAs":["https:\/\/www.facebook.com\/profile.php?id=100090733639311","https:\/\/x.com\/talkpalai","https:\/\/www.linkedin.com\/company\/talkpal\/","https:\/\/www.youtube.com\/@TalkPal\/","https:\/\/www.tiktok.com\/@talkpal","https:\/\/www.instagram.com\/talkpal_ai\/","https:\/\/www.crunchbase.com\/organization\/talkpal-9cde","https:\/\/www.g2.com\/products\/talkpal-for-business\/","https:\/\/www.trustpilot.com\/review\/talkpal.ai","https:\/\/www.capterra.com\/p\/10006800\/TalkPal\/"],"description":"Talkpal is a language learning web and mobile education app, powered by the latest AI technologies, that provides engaging experiences to its customers in many different languages to help them improve their language skills. Users can chat about unlimited amount of topics with the app and use other modes to practice their language learning.","email":"support@talkpal.ai","legalName":"Talkpal, Inc.","foundingDate":"2023-04-03","duns":"118989042","numberOfEmployees":{"@type":"QuantitativeValue","minValue":"11","maxValue":"50"},"publishingPrinciples":"https:\/\/talkpal.ai\/publishing-principles\/","actionableFeedbackPolicy":"https:\/\/talkpal.ai\/actionable-feedback-policy\/","correctionsPolicy":"https:\/\/talkpal.ai\/corrections-policy\/","ethicsPolicy":"https:\/\/talkpal.ai\/ethics-policy\/","diversityPolicy":"https:\/\/talkpal.ai\/diversity-policy\/","diversityStaffingReport":"https:\/\/talkpal.ai\/diversity-policy\/"}]}},"_links":{"self":[{"href":"https:\/\/talkpal.ai\/de\/wp-json\/wp\/v2\/pages\/73830","targetHints":{"allow":["GET"]}}],"collection":[{"href":"https:\/\/talkpal.ai\/de\/wp-json\/wp\/v2\/pages"}],"about":[{"href":"https:\/\/talkpal.ai\/de\/wp-json\/wp\/v2\/types\/page"}],"author":[{"embeddable":true,"href":"https:\/\/talkpal.ai\/de\/wp-json\/wp\/v2\/users\/1"}],"replies":[{"embeddable":true,"href":"https:\/\/talkpal.ai\/de\/wp-json\/wp\/v2\/comments?post=73830"}],"version-history":[{"count":0,"href":"https:\/\/talkpal.ai\/de\/wp-json\/wp\/v2\/pages\/73830\/revisions"}],"wp:featuredmedia":[{"embeddable":true,"href":"https:\/\/talkpal.ai\/de\/wp-json\/wp\/v2\/media\/28797"}],"wp:attachment":[{"href":"https:\/\/talkpal.ai\/de\/wp-json\/wp\/v2\/media?parent=73830"}],"curies":[{"name":"wp","href":"https:\/\/api.w.org\/{rel}","templated":true}]}}