{"id":73814,"date":"2023-05-14T14:04:48","date_gmt":"2023-05-14T14:04:48","guid":{"rendered":"http:\/\/talkpal.ai\/hebraeische-grammatik\/"},"modified":"2025-12-13T15:39:57","modified_gmt":"2025-12-13T15:39:57","slug":"hebraeische-grammatik","status":"publish","type":"page","link":"https:\/\/talkpal.ai\/de\/hebraeische-grammatik\/","title":{"rendered":"Hebr\u00e4ische Grammatik"},"content":{"rendered":"\r\n\r\n\r\n<section class=\"languageChallengeSection\">\r\n    <div class=\"languageInfoWrapper\">\r\n        \r\n        <h1>Hebr\u00e4ische Grammatik<\/h1>\r\n        <p>Lernen Sie die hebr\u00e4ische <a href=\"https:\/\/talkpal.ai\/fr\/les\/\">Grammatik<\/a> und entschl\u00fcsseln Sie die Geheimnisse einer Sprache mit tiefen historischen Wurzeln und moderner Bedeutung. Nehmen Sie die Herausforderung an und verbinden Sie sich mit einer lebendigen Kultur durch die Sch\u00f6nheit der hebr\u00e4ischen Grammatik!<\/p>\r\n\r\n                            <a class=\"getStartedHidden\" href=\"https:\/\/app.talkpal.ai\/de\/signup?lng=\">Leg los<\/a>\r\n        \r\n    <\/div>\r\n\r\n    <figure>\r\n    <img decoding=\"async\" width=\"768\" height=\"768\" src=\"https:\/\/talkpal.ai\/wp-content\/uploads\/2023\/06\/hebrew-768x768.png\" class=\"languageImage no-lazy\" alt=\"Default alt text\" fetchpriority=\"high\" sizes=\"(max-width: 768px) 150px, 768px\" srcset=\"https:\/\/talkpal.ai\/wp-content\/uploads\/2023\/06\/hebrew-768x768.png 768w, https:\/\/talkpal.ai\/wp-content\/uploads\/2023\/06\/hebrew-300x300.png 300w\" \/>\r\n    \r\n\r\n    <\/figure>\r\n\r\n            <a class=\"getStartedVisible\" href=\"https:\/\/app.talkpal.ai\/de\/signup?lng=\">Leg los<\/a>\r\n    \r\n<\/section>\r\n        <section class=\"grammarSection\">\r\n            <div class=\"grammarLinks\">\r\n                <a href=\"https:\/\/talkpal.ai\/de\/language\/adjektive-hebraeische-grammatik\/\">Adjektive <\/a><a href=\"https:\/\/talkpal.ai\/de\/language\/adverbien-hebraeische-grammatik\/\">Adverbien <\/a><a href=\"https:\/\/talkpal.ai\/de\/language\/artikel-hebraeische-grammatik\/\">Artikel <\/a><a href=\"https:\/\/talkpal.ai\/de\/language\/konditionale-hebraeische-grammatik\/\">Konditionale <\/a><a href=\"https:\/\/talkpal.ai\/de\/language\/perfekt-progressiv-hebraeische-grammatik\/\">Perfekt Progressiv <\/a><a href=\"https:\/\/talkpal.ai\/de\/language\/praepositionen-hebraeische-grammatik\/\">Pr\u00e4positionen <\/a><a href=\"https:\/\/talkpal.ai\/de\/language\/progressiv-hebraeische-grammatik\/\">Progressiv <\/a><a href=\"https:\/\/talkpal.ai\/de\/language\/pronomen-determinanten-hebraeische-grammatik\/\">Pronomen\/Determinanten <\/a><a href=\"https:\/\/talkpal.ai\/de\/language\/saetze-hebraeische-grammatik\/\">S\u00e4tze <\/a><a href=\"https:\/\/talkpal.ai\/de\/language\/substantive-hebraeische-grammatik\/\">Substantive <\/a><a href=\"https:\/\/talkpal.ai\/de\/language\/verben-hebraeische-grammatik\/\">Verben <\/a><a href=\"https:\/\/talkpal.ai\/de\/language\/zeitformen-hebraeische-grammatik\/\">Zeitformen <\/a><a href=\"https:\/\/talkpal.ai\/de\/language\/zeitvergleich-hebraeische-grammatik\/\">Zeitvergleich <\/a>            <\/div>\r\n        <\/section>\r\n    <section class=\"promotionalBanner\">\r\n    <p class=\"promotionalText\">Der effizienteste Weg, eine Sprache zu lernen<\/p>\r\n    <a class=\"promotionalLink\" href=\"https:\/\/app.talkpal.ai\/de\/signup?lng=\">Talkpal kostenlos<\/a>\r\n<\/section>\n<div class=\"wp-block-group pageContainerStyle\"><div class=\"wp-block-group__inner-container is-layout-constrained wp-block-group-is-layout-constrained\">\n<h2 class=\"wp-block-heading\" id=\"h-mastering-hebrew-grammar-your-ultimate-guide\">Beherrschung der hebr\u00e4ischen Grammatik: Ihr ultimativer Leitfaden<\/h2>\n\n\n\n<p>Shalom, <a href=\"https:\/\/talkpal.ai\/talkpal-discount-for-language-enthusiasts\/\">Sprachbegeisterte<\/a>! Sind Sie bereit, in die faszinierende Welt der hebr\u00e4ischen Grammatik einzutauchen? Dann sind Sie bei uns genau richtig. Gef\u00fcllt mit leicht verst\u00e4ndlichen Informationen und einem Konversationston f\u00fchrt Sie dieser Artikel durch das faszinierende Reich der hebr\u00e4ischen Grammatik. Schon bald werden Sie in der Lage sein, S\u00e4tze zu bilden und sich mit Muttersprachlern sinnvoll zu unterhalten. Beginnen Sie also Ihre Reise zur Beherrschung der hebr\u00e4ischen Grammatik!<\/p>\n\n\n\n<p><strong>Aber zuerst, warum hebr\u00e4ische Grammatik?<\/strong><\/p>\n\n\n\n<p>Wenn Sie <a href=\"https:\/\/talkpal.ai\/de\/hebraeisch-lernen\/\">Hebr\u00e4isch lernen<\/a>, ist eine solide Grammatikgrundlage unerl\u00e4sslich, um flie\u00dfend sprechen, lesen und schreiben zu k\u00f6nnen. W\u00e4hrend die <a href=\"https:\/\/talkpal.ai\/hebrew-grammar\/\">hebr\u00e4ische Grammatik<\/a> zun\u00e4chst komplex erscheinen kann, wird sie zug\u00e4nglicher, wenn sie in kleinere, \u00fcberschaubarere Teile zerlegt wird. Begeben wir uns also auf diese aufregende Reise!<\/p>\n\n\n\n<h3 class=\"wp-block-heading\" id=\"h-1-nouns-gender-and-number\">1. Substantive, Geschlecht und Zahl<\/h3>\n\n\n\n<p>Hebr\u00e4ische Substantive haben zwei Geschlechter \u2013 m\u00e4nnlich und weiblich \u2013 und k\u00f6nnen im Singular oder Plural stehen. Die Identifizierung des Geschlechts eines Substantivs bildet eine Grundlage f\u00fcr den korrekten Satzbau, da es sich auf andere Teile der Sprache auswirkt, z. B. auf Verben und Adjektive.  <\/p>\n\n\n\n<p>Eine allgemeine Faustregel: Wenn ein Substantiv auf &#8222;\u05d4&#8220; (hey) oder &#8222;\u05ea&#8220; (tav) endet, ist es in der Regel feminin. <a href=\"https:\/\/talkpal.ai\/culture\/what-is-the-difference-between-es-gibt-and-da-ist\/\">Es gibt<\/a> jedoch Ausnahmen, daher ist es wichtig, sich beim Erlernen von Vokabeln das Geschlecht der Substantive zu merken.<\/p>\n\n\n\n<p>Dar\u00fcber hinaus nehmen hebr\u00e4ische Substantive je nach Anzahl unterschiedliche Formen an. M\u00e4nnliche Substantive im Plural enden typischerweise auf &#8222;\u05d9\u05dd&#8220; (yim), w\u00e4hrend weibliche Substantive im Plural auf &#8222;\u05d5\u05ea&#8220; (ot) enden.<\/p>\n\n\n\n<h3 class=\"wp-block-heading\" id=\"h-2-adjectives-agreement-and-definite-articles\">2. Adjektive, \u00dcbereinstimmungen und bestimmte Artikel<\/h3>\n\n\n\n<p>Adjektive im Hebr\u00e4ischen m\u00fcssen in Geschlecht und Zahl mit dem Substantiv \u00fcbereinstimmen, das sie modifizieren. Um ein Adjektiv feminin zu machen, f\u00fcgen Sie ein &#8222;\u05d4&#8220; (hey) am Ende hinzu, wenn es nicht bereits eines hat. Um ein Adjektiv in den Plural zu setzen, folgen Sie dem gleichen Prinzip wie bei Substantiven: F\u00fcgen Sie &#8222;\u05d9\u05dd&#8220; f\u00fcr das Maskulinum und &#8222;\u05d5\u05ea&#8220; f\u00fcr das Femininum hinzu.<\/p>\n\n\n\n<p>Der bestimmte Artikel &#8222;der&#8220; lautet im Hebr\u00e4ischen &#8222;\u05d4&#8220; (hey) und wird als Pr\u00e4fix dem Substantiv oder Adjektiv hinzugef\u00fcgt. Zum Beispiel &#8222;\u05d4\u05e1\u05e4\u05e8&#8220; (haSefer &#8211; das Buch) oder &#8222;\u05d4\u05db\u05d3\u05d5\u05e8 \u05d4\u05d2\u05d3\u05d5\u05dc&#8220; (hakadur hagadol &#8211; der gro\u00dfe Ball).<\/p>\n\n\n\n<h3 class=\"wp-block-heading\" id=\"h-3-verbs-tense-and-conjugation\">3. Verben, Zeitform und Konjugation<\/h3>\n\n\n\n<p>Hebr\u00e4ische Verben spielen eine entscheidende Rolle in der Grammatik und sind in sieben Konjugationsgruppen unterteilt, die &#8222;binyanim&#8220; genannt werden. Jedes binyan hat Auswirkungen auf die Bedeutung und die Rolle des Verbs im Satz.<\/p>\n\n\n\n<p>Um Ihnen einen schnellen \u00dcberblick zu geben, lassen Sie uns das Pr\u00e4sens der regelm\u00e4\u00dfigen Verben besprechen:<\/p>\n\n\n\n<p><strong>&#8211; \u05d0\u05e0\u05d9 \u05e7\u05d5\u05e8\u05d0\/\u05ea (ani kore\/et &#8211; Ich lese, masc.\/fem.)<\/strong><\/p>\n\n\n\n<p><strong>&#8211; \u05d0\u05ea\/\u05d4 \u05e7\u05d5\u05e8\u05d0\/\u05ea (ata\/at kore\/et &#8211; Sie lesen, masc.\/fem.)<\/strong><\/p>\n\n\n\n<p><strong>&#8211; \u05d4\u05d5\u05d0\/\u05d4\u05d9\u05d0 \u05e7\u05d5\u05e8\u05d0\/\u05ea (hu\/hi kore\/et &#8211; er\/sie liest)<\/strong><\/p>\n\n\n\n<p>Denken Sie daran, dass dies erst der Anfang ist! Viele andere <a href=\"https:\/\/talkpal.ai\/zh-hans\/grammar_exercises\/zeitformen-%e5%be%b7%e5%9b%bd%e8%af%ad%e6%b3%95%e7%bb%83%e4%b9%a0\/\">Zeitformen<\/a>, <a href=\"https:\/\/talkpal.ai\/de\/grammar\/unregelmaessige-verben-in-der-deutschen-grammatik\/\">unregelm\u00e4\u00dfige Verben<\/a> und binyanische Komplexit\u00e4ten werden auftauchen, wenn du Fortschritte machst.<\/p>\n\n\n\n<h3 class=\"wp-block-heading\" id=\"h-4-pronouns-prepositions-and-more\">4. Pronomen, Pr\u00e4positionen und mehr!<\/h3>\n\n\n\n<p>Die hebr\u00e4ische Grammatik umfasst weitere Komponenten wie Pronomen (\u05d0\u05e0\u05d9, \u05d0\u05ea\u05d4, \u05d4\u05d5\u05d0, \u05d4\u05d9\u05d0, usw.), <a href=\"https:\/\/talkpal.ai\/ar\/grammar_exercises\/prapositionen-%d8%aa%d9%85%d8%a7%d8%b1%d9%8a%d9%86-%d9%84%d9%84%d9%82%d9%88%d8%a7%d8%b9%d8%af-%d8%a7%d9%84%d8%a3%d9%84%d9%85%d8%a7%d9%86%d9%8a%d8%a9\/\">Pr\u00e4positionen<\/a> (\u05d1, \u05dc, \u05de, \u05e2\u05dc, usw.) und idiomatische Ausdr\u00fccke. Jedes Element muss angegangen werden, um Hebr\u00e4isch flie\u00dfend sprechen zu k\u00f6nnen, also gehen Sie einen Schritt nach dem anderen an.<\/p>\n\n\n\n<p>Zusammenfassend l\u00e4sst sich sagen, dass es keine Abk\u00fcrzung gibt, um die hebr\u00e4ische Grammatik zu beherrschen. Es erfordert Beharrlichkeit, \u00dcbung und Geduld. Sobald Sie jedoch die Feinheiten der Sprache verstanden haben, werden Sie die Nuancen der hebr\u00e4ischen Konversation genie\u00dfen, die reiche Kultur und Geschichte erkunden und Ihre Wertsch\u00e4tzung f\u00fcr die Sprache vertiefen. \u05d1\u05d4\u05e6\u05dc\u05d7\u05d4 (behatzlacha &#8211; viel Gl\u00fcck)!<\/p>\n<\/div><\/div>\n\r\n<section class=\"learnNavigationSection\">\r\n            \r\n        <a href=\"https:\/\/talkpal.ai\/de\/hebraeisch-lernen\/\">\r\n            <div class=\"learnNavigationWrapper\">\r\n                <div class=\"learnNavigationContent\">\r\n                    <img decoding=\"async\" src=\"https:\/\/talkpal.ai\/wp-content\/uploads\/2024\/08\/Hebrew.jpg\" alt=\"Israel Flag\">\r\n                    <div>\r\n                        <h4>\u00dcber Hebr\u00e4isch lernen<\/h4>\r\n                        <p>Erfahren Sie alles \u00fcber die hebr\u00e4ische Grammatik.<\/p>\r\n                    <\/div>\r\n                <\/div>\r\n            <\/div>\r\n        <\/a>\r\n\r\n        \r\n        <a href=\"https:\/\/talkpal.ai\/de\/hebraeische-grammatikuebungen\/\">\r\n            <div class=\"learnNavigationWrapper\">\r\n                <div class=\"learnNavigationContent\">\r\n                    <img decoding=\"async\" src=\"https:\/\/talkpal.ai\/wp-content\/uploads\/2024\/08\/Hebrew.jpg\" alt=\"Israel Flag\">\r\n                    <div>\r\n                        <h4>\u00dcbung zur hebr\u00e4ischen Grammatik<\/h4>\r\n                        <p>\u00dcbe die hebr\u00e4ische Grammatik .<\/p>\r\n                    <\/div>\r\n                <\/div>\r\n            <\/div>\r\n        <\/a>\r\n\r\n        \r\n        <a href=\"https:\/\/talkpal.ai\/vocabulary_language\/hebrew\/\">\r\n            <div class=\"learnNavigationWrapper\">\r\n                <div class=\"learnNavigationContent\">\r\n                    <img decoding=\"async\" src=\"https:\/\/talkpal.ai\/wp-content\/uploads\/2024\/08\/Hebrew.jpg\" alt=\"Israel Flag\">\r\n                    <div>\r\n                        <h4>Hebr\u00e4isch Wortschatz<\/h4>\r\n                        <p>Erweitern Sie Ihren hebr\u00e4ischen Wortschatz.<\/p>\r\n                    <\/div>\r\n                <\/div>\r\n            <\/div>\r\n        <\/a>\r\n\r\n            <\/section>","protected":false},"excerpt":{"rendered":"<p>Beherrschung der hebr\u00e4ischen Grammatik: Ihr ultimativer Leitfaden Shalom, Sprachbegeisterte! Sind Sie bereit, in die faszinierende Welt der hebr\u00e4ischen Grammatik einzutauchen? Dann sind Sie bei uns genau richtig. Gef\u00fcllt mit leicht verst\u00e4ndlichen Informationen und einem Konversationston f\u00fchrt Sie dieser Artikel durch das faszinierende Reich der hebr\u00e4ischen Grammatik. Schon bald werden Sie in der Lage sein, S\u00e4tze [&hellip;]<\/p>\n","protected":false},"author":1,"featured_media":28397,"parent":0,"menu_order":0,"comment_status":"closed","ping_status":"closed","template":"LearningContentPage.php","meta":{"_acf_changed":false,"footnotes":""},"class_list":["post-73814","page","type-page","status-publish","has-post-thumbnail","hentry"],"acf":[],"yoast_head":"<!-- This site is optimized with the Yoast SEO Premium plugin v27.2 (Yoast SEO v27.2) - https:\/\/yoast.com\/product\/yoast-seo-premium-wordpress\/ -->\n<title>Hebr\u00e4ische Grammatik - Talkpal<\/title>\n<meta name=\"description\" content=\"Verbessern Sie selbstbewusst Ihre hebr\u00e4ische Grammatik - lernen Sie die wichtigsten Regeln, bilden Sie korrekte S\u00e4tze und kommunizieren Sie klar und deutlich mit Talkpalden einfachen KI-Lektionen.\" \/>\n<meta name=\"robots\" content=\"index, follow, max-snippet:-1, max-image-preview:large, max-video-preview:-1\" \/>\n<link rel=\"canonical\" href=\"https:\/\/talkpal.ai\/de\/hebraeische-grammatik\/\" \/>\n<meta property=\"og:locale\" content=\"de_DE\" \/>\n<meta property=\"og:type\" content=\"article\" \/>\n<meta property=\"og:title\" content=\"Hebr\u00e4ische Grammatik\" \/>\n<meta property=\"og:description\" content=\"Beherrschung der hebr\u00e4ischen Grammatik: Ihr ultimativer Leitfaden Shalom, Sprachbegeisterte! Sind Sie bereit, in die faszinierende Welt der hebr\u00e4ischen\" \/>\n<meta property=\"og:url\" content=\"https:\/\/talkpal.ai\/de\/hebraeische-grammatik\/\" \/>\n<meta property=\"og:site_name\" content=\"Talkpal\" \/>\n<meta property=\"article:publisher\" content=\"https:\/\/www.facebook.com\/profile.php?id=100090733639311\" \/>\n<meta property=\"article:modified_time\" content=\"2025-12-13T15:39:57+00:00\" \/>\n<meta property=\"og:image\" content=\"https:\/\/talkpal.ai\/wp-content\/uploads\/2023\/05\/israel.png\" \/>\n\t<meta property=\"og:image:width\" content=\"512\" \/>\n\t<meta property=\"og:image:height\" content=\"512\" \/>\n\t<meta property=\"og:image:type\" content=\"image\/png\" \/>\n<meta name=\"twitter:card\" content=\"summary_large_image\" \/>\n<meta name=\"twitter:site\" content=\"@talkpalai\" \/>\n<meta name=\"twitter:label1\" content=\"Gesch\u00e4tzte Lesezeit\" \/>\n\t<meta name=\"twitter:data1\" content=\"3\u00a0Minuten\" \/>\n<script type=\"application\/ld+json\" class=\"yoast-schema-graph\">{\"@context\":\"https:\/\/schema.org\",\"@graph\":[{\"@type\":\"WebPage\",\"@id\":\"https:\/\/talkpal.ai\/de\/hebraeische-grammatik\/\",\"url\":\"https:\/\/talkpal.ai\/de\/hebraeische-grammatik\/\",\"name\":\"Hebr\u00e4ische Grammatik - Talkpal\",\"isPartOf\":{\"@id\":\"https:\/\/talkpal.ai\/de\/#website\"},\"primaryImageOfPage\":{\"@id\":\"https:\/\/talkpal.ai\/de\/hebraeische-grammatik\/#primaryimage\"},\"image\":{\"@id\":\"https:\/\/talkpal.ai\/de\/hebraeische-grammatik\/#primaryimage\"},\"thumbnailUrl\":\"https:\/\/talkpal.ai\/wp-content\/uploads\/2023\/05\/israel.png\",\"datePublished\":\"2023-05-14T14:04:48+00:00\",\"dateModified\":\"2025-12-13T15:39:57+00:00\",\"description\":\"Verbessern Sie selbstbewusst Ihre hebr\u00e4ische Grammatik - lernen Sie die wichtigsten Regeln, bilden Sie korrekte S\u00e4tze und kommunizieren Sie klar und deutlich mit Talkpalden einfachen KI-Lektionen.\",\"breadcrumb\":{\"@id\":\"https:\/\/talkpal.ai\/de\/hebraeische-grammatik\/#breadcrumb\"},\"inLanguage\":\"de\",\"potentialAction\":[{\"@type\":\"ReadAction\",\"target\":[\"https:\/\/talkpal.ai\/de\/hebraeische-grammatik\/\"]}]},{\"@type\":\"ImageObject\",\"inLanguage\":\"de\",\"@id\":\"https:\/\/talkpal.ai\/de\/hebraeische-grammatik\/#primaryimage\",\"url\":\"https:\/\/talkpal.ai\/wp-content\/uploads\/2023\/05\/israel.png\",\"contentUrl\":\"https:\/\/talkpal.ai\/wp-content\/uploads\/2023\/05\/israel.png\",\"width\":512,\"height\":512},{\"@type\":\"BreadcrumbList\",\"@id\":\"https:\/\/talkpal.ai\/de\/hebraeische-grammatik\/#breadcrumb\",\"itemListElement\":[{\"@type\":\"ListItem\",\"position\":1,\"name\":\"Homepage\",\"item\":\"https:\/\/talkpal.ai\/de\/\"},{\"@type\":\"ListItem\",\"position\":2,\"name\":\"Hebr\u00e4ische Grammatik\"}]},{\"@type\":\"WebSite\",\"@id\":\"https:\/\/talkpal.ai\/de\/#website\",\"url\":\"https:\/\/talkpal.ai\/de\/\",\"name\":\"Talkpal\",\"description\":\"AI Language Learning\",\"publisher\":{\"@id\":\"https:\/\/talkpal.ai\/de\/#organization\"},\"alternateName\":\"Talkpal AI\",\"potentialAction\":[{\"@type\":\"SearchAction\",\"target\":{\"@type\":\"EntryPoint\",\"urlTemplate\":\"https:\/\/talkpal.ai\/de\/?s={search_term_string}\"},\"query-input\":{\"@type\":\"PropertyValueSpecification\",\"valueRequired\":true,\"valueName\":\"search_term_string\"}}],\"inLanguage\":\"de\"},{\"@type\":\"Organization\",\"@id\":\"https:\/\/talkpal.ai\/de\/#organization\",\"name\":\"Talkpal, Inc.\",\"alternateName\":\"Talkpal AI\",\"url\":\"https:\/\/talkpal.ai\/de\/\",\"logo\":{\"@type\":\"ImageObject\",\"inLanguage\":\"de\",\"@id\":\"https:\/\/talkpal.ai\/de\/#\/schema\/logo\/image\/\",\"url\":\"https:\/\/talkpal.ai\/wp-content\/uploads\/2024\/03\/Talkpal-Logo-Icon.png\",\"contentUrl\":\"https:\/\/talkpal.ai\/wp-content\/uploads\/2024\/03\/Talkpal-Logo-Icon.png\",\"width\":2880,\"height\":2880,\"caption\":\"Talkpal, Inc.\"},\"image\":{\"@id\":\"https:\/\/talkpal.ai\/de\/#\/schema\/logo\/image\/\"},\"sameAs\":[\"https:\/\/www.facebook.com\/profile.php?id=100090733639311\",\"https:\/\/x.com\/talkpalai\",\"https:\/\/www.linkedin.com\/company\/talkpal\/\",\"https:\/\/www.youtube.com\/@TalkPal\/\",\"https:\/\/www.tiktok.com\/@talkpal\",\"https:\/\/www.instagram.com\/talkpal_ai\/\",\"https:\/\/www.crunchbase.com\/organization\/talkpal-9cde\",\"https:\/\/www.g2.com\/products\/talkpal-for-business\/\",\"https:\/\/www.trustpilot.com\/review\/talkpal.ai\",\"https:\/\/www.capterra.com\/p\/10006800\/TalkPal\/\"],\"description\":\"Talkpal is a language learning web and mobile education app, powered by the latest AI technologies, that provides engaging experiences to its customers in many different languages to help them improve their language skills. Users can chat about unlimited amount of topics with the app and use other modes to practice their language learning.\",\"email\":\"support@talkpal.ai\",\"legalName\":\"Talkpal, Inc.\",\"foundingDate\":\"2023-04-03\",\"duns\":\"118989042\",\"numberOfEmployees\":{\"@type\":\"QuantitativeValue\",\"minValue\":\"11\",\"maxValue\":\"50\"},\"publishingPrinciples\":\"https:\/\/talkpal.ai\/publishing-principles\/\",\"actionableFeedbackPolicy\":\"https:\/\/talkpal.ai\/actionable-feedback-policy\/\",\"correctionsPolicy\":\"https:\/\/talkpal.ai\/corrections-policy\/\",\"ethicsPolicy\":\"https:\/\/talkpal.ai\/ethics-policy\/\",\"diversityPolicy\":\"https:\/\/talkpal.ai\/diversity-policy\/\",\"diversityStaffingReport\":\"https:\/\/talkpal.ai\/diversity-policy\/\"}]}<\/script>\n<!-- \/ Yoast SEO Premium plugin. -->","yoast_head_json":{"title":"Hebr\u00e4ische Grammatik - Talkpal","description":"Verbessern Sie selbstbewusst Ihre hebr\u00e4ische Grammatik - lernen Sie die wichtigsten Regeln, bilden Sie korrekte S\u00e4tze und kommunizieren Sie klar und deutlich mit Talkpalden einfachen KI-Lektionen.","robots":{"index":"index","follow":"follow","max-snippet":"max-snippet:-1","max-image-preview":"max-image-preview:large","max-video-preview":"max-video-preview:-1"},"canonical":"https:\/\/talkpal.ai\/de\/hebraeische-grammatik\/","og_locale":"de_DE","og_type":"article","og_title":"Hebr\u00e4ische Grammatik","og_description":"Beherrschung der hebr\u00e4ischen Grammatik: Ihr ultimativer Leitfaden Shalom, Sprachbegeisterte! Sind Sie bereit, in die faszinierende Welt der hebr\u00e4ischen","og_url":"https:\/\/talkpal.ai\/de\/hebraeische-grammatik\/","og_site_name":"Talkpal","article_publisher":"https:\/\/www.facebook.com\/profile.php?id=100090733639311","article_modified_time":"2025-12-13T15:39:57+00:00","og_image":[{"width":512,"height":512,"url":"https:\/\/talkpal.ai\/wp-content\/uploads\/2023\/05\/israel.png","type":"image\/png"}],"twitter_card":"summary_large_image","twitter_site":"@talkpalai","twitter_misc":{"Gesch\u00e4tzte Lesezeit":"3\u00a0Minuten"},"schema":{"@context":"https:\/\/schema.org","@graph":[{"@type":"WebPage","@id":"https:\/\/talkpal.ai\/de\/hebraeische-grammatik\/","url":"https:\/\/talkpal.ai\/de\/hebraeische-grammatik\/","name":"Hebr\u00e4ische Grammatik - Talkpal","isPartOf":{"@id":"https:\/\/talkpal.ai\/de\/#website"},"primaryImageOfPage":{"@id":"https:\/\/talkpal.ai\/de\/hebraeische-grammatik\/#primaryimage"},"image":{"@id":"https:\/\/talkpal.ai\/de\/hebraeische-grammatik\/#primaryimage"},"thumbnailUrl":"https:\/\/talkpal.ai\/wp-content\/uploads\/2023\/05\/israel.png","datePublished":"2023-05-14T14:04:48+00:00","dateModified":"2025-12-13T15:39:57+00:00","description":"Verbessern Sie selbstbewusst Ihre hebr\u00e4ische Grammatik - lernen Sie die wichtigsten Regeln, bilden Sie korrekte S\u00e4tze und kommunizieren Sie klar und deutlich mit Talkpalden einfachen KI-Lektionen.","breadcrumb":{"@id":"https:\/\/talkpal.ai\/de\/hebraeische-grammatik\/#breadcrumb"},"inLanguage":"de","potentialAction":[{"@type":"ReadAction","target":["https:\/\/talkpal.ai\/de\/hebraeische-grammatik\/"]}]},{"@type":"ImageObject","inLanguage":"de","@id":"https:\/\/talkpal.ai\/de\/hebraeische-grammatik\/#primaryimage","url":"https:\/\/talkpal.ai\/wp-content\/uploads\/2023\/05\/israel.png","contentUrl":"https:\/\/talkpal.ai\/wp-content\/uploads\/2023\/05\/israel.png","width":512,"height":512},{"@type":"BreadcrumbList","@id":"https:\/\/talkpal.ai\/de\/hebraeische-grammatik\/#breadcrumb","itemListElement":[{"@type":"ListItem","position":1,"name":"Homepage","item":"https:\/\/talkpal.ai\/de\/"},{"@type":"ListItem","position":2,"name":"Hebr\u00e4ische Grammatik"}]},{"@type":"WebSite","@id":"https:\/\/talkpal.ai\/de\/#website","url":"https:\/\/talkpal.ai\/de\/","name":"Talkpal","description":"AI Language Learning","publisher":{"@id":"https:\/\/talkpal.ai\/de\/#organization"},"alternateName":"Talkpal AI","potentialAction":[{"@type":"SearchAction","target":{"@type":"EntryPoint","urlTemplate":"https:\/\/talkpal.ai\/de\/?s={search_term_string}"},"query-input":{"@type":"PropertyValueSpecification","valueRequired":true,"valueName":"search_term_string"}}],"inLanguage":"de"},{"@type":"Organization","@id":"https:\/\/talkpal.ai\/de\/#organization","name":"Talkpal, Inc.","alternateName":"Talkpal AI","url":"https:\/\/talkpal.ai\/de\/","logo":{"@type":"ImageObject","inLanguage":"de","@id":"https:\/\/talkpal.ai\/de\/#\/schema\/logo\/image\/","url":"https:\/\/talkpal.ai\/wp-content\/uploads\/2024\/03\/Talkpal-Logo-Icon.png","contentUrl":"https:\/\/talkpal.ai\/wp-content\/uploads\/2024\/03\/Talkpal-Logo-Icon.png","width":2880,"height":2880,"caption":"Talkpal, Inc."},"image":{"@id":"https:\/\/talkpal.ai\/de\/#\/schema\/logo\/image\/"},"sameAs":["https:\/\/www.facebook.com\/profile.php?id=100090733639311","https:\/\/x.com\/talkpalai","https:\/\/www.linkedin.com\/company\/talkpal\/","https:\/\/www.youtube.com\/@TalkPal\/","https:\/\/www.tiktok.com\/@talkpal","https:\/\/www.instagram.com\/talkpal_ai\/","https:\/\/www.crunchbase.com\/organization\/talkpal-9cde","https:\/\/www.g2.com\/products\/talkpal-for-business\/","https:\/\/www.trustpilot.com\/review\/talkpal.ai","https:\/\/www.capterra.com\/p\/10006800\/TalkPal\/"],"description":"Talkpal is a language learning web and mobile education app, powered by the latest AI technologies, that provides engaging experiences to its customers in many different languages to help them improve their language skills. Users can chat about unlimited amount of topics with the app and use other modes to practice their language learning.","email":"support@talkpal.ai","legalName":"Talkpal, Inc.","foundingDate":"2023-04-03","duns":"118989042","numberOfEmployees":{"@type":"QuantitativeValue","minValue":"11","maxValue":"50"},"publishingPrinciples":"https:\/\/talkpal.ai\/publishing-principles\/","actionableFeedbackPolicy":"https:\/\/talkpal.ai\/actionable-feedback-policy\/","correctionsPolicy":"https:\/\/talkpal.ai\/corrections-policy\/","ethicsPolicy":"https:\/\/talkpal.ai\/ethics-policy\/","diversityPolicy":"https:\/\/talkpal.ai\/diversity-policy\/","diversityStaffingReport":"https:\/\/talkpal.ai\/diversity-policy\/"}]}},"_links":{"self":[{"href":"https:\/\/talkpal.ai\/de\/wp-json\/wp\/v2\/pages\/73814","targetHints":{"allow":["GET"]}}],"collection":[{"href":"https:\/\/talkpal.ai\/de\/wp-json\/wp\/v2\/pages"}],"about":[{"href":"https:\/\/talkpal.ai\/de\/wp-json\/wp\/v2\/types\/page"}],"author":[{"embeddable":true,"href":"https:\/\/talkpal.ai\/de\/wp-json\/wp\/v2\/users\/1"}],"replies":[{"embeddable":true,"href":"https:\/\/talkpal.ai\/de\/wp-json\/wp\/v2\/comments?post=73814"}],"version-history":[{"count":0,"href":"https:\/\/talkpal.ai\/de\/wp-json\/wp\/v2\/pages\/73814\/revisions"}],"wp:featuredmedia":[{"embeddable":true,"href":"https:\/\/talkpal.ai\/de\/wp-json\/wp\/v2\/media\/28397"}],"wp:attachment":[{"href":"https:\/\/talkpal.ai\/de\/wp-json\/wp\/v2\/media?parent=73814"}],"curies":[{"name":"wp","href":"https:\/\/api.w.org\/{rel}","templated":true}]}}