{"id":73789,"date":"2023-05-14T14:08:53","date_gmt":"2023-05-14T14:08:53","guid":{"rendered":"http:\/\/talkpal.ai\/ungarische-grammatik\/"},"modified":"2025-12-12T10:48:38","modified_gmt":"2025-12-12T10:48:38","slug":"ungarische-grammatik","status":"publish","type":"page","link":"https:\/\/talkpal.ai\/de\/ungarische-grammatik\/","title":{"rendered":"Ungarische Grammatik"},"content":{"rendered":"\r\n\r\n\r\n<section class=\"languageChallengeSection\">\r\n    <div class=\"languageInfoWrapper\">\r\n        \r\n        <h1>Ungarische Grammatik<\/h1>\r\n        <p>Sind Sie bereit, sich einer wirklich einzigartigen sprachlichen Herausforderung zu stellen? Tauchen Sie in die ungarische <a href=\"https:\/\/talkpal.ai\/fr\/les\/\">Grammatik<\/a> ein und entdecken Sie ihre bemerkenswerten Eigenschaften. Beginnen Sie noch heute mit dem Lernen und entdecken Sie, wie die Beherrschung der ungarischen Grammatik Ihnen die T\u00fcren zu bedeutungsvollen Gespr\u00e4chen und einer tiefen Wertsch\u00e4tzung des reichen ungarischen Spracherbes \u00f6ffnet!<\/p>\r\n\r\n                            <a class=\"getStartedHidden\" href=\"https:\/\/app.talkpal.ai\/de\/signup?lng=\">Leg los<\/a>\r\n        \r\n    <\/div>\r\n\r\n    <figure>\r\n    <img decoding=\"async\" width=\"768\" height=\"768\" src=\"https:\/\/talkpal.ai\/wp-content\/uploads\/2023\/06\/hungarian-768x768.png\" class=\"languageImage no-lazy\" alt=\"Default alt text\" fetchpriority=\"high\" sizes=\"(max-width: 768px) 150px, 768px\" srcset=\"https:\/\/talkpal.ai\/wp-content\/uploads\/2023\/06\/hungarian-768x768.png 768w, https:\/\/talkpal.ai\/wp-content\/uploads\/2023\/06\/hungarian-300x300.png 300w\" \/>\r\n    \r\n\r\n    <\/figure>\r\n\r\n            <a class=\"getStartedVisible\" href=\"https:\/\/app.talkpal.ai\/de\/signup?lng=\">Leg los<\/a>\r\n    \r\n<\/section>\r\n        <section class=\"grammarSection\">\r\n            <div class=\"grammarLinks\">\r\n                <a href=\"https:\/\/talkpal.ai\/de\/language\/adjektive-ungarische-grammatik\/\">Adjektive <\/a><a href=\"https:\/\/talkpal.ai\/de\/language\/adverbien-ungarische-grammatik\/\">Adverbien <\/a><a href=\"https:\/\/talkpal.ai\/de\/language\/artikel-ungarische-grammatik\/\">Artikel <\/a><a href=\"https:\/\/talkpal.ai\/de\/language\/konditionale-ungarische-grammatik\/\">Konditionale <\/a><a href=\"https:\/\/talkpal.ai\/de\/language\/perfekt-progressiv-ungarische-grammatik\/\">Perfekt Progressiv <\/a><a href=\"https:\/\/talkpal.ai\/de\/language\/praepositionen-ungarische-grammatik\/\">Pr\u00e4positionen <\/a><a href=\"https:\/\/talkpal.ai\/de\/language\/progressiv-ungarische-grammatik\/\">Progressiv <\/a><a href=\"https:\/\/talkpal.ai\/de\/language\/pronomen-determinanten-ungarische-grammatik\/\">Pronomen\/Determinanten <\/a><a href=\"https:\/\/talkpal.ai\/de\/language\/saetze-ungarische-grammatik\/\">S\u00e4tze <\/a><a href=\"https:\/\/talkpal.ai\/de\/language\/substantive-ungarische-grammatik\/\">Substantive <\/a><a href=\"https:\/\/talkpal.ai\/de\/language\/verben-ungarische-grammatik\/\">Verben <\/a><a href=\"https:\/\/talkpal.ai\/de\/language\/zeitformen-ungarische-grammatik\/\">Zeitformen <\/a><a href=\"https:\/\/talkpal.ai\/de\/language\/zeitvergleich-ungarische-grammatik\/\">Zeitvergleich <\/a>            <\/div>\r\n        <\/section>\r\n    <section class=\"promotionalBanner\">\r\n    <p class=\"promotionalText\">Der effizienteste Weg, eine Sprache zu lernen<\/p>\r\n    <a class=\"promotionalLink\" href=\"https:\/\/app.talkpal.ai\/de\/signup?lng=\">Talkpal kostenlos<\/a>\r\n<\/section>\n<div class=\"wp-block-group pageContainerStyle\"><div class=\"wp-block-group__inner-container is-layout-constrained wp-block-group-is-layout-constrained\">\n<h2 class=\"wp-block-heading\" id=\"h-title-unlocking-the-secrets-of-hungarian-grammar\">Titel: Die Geheimnisse der ungarischen Grammatik entschl\u00fcsseln<\/h2>\n\n\n\n<p><a href=\"https:\/\/talkpal.ai\/learn-hungarian\/\">Ungarisch<\/a>, eine finno-ugrische Sprache, zeichnet sich durch ihr einzigartiges Grammatiksystem aus, was sie zu einer spannenden Herausforderung f\u00fcr <a href=\"https:\/\/talkpal.ai\/talkpal-discount-for-language-enthusiasts\/\">Sprachbegeisterte<\/a> macht. Das Erlernen der ungarischen Sprache erweitert <a href=\"https:\/\/talkpal.ai\/culture\/how-do-i-use-the-word-nicht-nur-sondern-auch\/\">nicht nur<\/a> Ihre Sprachkenntnisse, sondern erm\u00f6glicht es Ihnen auch, in die faszinierende Kultur und Geschichte Ungarns einzutauchen. W\u00e4hrend die <a href=\"https:\/\/talkpal.ai\/de\/grammar\/zweiter-konditional-in-der-ungarischen-grammatik\/\">ungarische Grammatik<\/a> zun\u00e4chst einsch\u00fcchternd erscheinen mag, macht die Aufteilung in \u00fcberschaubare Komponenten den Lernprozess zug\u00e4nglicher. In diesem Artikel f\u00fchren wir Sie in die faszinierende Welt der ungarischen Grammatik ein und geben Ihnen eine Anleitung, wie Sie ihre Komplexit\u00e4t meistern k\u00f6nnen.<\/p>\n\n\n\n<h3 class=\"wp-block-heading\" id=\"h-1-word-order-a-flexible-feature\">1. Wortstellung: eine flexible Funktion<\/h3>\n\n\n\n<p>Im Gegensatz zu vielen anderen Sprachen hat das Ungarische eine relativ flexible Wortstellung. W\u00e4hrend der typische ungarische Satz dem Subjekt-Verb-Objekt-Muster (SVO) folgt, sind auch andere Wortstellungen \u00fcblich und werden verwendet, um verschiedene Teile des Satzes hervorzuheben. Wenn Sie sich mit diesen Variationen vertraut machen, k\u00f6nnen Sie ungarische S\u00e4tze besser verstehen und konstruieren.<\/p>\n\n\n\n<h3 class=\"wp-block-heading\" id=\"h-2-nouns-and-cases-the-role-of-suffixes\">2. Substantive und Kasus: Die Rolle der Suffixe<\/h3>\n\n\n\n<p>Ungarische Substantive haben kein grammatikalisches Geschlecht, was den Satzbau vereinfacht. Substantive und andere Wortarten in der ungarischen Grammatik verwenden jedoch eine F\u00fclle von Suffixen, um F\u00e4lle, Besitz und Pluralit\u00e4t anzuzeigen. Das Erlernen dieser Suffixe und ihrer Verwendung wird Ihre F\u00e4higkeit, auf Ungarisch zu kommunizieren, erheblich verbessern.<\/p>\n\n\n\n<p>Beispiele:<\/p>\n\n\n\n<p><strong>&#8211; h\u00e1z (Haus) &#8211; h\u00e1zak (H\u00e4user)<\/strong><\/p>\n\n\n\n<p><strong>&#8211; h\u00e1zban (im Haus) &#8211; h\u00e1zakban (in den H\u00e4usern)<\/strong><\/p>\n\n\n\n<h3 class=\"wp-block-heading\" id=\"h-3-verbs-conjugation-and-tense\">3. Verben: Konjugation und Zeitform<\/h3>\n\n\n\n<p>Ungarische Verben werden nach Zeitform, Stimmung, Subjekt und Bestimmtheit konjugiert. Obwohl es im Ungarischen mehrere <a href=\"https:\/\/talkpal.ai\/zh-hans\/grammar_exercises\/zeitformen-%e5%be%b7%e5%9b%bd%e8%af%ad%e6%b3%95%e7%bb%83%e4%b9%a0\/\">Zeitformen<\/a> gibt, ist das Erlernen der drei wichtigsten Zeitformen &#8211; Gegenwart, Vergangenheit und Zukunft &#8211; ein guter Ausgangspunkt. Machen Sie sich mit regelm\u00e4\u00dfigen Konjugationsmustern von Verben vertraut und lernen Sie h\u00e4ufige <a href=\"https:\/\/talkpal.ai\/de\/grammar\/unregelmaessige-verben-in-der-deutschen-grammatik\/\">unregelm\u00e4\u00dfige Verben<\/a>, um Ihre verbalen Kommunikationsf\u00e4higkeiten zu verbessern.<\/p>\n\n\n\n<h3 class=\"wp-block-heading\" id=\"h-4-adjectives-agreement-and-placement\">4. Adjektive: Vereinbarung und Platzierung<\/h3>\n\n\n\n<p>In der ungarischen Grammatik m\u00fcssen Adjektive mit dem Substantiv \u00fcbereinstimmen, das sie in Bezug auf die Zahl (Singular oder Plural) modifizieren. Adjektive m\u00fcssen jedoch nicht mit dem Substantiv f\u00fcr die grammatikalische Gro\u00df- und Kleinschreibung \u00fcbereinstimmen. Adjektive stehen in der Regel vor dem Substantiv und bieten einen beschreibenden Kontext f\u00fcr den Satz.<\/p>\n\n\n\n<p>Beispiele:<\/p>\n\n\n\n<p><strong>&#8211; piros alma (roter Apfel)<\/strong><\/p>\n\n\n\n<p><strong>&#8211; sz\u00e9p vir\u00e1gok (sch\u00f6ne Blumen)<\/strong><\/p>\n\n\n\n<h3 class=\"wp-block-heading\" id=\"h-5-vowel-harmony-a-unique-feature\">5. Vokalharmonie: Ein Alleinstellungsmerkmal<\/h3>\n\n\n\n<p>Eine Besonderheit der ungarischen Grammatik ist die Vokalharmonie, die die \u00dcbereinstimmung von Vokalen innerhalb von W\u00f6rtern beinhaltet. Die Vokalharmonie beeinflusst die Art und Weise, wie Suffixe gebildet und an W\u00f6rter angeh\u00e4ngt werden. Wenn Sie die Vokalharmonie verstehen und \u00fcben, wird Ihr geschriebenes und gesprochenes Ungarisch genauer und nat\u00fcrlicher.<\/p>\n\n\n\n<h3 class=\"wp-block-heading\" id=\"h-6-engaging-with-the-language\">6. Sich mit der Sprache besch\u00e4ftigen<\/h3>\n\n\n\n<p>Der effektivste Weg, die ungarische Grammatik vollst\u00e4ndig zu erfassen und zu verinnerlichen, besteht darin, sich konsequent mit der Sprache auseinanderzusetzen. Durch die Lekt\u00fcre ungarischer Literatur, das Anschauen von muttersprachlichen Filmen oder die aktive Konversation mit Muttersprachlern st\u00e4rken Sie Ihr Verst\u00e4ndnis der Grammatik und erweitern gleichzeitig Ihren Wortschatz.<\/p>\n\n\n\n<h3 class=\"wp-block-heading\" id=\"h-conclusion\">Schlussfolgerung<\/h3>\n\n\n\n<p>Auch wenn die ungarische Grammatik komplex erscheinen mag, wird es Ihnen helfen, diese faszinierende Sprache zu beherrschen, wenn Sie sich ihr Schritt f\u00fcr Schritt n\u00e4hern und konsequent \u00fcben. Nehmen Sie die Herausforderung an, wenn Sie sich auf Ihre Reise in die ungarische Sprache begeben, und Sie werden sich bald sicher in den Feinheiten der Grammatik zurechtfinden. Viel Spa\u00df beim Lernen und viel Spa\u00df beim Erkunden der Wunder der ungarischen Grammatik!<\/p>\n<\/div><\/div>\n\r\n<section class=\"learnNavigationSection\">\r\n            \r\n        <a href=\"https:\/\/talkpal.ai\/de\/ungarisch-lernen\/\">\r\n            <div class=\"learnNavigationWrapper\">\r\n                <div class=\"learnNavigationContent\">\r\n                    <img decoding=\"async\" src=\"https:\/\/talkpal.ai\/wp-content\/uploads\/2024\/08\/Hungarian.jpg\" alt=\"Hungarian Flag\">\r\n                    <div>\r\n                        <h4>\u00dcber Ungarisch lernen<\/h4>\r\n                        <p>Erfahren Sie alles \u00fcber die ungarische Grammatik.<\/p>\r\n                    <\/div>\r\n                <\/div>\r\n            <\/div>\r\n        <\/a>\r\n\r\n        \r\n        <a href=\"https:\/\/talkpal.ai\/de\/ungarische-grammatikuebungen\/\">\r\n            <div class=\"learnNavigationWrapper\">\r\n                <div class=\"learnNavigationContent\">\r\n                    <img decoding=\"async\" src=\"https:\/\/talkpal.ai\/wp-content\/uploads\/2024\/08\/Hungarian.jpg\" alt=\"Hungarian Flag\">\r\n                    <div>\r\n                        <h4>\u00dcbung zur ungarischen Grammatik<\/h4>\r\n                        <p>\u00dcbe die ungarische Grammatik .<\/p>\r\n                    <\/div>\r\n                <\/div>\r\n            <\/div>\r\n        <\/a>\r\n\r\n        \r\n        <a href=\"https:\/\/talkpal.ai\/vocabulary_language\/hungarian\/\">\r\n            <div class=\"learnNavigationWrapper\">\r\n                <div class=\"learnNavigationContent\">\r\n                    <img decoding=\"async\" src=\"https:\/\/talkpal.ai\/wp-content\/uploads\/2024\/08\/Hungarian.jpg\" alt=\"Hungarian Flag\">\r\n                    <div>\r\n                        <h4>Ungarischer Wortschatz<\/h4>\r\n                        <p>Erweitern Sie Ihren ungarischen Wortschatz.<\/p>\r\n                    <\/div>\r\n                <\/div>\r\n            <\/div>\r\n        <\/a>\r\n\r\n            <\/section>","protected":false},"excerpt":{"rendered":"<p>Titel: Die Geheimnisse der ungarischen Grammatik entschl\u00fcsseln Ungarisch, eine finno-ugrische Sprache, zeichnet sich durch ihr einzigartiges Grammatiksystem aus, was sie zu einer spannenden Herausforderung f\u00fcr Sprachbegeisterte macht. Das Erlernen der ungarischen Sprache erweitert nicht nur Ihre Sprachkenntnisse, sondern erm\u00f6glicht es Ihnen auch, in die faszinierende Kultur und Geschichte Ungarns einzutauchen. W\u00e4hrend die ungarische Grammatik zun\u00e4chst [&hellip;]<\/p>\n","protected":false},"author":1,"featured_media":28349,"parent":0,"menu_order":0,"comment_status":"closed","ping_status":"closed","template":"LearningContentPage.php","meta":{"_acf_changed":false,"footnotes":""},"class_list":["post-73789","page","type-page","status-publish","has-post-thumbnail","hentry"],"acf":[],"yoast_head":"<!-- This site is optimized with the Yoast SEO Premium plugin v27.2 (Yoast SEO v27.2) - https:\/\/yoast.com\/product\/yoast-seo-premium-wordpress\/ -->\n<title>Ungarische Grammatik - Talkpal<\/title>\n<meta name=\"description\" content=\"Beherrschen Sie die ungarische Grammatik - lernen Sie Grammatikregeln und \u00fcben Sie das Bilden von S\u00e4tzen. Erhalten Sie hilfreiche Anleitung von Talkpal AI.\" \/>\n<meta name=\"robots\" content=\"index, follow, max-snippet:-1, max-image-preview:large, max-video-preview:-1\" \/>\n<link rel=\"canonical\" href=\"https:\/\/talkpal.ai\/de\/ungarische-grammatik\/\" \/>\n<meta property=\"og:locale\" content=\"de_DE\" \/>\n<meta property=\"og:type\" content=\"article\" \/>\n<meta property=\"og:title\" content=\"Ungarische Grammatik\" \/>\n<meta property=\"og:description\" content=\"Titel: Die Geheimnisse der ungarischen Grammatik entschl\u00fcsseln Ungarisch, eine finno-ugrische Sprache, zeichnet sich durch ihr einzigartiges\" \/>\n<meta property=\"og:url\" content=\"https:\/\/talkpal.ai\/de\/ungarische-grammatik\/\" \/>\n<meta property=\"og:site_name\" content=\"Talkpal\" \/>\n<meta property=\"article:publisher\" content=\"https:\/\/www.facebook.com\/profile.php?id=100090733639311\" \/>\n<meta property=\"article:modified_time\" content=\"2025-12-12T10:48:38+00:00\" \/>\n<meta property=\"og:image\" content=\"https:\/\/talkpal.ai\/wp-content\/uploads\/2023\/05\/Hungarian.png\" \/>\n\t<meta property=\"og:image:width\" content=\"512\" \/>\n\t<meta property=\"og:image:height\" content=\"512\" \/>\n\t<meta property=\"og:image:type\" content=\"image\/png\" \/>\n<meta name=\"twitter:card\" content=\"summary_large_image\" \/>\n<meta name=\"twitter:site\" content=\"@talkpalai\" \/>\n<meta name=\"twitter:label1\" content=\"Gesch\u00e4tzte Lesezeit\" \/>\n\t<meta name=\"twitter:data1\" content=\"3\u00a0Minuten\" \/>\n<script type=\"application\/ld+json\" class=\"yoast-schema-graph\">{\"@context\":\"https:\/\/schema.org\",\"@graph\":[{\"@type\":\"WebPage\",\"@id\":\"https:\/\/talkpal.ai\/de\/ungarische-grammatik\/\",\"url\":\"https:\/\/talkpal.ai\/de\/ungarische-grammatik\/\",\"name\":\"Ungarische Grammatik - Talkpal\",\"isPartOf\":{\"@id\":\"https:\/\/talkpal.ai\/de\/#website\"},\"primaryImageOfPage\":{\"@id\":\"https:\/\/talkpal.ai\/de\/ungarische-grammatik\/#primaryimage\"},\"image\":{\"@id\":\"https:\/\/talkpal.ai\/de\/ungarische-grammatik\/#primaryimage\"},\"thumbnailUrl\":\"https:\/\/talkpal.ai\/wp-content\/uploads\/2023\/05\/Hungarian.png\",\"datePublished\":\"2023-05-14T14:08:53+00:00\",\"dateModified\":\"2025-12-12T10:48:38+00:00\",\"description\":\"Beherrschen Sie die ungarische Grammatik - lernen Sie Grammatikregeln und \u00fcben Sie das Bilden von S\u00e4tzen. Erhalten Sie hilfreiche Anleitung von Talkpal AI.\",\"breadcrumb\":{\"@id\":\"https:\/\/talkpal.ai\/de\/ungarische-grammatik\/#breadcrumb\"},\"inLanguage\":\"de\",\"potentialAction\":[{\"@type\":\"ReadAction\",\"target\":[\"https:\/\/talkpal.ai\/de\/ungarische-grammatik\/\"]}]},{\"@type\":\"ImageObject\",\"inLanguage\":\"de\",\"@id\":\"https:\/\/talkpal.ai\/de\/ungarische-grammatik\/#primaryimage\",\"url\":\"https:\/\/talkpal.ai\/wp-content\/uploads\/2023\/05\/Hungarian.png\",\"contentUrl\":\"https:\/\/talkpal.ai\/wp-content\/uploads\/2023\/05\/Hungarian.png\",\"width\":512,\"height\":512},{\"@type\":\"BreadcrumbList\",\"@id\":\"https:\/\/talkpal.ai\/de\/ungarische-grammatik\/#breadcrumb\",\"itemListElement\":[{\"@type\":\"ListItem\",\"position\":1,\"name\":\"Homepage\",\"item\":\"https:\/\/talkpal.ai\/de\/\"},{\"@type\":\"ListItem\",\"position\":2,\"name\":\"Ungarische Grammatik\"}]},{\"@type\":\"WebSite\",\"@id\":\"https:\/\/talkpal.ai\/de\/#website\",\"url\":\"https:\/\/talkpal.ai\/de\/\",\"name\":\"Talkpal\",\"description\":\"AI Language Learning\",\"publisher\":{\"@id\":\"https:\/\/talkpal.ai\/de\/#organization\"},\"alternateName\":\"Talkpal AI\",\"potentialAction\":[{\"@type\":\"SearchAction\",\"target\":{\"@type\":\"EntryPoint\",\"urlTemplate\":\"https:\/\/talkpal.ai\/de\/?s={search_term_string}\"},\"query-input\":{\"@type\":\"PropertyValueSpecification\",\"valueRequired\":true,\"valueName\":\"search_term_string\"}}],\"inLanguage\":\"de\"},{\"@type\":\"Organization\",\"@id\":\"https:\/\/talkpal.ai\/de\/#organization\",\"name\":\"Talkpal, Inc.\",\"alternateName\":\"Talkpal AI\",\"url\":\"https:\/\/talkpal.ai\/de\/\",\"logo\":{\"@type\":\"ImageObject\",\"inLanguage\":\"de\",\"@id\":\"https:\/\/talkpal.ai\/de\/#\/schema\/logo\/image\/\",\"url\":\"https:\/\/talkpal.ai\/wp-content\/uploads\/2024\/03\/Talkpal-Logo-Icon.png\",\"contentUrl\":\"https:\/\/talkpal.ai\/wp-content\/uploads\/2024\/03\/Talkpal-Logo-Icon.png\",\"width\":2880,\"height\":2880,\"caption\":\"Talkpal, Inc.\"},\"image\":{\"@id\":\"https:\/\/talkpal.ai\/de\/#\/schema\/logo\/image\/\"},\"sameAs\":[\"https:\/\/www.facebook.com\/profile.php?id=100090733639311\",\"https:\/\/x.com\/talkpalai\",\"https:\/\/www.linkedin.com\/company\/talkpal\/\",\"https:\/\/www.youtube.com\/@TalkPal\/\",\"https:\/\/www.tiktok.com\/@talkpal\",\"https:\/\/www.instagram.com\/talkpal_ai\/\",\"https:\/\/www.crunchbase.com\/organization\/talkpal-9cde\",\"https:\/\/www.g2.com\/products\/talkpal-for-business\/\",\"https:\/\/www.trustpilot.com\/review\/talkpal.ai\",\"https:\/\/www.capterra.com\/p\/10006800\/TalkPal\/\"],\"description\":\"Talkpal is a language learning web and mobile education app, powered by the latest AI technologies, that provides engaging experiences to its customers in many different languages to help them improve their language skills. Users can chat about unlimited amount of topics with the app and use other modes to practice their language learning.\",\"email\":\"support@talkpal.ai\",\"legalName\":\"Talkpal, Inc.\",\"foundingDate\":\"2023-04-03\",\"duns\":\"118989042\",\"numberOfEmployees\":{\"@type\":\"QuantitativeValue\",\"minValue\":\"11\",\"maxValue\":\"50\"},\"publishingPrinciples\":\"https:\/\/talkpal.ai\/publishing-principles\/\",\"actionableFeedbackPolicy\":\"https:\/\/talkpal.ai\/actionable-feedback-policy\/\",\"correctionsPolicy\":\"https:\/\/talkpal.ai\/corrections-policy\/\",\"ethicsPolicy\":\"https:\/\/talkpal.ai\/ethics-policy\/\",\"diversityPolicy\":\"https:\/\/talkpal.ai\/diversity-policy\/\",\"diversityStaffingReport\":\"https:\/\/talkpal.ai\/diversity-policy\/\"}]}<\/script>\n<!-- \/ Yoast SEO Premium plugin. -->","yoast_head_json":{"title":"Ungarische Grammatik - Talkpal","description":"Beherrschen Sie die ungarische Grammatik - lernen Sie Grammatikregeln und \u00fcben Sie das Bilden von S\u00e4tzen. Erhalten Sie hilfreiche Anleitung von Talkpal AI.","robots":{"index":"index","follow":"follow","max-snippet":"max-snippet:-1","max-image-preview":"max-image-preview:large","max-video-preview":"max-video-preview:-1"},"canonical":"https:\/\/talkpal.ai\/de\/ungarische-grammatik\/","og_locale":"de_DE","og_type":"article","og_title":"Ungarische Grammatik","og_description":"Titel: Die Geheimnisse der ungarischen Grammatik entschl\u00fcsseln Ungarisch, eine finno-ugrische Sprache, zeichnet sich durch ihr einzigartiges","og_url":"https:\/\/talkpal.ai\/de\/ungarische-grammatik\/","og_site_name":"Talkpal","article_publisher":"https:\/\/www.facebook.com\/profile.php?id=100090733639311","article_modified_time":"2025-12-12T10:48:38+00:00","og_image":[{"width":512,"height":512,"url":"https:\/\/talkpal.ai\/wp-content\/uploads\/2023\/05\/Hungarian.png","type":"image\/png"}],"twitter_card":"summary_large_image","twitter_site":"@talkpalai","twitter_misc":{"Gesch\u00e4tzte Lesezeit":"3\u00a0Minuten"},"schema":{"@context":"https:\/\/schema.org","@graph":[{"@type":"WebPage","@id":"https:\/\/talkpal.ai\/de\/ungarische-grammatik\/","url":"https:\/\/talkpal.ai\/de\/ungarische-grammatik\/","name":"Ungarische Grammatik - Talkpal","isPartOf":{"@id":"https:\/\/talkpal.ai\/de\/#website"},"primaryImageOfPage":{"@id":"https:\/\/talkpal.ai\/de\/ungarische-grammatik\/#primaryimage"},"image":{"@id":"https:\/\/talkpal.ai\/de\/ungarische-grammatik\/#primaryimage"},"thumbnailUrl":"https:\/\/talkpal.ai\/wp-content\/uploads\/2023\/05\/Hungarian.png","datePublished":"2023-05-14T14:08:53+00:00","dateModified":"2025-12-12T10:48:38+00:00","description":"Beherrschen Sie die ungarische Grammatik - lernen Sie Grammatikregeln und \u00fcben Sie das Bilden von S\u00e4tzen. Erhalten Sie hilfreiche Anleitung von Talkpal AI.","breadcrumb":{"@id":"https:\/\/talkpal.ai\/de\/ungarische-grammatik\/#breadcrumb"},"inLanguage":"de","potentialAction":[{"@type":"ReadAction","target":["https:\/\/talkpal.ai\/de\/ungarische-grammatik\/"]}]},{"@type":"ImageObject","inLanguage":"de","@id":"https:\/\/talkpal.ai\/de\/ungarische-grammatik\/#primaryimage","url":"https:\/\/talkpal.ai\/wp-content\/uploads\/2023\/05\/Hungarian.png","contentUrl":"https:\/\/talkpal.ai\/wp-content\/uploads\/2023\/05\/Hungarian.png","width":512,"height":512},{"@type":"BreadcrumbList","@id":"https:\/\/talkpal.ai\/de\/ungarische-grammatik\/#breadcrumb","itemListElement":[{"@type":"ListItem","position":1,"name":"Homepage","item":"https:\/\/talkpal.ai\/de\/"},{"@type":"ListItem","position":2,"name":"Ungarische Grammatik"}]},{"@type":"WebSite","@id":"https:\/\/talkpal.ai\/de\/#website","url":"https:\/\/talkpal.ai\/de\/","name":"Talkpal","description":"AI Language Learning","publisher":{"@id":"https:\/\/talkpal.ai\/de\/#organization"},"alternateName":"Talkpal AI","potentialAction":[{"@type":"SearchAction","target":{"@type":"EntryPoint","urlTemplate":"https:\/\/talkpal.ai\/de\/?s={search_term_string}"},"query-input":{"@type":"PropertyValueSpecification","valueRequired":true,"valueName":"search_term_string"}}],"inLanguage":"de"},{"@type":"Organization","@id":"https:\/\/talkpal.ai\/de\/#organization","name":"Talkpal, Inc.","alternateName":"Talkpal AI","url":"https:\/\/talkpal.ai\/de\/","logo":{"@type":"ImageObject","inLanguage":"de","@id":"https:\/\/talkpal.ai\/de\/#\/schema\/logo\/image\/","url":"https:\/\/talkpal.ai\/wp-content\/uploads\/2024\/03\/Talkpal-Logo-Icon.png","contentUrl":"https:\/\/talkpal.ai\/wp-content\/uploads\/2024\/03\/Talkpal-Logo-Icon.png","width":2880,"height":2880,"caption":"Talkpal, Inc."},"image":{"@id":"https:\/\/talkpal.ai\/de\/#\/schema\/logo\/image\/"},"sameAs":["https:\/\/www.facebook.com\/profile.php?id=100090733639311","https:\/\/x.com\/talkpalai","https:\/\/www.linkedin.com\/company\/talkpal\/","https:\/\/www.youtube.com\/@TalkPal\/","https:\/\/www.tiktok.com\/@talkpal","https:\/\/www.instagram.com\/talkpal_ai\/","https:\/\/www.crunchbase.com\/organization\/talkpal-9cde","https:\/\/www.g2.com\/products\/talkpal-for-business\/","https:\/\/www.trustpilot.com\/review\/talkpal.ai","https:\/\/www.capterra.com\/p\/10006800\/TalkPal\/"],"description":"Talkpal is a language learning web and mobile education app, powered by the latest AI technologies, that provides engaging experiences to its customers in many different languages to help them improve their language skills. Users can chat about unlimited amount of topics with the app and use other modes to practice their language learning.","email":"support@talkpal.ai","legalName":"Talkpal, Inc.","foundingDate":"2023-04-03","duns":"118989042","numberOfEmployees":{"@type":"QuantitativeValue","minValue":"11","maxValue":"50"},"publishingPrinciples":"https:\/\/talkpal.ai\/publishing-principles\/","actionableFeedbackPolicy":"https:\/\/talkpal.ai\/actionable-feedback-policy\/","correctionsPolicy":"https:\/\/talkpal.ai\/corrections-policy\/","ethicsPolicy":"https:\/\/talkpal.ai\/ethics-policy\/","diversityPolicy":"https:\/\/talkpal.ai\/diversity-policy\/","diversityStaffingReport":"https:\/\/talkpal.ai\/diversity-policy\/"}]}},"_links":{"self":[{"href":"https:\/\/talkpal.ai\/de\/wp-json\/wp\/v2\/pages\/73789","targetHints":{"allow":["GET"]}}],"collection":[{"href":"https:\/\/talkpal.ai\/de\/wp-json\/wp\/v2\/pages"}],"about":[{"href":"https:\/\/talkpal.ai\/de\/wp-json\/wp\/v2\/types\/page"}],"author":[{"embeddable":true,"href":"https:\/\/talkpal.ai\/de\/wp-json\/wp\/v2\/users\/1"}],"replies":[{"embeddable":true,"href":"https:\/\/talkpal.ai\/de\/wp-json\/wp\/v2\/comments?post=73789"}],"version-history":[{"count":0,"href":"https:\/\/talkpal.ai\/de\/wp-json\/wp\/v2\/pages\/73789\/revisions"}],"wp:featuredmedia":[{"embeddable":true,"href":"https:\/\/talkpal.ai\/de\/wp-json\/wp\/v2\/media\/28349"}],"wp:attachment":[{"href":"https:\/\/talkpal.ai\/de\/wp-json\/wp\/v2\/media?parent=73789"}],"curies":[{"name":"wp","href":"https:\/\/api.w.org\/{rel}","templated":true}]}}