{"id":73764,"date":"2023-05-14T14:19:26","date_gmt":"2023-05-14T14:19:26","guid":{"rendered":"http:\/\/talkpal.ai\/serbische-grammatik\/"},"modified":"2025-12-17T15:37:14","modified_gmt":"2025-12-17T15:37:14","slug":"serbische-grammatik","status":"publish","type":"page","link":"https:\/\/talkpal.ai\/de\/serbische-grammatik\/","title":{"rendered":"Serbische Grammatik"},"content":{"rendered":"\r\n\r\n\r\n<section class=\"languageChallengeSection\">\r\n    <div class=\"languageInfoWrapper\">\r\n        \r\n        <h1>Serbische Grammatik<\/h1>\r\n        <p>Beginnen Sie Ihr Abenteuer mit der russischen Sprache und \u00f6ffnen Sie die T\u00fcren zu einer reichen Kultur und Geschichte. Die Beherrschung der russischen <a href=\"https:\/\/talkpal.ai\/fr\/les\/\">Grammatik<\/a> und des Wortschatzes wird Ihre Reise-, Karriere- und Kommunikationsm\u00f6glichkeiten verbessern. Fangen Sie noch heute an, Russisch zu lernen und machen Sie den ersten Schritt in Richtung flie\u00dfend sprechen!\n\n<\/p>\r\n\r\n                            <a class=\"getStartedHidden\" href=\"https:\/\/app.talkpal.ai\/de\/signup?lng=\">Leg los<\/a>\r\n        \r\n    <\/div>\r\n\r\n    <figure>\r\n    <img decoding=\"async\" width=\"768\" height=\"768\" src=\"https:\/\/talkpal.ai\/wp-content\/uploads\/2023\/06\/serbian-768x768.png\" class=\"languageImage no-lazy\" alt=\"Default alt text\" fetchpriority=\"high\" sizes=\"(max-width: 768px) 150px, 768px\" srcset=\"https:\/\/talkpal.ai\/wp-content\/uploads\/2023\/06\/serbian-768x768.png 768w, https:\/\/talkpal.ai\/wp-content\/uploads\/2023\/06\/serbian-300x300.png 300w\" \/>\r\n    \r\n\r\n    <\/figure>\r\n\r\n            <a class=\"getStartedVisible\" href=\"https:\/\/app.talkpal.ai\/de\/signup?lng=\">Leg los<\/a>\r\n    \r\n<\/section>\r\n        <section class=\"grammarSection\">\r\n            <div class=\"grammarLinks\">\r\n                <a href=\"https:\/\/talkpal.ai\/de\/language\/adjektive-serbische-grammatik\/\">Adjektive <\/a><a href=\"https:\/\/talkpal.ai\/de\/language\/adverbien-serbische-grammatik\/\">Adverbien <\/a><a href=\"https:\/\/talkpal.ai\/de\/language\/artikel-serbische-grammatik\/\">Artikel <\/a><a href=\"https:\/\/talkpal.ai\/de\/language\/konditionale-serbische-grammatik\/\">Konditionale <\/a><a href=\"https:\/\/talkpal.ai\/de\/language\/perfekt-progressiv-serbische-grammatik\/\">Perfekt Progressiv <\/a><a href=\"https:\/\/talkpal.ai\/de\/language\/prapositionen-serbische-grammatik\/\">Pr\u00e4positionen <\/a><a href=\"https:\/\/talkpal.ai\/de\/language\/progressiv-serbische-grammatik\/\">Progressiv <\/a><a href=\"https:\/\/talkpal.ai\/de\/language\/pronomen-determinanten-serbische-grammatik\/\">Pronomen\/Determinanten <\/a><a href=\"https:\/\/talkpal.ai\/de\/language\/satze-serbische-grammatik\/\">S\u00e4tze <\/a><a href=\"https:\/\/talkpal.ai\/de\/language\/substantive-serbische-grammatik\/\">Substantive <\/a><a href=\"https:\/\/talkpal.ai\/de\/language\/verben-serbische-grammatik\/\">Verben <\/a><a href=\"https:\/\/talkpal.ai\/de\/language\/zeitformen-serbische-grammatik\/\">Zeitformen <\/a><a href=\"https:\/\/talkpal.ai\/de\/language\/zeitvergleich-serbische-grammatik\/\">Zeitvergleich <\/a>            <\/div>\r\n        <\/section>\r\n    <section class=\"promotionalBanner\">\r\n    <p class=\"promotionalText\">Der effizienteste Weg, eine Sprache zu lernen<\/p>\r\n    <a class=\"promotionalLink\" href=\"https:\/\/app.talkpal.ai\/de\/signup?lng=\">Talkpal kostenlos<\/a>\r\n<\/section>\n<div class=\"wp-block-group pageContainerStyle\"><div class=\"wp-block-group__inner-container is-layout-constrained wp-block-group-is-layout-constrained\">\n<h1 class=\"wp-block-heading\" id=\"h-serbian-grammar-unraveling-the-intricacies-of-the-south-slavic-language\">Serbische Grammatik: Die Feinheiten der s\u00fcdslawischen Sprache entr\u00e4tseln<\/h1>\n\n\n\n<p>Aufruf an alle Sprachbegeisterten und Balkan-Liebhaber! Haben Sie schon einmal dar\u00fcber nachgedacht, in die Welt der serbischen Grammatik einzutauchen? <a href=\"https:\/\/talkpal.ai\/learn-serbian\/\">Serbisch<\/a>, eine s\u00fcdslawische Sprache, ist die Amtssprache Serbiens und eine der Amtssprachen von Bosnien und Herzegowina. Mit etwa 9 Millionen Muttersprachlern hat diese faszinierende Sprache \u00c4hnlichkeiten mit <a href=\"https:\/\/talkpal.ai\/learn-croatian\/\">Kroatisch<\/a>, <a href=\"https:\/\/talkpal.ai\/learn-bosnian\/\">Bosnisch<\/a> und Montenegrinisch, weist aber Besonderheiten auf, die sie von anderen abheben. In diesem Artikel werden wir die faszinierenden Aspekte der serbischen Grammatik erkunden.<\/p>\n\n\n\n<h3 class=\"wp-block-heading\" id=\"h-the-dual-alphabet-cyrillic-and-latin\">Das duale Alphabet: Kyrillisch und Latein<\/h3>\n\n\n\n<p>Eines der ersten Dinge, die Ihnen an Serbisch auffallen werden, ist die Verwendung von zwei Alphabeten: Kyrillisch und Latein. Das serbisch-kyrillische Alphabet mit 30 Buchstaben wurde 1818 vom Linguisten Vuk Karad\u017ei\u0107 standardisiert und ist das offizielle Alphabet des Landes. Das lateinische Alphabet, das ebenfalls aus 30 Buchstaben besteht, ist jedoch weit verbreitet, insbesondere f\u00fcr die digitale Kommunikation und informelle Kontexte. Die Verwendung von zwei Alphabeten verleiht dem Serbischen einen einzigartigen, vielseitigen Charakter.<\/p>\n\n\n\n<h3 class=\"wp-block-heading\" id=\"h-the-building-blocks-nouns-pronouns-and-cases\">Die Bausteine: Substantive, Pronomen und Kasus<\/h3>\n\n\n\n<p>Wie andere slawische Sprachen dreht sich auch die <a href=\"https:\/\/talkpal.ai\/serbian-grammar\/\">serbische Grammatik<\/a> um die Flexion, bei der W\u00f6rter ihre Endungen entsprechend ihrer grammatikalischen Funktion \u00e4ndern. Dies zeigt sich am deutlichsten bei Substantiven, Pronomen und Adjektiven. In Serbien gibt es sieben F\u00e4lle:<\/p>\n\n\n\n<p><strong>1. Nominativ &#8211; bezeichnet das Subjekt eines Satzes<\/strong><\/p>\n\n\n\n<p><strong>2. Genitiv &#8211; zeigt Besitz, Objekt der Verneinung oder partitive Bedeutung<\/strong><\/p>\n\n\n\n<p><strong>3. Dativ &#8211; markiert das indirekte Objekt<\/strong><\/p>\n\n\n\n<p><strong>4. Akkusativ &#8211; bezeichnet das direkte Objekt<\/strong><\/p>\n\n\n\n<p><strong>5. Vokativ &#8211; wird verwendet, um jemanden anzusprechen oder zu rufen<\/strong><\/p>\n\n\n\n<p><strong>6. Instrumental &#8211; dr\u00fcckt das Mittel oder die Methode einer Handlung aus<\/strong><\/p>\n\n\n\n<p><strong>7. Lokativ &#8211; gibt den Ort oder das Objekt bestimmter Pr\u00e4positionen an<\/strong><\/p>\n\n\n\n<p>Serbische Substantive haben drei Geschlechter (maskulin, feminin und Neutrum) und zwei Zahlen (Singular und Plural). Die spezifischen Endungen f\u00fcr jedes Geschlecht und jede Zahl variieren je nach Fall, daher ist es wichtig, sich diese Endungen einzupr\u00e4gen, um grammatikalisch korrekte S\u00e4tze zu bilden.<\/p>\n\n\n\n<h3 class=\"wp-block-heading\" id=\"h-get-moving-with-verbs-tenses-aspects-and-moods\">Kommen Sie in Bewegung mit Verben: Zeitformen, Aspekte und Stimmungen<\/h3>\n\n\n\n<p>Serbische Verben weisen mit ihren <a href=\"https:\/\/talkpal.ai\/zh-hans\/grammar_exercises\/zeitformen-%e5%be%b7%e5%9b%bd%e8%af%ad%e6%b3%95%e7%bb%83%e4%b9%a0\/\">Zeitformen<\/a> (Vergangenheit, Gegenwart und Zukunft), Aspekten (Perfektiv und Imperfektiv) und Stimmungen (Indikativ, Imperativ und Konditional) eine faszinierende Komplexit\u00e4t auf. Der Aspekt spielt in serbischen Verben eine wichtige Rolle, da er ausdr\u00fcckt, ob eine Handlung als abgeschlossen (perfektiv) oder fortlaufend (imperfektiv) angesehen wird. Viele Verben kommen paarweise vor, die die verschiedenen Aspekte anzeigen, oft durch die Verwendung bestimmter Pr\u00e4fixe oder Suffixe.<\/p>\n\n\n\n<h3 class=\"wp-block-heading\" id=\"h-adjectives-adverbs-and-all-that-jazz\">Adjektive, Adverbien und der ganze Jazz<\/h3>\n\n\n\n<p>Serbische Adjektive stimmen mit den Substantiven \u00fcberein, die sie in Bezug auf Geschlecht, Zahl und Gro\u00df- und Kleinschreibung modifizieren. Sie haben auch vergleichende und superlative Formen, um unterschiedliche Grade von Qualit\u00e4ten auszudr\u00fccken. Dar\u00fcber hinaus leiten sich Adverbien oft von Adjektiven ab und vermitteln verschiedene Bedeutungen wie Zeit, Art, Ort und Grad.<\/p>\n\n\n\n<p>Die serbische Sprache verf\u00fcgt auch \u00fcber eine Reihe von Konjunktionen, <a href=\"https:\/\/talkpal.ai\/ar\/grammar_exercises\/prapositionen-%d8%aa%d9%85%d8%a7%d8%b1%d9%8a%d9%86-%d9%84%d9%84%d9%82%d9%88%d8%a7%d8%b9%d8%af-%d8%a7%d9%84%d8%a3%d9%84%d9%85%d8%a7%d9%86%d9%8a%d8%a9\/\">Pr\u00e4positionen<\/a>, Ziffern und Partikeln, die zur Sch\u00f6nheit der Sprache beitragen und helfen, komplexe, bedeutungsvolle S\u00e4tze zu bilden.<\/p>\n\n\n\n<h3 class=\"wp-block-heading\" id=\"h-embracing-the-world-of-serbian-grammar\">Die Welt der serbischen Grammatik kennenlernen<\/h3>\n\n\n\n<p>Die <a href=\"https:\/\/talkpal.ai\/serbian-grammar\/\">serbische Grammatik<\/a> mag auf den ersten Blick \u00fcberw\u00e4ltigend erscheinen. Wenn Sie jedoch tiefer in die reiche Landschaft der F\u00e4lle, Aspekte und sprachlichen Eigenheiten eintauchen, werden Sie eine lebendige und ausdrucksstarke Sprache entdecken. Das Erlernen der Serbischen wird nicht nur Ihr Verst\u00e4ndnis der slawischen Sprachfamilie sch\u00e4rfen, sondern Ihnen auch helfen, sich mit einer faszinierenden Geschichte und Kultur zu verbinden.<\/p>\n\n\n\n<p>Warum also nicht die Herausforderung annehmen, die serbische Grammatik weiter zu erforschen? Mit Beharrlichkeit und Leidenschaft schlendern Sie vielleicht eines Tages durch die Stra\u00dfen Belgrads und f\u00fchren angeregte Gespr\u00e4che mit Einheimischen in ihrer Muttersprache. Viel Spa\u00df beim Lernen!<\/p>\n<\/div><\/div>\n\r\n<section class=\"learnNavigationSection\">\r\n            \r\n        <a href=\"https:\/\/talkpal.ai\/de\/serbisch-lernen\/\">\r\n            <div class=\"learnNavigationWrapper\">\r\n                <div class=\"learnNavigationContent\">\r\n                    <img decoding=\"async\" src=\"https:\/\/talkpal.ai\/wp-content\/uploads\/2024\/08\/Serbian.jpg\" alt=\"Serbian Flag\">\r\n                    <div>\r\n                        <h4>\u00dcber Serbia Learning<\/h4>\r\n                        <p>Erfahren Sie alles \u00fcber die serbische Grammatik.<\/p>\r\n                    <\/div>\r\n                <\/div>\r\n            <\/div>\r\n        <\/a>\r\n\r\n        \r\n        <a href=\"https:\/\/talkpal.ai\/de\/serbische-grammatikuebungen\/\">\r\n            <div class=\"learnNavigationWrapper\">\r\n                <div class=\"learnNavigationContent\">\r\n                    <img decoding=\"async\" src=\"https:\/\/talkpal.ai\/wp-content\/uploads\/2024\/08\/Serbian.jpg\" alt=\"Serbian Flag\">\r\n                    <div>\r\n                        <h4>\u00dcbung zur serbischen Grammatik<\/h4>\r\n                        <p>\u00dcbe die serbische Grammatik .<\/p>\r\n                    <\/div>\r\n                <\/div>\r\n            <\/div>\r\n        <\/a>\r\n\r\n        \r\n        <a href=\"https:\/\/talkpal.ai\/vocabulary_language\/serbian\/\">\r\n            <div class=\"learnNavigationWrapper\">\r\n                <div class=\"learnNavigationContent\">\r\n                    <img decoding=\"async\" src=\"https:\/\/talkpal.ai\/wp-content\/uploads\/2024\/08\/Serbian.jpg\" alt=\"Serbian Flag\">\r\n                    <div>\r\n                        <h4>Serbisch Wortschatz<\/h4>\r\n                        <p>Erweitern Sie Ihren serbischen Wortschatz.<\/p>\r\n                    <\/div>\r\n                <\/div>\r\n            <\/div>\r\n        <\/a>\r\n\r\n            <\/section>","protected":false},"excerpt":{"rendered":"<p>Serbische Grammatik: Die Feinheiten der s\u00fcdslawischen Sprache entr\u00e4tseln Aufruf an alle Sprachbegeisterten und Balkan-Liebhaber! Haben Sie schon einmal dar\u00fcber nachgedacht, in die Welt der serbischen Grammatik einzutauchen? Serbisch, eine s\u00fcdslawische Sprache, ist die Amtssprache Serbiens und eine der Amtssprachen von Bosnien und Herzegowina. Mit etwa 9 Millionen Muttersprachlern hat diese faszinierende Sprache \u00c4hnlichkeiten mit Kroatisch, [&hellip;]<\/p>\n","protected":false},"author":1,"featured_media":28621,"parent":0,"menu_order":0,"comment_status":"closed","ping_status":"closed","template":"LearningContentPage.php","meta":{"_acf_changed":false,"footnotes":""},"class_list":["post-73764","page","type-page","status-publish","has-post-thumbnail","hentry"],"acf":[],"yoast_head":"<!-- This site is optimized with the Yoast SEO Premium plugin v27.2 (Yoast SEO v27.2) - https:\/\/yoast.com\/product\/yoast-seo-premium-wordpress\/ -->\n<title>Serbische Grammatik - Talkpal<\/title>\n<meta name=\"description\" content=\"Erforschen Sie die Feinheiten der serbischen Grammatik und entdecken Sie die einzigartigen Merkmale, die sie von anderen Balkansprachen unterscheiden.\" \/>\n<meta name=\"robots\" content=\"index, follow, max-snippet:-1, max-image-preview:large, max-video-preview:-1\" \/>\n<link rel=\"canonical\" href=\"https:\/\/talkpal.ai\/de\/serbische-grammatik\/\" \/>\n<meta property=\"og:locale\" content=\"de_DE\" \/>\n<meta property=\"og:type\" content=\"article\" \/>\n<meta property=\"og:title\" content=\"Serbische Grammatik\" \/>\n<meta property=\"og:description\" content=\"Serbische Grammatik: Die Feinheiten der s\u00fcdslawischen Sprache entr\u00e4tseln Aufruf an alle Sprachbegeisterten und Balkan-Liebhaber! Haben Sie schon einmal\" \/>\n<meta property=\"og:url\" content=\"https:\/\/talkpal.ai\/de\/serbische-grammatik\/\" \/>\n<meta property=\"og:site_name\" content=\"Talkpal\" \/>\n<meta property=\"article:publisher\" content=\"https:\/\/www.facebook.com\/profile.php?id=100090733639311\" \/>\n<meta property=\"article:modified_time\" content=\"2025-12-17T15:37:14+00:00\" \/>\n<meta property=\"og:image\" content=\"https:\/\/talkpal.ai\/wp-content\/uploads\/2023\/05\/serbia.png\" \/>\n\t<meta property=\"og:image:width\" content=\"512\" \/>\n\t<meta property=\"og:image:height\" content=\"512\" \/>\n\t<meta property=\"og:image:type\" content=\"image\/png\" \/>\n<meta name=\"twitter:card\" content=\"summary_large_image\" \/>\n<meta name=\"twitter:site\" content=\"@talkpalai\" \/>\n<meta name=\"twitter:label1\" content=\"Gesch\u00e4tzte Lesezeit\" \/>\n\t<meta name=\"twitter:data1\" content=\"3\u00a0Minuten\" \/>\n<script type=\"application\/ld+json\" class=\"yoast-schema-graph\">{\"@context\":\"https:\/\/schema.org\",\"@graph\":[{\"@type\":\"WebPage\",\"@id\":\"https:\/\/talkpal.ai\/de\/serbische-grammatik\/\",\"url\":\"https:\/\/talkpal.ai\/de\/serbische-grammatik\/\",\"name\":\"Serbische Grammatik - Talkpal\",\"isPartOf\":{\"@id\":\"https:\/\/talkpal.ai\/de\/#website\"},\"primaryImageOfPage\":{\"@id\":\"https:\/\/talkpal.ai\/de\/serbische-grammatik\/#primaryimage\"},\"image\":{\"@id\":\"https:\/\/talkpal.ai\/de\/serbische-grammatik\/#primaryimage\"},\"thumbnailUrl\":\"https:\/\/talkpal.ai\/wp-content\/uploads\/2023\/05\/serbia.png\",\"datePublished\":\"2023-05-14T14:19:26+00:00\",\"dateModified\":\"2025-12-17T15:37:14+00:00\",\"description\":\"Erforschen Sie die Feinheiten der serbischen Grammatik und entdecken Sie die einzigartigen Merkmale, die sie von anderen Balkansprachen unterscheiden.\",\"breadcrumb\":{\"@id\":\"https:\/\/talkpal.ai\/de\/serbische-grammatik\/#breadcrumb\"},\"inLanguage\":\"de\",\"potentialAction\":[{\"@type\":\"ReadAction\",\"target\":[\"https:\/\/talkpal.ai\/de\/serbische-grammatik\/\"]}]},{\"@type\":\"ImageObject\",\"inLanguage\":\"de\",\"@id\":\"https:\/\/talkpal.ai\/de\/serbische-grammatik\/#primaryimage\",\"url\":\"https:\/\/talkpal.ai\/wp-content\/uploads\/2023\/05\/serbia.png\",\"contentUrl\":\"https:\/\/talkpal.ai\/wp-content\/uploads\/2023\/05\/serbia.png\",\"width\":512,\"height\":512},{\"@type\":\"BreadcrumbList\",\"@id\":\"https:\/\/talkpal.ai\/de\/serbische-grammatik\/#breadcrumb\",\"itemListElement\":[{\"@type\":\"ListItem\",\"position\":1,\"name\":\"Homepage\",\"item\":\"https:\/\/talkpal.ai\/de\/\"},{\"@type\":\"ListItem\",\"position\":2,\"name\":\"Serbische Grammatik\"}]},{\"@type\":\"WebSite\",\"@id\":\"https:\/\/talkpal.ai\/de\/#website\",\"url\":\"https:\/\/talkpal.ai\/de\/\",\"name\":\"Talkpal\",\"description\":\"AI Language Learning\",\"publisher\":{\"@id\":\"https:\/\/talkpal.ai\/de\/#organization\"},\"alternateName\":\"Talkpal AI\",\"potentialAction\":[{\"@type\":\"SearchAction\",\"target\":{\"@type\":\"EntryPoint\",\"urlTemplate\":\"https:\/\/talkpal.ai\/de\/?s={search_term_string}\"},\"query-input\":{\"@type\":\"PropertyValueSpecification\",\"valueRequired\":true,\"valueName\":\"search_term_string\"}}],\"inLanguage\":\"de\"},{\"@type\":\"Organization\",\"@id\":\"https:\/\/talkpal.ai\/de\/#organization\",\"name\":\"Talkpal, Inc.\",\"alternateName\":\"Talkpal AI\",\"url\":\"https:\/\/talkpal.ai\/de\/\",\"logo\":{\"@type\":\"ImageObject\",\"inLanguage\":\"de\",\"@id\":\"https:\/\/talkpal.ai\/de\/#\/schema\/logo\/image\/\",\"url\":\"https:\/\/talkpal.ai\/wp-content\/uploads\/2024\/03\/Talkpal-Logo-Icon.png\",\"contentUrl\":\"https:\/\/talkpal.ai\/wp-content\/uploads\/2024\/03\/Talkpal-Logo-Icon.png\",\"width\":2880,\"height\":2880,\"caption\":\"Talkpal, Inc.\"},\"image\":{\"@id\":\"https:\/\/talkpal.ai\/de\/#\/schema\/logo\/image\/\"},\"sameAs\":[\"https:\/\/www.facebook.com\/profile.php?id=100090733639311\",\"https:\/\/x.com\/talkpalai\",\"https:\/\/www.linkedin.com\/company\/talkpal\/\",\"https:\/\/www.youtube.com\/@TalkPal\/\",\"https:\/\/www.tiktok.com\/@talkpal\",\"https:\/\/www.instagram.com\/talkpal_ai\/\",\"https:\/\/www.crunchbase.com\/organization\/talkpal-9cde\",\"https:\/\/www.g2.com\/products\/talkpal-for-business\/\",\"https:\/\/www.trustpilot.com\/review\/talkpal.ai\",\"https:\/\/www.capterra.com\/p\/10006800\/TalkPal\/\"],\"description\":\"Talkpal is a language learning web and mobile education app, powered by the latest AI technologies, that provides engaging experiences to its customers in many different languages to help them improve their language skills. Users can chat about unlimited amount of topics with the app and use other modes to practice their language learning.\",\"email\":\"support@talkpal.ai\",\"legalName\":\"Talkpal, Inc.\",\"foundingDate\":\"2023-04-03\",\"duns\":\"118989042\",\"numberOfEmployees\":{\"@type\":\"QuantitativeValue\",\"minValue\":\"11\",\"maxValue\":\"50\"},\"publishingPrinciples\":\"https:\/\/talkpal.ai\/publishing-principles\/\",\"actionableFeedbackPolicy\":\"https:\/\/talkpal.ai\/actionable-feedback-policy\/\",\"correctionsPolicy\":\"https:\/\/talkpal.ai\/corrections-policy\/\",\"ethicsPolicy\":\"https:\/\/talkpal.ai\/ethics-policy\/\",\"diversityPolicy\":\"https:\/\/talkpal.ai\/diversity-policy\/\",\"diversityStaffingReport\":\"https:\/\/talkpal.ai\/diversity-policy\/\"}]}<\/script>\n<!-- \/ Yoast SEO Premium plugin. -->","yoast_head_json":{"title":"Serbische Grammatik - Talkpal","description":"Erforschen Sie die Feinheiten der serbischen Grammatik und entdecken Sie die einzigartigen Merkmale, die sie von anderen Balkansprachen unterscheiden.","robots":{"index":"index","follow":"follow","max-snippet":"max-snippet:-1","max-image-preview":"max-image-preview:large","max-video-preview":"max-video-preview:-1"},"canonical":"https:\/\/talkpal.ai\/de\/serbische-grammatik\/","og_locale":"de_DE","og_type":"article","og_title":"Serbische Grammatik","og_description":"Serbische Grammatik: Die Feinheiten der s\u00fcdslawischen Sprache entr\u00e4tseln Aufruf an alle Sprachbegeisterten und Balkan-Liebhaber! Haben Sie schon einmal","og_url":"https:\/\/talkpal.ai\/de\/serbische-grammatik\/","og_site_name":"Talkpal","article_publisher":"https:\/\/www.facebook.com\/profile.php?id=100090733639311","article_modified_time":"2025-12-17T15:37:14+00:00","og_image":[{"width":512,"height":512,"url":"https:\/\/talkpal.ai\/wp-content\/uploads\/2023\/05\/serbia.png","type":"image\/png"}],"twitter_card":"summary_large_image","twitter_site":"@talkpalai","twitter_misc":{"Gesch\u00e4tzte Lesezeit":"3\u00a0Minuten"},"schema":{"@context":"https:\/\/schema.org","@graph":[{"@type":"WebPage","@id":"https:\/\/talkpal.ai\/de\/serbische-grammatik\/","url":"https:\/\/talkpal.ai\/de\/serbische-grammatik\/","name":"Serbische Grammatik - Talkpal","isPartOf":{"@id":"https:\/\/talkpal.ai\/de\/#website"},"primaryImageOfPage":{"@id":"https:\/\/talkpal.ai\/de\/serbische-grammatik\/#primaryimage"},"image":{"@id":"https:\/\/talkpal.ai\/de\/serbische-grammatik\/#primaryimage"},"thumbnailUrl":"https:\/\/talkpal.ai\/wp-content\/uploads\/2023\/05\/serbia.png","datePublished":"2023-05-14T14:19:26+00:00","dateModified":"2025-12-17T15:37:14+00:00","description":"Erforschen Sie die Feinheiten der serbischen Grammatik und entdecken Sie die einzigartigen Merkmale, die sie von anderen Balkansprachen unterscheiden.","breadcrumb":{"@id":"https:\/\/talkpal.ai\/de\/serbische-grammatik\/#breadcrumb"},"inLanguage":"de","potentialAction":[{"@type":"ReadAction","target":["https:\/\/talkpal.ai\/de\/serbische-grammatik\/"]}]},{"@type":"ImageObject","inLanguage":"de","@id":"https:\/\/talkpal.ai\/de\/serbische-grammatik\/#primaryimage","url":"https:\/\/talkpal.ai\/wp-content\/uploads\/2023\/05\/serbia.png","contentUrl":"https:\/\/talkpal.ai\/wp-content\/uploads\/2023\/05\/serbia.png","width":512,"height":512},{"@type":"BreadcrumbList","@id":"https:\/\/talkpal.ai\/de\/serbische-grammatik\/#breadcrumb","itemListElement":[{"@type":"ListItem","position":1,"name":"Homepage","item":"https:\/\/talkpal.ai\/de\/"},{"@type":"ListItem","position":2,"name":"Serbische Grammatik"}]},{"@type":"WebSite","@id":"https:\/\/talkpal.ai\/de\/#website","url":"https:\/\/talkpal.ai\/de\/","name":"Talkpal","description":"AI Language Learning","publisher":{"@id":"https:\/\/talkpal.ai\/de\/#organization"},"alternateName":"Talkpal AI","potentialAction":[{"@type":"SearchAction","target":{"@type":"EntryPoint","urlTemplate":"https:\/\/talkpal.ai\/de\/?s={search_term_string}"},"query-input":{"@type":"PropertyValueSpecification","valueRequired":true,"valueName":"search_term_string"}}],"inLanguage":"de"},{"@type":"Organization","@id":"https:\/\/talkpal.ai\/de\/#organization","name":"Talkpal, Inc.","alternateName":"Talkpal AI","url":"https:\/\/talkpal.ai\/de\/","logo":{"@type":"ImageObject","inLanguage":"de","@id":"https:\/\/talkpal.ai\/de\/#\/schema\/logo\/image\/","url":"https:\/\/talkpal.ai\/wp-content\/uploads\/2024\/03\/Talkpal-Logo-Icon.png","contentUrl":"https:\/\/talkpal.ai\/wp-content\/uploads\/2024\/03\/Talkpal-Logo-Icon.png","width":2880,"height":2880,"caption":"Talkpal, Inc."},"image":{"@id":"https:\/\/talkpal.ai\/de\/#\/schema\/logo\/image\/"},"sameAs":["https:\/\/www.facebook.com\/profile.php?id=100090733639311","https:\/\/x.com\/talkpalai","https:\/\/www.linkedin.com\/company\/talkpal\/","https:\/\/www.youtube.com\/@TalkPal\/","https:\/\/www.tiktok.com\/@talkpal","https:\/\/www.instagram.com\/talkpal_ai\/","https:\/\/www.crunchbase.com\/organization\/talkpal-9cde","https:\/\/www.g2.com\/products\/talkpal-for-business\/","https:\/\/www.trustpilot.com\/review\/talkpal.ai","https:\/\/www.capterra.com\/p\/10006800\/TalkPal\/"],"description":"Talkpal is a language learning web and mobile education app, powered by the latest AI technologies, that provides engaging experiences to its customers in many different languages to help them improve their language skills. Users can chat about unlimited amount of topics with the app and use other modes to practice their language learning.","email":"support@talkpal.ai","legalName":"Talkpal, Inc.","foundingDate":"2023-04-03","duns":"118989042","numberOfEmployees":{"@type":"QuantitativeValue","minValue":"11","maxValue":"50"},"publishingPrinciples":"https:\/\/talkpal.ai\/publishing-principles\/","actionableFeedbackPolicy":"https:\/\/talkpal.ai\/actionable-feedback-policy\/","correctionsPolicy":"https:\/\/talkpal.ai\/corrections-policy\/","ethicsPolicy":"https:\/\/talkpal.ai\/ethics-policy\/","diversityPolicy":"https:\/\/talkpal.ai\/diversity-policy\/","diversityStaffingReport":"https:\/\/talkpal.ai\/diversity-policy\/"}]}},"_links":{"self":[{"href":"https:\/\/talkpal.ai\/de\/wp-json\/wp\/v2\/pages\/73764","targetHints":{"allow":["GET"]}}],"collection":[{"href":"https:\/\/talkpal.ai\/de\/wp-json\/wp\/v2\/pages"}],"about":[{"href":"https:\/\/talkpal.ai\/de\/wp-json\/wp\/v2\/types\/page"}],"author":[{"embeddable":true,"href":"https:\/\/talkpal.ai\/de\/wp-json\/wp\/v2\/users\/1"}],"replies":[{"embeddable":true,"href":"https:\/\/talkpal.ai\/de\/wp-json\/wp\/v2\/comments?post=73764"}],"version-history":[{"count":0,"href":"https:\/\/talkpal.ai\/de\/wp-json\/wp\/v2\/pages\/73764\/revisions"}],"wp:featuredmedia":[{"embeddable":true,"href":"https:\/\/talkpal.ai\/de\/wp-json\/wp\/v2\/media\/28621"}],"wp:attachment":[{"href":"https:\/\/talkpal.ai\/de\/wp-json\/wp\/v2\/media?parent=73764"}],"curies":[{"name":"wp","href":"https:\/\/api.w.org\/{rel}","templated":true}]}}