{"id":73757,"date":"2023-05-14T14:11:00","date_gmt":"2023-05-14T14:11:00","guid":{"rendered":"http:\/\/talkpal.ai\/kasachische-grammatik\/"},"modified":"2025-12-17T16:59:20","modified_gmt":"2025-12-17T16:59:20","slug":"kasachische-grammatik","status":"publish","type":"page","link":"https:\/\/talkpal.ai\/de\/kasachische-grammatik\/","title":{"rendered":"Kasachische Grammatik"},"content":{"rendered":"\r\n\r\n\r\n<section class=\"languageChallengeSection\">\r\n    <div class=\"languageInfoWrapper\">\r\n        \r\n        <h1>Kasachische Grammatik<\/h1>\r\n        <p>Das Erlernen der kasachischen Sprache \u00f6ffnet Ihnen die T\u00fcr zu einer Sprache, die reich an Geschichte und Kultur ist und deren Herzst\u00fcck ein faszinierendes Grammatiksystem ist. Die <a href=\"https:\/\/talkpal.ai\/de\/beste-kasachische-grammatikbucher\/\">kasachische Grammatik<\/a> mag auf den ersten Blick kompliziert erscheinen, aber wenn Sie die wichtigsten Merkmale wie Vokalharmonie, Substantivf\u00e4lle und Verbformen verstehen, ist die Beherrschung der Sprache sowohl machbar als auch lohnend. Tauchen Sie ein und entdecken Sie, was <a href=\"https:\/\/talkpal.ai\/learn-kazakh\/\">Kasachisch<\/a> einzigartig macht!<\/p>\r\n\r\n                            <a class=\"getStartedHidden\" href=\"https:\/\/app.talkpal.ai\/de\/signup?lng=\">Leg los<\/a>\r\n        \r\n    <\/div>\r\n\r\n    <figure>\r\n    <img decoding=\"async\" width=\"768\" height=\"768\" src=\"https:\/\/talkpal.ai\/wp-content\/uploads\/2023\/06\/Khazak-768x768.png\" class=\"languageImage no-lazy\" alt=\"Default alt text\" fetchpriority=\"high\" sizes=\"(max-width: 768px) 150px, 768px\" srcset=\"https:\/\/talkpal.ai\/wp-content\/uploads\/2023\/06\/Khazak-768x768.png 768w, https:\/\/talkpal.ai\/wp-content\/uploads\/2023\/06\/Khazak-300x300.png 300w\" \/>\r\n    \r\n\r\n    <\/figure>\r\n\r\n            <a class=\"getStartedVisible\" href=\"https:\/\/app.talkpal.ai\/de\/signup?lng=\">Leg los<\/a>\r\n    \r\n<\/section>\r\n        <section class=\"grammarSection\">\r\n            <div class=\"grammarLinks\">\r\n                <a href=\"https:\/\/talkpal.ai\/de\/language\/adjektive-kasachische-grammatik\/\">Adjektive <\/a><a href=\"https:\/\/talkpal.ai\/de\/language\/adverbien-kasachische-grammatik\/\">Adverbien <\/a><a href=\"https:\/\/talkpal.ai\/de\/language\/artikel-kasachische-grammatik\/\">Artikel <\/a><a href=\"https:\/\/talkpal.ai\/de\/language\/konditionale-kasachische-grammatik\/\">Konditionale <\/a><a href=\"https:\/\/talkpal.ai\/de\/language\/perfekt-progressiv-kasachische-grammatik\/\">Perfekt Progressiv <\/a><a href=\"https:\/\/talkpal.ai\/de\/language\/praepositionen-kasachische-grammatik\/\">Pr\u00e4positionen <\/a><a href=\"https:\/\/talkpal.ai\/de\/language\/progressiv-kasachische-grammatik\/\">Progressiv <\/a><a href=\"https:\/\/talkpal.ai\/de\/language\/pronomen-determinanten-kasachische-grammatik\/\">Pronomen\/Determinanten <\/a><a href=\"https:\/\/talkpal.ai\/de\/language\/saetze-kasachische-grammatik\/\">S\u00e4tze <\/a><a href=\"https:\/\/talkpal.ai\/de\/language\/substantive-kasachische-grammatik\/\">Substantive <\/a><a href=\"https:\/\/talkpal.ai\/de\/language\/verben-kasachische-grammatik\/\">Verben <\/a><a href=\"https:\/\/talkpal.ai\/de\/language\/zeitformen-kasachische-grammatik\/\">Zeitformen <\/a><a href=\"https:\/\/talkpal.ai\/de\/language\/zeitvergleich-kasachische-grammatik\/\">Zeitvergleich <\/a>            <\/div>\r\n        <\/section>\r\n    <section class=\"promotionalBanner\">\r\n    <p class=\"promotionalText\">Der effizienteste Weg, eine Sprache zu lernen<\/p>\r\n    <a class=\"promotionalLink\" href=\"https:\/\/app.talkpal.ai\/de\/signup?lng=\">Talkpal kostenlos<\/a>\r\n<\/section>\n<div class=\"wp-block-group pageContainerStyle\"><div class=\"wp-block-group__inner-container is-layout-constrained wp-block-group-is-layout-constrained\">\n<h2 class=\"wp-block-heading\" id=\"h-kazakh-grammar-unlocking-the-secrets-of-the-kazakh-language\">Kasachische Grammatik: Die Geheimnisse der kasachischen Sprache entschl\u00fcsseln<\/h2>\n\n\n\n<p>Wenn es darum geht, die <a href=\"https:\/\/talkpal.ai\/de\/kasachstan-sprache-alles-was-sie-uber-die-kasachische-sprache-wissen-mussen\/\">kasachische Sprache<\/a> zu lernen, ist es wichtig, die Grundlagen der kasachischen <a href=\"https:\/\/talkpal.ai\/fr\/les\/\">Grammatik<\/a> zu verstehen, um ihre Geheimnisse zu entschl\u00fcsseln. Obwohl es auf den ersten Blick einsch\u00fcchternd erscheinen mag, verf\u00fcgt das Grammatiksystem \u00fcber einzigartige Funktionen, die die Sprache faszinierend machen. Dieser Artikel versucht, die wichtigsten Aspekte der kasachischen Grammatik zu beleuchten und bietet eine unterhaltsame und informelle Einf\u00fchrung in die reiche Struktur der Sprache.<\/p>\n\n\n\n<h3 class=\"wp-block-heading\" id=\"h-1-nouns-harmony-in-cases-and-declensions\">1. Substantive \u2013 Harmonie in F\u00e4llen und Deklinationen<\/h3>\n\n\n\n<p>Eines der ersten Dinge, die Sie in der kasachischen Grammatik beachten m\u00fcssen, ist die Struktur des Substantivs. Die Sprache verwendet ein Vokal-Harmoniesystem, bei dem die Vokale entweder vorne oder hinten stehen und harmonische Kombinationen bevorzugt werden. Dieses System kn\u00fcpft an den Substantivplural an, der durch verschiedene Suffixe gebildet wird, die der harmonischen Gruppe des Anfangssubstantivs entsprechen.<\/p>\n\n\n\n<p><a href=\"https:\/\/talkpal.ai\/de\/grammar\/allgemeine-substantive-in-der-kasachischen-grammatik\/\">Kasachische Substantive<\/a> unterliegen sieben F\u00e4llen: Nominativ, Genitiv, Dativ, Akkusativ, Lokativ, Ablativ und Instrumental. Auch wenn es zun\u00e4chst entmutigend wirkt, ist die Beherrschung dieser F\u00e4lle entscheidend f\u00fcr die <a href=\"https:\/\/talkpal.ai\/ar\/grammar_exercises\/bildung-%d8%aa%d9%85%d8%a7%d8%b1%d9%8a%d9%86-%d9%84%d9%84%d9%82%d9%88%d8%a7%d8%b9%d8%af-%d8%a7%d9%84%d8%a3%d9%84%d9%85%d8%a7%d9%86%d9%8a%d8%a9\/\">Bildung<\/a> genauer Satzstrukturen. Gro\u00df- und Kleinschreibung bestimmt die Beziehungen zwischen W\u00f6rtern und erm\u00f6glicht Flexibilit\u00e4t bei der Wortstellung, ohne die Bedeutung zu verlieren.<\/p>\n\n\n\n<h3 class=\"wp-block-heading\" id=\"h-2-adjectives-agreement-and-comparison\">2. Adjektive \u2013 \u00dcbereinstimmung und Vergleich<\/h3>\n\n\n\n<p><a href=\"https:\/\/talkpal.ai\/de\/grammar\/beschreibende-adjektive-in-der-kasachischen-grammatik\/\">Kasachische Adjektive<\/a> werden verwendet, um Substantive zu beschreiben und weitere Informationen \u00fcber Substantive bereitzustellen. Sie m\u00fcssen mit dem Substantiv, das sie in Bezug auf Gro\u00df- und Kleinschreibung \u00e4ndern, einverstanden sein. Dar\u00fcber hinaus k\u00f6nnen Adjektive mit Vergleichs- und Superlativgraden verglichen werden, die durch Hinzuf\u00fcgen entsprechender Suffixe erreicht werden, um unterschiedliche Betonungsebenen zu vermitteln.<\/p>\n\n\n\n<p>Zum Beispiel ist das Wort f\u00fcr &#8222;sch\u00f6n&#8220; auf Kasachisch &#8222;\u0441\u044b\u04a3\u0448\u044b&#8220;. Wenn Sie einen sch\u00f6nen Garten (\u0431\u0430\u049b) beschreiben, w\u00fcrde der Satz &#8222;\u0441\u044b\u04a3\u0448\u044b \u0431\u0430\u049b&#8220; lauten. Um &#8222;sch\u00f6ner&#8220; zu sagen, w\u00fcrden Sie &#8222;\u0441\u044b\u04a3\u0448\u044b\u0440\u0430\u049b&#8220; verwenden, w\u00e4hrend &#8222;die sch\u00f6nste&#8220; mit &#8222;\u0441\u044b\u04a3\u0448\u044b&#8220; gebildet w\u00fcrde. Um &#8222;der sch\u00f6nste Garten&#8220; zu sagen, w\u00fcrden Sie &#8222;\u0441\u044b\u04a3\u0448\u044b \u0431\u0430\u049b&#8220; verwenden.<\/p>\n\n\n\n<h3 class=\"wp-block-heading\" id=\"h-3-verbs-tense-mood-and-aspect\">3. Verben \u2013 Zeitform, Stimmung und Aspekt<\/h3>\n\n\n\n<p>Verben im Kasachischen stellen Zeitform, Stimmung und Aspekt dar. Die Sprache enth\u00e4lt drei Hauptformen: Vergangenheit, Gegenwart und Zukunft. Jede Zeitform hat unterschiedliche Formen, die auf dem Subjektpronomen, der Stimmung (z. B. <a href=\"https:\/\/talkpal.ai\/ja\/grammar_exercises\/imperatif-%e3%83%95%e3%83%a9%e3%83%b3%e3%82%b9%e3%81%ae%e6%96%87%e6%b3%95%e3%81%ae%e3%81%9f%e3%82%81%e3%81%ae%e6%bc%94%e7%bf%92\/\">Imperativ<\/a> oder Konditional) und dem Aspekt basieren (ob die Handlung perfekt ist und eine abgeschlossene Handlung widerspiegelt, oder imperfektiv, was auf eine laufende oder gewohnheitsm\u00e4\u00dfige Handlung hinweist).<\/p>\n\n\n\n<h3 class=\"wp-block-heading\" id=\"h-4-pronouns-personal-and-demonstrative\">4. Pronomen \u2013 pers\u00f6nlich und demonstrativ<\/h3>\n\n\n\n<p>Zu den Pronomen in der kasachischen Grammatik geh\u00f6ren pers\u00f6nliche, possessive, demonstrative, fragende und relative Variet\u00e4ten. Sie m\u00fcssen in Gro\u00df- und Kleinschreibung mit dem Substantiv, auf das sie sich beziehen oder das sie ersetzen, \u00fcbereinstimmen. Demonstrativpronomen haben zum Beispiel drei Formen: proximal (\u0431\u04b1\u043b), medial (\u043e\u0441\u044b) und distal (\u0430\u043d\u0430\u0443), je nach Entfernung zum Sprecher.<\/p>\n\n\n\n<h3 class=\"wp-block-heading\" id=\"h-5-embracing-the-uniqueness-of-kazakh-grammar\">5. Die Einzigartigkeit der kasachischen Grammatik annehmen<\/h3>\n\n\n\n<p>Wenn Sie sich auf Ihre Reise in die kasachische Sprache begeben, denken Sie daran, dass es nicht darum geht, alle Nuancen auf einmal zu beherrschen. Genie\u00dfen Sie es, das einzigartige Grammatiksystem zu entdecken, das Kasachisch auszeichnet, und nehmen Sie sich die Zeit, es zu verstehen, ohne sich \u00fcberfordert zu f\u00fchlen.<\/p>\n\n\n\n<p>Indem Sie die Besonderheiten der kasachischen Grammatik sch\u00e4tzen und erforschen, k\u00f6nnen Sie die Sch\u00f6nheit der Sprache wirklich erschlie\u00dfen und erhalten einen besseren Zugang zu dem reichen kulturellen Erbe, das sie verk\u00f6rpert. \u0421\u04d9\u0442\u0442\u0456 \u043e\u049b\u0443 \u2013 Viel Spa\u00df beim Lernen!<\/p>\n<\/div><\/div>\n\r\n<section class=\"learnNavigationSection\">\r\n            \r\n        <a href=\"https:\/\/talkpal.ai\/de\/kasachisch-lernen\/\">\r\n            <div class=\"learnNavigationWrapper\">\r\n                <div class=\"learnNavigationContent\">\r\n                    <img decoding=\"async\" src=\"https:\/\/talkpal.ai\/wp-content\/uploads\/2024\/08\/Kazakh.jpg\" alt=\"Kazakh Flag\">\r\n                    <div>\r\n                        <h4>\u00dcber Kasachisch Lernen<\/h4>\r\n                        <p>Erfahren Sie alles \u00fcber die kasachische Grammatik.<\/p>\r\n                    <\/div>\r\n                <\/div>\r\n            <\/div>\r\n        <\/a>\r\n\r\n        \r\n        <a href=\"https:\/\/talkpal.ai\/de\/kasachische-grammatikuebungen\/\">\r\n            <div class=\"learnNavigationWrapper\">\r\n                <div class=\"learnNavigationContent\">\r\n                    <img decoding=\"async\" src=\"https:\/\/talkpal.ai\/wp-content\/uploads\/2024\/08\/Kazakh.jpg\" alt=\"Kazakh Flag\">\r\n                    <div>\r\n                        <h4>Kasachisch Grammatik \u00dcbung<\/h4>\r\n                        <p>\u00dcbe die kasachische Grammatik .<\/p>\r\n                    <\/div>\r\n                <\/div>\r\n            <\/div>\r\n        <\/a>\r\n\r\n        \r\n        <a href=\"https:\/\/talkpal.ai\/vocabulary_language\/kazakh\/\">\r\n            <div class=\"learnNavigationWrapper\">\r\n                <div class=\"learnNavigationContent\">\r\n                    <img decoding=\"async\" src=\"https:\/\/talkpal.ai\/wp-content\/uploads\/2024\/08\/Kazakh.jpg\" alt=\"Kazakh Flag\">\r\n                    <div>\r\n                        <h4>Kasachisch Wortschatz<\/h4>\r\n                        <p>Erweitern Sie Ihren kasachischen Wortschatz.<\/p>\r\n                    <\/div>\r\n                <\/div>\r\n            <\/div>\r\n        <\/a>\r\n\r\n            <\/section>","protected":false},"excerpt":{"rendered":"<p>Kasachische Grammatik: Die Geheimnisse der kasachischen Sprache entschl\u00fcsseln Wenn es darum geht, die kasachische Sprache zu lernen, ist es wichtig, die Grundlagen der kasachischen Grammatik zu verstehen, um ihre Geheimnisse zu entschl\u00fcsseln. Obwohl es auf den ersten Blick einsch\u00fcchternd erscheinen mag, verf\u00fcgt das Grammatiksystem \u00fcber einzigartige Funktionen, die die Sprache faszinierend machen. Dieser Artikel versucht, [&hellip;]<\/p>\n","protected":false},"author":1,"featured_media":28429,"parent":0,"menu_order":0,"comment_status":"closed","ping_status":"closed","template":"LearningContentPage.php","meta":{"_acf_changed":false,"footnotes":""},"class_list":["post-73757","page","type-page","status-publish","has-post-thumbnail","hentry"],"acf":[],"yoast_head":"<!-- This site is optimized with the Yoast SEO Premium plugin v27.2 (Yoast SEO v27.2) - https:\/\/yoast.com\/product\/yoast-seo-premium-wordpress\/ -->\n<title>Kasachische Grammatik - Talkpal<\/title>\n<meta name=\"description\" content=\"Beherrschen Sie m\u00fchelos die kasachische Grammatik - lernen Sie die wichtigsten Regeln, \u00fcben Sie den Satzbau und verbessern Sie schnell Ihre Sprachgewandtheit\" \/>\n<meta name=\"robots\" content=\"index, follow, max-snippet:-1, max-image-preview:large, max-video-preview:-1\" \/>\n<link rel=\"canonical\" href=\"https:\/\/talkpal.ai\/de\/kasachische-grammatik\/\" \/>\n<meta property=\"og:locale\" content=\"de_DE\" \/>\n<meta property=\"og:type\" content=\"article\" \/>\n<meta property=\"og:title\" content=\"Kasachische Grammatik\" \/>\n<meta property=\"og:description\" content=\"Kasachische Grammatik: Die Geheimnisse der kasachischen Sprache entschl\u00fcsseln Wenn es darum geht, die kasachische Sprache zu lernen, ist es wichtig, die\" \/>\n<meta property=\"og:url\" content=\"https:\/\/talkpal.ai\/de\/kasachische-grammatik\/\" \/>\n<meta property=\"og:site_name\" content=\"Talkpal\" \/>\n<meta property=\"article:publisher\" content=\"https:\/\/www.facebook.com\/profile.php?id=100090733639311\" \/>\n<meta property=\"article:modified_time\" content=\"2025-12-17T16:59:20+00:00\" \/>\n<meta property=\"og:image\" content=\"https:\/\/talkpal.ai\/wp-content\/uploads\/2023\/05\/kazakhstan.png\" \/>\n\t<meta property=\"og:image:width\" content=\"512\" \/>\n\t<meta property=\"og:image:height\" content=\"512\" \/>\n\t<meta property=\"og:image:type\" content=\"image\/png\" \/>\n<meta name=\"twitter:card\" content=\"summary_large_image\" \/>\n<meta name=\"twitter:site\" content=\"@talkpalai\" \/>\n<meta name=\"twitter:label1\" content=\"Gesch\u00e4tzte Lesezeit\" \/>\n\t<meta name=\"twitter:data1\" content=\"3\u00a0Minuten\" \/>\n<script type=\"application\/ld+json\" class=\"yoast-schema-graph\">{\"@context\":\"https:\/\/schema.org\",\"@graph\":[{\"@type\":\"WebPage\",\"@id\":\"https:\/\/talkpal.ai\/de\/kasachische-grammatik\/\",\"url\":\"https:\/\/talkpal.ai\/de\/kasachische-grammatik\/\",\"name\":\"Kasachische Grammatik - Talkpal\",\"isPartOf\":{\"@id\":\"https:\/\/talkpal.ai\/de\/#website\"},\"primaryImageOfPage\":{\"@id\":\"https:\/\/talkpal.ai\/de\/kasachische-grammatik\/#primaryimage\"},\"image\":{\"@id\":\"https:\/\/talkpal.ai\/de\/kasachische-grammatik\/#primaryimage\"},\"thumbnailUrl\":\"https:\/\/talkpal.ai\/wp-content\/uploads\/2023\/05\/kazakhstan.png\",\"datePublished\":\"2023-05-14T14:11:00+00:00\",\"dateModified\":\"2025-12-17T16:59:20+00:00\",\"description\":\"Beherrschen Sie m\u00fchelos die kasachische Grammatik - lernen Sie die wichtigsten Regeln, \u00fcben Sie den Satzbau und verbessern Sie schnell Ihre Sprachgewandtheit\",\"breadcrumb\":{\"@id\":\"https:\/\/talkpal.ai\/de\/kasachische-grammatik\/#breadcrumb\"},\"inLanguage\":\"de\",\"potentialAction\":[{\"@type\":\"ReadAction\",\"target\":[\"https:\/\/talkpal.ai\/de\/kasachische-grammatik\/\"]}]},{\"@type\":\"ImageObject\",\"inLanguage\":\"de\",\"@id\":\"https:\/\/talkpal.ai\/de\/kasachische-grammatik\/#primaryimage\",\"url\":\"https:\/\/talkpal.ai\/wp-content\/uploads\/2023\/05\/kazakhstan.png\",\"contentUrl\":\"https:\/\/talkpal.ai\/wp-content\/uploads\/2023\/05\/kazakhstan.png\",\"width\":512,\"height\":512},{\"@type\":\"BreadcrumbList\",\"@id\":\"https:\/\/talkpal.ai\/de\/kasachische-grammatik\/#breadcrumb\",\"itemListElement\":[{\"@type\":\"ListItem\",\"position\":1,\"name\":\"Homepage\",\"item\":\"https:\/\/talkpal.ai\/de\/\"},{\"@type\":\"ListItem\",\"position\":2,\"name\":\"Kasachische Grammatik\"}]},{\"@type\":\"WebSite\",\"@id\":\"https:\/\/talkpal.ai\/de\/#website\",\"url\":\"https:\/\/talkpal.ai\/de\/\",\"name\":\"Talkpal\",\"description\":\"AI Language Learning\",\"publisher\":{\"@id\":\"https:\/\/talkpal.ai\/de\/#organization\"},\"alternateName\":\"Talkpal AI\",\"potentialAction\":[{\"@type\":\"SearchAction\",\"target\":{\"@type\":\"EntryPoint\",\"urlTemplate\":\"https:\/\/talkpal.ai\/de\/?s={search_term_string}\"},\"query-input\":{\"@type\":\"PropertyValueSpecification\",\"valueRequired\":true,\"valueName\":\"search_term_string\"}}],\"inLanguage\":\"de\"},{\"@type\":\"Organization\",\"@id\":\"https:\/\/talkpal.ai\/de\/#organization\",\"name\":\"Talkpal, Inc.\",\"alternateName\":\"Talkpal AI\",\"url\":\"https:\/\/talkpal.ai\/de\/\",\"logo\":{\"@type\":\"ImageObject\",\"inLanguage\":\"de\",\"@id\":\"https:\/\/talkpal.ai\/de\/#\/schema\/logo\/image\/\",\"url\":\"https:\/\/talkpal.ai\/wp-content\/uploads\/2024\/03\/Talkpal-Logo-Icon.png\",\"contentUrl\":\"https:\/\/talkpal.ai\/wp-content\/uploads\/2024\/03\/Talkpal-Logo-Icon.png\",\"width\":2880,\"height\":2880,\"caption\":\"Talkpal, Inc.\"},\"image\":{\"@id\":\"https:\/\/talkpal.ai\/de\/#\/schema\/logo\/image\/\"},\"sameAs\":[\"https:\/\/www.facebook.com\/profile.php?id=100090733639311\",\"https:\/\/x.com\/talkpalai\",\"https:\/\/www.linkedin.com\/company\/talkpal\/\",\"https:\/\/www.youtube.com\/@TalkPal\/\",\"https:\/\/www.tiktok.com\/@talkpal\",\"https:\/\/www.instagram.com\/talkpal_ai\/\",\"https:\/\/www.crunchbase.com\/organization\/talkpal-9cde\",\"https:\/\/www.g2.com\/products\/talkpal-for-business\/\",\"https:\/\/www.trustpilot.com\/review\/talkpal.ai\",\"https:\/\/www.capterra.com\/p\/10006800\/TalkPal\/\"],\"description\":\"Talkpal is a language learning web and mobile education app, powered by the latest AI technologies, that provides engaging experiences to its customers in many different languages to help them improve their language skills. Users can chat about unlimited amount of topics with the app and use other modes to practice their language learning.\",\"email\":\"support@talkpal.ai\",\"legalName\":\"Talkpal, Inc.\",\"foundingDate\":\"2023-04-03\",\"duns\":\"118989042\",\"numberOfEmployees\":{\"@type\":\"QuantitativeValue\",\"minValue\":\"11\",\"maxValue\":\"50\"},\"publishingPrinciples\":\"https:\/\/talkpal.ai\/publishing-principles\/\",\"actionableFeedbackPolicy\":\"https:\/\/talkpal.ai\/actionable-feedback-policy\/\",\"correctionsPolicy\":\"https:\/\/talkpal.ai\/corrections-policy\/\",\"ethicsPolicy\":\"https:\/\/talkpal.ai\/ethics-policy\/\",\"diversityPolicy\":\"https:\/\/talkpal.ai\/diversity-policy\/\",\"diversityStaffingReport\":\"https:\/\/talkpal.ai\/diversity-policy\/\"}]}<\/script>\n<!-- \/ Yoast SEO Premium plugin. -->","yoast_head_json":{"title":"Kasachische Grammatik - Talkpal","description":"Beherrschen Sie m\u00fchelos die kasachische Grammatik - lernen Sie die wichtigsten Regeln, \u00fcben Sie den Satzbau und verbessern Sie schnell Ihre Sprachgewandtheit","robots":{"index":"index","follow":"follow","max-snippet":"max-snippet:-1","max-image-preview":"max-image-preview:large","max-video-preview":"max-video-preview:-1"},"canonical":"https:\/\/talkpal.ai\/de\/kasachische-grammatik\/","og_locale":"de_DE","og_type":"article","og_title":"Kasachische Grammatik","og_description":"Kasachische Grammatik: Die Geheimnisse der kasachischen Sprache entschl\u00fcsseln Wenn es darum geht, die kasachische Sprache zu lernen, ist es wichtig, die","og_url":"https:\/\/talkpal.ai\/de\/kasachische-grammatik\/","og_site_name":"Talkpal","article_publisher":"https:\/\/www.facebook.com\/profile.php?id=100090733639311","article_modified_time":"2025-12-17T16:59:20+00:00","og_image":[{"width":512,"height":512,"url":"https:\/\/talkpal.ai\/wp-content\/uploads\/2023\/05\/kazakhstan.png","type":"image\/png"}],"twitter_card":"summary_large_image","twitter_site":"@talkpalai","twitter_misc":{"Gesch\u00e4tzte Lesezeit":"3\u00a0Minuten"},"schema":{"@context":"https:\/\/schema.org","@graph":[{"@type":"WebPage","@id":"https:\/\/talkpal.ai\/de\/kasachische-grammatik\/","url":"https:\/\/talkpal.ai\/de\/kasachische-grammatik\/","name":"Kasachische Grammatik - Talkpal","isPartOf":{"@id":"https:\/\/talkpal.ai\/de\/#website"},"primaryImageOfPage":{"@id":"https:\/\/talkpal.ai\/de\/kasachische-grammatik\/#primaryimage"},"image":{"@id":"https:\/\/talkpal.ai\/de\/kasachische-grammatik\/#primaryimage"},"thumbnailUrl":"https:\/\/talkpal.ai\/wp-content\/uploads\/2023\/05\/kazakhstan.png","datePublished":"2023-05-14T14:11:00+00:00","dateModified":"2025-12-17T16:59:20+00:00","description":"Beherrschen Sie m\u00fchelos die kasachische Grammatik - lernen Sie die wichtigsten Regeln, \u00fcben Sie den Satzbau und verbessern Sie schnell Ihre Sprachgewandtheit","breadcrumb":{"@id":"https:\/\/talkpal.ai\/de\/kasachische-grammatik\/#breadcrumb"},"inLanguage":"de","potentialAction":[{"@type":"ReadAction","target":["https:\/\/talkpal.ai\/de\/kasachische-grammatik\/"]}]},{"@type":"ImageObject","inLanguage":"de","@id":"https:\/\/talkpal.ai\/de\/kasachische-grammatik\/#primaryimage","url":"https:\/\/talkpal.ai\/wp-content\/uploads\/2023\/05\/kazakhstan.png","contentUrl":"https:\/\/talkpal.ai\/wp-content\/uploads\/2023\/05\/kazakhstan.png","width":512,"height":512},{"@type":"BreadcrumbList","@id":"https:\/\/talkpal.ai\/de\/kasachische-grammatik\/#breadcrumb","itemListElement":[{"@type":"ListItem","position":1,"name":"Homepage","item":"https:\/\/talkpal.ai\/de\/"},{"@type":"ListItem","position":2,"name":"Kasachische Grammatik"}]},{"@type":"WebSite","@id":"https:\/\/talkpal.ai\/de\/#website","url":"https:\/\/talkpal.ai\/de\/","name":"Talkpal","description":"AI Language Learning","publisher":{"@id":"https:\/\/talkpal.ai\/de\/#organization"},"alternateName":"Talkpal AI","potentialAction":[{"@type":"SearchAction","target":{"@type":"EntryPoint","urlTemplate":"https:\/\/talkpal.ai\/de\/?s={search_term_string}"},"query-input":{"@type":"PropertyValueSpecification","valueRequired":true,"valueName":"search_term_string"}}],"inLanguage":"de"},{"@type":"Organization","@id":"https:\/\/talkpal.ai\/de\/#organization","name":"Talkpal, Inc.","alternateName":"Talkpal AI","url":"https:\/\/talkpal.ai\/de\/","logo":{"@type":"ImageObject","inLanguage":"de","@id":"https:\/\/talkpal.ai\/de\/#\/schema\/logo\/image\/","url":"https:\/\/talkpal.ai\/wp-content\/uploads\/2024\/03\/Talkpal-Logo-Icon.png","contentUrl":"https:\/\/talkpal.ai\/wp-content\/uploads\/2024\/03\/Talkpal-Logo-Icon.png","width":2880,"height":2880,"caption":"Talkpal, Inc."},"image":{"@id":"https:\/\/talkpal.ai\/de\/#\/schema\/logo\/image\/"},"sameAs":["https:\/\/www.facebook.com\/profile.php?id=100090733639311","https:\/\/x.com\/talkpalai","https:\/\/www.linkedin.com\/company\/talkpal\/","https:\/\/www.youtube.com\/@TalkPal\/","https:\/\/www.tiktok.com\/@talkpal","https:\/\/www.instagram.com\/talkpal_ai\/","https:\/\/www.crunchbase.com\/organization\/talkpal-9cde","https:\/\/www.g2.com\/products\/talkpal-for-business\/","https:\/\/www.trustpilot.com\/review\/talkpal.ai","https:\/\/www.capterra.com\/p\/10006800\/TalkPal\/"],"description":"Talkpal is a language learning web and mobile education app, powered by the latest AI technologies, that provides engaging experiences to its customers in many different languages to help them improve their language skills. Users can chat about unlimited amount of topics with the app and use other modes to practice their language learning.","email":"support@talkpal.ai","legalName":"Talkpal, Inc.","foundingDate":"2023-04-03","duns":"118989042","numberOfEmployees":{"@type":"QuantitativeValue","minValue":"11","maxValue":"50"},"publishingPrinciples":"https:\/\/talkpal.ai\/publishing-principles\/","actionableFeedbackPolicy":"https:\/\/talkpal.ai\/actionable-feedback-policy\/","correctionsPolicy":"https:\/\/talkpal.ai\/corrections-policy\/","ethicsPolicy":"https:\/\/talkpal.ai\/ethics-policy\/","diversityPolicy":"https:\/\/talkpal.ai\/diversity-policy\/","diversityStaffingReport":"https:\/\/talkpal.ai\/diversity-policy\/"}]}},"_links":{"self":[{"href":"https:\/\/talkpal.ai\/de\/wp-json\/wp\/v2\/pages\/73757","targetHints":{"allow":["GET"]}}],"collection":[{"href":"https:\/\/talkpal.ai\/de\/wp-json\/wp\/v2\/pages"}],"about":[{"href":"https:\/\/talkpal.ai\/de\/wp-json\/wp\/v2\/types\/page"}],"author":[{"embeddable":true,"href":"https:\/\/talkpal.ai\/de\/wp-json\/wp\/v2\/users\/1"}],"replies":[{"embeddable":true,"href":"https:\/\/talkpal.ai\/de\/wp-json\/wp\/v2\/comments?post=73757"}],"version-history":[{"count":0,"href":"https:\/\/talkpal.ai\/de\/wp-json\/wp\/v2\/pages\/73757\/revisions"}],"wp:featuredmedia":[{"embeddable":true,"href":"https:\/\/talkpal.ai\/de\/wp-json\/wp\/v2\/media\/28429"}],"wp:attachment":[{"href":"https:\/\/talkpal.ai\/de\/wp-json\/wp\/v2\/media?parent=73757"}],"curies":[{"name":"wp","href":"https:\/\/api.w.org\/{rel}","templated":true}]}}