{"id":73729,"date":"2023-05-14T14:23:49","date_gmt":"2023-05-14T14:23:49","guid":{"rendered":"http:\/\/talkpal.ai\/tuerkische-grammatik\/"},"modified":"2025-12-13T15:57:01","modified_gmt":"2025-12-13T15:57:01","slug":"tuerkische-grammatik","status":"publish","type":"page","link":"https:\/\/talkpal.ai\/de\/tuerkische-grammatik\/","title":{"rendered":"T\u00fcrkische Grammatik"},"content":{"rendered":"\r\n\r\n\r\n<section class=\"languageChallengeSection\">\r\n    <div class=\"languageInfoWrapper\">\r\n        \r\n        <h1>T\u00fcrkische Grammatik<\/h1>\r\n        <p>Sind Sie neugierig, <a href=\"https:\/\/talkpal.ai\/learn-turkish\/\">T\u00fcrkisch<\/a> zu lernen? Entdecken Sie die <a href=\"https:\/\/talkpal.ai\/turkish-grammar\/\">t\u00fcrkische Grammatik<\/a> und sehen Sie, wie ihre logische Struktur, die Vokalharmonie und die leicht verst\u00e4ndlichen Verbmuster sie sowohl faszinierend als auch zug\u00e4nglich machen. Beginnen Sie Ihre Reise noch heute &#8211; die Beherrschung der t\u00fcrkischen <a href=\"https:\/\/talkpal.ai\/fr\/les\/\">Grammatik<\/a> ist Ihr Schl\u00fcssel zu einer flie\u00dfenden Kommunikation und zur Erschlie\u00dfung einer lebendigen Welt voller Kultur und Verbindungen!<\/p>\r\n\r\n                            <a class=\"getStartedHidden\" href=\"https:\/\/app.talkpal.ai\/de\/signup?lng=\">Leg los<\/a>\r\n        \r\n    <\/div>\r\n\r\n    <figure>\r\n    <img decoding=\"async\" width=\"768\" height=\"768\" src=\"https:\/\/talkpal.ai\/wp-content\/uploads\/2023\/06\/turkish-768x768.png\" class=\"languageImage no-lazy\" alt=\"Default alt text\" fetchpriority=\"high\" sizes=\"(max-width: 768px) 150px, 768px\" srcset=\"https:\/\/talkpal.ai\/wp-content\/uploads\/2023\/06\/turkish-768x768.png 768w, https:\/\/talkpal.ai\/wp-content\/uploads\/2023\/06\/turkish-300x300.png 300w\" \/>\r\n    \r\n\r\n    <\/figure>\r\n\r\n            <a class=\"getStartedVisible\" href=\"https:\/\/app.talkpal.ai\/de\/signup?lng=\">Leg los<\/a>\r\n    \r\n<\/section>\r\n        <section class=\"grammarSection\">\r\n            <div class=\"grammarLinks\">\r\n                <a href=\"https:\/\/talkpal.ai\/de\/language\/adjektive-turkische-grammatik\/\">Adjektive <\/a><a href=\"https:\/\/talkpal.ai\/de\/language\/adverbien-turkische-grammatik\/\">Adverbien <\/a><a href=\"https:\/\/talkpal.ai\/de\/language\/artikel-turkische-grammatik\/\">Artikel <\/a><a href=\"https:\/\/talkpal.ai\/de\/language\/konditionale-turkische-grammatik\/\">Konditionale <\/a><a href=\"https:\/\/talkpal.ai\/de\/language\/perfekt-progressiv-turkische-grammatik\/\">Perfekt Progressiv <\/a><a href=\"https:\/\/talkpal.ai\/de\/language\/prapositionen-turkische-grammatik\/\">Pr\u00e4positionen <\/a><a href=\"https:\/\/talkpal.ai\/de\/language\/progressiv-turkische-grammatik\/\">Progressiv <\/a><a href=\"https:\/\/talkpal.ai\/de\/language\/pronomen-determinanten-turkische-grammatik\/\">Pronomen\/Determinanten <\/a><a href=\"https:\/\/talkpal.ai\/de\/language\/satze-turkische-grammatik\/\">S\u00e4tze <\/a><a href=\"https:\/\/talkpal.ai\/de\/language\/substantive-turkische-grammatik\/\">Substantive <\/a><a href=\"https:\/\/talkpal.ai\/de\/language\/verben-turkische-grammatik\/\">Verben <\/a><a href=\"https:\/\/talkpal.ai\/de\/language\/zeitformen-turkische-grammatik\/\">Zeitformen <\/a><a href=\"https:\/\/talkpal.ai\/de\/language\/zeitvergleich-turkische-grammatik\/\">Zeitvergleich <\/a>            <\/div>\r\n        <\/section>\r\n    <section class=\"promotionalBanner\">\r\n    <p class=\"promotionalText\">Der effizienteste Weg, eine Sprache zu lernen<\/p>\r\n    <a class=\"promotionalLink\" href=\"https:\/\/app.talkpal.ai\/de\/signup?lng=\">Talkpal kostenlos<\/a>\r\n<\/section>\n<div class=\"wp-block-group pageContainerStyle\"><div class=\"wp-block-group__inner-container is-layout-constrained wp-block-group-is-layout-constrained\">\n<h2 class=\"wp-block-heading\" id=\"h-the-ultimate-guide-to-turkish-grammar-navigating-the-intricacies-of-a-unique-language\">Der ultimative Leitfaden f\u00fcr die t\u00fcrkische Grammatik: Navigieren Sie durch die Feinheiten einer einzigartigen Sprache<\/h2>\n\n\n\n<p>Die t\u00fcrkische Grammatik ist, wie die Sprache selbst, ein reiches und faszinierendes Geflecht von sprachlichen Elementen. Als Mitglied der t\u00fcrkischen Sprachfamilie fesselt T\u00fcrkisch die Lernenden mit seinen vielf\u00e4ltigen Funktionen und fordert selbst die ge\u00fcbtesten Sprecher heraus. In diesem Leitfaden erkunden wir die wichtigsten Prinzipien der t\u00fcrkischen Grammatik, entmystifizieren ihre Komplexit\u00e4t und unterst\u00fctzen Sie auf Ihrem Weg, diese fesselnde Sprache flie\u00dfend zu beherrschen. Fangen wir an!<\/p>\n\n\n\n<h3 class=\"wp-block-heading\" id=\"h-the-nuts-and-bolts-turkish-sentence-structure\">Das A und O: T\u00fcrkischer Satzbau<\/h3>\n\n\n\n<p>Im Kern ist die t\u00fcrkische Grammatik ziemlich einfach. Die Sprache folgt im Allgemeinen der Subjekt-Objekt-Verb (SOV)-Satzstruktur, im Gegensatz zum Englischen und vielen anderen Sprachen. Zum Beispiel wird der Satz &#8222;Ich esse einen Apfel&#8220; mit &#8222;Ben elma yiyorum&#8220; \u00fcbersetzt (Ben=Ich, elma=Apfel, yiyorum=Essen). Einfach, oder? Wenn wir jedoch tiefer in die Materie eindringen, werden Sie auf einige faszinierende und besondere Merkmale der t\u00fcrkischen Grammatik sto\u00dfen.<\/p>\n\n\n\n<h3 class=\"wp-block-heading\" id=\"h-meet-the-family-turkish-nouns-and-their-suffixes\">Lernen Sie die Familie kennen: T\u00fcrkische Substantive und ihre Suffixe<\/h3>\n\n\n\n<p>Eines der merkw\u00fcrdigsten Merkmale der t\u00fcrkischen Grammatik ist die Verwendung von Suffixen, um verschiedene grammatikalische Beziehungen auszudr\u00fccken. Im T\u00fcrkischen gibt es keine <a href=\"https:\/\/talkpal.ai\/ar\/grammar_exercises\/prapositionen-%d8%aa%d9%85%d8%a7%d8%b1%d9%8a%d9%86-%d9%84%d9%84%d9%82%d9%88%d8%a7%d8%b9%d8%af-%d8%a7%d9%84%d8%a3%d9%84%d9%85%d8%a7%d9%86%d9%8a%d8%a9\/\">Pr\u00e4positionen<\/a>; Stattdessen werden Suffixe an Substantive angeh\u00e4ngt, um Besitz, direkte Objekte und Ort anzuzeigen.<\/p>\n\n\n\n<p>Nehmen wir zum Beispiel das Wort &#8222;elma&#8220; (elma), das &#8222;Apfel&#8220; bedeutet:<\/p>\n\n\n\n<p><strong>&#8211; Besitztum: Benim elmam (Mein Apfel)<\/strong><\/p>\n\n\n\n<p><strong>&#8211; Direktes Objekt: Elmay\u0131 yedim (Ich habe den Apfel gegessen)<\/strong><\/p>\n\n\n\n<p><strong>&#8211; Standort: Elmada (Am Apfel)<\/strong><\/p>\n\n\n\n<p>Es ist wichtig, dass Sie sich mit diesen Suffixen vertraut machen, da sie die Bedeutung Ihrer S\u00e4tze drastisch ver\u00e4ndern k\u00f6nnen.<\/p>\n\n\n\n<h3 class=\"wp-block-heading\" id=\"h-playing-with-numbers-turkish-plurals-and-genders\">Spiel mit Zahlen: T\u00fcrkischer Plural und Geschlecht<\/h3>\n\n\n\n<p>Bei der <a href=\"https:\/\/talkpal.ai\/ar\/grammar_exercises\/bildung-%d8%aa%d9%85%d8%a7%d8%b1%d9%8a%d9%86-%d9%84%d9%84%d9%82%d9%88%d8%a7%d8%b9%d8%af-%d8%a7%d9%84%d8%a3%d9%84%d9%85%d8%a7%d9%86%d9%8a%d8%a9\/\">Bildung<\/a> von Pluralen im T\u00fcrkischen ist es wichtig, nur ein Suffix hinzuzuf\u00fcgen: -ler oder -lar, <a href=\"https:\/\/talkpal.ai\/culture\/how-do-i-use-the-word-je-nachdem\/\">je nachdem<\/a>, welcher Vokal im Wort am n\u00e4chsten ist. Im Gegensatz zu vielen anderen Sprachen gibt es im T\u00fcrkischen kein grammatikalisches Geschlecht. Das bedeutet, dass Sie sich keine Gedanken \u00fcber unterschiedliche Endungen oder Formen f\u00fcr m\u00e4nnliche, weibliche oder s\u00e4chliche Substantive machen m\u00fcssen.<\/p>\n\n\n\n<p>Zum Beispiel wird &#8222;k\u00f6pek&#8220; (k\u00f6pek, ein Substantiv mit der Bedeutung &#8222;Hund&#8220;) zu &#8222;k\u00f6pekler&#8220; (k\u00f6pekler, Hunde) und &#8222;kedi&#8220; (kedi, ein Substantiv mit der Bedeutung &#8222;Katze&#8220;) zu &#8222;kediler&#8220; (kediler, Katzen).<\/p>\n\n\n\n<h3 class=\"wp-block-heading\" id=\"h-the-art-of-conjugation-turkish-verbs\">Die Kunst der Konjugation: T\u00fcrkische Verben<\/h3>\n\n\n\n<p>T\u00fcrkische Verben m\u00f6gen aufgrund ihrer zahlreichen <a href=\"https:\/\/talkpal.ai\/zh-hans\/grammar_exercises\/zeitformen-%e5%be%b7%e5%9b%bd%e8%af%ad%e6%b3%95%e7%bb%83%e4%b9%a0\/\">Zeitformen<\/a>, Stimmungen und Konjugationen auf den ersten Blick abschreckend wirken. Der Schl\u00fcssel zu ihrem Verst\u00e4ndnis liegt jedoch darin, gemeinsame Muster zu erkennen und regelm\u00e4\u00dfig zu \u00fcben.<\/p>\n\n\n\n<p>Im T\u00fcrkischen verwenden Verben eine Vielzahl von Suffixen, um Zeitform, Stimmung und Person anzugeben. Der Verbstamm bleibt unver\u00e4ndert. Nehmen wir das Verb &#8222;yemek&#8220; (yemek, &#8222;essen&#8220;) als Beispiel:<\/p>\n\n\n\n<p><strong>Pr\u00e4sens in der kontinuierlichen Zeitform: Yiyorum (Ich esse)<\/strong><\/p>\n\n\n\n<p><strong>Vergangenheitsform: Yedim (Ich habe gegessen)<\/strong><\/p>\n\n\n\n<p><strong>Futur: Yiyece\u011fim (Ich werde essen)<\/strong><\/p>\n\n\n\n<p>Wie Sie sehen k\u00f6nnen, \u00e4ndern sich die Endungen je nach Zeitform und Person. Mit etwas \u00dcbung und Geduld werden Sie die Muster erkennen und diese Herausforderung meistern.<\/p>\n\n\n\n<h3 class=\"wp-block-heading\" id=\"h-the-finishing-touches-turkish-adjectives-adverbs-and-more\">Der letzte Schliff: T\u00fcrkische Adjektive, Adverbien und mehr<\/h3>\n\n\n\n<p>Wenn es um t\u00fcrkische Adjektive und Adverbien geht, spielen sie eine entscheidende Rolle, wenn es darum geht, Ihrer Sprache Tiefe und Komplexit\u00e4t zu verleihen. Adjektive m\u00fcssen im T\u00fcrkischen nicht mit den Substantiven \u00fcbereinstimmen, die sie modifizieren, was den Umgang mit ihnen einfacher macht als in vielen anderen Sprachen.<\/p>\n\n\n\n<p>Zum Beispiel bedeutet &#8222;g\u00fczel&#8220; (g\u00fczel) &#8222;sch\u00f6n&#8220;, und Sie k\u00f6nnten es als &#8222;g\u00fczel \u00e7i\u00e7ek&#8220; (g\u00fczel \u00e7i\u00e7ek, &#8222;sch\u00f6ne Blume&#8220;) oder &#8222;g\u00fczel k\u00f6pek&#8220; (g\u00fczel k\u00f6pek, &#8222;sch\u00f6ner Hund&#8220;) sehen, ohne dass sich Plural oder Geschlecht \u00e4ndern.<\/p>\n\n\n\n<p>Adverbien folgen in der Regel \u00e4hnlichen Mustern, die oft von Adjektiven abgeleitet sind. Im T\u00fcrkischen k\u00f6nnen viele Adverbien gebildet werden, indem man den Adjektiven das Suffix -ce oder -ca hinzuf\u00fcgt, je nachdem, welcher Vokal am n\u00e4chsten liegt.<\/p>\n\n\n\n<p>Zusammenfassend l\u00e4sst sich sagen, dass die Komplexit\u00e4t und die Eigenheiten der t\u00fcrkischen Grammatik zwar eine Herausforderung darstellen, der Sprache aber auch ihre fesselnde Sch\u00f6nheit und ihren Charakter verleihen. Mit einer Kombination aus Beharrlichkeit, Neugier und praktischer Anwendung werden Sie die t\u00fcrkische Grammatik bald mit Leichtigkeit und Selbstvertrauen beherrschen. Viel Spa\u00df beim Lernen!<\/p>\n<\/div><\/div>\n\r\n<section class=\"learnNavigationSection\">\r\n            \r\n        <a href=\"https:\/\/talkpal.ai\/de\/tuerkisch-lernen\/\">\r\n            <div class=\"learnNavigationWrapper\">\r\n                <div class=\"learnNavigationContent\">\r\n                    <img decoding=\"async\" src=\"https:\/\/talkpal.ai\/wp-content\/uploads\/2024\/08\/Turkish.jpg\" alt=\"Turkish Flag\">\r\n                    <div>\r\n                        <h4>\u00dcber T\u00fcrkisch lernen<\/h4>\r\n                        <p>Erfahren Sie alles \u00fcber die t\u00fcrkische Grammatik.<\/p>\r\n                    <\/div>\r\n                <\/div>\r\n            <\/div>\r\n        <\/a>\r\n\r\n        \r\n        <a href=\"https:\/\/talkpal.ai\/de\/tuerkische-grammatikuebungen\/\">\r\n            <div class=\"learnNavigationWrapper\">\r\n                <div class=\"learnNavigationContent\">\r\n                    <img decoding=\"async\" src=\"https:\/\/talkpal.ai\/wp-content\/uploads\/2024\/08\/Turkish.jpg\" alt=\"Turkish Flag\">\r\n                    <div>\r\n                        <h4>\u00dcbung zur t\u00fcrkischen Grammatik<\/h4>\r\n                        <p>\u00dcbe die t\u00fcrkische Grammatik .<\/p>\r\n                    <\/div>\r\n                <\/div>\r\n            <\/div>\r\n        <\/a>\r\n\r\n        \r\n        <a href=\"https:\/\/talkpal.ai\/vocabulary_language\/turkish\/\">\r\n            <div class=\"learnNavigationWrapper\">\r\n                <div class=\"learnNavigationContent\">\r\n                    <img decoding=\"async\" src=\"https:\/\/talkpal.ai\/wp-content\/uploads\/2024\/08\/Turkish.jpg\" alt=\"Turkish Flag\">\r\n                    <div>\r\n                        <h4>T\u00fcrkisch Wortschatz<\/h4>\r\n                        <p>Erweitern Sie Ihren t\u00fcrkischen Wortschatz.<\/p>\r\n                    <\/div>\r\n                <\/div>\r\n            <\/div>\r\n        <\/a>\r\n\r\n            <\/section>","protected":false},"excerpt":{"rendered":"<p>Der ultimative Leitfaden f\u00fcr die t\u00fcrkische Grammatik: Navigieren Sie durch die Feinheiten einer einzigartigen Sprache Die t\u00fcrkische Grammatik ist, wie die Sprache selbst, ein reiches und faszinierendes Geflecht von sprachlichen Elementen. Als Mitglied der t\u00fcrkischen Sprachfamilie fesselt T\u00fcrkisch die Lernenden mit seinen vielf\u00e4ltigen Funktionen und fordert selbst die ge\u00fcbtesten Sprecher heraus. In diesem Leitfaden erkunden [&hellip;]<\/p>\n","protected":false},"author":1,"featured_media":28749,"parent":0,"menu_order":0,"comment_status":"closed","ping_status":"closed","template":"LearningContentPage.php","meta":{"_acf_changed":false,"footnotes":""},"class_list":["post-73729","page","type-page","status-publish","has-post-thumbnail","hentry"],"acf":[],"yoast_head":"<!-- This site is optimized with the Yoast SEO Premium plugin v27.2 (Yoast SEO v27.2) - https:\/\/yoast.com\/product\/yoast-seo-premium-wordpress\/ -->\n<title>T\u00fcrkische Grammatik - Talkpal<\/title>\n<meta name=\"description\" content=\"Entschl\u00fcsseln Sie die Geheimnisse der t\u00fcrkischen Grammatik mit unserem umfassenden Leitfaden zu den wichtigsten Prinzipien und Satzstrukturen.\" \/>\n<meta name=\"robots\" content=\"index, follow, max-snippet:-1, max-image-preview:large, max-video-preview:-1\" \/>\n<link rel=\"canonical\" href=\"https:\/\/talkpal.ai\/de\/tuerkische-grammatik\/\" \/>\n<meta property=\"og:locale\" content=\"de_DE\" \/>\n<meta property=\"og:type\" content=\"article\" \/>\n<meta property=\"og:title\" content=\"T\u00fcrkische Grammatik\" \/>\n<meta property=\"og:description\" content=\"Der ultimative Leitfaden f\u00fcr die t\u00fcrkische Grammatik: Navigieren Sie durch die Feinheiten einer einzigartigen Sprache Die t\u00fcrkische Grammatik ist, wie die\" \/>\n<meta property=\"og:url\" content=\"https:\/\/talkpal.ai\/de\/tuerkische-grammatik\/\" \/>\n<meta property=\"og:site_name\" content=\"Talkpal\" \/>\n<meta property=\"article:publisher\" content=\"https:\/\/www.facebook.com\/profile.php?id=100090733639311\" \/>\n<meta property=\"article:modified_time\" content=\"2025-12-13T15:57:01+00:00\" \/>\n<meta property=\"og:image\" content=\"https:\/\/talkpal.ai\/wp-content\/uploads\/2023\/05\/turkish.png\" \/>\n\t<meta property=\"og:image:width\" content=\"512\" \/>\n\t<meta property=\"og:image:height\" content=\"512\" \/>\n\t<meta property=\"og:image:type\" content=\"image\/png\" \/>\n<meta name=\"twitter:card\" content=\"summary_large_image\" \/>\n<meta name=\"twitter:site\" content=\"@talkpalai\" \/>\n<meta name=\"twitter:label1\" content=\"Gesch\u00e4tzte Lesezeit\" \/>\n\t<meta name=\"twitter:data1\" content=\"4\u00a0Minuten\" \/>\n<script type=\"application\/ld+json\" class=\"yoast-schema-graph\">{\"@context\":\"https:\/\/schema.org\",\"@graph\":[{\"@type\":\"WebPage\",\"@id\":\"https:\/\/talkpal.ai\/de\/tuerkische-grammatik\/\",\"url\":\"https:\/\/talkpal.ai\/de\/tuerkische-grammatik\/\",\"name\":\"T\u00fcrkische Grammatik - Talkpal\",\"isPartOf\":{\"@id\":\"https:\/\/talkpal.ai\/de\/#website\"},\"primaryImageOfPage\":{\"@id\":\"https:\/\/talkpal.ai\/de\/tuerkische-grammatik\/#primaryimage\"},\"image\":{\"@id\":\"https:\/\/talkpal.ai\/de\/tuerkische-grammatik\/#primaryimage\"},\"thumbnailUrl\":\"https:\/\/talkpal.ai\/wp-content\/uploads\/2023\/05\/turkish.png\",\"datePublished\":\"2023-05-14T14:23:49+00:00\",\"dateModified\":\"2025-12-13T15:57:01+00:00\",\"description\":\"Entschl\u00fcsseln Sie die Geheimnisse der t\u00fcrkischen Grammatik mit unserem umfassenden Leitfaden zu den wichtigsten Prinzipien und Satzstrukturen.\",\"breadcrumb\":{\"@id\":\"https:\/\/talkpal.ai\/de\/tuerkische-grammatik\/#breadcrumb\"},\"inLanguage\":\"de\",\"potentialAction\":[{\"@type\":\"ReadAction\",\"target\":[\"https:\/\/talkpal.ai\/de\/tuerkische-grammatik\/\"]}]},{\"@type\":\"ImageObject\",\"inLanguage\":\"de\",\"@id\":\"https:\/\/talkpal.ai\/de\/tuerkische-grammatik\/#primaryimage\",\"url\":\"https:\/\/talkpal.ai\/wp-content\/uploads\/2023\/05\/turkish.png\",\"contentUrl\":\"https:\/\/talkpal.ai\/wp-content\/uploads\/2023\/05\/turkish.png\",\"width\":512,\"height\":512},{\"@type\":\"BreadcrumbList\",\"@id\":\"https:\/\/talkpal.ai\/de\/tuerkische-grammatik\/#breadcrumb\",\"itemListElement\":[{\"@type\":\"ListItem\",\"position\":1,\"name\":\"Homepage\",\"item\":\"https:\/\/talkpal.ai\/de\/\"},{\"@type\":\"ListItem\",\"position\":2,\"name\":\"T\u00fcrkische Grammatik\"}]},{\"@type\":\"WebSite\",\"@id\":\"https:\/\/talkpal.ai\/de\/#website\",\"url\":\"https:\/\/talkpal.ai\/de\/\",\"name\":\"Talkpal\",\"description\":\"AI Language Learning\",\"publisher\":{\"@id\":\"https:\/\/talkpal.ai\/de\/#organization\"},\"alternateName\":\"Talkpal AI\",\"potentialAction\":[{\"@type\":\"SearchAction\",\"target\":{\"@type\":\"EntryPoint\",\"urlTemplate\":\"https:\/\/talkpal.ai\/de\/?s={search_term_string}\"},\"query-input\":{\"@type\":\"PropertyValueSpecification\",\"valueRequired\":true,\"valueName\":\"search_term_string\"}}],\"inLanguage\":\"de\"},{\"@type\":\"Organization\",\"@id\":\"https:\/\/talkpal.ai\/de\/#organization\",\"name\":\"Talkpal, Inc.\",\"alternateName\":\"Talkpal AI\",\"url\":\"https:\/\/talkpal.ai\/de\/\",\"logo\":{\"@type\":\"ImageObject\",\"inLanguage\":\"de\",\"@id\":\"https:\/\/talkpal.ai\/de\/#\/schema\/logo\/image\/\",\"url\":\"https:\/\/talkpal.ai\/wp-content\/uploads\/2024\/03\/Talkpal-Logo-Icon.png\",\"contentUrl\":\"https:\/\/talkpal.ai\/wp-content\/uploads\/2024\/03\/Talkpal-Logo-Icon.png\",\"width\":2880,\"height\":2880,\"caption\":\"Talkpal, Inc.\"},\"image\":{\"@id\":\"https:\/\/talkpal.ai\/de\/#\/schema\/logo\/image\/\"},\"sameAs\":[\"https:\/\/www.facebook.com\/profile.php?id=100090733639311\",\"https:\/\/x.com\/talkpalai\",\"https:\/\/www.linkedin.com\/company\/talkpal\/\",\"https:\/\/www.youtube.com\/@TalkPal\/\",\"https:\/\/www.tiktok.com\/@talkpal\",\"https:\/\/www.instagram.com\/talkpal_ai\/\",\"https:\/\/www.crunchbase.com\/organization\/talkpal-9cde\",\"https:\/\/www.g2.com\/products\/talkpal-for-business\/\",\"https:\/\/www.trustpilot.com\/review\/talkpal.ai\",\"https:\/\/www.capterra.com\/p\/10006800\/TalkPal\/\"],\"description\":\"Talkpal is a language learning web and mobile education app, powered by the latest AI technologies, that provides engaging experiences to its customers in many different languages to help them improve their language skills. Users can chat about unlimited amount of topics with the app and use other modes to practice their language learning.\",\"email\":\"support@talkpal.ai\",\"legalName\":\"Talkpal, Inc.\",\"foundingDate\":\"2023-04-03\",\"duns\":\"118989042\",\"numberOfEmployees\":{\"@type\":\"QuantitativeValue\",\"minValue\":\"11\",\"maxValue\":\"50\"},\"publishingPrinciples\":\"https:\/\/talkpal.ai\/publishing-principles\/\",\"actionableFeedbackPolicy\":\"https:\/\/talkpal.ai\/actionable-feedback-policy\/\",\"correctionsPolicy\":\"https:\/\/talkpal.ai\/corrections-policy\/\",\"ethicsPolicy\":\"https:\/\/talkpal.ai\/ethics-policy\/\",\"diversityPolicy\":\"https:\/\/talkpal.ai\/diversity-policy\/\",\"diversityStaffingReport\":\"https:\/\/talkpal.ai\/diversity-policy\/\"}]}<\/script>\n<!-- \/ Yoast SEO Premium plugin. -->","yoast_head_json":{"title":"T\u00fcrkische Grammatik - Talkpal","description":"Entschl\u00fcsseln Sie die Geheimnisse der t\u00fcrkischen Grammatik mit unserem umfassenden Leitfaden zu den wichtigsten Prinzipien und Satzstrukturen.","robots":{"index":"index","follow":"follow","max-snippet":"max-snippet:-1","max-image-preview":"max-image-preview:large","max-video-preview":"max-video-preview:-1"},"canonical":"https:\/\/talkpal.ai\/de\/tuerkische-grammatik\/","og_locale":"de_DE","og_type":"article","og_title":"T\u00fcrkische Grammatik","og_description":"Der ultimative Leitfaden f\u00fcr die t\u00fcrkische Grammatik: Navigieren Sie durch die Feinheiten einer einzigartigen Sprache Die t\u00fcrkische Grammatik ist, wie die","og_url":"https:\/\/talkpal.ai\/de\/tuerkische-grammatik\/","og_site_name":"Talkpal","article_publisher":"https:\/\/www.facebook.com\/profile.php?id=100090733639311","article_modified_time":"2025-12-13T15:57:01+00:00","og_image":[{"width":512,"height":512,"url":"https:\/\/talkpal.ai\/wp-content\/uploads\/2023\/05\/turkish.png","type":"image\/png"}],"twitter_card":"summary_large_image","twitter_site":"@talkpalai","twitter_misc":{"Gesch\u00e4tzte Lesezeit":"4\u00a0Minuten"},"schema":{"@context":"https:\/\/schema.org","@graph":[{"@type":"WebPage","@id":"https:\/\/talkpal.ai\/de\/tuerkische-grammatik\/","url":"https:\/\/talkpal.ai\/de\/tuerkische-grammatik\/","name":"T\u00fcrkische Grammatik - Talkpal","isPartOf":{"@id":"https:\/\/talkpal.ai\/de\/#website"},"primaryImageOfPage":{"@id":"https:\/\/talkpal.ai\/de\/tuerkische-grammatik\/#primaryimage"},"image":{"@id":"https:\/\/talkpal.ai\/de\/tuerkische-grammatik\/#primaryimage"},"thumbnailUrl":"https:\/\/talkpal.ai\/wp-content\/uploads\/2023\/05\/turkish.png","datePublished":"2023-05-14T14:23:49+00:00","dateModified":"2025-12-13T15:57:01+00:00","description":"Entschl\u00fcsseln Sie die Geheimnisse der t\u00fcrkischen Grammatik mit unserem umfassenden Leitfaden zu den wichtigsten Prinzipien und Satzstrukturen.","breadcrumb":{"@id":"https:\/\/talkpal.ai\/de\/tuerkische-grammatik\/#breadcrumb"},"inLanguage":"de","potentialAction":[{"@type":"ReadAction","target":["https:\/\/talkpal.ai\/de\/tuerkische-grammatik\/"]}]},{"@type":"ImageObject","inLanguage":"de","@id":"https:\/\/talkpal.ai\/de\/tuerkische-grammatik\/#primaryimage","url":"https:\/\/talkpal.ai\/wp-content\/uploads\/2023\/05\/turkish.png","contentUrl":"https:\/\/talkpal.ai\/wp-content\/uploads\/2023\/05\/turkish.png","width":512,"height":512},{"@type":"BreadcrumbList","@id":"https:\/\/talkpal.ai\/de\/tuerkische-grammatik\/#breadcrumb","itemListElement":[{"@type":"ListItem","position":1,"name":"Homepage","item":"https:\/\/talkpal.ai\/de\/"},{"@type":"ListItem","position":2,"name":"T\u00fcrkische Grammatik"}]},{"@type":"WebSite","@id":"https:\/\/talkpal.ai\/de\/#website","url":"https:\/\/talkpal.ai\/de\/","name":"Talkpal","description":"AI Language Learning","publisher":{"@id":"https:\/\/talkpal.ai\/de\/#organization"},"alternateName":"Talkpal AI","potentialAction":[{"@type":"SearchAction","target":{"@type":"EntryPoint","urlTemplate":"https:\/\/talkpal.ai\/de\/?s={search_term_string}"},"query-input":{"@type":"PropertyValueSpecification","valueRequired":true,"valueName":"search_term_string"}}],"inLanguage":"de"},{"@type":"Organization","@id":"https:\/\/talkpal.ai\/de\/#organization","name":"Talkpal, Inc.","alternateName":"Talkpal AI","url":"https:\/\/talkpal.ai\/de\/","logo":{"@type":"ImageObject","inLanguage":"de","@id":"https:\/\/talkpal.ai\/de\/#\/schema\/logo\/image\/","url":"https:\/\/talkpal.ai\/wp-content\/uploads\/2024\/03\/Talkpal-Logo-Icon.png","contentUrl":"https:\/\/talkpal.ai\/wp-content\/uploads\/2024\/03\/Talkpal-Logo-Icon.png","width":2880,"height":2880,"caption":"Talkpal, Inc."},"image":{"@id":"https:\/\/talkpal.ai\/de\/#\/schema\/logo\/image\/"},"sameAs":["https:\/\/www.facebook.com\/profile.php?id=100090733639311","https:\/\/x.com\/talkpalai","https:\/\/www.linkedin.com\/company\/talkpal\/","https:\/\/www.youtube.com\/@TalkPal\/","https:\/\/www.tiktok.com\/@talkpal","https:\/\/www.instagram.com\/talkpal_ai\/","https:\/\/www.crunchbase.com\/organization\/talkpal-9cde","https:\/\/www.g2.com\/products\/talkpal-for-business\/","https:\/\/www.trustpilot.com\/review\/talkpal.ai","https:\/\/www.capterra.com\/p\/10006800\/TalkPal\/"],"description":"Talkpal is a language learning web and mobile education app, powered by the latest AI technologies, that provides engaging experiences to its customers in many different languages to help them improve their language skills. Users can chat about unlimited amount of topics with the app and use other modes to practice their language learning.","email":"support@talkpal.ai","legalName":"Talkpal, Inc.","foundingDate":"2023-04-03","duns":"118989042","numberOfEmployees":{"@type":"QuantitativeValue","minValue":"11","maxValue":"50"},"publishingPrinciples":"https:\/\/talkpal.ai\/publishing-principles\/","actionableFeedbackPolicy":"https:\/\/talkpal.ai\/actionable-feedback-policy\/","correctionsPolicy":"https:\/\/talkpal.ai\/corrections-policy\/","ethicsPolicy":"https:\/\/talkpal.ai\/ethics-policy\/","diversityPolicy":"https:\/\/talkpal.ai\/diversity-policy\/","diversityStaffingReport":"https:\/\/talkpal.ai\/diversity-policy\/"}]}},"_links":{"self":[{"href":"https:\/\/talkpal.ai\/de\/wp-json\/wp\/v2\/pages\/73729","targetHints":{"allow":["GET"]}}],"collection":[{"href":"https:\/\/talkpal.ai\/de\/wp-json\/wp\/v2\/pages"}],"about":[{"href":"https:\/\/talkpal.ai\/de\/wp-json\/wp\/v2\/types\/page"}],"author":[{"embeddable":true,"href":"https:\/\/talkpal.ai\/de\/wp-json\/wp\/v2\/users\/1"}],"replies":[{"embeddable":true,"href":"https:\/\/talkpal.ai\/de\/wp-json\/wp\/v2\/comments?post=73729"}],"version-history":[{"count":0,"href":"https:\/\/talkpal.ai\/de\/wp-json\/wp\/v2\/pages\/73729\/revisions"}],"wp:featuredmedia":[{"embeddable":true,"href":"https:\/\/talkpal.ai\/de\/wp-json\/wp\/v2\/media\/28749"}],"wp:attachment":[{"href":"https:\/\/talkpal.ai\/de\/wp-json\/wp\/v2\/media?parent=73729"}],"curies":[{"name":"wp","href":"https:\/\/api.w.org\/{rel}","templated":true}]}}