{"id":73727,"date":"2023-05-14T14:18:46","date_gmt":"2023-05-14T14:18:46","guid":{"rendered":"http:\/\/talkpal.ai\/polnische-grammatik\/"},"modified":"2025-12-17T17:16:23","modified_gmt":"2025-12-17T17:16:23","slug":"polnische-grammatik","status":"publish","type":"page","link":"https:\/\/talkpal.ai\/de\/polnische-grammatik\/","title":{"rendered":"Polnische Grammatik"},"content":{"rendered":"\r\n\r\n\r\n<section class=\"languageChallengeSection\">\r\n    <div class=\"languageInfoWrapper\">\r\n        \r\n        <h1>Polnische Grammatik<\/h1>\r\n        <p>Tauchen Sie ein in die faszinierende Welt der polnischen <a href=\"https:\/\/talkpal.ai\/fr\/les\/\">Grammatik<\/a> und entdecken Sie die Grundlagen einer der am meisten gesprochenen Sprachen Mitteleuropas. Wenn Sie die wichtigsten Regeln beherrschen, werden Sie effektiver kommunizieren und ein tieferes Verst\u00e4ndnis der polnischen Kultur gewinnen. Beginnen Sie noch heute mit dem Erlernen der polnischen Grammatik und machen Sie den ersten Schritt in Richtung flie\u00dfend sprechen!<\/p>\r\n\r\n                            <a class=\"getStartedHidden\" href=\"https:\/\/app.talkpal.ai\/de\/signup?lng=\">Leg los<\/a>\r\n        \r\n    <\/div>\r\n\r\n    <figure>\r\n    <img decoding=\"async\" width=\"768\" height=\"768\" src=\"https:\/\/talkpal.ai\/wp-content\/uploads\/2023\/06\/polish-768x768.png\" class=\"languageImage no-lazy\" alt=\"Default alt text\" fetchpriority=\"high\" sizes=\"(max-width: 768px) 150px, 768px\" srcset=\"https:\/\/talkpal.ai\/wp-content\/uploads\/2023\/06\/polish-768x768.png 768w, https:\/\/talkpal.ai\/wp-content\/uploads\/2023\/06\/polish-300x300.png 300w\" \/>\r\n    \r\n\r\n    <\/figure>\r\n\r\n            <a class=\"getStartedVisible\" href=\"https:\/\/app.talkpal.ai\/de\/signup?lng=\">Leg los<\/a>\r\n    \r\n<\/section>\r\n        <section class=\"grammarSection\">\r\n            <div class=\"grammarLinks\">\r\n                <a href=\"https:\/\/talkpal.ai\/de\/language\/adjektive-polnische-grammatik\/\">Adjektive <\/a><a href=\"https:\/\/talkpal.ai\/de\/language\/adverbien-polnische-grammatik\/\">Adverbien <\/a><a href=\"https:\/\/talkpal.ai\/de\/language\/artikel-polnische-grammatik\/\">Artikel <\/a><a href=\"https:\/\/talkpal.ai\/de\/language\/konditionale-polnische-grammatik\/\">Konditionale <\/a><a href=\"https:\/\/talkpal.ai\/de\/language\/perfekt-progressiv-polnische-grammatik\/\">Perfekt Progressiv <\/a><a href=\"https:\/\/talkpal.ai\/de\/language\/prapositionen-polnische-grammatik\/\">Pr\u00e4positionen <\/a><a href=\"https:\/\/talkpal.ai\/de\/language\/progressiv-polnische-grammatik\/\">Progressiv <\/a><a href=\"https:\/\/talkpal.ai\/de\/language\/pronomen-determinanten-polnische-grammatik\/\">Pronomen\/Determinanten <\/a><a href=\"https:\/\/talkpal.ai\/de\/language\/satze-polnische-grammatik\/\">S\u00e4tze <\/a><a href=\"https:\/\/talkpal.ai\/de\/language\/substantive-polnische-grammatik\/\">Substantive <\/a><a href=\"https:\/\/talkpal.ai\/de\/language\/verben-polnische-grammatik\/\">Verben <\/a><a href=\"https:\/\/talkpal.ai\/de\/language\/zeitformen-polnische-grammatik\/\">Zeitformen <\/a><a href=\"https:\/\/talkpal.ai\/de\/language\/zeitvergleich-polnische-grammatik\/\">Zeitvergleich <\/a>            <\/div>\r\n        <\/section>\r\n    <section class=\"promotionalBanner\">\r\n    <p class=\"promotionalText\">Der effizienteste Weg, eine Sprache zu lernen<\/p>\r\n    <a class=\"promotionalLink\" href=\"https:\/\/app.talkpal.ai\/de\/signup?lng=\">Talkpal kostenlos<\/a>\r\n<\/section>\n<div class=\"wp-block-group pageContainerStyle\"><div class=\"wp-block-group__inner-container is-layout-constrained wp-block-group-is-layout-constrained\">\n<h2 class=\"wp-block-heading\" id=\"h-breaking-down-the-puzzle-of-polish-grammar\">Das R\u00e4tsel der polnischen Grammatik entschl\u00fcsseln<\/h2>\n\n\n\n<p>Polnisch, eine slawische Sprache, ist sowohl herausfordernd als auch lohnend f\u00fcr Sprachlerner, die ein einzigartiges sprachliches Abenteuer suchen. Wenn Sie in das Polnische eintauchen, werden Sie eine faszinierende Geschichte und Kultur entdecken, die den Reichtum der Sprache selbst erg\u00e4nzt. Obwohl die <a href=\"https:\/\/talkpal.ai\/de\/beste-polnische-grammatikbucher\/\">polnische Grammatik<\/a> kompliziert erscheinen mag, macht die Zerlegung in \u00fcberschaubare Elemente den Lernprozess zug\u00e4nglicher. Dieser Artikel soll Sie in die faszinierende Welt der polnischen Grammatik einf\u00fchren und Ihnen eine Anleitung geben, wie Sie ihre Komplexit\u00e4t bew\u00e4ltigen k\u00f6nnen.<\/p>\n\n\n\n<h3 class=\"wp-block-heading\" id=\"h-1-noun-gender-and-cases\">1. Substantiv, Geschlecht und F\u00e4lle<\/h3>\n\n\n\n<p><a href=\"https:\/\/talkpal.ai\/de\/grammar\/gebrauchliche-substantive-in-der-polnischen-grammatik\/\">Polnische Substantive<\/a> haben grammatikalische Geschlechter &#8211; maskulin, feminin und neutra &#8211; die sich auf die Formen der Adjektive, Pronomen und Verben auswirken, die sie begleiten. Dar\u00fcber hinaus gibt es im Polnischen sieben grammatikalische F\u00e4lle: Nominativ, Genitiv, Dativ, Akkusativ, Instrumental, Lokativ und Vokativ. Sich mit dem Geschlechter- und Kasussystem vertraut zu machen, ist entscheidend, um genaue polnische S\u00e4tze zu verstehen und zu konstruieren.<\/p>\n\n\n\n<h3 class=\"wp-block-heading\" id=\"h-2-verb-conjugation-person-tense-and-aspect\">2. Verbkonjugation: Person, Zeitform und Aspekt<\/h3>\n\n\n\n<p>Polnische Verben m\u00fcssen entsprechend der Zeitform, dem Aspekt und der Person (erster, zweiter oder dritter) konjugiert werden. <a href=\"https:\/\/talkpal.ai\/culture\/what-is-the-difference-between-es-gibt-and-da-ist\/\">Es gibt<\/a> drei Hauptformen: Gegenwart, Vergangenheit und Zukunft. Dar\u00fcber hinaus haben polnische Verben zwei Aspekte: Perfektiv (f\u00fcr abgeschlossene Handlungen) und Imperfektiv (f\u00fcr laufende oder gewohnheitsm\u00e4\u00dfig ausgef\u00fchrte Handlungen). Die Beherrschung dieser Konjugationsregeln wird Ihre verbalen Kommunikationsf\u00e4higkeiten auf Polnisch erheblich verbessern.<\/p>\n\n\n\n<h3 class=\"wp-block-heading\" id=\"h-3-adjectives-agreement-and-placement\">3. Adjektive: Vereinbarung und Platzierung<\/h3>\n\n\n\n<p>Polnische Adjektive m\u00fcssen mit dem Substantiv, das sie modifizieren, in Bezug auf Geschlecht, Zahl und Gro\u00df- und Kleinschreibung \u00fcbereinstimmen. Adjektive stehen in der Regel vor dem Substantiv und bieten einen wesentlichen beschreibenden Kontext f\u00fcr den Satz.<\/p>\n\n\n\n<p>Beispiele:<\/p>\n\n\n\n<p>&#8211; czerwona sukienka (ein rotes Kleid)<\/p>\n\n\n\n<p>&#8211; pi\u0119kny ogr\u00f3d (ein sch\u00f6ner Garten)<\/p>\n\n\n\n<h3 class=\"wp-block-heading\" id=\"h-4-pronouns-types-and-uses\">4. Pronomen: Arten und Verwendungen<\/h3>\n\n\n\n<p>Polnische Pronomen gibt es in verschiedenen Formen, darunter Personal-, Possessiv-, Reflex-, Demonstrativ- und Fragepronomen. Wenn du verstehst, wie und wann du diese Pronomen verwendest, wird deine polnische Grammatik genauer und deine allgemeinen <a href=\"https:\/\/talkpal.ai\/de\/sprachkenntnisse-durch-stipendien-und-austauschprogramme-verbessern\/\">Sprachkenntnisse verbessern<\/a>.<\/p>\n\n\n\n<h3 class=\"wp-block-heading\" id=\"h-5-negation-conveying-the-opposite\">5. Negation: Das Gegenteil vermitteln<\/h3>\n\n\n\n<p>In der polnischen Grammatik wird die <a href=\"https:\/\/talkpal.ai\/zh-hans\/grammar_exercises\/negazione-%e6%84%8f%e5%a4%a7%e5%88%a9%e8%af%ad%e6%b3%95%e7%bb%83%e4%b9%a0\/\">Negation<\/a> durch Hinzuf\u00fcgen des Wortes &#8222;nie&#8220; vor Verben, Adjektiven, <a href=\"https:\/\/talkpal.ai\/ar\/grammar_exercises\/adverbien-%d8%aa%d9%85%d8%a7%d8%b1%d9%8a%d9%86-%d9%84%d9%84%d9%82%d9%88%d8%a7%d8%b9%d8%af-%d8%a7%d9%84%d8%a3%d9%84%d9%85%d8%a7%d9%86%d9%8a%d8%a9\/\">Adverbien<\/a> oder Pronomen erreicht. F\u00fcr die Verneinung von S\u00e4tzen mit Substantiven gelten jedoch besondere Regeln, die eine zus\u00e4tzliche Pr\u00e4position oder eine andere Substantivform erfordern k\u00f6nnen. Das Erkennen dieser Negationsmuster wird Ihnen helfen, Ihre beabsichtigte Bedeutung klar auf Polnisch zu vermitteln.<\/p>\n\n\n\n<h3 class=\"wp-block-heading\" id=\"h-6-engage-with-the-language\">6. Besch\u00e4ftigen Sie sich mit der Sprache<\/h3>\n\n\n\n<p>Der effektivste Weg, die polnische Grammatik zu verstehen und zu verinnerlichen, besteht darin, sich regelm\u00e4\u00dfig mit der Sprache auseinanderzusetzen. Von der Lekt\u00fcre polnischer Literatur \u00fcber das Anschauen polnischer Filme bis hin zur aktiven Konversation mit Muttersprachlern \u2013 das Eintauchen in verschiedene Kontexte st\u00e4rkt Ihr Verst\u00e4ndnis der Grammatik und erweitert gleichzeitig Ihren Wortschatz.<\/p>\n\n\n\n<h3 class=\"wp-block-heading\" id=\"h-conclusion\">Schlussfolgerung<\/h3>\n\n\n\n<p>Auch wenn die polnische Grammatik verworren erscheinen mag, wird es Ihnen helfen, diese einzigartige Sprache zu beherrschen, wenn Sie sie konsequent \u00fcben und Schritt f\u00fcr Schritt angehen. Nehmen Sie die Herausforderung an, wenn Sie Ihre Reise in die polnische Sprache beginnen, und schon bald werden Sie sich dabei ertappen, wie Sie die Feinheiten der Grammatik entschl\u00fcsseln. Viel Erfolg beim Lernen und viel Spa\u00df beim Erkunden der Schichten der polnischen Grammatik!<\/p>\n<\/div><\/div>\n\r\n<section class=\"learnNavigationSection\">\r\n            \r\n        <a href=\"https:\/\/talkpal.ai\/de\/polnisch-lernen\/\">\r\n            <div class=\"learnNavigationWrapper\">\r\n                <div class=\"learnNavigationContent\">\r\n                    <img decoding=\"async\" src=\"https:\/\/talkpal.ai\/wp-content\/uploads\/2024\/08\/Polish.jpg\" alt=\"Polish Flag\">\r\n                    <div>\r\n                        <h4>\u00dcber Polnisch lernen<\/h4>\r\n                        <p>Erfahren Sie alles \u00fcber die polnische Grammatik.<\/p>\r\n                    <\/div>\r\n                <\/div>\r\n            <\/div>\r\n        <\/a>\r\n\r\n        \r\n        <a href=\"https:\/\/talkpal.ai\/de\/polnische-grammatikuebungen\/\">\r\n            <div class=\"learnNavigationWrapper\">\r\n                <div class=\"learnNavigationContent\">\r\n                    <img decoding=\"async\" src=\"https:\/\/talkpal.ai\/wp-content\/uploads\/2024\/08\/Polish.jpg\" alt=\"Polish Flag\">\r\n                    <div>\r\n                        <h4>\u00dcbung zur polnischen Grammatik<\/h4>\r\n                        <p>\u00dcbe die polnische Grammatik .<\/p>\r\n                    <\/div>\r\n                <\/div>\r\n            <\/div>\r\n        <\/a>\r\n\r\n        \r\n        <a href=\"https:\/\/talkpal.ai\/vocabulary_language\/polish\/\">\r\n            <div class=\"learnNavigationWrapper\">\r\n                <div class=\"learnNavigationContent\">\r\n                    <img decoding=\"async\" src=\"https:\/\/talkpal.ai\/wp-content\/uploads\/2024\/08\/Polish.jpg\" alt=\"Polish Flag\">\r\n                    <div>\r\n                        <h4>Polnischer Wortschatz<\/h4>\r\n                        <p>Erweitern Sie Ihren polnischen Wortschatz.<\/p>\r\n                    <\/div>\r\n                <\/div>\r\n            <\/div>\r\n        <\/a>\r\n\r\n            <\/section>","protected":false},"excerpt":{"rendered":"<p>Das R\u00e4tsel der polnischen Grammatik entschl\u00fcsseln Polnisch, eine slawische Sprache, ist sowohl herausfordernd als auch lohnend f\u00fcr Sprachlerner, die ein einzigartiges sprachliches Abenteuer suchen. Wenn Sie in das Polnische eintauchen, werden Sie eine faszinierende Geschichte und Kultur entdecken, die den Reichtum der Sprache selbst erg\u00e4nzt. Obwohl die polnische Grammatik kompliziert erscheinen mag, macht die Zerlegung [&hellip;]<\/p>\n","protected":false},"author":1,"featured_media":28573,"parent":0,"menu_order":0,"comment_status":"closed","ping_status":"closed","template":"LearningContentPage.php","meta":{"_acf_changed":false,"footnotes":""},"class_list":["post-73727","page","type-page","status-publish","has-post-thumbnail","hentry"],"acf":[],"yoast_head":"<!-- This site is optimized with the Yoast SEO Premium plugin v27.2 (Yoast SEO v27.2) - https:\/\/yoast.com\/product\/yoast-seo-premium-wordpress\/ -->\n<title>Polnische Grammatik - Talkpal<\/title>\n<meta name=\"description\" content=\"Beherrschen Sie die polnische Grammatik mit interaktiven \u00dcbungen, die f\u00fcr alle Lernstufen geeignet sind. Verbessern Sie Ihre Polnischkenntnisse!\" \/>\n<meta name=\"robots\" content=\"index, follow, max-snippet:-1, max-image-preview:large, max-video-preview:-1\" \/>\n<link rel=\"canonical\" href=\"https:\/\/talkpal.ai\/de\/polnische-grammatik\/\" \/>\n<meta property=\"og:locale\" content=\"de_DE\" \/>\n<meta property=\"og:type\" content=\"article\" \/>\n<meta property=\"og:title\" content=\"Polnische Grammatik\" \/>\n<meta property=\"og:description\" content=\"Das R\u00e4tsel der polnischen Grammatik entschl\u00fcsseln Polnisch, eine slawische Sprache, ist sowohl herausfordernd als auch lohnend f\u00fcr Sprachlerner, die ein\" \/>\n<meta property=\"og:url\" content=\"https:\/\/talkpal.ai\/de\/polnische-grammatik\/\" \/>\n<meta property=\"og:site_name\" content=\"Talkpal\" \/>\n<meta property=\"article:publisher\" content=\"https:\/\/www.facebook.com\/profile.php?id=100090733639311\" \/>\n<meta property=\"article:modified_time\" content=\"2025-12-17T17:16:23+00:00\" \/>\n<meta property=\"og:image\" content=\"https:\/\/talkpal.ai\/wp-content\/uploads\/2023\/05\/poland.png\" \/>\n\t<meta property=\"og:image:width\" content=\"512\" \/>\n\t<meta property=\"og:image:height\" content=\"512\" \/>\n\t<meta property=\"og:image:type\" content=\"image\/png\" \/>\n<meta name=\"twitter:card\" content=\"summary_large_image\" \/>\n<meta name=\"twitter:site\" content=\"@talkpalai\" \/>\n<meta name=\"twitter:label1\" content=\"Gesch\u00e4tzte Lesezeit\" \/>\n\t<meta name=\"twitter:data1\" content=\"3\u00a0Minuten\" \/>\n<script type=\"application\/ld+json\" class=\"yoast-schema-graph\">{\"@context\":\"https:\/\/schema.org\",\"@graph\":[{\"@type\":\"WebPage\",\"@id\":\"https:\/\/talkpal.ai\/de\/polnische-grammatik\/\",\"url\":\"https:\/\/talkpal.ai\/de\/polnische-grammatik\/\",\"name\":\"Polnische Grammatik - Talkpal\",\"isPartOf\":{\"@id\":\"https:\/\/talkpal.ai\/de\/#website\"},\"primaryImageOfPage\":{\"@id\":\"https:\/\/talkpal.ai\/de\/polnische-grammatik\/#primaryimage\"},\"image\":{\"@id\":\"https:\/\/talkpal.ai\/de\/polnische-grammatik\/#primaryimage\"},\"thumbnailUrl\":\"https:\/\/talkpal.ai\/wp-content\/uploads\/2023\/05\/poland.png\",\"datePublished\":\"2023-05-14T14:18:46+00:00\",\"dateModified\":\"2025-12-17T17:16:23+00:00\",\"description\":\"Beherrschen Sie die polnische Grammatik mit interaktiven \u00dcbungen, die f\u00fcr alle Lernstufen geeignet sind. Verbessern Sie Ihre Polnischkenntnisse!\",\"breadcrumb\":{\"@id\":\"https:\/\/talkpal.ai\/de\/polnische-grammatik\/#breadcrumb\"},\"inLanguage\":\"de\",\"potentialAction\":[{\"@type\":\"ReadAction\",\"target\":[\"https:\/\/talkpal.ai\/de\/polnische-grammatik\/\"]}]},{\"@type\":\"ImageObject\",\"inLanguage\":\"de\",\"@id\":\"https:\/\/talkpal.ai\/de\/polnische-grammatik\/#primaryimage\",\"url\":\"https:\/\/talkpal.ai\/wp-content\/uploads\/2023\/05\/poland.png\",\"contentUrl\":\"https:\/\/talkpal.ai\/wp-content\/uploads\/2023\/05\/poland.png\",\"width\":512,\"height\":512},{\"@type\":\"BreadcrumbList\",\"@id\":\"https:\/\/talkpal.ai\/de\/polnische-grammatik\/#breadcrumb\",\"itemListElement\":[{\"@type\":\"ListItem\",\"position\":1,\"name\":\"Homepage\",\"item\":\"https:\/\/talkpal.ai\/de\/\"},{\"@type\":\"ListItem\",\"position\":2,\"name\":\"Polnische Grammatik\"}]},{\"@type\":\"WebSite\",\"@id\":\"https:\/\/talkpal.ai\/de\/#website\",\"url\":\"https:\/\/talkpal.ai\/de\/\",\"name\":\"Talkpal\",\"description\":\"AI Language Learning\",\"publisher\":{\"@id\":\"https:\/\/talkpal.ai\/de\/#organization\"},\"alternateName\":\"Talkpal AI\",\"potentialAction\":[{\"@type\":\"SearchAction\",\"target\":{\"@type\":\"EntryPoint\",\"urlTemplate\":\"https:\/\/talkpal.ai\/de\/?s={search_term_string}\"},\"query-input\":{\"@type\":\"PropertyValueSpecification\",\"valueRequired\":true,\"valueName\":\"search_term_string\"}}],\"inLanguage\":\"de\"},{\"@type\":\"Organization\",\"@id\":\"https:\/\/talkpal.ai\/de\/#organization\",\"name\":\"Talkpal, Inc.\",\"alternateName\":\"Talkpal AI\",\"url\":\"https:\/\/talkpal.ai\/de\/\",\"logo\":{\"@type\":\"ImageObject\",\"inLanguage\":\"de\",\"@id\":\"https:\/\/talkpal.ai\/de\/#\/schema\/logo\/image\/\",\"url\":\"https:\/\/talkpal.ai\/wp-content\/uploads\/2024\/03\/Talkpal-Logo-Icon.png\",\"contentUrl\":\"https:\/\/talkpal.ai\/wp-content\/uploads\/2024\/03\/Talkpal-Logo-Icon.png\",\"width\":2880,\"height\":2880,\"caption\":\"Talkpal, Inc.\"},\"image\":{\"@id\":\"https:\/\/talkpal.ai\/de\/#\/schema\/logo\/image\/\"},\"sameAs\":[\"https:\/\/www.facebook.com\/profile.php?id=100090733639311\",\"https:\/\/x.com\/talkpalai\",\"https:\/\/www.linkedin.com\/company\/talkpal\/\",\"https:\/\/www.youtube.com\/@TalkPal\/\",\"https:\/\/www.tiktok.com\/@talkpal\",\"https:\/\/www.instagram.com\/talkpal_ai\/\",\"https:\/\/www.crunchbase.com\/organization\/talkpal-9cde\",\"https:\/\/www.g2.com\/products\/talkpal-for-business\/\",\"https:\/\/www.trustpilot.com\/review\/talkpal.ai\",\"https:\/\/www.capterra.com\/p\/10006800\/TalkPal\/\"],\"description\":\"Talkpal is a language learning web and mobile education app, powered by the latest AI technologies, that provides engaging experiences to its customers in many different languages to help them improve their language skills. Users can chat about unlimited amount of topics with the app and use other modes to practice their language learning.\",\"email\":\"support@talkpal.ai\",\"legalName\":\"Talkpal, Inc.\",\"foundingDate\":\"2023-04-03\",\"duns\":\"118989042\",\"numberOfEmployees\":{\"@type\":\"QuantitativeValue\",\"minValue\":\"11\",\"maxValue\":\"50\"},\"publishingPrinciples\":\"https:\/\/talkpal.ai\/publishing-principles\/\",\"actionableFeedbackPolicy\":\"https:\/\/talkpal.ai\/actionable-feedback-policy\/\",\"correctionsPolicy\":\"https:\/\/talkpal.ai\/corrections-policy\/\",\"ethicsPolicy\":\"https:\/\/talkpal.ai\/ethics-policy\/\",\"diversityPolicy\":\"https:\/\/talkpal.ai\/diversity-policy\/\",\"diversityStaffingReport\":\"https:\/\/talkpal.ai\/diversity-policy\/\"}]}<\/script>\n<!-- \/ Yoast SEO Premium plugin. -->","yoast_head_json":{"title":"Polnische Grammatik - Talkpal","description":"Beherrschen Sie die polnische Grammatik mit interaktiven \u00dcbungen, die f\u00fcr alle Lernstufen geeignet sind. Verbessern Sie Ihre Polnischkenntnisse!","robots":{"index":"index","follow":"follow","max-snippet":"max-snippet:-1","max-image-preview":"max-image-preview:large","max-video-preview":"max-video-preview:-1"},"canonical":"https:\/\/talkpal.ai\/de\/polnische-grammatik\/","og_locale":"de_DE","og_type":"article","og_title":"Polnische Grammatik","og_description":"Das R\u00e4tsel der polnischen Grammatik entschl\u00fcsseln Polnisch, eine slawische Sprache, ist sowohl herausfordernd als auch lohnend f\u00fcr Sprachlerner, die ein","og_url":"https:\/\/talkpal.ai\/de\/polnische-grammatik\/","og_site_name":"Talkpal","article_publisher":"https:\/\/www.facebook.com\/profile.php?id=100090733639311","article_modified_time":"2025-12-17T17:16:23+00:00","og_image":[{"width":512,"height":512,"url":"https:\/\/talkpal.ai\/wp-content\/uploads\/2023\/05\/poland.png","type":"image\/png"}],"twitter_card":"summary_large_image","twitter_site":"@talkpalai","twitter_misc":{"Gesch\u00e4tzte Lesezeit":"3\u00a0Minuten"},"schema":{"@context":"https:\/\/schema.org","@graph":[{"@type":"WebPage","@id":"https:\/\/talkpal.ai\/de\/polnische-grammatik\/","url":"https:\/\/talkpal.ai\/de\/polnische-grammatik\/","name":"Polnische Grammatik - Talkpal","isPartOf":{"@id":"https:\/\/talkpal.ai\/de\/#website"},"primaryImageOfPage":{"@id":"https:\/\/talkpal.ai\/de\/polnische-grammatik\/#primaryimage"},"image":{"@id":"https:\/\/talkpal.ai\/de\/polnische-grammatik\/#primaryimage"},"thumbnailUrl":"https:\/\/talkpal.ai\/wp-content\/uploads\/2023\/05\/poland.png","datePublished":"2023-05-14T14:18:46+00:00","dateModified":"2025-12-17T17:16:23+00:00","description":"Beherrschen Sie die polnische Grammatik mit interaktiven \u00dcbungen, die f\u00fcr alle Lernstufen geeignet sind. Verbessern Sie Ihre Polnischkenntnisse!","breadcrumb":{"@id":"https:\/\/talkpal.ai\/de\/polnische-grammatik\/#breadcrumb"},"inLanguage":"de","potentialAction":[{"@type":"ReadAction","target":["https:\/\/talkpal.ai\/de\/polnische-grammatik\/"]}]},{"@type":"ImageObject","inLanguage":"de","@id":"https:\/\/talkpal.ai\/de\/polnische-grammatik\/#primaryimage","url":"https:\/\/talkpal.ai\/wp-content\/uploads\/2023\/05\/poland.png","contentUrl":"https:\/\/talkpal.ai\/wp-content\/uploads\/2023\/05\/poland.png","width":512,"height":512},{"@type":"BreadcrumbList","@id":"https:\/\/talkpal.ai\/de\/polnische-grammatik\/#breadcrumb","itemListElement":[{"@type":"ListItem","position":1,"name":"Homepage","item":"https:\/\/talkpal.ai\/de\/"},{"@type":"ListItem","position":2,"name":"Polnische Grammatik"}]},{"@type":"WebSite","@id":"https:\/\/talkpal.ai\/de\/#website","url":"https:\/\/talkpal.ai\/de\/","name":"Talkpal","description":"AI Language Learning","publisher":{"@id":"https:\/\/talkpal.ai\/de\/#organization"},"alternateName":"Talkpal AI","potentialAction":[{"@type":"SearchAction","target":{"@type":"EntryPoint","urlTemplate":"https:\/\/talkpal.ai\/de\/?s={search_term_string}"},"query-input":{"@type":"PropertyValueSpecification","valueRequired":true,"valueName":"search_term_string"}}],"inLanguage":"de"},{"@type":"Organization","@id":"https:\/\/talkpal.ai\/de\/#organization","name":"Talkpal, Inc.","alternateName":"Talkpal AI","url":"https:\/\/talkpal.ai\/de\/","logo":{"@type":"ImageObject","inLanguage":"de","@id":"https:\/\/talkpal.ai\/de\/#\/schema\/logo\/image\/","url":"https:\/\/talkpal.ai\/wp-content\/uploads\/2024\/03\/Talkpal-Logo-Icon.png","contentUrl":"https:\/\/talkpal.ai\/wp-content\/uploads\/2024\/03\/Talkpal-Logo-Icon.png","width":2880,"height":2880,"caption":"Talkpal, Inc."},"image":{"@id":"https:\/\/talkpal.ai\/de\/#\/schema\/logo\/image\/"},"sameAs":["https:\/\/www.facebook.com\/profile.php?id=100090733639311","https:\/\/x.com\/talkpalai","https:\/\/www.linkedin.com\/company\/talkpal\/","https:\/\/www.youtube.com\/@TalkPal\/","https:\/\/www.tiktok.com\/@talkpal","https:\/\/www.instagram.com\/talkpal_ai\/","https:\/\/www.crunchbase.com\/organization\/talkpal-9cde","https:\/\/www.g2.com\/products\/talkpal-for-business\/","https:\/\/www.trustpilot.com\/review\/talkpal.ai","https:\/\/www.capterra.com\/p\/10006800\/TalkPal\/"],"description":"Talkpal is a language learning web and mobile education app, powered by the latest AI technologies, that provides engaging experiences to its customers in many different languages to help them improve their language skills. Users can chat about unlimited amount of topics with the app and use other modes to practice their language learning.","email":"support@talkpal.ai","legalName":"Talkpal, Inc.","foundingDate":"2023-04-03","duns":"118989042","numberOfEmployees":{"@type":"QuantitativeValue","minValue":"11","maxValue":"50"},"publishingPrinciples":"https:\/\/talkpal.ai\/publishing-principles\/","actionableFeedbackPolicy":"https:\/\/talkpal.ai\/actionable-feedback-policy\/","correctionsPolicy":"https:\/\/talkpal.ai\/corrections-policy\/","ethicsPolicy":"https:\/\/talkpal.ai\/ethics-policy\/","diversityPolicy":"https:\/\/talkpal.ai\/diversity-policy\/","diversityStaffingReport":"https:\/\/talkpal.ai\/diversity-policy\/"}]}},"_links":{"self":[{"href":"https:\/\/talkpal.ai\/de\/wp-json\/wp\/v2\/pages\/73727","targetHints":{"allow":["GET"]}}],"collection":[{"href":"https:\/\/talkpal.ai\/de\/wp-json\/wp\/v2\/pages"}],"about":[{"href":"https:\/\/talkpal.ai\/de\/wp-json\/wp\/v2\/types\/page"}],"author":[{"embeddable":true,"href":"https:\/\/talkpal.ai\/de\/wp-json\/wp\/v2\/users\/1"}],"replies":[{"embeddable":true,"href":"https:\/\/talkpal.ai\/de\/wp-json\/wp\/v2\/comments?post=73727"}],"version-history":[{"count":0,"href":"https:\/\/talkpal.ai\/de\/wp-json\/wp\/v2\/pages\/73727\/revisions"}],"wp:featuredmedia":[{"embeddable":true,"href":"https:\/\/talkpal.ai\/de\/wp-json\/wp\/v2\/media\/28573"}],"wp:attachment":[{"href":"https:\/\/talkpal.ai\/de\/wp-json\/wp\/v2\/media?parent=73727"}],"curies":[{"name":"wp","href":"https:\/\/api.w.org\/{rel}","templated":true}]}}