{"id":73726,"date":"2023-05-14T14:12:07","date_gmt":"2023-05-14T14:12:07","guid":{"rendered":"http:\/\/talkpal.ai\/marathi-grammatik\/"},"modified":"2025-12-12T10:32:22","modified_gmt":"2025-12-12T10:32:22","slug":"marathi-grammatik","status":"publish","type":"page","link":"https:\/\/talkpal.ai\/de\/marathi-grammatik\/","title":{"rendered":"Marathi-Grammatik"},"content":{"rendered":"\r\n\r\n\r\n<section class=\"languageChallengeSection\">\r\n    <div class=\"languageInfoWrapper\">\r\n        \r\n        <h1>Marathi-Grammatik<\/h1>\r\n        <p>Neugierig auf <a href=\"https:\/\/talkpal.ai\/learn-marathi\/\">Marathi<\/a>? Lernen Sie die <a href=\"https:\/\/talkpal.ai\/fr\/les\/\">Grammatik<\/a> des Marathi kennen, wo geschlechtsspezifische Substantive, flexible Satzstrukturen und ausdrucksstarke Verbkonjugationen eine lebendige und dynamische Sprache schaffen. Beginnen Sie Ihre Lernreise noch heute &#8211; die Beherrschung der <a href=\"https:\/\/talkpal.ai\/marathi-grammar\/\">Marathi-Grammatik<\/a> wird Ihnen helfen, selbstbewusst zu kommunizieren und sich mit den reichen Traditionen und der Kultur von Maharashtra zu verbinden!<\/p>\r\n\r\n                            <a class=\"getStartedHidden\" href=\"https:\/\/app.talkpal.ai\/de\/signup?lng=\">Leg los<\/a>\r\n        \r\n    <\/div>\r\n\r\n    <figure>\r\n    <img decoding=\"async\" width=\"768\" height=\"768\" src=\"https:\/\/talkpal.ai\/wp-content\/uploads\/2023\/06\/marathi-768x768.png\" class=\"languageImage no-lazy\" alt=\"Default alt text\" fetchpriority=\"high\" sizes=\"(max-width: 768px) 150px, 768px\" srcset=\"https:\/\/talkpal.ai\/wp-content\/uploads\/2023\/06\/marathi-768x768.png 768w, https:\/\/talkpal.ai\/wp-content\/uploads\/2023\/06\/marathi-300x300.png 300w\" \/>\r\n    \r\n\r\n    <\/figure>\r\n\r\n            <a class=\"getStartedVisible\" href=\"https:\/\/app.talkpal.ai\/de\/signup?lng=\">Leg los<\/a>\r\n    \r\n<\/section>\r\n        <section class=\"grammarSection\">\r\n            <div class=\"grammarLinks\">\r\n                <a href=\"https:\/\/talkpal.ai\/de\/language\/adjektive-marathi-grammatik\/\">Adjektive <\/a><a href=\"https:\/\/talkpal.ai\/de\/language\/adverbien-marathi-grammatik\/\">Adverbien <\/a><a href=\"https:\/\/talkpal.ai\/de\/language\/artikel-marathi-grammatik\/\">Artikel <\/a><a href=\"https:\/\/talkpal.ai\/de\/language\/konditionale-marathi-grammatik\/\">Konditionale <\/a><a href=\"https:\/\/talkpal.ai\/de\/language\/perfekt-progressiv-marathi-grammatik\/\">Perfekt Progressiv <\/a><a href=\"https:\/\/talkpal.ai\/de\/language\/prapositionen-marathi-grammatik\/\">Pr\u00e4positionen <\/a><a href=\"https:\/\/talkpal.ai\/de\/language\/progressiv-marathi-grammatik\/\">Progressiv <\/a><a href=\"https:\/\/talkpal.ai\/de\/language\/pronomen-bestimmungsworter\/\">Pronomen\/Bestimmungsw\u00f6rter<\/a><a href=\"https:\/\/talkpal.ai\/de\/language\/satze-marathi-grammatik\/\">S\u00e4tze <\/a><a href=\"https:\/\/talkpal.ai\/de\/language\/substantive-marathi-grammatik\/\">Substantive <\/a><a href=\"https:\/\/talkpal.ai\/de\/language\/verben-marathi-grammatik\/\">Verben <\/a><a href=\"https:\/\/talkpal.ai\/de\/language\/vergleich-der-zeitformen-marathi-grammatik\/\">Vergleich der Zeitformen <\/a><a href=\"https:\/\/talkpal.ai\/de\/language\/zeitformen-marathi-grammatik\/\">Zeitformen <\/a>            <\/div>\r\n        <\/section>\r\n    <section class=\"promotionalBanner\">\r\n    <p class=\"promotionalText\">Der effizienteste Weg, eine Sprache zu lernen<\/p>\r\n    <a class=\"promotionalLink\" href=\"https:\/\/app.talkpal.ai\/de\/signup?lng=\">Talkpal kostenlos<\/a>\r\n<\/section>\n<div class=\"wp-block-group pageContainerStyle\"><div class=\"wp-block-group__inner-container is-layout-constrained wp-block-group-is-layout-constrained\">\n<h2 class=\"wp-block-heading\" id=\"h-the-allure-of-marathi-grammar-unfolding-its-mysteries-and-intricacies\">Die Faszination der Marathi-Grammatik: Entfaltung ihrer Geheimnisse und Feinheiten<\/h2>\n\n\n\n<p>Erinnern Sie sich an die verwirrende Reise zum Erlernen der englischen Grammatik, die mit komplexen Regeln, Ausnahmen und komplizierter Terminologie beladen war? Wenn Sie jetzt mit dem Gedanken spielen, die Sprache Marathi zu lernen, sollten Sie sich auf eine ebenso fesselnde Erkundung der Marathi-Grammatik gefasst machen.<\/p>\n\n\n\n<p>Marathi, eine indoarische Sprache, die vor allem im indischen Bundesstaat Maharashtra gesprochen wird, verf\u00fcgt \u00fcber eine reiche Tradition und einzigartige <a href=\"https:\/\/talkpal.ai\/de\/culture\/sprachliche-besonderheiten-in-deutschen-hochschulen\/\">sprachliche Besonderheiten<\/a>. W\u00e4hrend Sie in die Mystik der Marathi-Grammatik eintauchen, werden Sie das faszinierende Zusammenspiel der Alphabete, komplizierten Regeln und der bezaubernden Phonetik entdecken. Lassen Sie uns also gemeinsam die Faszination der Marathi-Grammatik entr\u00e4tseln, eine kleine Regel nach der anderen.<\/p>\n\n\n\n<p>Eines der auff\u00e4lligsten Merkmale der <strong>Marathi-Grammatik<\/strong> ist die umfangreiche Verwendung von Substantivbeugungen. Diese Flexionen helfen oft, wichtige grammatikalische Elemente wie Zahl, Geschlecht und Gro\u00df- und Kleinschreibung zu vermitteln. Marathi hat drei Geschlechter \u2013 maskulin, feminin und neutrum \u2013 und jedes Geschlecht besitzt seine eigenen Beugungsmuster. Dar\u00fcber hinaus hat die Sprache zwei Zahlen \u2013 Singular und Plural \u2013, die helfen, die Menge eines Substantivs auszudr\u00fccken.<\/p>\n\n\n\n<p>Ein weiteres <strong>einzigartiges Merkmal der Marathi-Grammatik<\/strong> ist die Art und Weise, wie Verben je nach Zeitform konjugiert werden. Bei der Konjugation von Verben in Marathi m\u00fcssen Sie <a href=\"https:\/\/talkpal.ai\/culture\/how-do-i-use-the-word-nicht-nur-sondern-auch\/\">nicht nur<\/a> die Zeitform des Verbs ber\u00fccksichtigen, sondern auch das Geschlecht und die Zahl des Subjekts. Zu den Marathi-Verbformen geh\u00f6ren das Pr\u00e4sens, die Vergangenheitsform und das Futur sowie Imperative und Konjunktive. Diese umfangreichen Konjugationen verleihen Marathi Tiefe und Dynamik und machen es zu einer wirklich fesselnden Sprache, die es zu erkunden gilt.<\/p>\n\n\n\n<p>Die Marathi-Sprache ist auch f\u00fcr ihre <strong>Vielfalt an Pronomen<\/strong> bekannt. Marathi hat zahlreiche pers\u00f6nliche, demonstrative, fragende und reflexive Pronomen, die jeweils ihre jeweiligen Deklinationsmuster haben. Das mag auf den ersten Blick entmutigend erscheinen, aber wenn Sie tiefer in die Sprache eintauchen, werden Sie die unvergleichliche Pr\u00e4zision zu sch\u00e4tzen wissen, die die Marathi-Grammatik bietet.<\/p>\n\n\n\n<p>Eine weitere faszinierende Facette der Marathi-Grammatik liegt in der <strong>Anordnung der W\u00f6rter in einem Satz<\/strong>. Die Wortstellung in Marathi folgt im Allgemeinen der Subjekt-Objekt-Verb-Struktur (SOV), \u00e4hnlich wie in anderen indoarischen Sprachen. Diese Struktur platziert das Verb in der Regel am Ende des Satzes, was sich f\u00fcr Englischsprachige zun\u00e4chst als Herausforderung erweisen kann.<\/p>\n\n\n\n<p>Wenn Sie in die <strong>Marathi-Phonetik<\/strong> eintauchen, werden Sie auf die faszinierende Bandbreite der Laute sto\u00dfen, die durch die 16 Vokale (swar) und 36 Konsonanten (vyanjan) ausgesprochen werden. Die Devanagari-Schrift, die Marathi verwendet, verleiht dieser ohnehin schon fesselnden Sprache noch mehr Charme.  <\/p>\n\n\n\n<p>Das Erlernen der Marathi-Grammatik mit ihren unz\u00e4hligen Regeln und Komplexit\u00e4ten kann am Anfang zweifellos eine entmutigende Aufgabe sein. Diese Herausforderung ist es aber auch, die es au\u00dferordentlich anregend und befriedigend macht. Wenn Sie in die bezaubernde Welt der Marathi-Grammatik eintauchen, werden Sie nicht nur die Funktionsweise der Sprache entdecken, sondern auch ein tieferes Verst\u00e4ndnis f\u00fcr die Kultur, Geschichte und Weisheit <a href=\"https:\/\/talkpal.ai\/de\/locations\/englisch-lernen-in-erlangen\/\">erlangen<\/a>, die sie verk\u00f6rpert.<\/p>\n\n\n\n<p>Warum begeben Sie sich also nicht auf dieses linguistische Abenteuer, um die verf\u00fchrerischen Tiefen der Marathi-Grammatik zu erkunden und ihre unz\u00e4hligen Geheimnisse und Nuancen aufzudecken, die darauf warten, gemeistert zu werden? Die Freude am Lernen und die Freude, die Feinheiten der Marathi-Grammatik zu verstehen, sind nur wenige Augenblicke entfernt!<\/p>\n<\/div><\/div>\n\r\n<section class=\"learnNavigationSection\">\r\n            \r\n        <a href=\"https:\/\/talkpal.ai\/de\/lernen-sie-marathi\/\">\r\n            <div class=\"learnNavigationWrapper\">\r\n                <div class=\"learnNavigationContent\">\r\n                    <img decoding=\"async\" src=\"https:\/\/talkpal.ai\/wp-content\/uploads\/2023\/05\/Marathi-india.png\" alt=\"TalkPal Marathi Flag\">\r\n                    <div>\r\n                        <h4>\u00dcber Marathi Lernen<\/h4>\r\n                        <p>Erfahre alles \u00fcber die Marathi-Grammatik.<\/p>\r\n                    <\/div>\r\n                <\/div>\r\n            <\/div>\r\n        <\/a>\r\n\r\n        \r\n        <a href=\"https:\/\/talkpal.ai\/de\/marathi-grammatikuebungen\/\">\r\n            <div class=\"learnNavigationWrapper\">\r\n                <div class=\"learnNavigationContent\">\r\n                    <img decoding=\"async\" src=\"https:\/\/talkpal.ai\/wp-content\/uploads\/2023\/05\/Marathi-india.png\" alt=\"TalkPal Marathi Flag\">\r\n                    <div>\r\n                        <h4>Marathi Grammatik \u00dcbung<\/h4>\r\n                        <p>\u00dcbe die Marathi-Grammatik .<\/p>\r\n                    <\/div>\r\n                <\/div>\r\n            <\/div>\r\n        <\/a>\r\n\r\n        \r\n        <a href=\"https:\/\/talkpal.ai\/vocabulary_language\/marathi\/\">\r\n            <div class=\"learnNavigationWrapper\">\r\n                <div class=\"learnNavigationContent\">\r\n                    <img decoding=\"async\" src=\"https:\/\/talkpal.ai\/wp-content\/uploads\/2023\/05\/Marathi-india.png\" alt=\"TalkPal Marathi Flag\">\r\n                    <div>\r\n                        <h4>Marathi Wortschatz<\/h4>\r\n                        <p>Erweitern Sie Ihren Marathi-Wortschatz.<\/p>\r\n                    <\/div>\r\n                <\/div>\r\n            <\/div>\r\n        <\/a>\r\n\r\n            <\/section>","protected":false},"excerpt":{"rendered":"<p>Die Faszination der Marathi-Grammatik: Entfaltung ihrer Geheimnisse und Feinheiten Erinnern Sie sich an die verwirrende Reise zum Erlernen der englischen Grammatik, die mit komplexen Regeln, Ausnahmen und komplizierter Terminologie beladen war? Wenn Sie jetzt mit dem Gedanken spielen, die Sprache Marathi zu lernen, sollten Sie sich auf eine ebenso fesselnde Erkundung der Marathi-Grammatik gefasst machen. [&hellip;]<\/p>\n","protected":false},"author":1,"featured_media":28509,"parent":0,"menu_order":0,"comment_status":"closed","ping_status":"closed","template":"LearningContentPage.php","meta":{"_acf_changed":false,"footnotes":""},"class_list":["post-73726","page","type-page","status-publish","has-post-thumbnail","hentry"],"acf":[],"yoast_head":"<!-- This site is optimized with the Yoast SEO Premium plugin v27.2 (Yoast SEO v27.2) - https:\/\/yoast.com\/product\/yoast-seo-premium-wordpress\/ -->\n<title>Marathi-Grammatik - Talkpal<\/title>\n<meta name=\"description\" content=\"Erforschen Sie die faszinierende Welt der Marathi-Grammatik und entdecken Sie die einzigartigen Regeln, die Phonetik und die Beugungen beim Erlernen der Sprache.\" \/>\n<meta name=\"robots\" content=\"index, follow, max-snippet:-1, max-image-preview:large, max-video-preview:-1\" \/>\n<link rel=\"canonical\" href=\"https:\/\/talkpal.ai\/de\/marathi-grammatik\/\" \/>\n<meta property=\"og:locale\" content=\"de_DE\" \/>\n<meta property=\"og:type\" content=\"article\" \/>\n<meta property=\"og:title\" content=\"Marathi-Grammatik\" \/>\n<meta property=\"og:description\" content=\"Die Faszination der Marathi-Grammatik: Entfaltung ihrer Geheimnisse und Feinheiten Erinnern Sie sich an die verwirrende Reise zum Erlernen der englischen\" \/>\n<meta property=\"og:url\" content=\"https:\/\/talkpal.ai\/de\/marathi-grammatik\/\" \/>\n<meta property=\"og:site_name\" content=\"Talkpal\" \/>\n<meta property=\"article:publisher\" content=\"https:\/\/www.facebook.com\/profile.php?id=100090733639311\" \/>\n<meta property=\"article:modified_time\" content=\"2025-12-12T10:32:22+00:00\" \/>\n<meta property=\"og:image\" content=\"https:\/\/talkpal.ai\/wp-content\/uploads\/2023\/05\/Marathi-india.png\" \/>\n\t<meta property=\"og:image:width\" content=\"512\" \/>\n\t<meta property=\"og:image:height\" content=\"512\" \/>\n\t<meta property=\"og:image:type\" content=\"image\/png\" \/>\n<meta name=\"twitter:card\" content=\"summary_large_image\" \/>\n<meta name=\"twitter:site\" content=\"@talkpalai\" \/>\n<meta name=\"twitter:label1\" content=\"Gesch\u00e4tzte Lesezeit\" \/>\n\t<meta name=\"twitter:data1\" content=\"3\u00a0Minuten\" \/>\n<script type=\"application\/ld+json\" class=\"yoast-schema-graph\">{\"@context\":\"https:\/\/schema.org\",\"@graph\":[{\"@type\":\"WebPage\",\"@id\":\"https:\/\/talkpal.ai\/de\/marathi-grammatik\/\",\"url\":\"https:\/\/talkpal.ai\/de\/marathi-grammatik\/\",\"name\":\"Marathi-Grammatik - Talkpal\",\"isPartOf\":{\"@id\":\"https:\/\/talkpal.ai\/de\/#website\"},\"primaryImageOfPage\":{\"@id\":\"https:\/\/talkpal.ai\/de\/marathi-grammatik\/#primaryimage\"},\"image\":{\"@id\":\"https:\/\/talkpal.ai\/de\/marathi-grammatik\/#primaryimage\"},\"thumbnailUrl\":\"https:\/\/talkpal.ai\/wp-content\/uploads\/2023\/05\/Marathi-india.png\",\"datePublished\":\"2023-05-14T14:12:07+00:00\",\"dateModified\":\"2025-12-12T10:32:22+00:00\",\"description\":\"Erforschen Sie die faszinierende Welt der Marathi-Grammatik und entdecken Sie die einzigartigen Regeln, die Phonetik und die Beugungen beim Erlernen der Sprache.\",\"breadcrumb\":{\"@id\":\"https:\/\/talkpal.ai\/de\/marathi-grammatik\/#breadcrumb\"},\"inLanguage\":\"de\",\"potentialAction\":[{\"@type\":\"ReadAction\",\"target\":[\"https:\/\/talkpal.ai\/de\/marathi-grammatik\/\"]}]},{\"@type\":\"ImageObject\",\"inLanguage\":\"de\",\"@id\":\"https:\/\/talkpal.ai\/de\/marathi-grammatik\/#primaryimage\",\"url\":\"https:\/\/talkpal.ai\/wp-content\/uploads\/2023\/05\/Marathi-india.png\",\"contentUrl\":\"https:\/\/talkpal.ai\/wp-content\/uploads\/2023\/05\/Marathi-india.png\",\"width\":512,\"height\":512},{\"@type\":\"BreadcrumbList\",\"@id\":\"https:\/\/talkpal.ai\/de\/marathi-grammatik\/#breadcrumb\",\"itemListElement\":[{\"@type\":\"ListItem\",\"position\":1,\"name\":\"Homepage\",\"item\":\"https:\/\/talkpal.ai\/de\/\"},{\"@type\":\"ListItem\",\"position\":2,\"name\":\"Marathi-Grammatik\"}]},{\"@type\":\"WebSite\",\"@id\":\"https:\/\/talkpal.ai\/de\/#website\",\"url\":\"https:\/\/talkpal.ai\/de\/\",\"name\":\"Talkpal\",\"description\":\"AI Language Learning\",\"publisher\":{\"@id\":\"https:\/\/talkpal.ai\/de\/#organization\"},\"alternateName\":\"Talkpal AI\",\"potentialAction\":[{\"@type\":\"SearchAction\",\"target\":{\"@type\":\"EntryPoint\",\"urlTemplate\":\"https:\/\/talkpal.ai\/de\/?s={search_term_string}\"},\"query-input\":{\"@type\":\"PropertyValueSpecification\",\"valueRequired\":true,\"valueName\":\"search_term_string\"}}],\"inLanguage\":\"de\"},{\"@type\":\"Organization\",\"@id\":\"https:\/\/talkpal.ai\/de\/#organization\",\"name\":\"Talkpal, Inc.\",\"alternateName\":\"Talkpal AI\",\"url\":\"https:\/\/talkpal.ai\/de\/\",\"logo\":{\"@type\":\"ImageObject\",\"inLanguage\":\"de\",\"@id\":\"https:\/\/talkpal.ai\/de\/#\/schema\/logo\/image\/\",\"url\":\"https:\/\/talkpal.ai\/wp-content\/uploads\/2024\/03\/Talkpal-Logo-Icon.png\",\"contentUrl\":\"https:\/\/talkpal.ai\/wp-content\/uploads\/2024\/03\/Talkpal-Logo-Icon.png\",\"width\":2880,\"height\":2880,\"caption\":\"Talkpal, Inc.\"},\"image\":{\"@id\":\"https:\/\/talkpal.ai\/de\/#\/schema\/logo\/image\/\"},\"sameAs\":[\"https:\/\/www.facebook.com\/profile.php?id=100090733639311\",\"https:\/\/x.com\/talkpalai\",\"https:\/\/www.linkedin.com\/company\/talkpal\/\",\"https:\/\/www.youtube.com\/@TalkPal\/\",\"https:\/\/www.tiktok.com\/@talkpal\",\"https:\/\/www.instagram.com\/talkpal_ai\/\",\"https:\/\/www.crunchbase.com\/organization\/talkpal-9cde\",\"https:\/\/www.g2.com\/products\/talkpal-for-business\/\",\"https:\/\/www.trustpilot.com\/review\/talkpal.ai\",\"https:\/\/www.capterra.com\/p\/10006800\/TalkPal\/\"],\"description\":\"Talkpal is a language learning web and mobile education app, powered by the latest AI technologies, that provides engaging experiences to its customers in many different languages to help them improve their language skills. Users can chat about unlimited amount of topics with the app and use other modes to practice their language learning.\",\"email\":\"support@talkpal.ai\",\"legalName\":\"Talkpal, Inc.\",\"foundingDate\":\"2023-04-03\",\"duns\":\"118989042\",\"numberOfEmployees\":{\"@type\":\"QuantitativeValue\",\"minValue\":\"11\",\"maxValue\":\"50\"},\"publishingPrinciples\":\"https:\/\/talkpal.ai\/publishing-principles\/\",\"actionableFeedbackPolicy\":\"https:\/\/talkpal.ai\/actionable-feedback-policy\/\",\"correctionsPolicy\":\"https:\/\/talkpal.ai\/corrections-policy\/\",\"ethicsPolicy\":\"https:\/\/talkpal.ai\/ethics-policy\/\",\"diversityPolicy\":\"https:\/\/talkpal.ai\/diversity-policy\/\",\"diversityStaffingReport\":\"https:\/\/talkpal.ai\/diversity-policy\/\"}]}<\/script>\n<!-- \/ Yoast SEO Premium plugin. -->","yoast_head_json":{"title":"Marathi-Grammatik - Talkpal","description":"Erforschen Sie die faszinierende Welt der Marathi-Grammatik und entdecken Sie die einzigartigen Regeln, die Phonetik und die Beugungen beim Erlernen der Sprache.","robots":{"index":"index","follow":"follow","max-snippet":"max-snippet:-1","max-image-preview":"max-image-preview:large","max-video-preview":"max-video-preview:-1"},"canonical":"https:\/\/talkpal.ai\/de\/marathi-grammatik\/","og_locale":"de_DE","og_type":"article","og_title":"Marathi-Grammatik","og_description":"Die Faszination der Marathi-Grammatik: Entfaltung ihrer Geheimnisse und Feinheiten Erinnern Sie sich an die verwirrende Reise zum Erlernen der englischen","og_url":"https:\/\/talkpal.ai\/de\/marathi-grammatik\/","og_site_name":"Talkpal","article_publisher":"https:\/\/www.facebook.com\/profile.php?id=100090733639311","article_modified_time":"2025-12-12T10:32:22+00:00","og_image":[{"width":512,"height":512,"url":"https:\/\/talkpal.ai\/wp-content\/uploads\/2023\/05\/Marathi-india.png","type":"image\/png"}],"twitter_card":"summary_large_image","twitter_site":"@talkpalai","twitter_misc":{"Gesch\u00e4tzte Lesezeit":"3\u00a0Minuten"},"schema":{"@context":"https:\/\/schema.org","@graph":[{"@type":"WebPage","@id":"https:\/\/talkpal.ai\/de\/marathi-grammatik\/","url":"https:\/\/talkpal.ai\/de\/marathi-grammatik\/","name":"Marathi-Grammatik - Talkpal","isPartOf":{"@id":"https:\/\/talkpal.ai\/de\/#website"},"primaryImageOfPage":{"@id":"https:\/\/talkpal.ai\/de\/marathi-grammatik\/#primaryimage"},"image":{"@id":"https:\/\/talkpal.ai\/de\/marathi-grammatik\/#primaryimage"},"thumbnailUrl":"https:\/\/talkpal.ai\/wp-content\/uploads\/2023\/05\/Marathi-india.png","datePublished":"2023-05-14T14:12:07+00:00","dateModified":"2025-12-12T10:32:22+00:00","description":"Erforschen Sie die faszinierende Welt der Marathi-Grammatik und entdecken Sie die einzigartigen Regeln, die Phonetik und die Beugungen beim Erlernen der Sprache.","breadcrumb":{"@id":"https:\/\/talkpal.ai\/de\/marathi-grammatik\/#breadcrumb"},"inLanguage":"de","potentialAction":[{"@type":"ReadAction","target":["https:\/\/talkpal.ai\/de\/marathi-grammatik\/"]}]},{"@type":"ImageObject","inLanguage":"de","@id":"https:\/\/talkpal.ai\/de\/marathi-grammatik\/#primaryimage","url":"https:\/\/talkpal.ai\/wp-content\/uploads\/2023\/05\/Marathi-india.png","contentUrl":"https:\/\/talkpal.ai\/wp-content\/uploads\/2023\/05\/Marathi-india.png","width":512,"height":512},{"@type":"BreadcrumbList","@id":"https:\/\/talkpal.ai\/de\/marathi-grammatik\/#breadcrumb","itemListElement":[{"@type":"ListItem","position":1,"name":"Homepage","item":"https:\/\/talkpal.ai\/de\/"},{"@type":"ListItem","position":2,"name":"Marathi-Grammatik"}]},{"@type":"WebSite","@id":"https:\/\/talkpal.ai\/de\/#website","url":"https:\/\/talkpal.ai\/de\/","name":"Talkpal","description":"AI Language Learning","publisher":{"@id":"https:\/\/talkpal.ai\/de\/#organization"},"alternateName":"Talkpal AI","potentialAction":[{"@type":"SearchAction","target":{"@type":"EntryPoint","urlTemplate":"https:\/\/talkpal.ai\/de\/?s={search_term_string}"},"query-input":{"@type":"PropertyValueSpecification","valueRequired":true,"valueName":"search_term_string"}}],"inLanguage":"de"},{"@type":"Organization","@id":"https:\/\/talkpal.ai\/de\/#organization","name":"Talkpal, Inc.","alternateName":"Talkpal AI","url":"https:\/\/talkpal.ai\/de\/","logo":{"@type":"ImageObject","inLanguage":"de","@id":"https:\/\/talkpal.ai\/de\/#\/schema\/logo\/image\/","url":"https:\/\/talkpal.ai\/wp-content\/uploads\/2024\/03\/Talkpal-Logo-Icon.png","contentUrl":"https:\/\/talkpal.ai\/wp-content\/uploads\/2024\/03\/Talkpal-Logo-Icon.png","width":2880,"height":2880,"caption":"Talkpal, Inc."},"image":{"@id":"https:\/\/talkpal.ai\/de\/#\/schema\/logo\/image\/"},"sameAs":["https:\/\/www.facebook.com\/profile.php?id=100090733639311","https:\/\/x.com\/talkpalai","https:\/\/www.linkedin.com\/company\/talkpal\/","https:\/\/www.youtube.com\/@TalkPal\/","https:\/\/www.tiktok.com\/@talkpal","https:\/\/www.instagram.com\/talkpal_ai\/","https:\/\/www.crunchbase.com\/organization\/talkpal-9cde","https:\/\/www.g2.com\/products\/talkpal-for-business\/","https:\/\/www.trustpilot.com\/review\/talkpal.ai","https:\/\/www.capterra.com\/p\/10006800\/TalkPal\/"],"description":"Talkpal is a language learning web and mobile education app, powered by the latest AI technologies, that provides engaging experiences to its customers in many different languages to help them improve their language skills. Users can chat about unlimited amount of topics with the app and use other modes to practice their language learning.","email":"support@talkpal.ai","legalName":"Talkpal, Inc.","foundingDate":"2023-04-03","duns":"118989042","numberOfEmployees":{"@type":"QuantitativeValue","minValue":"11","maxValue":"50"},"publishingPrinciples":"https:\/\/talkpal.ai\/publishing-principles\/","actionableFeedbackPolicy":"https:\/\/talkpal.ai\/actionable-feedback-policy\/","correctionsPolicy":"https:\/\/talkpal.ai\/corrections-policy\/","ethicsPolicy":"https:\/\/talkpal.ai\/ethics-policy\/","diversityPolicy":"https:\/\/talkpal.ai\/diversity-policy\/","diversityStaffingReport":"https:\/\/talkpal.ai\/diversity-policy\/"}]}},"_links":{"self":[{"href":"https:\/\/talkpal.ai\/de\/wp-json\/wp\/v2\/pages\/73726","targetHints":{"allow":["GET"]}}],"collection":[{"href":"https:\/\/talkpal.ai\/de\/wp-json\/wp\/v2\/pages"}],"about":[{"href":"https:\/\/talkpal.ai\/de\/wp-json\/wp\/v2\/types\/page"}],"author":[{"embeddable":true,"href":"https:\/\/talkpal.ai\/de\/wp-json\/wp\/v2\/users\/1"}],"replies":[{"embeddable":true,"href":"https:\/\/talkpal.ai\/de\/wp-json\/wp\/v2\/comments?post=73726"}],"version-history":[{"count":0,"href":"https:\/\/talkpal.ai\/de\/wp-json\/wp\/v2\/pages\/73726\/revisions"}],"wp:featuredmedia":[{"embeddable":true,"href":"https:\/\/talkpal.ai\/de\/wp-json\/wp\/v2\/media\/28509"}],"wp:attachment":[{"href":"https:\/\/talkpal.ai\/de\/wp-json\/wp\/v2\/media?parent=73726"}],"curies":[{"name":"wp","href":"https:\/\/api.w.org\/{rel}","templated":true}]}}