{"id":73720,"date":"2023-05-14T14:10:24","date_gmt":"2023-05-14T14:10:24","guid":{"rendered":"http:\/\/talkpal.ai\/lettische-grammatik\/"},"modified":"2025-12-17T17:12:51","modified_gmt":"2025-12-17T17:12:51","slug":"lettische-grammatik","status":"publish","type":"page","link":"https:\/\/talkpal.ai\/de\/lettische-grammatik\/","title":{"rendered":"Lettische Grammatik"},"content":{"rendered":"\r\n\r\n\r\n<section class=\"languageChallengeSection\">\r\n    <div class=\"languageInfoWrapper\">\r\n        \r\n        <h1>Lettische Grammatik<\/h1>\r\n        <p>Erforschen Sie die einzigartige Welt der lettischen <a href=\"https:\/\/talkpal.ai\/fr\/les\/\">Grammatik<\/a> und entdecken Sie die Sch\u00f6nheit einer der lebendigsten Sprachen des Baltikums. Wenn Sie seine Struktur und Regeln verstehen, werden Sie Ihr Selbstvertrauen und Ihre Kommunikationsf\u00e4higkeiten verbessern. Fangen Sie noch heute an, <a href=\"https:\/\/talkpal.ai\/de\/grammar\/zweiter-konditional-in-der-lettischen-grammatik\/\">lettische Grammatik<\/a> zu lernen und machen Sie den ersten Schritt in Richtung flie\u00dfend sprechen!\n\n<\/p>\r\n\r\n                            <a class=\"getStartedHidden\" href=\"https:\/\/app.talkpal.ai\/de\/signup?lng=\">Leg los<\/a>\r\n        \r\n    <\/div>\r\n\r\n    <figure>\r\n    <img decoding=\"async\" width=\"768\" height=\"768\" src=\"https:\/\/talkpal.ai\/wp-content\/uploads\/2023\/06\/latvian-768x768.png\" class=\"languageImage no-lazy\" alt=\"Default alt text\" fetchpriority=\"high\" sizes=\"(max-width: 768px) 150px, 768px\" srcset=\"https:\/\/talkpal.ai\/wp-content\/uploads\/2023\/06\/latvian-768x768.png 768w, https:\/\/talkpal.ai\/wp-content\/uploads\/2023\/06\/latvian-300x300.png 300w\" \/>\r\n    \r\n\r\n    <\/figure>\r\n\r\n            <a class=\"getStartedVisible\" href=\"https:\/\/app.talkpal.ai\/de\/signup?lng=\">Leg los<\/a>\r\n    \r\n<\/section>\r\n        <section class=\"grammarSection\">\r\n            <div class=\"grammarLinks\">\r\n                <a href=\"https:\/\/talkpal.ai\/de\/language\/adjektive-lettische-grammatik\/\">Adjektive <\/a><a href=\"https:\/\/talkpal.ai\/de\/language\/adverbien-lettische-grammatik\/\">Adverbien <\/a><a href=\"https:\/\/talkpal.ai\/de\/language\/artikel-lettische-grammatik\/\">Artikel <\/a><a href=\"https:\/\/talkpal.ai\/de\/language\/konditionale-lettische-grammatik\/\">Konditionale <\/a><a href=\"https:\/\/talkpal.ai\/de\/language\/perfekt-progressiv-lettische-grammatik\/\">Perfekt Progressiv <\/a><a href=\"https:\/\/talkpal.ai\/de\/language\/praepositionen-lettische-grammatik\/\">Pr\u00e4positionen <\/a><a href=\"https:\/\/talkpal.ai\/de\/language\/progressiv-lettische-grammatik\/\">Progressiv <\/a><a href=\"https:\/\/talkpal.ai\/de\/language\/pronomen-determinanten-lettische-grammatik\/\">Pronomen\/Determinanten <\/a><a href=\"https:\/\/talkpal.ai\/de\/language\/saetze-lettische-grammatik\/\">S\u00e4tze <\/a><a href=\"https:\/\/talkpal.ai\/de\/language\/substantive-lettische-grammatik\/\">Substantive <\/a><a href=\"https:\/\/talkpal.ai\/de\/language\/verben-lettische-grammatik\/\">Verben <\/a><a href=\"https:\/\/talkpal.ai\/de\/language\/zeitformen-lettische-grammatik\/\">Zeitformen <\/a><a href=\"https:\/\/talkpal.ai\/de\/language\/zeitvergleich-lettische-grammatik\/\">Zeitvergleich <\/a>            <\/div>\r\n        <\/section>\r\n    <section class=\"promotionalBanner\">\r\n    <p class=\"promotionalText\">Der effizienteste Weg, eine Sprache zu lernen<\/p>\r\n    <a class=\"promotionalLink\" href=\"https:\/\/app.talkpal.ai\/de\/signup?lng=\">Talkpal kostenlos<\/a>\r\n<\/section>\n<div class=\"wp-block-group pageContainerStyle\"><div class=\"wp-block-group__inner-container is-layout-constrained wp-block-group-is-layout-constrained\">\n<h2 class=\"wp-block-heading\" id=\"h-the-ultimate-guide-to-latvian-grammar-navigating-the-intricacies-of-a-unique-language\">Der ultimative Leitfaden f\u00fcr die lettische Grammatik: Navigieren Sie durch die Feinheiten einer einzigartigen Sprache<\/h2>\n\n\n\n<p>Die lettische Grammatik ist, wie die Sprache selbst, ein reiches und faszinierendes Geflecht von sprachlichen Elementen. Als baltische Sprache begeistert <a href=\"https:\/\/talkpal.ai\/learn-latvian\/\">Lettisch<\/a> die Lernenden mit ihren vielf\u00e4ltigen Funktionen und fordert selbst die ge\u00fcbtesten Sprecher heraus. In diesem Leitfaden erforschen wir die wichtigsten Prinzipien der lettischen Grammatik, entmystifizieren ihre Komplexit\u00e4t und unterst\u00fctzen Sie auf Ihrem Weg, diese fesselnde Sprache flie\u00dfend zu beherrschen. Fangen wir an!<\/p>\n\n\n\n<h3 class=\"wp-block-heading\" id=\"h-the-nuts-and-bolts-latvian-sentence-structure\">Das A und O: Lettische Satzstruktur<\/h3>\n\n\n\n<p>Im Kern ist die lettische Grammatik ziemlich einfach. Die Sprache folgt im Allgemeinen der Subjekt-Verb-Objekt-Satzstruktur (SVO), \u00e4hnlich wie <a href=\"https:\/\/talkpal.ai\/learn-english-with-ai\/\">Englisch<\/a> und viele andere Sprachen. So wird zum Beispiel der Satz &#8222;Ich esse einen Apfel&#8220; mit &#8222;Es \u0113du \u0101bolu&#8220; (Es \u0113du \u0101bolu) \u00fcbersetzt. Einfach, oder? Wenn wir jedoch tiefer in die Materie eindringen, werden Sie auf einige faszinierende und besondere Merkmale der lettischen Grammatik sto\u00dfen.<\/p>\n\n\n\n<h3 class=\"wp-block-heading\" id=\"h-meet-the-family-latvian-nouns-and-their-cases\">Lernen Sie die Familie kennen: Lettische Substantive und ihre F\u00e4lle<\/h3>\n\n\n\n<p>Eines der verbl\u00fcffendsten Merkmale der lettischen Grammatik f\u00fcr Englischsprachige ist die Vorstellung von grammatikalischen F\u00e4llen. Im Lettischen gibt es sieben F\u00e4lle: Nominativ, Genitiv, Dativ, Akkusativ, Lokativ, Instrumental und Vokativ. Jeder Fall hat seine eigene Funktion und wirkt sich auf die Form von Substantiven, Adjektiven, Pronomen und manchmal sogar Verben aus.<\/p>\n\n\n\n<p>Nehmen wir zum Beispiel das Wort &#8222;\u0101bols&#8220; (\u0101bols), das &#8222;Apfel&#8220; bedeutet:<\/p>\n\n\n\n<p><strong>&#8211; Nominativ (wird f\u00fcr Subjekte verwendet): \u0101bols<\/strong><\/p>\n\n\n\n<p><strong>&#8211; Genitiv (wird f\u00fcr Besitz verwendet): \u0101bola<\/strong><\/p>\n\n\n\n<p><strong>&#8211; Dativ (wird f\u00fcr indirekte Objekte verwendet): \u0101bolam<\/strong><\/p>\n\n\n\n<p><strong>&#8211; Akkusativ (wird f\u00fcr direkte Objekte verwendet): \u0101bolu<\/strong><\/p>\n\n\n\n<p><strong>&#8211; Lokativer Fall (wird f\u00fcr den Ort verwendet): \u0101bol\u0101<\/strong><\/p>\n\n\n\n<p><strong>&#8211; Instrumentalfall (wird f\u00fcr das Mittel verwendet, mit dem eine Handlung ausgef\u00fchrt wird): \u0101bolu\/-iem<\/strong><\/p>\n\n\n\n<p><strong>&#8211; Vokativ (wird verwendet, um jemanden oder etwas anzusprechen): \u0101bol<\/strong><\/p>\n\n\n\n<p>Es ist wichtig, dass Sie sich mit diesen F\u00e4llen vertraut machen, da sie die Bedeutung Ihrer S\u00e4tze drastisch ver\u00e4ndern k\u00f6nnen.<\/p>\n\n\n\n<h3 class=\"wp-block-heading\" id=\"h-playing-with-numbers-latvian-plurals-and-genders\">Spiel mit Zahlen: Lettische Plurale und Geschlechter<\/h3>\n\n\n\n<p>Bei der <a href=\"https:\/\/talkpal.ai\/ar\/grammar_exercises\/bildung-%d8%aa%d9%85%d8%a7%d8%b1%d9%8a%d9%86-%d9%84%d9%84%d9%82%d9%88%d8%a7%d8%b9%d8%af-%d8%a7%d9%84%d8%a3%d9%84%d9%85%d8%a7%d9%86%d9%8a%d8%a9\/\">Bildung<\/a> von Pluralen im Lettischen ist es wichtig, das Geschlecht des Substantivs im Auge zu behalten. Im Lettischen haben Substantive zwei Geschlechter \u2013 m\u00e4nnlich und weiblich. Das Geschlecht beeinflusst die Endungen von Substantiven, Adjektiven, Ziffern und bestimmten Verbformen.<\/p>\n\n\n\n<p>Im Allgemeinen enden m\u00e4nnliche Substantive im Plural auf -i, w\u00e4hrend weibliche Substantive auf -as enden. Zum Beispiel wird &#8222;zirgs&#8220; (zirgs, ein m\u00e4nnliches Substantiv mit der Bedeutung &#8222;Pferd&#8220;) zu &#8222;zirgi&#8220; (zirgi, Pferde) und &#8222;sieviete&#8220; (sieviete, ein weibliches Substantiv mit der Bedeutung &#8222;Frau&#8220;) zu &#8222;sievietes&#8220; (sievietes, Frauen).<\/p>\n\n\n\n<p>Nat\u00fcrlich gibt es einige Ausnahmen, weshalb es wichtig ist, Substantive mit ihrem Geschlecht zu lernen und sich \u00fcber unregelm\u00e4\u00dfige <a href=\"https:\/\/talkpal.ai\/zh-hans\/grammar_exercises\/plurale-%e6%84%8f%e5%a4%a7%e5%88%a9%e8%af%ad%e6%b3%95%e7%bb%83%e4%b9%a0\/\">Plurale<\/a> im Klaren zu sein.<\/p>\n\n\n\n<h3 class=\"wp-block-heading\" id=\"h-the-art-of-conjugation-latvian-verbs\">Die Kunst der Konjugation: Lettische Verben<\/h3>\n\n\n\n<p>Lettische Verben k\u00f6nnen aufgrund ihrer zahlreichen <a href=\"https:\/\/talkpal.ai\/zh-hans\/grammar_exercises\/zeitformen-%e5%be%b7%e5%9b%bd%e8%af%ad%e6%b3%95%e7%bb%83%e4%b9%a0\/\">Zeitformen<\/a>, Stimmungen und Konjugationen zun\u00e4chst abschreckend wirken. Der Schl\u00fcssel zu ihrem Verst\u00e4ndnis liegt jedoch darin, gemeinsame Muster zu erkennen und regelm\u00e4\u00dfig zu \u00fcben.<\/p>\n\n\n\n<p>Im Lettischen werden Verben anhand ihrer Infinitivendungen -t, -ties und -ties\/-t in drei Gruppen eingeteilt. Jede Gruppe hat spezifische Konjugationsregeln. Nehmen wir das Verb &#8222;las\u012bt&#8220; (las\u012bt, &#8222;lesen&#8220;) als Beispiel:<\/p>\n\n\n\n<p><strong>Pr\u00e4sens: Es lasu (Es lasu, &#8222;ich lese&#8220;)<\/strong><\/p>\n\n\n\n<p><strong>Vergangenheitsform: Es las\u012bju (Es las\u012bju, &#8222;ich las&#8220;)<\/strong><\/p>\n\n\n\n<p><strong>Zuk\u00fcnftige Zeitform: Es las\u012b\u0161u (Es las\u012b\u0161u, &#8222;Ich werde lesen&#8220;)<\/strong><\/p>\n\n\n\n<p>Wie Sie sehen k\u00f6nnen, \u00e4ndern sich die Endungen je nach Zeitform. Und das kratzt nicht einmal an der Oberfl\u00e4che der lettischen Verbkonjugation! Aber lassen Sie sich davon nicht entmutigen. Mit etwas \u00dcbung und Geduld werden Sie die Muster erkennen und diese Herausforderung meistern.<\/p>\n\n\n\n<h3 class=\"wp-block-heading\" id=\"h-the-finishing-touches-latvian-adjectives-adverbs-and-more\">Der letzte Schliff: Lettische Adjektive, Adverbien und mehr<\/h3>\n\n\n\n<p>Wenn es um lettische Adjektive und Adverbien geht, spielen sie eine entscheidende Rolle, wenn es darum geht, Ihrer Sprache Tiefe und Komplexit\u00e4t zu verleihen. Adjektive m\u00fcssen mit den Substantiven \u00fcbereinstimmen, die sie in Bezug auf Geschlecht und Gro\u00df- und Kleinschreibung modifizieren, wobei die Endungen entsprechend variieren.<\/p>\n\n\n\n<p>Zum Beispiel bedeutet &#8222;gar\u0161\u012bgs&#8220; (gar\u0161\u012bgs) &#8222;k\u00f6stlich&#8220;, und Sie k\u00f6nnten es als &#8222;gar\u0161\u012bgs \u0101bols&#8220; (gar\u0161\u012bgs \u0101bols, &#8222;k\u00f6stlicher Apfel&#8220;) oder &#8222;gar\u0161\u012bga zupa&#8220; (gar\u0161\u012bga zupa, &#8222;k\u00f6stliche Suppe&#8220;) sehen, mit unterschiedlichen Endungen f\u00fcr m\u00e4nnliche und weibliche Substantive.<\/p>\n\n\n\n<p>Adverbien folgen in der Regel \u00e4hnlichen Mustern, die oft von Adjektiven abgeleitet sind. Im Lettischen enden die meisten Adverbien auf -i, was der gleichen Form entspricht wie der Maskulinum Singular Akkusativ f\u00fcr Adjektive.<\/p>\n\n\n\n<p>Zusammenfassend l\u00e4sst sich sagen, dass die Komplexit\u00e4t und die Eigenheiten der lettischen Grammatik zwar eine Herausforderung darstellen, der Sprache aber auch ihre fesselnde Sch\u00f6nheit und ihren Charakter verleihen. Mit einer Kombination aus Beharrlichkeit, Neugier und praktischer Anwendung werden Sie die lettische Grammatik bald mit Leichtigkeit und Selbstvertrauen beherrschen. Viel Spa\u00df beim Lernen!<\/p>\n<\/div><\/div>\n\r\n<section class=\"learnNavigationSection\">\r\n            \r\n        <a href=\"https:\/\/talkpal.ai\/de\/lettisch-lernen\/\">\r\n            <div class=\"learnNavigationWrapper\">\r\n                <div class=\"learnNavigationContent\">\r\n                    <img decoding=\"async\" src=\"https:\/\/talkpal.ai\/wp-content\/uploads\/2024\/08\/Latvian.jpg\" alt=\"Latvian Flag\">\r\n                    <div>\r\n                        <h4>\u00dcber Lettisch lernen<\/h4>\r\n                        <p>Erfahren Sie alles \u00fcber die lettische Grammatik.<\/p>\r\n                    <\/div>\r\n                <\/div>\r\n            <\/div>\r\n        <\/a>\r\n\r\n        \r\n        <a href=\"https:\/\/talkpal.ai\/de\/lettische-grammatikuebungen\/\">\r\n            <div class=\"learnNavigationWrapper\">\r\n                <div class=\"learnNavigationContent\">\r\n                    <img decoding=\"async\" src=\"https:\/\/talkpal.ai\/wp-content\/uploads\/2024\/08\/Latvian.jpg\" alt=\"Latvian Flag\">\r\n                    <div>\r\n                        <h4>\u00dcbung zur lettischen Grammatik<\/h4>\r\n                        <p>\u00dcbe die lettische Grammatik .<\/p>\r\n                    <\/div>\r\n                <\/div>\r\n            <\/div>\r\n        <\/a>\r\n\r\n        \r\n        <a href=\"https:\/\/talkpal.ai\/vocabulary_language\/latvian\/\">\r\n            <div class=\"learnNavigationWrapper\">\r\n                <div class=\"learnNavigationContent\">\r\n                    <img decoding=\"async\" src=\"https:\/\/talkpal.ai\/wp-content\/uploads\/2024\/08\/Latvian.jpg\" alt=\"Latvian Flag\">\r\n                    <div>\r\n                        <h4>Lettisch Wortschatz<\/h4>\r\n                        <p>Erweitern Sie Ihren lettischen Wortschatz.<\/p>\r\n                    <\/div>\r\n                <\/div>\r\n            <\/div>\r\n        <\/a>\r\n\r\n            <\/section>","protected":false},"excerpt":{"rendered":"<p>Der ultimative Leitfaden f\u00fcr die lettische Grammatik: Navigieren Sie durch die Feinheiten einer einzigartigen Sprache Die lettische Grammatik ist, wie die Sprache selbst, ein reiches und faszinierendes Geflecht von sprachlichen Elementen. Als baltische Sprache begeistert Lettisch die Lernenden mit ihren vielf\u00e4ltigen Funktionen und fordert selbst die ge\u00fcbtesten Sprecher heraus. In diesem Leitfaden erforschen wir die [&hellip;]<\/p>\n","protected":false},"author":1,"featured_media":28445,"parent":0,"menu_order":0,"comment_status":"closed","ping_status":"closed","template":"LearningContentPage.php","meta":{"_acf_changed":false,"footnotes":""},"class_list":["post-73720","page","type-page","status-publish","has-post-thumbnail","hentry"],"acf":[],"yoast_head":"<!-- This site is optimized with the Yoast SEO Premium plugin v27.2 (Yoast SEO v27.2) - https:\/\/yoast.com\/product\/yoast-seo-premium-wordpress\/ -->\n<title>Lettische Grammatik - Talkpal<\/title>\n<meta name=\"description\" content=\"Beherrschen Sie die lettische Grammatik souver\u00e4n - lernen Sie Regeln, \u00fcben Sie den Gebrauch und verbessern Sie die Sprachgenauigkeit mit Talkpalder personalisierten KI-Anleitung.\" \/>\n<meta name=\"robots\" content=\"index, follow, max-snippet:-1, max-image-preview:large, max-video-preview:-1\" \/>\n<link rel=\"canonical\" href=\"https:\/\/talkpal.ai\/de\/lettische-grammatik\/\" \/>\n<meta property=\"og:locale\" content=\"de_DE\" \/>\n<meta property=\"og:type\" content=\"article\" \/>\n<meta property=\"og:title\" content=\"Lettische Grammatik\" \/>\n<meta property=\"og:description\" content=\"Der ultimative Leitfaden f\u00fcr die lettische Grammatik: Navigieren Sie durch die Feinheiten einer einzigartigen Sprache Die lettische Grammatik ist, wie die\" \/>\n<meta property=\"og:url\" content=\"https:\/\/talkpal.ai\/de\/lettische-grammatik\/\" \/>\n<meta property=\"og:site_name\" content=\"Talkpal\" \/>\n<meta property=\"article:publisher\" content=\"https:\/\/www.facebook.com\/profile.php?id=100090733639311\" \/>\n<meta property=\"article:modified_time\" content=\"2025-12-17T17:12:51+00:00\" \/>\n<meta property=\"og:image\" content=\"https:\/\/talkpal.ai\/wp-content\/uploads\/2023\/05\/latvia.png\" \/>\n\t<meta property=\"og:image:width\" content=\"512\" \/>\n\t<meta property=\"og:image:height\" content=\"512\" \/>\n\t<meta property=\"og:image:type\" content=\"image\/png\" \/>\n<meta name=\"twitter:card\" content=\"summary_large_image\" \/>\n<meta name=\"twitter:site\" content=\"@talkpalai\" \/>\n<meta name=\"twitter:label1\" content=\"Gesch\u00e4tzte Lesezeit\" \/>\n\t<meta name=\"twitter:data1\" content=\"4\u00a0Minuten\" \/>\n<script type=\"application\/ld+json\" class=\"yoast-schema-graph\">{\"@context\":\"https:\/\/schema.org\",\"@graph\":[{\"@type\":\"WebPage\",\"@id\":\"https:\/\/talkpal.ai\/de\/lettische-grammatik\/\",\"url\":\"https:\/\/talkpal.ai\/de\/lettische-grammatik\/\",\"name\":\"Lettische Grammatik - Talkpal\",\"isPartOf\":{\"@id\":\"https:\/\/talkpal.ai\/de\/#website\"},\"primaryImageOfPage\":{\"@id\":\"https:\/\/talkpal.ai\/de\/lettische-grammatik\/#primaryimage\"},\"image\":{\"@id\":\"https:\/\/talkpal.ai\/de\/lettische-grammatik\/#primaryimage\"},\"thumbnailUrl\":\"https:\/\/talkpal.ai\/wp-content\/uploads\/2023\/05\/latvia.png\",\"datePublished\":\"2023-05-14T14:10:24+00:00\",\"dateModified\":\"2025-12-17T17:12:51+00:00\",\"description\":\"Beherrschen Sie die lettische Grammatik souver\u00e4n - lernen Sie Regeln, \u00fcben Sie den Gebrauch und verbessern Sie die Sprachgenauigkeit mit Talkpalder personalisierten KI-Anleitung.\",\"breadcrumb\":{\"@id\":\"https:\/\/talkpal.ai\/de\/lettische-grammatik\/#breadcrumb\"},\"inLanguage\":\"de\",\"potentialAction\":[{\"@type\":\"ReadAction\",\"target\":[\"https:\/\/talkpal.ai\/de\/lettische-grammatik\/\"]}]},{\"@type\":\"ImageObject\",\"inLanguage\":\"de\",\"@id\":\"https:\/\/talkpal.ai\/de\/lettische-grammatik\/#primaryimage\",\"url\":\"https:\/\/talkpal.ai\/wp-content\/uploads\/2023\/05\/latvia.png\",\"contentUrl\":\"https:\/\/talkpal.ai\/wp-content\/uploads\/2023\/05\/latvia.png\",\"width\":512,\"height\":512},{\"@type\":\"BreadcrumbList\",\"@id\":\"https:\/\/talkpal.ai\/de\/lettische-grammatik\/#breadcrumb\",\"itemListElement\":[{\"@type\":\"ListItem\",\"position\":1,\"name\":\"Homepage\",\"item\":\"https:\/\/talkpal.ai\/de\/\"},{\"@type\":\"ListItem\",\"position\":2,\"name\":\"Lettische Grammatik\"}]},{\"@type\":\"WebSite\",\"@id\":\"https:\/\/talkpal.ai\/de\/#website\",\"url\":\"https:\/\/talkpal.ai\/de\/\",\"name\":\"Talkpal\",\"description\":\"AI Language Learning\",\"publisher\":{\"@id\":\"https:\/\/talkpal.ai\/de\/#organization\"},\"alternateName\":\"Talkpal AI\",\"potentialAction\":[{\"@type\":\"SearchAction\",\"target\":{\"@type\":\"EntryPoint\",\"urlTemplate\":\"https:\/\/talkpal.ai\/de\/?s={search_term_string}\"},\"query-input\":{\"@type\":\"PropertyValueSpecification\",\"valueRequired\":true,\"valueName\":\"search_term_string\"}}],\"inLanguage\":\"de\"},{\"@type\":\"Organization\",\"@id\":\"https:\/\/talkpal.ai\/de\/#organization\",\"name\":\"Talkpal, Inc.\",\"alternateName\":\"Talkpal AI\",\"url\":\"https:\/\/talkpal.ai\/de\/\",\"logo\":{\"@type\":\"ImageObject\",\"inLanguage\":\"de\",\"@id\":\"https:\/\/talkpal.ai\/de\/#\/schema\/logo\/image\/\",\"url\":\"https:\/\/talkpal.ai\/wp-content\/uploads\/2024\/03\/Talkpal-Logo-Icon.png\",\"contentUrl\":\"https:\/\/talkpal.ai\/wp-content\/uploads\/2024\/03\/Talkpal-Logo-Icon.png\",\"width\":2880,\"height\":2880,\"caption\":\"Talkpal, Inc.\"},\"image\":{\"@id\":\"https:\/\/talkpal.ai\/de\/#\/schema\/logo\/image\/\"},\"sameAs\":[\"https:\/\/www.facebook.com\/profile.php?id=100090733639311\",\"https:\/\/x.com\/talkpalai\",\"https:\/\/www.linkedin.com\/company\/talkpal\/\",\"https:\/\/www.youtube.com\/@TalkPal\/\",\"https:\/\/www.tiktok.com\/@talkpal\",\"https:\/\/www.instagram.com\/talkpal_ai\/\",\"https:\/\/www.crunchbase.com\/organization\/talkpal-9cde\",\"https:\/\/www.g2.com\/products\/talkpal-for-business\/\",\"https:\/\/www.trustpilot.com\/review\/talkpal.ai\",\"https:\/\/www.capterra.com\/p\/10006800\/TalkPal\/\"],\"description\":\"Talkpal is a language learning web and mobile education app, powered by the latest AI technologies, that provides engaging experiences to its customers in many different languages to help them improve their language skills. Users can chat about unlimited amount of topics with the app and use other modes to practice their language learning.\",\"email\":\"support@talkpal.ai\",\"legalName\":\"Talkpal, Inc.\",\"foundingDate\":\"2023-04-03\",\"duns\":\"118989042\",\"numberOfEmployees\":{\"@type\":\"QuantitativeValue\",\"minValue\":\"11\",\"maxValue\":\"50\"},\"publishingPrinciples\":\"https:\/\/talkpal.ai\/publishing-principles\/\",\"actionableFeedbackPolicy\":\"https:\/\/talkpal.ai\/actionable-feedback-policy\/\",\"correctionsPolicy\":\"https:\/\/talkpal.ai\/corrections-policy\/\",\"ethicsPolicy\":\"https:\/\/talkpal.ai\/ethics-policy\/\",\"diversityPolicy\":\"https:\/\/talkpal.ai\/diversity-policy\/\",\"diversityStaffingReport\":\"https:\/\/talkpal.ai\/diversity-policy\/\"}]}<\/script>\n<!-- \/ Yoast SEO Premium plugin. -->","yoast_head_json":{"title":"Lettische Grammatik - Talkpal","description":"Beherrschen Sie die lettische Grammatik souver\u00e4n - lernen Sie Regeln, \u00fcben Sie den Gebrauch und verbessern Sie die Sprachgenauigkeit mit Talkpalder personalisierten KI-Anleitung.","robots":{"index":"index","follow":"follow","max-snippet":"max-snippet:-1","max-image-preview":"max-image-preview:large","max-video-preview":"max-video-preview:-1"},"canonical":"https:\/\/talkpal.ai\/de\/lettische-grammatik\/","og_locale":"de_DE","og_type":"article","og_title":"Lettische Grammatik","og_description":"Der ultimative Leitfaden f\u00fcr die lettische Grammatik: Navigieren Sie durch die Feinheiten einer einzigartigen Sprache Die lettische Grammatik ist, wie die","og_url":"https:\/\/talkpal.ai\/de\/lettische-grammatik\/","og_site_name":"Talkpal","article_publisher":"https:\/\/www.facebook.com\/profile.php?id=100090733639311","article_modified_time":"2025-12-17T17:12:51+00:00","og_image":[{"width":512,"height":512,"url":"https:\/\/talkpal.ai\/wp-content\/uploads\/2023\/05\/latvia.png","type":"image\/png"}],"twitter_card":"summary_large_image","twitter_site":"@talkpalai","twitter_misc":{"Gesch\u00e4tzte Lesezeit":"4\u00a0Minuten"},"schema":{"@context":"https:\/\/schema.org","@graph":[{"@type":"WebPage","@id":"https:\/\/talkpal.ai\/de\/lettische-grammatik\/","url":"https:\/\/talkpal.ai\/de\/lettische-grammatik\/","name":"Lettische Grammatik - Talkpal","isPartOf":{"@id":"https:\/\/talkpal.ai\/de\/#website"},"primaryImageOfPage":{"@id":"https:\/\/talkpal.ai\/de\/lettische-grammatik\/#primaryimage"},"image":{"@id":"https:\/\/talkpal.ai\/de\/lettische-grammatik\/#primaryimage"},"thumbnailUrl":"https:\/\/talkpal.ai\/wp-content\/uploads\/2023\/05\/latvia.png","datePublished":"2023-05-14T14:10:24+00:00","dateModified":"2025-12-17T17:12:51+00:00","description":"Beherrschen Sie die lettische Grammatik souver\u00e4n - lernen Sie Regeln, \u00fcben Sie den Gebrauch und verbessern Sie die Sprachgenauigkeit mit Talkpalder personalisierten KI-Anleitung.","breadcrumb":{"@id":"https:\/\/talkpal.ai\/de\/lettische-grammatik\/#breadcrumb"},"inLanguage":"de","potentialAction":[{"@type":"ReadAction","target":["https:\/\/talkpal.ai\/de\/lettische-grammatik\/"]}]},{"@type":"ImageObject","inLanguage":"de","@id":"https:\/\/talkpal.ai\/de\/lettische-grammatik\/#primaryimage","url":"https:\/\/talkpal.ai\/wp-content\/uploads\/2023\/05\/latvia.png","contentUrl":"https:\/\/talkpal.ai\/wp-content\/uploads\/2023\/05\/latvia.png","width":512,"height":512},{"@type":"BreadcrumbList","@id":"https:\/\/talkpal.ai\/de\/lettische-grammatik\/#breadcrumb","itemListElement":[{"@type":"ListItem","position":1,"name":"Homepage","item":"https:\/\/talkpal.ai\/de\/"},{"@type":"ListItem","position":2,"name":"Lettische Grammatik"}]},{"@type":"WebSite","@id":"https:\/\/talkpal.ai\/de\/#website","url":"https:\/\/talkpal.ai\/de\/","name":"Talkpal","description":"AI Language Learning","publisher":{"@id":"https:\/\/talkpal.ai\/de\/#organization"},"alternateName":"Talkpal AI","potentialAction":[{"@type":"SearchAction","target":{"@type":"EntryPoint","urlTemplate":"https:\/\/talkpal.ai\/de\/?s={search_term_string}"},"query-input":{"@type":"PropertyValueSpecification","valueRequired":true,"valueName":"search_term_string"}}],"inLanguage":"de"},{"@type":"Organization","@id":"https:\/\/talkpal.ai\/de\/#organization","name":"Talkpal, Inc.","alternateName":"Talkpal AI","url":"https:\/\/talkpal.ai\/de\/","logo":{"@type":"ImageObject","inLanguage":"de","@id":"https:\/\/talkpal.ai\/de\/#\/schema\/logo\/image\/","url":"https:\/\/talkpal.ai\/wp-content\/uploads\/2024\/03\/Talkpal-Logo-Icon.png","contentUrl":"https:\/\/talkpal.ai\/wp-content\/uploads\/2024\/03\/Talkpal-Logo-Icon.png","width":2880,"height":2880,"caption":"Talkpal, Inc."},"image":{"@id":"https:\/\/talkpal.ai\/de\/#\/schema\/logo\/image\/"},"sameAs":["https:\/\/www.facebook.com\/profile.php?id=100090733639311","https:\/\/x.com\/talkpalai","https:\/\/www.linkedin.com\/company\/talkpal\/","https:\/\/www.youtube.com\/@TalkPal\/","https:\/\/www.tiktok.com\/@talkpal","https:\/\/www.instagram.com\/talkpal_ai\/","https:\/\/www.crunchbase.com\/organization\/talkpal-9cde","https:\/\/www.g2.com\/products\/talkpal-for-business\/","https:\/\/www.trustpilot.com\/review\/talkpal.ai","https:\/\/www.capterra.com\/p\/10006800\/TalkPal\/"],"description":"Talkpal is a language learning web and mobile education app, powered by the latest AI technologies, that provides engaging experiences to its customers in many different languages to help them improve their language skills. Users can chat about unlimited amount of topics with the app and use other modes to practice their language learning.","email":"support@talkpal.ai","legalName":"Talkpal, Inc.","foundingDate":"2023-04-03","duns":"118989042","numberOfEmployees":{"@type":"QuantitativeValue","minValue":"11","maxValue":"50"},"publishingPrinciples":"https:\/\/talkpal.ai\/publishing-principles\/","actionableFeedbackPolicy":"https:\/\/talkpal.ai\/actionable-feedback-policy\/","correctionsPolicy":"https:\/\/talkpal.ai\/corrections-policy\/","ethicsPolicy":"https:\/\/talkpal.ai\/ethics-policy\/","diversityPolicy":"https:\/\/talkpal.ai\/diversity-policy\/","diversityStaffingReport":"https:\/\/talkpal.ai\/diversity-policy\/"}]}},"_links":{"self":[{"href":"https:\/\/talkpal.ai\/de\/wp-json\/wp\/v2\/pages\/73720","targetHints":{"allow":["GET"]}}],"collection":[{"href":"https:\/\/talkpal.ai\/de\/wp-json\/wp\/v2\/pages"}],"about":[{"href":"https:\/\/talkpal.ai\/de\/wp-json\/wp\/v2\/types\/page"}],"author":[{"embeddable":true,"href":"https:\/\/talkpal.ai\/de\/wp-json\/wp\/v2\/users\/1"}],"replies":[{"embeddable":true,"href":"https:\/\/talkpal.ai\/de\/wp-json\/wp\/v2\/comments?post=73720"}],"version-history":[{"count":0,"href":"https:\/\/talkpal.ai\/de\/wp-json\/wp\/v2\/pages\/73720\/revisions"}],"wp:featuredmedia":[{"embeddable":true,"href":"https:\/\/talkpal.ai\/de\/wp-json\/wp\/v2\/media\/28445"}],"wp:attachment":[{"href":"https:\/\/talkpal.ai\/de\/wp-json\/wp\/v2\/media?parent=73720"}],"curies":[{"name":"wp","href":"https:\/\/api.w.org\/{rel}","templated":true}]}}