{"id":73698,"date":"2023-05-14T14:11:28","date_gmt":"2023-05-14T14:11:28","guid":{"rendered":"http:\/\/talkpal.ai\/mazedonische-grammatik\/"},"modified":"2025-12-17T16:39:27","modified_gmt":"2025-12-17T16:39:27","slug":"mazedonische-grammatik","status":"publish","type":"page","link":"https:\/\/talkpal.ai\/de\/mazedonische-grammatik\/","title":{"rendered":"Mazedonische Grammatik"},"content":{"rendered":"\r\n\r\n\r\n<section class=\"languageChallengeSection\">\r\n    <div class=\"languageInfoWrapper\">\r\n        \r\n        <h1>Mazedonische Grammatik<\/h1>\r\n        <p>Tauchen Sie ein in die faszinierende Welt der mazedonischen <a href=\"https:\/\/talkpal.ai\/fr\/les\/\">Grammatik<\/a> und entdecken Sie die Struktur hinter dieser einzigartigen s\u00fcdslawischen Sprache. Wenn Sie die Grundlagen der mazedonischen Grammatik lernen, k\u00f6nnen Sie selbstbewusster kommunizieren und die reiche Kultur Nordmazedoniens entdecken. Fangen Sie noch heute an und machen Sie den ersten Schritt zur Beherrschung von Mazedonisch!<\/p>\r\n\r\n                            <a class=\"getStartedHidden\" href=\"https:\/\/app.talkpal.ai\/de\/signup?lng=\">Leg los<\/a>\r\n        \r\n    <\/div>\r\n\r\n    <figure>\r\n    <img decoding=\"async\" width=\"768\" height=\"768\" src=\"https:\/\/talkpal.ai\/wp-content\/uploads\/2023\/06\/macedonian-768x768.png\" class=\"languageImage no-lazy\" alt=\"Default alt text\" fetchpriority=\"high\" sizes=\"(max-width: 768px) 150px, 768px\" srcset=\"https:\/\/talkpal.ai\/wp-content\/uploads\/2023\/06\/macedonian-768x768.png 768w, https:\/\/talkpal.ai\/wp-content\/uploads\/2023\/06\/macedonian-300x300.png 300w\" \/>\r\n    \r\n\r\n    <\/figure>\r\n\r\n            <a class=\"getStartedVisible\" href=\"https:\/\/app.talkpal.ai\/de\/signup?lng=\">Leg los<\/a>\r\n    \r\n<\/section>\r\n        <section class=\"grammarSection\">\r\n            <div class=\"grammarLinks\">\r\n                <a href=\"https:\/\/talkpal.ai\/de\/language\/adjektive-mazedonische-grammatik\/\">Adjektive <\/a><a href=\"https:\/\/talkpal.ai\/de\/language\/adverbien-mazedonische-grammatik\/\">Adverbien <\/a><a href=\"https:\/\/talkpal.ai\/de\/language\/artikel-mazedonische-grammatik\/\">Artikel <\/a><a href=\"https:\/\/talkpal.ai\/de\/language\/konditionale-mazedonische-grammatik\/\">Konditionale <\/a><a href=\"https:\/\/talkpal.ai\/de\/language\/perfekt-progressiv-mazedonische-grammatik\/\">Perfekt Progressiv <\/a><a href=\"https:\/\/talkpal.ai\/de\/language\/prapositionen-mazedonische-grammatik\/\">Pr\u00e4positionen <\/a><a href=\"https:\/\/talkpal.ai\/de\/language\/progressiv-mazedonische-grammatik\/\">Progressiv <\/a><a href=\"https:\/\/talkpal.ai\/de\/language\/pronomen-determinanten-mazedonische-grammatik\/\">Pronomen\/Determinanten <\/a><a href=\"https:\/\/talkpal.ai\/de\/language\/satze-mazedonische-grammatik\/\">S\u00e4tze <\/a><a href=\"https:\/\/talkpal.ai\/de\/language\/substantive-mazedonische-grammatik\/\">Substantive <\/a><a href=\"https:\/\/talkpal.ai\/de\/language\/verben-mazedonische-grammatik\/\">Verben <\/a><a href=\"https:\/\/talkpal.ai\/de\/language\/zeitformen-mazedonische-grammatik\/\">Zeitformen <\/a><a href=\"https:\/\/talkpal.ai\/de\/language\/zeitvergleich-mazedonische-grammatik\/\">Zeitvergleich <\/a>            <\/div>\r\n        <\/section>\r\n    <section class=\"promotionalBanner\">\r\n    <p class=\"promotionalText\">Der effizienteste Weg, eine Sprache zu lernen<\/p>\r\n    <a class=\"promotionalLink\" href=\"https:\/\/app.talkpal.ai\/de\/signup?lng=\">Talkpal kostenlos<\/a>\r\n<\/section>\n<div class=\"wp-block-group pageContainerStyle\"><div class=\"wp-block-group__inner-container is-layout-constrained wp-block-group-is-layout-constrained\">\n<h2 class=\"wp-block-heading\" id=\"h-unraveling-the-mysteries-of-macedonian-grammar\">Den Geheimnissen der mazedonischen Grammatik auf der Spur<\/h2>\n\n\n\n<p>Die <a href=\"https:\/\/talkpal.ai\/macedonian-grammar\/\">mazedonische Grammatik<\/a> &#8211; kompliziert und doch zug\u00e4nglich, faszinierend und doch anmutig, komplex und doch faszinierend. Wenn Sie Ihre Reise in die Welt der mazedonischen Sprache beginnen, werden Sie vielleicht eine Mischung aus Aufregung und Einsch\u00fcchterung versp\u00fcren, wenn es darum geht, ihre grammatikalischen R\u00e4tsel zu entschl\u00fcsseln. Keine Angst, leidenschaftlicher Sprachenthusiast! Wir sind hier, um Sie bei diesem sprachlichen Abenteuer zu unterst\u00fctzen!<\/p>\n\n\n\n<p>In diesem spannenden Artikel beleuchten wir die wichtigsten Aspekte der mazedonischen Grammatik und bieten Einblicke, Erkl\u00e4rungen und praktische Beispiele. Wir werden Ihnen zeigen, dass diese faszinierende Balkansprache leichter zug\u00e4nglich ist, als Sie vielleicht denken! Also schnallen Sie sich an und erlauben Sie uns, die mazedonische Grammatik f\u00fcr Sie zu vereinfachen und zu entmystifizieren.<\/p>\n\n\n\n<h3 class=\"wp-block-heading\" id=\"h-1-delightful-declensions-noun-cases-made-easy\">1. Entz\u00fcckende Deklinationen: Substantivf\u00e4lle leicht gemacht<\/h3>\n\n\n\n<p>Wie andere slawische Sprachen gibt es auch im Mazedonischen ein komplexes Substantiv-Kasussystem, das aus drei F\u00e4llen besteht: Nominativ, Akkusativ und Dativ. Obwohl sie weniger be\u00e4ngstigend sind als Sprachen mit mehr Gro\u00df- und Kleinschreibung, ist die Beherrschung dieser Nuancen unerl\u00e4sslich, um flie\u00dfend zu sprechen. In diesen F\u00e4llen werden Substantiven, Pronomen und Adjektive in einem Satz unterschiedliche Rollen zugewiesen. Hier ein kurzer \u00dcberblick:<\/p>\n\n\n\n<p><strong>&#8211; Nominativ: Das Subjekt des Satzes<\/strong><\/p>\n\n\n\n<p><strong>&#8211; Akkusativ: Das direkte Objekt oder das Ziel einer Handlung<\/strong><\/p>\n\n\n\n<p><strong>&#8211; Dativ: Das indirekte Objekt, das die Richtung einer Handlung angibt<\/strong><\/p>\n\n\n\n<p>Um den Dreh raus zu bekommen, ist \u00dcbung der Schl\u00fcssel. Mit der Zeit und der Auseinandersetzung mit der Sprache werden diese Unterscheidungen in Fleisch und Blut \u00fcbergehen.<\/p>\n\n\n\n<h3 class=\"wp-block-heading\" id=\"h-2-amiable-adjectives-agreement-is-everything\">2. Liebensw\u00fcrdige Adjektive: \u00dcbereinstimmung ist alles<\/h3>\n\n\n\n<p>Adjektive in der mazedonischen Grammatik sind kongeniale Konformisten. Sie stimmen mit dem Geschlecht, der Anzahl und der Gro\u00df- und Kleinschreibung der Substantive \u00fcberein, die sie beschreiben. Das bedeutet, dass Sie die Form jedes Adjektivs an die Eigenschaften des Substantivs anpassen m\u00fcssen.<\/p>\n\n\n\n<p>Um diesen Prozess reibungsloser zu gestalten, konzentriere dich auf das Erlernen der wichtigsten Adjektivformen \u2013 maskulin, feminin und neutrum. Mit regelm\u00e4\u00dfiger \u00dcbung wird der Prozess der Adjektiv\u00fcbereinstimmung bald intuitiv werden.<\/p>\n\n\n\n<h3 class=\"wp-block-heading\" id=\"h-3-vigorous-verbs-conjugation-and-aspect-mastery\">3. Kraftvolle Verben: Konjugation und Aspektbeherrschung<\/h3>\n\n\n\n<p>Wie bei anderen slawischen Sprachen gibt es auch bei den mazedonischen Verben erhebliche Variationen. Die Konjugation h\u00e4ngt von der Zeitform, der Stimmung, der Person, der Anzahl und vor allem vom Aspekt ab.<\/p>\n\n\n\n<p>Mazedonische Verben haben zwei Aspekte: perfektiv und imperfektiv. Perfektive Verben dr\u00fccken eine vollst\u00e4ndige Handlung aus, w\u00e4hrend imperfektive Verben eine fortlaufende oder sich wiederholende Handlung vermitteln. Das Verst\u00e4ndnis dieses Konzepts ist entscheidend f\u00fcr die Verfeinerung Ihrer grammatikalischen Kenntnisse.<\/p>\n\n\n\n<h3 class=\"wp-block-heading\" id=\"h-4-pitch-perfect-particles-mastering-stress-and-intonation\">4. Pitch-Perfect-Partikel: Betonung und Intonation beherrschen<\/h3>\n\n\n\n<p>Eine einzigartige mazedonische Herausforderung f\u00fcr Sprachlerner ist die Beherrschung des unverwechselbaren Tonh\u00f6hen-Akzent-Systems, das Silben Betonung und Intonation zuweist. Dieses System kann sich direkt auf die Bedeutung und das Verst\u00e4ndnis auswirken.<\/p>\n\n\n\n<p>Um eine genaue Aussprache und eine klare Kommunikation zu erreichen, sollten Sie genau auf die Intonationsmuster der mazedonischen Muttersprachler achten. Als Anf\u00e4nger haben Sie vielleicht Schwierigkeiten, aber denken Sie daran, dass \u00dcbung Selbstvertrauen und Meisterschaft f\u00f6rdert.<\/p>\n\n\n\n<h3 class=\"wp-block-heading\" id=\"h-5-embrace-the-intricacies-persevere-and-prosper\">5. Nehmen Sie die Feinheiten an: Halten Sie durch und gedeihen Sie<\/h3>\n\n\n\n<p>Die mazedonische Grammatik mag auf den ersten Blick komplex erscheinen, aber denken Sie daran, dass Geduld, \u00dcbung und Ausdauer die Geheimnisse des Erfolgs sind. Besch\u00e4ftigen Sie sich mit der Sprache durch Lesen, Schreiben, <a href=\"https:\/\/talkpal.ai\/de\/horen-und-sprechen-effektiv-verbessern-tipps-fur-bessere-kommunikation\/\">H\u00f6ren und Sprechen<\/a>. Nehmen Sie die Herausforderungen an und belohnen Sie sich mit der Befriedigung des Fortschritts.<\/p>\n\n\n\n<p>Sind Sie bereit, in das faszinierende Reich der mazedonischen Grammatik einzutauchen? Lassen Sie sich auf ihre Eigenheiten und Komplexit\u00e4ten ein, genie\u00dfen Sie die Feinheiten und denken Sie daran, dass Sie mit Hingabe und Enthusiasmus die wahre Sch\u00f6nheit der mazedonischen Sprache erschlie\u00dfen k\u00f6nnen. \u0421\u043e \u0441\u0440\u0435\u045c\u0430! (Viel Gl\u00fcck!)<\/p>\n<\/div><\/div>\n\r\n<section class=\"learnNavigationSection\">\r\n            \r\n        <a href=\"https:\/\/talkpal.ai\/de\/mazedonisch-lernen\/\">\r\n            <div class=\"learnNavigationWrapper\">\r\n                <div class=\"learnNavigationContent\">\r\n                    <img decoding=\"async\" src=\"https:\/\/talkpal.ai\/wp-content\/uploads\/2024\/08\/Macedonian.jpg\" alt=\"Macedonian Flag\">\r\n                    <div>\r\n                        <h4>\u00dcber Mazedonisch lernen<\/h4>\r\n                        <p>Erfahren Sie alles \u00fcber die mazedonische Grammatik.<\/p>\r\n                    <\/div>\r\n                <\/div>\r\n            <\/div>\r\n        <\/a>\r\n\r\n        \r\n        <a href=\"https:\/\/talkpal.ai\/de\/mazedonische-grammatikuebungen\/\">\r\n            <div class=\"learnNavigationWrapper\">\r\n                <div class=\"learnNavigationContent\">\r\n                    <img decoding=\"async\" src=\"https:\/\/talkpal.ai\/wp-content\/uploads\/2024\/08\/Macedonian.jpg\" alt=\"Macedonian Flag\">\r\n                    <div>\r\n                        <h4>\u00dcbung zur mazedonischen Grammatik<\/h4>\r\n                        <p>\u00dcbe die mazedonische Grammatik .<\/p>\r\n                    <\/div>\r\n                <\/div>\r\n            <\/div>\r\n        <\/a>\r\n\r\n        \r\n        <a href=\"https:\/\/talkpal.ai\/vocabulary_language\/macedonian\/\">\r\n            <div class=\"learnNavigationWrapper\">\r\n                <div class=\"learnNavigationContent\">\r\n                    <img decoding=\"async\" src=\"https:\/\/talkpal.ai\/wp-content\/uploads\/2024\/08\/Macedonian.jpg\" alt=\"Macedonian Flag\">\r\n                    <div>\r\n                        <h4>Mazedonischer Wortschatz<\/h4>\r\n                        <p>Erweitern Sie Ihren mazedonischen Wortschatz.<\/p>\r\n                    <\/div>\r\n                <\/div>\r\n            <\/div>\r\n        <\/a>\r\n\r\n            <\/section>","protected":false},"excerpt":{"rendered":"<p>Den Geheimnissen der mazedonischen Grammatik auf der Spur Die mazedonische Grammatik &#8211; kompliziert und doch zug\u00e4nglich, faszinierend und doch anmutig, komplex und doch faszinierend. Wenn Sie Ihre Reise in die Welt der mazedonischen Sprache beginnen, werden Sie vielleicht eine Mischung aus Aufregung und Einsch\u00fcchterung versp\u00fcren, wenn es darum geht, ihre grammatikalischen R\u00e4tsel zu entschl\u00fcsseln. Keine [&hellip;]<\/p>\n","protected":false},"author":1,"featured_media":28589,"parent":0,"menu_order":0,"comment_status":"closed","ping_status":"closed","template":"LearningContentPage.php","meta":{"_acf_changed":false,"footnotes":""},"class_list":["post-73698","page","type-page","status-publish","has-post-thumbnail","hentry"],"acf":[],"yoast_head":"<!-- This site is optimized with the Yoast SEO Premium plugin v27.2 (Yoast SEO v27.2) - https:\/\/yoast.com\/product\/yoast-seo-premium-wordpress\/ -->\n<title>Mazedonische Grammatik - Talkpal<\/title>\n<meta name=\"description\" content=\"Beherrschen Sie m\u00fchelos die mazedonische Grammatik mit Talkpal, Ihrem KI-gesteuerten Sprachtutor. Verbessern Sie Ihre mazedonischen Grammatikkenntnisse!\" \/>\n<meta name=\"robots\" content=\"index, follow, max-snippet:-1, max-image-preview:large, max-video-preview:-1\" \/>\n<link rel=\"canonical\" href=\"https:\/\/talkpal.ai\/de\/mazedonische-grammatik\/\" \/>\n<meta property=\"og:locale\" content=\"de_DE\" \/>\n<meta property=\"og:type\" content=\"article\" \/>\n<meta property=\"og:title\" content=\"Mazedonische Grammatik\" \/>\n<meta property=\"og:description\" content=\"Den Geheimnissen der mazedonischen Grammatik auf der Spur Die mazedonische Grammatik - kompliziert und doch zug\u00e4nglich, faszinierend und doch anmutig,\" \/>\n<meta property=\"og:url\" content=\"https:\/\/talkpal.ai\/de\/mazedonische-grammatik\/\" \/>\n<meta property=\"og:site_name\" content=\"Talkpal\" \/>\n<meta property=\"article:publisher\" content=\"https:\/\/www.facebook.com\/profile.php?id=100090733639311\" \/>\n<meta property=\"article:modified_time\" content=\"2025-12-17T16:39:27+00:00\" \/>\n<meta property=\"og:image\" content=\"https:\/\/talkpal.ai\/wp-content\/uploads\/2023\/05\/republic-of-macedonia.png\" \/>\n\t<meta property=\"og:image:width\" content=\"512\" \/>\n\t<meta property=\"og:image:height\" content=\"512\" \/>\n\t<meta property=\"og:image:type\" content=\"image\/png\" \/>\n<meta name=\"twitter:card\" content=\"summary_large_image\" \/>\n<meta name=\"twitter:site\" content=\"@talkpalai\" \/>\n<meta name=\"twitter:label1\" content=\"Gesch\u00e4tzte Lesezeit\" \/>\n\t<meta name=\"twitter:data1\" content=\"3\u00a0Minuten\" \/>\n<script type=\"application\/ld+json\" class=\"yoast-schema-graph\">{\"@context\":\"https:\/\/schema.org\",\"@graph\":[{\"@type\":\"WebPage\",\"@id\":\"https:\/\/talkpal.ai\/de\/mazedonische-grammatik\/\",\"url\":\"https:\/\/talkpal.ai\/de\/mazedonische-grammatik\/\",\"name\":\"Mazedonische Grammatik - Talkpal\",\"isPartOf\":{\"@id\":\"https:\/\/talkpal.ai\/de\/#website\"},\"primaryImageOfPage\":{\"@id\":\"https:\/\/talkpal.ai\/de\/mazedonische-grammatik\/#primaryimage\"},\"image\":{\"@id\":\"https:\/\/talkpal.ai\/de\/mazedonische-grammatik\/#primaryimage\"},\"thumbnailUrl\":\"https:\/\/talkpal.ai\/wp-content\/uploads\/2023\/05\/republic-of-macedonia.png\",\"datePublished\":\"2023-05-14T14:11:28+00:00\",\"dateModified\":\"2025-12-17T16:39:27+00:00\",\"description\":\"Beherrschen Sie m\u00fchelos die mazedonische Grammatik mit Talkpal, Ihrem KI-gesteuerten Sprachtutor. Verbessern Sie Ihre mazedonischen Grammatikkenntnisse!\",\"breadcrumb\":{\"@id\":\"https:\/\/talkpal.ai\/de\/mazedonische-grammatik\/#breadcrumb\"},\"inLanguage\":\"de\",\"potentialAction\":[{\"@type\":\"ReadAction\",\"target\":[\"https:\/\/talkpal.ai\/de\/mazedonische-grammatik\/\"]}]},{\"@type\":\"ImageObject\",\"inLanguage\":\"de\",\"@id\":\"https:\/\/talkpal.ai\/de\/mazedonische-grammatik\/#primaryimage\",\"url\":\"https:\/\/talkpal.ai\/wp-content\/uploads\/2023\/05\/republic-of-macedonia.png\",\"contentUrl\":\"https:\/\/talkpal.ai\/wp-content\/uploads\/2023\/05\/republic-of-macedonia.png\",\"width\":512,\"height\":512},{\"@type\":\"BreadcrumbList\",\"@id\":\"https:\/\/talkpal.ai\/de\/mazedonische-grammatik\/#breadcrumb\",\"itemListElement\":[{\"@type\":\"ListItem\",\"position\":1,\"name\":\"Homepage\",\"item\":\"https:\/\/talkpal.ai\/de\/\"},{\"@type\":\"ListItem\",\"position\":2,\"name\":\"Mazedonische Grammatik\"}]},{\"@type\":\"WebSite\",\"@id\":\"https:\/\/talkpal.ai\/de\/#website\",\"url\":\"https:\/\/talkpal.ai\/de\/\",\"name\":\"Talkpal\",\"description\":\"AI Language Learning\",\"publisher\":{\"@id\":\"https:\/\/talkpal.ai\/de\/#organization\"},\"alternateName\":\"Talkpal AI\",\"potentialAction\":[{\"@type\":\"SearchAction\",\"target\":{\"@type\":\"EntryPoint\",\"urlTemplate\":\"https:\/\/talkpal.ai\/de\/?s={search_term_string}\"},\"query-input\":{\"@type\":\"PropertyValueSpecification\",\"valueRequired\":true,\"valueName\":\"search_term_string\"}}],\"inLanguage\":\"de\"},{\"@type\":\"Organization\",\"@id\":\"https:\/\/talkpal.ai\/de\/#organization\",\"name\":\"Talkpal, Inc.\",\"alternateName\":\"Talkpal AI\",\"url\":\"https:\/\/talkpal.ai\/de\/\",\"logo\":{\"@type\":\"ImageObject\",\"inLanguage\":\"de\",\"@id\":\"https:\/\/talkpal.ai\/de\/#\/schema\/logo\/image\/\",\"url\":\"https:\/\/talkpal.ai\/wp-content\/uploads\/2024\/03\/Talkpal-Logo-Icon.png\",\"contentUrl\":\"https:\/\/talkpal.ai\/wp-content\/uploads\/2024\/03\/Talkpal-Logo-Icon.png\",\"width\":2880,\"height\":2880,\"caption\":\"Talkpal, Inc.\"},\"image\":{\"@id\":\"https:\/\/talkpal.ai\/de\/#\/schema\/logo\/image\/\"},\"sameAs\":[\"https:\/\/www.facebook.com\/profile.php?id=100090733639311\",\"https:\/\/x.com\/talkpalai\",\"https:\/\/www.linkedin.com\/company\/talkpal\/\",\"https:\/\/www.youtube.com\/@TalkPal\/\",\"https:\/\/www.tiktok.com\/@talkpal\",\"https:\/\/www.instagram.com\/talkpal_ai\/\",\"https:\/\/www.crunchbase.com\/organization\/talkpal-9cde\",\"https:\/\/www.g2.com\/products\/talkpal-for-business\/\",\"https:\/\/www.trustpilot.com\/review\/talkpal.ai\",\"https:\/\/www.capterra.com\/p\/10006800\/TalkPal\/\"],\"description\":\"Talkpal is a language learning web and mobile education app, powered by the latest AI technologies, that provides engaging experiences to its customers in many different languages to help them improve their language skills. Users can chat about unlimited amount of topics with the app and use other modes to practice their language learning.\",\"email\":\"support@talkpal.ai\",\"legalName\":\"Talkpal, Inc.\",\"foundingDate\":\"2023-04-03\",\"duns\":\"118989042\",\"numberOfEmployees\":{\"@type\":\"QuantitativeValue\",\"minValue\":\"11\",\"maxValue\":\"50\"},\"publishingPrinciples\":\"https:\/\/talkpal.ai\/publishing-principles\/\",\"actionableFeedbackPolicy\":\"https:\/\/talkpal.ai\/actionable-feedback-policy\/\",\"correctionsPolicy\":\"https:\/\/talkpal.ai\/corrections-policy\/\",\"ethicsPolicy\":\"https:\/\/talkpal.ai\/ethics-policy\/\",\"diversityPolicy\":\"https:\/\/talkpal.ai\/diversity-policy\/\",\"diversityStaffingReport\":\"https:\/\/talkpal.ai\/diversity-policy\/\"}]}<\/script>\n<!-- \/ Yoast SEO Premium plugin. -->","yoast_head_json":{"title":"Mazedonische Grammatik - Talkpal","description":"Beherrschen Sie m\u00fchelos die mazedonische Grammatik mit Talkpal, Ihrem KI-gesteuerten Sprachtutor. Verbessern Sie Ihre mazedonischen Grammatikkenntnisse!","robots":{"index":"index","follow":"follow","max-snippet":"max-snippet:-1","max-image-preview":"max-image-preview:large","max-video-preview":"max-video-preview:-1"},"canonical":"https:\/\/talkpal.ai\/de\/mazedonische-grammatik\/","og_locale":"de_DE","og_type":"article","og_title":"Mazedonische Grammatik","og_description":"Den Geheimnissen der mazedonischen Grammatik auf der Spur Die mazedonische Grammatik - kompliziert und doch zug\u00e4nglich, faszinierend und doch anmutig,","og_url":"https:\/\/talkpal.ai\/de\/mazedonische-grammatik\/","og_site_name":"Talkpal","article_publisher":"https:\/\/www.facebook.com\/profile.php?id=100090733639311","article_modified_time":"2025-12-17T16:39:27+00:00","og_image":[{"width":512,"height":512,"url":"https:\/\/talkpal.ai\/wp-content\/uploads\/2023\/05\/republic-of-macedonia.png","type":"image\/png"}],"twitter_card":"summary_large_image","twitter_site":"@talkpalai","twitter_misc":{"Gesch\u00e4tzte Lesezeit":"3\u00a0Minuten"},"schema":{"@context":"https:\/\/schema.org","@graph":[{"@type":"WebPage","@id":"https:\/\/talkpal.ai\/de\/mazedonische-grammatik\/","url":"https:\/\/talkpal.ai\/de\/mazedonische-grammatik\/","name":"Mazedonische Grammatik - Talkpal","isPartOf":{"@id":"https:\/\/talkpal.ai\/de\/#website"},"primaryImageOfPage":{"@id":"https:\/\/talkpal.ai\/de\/mazedonische-grammatik\/#primaryimage"},"image":{"@id":"https:\/\/talkpal.ai\/de\/mazedonische-grammatik\/#primaryimage"},"thumbnailUrl":"https:\/\/talkpal.ai\/wp-content\/uploads\/2023\/05\/republic-of-macedonia.png","datePublished":"2023-05-14T14:11:28+00:00","dateModified":"2025-12-17T16:39:27+00:00","description":"Beherrschen Sie m\u00fchelos die mazedonische Grammatik mit Talkpal, Ihrem KI-gesteuerten Sprachtutor. Verbessern Sie Ihre mazedonischen Grammatikkenntnisse!","breadcrumb":{"@id":"https:\/\/talkpal.ai\/de\/mazedonische-grammatik\/#breadcrumb"},"inLanguage":"de","potentialAction":[{"@type":"ReadAction","target":["https:\/\/talkpal.ai\/de\/mazedonische-grammatik\/"]}]},{"@type":"ImageObject","inLanguage":"de","@id":"https:\/\/talkpal.ai\/de\/mazedonische-grammatik\/#primaryimage","url":"https:\/\/talkpal.ai\/wp-content\/uploads\/2023\/05\/republic-of-macedonia.png","contentUrl":"https:\/\/talkpal.ai\/wp-content\/uploads\/2023\/05\/republic-of-macedonia.png","width":512,"height":512},{"@type":"BreadcrumbList","@id":"https:\/\/talkpal.ai\/de\/mazedonische-grammatik\/#breadcrumb","itemListElement":[{"@type":"ListItem","position":1,"name":"Homepage","item":"https:\/\/talkpal.ai\/de\/"},{"@type":"ListItem","position":2,"name":"Mazedonische Grammatik"}]},{"@type":"WebSite","@id":"https:\/\/talkpal.ai\/de\/#website","url":"https:\/\/talkpal.ai\/de\/","name":"Talkpal","description":"AI Language Learning","publisher":{"@id":"https:\/\/talkpal.ai\/de\/#organization"},"alternateName":"Talkpal AI","potentialAction":[{"@type":"SearchAction","target":{"@type":"EntryPoint","urlTemplate":"https:\/\/talkpal.ai\/de\/?s={search_term_string}"},"query-input":{"@type":"PropertyValueSpecification","valueRequired":true,"valueName":"search_term_string"}}],"inLanguage":"de"},{"@type":"Organization","@id":"https:\/\/talkpal.ai\/de\/#organization","name":"Talkpal, Inc.","alternateName":"Talkpal AI","url":"https:\/\/talkpal.ai\/de\/","logo":{"@type":"ImageObject","inLanguage":"de","@id":"https:\/\/talkpal.ai\/de\/#\/schema\/logo\/image\/","url":"https:\/\/talkpal.ai\/wp-content\/uploads\/2024\/03\/Talkpal-Logo-Icon.png","contentUrl":"https:\/\/talkpal.ai\/wp-content\/uploads\/2024\/03\/Talkpal-Logo-Icon.png","width":2880,"height":2880,"caption":"Talkpal, Inc."},"image":{"@id":"https:\/\/talkpal.ai\/de\/#\/schema\/logo\/image\/"},"sameAs":["https:\/\/www.facebook.com\/profile.php?id=100090733639311","https:\/\/x.com\/talkpalai","https:\/\/www.linkedin.com\/company\/talkpal\/","https:\/\/www.youtube.com\/@TalkPal\/","https:\/\/www.tiktok.com\/@talkpal","https:\/\/www.instagram.com\/talkpal_ai\/","https:\/\/www.crunchbase.com\/organization\/talkpal-9cde","https:\/\/www.g2.com\/products\/talkpal-for-business\/","https:\/\/www.trustpilot.com\/review\/talkpal.ai","https:\/\/www.capterra.com\/p\/10006800\/TalkPal\/"],"description":"Talkpal is a language learning web and mobile education app, powered by the latest AI technologies, that provides engaging experiences to its customers in many different languages to help them improve their language skills. Users can chat about unlimited amount of topics with the app and use other modes to practice their language learning.","email":"support@talkpal.ai","legalName":"Talkpal, Inc.","foundingDate":"2023-04-03","duns":"118989042","numberOfEmployees":{"@type":"QuantitativeValue","minValue":"11","maxValue":"50"},"publishingPrinciples":"https:\/\/talkpal.ai\/publishing-principles\/","actionableFeedbackPolicy":"https:\/\/talkpal.ai\/actionable-feedback-policy\/","correctionsPolicy":"https:\/\/talkpal.ai\/corrections-policy\/","ethicsPolicy":"https:\/\/talkpal.ai\/ethics-policy\/","diversityPolicy":"https:\/\/talkpal.ai\/diversity-policy\/","diversityStaffingReport":"https:\/\/talkpal.ai\/diversity-policy\/"}]}},"_links":{"self":[{"href":"https:\/\/talkpal.ai\/de\/wp-json\/wp\/v2\/pages\/73698","targetHints":{"allow":["GET"]}}],"collection":[{"href":"https:\/\/talkpal.ai\/de\/wp-json\/wp\/v2\/pages"}],"about":[{"href":"https:\/\/talkpal.ai\/de\/wp-json\/wp\/v2\/types\/page"}],"author":[{"embeddable":true,"href":"https:\/\/talkpal.ai\/de\/wp-json\/wp\/v2\/users\/1"}],"replies":[{"embeddable":true,"href":"https:\/\/talkpal.ai\/de\/wp-json\/wp\/v2\/comments?post=73698"}],"version-history":[{"count":0,"href":"https:\/\/talkpal.ai\/de\/wp-json\/wp\/v2\/pages\/73698\/revisions"}],"wp:featuredmedia":[{"embeddable":true,"href":"https:\/\/talkpal.ai\/de\/wp-json\/wp\/v2\/media\/28589"}],"wp:attachment":[{"href":"https:\/\/talkpal.ai\/de\/wp-json\/wp\/v2\/media?parent=73698"}],"curies":[{"name":"wp","href":"https:\/\/api.w.org\/{rel}","templated":true}]}}