{"id":73695,"date":"2023-05-14T14:22:39","date_gmt":"2023-05-14T14:22:39","guid":{"rendered":"http:\/\/talkpal.ai\/urdu-grammatik\/"},"modified":"2025-12-11T16:26:23","modified_gmt":"2025-12-11T16:26:23","slug":"urdu-grammatik","status":"publish","type":"page","link":"https:\/\/talkpal.ai\/de\/urdu-grammatik\/","title":{"rendered":"Urdu-Grammatik"},"content":{"rendered":"\r\n\r\n\r\n<section class=\"languageChallengeSection\">\r\n    <div class=\"languageInfoWrapper\">\r\n        \r\n        <h1>Urdu-Grammatik<\/h1>\r\n        <p>Sind Sie daran interessiert, <a href=\"https:\/\/talkpal.ai\/learn-urdu\/\">Urdu<\/a> zu lernen? Tauchen Sie ein in die <a href=\"https:\/\/talkpal.ai\/fr\/les\/\">Grammatik<\/a> des Urdu, wo elegante Schrift, geschlechtsspezifische Substantive und ausdrucksstarke Verbformen eine Sprache schaffen, die sowohl poetisch als auch praktisch ist. Beginnen Sie Ihre Urdu-Reise noch heute &#8211; die Beherrschung der Grammatik wird Ihnen neue Wege der Kommunikation er\u00f6ffnen und Sie tief mit den reichen literarischen und kulturellen Traditionen S\u00fcdasiens verbinden!<\/p>\r\n\r\n                            <a class=\"getStartedHidden\" href=\"https:\/\/app.talkpal.ai\/de\/signup?lng=\">Leg los<\/a>\r\n        \r\n    <\/div>\r\n\r\n    <figure>\r\n    <img decoding=\"async\" width=\"768\" height=\"768\" src=\"https:\/\/talkpal.ai\/wp-content\/uploads\/2023\/06\/urdu-768x768.png\" class=\"languageImage no-lazy\" alt=\"Default alt text\" fetchpriority=\"high\" sizes=\"(max-width: 768px) 150px, 768px\" srcset=\"https:\/\/talkpal.ai\/wp-content\/uploads\/2023\/06\/urdu-768x768.png 768w, https:\/\/talkpal.ai\/wp-content\/uploads\/2023\/06\/urdu-300x300.png 300w\" \/>\r\n    \r\n\r\n    <\/figure>\r\n\r\n            <a class=\"getStartedVisible\" href=\"https:\/\/app.talkpal.ai\/de\/signup?lng=\">Leg los<\/a>\r\n    \r\n<\/section>\r\n        <section class=\"grammarSection\">\r\n            <div class=\"grammarLinks\">\r\n                <a href=\"https:\/\/talkpal.ai\/de\/language\/adjektive-urdu-grammatik\/\">Adjektive <\/a><a href=\"https:\/\/talkpal.ai\/de\/language\/adverbien-urdu-grammatik\/\">Adverbien <\/a><a href=\"https:\/\/talkpal.ai\/de\/language\/artikel-urdu-grammatik\/\">Artikel <\/a><a href=\"https:\/\/talkpal.ai\/de\/language\/konditionale-urdu-grammatik\/\">Konditionale <\/a><a href=\"https:\/\/talkpal.ai\/de\/language\/perfekt-progressiv-urdu-grammatik\/\">Perfekt Progressiv <\/a><a href=\"https:\/\/talkpal.ai\/de\/language\/prapositionen-urdu-grammatik\/\">Pr\u00e4positionen <\/a><a href=\"https:\/\/talkpal.ai\/de\/language\/progressiv-urdu-grammatik\/\">Progressiv <\/a><a href=\"https:\/\/talkpal.ai\/de\/language\/pronomen-determinanten-urdu-grammatik\/\">Pronomen\/Determinanten <\/a><a href=\"https:\/\/talkpal.ai\/de\/language\/satze-urdu-grammatik\/\">S\u00e4tze <\/a><a href=\"https:\/\/talkpal.ai\/de\/language\/substantive-urdu-grammatik\/\">Substantive <\/a><a href=\"https:\/\/talkpal.ai\/de\/language\/verben-urdu-grammatik\/\">Verben <\/a><a href=\"https:\/\/talkpal.ai\/de\/language\/zeitformen-urdu-grammatik\/\">Zeitformen <\/a><a href=\"https:\/\/talkpal.ai\/de\/language\/zeitvergleich-urdu-grammatik\/\">Zeitvergleich <\/a>            <\/div>\r\n        <\/section>\r\n    <section class=\"promotionalBanner\">\r\n    <p class=\"promotionalText\">Der effizienteste Weg, eine Sprache zu lernen<\/p>\r\n    <a class=\"promotionalLink\" href=\"https:\/\/app.talkpal.ai\/de\/signup?lng=\">Talkpal kostenlos<\/a>\r\n<\/section>\n<div class=\"wp-block-group pageContainerStyle\"><div class=\"wp-block-group__inner-container is-layout-constrained wp-block-group-is-layout-constrained\">\n<h2 class=\"wp-block-heading\" id=\"h-urdu-grammar-exploring-the-beauty-and-intricacies-of-the-indo-aryan-language\">Urdu-Grammatik: Die Sch\u00f6nheit und Feinheiten der indoarischen Sprache erforschen<\/h2>\n\n\n\n<p><a href=\"https:\/\/talkpal.ai\/talkpal-discount-for-language-enthusiasts\/\">Sprachbegeisterte<\/a> und neugierige Lerner, sind Sie bereit, in die faszinierende Welt der <a href=\"https:\/\/talkpal.ai\/urdu-grammar\/\">Urdu-Grammatik<\/a> einzutauchen? Urdu, eine indoarische Sprache, ist die Nationalsprache Pakistans und eine der Amtssprachen Indiens. Mit etwa 70 Millionen Sprechern weltweit ist Urdu <a href=\"https:\/\/talkpal.ai\/culture\/how-do-i-use-the-word-nicht-nur-sondern-auch\/\">nicht nur<\/a> eine reiche und ausdrucksstarke Sprache, sondern auch eine Br\u00fccke zu einer lebendigen Kultur und Geschichte. In diesem Artikel werden wir uns mit den einzigartigen Aspekten der Urdu-Grammatik befassen und entdecken, was sie von anderen Sprachen unterscheidet.<\/p>\n\n\n\n<h3 class=\"wp-block-heading\" id=\"h-script-and-pronunciation-the-elegant-nastaliq\">Schrift und Aussprache: Der elegante Nastaliq<\/h3>\n\n\n\n<p>Die Urdu-Schrift basiert auf dem persisch-arabischen Nastaliq-Stil, der von rechts nach links geschrieben und gelesen wird. Die Nastaliq-Schrift besteht aus 38 Buchstaben mit zus\u00e4tzlichen diakritischen Zeichen f\u00fcr Vokale und Aussprache und ist sowohl elegant als auch fl\u00fcssig. Das Erlernen der Schrift und die Beherrschung der Aussprache der Urdu-Laute ist der erste Schritt zum Verst\u00e4ndnis der Grammatik der Sprache.<\/p>\n\n\n\n<h3 class=\"wp-block-heading\" id=\"h-nouns-and-pronouns-exploring-gender-number-and-case\">Substantive und Pronomen: Geschlecht, Numerus und Kasus erforschen<\/h3>\n\n\n\n<p>Urdu-Substantive werden nach Geschlecht (m\u00e4nnlich oder weiblich), Zahl (Singular oder Plural) und Gro\u00df- und Kleinschreibung (direkt oder schr\u00e4g) klassifiziert. Die Sprache kennt keine Artikel (wie &#8218;ein&#8216; oder &#8218;der&#8216;) und verl\u00e4sst sich stattdessen auf den Kontext, um Bestimmtheit zu vermitteln. Urdu-Pronomen folgen auch den Unterschieden zwischen Geschlecht, Zahl und Gro\u00df- und Kleinschreibung und haben verschiedene Formen von H\u00f6flichkeit und Vertrautheit.<\/p>\n\n\n\n<h3 class=\"wp-block-heading\" id=\"h-postpositions-and-cases-urdu-s-unique-approach-to-indicating-relationships\">Postpositionen und Kasus: Urdu&#8217;s einzigartiger Ansatz zur Angabe von Beziehungen<\/h3>\n\n\n\n<p>Anstelle von <a href=\"https:\/\/talkpal.ai\/ar\/grammar_exercises\/prapositionen-%d8%aa%d9%85%d8%a7%d8%b1%d9%8a%d9%86-%d9%84%d9%84%d9%82%d9%88%d8%a7%d8%b9%d8%af-%d8%a7%d9%84%d8%a3%d9%84%d9%85%d8%a7%d9%86%d9%8a%d8%a9\/\">Pr\u00e4positionen<\/a> verwendet Urdu Postpositionen \u2013 W\u00f6rter, die nach den Substantiven stehen, die sie beherrschen. Dieses besondere Merkmal ist in der gesamten Sprache zu sehen und beeinflusst ma\u00dfgeblich die Markierung der Gro\u00df- und Kleinschreibung. Die beiden F\u00e4lle in Urdu, direkt und schr\u00e4g, werden in Kombination mit Postpositionen verwendet, um Beziehungen zwischen W\u00f6rtern anzuzeigen.<\/p>\n\n\n\n<h3 class=\"wp-block-heading\" id=\"h-harnessing-the-power-of-verbs-tense-aspect-and-moods\">Die Macht der Verben nutzen: Zeitform, Aspekt und Stimmungen<\/h3>\n\n\n\n<p>Urdu-Verben faszinieren mit ihrer Vielfalt an Zeitformen (Vergangenheit, Gegenwart und Zukunft), Aspekten (Perfektiv, Imperfektiv und Gewohnheit) und Stimmungen (Indikativ, Imperativ und Konjunktiv). Die Sprache macht auch ausgiebigen Gebrauch von Hilfsverben, um zusammengesetzte Zeitformen zu bilden, die Nuancen in der Zeit und der Ausf\u00fchrung von Handlungen ausdr\u00fccken.<\/p>\n\n\n\n<p>Die Verben stimmen auch in Bezug auf Geschlecht und Zahl mit ihren Subjekten \u00fcberein, was die Urdu-Grammatik noch komplexer und reicher macht.<\/p>\n\n\n\n<h3 class=\"wp-block-heading\" id=\"h-adjectives-adverbs-and-more-adding-color-to-your-language\">Adjektive, Adverbien und mehr: Farbe in die Sprache bringen<\/h3>\n\n\n\n<p>Urdu-Adjektive folgen in der Regel den Substantiven, die sie modifizieren, und stimmen mit ihnen in Bezug auf Geschlecht und Anzahl \u00fcberein. Adjektive k\u00f6nnen durch Komparative und Superlative intensiviert werden, um den Beschreibungen Tiefe zu verleihen. Urdu-Adverbien, die von Adjektiven abgeleitet sind oder unabh\u00e4ngig voneinander existieren, spielen ebenfalls eine wichtige Rolle in der Sprache, da sie Informationen \u00fcber Zeit, Art, Ort und Grad liefern.<\/p>\n\n\n\n<p>Die Urdu-Grammatik bietet eine F\u00fclle von Konjunktionen, Interjektionen, Partikeln und mehr, die Ihnen helfen, reichhaltige, bedeutungsvolle und ausdrucksstarke S\u00e4tze zu bilden.<\/p>\n\n\n\n<h3 class=\"wp-block-heading\" id=\"h-embracing-the-world-of-urdu-grammar\">Die Welt der Urdu-Grammatik kennenlernen<\/h3>\n\n\n\n<p>Die Grammatik von Urdu mag anfangs kompliziert erscheinen, aber wenn Sie sich in ihre Feinheiten vertiefen, werden Sie feststellen, dass die Sprache vor Sch\u00f6nheit und Ausdruckskraft strotzt. Das Erlernen von Urdu wird nicht nur Ihr Verst\u00e4ndnis der indoarischen Sprachfamilie verbessern, sondern Ihnen auch helfen, sich mit einer bezaubernden Kultur, Literatur und Geschichte zu verbinden.<\/p>\n\n\n\n<p>Warum begeben Sie sich also nicht auf die aufregende Reise zum Erlernen der Urdu-Grammatik? Mit Hingabe und Neugier k\u00f6nnen Sie sich bald mit Muttersprachlern unterhalten und Ideen und Geschichten in dieser kraftvollen Sprache austauschen. Viel Spa\u00df beim Lernen!<\/p>\n<\/div><\/div>\n\r\n<section class=\"learnNavigationSection\">\r\n            \r\n        <a href=\"https:\/\/talkpal.ai\/de\/urdu-lernen\/\">\r\n            <div class=\"learnNavigationWrapper\">\r\n                <div class=\"learnNavigationContent\">\r\n                    <img decoding=\"async\" src=\"https:\/\/talkpal.ai\/wp-content\/uploads\/2024\/08\/Urdu.jpg\" alt=\"Pakistani Flag\">\r\n                    <div>\r\n                        <h4>\u00dcber Urdu Lernen<\/h4>\r\n                        <p>Erfahren Sie alles \u00fcber die Urdu-Grammatik.<\/p>\r\n                    <\/div>\r\n                <\/div>\r\n            <\/div>\r\n        <\/a>\r\n\r\n        \r\n        <a href=\"https:\/\/talkpal.ai\/de\/urdu-grammatikuebungen\/\">\r\n            <div class=\"learnNavigationWrapper\">\r\n                <div class=\"learnNavigationContent\">\r\n                    <img decoding=\"async\" src=\"https:\/\/talkpal.ai\/wp-content\/uploads\/2024\/08\/Urdu.jpg\" alt=\"Pakistani Flag\">\r\n                    <div>\r\n                        <h4>Urdu Grammatik \u00dcbung<\/h4>\r\n                        <p>\u00dcbe die Urdu-Grammatik .<\/p>\r\n                    <\/div>\r\n                <\/div>\r\n            <\/div>\r\n        <\/a>\r\n\r\n        \r\n        <a href=\"https:\/\/talkpal.ai\/vocabulary_language\/urdu\/\">\r\n            <div class=\"learnNavigationWrapper\">\r\n                <div class=\"learnNavigationContent\">\r\n                    <img decoding=\"async\" src=\"https:\/\/talkpal.ai\/wp-content\/uploads\/2024\/08\/Urdu.jpg\" alt=\"Pakistani Flag\">\r\n                    <div>\r\n                        <h4>Urdu Wortschatz<\/h4>\r\n                        <p>Erweitern Sie Ihren Urdu-Wortschatz.<\/p>\r\n                    <\/div>\r\n                <\/div>\r\n            <\/div>\r\n        <\/a>\r\n\r\n            <\/section>","protected":false},"excerpt":{"rendered":"<p>Urdu-Grammatik: Die Sch\u00f6nheit und Feinheiten der indoarischen Sprache erforschen Sprachbegeisterte und neugierige Lerner, sind Sie bereit, in die faszinierende Welt der Urdu-Grammatik einzutauchen? Urdu, eine indoarische Sprache, ist die Nationalsprache Pakistans und eine der Amtssprachen Indiens. Mit etwa 70 Millionen Sprechern weltweit ist Urdu nicht nur eine reiche und ausdrucksstarke Sprache, sondern auch eine Br\u00fccke [&hellip;]<\/p>\n","protected":false},"author":1,"featured_media":28765,"parent":0,"menu_order":0,"comment_status":"closed","ping_status":"closed","template":"LearningContentPage.php","meta":{"_acf_changed":false,"footnotes":""},"class_list":["post-73695","page","type-page","status-publish","has-post-thumbnail","hentry"],"acf":[],"yoast_head":"<!-- This site is optimized with the Yoast SEO Premium plugin v27.2 (Yoast SEO v27.2) - https:\/\/yoast.com\/product\/yoast-seo-premium-wordpress\/ -->\n<title>Urdu-Grammatik - Talkpal<\/title>\n<meta name=\"description\" content=\"Entdecken Sie die Sch\u00f6nheit der Urdu-Grammatik. Erforschen Sie seine einzigartigen Aspekte, die Schrift und wie sie mit Kultur und Geschichte verbunden ist.\" \/>\n<meta name=\"robots\" content=\"index, follow, max-snippet:-1, max-image-preview:large, max-video-preview:-1\" \/>\n<link rel=\"canonical\" href=\"https:\/\/talkpal.ai\/de\/urdu-grammatik\/\" \/>\n<meta property=\"og:locale\" content=\"de_DE\" \/>\n<meta property=\"og:type\" content=\"article\" \/>\n<meta property=\"og:title\" content=\"Urdu-Grammatik\" \/>\n<meta property=\"og:description\" content=\"Urdu-Grammatik: Die Sch\u00f6nheit und Feinheiten der indoarischen Sprache erforschen Sprachbegeisterte und neugierige Lerner, sind Sie bereit, in die\" \/>\n<meta property=\"og:url\" content=\"https:\/\/talkpal.ai\/de\/urdu-grammatik\/\" \/>\n<meta property=\"og:site_name\" content=\"Talkpal\" \/>\n<meta property=\"article:publisher\" content=\"https:\/\/www.facebook.com\/profile.php?id=100090733639311\" \/>\n<meta property=\"article:modified_time\" content=\"2025-12-11T16:26:23+00:00\" \/>\n<meta property=\"og:image\" content=\"https:\/\/talkpal.ai\/wp-content\/uploads\/2023\/05\/Urdu-pakistan.png\" \/>\n\t<meta property=\"og:image:width\" content=\"512\" \/>\n\t<meta property=\"og:image:height\" content=\"512\" \/>\n\t<meta property=\"og:image:type\" content=\"image\/png\" \/>\n<meta name=\"twitter:card\" content=\"summary_large_image\" \/>\n<meta name=\"twitter:site\" content=\"@talkpalai\" \/>\n<meta name=\"twitter:label1\" content=\"Gesch\u00e4tzte Lesezeit\" \/>\n\t<meta name=\"twitter:data1\" content=\"3\u00a0Minuten\" \/>\n<script type=\"application\/ld+json\" class=\"yoast-schema-graph\">{\"@context\":\"https:\/\/schema.org\",\"@graph\":[{\"@type\":\"WebPage\",\"@id\":\"https:\/\/talkpal.ai\/de\/urdu-grammatik\/\",\"url\":\"https:\/\/talkpal.ai\/de\/urdu-grammatik\/\",\"name\":\"Urdu-Grammatik - Talkpal\",\"isPartOf\":{\"@id\":\"https:\/\/talkpal.ai\/de\/#website\"},\"primaryImageOfPage\":{\"@id\":\"https:\/\/talkpal.ai\/de\/urdu-grammatik\/#primaryimage\"},\"image\":{\"@id\":\"https:\/\/talkpal.ai\/de\/urdu-grammatik\/#primaryimage\"},\"thumbnailUrl\":\"https:\/\/talkpal.ai\/wp-content\/uploads\/2023\/05\/Urdu-pakistan.png\",\"datePublished\":\"2023-05-14T14:22:39+00:00\",\"dateModified\":\"2025-12-11T16:26:23+00:00\",\"description\":\"Entdecken Sie die Sch\u00f6nheit der Urdu-Grammatik. Erforschen Sie seine einzigartigen Aspekte, die Schrift und wie sie mit Kultur und Geschichte verbunden ist.\",\"breadcrumb\":{\"@id\":\"https:\/\/talkpal.ai\/de\/urdu-grammatik\/#breadcrumb\"},\"inLanguage\":\"de\",\"potentialAction\":[{\"@type\":\"ReadAction\",\"target\":[\"https:\/\/talkpal.ai\/de\/urdu-grammatik\/\"]}]},{\"@type\":\"ImageObject\",\"inLanguage\":\"de\",\"@id\":\"https:\/\/talkpal.ai\/de\/urdu-grammatik\/#primaryimage\",\"url\":\"https:\/\/talkpal.ai\/wp-content\/uploads\/2023\/05\/Urdu-pakistan.png\",\"contentUrl\":\"https:\/\/talkpal.ai\/wp-content\/uploads\/2023\/05\/Urdu-pakistan.png\",\"width\":512,\"height\":512},{\"@type\":\"BreadcrumbList\",\"@id\":\"https:\/\/talkpal.ai\/de\/urdu-grammatik\/#breadcrumb\",\"itemListElement\":[{\"@type\":\"ListItem\",\"position\":1,\"name\":\"Homepage\",\"item\":\"https:\/\/talkpal.ai\/de\/\"},{\"@type\":\"ListItem\",\"position\":2,\"name\":\"Urdu-Grammatik\"}]},{\"@type\":\"WebSite\",\"@id\":\"https:\/\/talkpal.ai\/de\/#website\",\"url\":\"https:\/\/talkpal.ai\/de\/\",\"name\":\"Talkpal\",\"description\":\"AI Language Learning\",\"publisher\":{\"@id\":\"https:\/\/talkpal.ai\/de\/#organization\"},\"alternateName\":\"Talkpal AI\",\"potentialAction\":[{\"@type\":\"SearchAction\",\"target\":{\"@type\":\"EntryPoint\",\"urlTemplate\":\"https:\/\/talkpal.ai\/de\/?s={search_term_string}\"},\"query-input\":{\"@type\":\"PropertyValueSpecification\",\"valueRequired\":true,\"valueName\":\"search_term_string\"}}],\"inLanguage\":\"de\"},{\"@type\":\"Organization\",\"@id\":\"https:\/\/talkpal.ai\/de\/#organization\",\"name\":\"Talkpal, Inc.\",\"alternateName\":\"Talkpal AI\",\"url\":\"https:\/\/talkpal.ai\/de\/\",\"logo\":{\"@type\":\"ImageObject\",\"inLanguage\":\"de\",\"@id\":\"https:\/\/talkpal.ai\/de\/#\/schema\/logo\/image\/\",\"url\":\"https:\/\/talkpal.ai\/wp-content\/uploads\/2024\/03\/Talkpal-Logo-Icon.png\",\"contentUrl\":\"https:\/\/talkpal.ai\/wp-content\/uploads\/2024\/03\/Talkpal-Logo-Icon.png\",\"width\":2880,\"height\":2880,\"caption\":\"Talkpal, Inc.\"},\"image\":{\"@id\":\"https:\/\/talkpal.ai\/de\/#\/schema\/logo\/image\/\"},\"sameAs\":[\"https:\/\/www.facebook.com\/profile.php?id=100090733639311\",\"https:\/\/x.com\/talkpalai\",\"https:\/\/www.linkedin.com\/company\/talkpal\/\",\"https:\/\/www.youtube.com\/@TalkPal\/\",\"https:\/\/www.tiktok.com\/@talkpal\",\"https:\/\/www.instagram.com\/talkpal_ai\/\",\"https:\/\/www.crunchbase.com\/organization\/talkpal-9cde\",\"https:\/\/www.g2.com\/products\/talkpal-for-business\/\",\"https:\/\/www.trustpilot.com\/review\/talkpal.ai\",\"https:\/\/www.capterra.com\/p\/10006800\/TalkPal\/\"],\"description\":\"Talkpal is a language learning web and mobile education app, powered by the latest AI technologies, that provides engaging experiences to its customers in many different languages to help them improve their language skills. Users can chat about unlimited amount of topics with the app and use other modes to practice their language learning.\",\"email\":\"support@talkpal.ai\",\"legalName\":\"Talkpal, Inc.\",\"foundingDate\":\"2023-04-03\",\"duns\":\"118989042\",\"numberOfEmployees\":{\"@type\":\"QuantitativeValue\",\"minValue\":\"11\",\"maxValue\":\"50\"},\"publishingPrinciples\":\"https:\/\/talkpal.ai\/publishing-principles\/\",\"actionableFeedbackPolicy\":\"https:\/\/talkpal.ai\/actionable-feedback-policy\/\",\"correctionsPolicy\":\"https:\/\/talkpal.ai\/corrections-policy\/\",\"ethicsPolicy\":\"https:\/\/talkpal.ai\/ethics-policy\/\",\"diversityPolicy\":\"https:\/\/talkpal.ai\/diversity-policy\/\",\"diversityStaffingReport\":\"https:\/\/talkpal.ai\/diversity-policy\/\"}]}<\/script>\n<!-- \/ Yoast SEO Premium plugin. -->","yoast_head_json":{"title":"Urdu-Grammatik - Talkpal","description":"Entdecken Sie die Sch\u00f6nheit der Urdu-Grammatik. Erforschen Sie seine einzigartigen Aspekte, die Schrift und wie sie mit Kultur und Geschichte verbunden ist.","robots":{"index":"index","follow":"follow","max-snippet":"max-snippet:-1","max-image-preview":"max-image-preview:large","max-video-preview":"max-video-preview:-1"},"canonical":"https:\/\/talkpal.ai\/de\/urdu-grammatik\/","og_locale":"de_DE","og_type":"article","og_title":"Urdu-Grammatik","og_description":"Urdu-Grammatik: Die Sch\u00f6nheit und Feinheiten der indoarischen Sprache erforschen Sprachbegeisterte und neugierige Lerner, sind Sie bereit, in die","og_url":"https:\/\/talkpal.ai\/de\/urdu-grammatik\/","og_site_name":"Talkpal","article_publisher":"https:\/\/www.facebook.com\/profile.php?id=100090733639311","article_modified_time":"2025-12-11T16:26:23+00:00","og_image":[{"width":512,"height":512,"url":"https:\/\/talkpal.ai\/wp-content\/uploads\/2023\/05\/Urdu-pakistan.png","type":"image\/png"}],"twitter_card":"summary_large_image","twitter_site":"@talkpalai","twitter_misc":{"Gesch\u00e4tzte Lesezeit":"3\u00a0Minuten"},"schema":{"@context":"https:\/\/schema.org","@graph":[{"@type":"WebPage","@id":"https:\/\/talkpal.ai\/de\/urdu-grammatik\/","url":"https:\/\/talkpal.ai\/de\/urdu-grammatik\/","name":"Urdu-Grammatik - Talkpal","isPartOf":{"@id":"https:\/\/talkpal.ai\/de\/#website"},"primaryImageOfPage":{"@id":"https:\/\/talkpal.ai\/de\/urdu-grammatik\/#primaryimage"},"image":{"@id":"https:\/\/talkpal.ai\/de\/urdu-grammatik\/#primaryimage"},"thumbnailUrl":"https:\/\/talkpal.ai\/wp-content\/uploads\/2023\/05\/Urdu-pakistan.png","datePublished":"2023-05-14T14:22:39+00:00","dateModified":"2025-12-11T16:26:23+00:00","description":"Entdecken Sie die Sch\u00f6nheit der Urdu-Grammatik. Erforschen Sie seine einzigartigen Aspekte, die Schrift und wie sie mit Kultur und Geschichte verbunden ist.","breadcrumb":{"@id":"https:\/\/talkpal.ai\/de\/urdu-grammatik\/#breadcrumb"},"inLanguage":"de","potentialAction":[{"@type":"ReadAction","target":["https:\/\/talkpal.ai\/de\/urdu-grammatik\/"]}]},{"@type":"ImageObject","inLanguage":"de","@id":"https:\/\/talkpal.ai\/de\/urdu-grammatik\/#primaryimage","url":"https:\/\/talkpal.ai\/wp-content\/uploads\/2023\/05\/Urdu-pakistan.png","contentUrl":"https:\/\/talkpal.ai\/wp-content\/uploads\/2023\/05\/Urdu-pakistan.png","width":512,"height":512},{"@type":"BreadcrumbList","@id":"https:\/\/talkpal.ai\/de\/urdu-grammatik\/#breadcrumb","itemListElement":[{"@type":"ListItem","position":1,"name":"Homepage","item":"https:\/\/talkpal.ai\/de\/"},{"@type":"ListItem","position":2,"name":"Urdu-Grammatik"}]},{"@type":"WebSite","@id":"https:\/\/talkpal.ai\/de\/#website","url":"https:\/\/talkpal.ai\/de\/","name":"Talkpal","description":"AI Language Learning","publisher":{"@id":"https:\/\/talkpal.ai\/de\/#organization"},"alternateName":"Talkpal AI","potentialAction":[{"@type":"SearchAction","target":{"@type":"EntryPoint","urlTemplate":"https:\/\/talkpal.ai\/de\/?s={search_term_string}"},"query-input":{"@type":"PropertyValueSpecification","valueRequired":true,"valueName":"search_term_string"}}],"inLanguage":"de"},{"@type":"Organization","@id":"https:\/\/talkpal.ai\/de\/#organization","name":"Talkpal, Inc.","alternateName":"Talkpal AI","url":"https:\/\/talkpal.ai\/de\/","logo":{"@type":"ImageObject","inLanguage":"de","@id":"https:\/\/talkpal.ai\/de\/#\/schema\/logo\/image\/","url":"https:\/\/talkpal.ai\/wp-content\/uploads\/2024\/03\/Talkpal-Logo-Icon.png","contentUrl":"https:\/\/talkpal.ai\/wp-content\/uploads\/2024\/03\/Talkpal-Logo-Icon.png","width":2880,"height":2880,"caption":"Talkpal, Inc."},"image":{"@id":"https:\/\/talkpal.ai\/de\/#\/schema\/logo\/image\/"},"sameAs":["https:\/\/www.facebook.com\/profile.php?id=100090733639311","https:\/\/x.com\/talkpalai","https:\/\/www.linkedin.com\/company\/talkpal\/","https:\/\/www.youtube.com\/@TalkPal\/","https:\/\/www.tiktok.com\/@talkpal","https:\/\/www.instagram.com\/talkpal_ai\/","https:\/\/www.crunchbase.com\/organization\/talkpal-9cde","https:\/\/www.g2.com\/products\/talkpal-for-business\/","https:\/\/www.trustpilot.com\/review\/talkpal.ai","https:\/\/www.capterra.com\/p\/10006800\/TalkPal\/"],"description":"Talkpal is a language learning web and mobile education app, powered by the latest AI technologies, that provides engaging experiences to its customers in many different languages to help them improve their language skills. Users can chat about unlimited amount of topics with the app and use other modes to practice their language learning.","email":"support@talkpal.ai","legalName":"Talkpal, Inc.","foundingDate":"2023-04-03","duns":"118989042","numberOfEmployees":{"@type":"QuantitativeValue","minValue":"11","maxValue":"50"},"publishingPrinciples":"https:\/\/talkpal.ai\/publishing-principles\/","actionableFeedbackPolicy":"https:\/\/talkpal.ai\/actionable-feedback-policy\/","correctionsPolicy":"https:\/\/talkpal.ai\/corrections-policy\/","ethicsPolicy":"https:\/\/talkpal.ai\/ethics-policy\/","diversityPolicy":"https:\/\/talkpal.ai\/diversity-policy\/","diversityStaffingReport":"https:\/\/talkpal.ai\/diversity-policy\/"}]}},"_links":{"self":[{"href":"https:\/\/talkpal.ai\/de\/wp-json\/wp\/v2\/pages\/73695","targetHints":{"allow":["GET"]}}],"collection":[{"href":"https:\/\/talkpal.ai\/de\/wp-json\/wp\/v2\/pages"}],"about":[{"href":"https:\/\/talkpal.ai\/de\/wp-json\/wp\/v2\/types\/page"}],"author":[{"embeddable":true,"href":"https:\/\/talkpal.ai\/de\/wp-json\/wp\/v2\/users\/1"}],"replies":[{"embeddable":true,"href":"https:\/\/talkpal.ai\/de\/wp-json\/wp\/v2\/comments?post=73695"}],"version-history":[{"count":0,"href":"https:\/\/talkpal.ai\/de\/wp-json\/wp\/v2\/pages\/73695\/revisions"}],"wp:featuredmedia":[{"embeddable":true,"href":"https:\/\/talkpal.ai\/de\/wp-json\/wp\/v2\/media\/28765"}],"wp:attachment":[{"href":"https:\/\/talkpal.ai\/de\/wp-json\/wp\/v2\/media?parent=73695"}],"curies":[{"name":"wp","href":"https:\/\/api.w.org\/{rel}","templated":true}]}}