{"id":73694,"date":"2023-05-14T14:13:06","date_gmt":"2023-05-14T14:13:06","guid":{"rendered":"http:\/\/talkpal.ai\/norwegische-grammatik\/"},"modified":"2025-12-17T17:36:18","modified_gmt":"2025-12-17T17:36:18","slug":"norwegische-grammatik","status":"publish","type":"page","link":"https:\/\/talkpal.ai\/de\/norwegische-grammatik\/","title":{"rendered":"Norwegische Grammatik"},"content":{"rendered":"\r\n\r\n\r\n<section class=\"languageChallengeSection\">\r\n    <div class=\"languageInfoWrapper\">\r\n        \r\n        <h1>Norwegische Grammatik<\/h1>\r\n        <p>Entdecken Sie die Grundlagen der norwegischen <a href=\"https:\/\/talkpal.ai\/fr\/les\/\">Grammatik<\/a> und erlernen Sie die F\u00e4higkeit, selbstbewusst in einer der sch\u00f6nsten Sprachen Skandinaviens zu kommunizieren. Die Kenntnis der norwegischen Grammatik wird Ihnen die T\u00fcren zu neuen kulturellen Erfahrungen und bedeutungsvollen Gespr\u00e4chen \u00f6ffnen. Beginnen Sie noch heute mit dem Erlernen der norwegischen Grammatik und machen Sie den ersten Schritt zum fl\u00fcssigen Sprechen!<\/p>\r\n\r\n                            <a class=\"getStartedHidden\" href=\"https:\/\/app.talkpal.ai\/de\/signup?lng=\">Leg los<\/a>\r\n        \r\n    <\/div>\r\n\r\n    <figure>\r\n    <img decoding=\"async\" width=\"768\" height=\"768\" src=\"https:\/\/talkpal.ai\/wp-content\/uploads\/2023\/06\/norwegian-768x768.png\" class=\"languageImage no-lazy\" alt=\"Default alt text\" fetchpriority=\"high\" sizes=\"(max-width: 768px) 150px, 768px\" srcset=\"https:\/\/talkpal.ai\/wp-content\/uploads\/2023\/06\/norwegian-768x768.png 768w, https:\/\/talkpal.ai\/wp-content\/uploads\/2023\/06\/norwegian-300x300.png 300w\" \/>\r\n    \r\n\r\n    <\/figure>\r\n\r\n            <a class=\"getStartedVisible\" href=\"https:\/\/app.talkpal.ai\/de\/signup?lng=\">Leg los<\/a>\r\n    \r\n<\/section>\r\n        <section class=\"grammarSection\">\r\n            <div class=\"grammarLinks\">\r\n                <a href=\"https:\/\/talkpal.ai\/de\/language\/adjektive-norwegische-grammatik\/\">Adjektive <\/a><a href=\"https:\/\/talkpal.ai\/de\/language\/adverbien-norwegische-grammatik\/\">Adverbien <\/a><a href=\"https:\/\/talkpal.ai\/de\/language\/artikel-norwegische-grammatik\/\">Artikel <\/a><a href=\"https:\/\/talkpal.ai\/de\/language\/konditionale-norwegische-grammatik\/\">Konditionale <\/a><a href=\"https:\/\/talkpal.ai\/de\/language\/perfekt-progressiv-norwegische-grammatik\/\">Perfekt Progressiv <\/a><a href=\"https:\/\/talkpal.ai\/de\/language\/prapositionen-norwegische-grammatik\/\">Pr\u00e4positionen <\/a><a href=\"https:\/\/talkpal.ai\/de\/language\/progressiv-norwegische-grammatik\/\">Progressiv <\/a><a href=\"https:\/\/talkpal.ai\/de\/language\/pronomen-determinanten-norwegische-grammatik\/\">Pronomen\/Determinanten <\/a><a href=\"https:\/\/talkpal.ai\/de\/language\/satze-norwegische-grammatik\/\">S\u00e4tze <\/a><a href=\"https:\/\/talkpal.ai\/de\/language\/substantive-norwegische-grammatik\/\">Substantive <\/a><a href=\"https:\/\/talkpal.ai\/de\/language\/verben-norwegische-grammatik\/\">Verben <\/a><a href=\"https:\/\/talkpal.ai\/de\/language\/zeitformen-norwegische-grammatik\/\">Zeitformen <\/a><a href=\"https:\/\/talkpal.ai\/de\/language\/zeitvergleich-norwegische-grammatik\/\">Zeitvergleich <\/a>            <\/div>\r\n        <\/section>\r\n    <section class=\"promotionalBanner\">\r\n    <p class=\"promotionalText\">Der effizienteste Weg, eine Sprache zu lernen<\/p>\r\n    <a class=\"promotionalLink\" href=\"https:\/\/app.talkpal.ai\/de\/signup?lng=\">Talkpal kostenlos<\/a>\r\n<\/section>\n<div class=\"wp-block-group pageContainerStyle\"><div class=\"wp-block-group__inner-container is-layout-constrained wp-block-group-is-layout-constrained\">\n<h2 class=\"wp-block-heading\" id=\"h-dive-into-norwegian-grammar-a-comprehensive-guide\">Tauchen Sie ein in die norwegische Grammatik: Ein umfassender Leitfaden<\/h2>\n\n\n\n<p><a href=\"https:\/\/talkpal.ai\/learn-norwegian\/\">Norwegisch<\/a>, eine faszinierende und ausdrucksstarke Sprache, bietet Sprachlernern eine einzigartige Gelegenheit, das reiche kulturelle und historische Erbe Norwegens zu erkunden. Die gute Nachricht ist, dass die <a href=\"https:\/\/talkpal.ai\/norwegian-grammar\/\">norwegische Grammatik<\/a> einige \u00c4hnlichkeiten mit dem Englischen aufweist, was sie zu einer zug\u00e4nglichen Sprache macht. Dieser Artikel f\u00fchrt Sie durch die wesentlichen Aspekte der norwegischen Grammatik und stellt sicher, dass Sie eine solide Grundlage aufbauen und die Sprache mit Zuversicht verstehen.<\/p>\n\n\n\n<h3 class=\"wp-block-heading\" id=\"h-1-embracing-norwegian-nouns-and-articles\">1. Norwegische Substantive und Artikel annehmen<\/h3>\n\n\n\n<p>Norwegische Substantive stehen wie ihre englischen Gegenst\u00fccke f\u00fcr Menschen, Orte, Dinge oder Ideen. Sie werden in drei Geschlechter eingeteilt: m\u00e4nnlich, weiblich und neutrum. Das Geschlecht ist ausschlaggebend f\u00fcr die Bestimmung der Endungen des Substantivs und der Artikel, mit denen es gepaart werden sollte.<\/p>\n\n\n\n<p>Im Norwegischen gibt es zwei Arten von Artikeln: bestimmte und unbestimmte. Bestimmte Artikel erscheinen als Suffixe am Ende von Substantiven, w\u00e4hrend <a href=\"https:\/\/talkpal.ai\/de\/grammar\/unbestimmte-artikel-in-der-malaiischen-grammatik\/\">unbestimmte Artikel<\/a> separate W\u00f6rter sind, die Substantiven vorangestellt sind. Artikel m\u00fcssen mit Substantiven in Geschlecht und Anzahl \u00fcbereinstimmen.<\/p>\n\n\n\n<p><strong>&#8211; Bestimmte Artikel: -en (Maskulinum), -a (Femininum), -et (Neutrum)<\/strong><\/p>\n\n\n\n<p><strong>&#8211; Unbestimmte Artikel: en (Maskulinum), ei (Femininum), et (Neutrum)<\/strong><\/p>\n\n\n\n<h3 class=\"wp-block-heading\" id=\"h-2-mastering-norwegian-verbs-conjugation-and-tenses\">2. Norwegische Verben beherrschen: Konjugation und Zeitformen<\/h3>\n\n\n\n<p>Norwegische Verben sind relativ einfach zu lernen, da sie weniger Konjugationen haben als viele andere Sprachen. Verben werden je nach Zeitform und Stimmung konjugiert. Norwegische Verben werden haupts\u00e4chlich in vier Gruppen unterteilt, jede mit ihrem eigenen Konjugationsmuster. Die gute Nachricht ist jedoch, dass norwegische Verben im Gegensatz zu vielen anderen Sprachen ihre Form nicht je nach Subjekt oder Zahl \u00e4ndern.<\/p>\n\n\n\n<p>Im Norwegischen gibt es weniger <a href=\"https:\/\/talkpal.ai\/zh-hans\/grammar_exercises\/zeitformen-%e5%be%b7%e5%9b%bd%e8%af%ad%e6%b3%95%e7%bb%83%e4%b9%a0\/\">Zeitformen<\/a> als im Englischen, <a href=\"https:\/\/talkpal.ai\/culture\/what-is-the-difference-between-es-gibt-and-da-ist\/\">es gibt<\/a> nur drei Zeitformen: Pr\u00e4sens, Vergangenheitsform und Perfekt in der Vergangenheit. Die Gegenwartsform wird verwendet, um gegenw\u00e4rtige und zuk\u00fcnftige Ereignisse auszudr\u00fccken, w\u00e4hrend die Vergangenheitsform abgeschlossene Handlungen bezeichnet und das Pr\u00e4teritum die Erfahrung oder Zust\u00e4nde angibt, die vor einem bestimmten Zeitpunkt in der Vergangenheit stattgefunden haben.<\/p>\n\n\n\n<h3 class=\"wp-block-heading\" id=\"h-3-expressing-yourself-with-norwegian-adjectives-and-adverbs\">3. Sich mit norwegischen Adjektiven und Adverbien ausdr\u00fccken<\/h3>\n\n\n\n<p>Die effektive Verwendung von Adjektiven verbessert Ihre F\u00e4higkeit, sich auf Norwegisch auszudr\u00fccken. Adjektive beschreiben Qualit\u00e4ten oder Merkmale von Substantiven und m\u00fcssen mit Substantiven in Geschlecht und Anzahl \u00fcbereinstimmen. Im Norwegischen stehen Adjektive in der Regel vor dem Substantiv, das sie beschreiben.<\/p>\n\n\n\n<p><a href=\"https:\/\/talkpal.ai\/ar\/grammar_exercises\/adverbien-%d8%aa%d9%85%d8%a7%d8%b1%d9%8a%d9%86-%d9%84%d9%84%d9%82%d9%88%d8%a7%d8%b9%d8%af-%d8%a7%d9%84%d8%a3%d9%84%d9%85%d8%a7%d9%86%d9%8a%d8%a9\/\">Adverbien<\/a> im Norwegischen modifizieren Verben, Adjektive oder andere Adverbien. Sie vermitteln Informationen dar\u00fcber, wie, wann, wo und in welchem Umfang eine Handlung stattfindet. Im Gegensatz zu Adjektiven bleiben Adverbien gleich, unabh\u00e4ngig vom Geschlecht oder der Anzahl der zu beschreibenden Substantive.<\/p>\n\n\n\n<h3 class=\"wp-block-heading\" id=\"h-4-constructing-sentences-with-norwegian-pronouns-and-word-order\">4. Satzbildung mit norwegischen Pronomen und Wortstellung<\/h3>\n\n\n\n<p>Norwegische Pronomen ersetzen Substantive und stimmen in der Regel mit dem Substantiv, das sie repr\u00e4sentieren, in Bezug auf Geschlecht, Zahl und Gro\u00df- und Kleinschreibung \u00fcberein. Im Norwegischen gibt es verschiedene Arten von Pronomen, darunter Personal-, Possessiv-, Demonstrativ-, Reflex-, Relativ- und Interrogativpronomen.<\/p>\n\n\n\n<p>Die norwegische Satzstruktur folgt der Subjekt-Verb-Objekt-Reihenfolge (SVO), \u00e4hnlich wie im Englischen. Es wird jedoch auch eine Verb-Sekunden-Regel (V2) verwendet, bei der das Verb in der Regel die zweite Position in Haupts\u00e4tzen einnimmt. Das Verstehen und \u00dcben der norwegischen Wortstellung ist wichtig, um die Sprache flie\u00dfend zu beherrschen.<\/p>\n\n\n\n<h3 class=\"wp-block-heading\" id=\"h-conclusion\">Schlussfolgerung<\/h3>\n\n\n\n<p>Um die norwegische Grammatik flie\u00dfend zu beherrschen, braucht man Hingabe, \u00dcbung und einen offenen Geist, um die einzigartigen Eigenschaften der Sprache zu erkunden. Ganz gleich, ob Sie in die norwegische Kultur eintauchen oder eine neue Sprache lernen m\u00f6chten, die Beherrschung der norwegischen Grammatik legt den Grundstein f\u00fcr eine erfolgreiche Kommunikation. Wenn Sie sich mit norwegischen Substantiven, Verben, Adjektiven und Wortstellungen befassen, denken Sie daran, den Prozess zu genie\u00dfen und die reichen sprachlichen Erfahrungen zu sch\u00e4tzen, die auf Sie warten. Lykke til!<\/p>\n<\/div><\/div>\n\r\n<section class=\"learnNavigationSection\">\r\n            \r\n        <a href=\"https:\/\/talkpal.ai\/de\/norwegisch-lernen\/\">\r\n            <div class=\"learnNavigationWrapper\">\r\n                <div class=\"learnNavigationContent\">\r\n                    <img decoding=\"async\" src=\"https:\/\/talkpal.ai\/wp-content\/uploads\/2024\/08\/Norwegian.jpg\" alt=\"Norwegian Flag\">\r\n                    <div>\r\n                        <h4>\u00dcber Norwegisch lernen<\/h4>\r\n                        <p>Erfahren Sie alles \u00fcber die norwegische Grammatik.<\/p>\r\n                    <\/div>\r\n                <\/div>\r\n            <\/div>\r\n        <\/a>\r\n\r\n        \r\n        <a href=\"https:\/\/talkpal.ai\/de\/norwegische-grammatikuebungen\/\">\r\n            <div class=\"learnNavigationWrapper\">\r\n                <div class=\"learnNavigationContent\">\r\n                    <img decoding=\"async\" src=\"https:\/\/talkpal.ai\/wp-content\/uploads\/2024\/08\/Norwegian.jpg\" alt=\"Norwegian Flag\">\r\n                    <div>\r\n                        <h4>Norwegische Grammatik \u00dcbung<\/h4>\r\n                        <p>\u00dcbe die norwegische Grammatik .<\/p>\r\n                    <\/div>\r\n                <\/div>\r\n            <\/div>\r\n        <\/a>\r\n\r\n        \r\n        <a href=\"https:\/\/talkpal.ai\/vocabulary_language\/norwegian\/\">\r\n            <div class=\"learnNavigationWrapper\">\r\n                <div class=\"learnNavigationContent\">\r\n                    <img decoding=\"async\" src=\"https:\/\/talkpal.ai\/wp-content\/uploads\/2024\/08\/Norwegian.jpg\" alt=\"Norwegian Flag\">\r\n                    <div>\r\n                        <h4>Norwegischer Wortschatz<\/h4>\r\n                        <p>Erweitern Sie Ihren norwegischen Wortschatz.<\/p>\r\n                    <\/div>\r\n                <\/div>\r\n            <\/div>\r\n        <\/a>\r\n\r\n            <\/section>","protected":false},"excerpt":{"rendered":"<p>Tauchen Sie ein in die norwegische Grammatik: Ein umfassender Leitfaden Norwegisch, eine faszinierende und ausdrucksstarke Sprache, bietet Sprachlernern eine einzigartige Gelegenheit, das reiche kulturelle und historische Erbe Norwegens zu erkunden. Die gute Nachricht ist, dass die norwegische Grammatik einige \u00c4hnlichkeiten mit dem Englischen aufweist, was sie zu einer zug\u00e4nglichen Sprache macht. Dieser Artikel f\u00fchrt Sie [&hellip;]<\/p>\n","protected":false},"author":1,"featured_media":28541,"parent":0,"menu_order":0,"comment_status":"closed","ping_status":"closed","template":"LearningContentPage.php","meta":{"_acf_changed":false,"footnotes":""},"class_list":["post-73694","page","type-page","status-publish","has-post-thumbnail","hentry"],"acf":[],"yoast_head":"<!-- This site is optimized with the Yoast SEO Premium plugin v27.2 (Yoast SEO v27.2) - https:\/\/yoast.com\/product\/yoast-seo-premium-wordpress\/ -->\n<title>Norwegische Grammatik - Talkpal<\/title>\n<meta name=\"description\" content=\"Lernen Sie die Feinheiten der norwegischen Grammatik kennen und heben Sie Ihre Sprachkenntnisse auf die n\u00e4chste Stufe.\" \/>\n<meta name=\"robots\" content=\"index, follow, max-snippet:-1, max-image-preview:large, max-video-preview:-1\" \/>\n<link rel=\"canonical\" href=\"https:\/\/talkpal.ai\/de\/norwegische-grammatik\/\" \/>\n<meta property=\"og:locale\" content=\"de_DE\" \/>\n<meta property=\"og:type\" content=\"article\" \/>\n<meta property=\"og:title\" content=\"Norwegische Grammatik\" \/>\n<meta property=\"og:description\" content=\"Tauchen Sie ein in die norwegische Grammatik: Ein umfassender Leitfaden Norwegisch, eine faszinierende und ausdrucksstarke Sprache, bietet Sprachlernern\" \/>\n<meta property=\"og:url\" content=\"https:\/\/talkpal.ai\/de\/norwegische-grammatik\/\" \/>\n<meta property=\"og:site_name\" content=\"Talkpal\" \/>\n<meta property=\"article:publisher\" content=\"https:\/\/www.facebook.com\/profile.php?id=100090733639311\" \/>\n<meta property=\"article:modified_time\" content=\"2025-12-17T17:36:18+00:00\" \/>\n<meta property=\"og:image\" content=\"https:\/\/talkpal.ai\/wp-content\/uploads\/2023\/05\/norway.png\" \/>\n\t<meta property=\"og:image:width\" content=\"512\" \/>\n\t<meta property=\"og:image:height\" content=\"512\" \/>\n\t<meta property=\"og:image:type\" content=\"image\/png\" \/>\n<meta name=\"twitter:card\" content=\"summary_large_image\" \/>\n<meta name=\"twitter:site\" content=\"@talkpalai\" \/>\n<meta name=\"twitter:label1\" content=\"Gesch\u00e4tzte Lesezeit\" \/>\n\t<meta name=\"twitter:data1\" content=\"3\u00a0Minuten\" \/>\n<script type=\"application\/ld+json\" class=\"yoast-schema-graph\">{\"@context\":\"https:\/\/schema.org\",\"@graph\":[{\"@type\":\"WebPage\",\"@id\":\"https:\/\/talkpal.ai\/de\/norwegische-grammatik\/\",\"url\":\"https:\/\/talkpal.ai\/de\/norwegische-grammatik\/\",\"name\":\"Norwegische Grammatik - Talkpal\",\"isPartOf\":{\"@id\":\"https:\/\/talkpal.ai\/de\/#website\"},\"primaryImageOfPage\":{\"@id\":\"https:\/\/talkpal.ai\/de\/norwegische-grammatik\/#primaryimage\"},\"image\":{\"@id\":\"https:\/\/talkpal.ai\/de\/norwegische-grammatik\/#primaryimage\"},\"thumbnailUrl\":\"https:\/\/talkpal.ai\/wp-content\/uploads\/2023\/05\/norway.png\",\"datePublished\":\"2023-05-14T14:13:06+00:00\",\"dateModified\":\"2025-12-17T17:36:18+00:00\",\"description\":\"Lernen Sie die Feinheiten der norwegischen Grammatik kennen und heben Sie Ihre Sprachkenntnisse auf die n\u00e4chste Stufe.\",\"breadcrumb\":{\"@id\":\"https:\/\/talkpal.ai\/de\/norwegische-grammatik\/#breadcrumb\"},\"inLanguage\":\"de\",\"potentialAction\":[{\"@type\":\"ReadAction\",\"target\":[\"https:\/\/talkpal.ai\/de\/norwegische-grammatik\/\"]}]},{\"@type\":\"ImageObject\",\"inLanguage\":\"de\",\"@id\":\"https:\/\/talkpal.ai\/de\/norwegische-grammatik\/#primaryimage\",\"url\":\"https:\/\/talkpal.ai\/wp-content\/uploads\/2023\/05\/norway.png\",\"contentUrl\":\"https:\/\/talkpal.ai\/wp-content\/uploads\/2023\/05\/norway.png\",\"width\":512,\"height\":512},{\"@type\":\"BreadcrumbList\",\"@id\":\"https:\/\/talkpal.ai\/de\/norwegische-grammatik\/#breadcrumb\",\"itemListElement\":[{\"@type\":\"ListItem\",\"position\":1,\"name\":\"Homepage\",\"item\":\"https:\/\/talkpal.ai\/de\/\"},{\"@type\":\"ListItem\",\"position\":2,\"name\":\"Norwegische Grammatik\"}]},{\"@type\":\"WebSite\",\"@id\":\"https:\/\/talkpal.ai\/de\/#website\",\"url\":\"https:\/\/talkpal.ai\/de\/\",\"name\":\"Talkpal\",\"description\":\"AI Language Learning\",\"publisher\":{\"@id\":\"https:\/\/talkpal.ai\/de\/#organization\"},\"alternateName\":\"Talkpal AI\",\"potentialAction\":[{\"@type\":\"SearchAction\",\"target\":{\"@type\":\"EntryPoint\",\"urlTemplate\":\"https:\/\/talkpal.ai\/de\/?s={search_term_string}\"},\"query-input\":{\"@type\":\"PropertyValueSpecification\",\"valueRequired\":true,\"valueName\":\"search_term_string\"}}],\"inLanguage\":\"de\"},{\"@type\":\"Organization\",\"@id\":\"https:\/\/talkpal.ai\/de\/#organization\",\"name\":\"Talkpal, Inc.\",\"alternateName\":\"Talkpal AI\",\"url\":\"https:\/\/talkpal.ai\/de\/\",\"logo\":{\"@type\":\"ImageObject\",\"inLanguage\":\"de\",\"@id\":\"https:\/\/talkpal.ai\/de\/#\/schema\/logo\/image\/\",\"url\":\"https:\/\/talkpal.ai\/wp-content\/uploads\/2024\/03\/Talkpal-Logo-Icon.png\",\"contentUrl\":\"https:\/\/talkpal.ai\/wp-content\/uploads\/2024\/03\/Talkpal-Logo-Icon.png\",\"width\":2880,\"height\":2880,\"caption\":\"Talkpal, Inc.\"},\"image\":{\"@id\":\"https:\/\/talkpal.ai\/de\/#\/schema\/logo\/image\/\"},\"sameAs\":[\"https:\/\/www.facebook.com\/profile.php?id=100090733639311\",\"https:\/\/x.com\/talkpalai\",\"https:\/\/www.linkedin.com\/company\/talkpal\/\",\"https:\/\/www.youtube.com\/@TalkPal\/\",\"https:\/\/www.tiktok.com\/@talkpal\",\"https:\/\/www.instagram.com\/talkpal_ai\/\",\"https:\/\/www.crunchbase.com\/organization\/talkpal-9cde\",\"https:\/\/www.g2.com\/products\/talkpal-for-business\/\",\"https:\/\/www.trustpilot.com\/review\/talkpal.ai\",\"https:\/\/www.capterra.com\/p\/10006800\/TalkPal\/\"],\"description\":\"Talkpal is a language learning web and mobile education app, powered by the latest AI technologies, that provides engaging experiences to its customers in many different languages to help them improve their language skills. Users can chat about unlimited amount of topics with the app and use other modes to practice their language learning.\",\"email\":\"support@talkpal.ai\",\"legalName\":\"Talkpal, Inc.\",\"foundingDate\":\"2023-04-03\",\"duns\":\"118989042\",\"numberOfEmployees\":{\"@type\":\"QuantitativeValue\",\"minValue\":\"11\",\"maxValue\":\"50\"},\"publishingPrinciples\":\"https:\/\/talkpal.ai\/publishing-principles\/\",\"actionableFeedbackPolicy\":\"https:\/\/talkpal.ai\/actionable-feedback-policy\/\",\"correctionsPolicy\":\"https:\/\/talkpal.ai\/corrections-policy\/\",\"ethicsPolicy\":\"https:\/\/talkpal.ai\/ethics-policy\/\",\"diversityPolicy\":\"https:\/\/talkpal.ai\/diversity-policy\/\",\"diversityStaffingReport\":\"https:\/\/talkpal.ai\/diversity-policy\/\"}]}<\/script>\n<!-- \/ Yoast SEO Premium plugin. -->","yoast_head_json":{"title":"Norwegische Grammatik - Talkpal","description":"Lernen Sie die Feinheiten der norwegischen Grammatik kennen und heben Sie Ihre Sprachkenntnisse auf die n\u00e4chste Stufe.","robots":{"index":"index","follow":"follow","max-snippet":"max-snippet:-1","max-image-preview":"max-image-preview:large","max-video-preview":"max-video-preview:-1"},"canonical":"https:\/\/talkpal.ai\/de\/norwegische-grammatik\/","og_locale":"de_DE","og_type":"article","og_title":"Norwegische Grammatik","og_description":"Tauchen Sie ein in die norwegische Grammatik: Ein umfassender Leitfaden Norwegisch, eine faszinierende und ausdrucksstarke Sprache, bietet Sprachlernern","og_url":"https:\/\/talkpal.ai\/de\/norwegische-grammatik\/","og_site_name":"Talkpal","article_publisher":"https:\/\/www.facebook.com\/profile.php?id=100090733639311","article_modified_time":"2025-12-17T17:36:18+00:00","og_image":[{"width":512,"height":512,"url":"https:\/\/talkpal.ai\/wp-content\/uploads\/2023\/05\/norway.png","type":"image\/png"}],"twitter_card":"summary_large_image","twitter_site":"@talkpalai","twitter_misc":{"Gesch\u00e4tzte Lesezeit":"3\u00a0Minuten"},"schema":{"@context":"https:\/\/schema.org","@graph":[{"@type":"WebPage","@id":"https:\/\/talkpal.ai\/de\/norwegische-grammatik\/","url":"https:\/\/talkpal.ai\/de\/norwegische-grammatik\/","name":"Norwegische Grammatik - Talkpal","isPartOf":{"@id":"https:\/\/talkpal.ai\/de\/#website"},"primaryImageOfPage":{"@id":"https:\/\/talkpal.ai\/de\/norwegische-grammatik\/#primaryimage"},"image":{"@id":"https:\/\/talkpal.ai\/de\/norwegische-grammatik\/#primaryimage"},"thumbnailUrl":"https:\/\/talkpal.ai\/wp-content\/uploads\/2023\/05\/norway.png","datePublished":"2023-05-14T14:13:06+00:00","dateModified":"2025-12-17T17:36:18+00:00","description":"Lernen Sie die Feinheiten der norwegischen Grammatik kennen und heben Sie Ihre Sprachkenntnisse auf die n\u00e4chste Stufe.","breadcrumb":{"@id":"https:\/\/talkpal.ai\/de\/norwegische-grammatik\/#breadcrumb"},"inLanguage":"de","potentialAction":[{"@type":"ReadAction","target":["https:\/\/talkpal.ai\/de\/norwegische-grammatik\/"]}]},{"@type":"ImageObject","inLanguage":"de","@id":"https:\/\/talkpal.ai\/de\/norwegische-grammatik\/#primaryimage","url":"https:\/\/talkpal.ai\/wp-content\/uploads\/2023\/05\/norway.png","contentUrl":"https:\/\/talkpal.ai\/wp-content\/uploads\/2023\/05\/norway.png","width":512,"height":512},{"@type":"BreadcrumbList","@id":"https:\/\/talkpal.ai\/de\/norwegische-grammatik\/#breadcrumb","itemListElement":[{"@type":"ListItem","position":1,"name":"Homepage","item":"https:\/\/talkpal.ai\/de\/"},{"@type":"ListItem","position":2,"name":"Norwegische Grammatik"}]},{"@type":"WebSite","@id":"https:\/\/talkpal.ai\/de\/#website","url":"https:\/\/talkpal.ai\/de\/","name":"Talkpal","description":"AI Language Learning","publisher":{"@id":"https:\/\/talkpal.ai\/de\/#organization"},"alternateName":"Talkpal AI","potentialAction":[{"@type":"SearchAction","target":{"@type":"EntryPoint","urlTemplate":"https:\/\/talkpal.ai\/de\/?s={search_term_string}"},"query-input":{"@type":"PropertyValueSpecification","valueRequired":true,"valueName":"search_term_string"}}],"inLanguage":"de"},{"@type":"Organization","@id":"https:\/\/talkpal.ai\/de\/#organization","name":"Talkpal, Inc.","alternateName":"Talkpal AI","url":"https:\/\/talkpal.ai\/de\/","logo":{"@type":"ImageObject","inLanguage":"de","@id":"https:\/\/talkpal.ai\/de\/#\/schema\/logo\/image\/","url":"https:\/\/talkpal.ai\/wp-content\/uploads\/2024\/03\/Talkpal-Logo-Icon.png","contentUrl":"https:\/\/talkpal.ai\/wp-content\/uploads\/2024\/03\/Talkpal-Logo-Icon.png","width":2880,"height":2880,"caption":"Talkpal, Inc."},"image":{"@id":"https:\/\/talkpal.ai\/de\/#\/schema\/logo\/image\/"},"sameAs":["https:\/\/www.facebook.com\/profile.php?id=100090733639311","https:\/\/x.com\/talkpalai","https:\/\/www.linkedin.com\/company\/talkpal\/","https:\/\/www.youtube.com\/@TalkPal\/","https:\/\/www.tiktok.com\/@talkpal","https:\/\/www.instagram.com\/talkpal_ai\/","https:\/\/www.crunchbase.com\/organization\/talkpal-9cde","https:\/\/www.g2.com\/products\/talkpal-for-business\/","https:\/\/www.trustpilot.com\/review\/talkpal.ai","https:\/\/www.capterra.com\/p\/10006800\/TalkPal\/"],"description":"Talkpal is a language learning web and mobile education app, powered by the latest AI technologies, that provides engaging experiences to its customers in many different languages to help them improve their language skills. Users can chat about unlimited amount of topics with the app and use other modes to practice their language learning.","email":"support@talkpal.ai","legalName":"Talkpal, Inc.","foundingDate":"2023-04-03","duns":"118989042","numberOfEmployees":{"@type":"QuantitativeValue","minValue":"11","maxValue":"50"},"publishingPrinciples":"https:\/\/talkpal.ai\/publishing-principles\/","actionableFeedbackPolicy":"https:\/\/talkpal.ai\/actionable-feedback-policy\/","correctionsPolicy":"https:\/\/talkpal.ai\/corrections-policy\/","ethicsPolicy":"https:\/\/talkpal.ai\/ethics-policy\/","diversityPolicy":"https:\/\/talkpal.ai\/diversity-policy\/","diversityStaffingReport":"https:\/\/talkpal.ai\/diversity-policy\/"}]}},"_links":{"self":[{"href":"https:\/\/talkpal.ai\/de\/wp-json\/wp\/v2\/pages\/73694","targetHints":{"allow":["GET"]}}],"collection":[{"href":"https:\/\/talkpal.ai\/de\/wp-json\/wp\/v2\/pages"}],"about":[{"href":"https:\/\/talkpal.ai\/de\/wp-json\/wp\/v2\/types\/page"}],"author":[{"embeddable":true,"href":"https:\/\/talkpal.ai\/de\/wp-json\/wp\/v2\/users\/1"}],"replies":[{"embeddable":true,"href":"https:\/\/talkpal.ai\/de\/wp-json\/wp\/v2\/comments?post=73694"}],"version-history":[{"count":0,"href":"https:\/\/talkpal.ai\/de\/wp-json\/wp\/v2\/pages\/73694\/revisions"}],"wp:featuredmedia":[{"embeddable":true,"href":"https:\/\/talkpal.ai\/de\/wp-json\/wp\/v2\/media\/28541"}],"wp:attachment":[{"href":"https:\/\/talkpal.ai\/de\/wp-json\/wp\/v2\/media?parent=73694"}],"curies":[{"name":"wp","href":"https:\/\/api.w.org\/{rel}","templated":true}]}}