{"id":73642,"date":"2023-05-14T14:19:49","date_gmt":"2023-05-14T14:19:49","guid":{"rendered":"http:\/\/talkpal.ai\/slowakische-grammatik\/"},"modified":"2025-12-12T11:12:12","modified_gmt":"2025-12-12T11:12:12","slug":"slowakische-grammatik","status":"publish","type":"page","link":"https:\/\/talkpal.ai\/de\/slowakische-grammatik\/","title":{"rendered":"Slowakische Grammatik"},"content":{"rendered":"\r\n\r\n\r\n<section class=\"languageChallengeSection\">\r\n    <div class=\"languageInfoWrapper\">\r\n        \r\n        <h1>Slowakische Grammatik<\/h1>\r\n        <p>Entdecken Sie die Sch\u00f6nheit der slowakischen Sprache, indem Sie ihre grundlegenden Grammatikregeln lernen. Die Kenntnis der slowakischen <a href=\"https:\/\/talkpal.ai\/fr\/les\/\">Grammatik<\/a> wird Ihnen helfen, selbstbewusst zu kommunizieren und die reichen Traditionen der Slowakei besser kennenzulernen. Beginnen Sie Ihre Reise noch heute und machen Sie den ersten Schritt zur Beherrschung von <a href=\"https:\/\/talkpal.ai\/learn-slovak\/\">Slowakisch<\/a>!\n\n<\/p>\r\n\r\n                            <a class=\"getStartedHidden\" href=\"https:\/\/app.talkpal.ai\/de\/signup?lng=\">Leg los<\/a>\r\n        \r\n    <\/div>\r\n\r\n    <figure>\r\n    <img decoding=\"async\" width=\"768\" height=\"768\" src=\"https:\/\/talkpal.ai\/wp-content\/uploads\/2023\/06\/slovak-768x768.png\" class=\"languageImage no-lazy\" alt=\"Default alt text\" fetchpriority=\"high\" sizes=\"(max-width: 768px) 150px, 768px\" srcset=\"https:\/\/talkpal.ai\/wp-content\/uploads\/2023\/06\/slovak-768x768.png 768w, https:\/\/talkpal.ai\/wp-content\/uploads\/2023\/06\/slovak-300x300.png 300w\" \/>\r\n    \r\n\r\n    <\/figure>\r\n\r\n            <a class=\"getStartedVisible\" href=\"https:\/\/app.talkpal.ai\/de\/signup?lng=\">Leg los<\/a>\r\n    \r\n<\/section>\r\n        <section class=\"grammarSection\">\r\n            <div class=\"grammarLinks\">\r\n                <a href=\"https:\/\/talkpal.ai\/de\/language\/adjektive-slowakische-grammatik\/\">Adjektive <\/a><a href=\"https:\/\/talkpal.ai\/de\/language\/adverbien-slowakische-grammatik\/\">Adverbien <\/a><a href=\"https:\/\/talkpal.ai\/de\/language\/artikel-slowakische-grammatik\/\">Artikel <\/a><a href=\"https:\/\/talkpal.ai\/de\/language\/konditionale-slowakische-grammatik\/\">Konditionale <\/a><a href=\"https:\/\/talkpal.ai\/de\/language\/perfekt-progressiv-slowakische-grammatik\/\">Perfekt Progressiv <\/a><a href=\"https:\/\/talkpal.ai\/de\/language\/prapositionen-slowakische-grammatik\/\">Pr\u00e4positionen <\/a><a href=\"https:\/\/talkpal.ai\/de\/language\/progressiv-slowakische-grammatik\/\">Progressiv <\/a><a href=\"https:\/\/talkpal.ai\/de\/language\/pronomen-determinanten-slowakische-grammatik\/\">Pronomen\/Determinanten <\/a><a href=\"https:\/\/talkpal.ai\/de\/language\/satze-slowakische-grammatik\/\">S\u00e4tze <\/a><a href=\"https:\/\/talkpal.ai\/de\/language\/substantive-slowakische-grammatik\/\">Substantive <\/a><a href=\"https:\/\/talkpal.ai\/de\/language\/verben-slowakische-grammatik\/\">Verben <\/a><a href=\"https:\/\/talkpal.ai\/de\/language\/zeitformen-slowakische-grammatik\/\">Zeitformen <\/a><a href=\"https:\/\/talkpal.ai\/de\/language\/zeitvergleich-slowakische-grammatik\/\">Zeitvergleich <\/a>            <\/div>\r\n        <\/section>\r\n    <section class=\"promotionalBanner\">\r\n    <p class=\"promotionalText\">Der effizienteste Weg, eine Sprache zu lernen<\/p>\r\n    <a class=\"promotionalLink\" href=\"https:\/\/app.talkpal.ai\/de\/signup?lng=\">Talkpal kostenlos<\/a>\r\n<\/section>\n<div class=\"wp-block-group pageContainerStyle\"><div class=\"wp-block-group__inner-container is-layout-constrained wp-block-group-is-layout-constrained\">\n<h2 class=\"wp-block-heading\" id=\"h-slovak-grammar-the-key-to-unlocking-a-beautiful-language\">Slowakische Grammatik: Der Schl\u00fcssel zur Erschlie\u00dfung einer sch\u00f6nen Sprache<\/h2>\n\n\n\n<p>Planen Sie, Slowakisch zu lernen oder sind Sie einfach nur neugierig auf die einzigartige Grammatik? Hier sind Sie richtig! Die <a href=\"https:\/\/talkpal.ai\/de\/slowakische-geschichten-zum-slowakischlernen\/\">slowakische Grammatik<\/a> mag auf den ersten Blick einsch\u00fcchternd wirken, aber keine Sorge &#8211; sie ist eigentlich recht logisch und \u00fcberschaubar. In diesem Artikel gehen wir auf die Besonderheiten der slowakischen Grammatik ein, damit Sie die Sch\u00f6nheit der Sprache besser verstehen und sch\u00e4tzen k\u00f6nnen.<\/p>\n\n\n\n<p>Lassen Sie uns zun\u00e4chst mit ein wenig Hintergrundwissen beginnen. Slowakisch ist eine westslawische Sprache, die haupts\u00e4chlich in der Slowakei gesprochen wird, aber auch in den umliegenden L\u00e4ndern gibt es Sprecher. Als slawische Sprache hat sie viele \u00c4hnlichkeiten mit anderen Sprachen in der Region, wie <a href=\"https:\/\/talkpal.ai\/learn-czech\/\">Tschechisch<\/a> und Polnisch. Es hat jedoch seine eigenen Grammatikregeln und Verwendungsmuster, die es von anderen unterscheiden.<\/p>\n\n\n\n<p>Lassen Sie uns nun in einige der wichtigsten Aspekte der slowakischen Grammatik eintauchen.<\/p>\n\n\n\n<h3 class=\"wp-block-heading\" id=\"h-1-nouns-and-their-cases\">1. Substantive und ihre F\u00e4lle<\/h3>\n\n\n\n<p>Eines der auff\u00e4lligsten Merkmale der slowakischen Grammatik ist ihr komplexes Kasussystem. Wenn Sie mit dem Deutschen oder dem Russischen vertraut sind, werden Sie wissen, wovon wir sprechen: <a href=\"https:\/\/talkpal.ai\/de\/grammar\/allgemeine-substantive-in-der-slowakischen-grammatik\/\">Slowakische Substantive<\/a> \u00e4ndern ihre Form je nach ihrer Funktion in einem Satz. Mit sieben F\u00e4llen (Nominativ, Genitiv, Dativ, Akkusativ, Lokativ, Instrumental und Vokativ) mag dies zun\u00e4chst \u00fcberw\u00e4ltigend erscheinen, aber geben Sie nicht auf! Wenn Sie einmal den Dreh raus haben, ist es unglaublich logisch und macht sogar Spa\u00df.<\/p>\n\n\n\n<p>Nehmen Sie das Substantiv &#8222;chlapec&#8220; (Junge) als Beispiel. Es kann sich in &#8222;chlapca&#8220;, &#8222;chlapcovi&#8220;, &#8222;chlapcom&#8220; und so weiter verwandeln, <a href=\"https:\/\/talkpal.ai\/culture\/how-do-i-use-the-word-je-nachdem\/\">je nachdem<\/a>, ob es das Subjekt, das Objekt oder der Empf\u00e4nger einer Handlung ist. Die Endungen h\u00e4ngen auch vom Geschlecht des Substantivs ab (maskulin, feminin oder neutra), was der Sprache noch mehr Vielfalt verleiht.<\/p>\n\n\n\n<h3 class=\"wp-block-heading\" id=\"h-2-verb-conjugation-and-tenses\">2. Konjugation und Zeitformen von Verben<\/h3>\n\n\n\n<p>Slowakische Verben \u00e4ndern ihre Endungen je nach Person und Zahl (Singular oder Plural) des Subjekts. Zum Beispiel kann das Verb &#8222;vidie\u0165&#8220; (sehen) zu &#8222;vid\u00edm&#8220; (ich sehe), &#8222;vid\u00ed\u0161&#8220; (Sie sehen), &#8222;vidia&#8220; (sie sehen) und anderen werden.<\/p>\n\n\n\n<p>Im Slowakischen gibt es drei Hauptformen: Vergangenheit, Gegenwart und Zukunft. Das Interessante daran ist, dass im Slowakischen im Gegensatz zum Englischen normalerweise keine Hilfsverben verwendet werden, um diese <a href=\"https:\/\/talkpal.ai\/zh-hans\/grammar_exercises\/zeitformen-%e5%be%b7%e5%9b%bd%e8%af%ad%e6%b3%95%e7%bb%83%e4%b9%a0\/\">Zeitformen<\/a> zu bilden. Stattdessen werden sie gebildet, indem die Verbendungen ge\u00e4ndert werden. Zum Beispiel ist &#8222;ich sehe&#8220; &#8222;vid\u00edm&#8220;, &#8222;ich habe gesehen&#8220; ist &#8222;videl som&#8220; und &#8222;ich werde sehen&#8220; ist &#8222;uvid\u00edm&#8220;.<\/p>\n\n\n\n<h3 class=\"wp-block-heading\" id=\"h-3-sentence-structure-and-word-order\">3. Satzbau und Wortstellung<\/h3>\n\n\n\n<p>Das Slowakische hat eine relativ flexible Wortstellung, dank des Substantiv-Kasus- und Verbkonjugationssystems. Das bedeutet, dass Sie, anders als im Englischen, W\u00f6rter an verschiedenen Stellen in einem Satz platzieren k\u00f6nnen, ohne dass sich die Bedeutung \u00e4ndert &#8211; zum Beispiel kann &#8222;chlapec vid\u00ed psa&#8220; (der Junge sieht den Hund) auch &#8222;psa vid\u00ed chlapec&#8220; hei\u00dfen und immer noch die gleiche Bedeutung haben.<\/p>\n\n\n\n<p>Die gebr\u00e4uchlichste Wortstellung im Slowakischen ist Subjekt-Verb-Objekt oder SVO. Dies ist \u00e4hnlich wie Englisch und ein guter Ausgangspunkt f\u00fcr Lernende. Wenn du dich mit der Sprache wohler f\u00fchlst, kannst du mit verschiedenen Wortstellungen experimentieren, um deine S\u00e4tze zu betonen oder zu nuancieren.<\/p>\n\n\n\n<h3 class=\"wp-block-heading\" id=\"h-4-adjectives-and-adverbs\">4. Adjektive und Adverbien<\/h3>\n\n\n\n<p>Wie in vielen anderen Sprachen werden auch im Slowakischen Adjektive und Adverbien verwendet, um Substantive und Verben zu beschreiben. Sie haben jedoch auch ihre eigenen Regeln f\u00fcr die Fallvereinbarung und die Geschlechtervereinbarung, was die Dinge etwas komplizierter machen kann. Gl\u00fccklicherweise werden diese Regeln nat\u00fcrlicher, sobald du die Substantivf\u00e4lle und Verbkonjugationen beherrschst.<\/p>\n\n\n\n<p>Sind Sie bereit, die <a href=\"https:\/\/talkpal.ai\/de\/slowakische-geschichten-zum-slowakischlernen\/\">slowakische Grammatik<\/a> in Angriff zu nehmen? Mit der richtigen Einstellung und den richtigen Ressourcen ist das Erlernen der slowakischen Sprache eine lohnende Erfahrung, die T\u00fcren zu einer reichen Kultur und einem sch\u00f6nen Land \u00f6ffnen kann. Gehen Sie Schritt f\u00fcr Schritt vor, \u00fcben Sie regelm\u00e4\u00dfig und haben Sie keine Angst davor, Fehler zu machen &#8211; so lernen wir schlie\u00dflich alle. Ve\u013ea \u0161\u0165astia! (Viel Gl\u00fcck!)<\/p>\n<\/div><\/div>\n\r\n<section class=\"learnNavigationSection\">\r\n            \r\n        <a href=\"https:\/\/talkpal.ai\/de\/slowakisch-lernen\/\">\r\n            <div class=\"learnNavigationWrapper\">\r\n                <div class=\"learnNavigationContent\">\r\n                    <img decoding=\"async\" src=\"https:\/\/talkpal.ai\/wp-content\/uploads\/2024\/08\/Slovak.jpg\" alt=\"Slovak Flag\">\r\n                    <div>\r\n                        <h4>\u00dcber Slowakisch Lernen<\/h4>\r\n                        <p>Erfahren Sie alles \u00fcber die slowakische Grammatik.<\/p>\r\n                    <\/div>\r\n                <\/div>\r\n            <\/div>\r\n        <\/a>\r\n\r\n        \r\n        <a href=\"https:\/\/talkpal.ai\/de\/slowakische-grammatikuebungen\/\">\r\n            <div class=\"learnNavigationWrapper\">\r\n                <div class=\"learnNavigationContent\">\r\n                    <img decoding=\"async\" src=\"https:\/\/talkpal.ai\/wp-content\/uploads\/2024\/08\/Slovak.jpg\" alt=\"Slovak Flag\">\r\n                    <div>\r\n                        <h4>Slowakische Grammatik \u00dcbung<\/h4>\r\n                        <p>\u00dcbe die slowakische Grammatik .<\/p>\r\n                    <\/div>\r\n                <\/div>\r\n            <\/div>\r\n        <\/a>\r\n\r\n        \r\n        <a href=\"https:\/\/talkpal.ai\/vocabulary_language\/slovak\/\">\r\n            <div class=\"learnNavigationWrapper\">\r\n                <div class=\"learnNavigationContent\">\r\n                    <img decoding=\"async\" src=\"https:\/\/talkpal.ai\/wp-content\/uploads\/2024\/08\/Slovak.jpg\" alt=\"Slovak Flag\">\r\n                    <div>\r\n                        <h4>Slowakischer Wortschatz<\/h4>\r\n                        <p>Erweitern Sie Ihren slowakischen Wortschatz.<\/p>\r\n                    <\/div>\r\n                <\/div>\r\n            <\/div>\r\n        <\/a>\r\n\r\n            <\/section>","protected":false},"excerpt":{"rendered":"<p>Slowakische Grammatik: Der Schl\u00fcssel zur Erschlie\u00dfung einer sch\u00f6nen Sprache Planen Sie, Slowakisch zu lernen oder sind Sie einfach nur neugierig auf die einzigartige Grammatik? Hier sind Sie richtig! Die slowakische Grammatik mag auf den ersten Blick einsch\u00fcchternd wirken, aber keine Sorge &#8211; sie ist eigentlich recht logisch und \u00fcberschaubar. In diesem Artikel gehen wir auf [&hellip;]<\/p>\n","protected":false},"author":1,"featured_media":28637,"parent":0,"menu_order":0,"comment_status":"closed","ping_status":"closed","template":"LearningContentPage.php","meta":{"_acf_changed":false,"footnotes":""},"class_list":["post-73642","page","type-page","status-publish","has-post-thumbnail","hentry"],"acf":[],"yoast_head":"<!-- This site is optimized with the Yoast SEO Premium plugin v27.2 (Yoast SEO v27.2) - https:\/\/yoast.com\/product\/yoast-seo-premium-wordpress\/ -->\n<title>Slowakische Grammatik - Talkpal<\/title>\n<meta name=\"description\" content=\"Beherrschen Sie die slowakische Grammatik mit klaren Erkl\u00e4rungen, praktischen Beispielen und interaktiven \u00dcbungen. Verbessern Sie Ihre F\u00e4higkeiten!\" \/>\n<meta name=\"robots\" content=\"index, follow, max-snippet:-1, max-image-preview:large, max-video-preview:-1\" \/>\n<link rel=\"canonical\" href=\"https:\/\/talkpal.ai\/de\/slowakische-grammatik\/\" \/>\n<meta property=\"og:locale\" content=\"de_DE\" \/>\n<meta property=\"og:type\" content=\"article\" \/>\n<meta property=\"og:title\" content=\"Slowakische Grammatik\" \/>\n<meta property=\"og:description\" content=\"Slowakische Grammatik: Der Schl\u00fcssel zur Erschlie\u00dfung einer sch\u00f6nen Sprache Planen Sie, Slowakisch zu lernen oder sind Sie einfach nur neugierig auf die\" \/>\n<meta property=\"og:url\" content=\"https:\/\/talkpal.ai\/de\/slowakische-grammatik\/\" \/>\n<meta property=\"og:site_name\" content=\"Talkpal\" \/>\n<meta property=\"article:publisher\" content=\"https:\/\/www.facebook.com\/profile.php?id=100090733639311\" \/>\n<meta property=\"article:modified_time\" content=\"2025-12-12T11:12:12+00:00\" \/>\n<meta property=\"og:image\" content=\"https:\/\/talkpal.ai\/wp-content\/uploads\/2023\/05\/slovakia.png\" \/>\n\t<meta property=\"og:image:width\" content=\"512\" \/>\n\t<meta property=\"og:image:height\" content=\"512\" \/>\n\t<meta property=\"og:image:type\" content=\"image\/png\" \/>\n<meta name=\"twitter:card\" content=\"summary_large_image\" \/>\n<meta name=\"twitter:site\" content=\"@talkpalai\" \/>\n<meta name=\"twitter:label1\" content=\"Gesch\u00e4tzte Lesezeit\" \/>\n\t<meta name=\"twitter:data1\" content=\"3\u00a0Minuten\" \/>\n<script type=\"application\/ld+json\" class=\"yoast-schema-graph\">{\"@context\":\"https:\/\/schema.org\",\"@graph\":[{\"@type\":\"WebPage\",\"@id\":\"https:\/\/talkpal.ai\/de\/slowakische-grammatik\/\",\"url\":\"https:\/\/talkpal.ai\/de\/slowakische-grammatik\/\",\"name\":\"Slowakische Grammatik - Talkpal\",\"isPartOf\":{\"@id\":\"https:\/\/talkpal.ai\/de\/#website\"},\"primaryImageOfPage\":{\"@id\":\"https:\/\/talkpal.ai\/de\/slowakische-grammatik\/#primaryimage\"},\"image\":{\"@id\":\"https:\/\/talkpal.ai\/de\/slowakische-grammatik\/#primaryimage\"},\"thumbnailUrl\":\"https:\/\/talkpal.ai\/wp-content\/uploads\/2023\/05\/slovakia.png\",\"datePublished\":\"2023-05-14T14:19:49+00:00\",\"dateModified\":\"2025-12-12T11:12:12+00:00\",\"description\":\"Beherrschen Sie die slowakische Grammatik mit klaren Erkl\u00e4rungen, praktischen Beispielen und interaktiven \u00dcbungen. Verbessern Sie Ihre F\u00e4higkeiten!\",\"breadcrumb\":{\"@id\":\"https:\/\/talkpal.ai\/de\/slowakische-grammatik\/#breadcrumb\"},\"inLanguage\":\"de\",\"potentialAction\":[{\"@type\":\"ReadAction\",\"target\":[\"https:\/\/talkpal.ai\/de\/slowakische-grammatik\/\"]}]},{\"@type\":\"ImageObject\",\"inLanguage\":\"de\",\"@id\":\"https:\/\/talkpal.ai\/de\/slowakische-grammatik\/#primaryimage\",\"url\":\"https:\/\/talkpal.ai\/wp-content\/uploads\/2023\/05\/slovakia.png\",\"contentUrl\":\"https:\/\/talkpal.ai\/wp-content\/uploads\/2023\/05\/slovakia.png\",\"width\":512,\"height\":512},{\"@type\":\"BreadcrumbList\",\"@id\":\"https:\/\/talkpal.ai\/de\/slowakische-grammatik\/#breadcrumb\",\"itemListElement\":[{\"@type\":\"ListItem\",\"position\":1,\"name\":\"Homepage\",\"item\":\"https:\/\/talkpal.ai\/de\/\"},{\"@type\":\"ListItem\",\"position\":2,\"name\":\"Slowakische Grammatik\"}]},{\"@type\":\"WebSite\",\"@id\":\"https:\/\/talkpal.ai\/de\/#website\",\"url\":\"https:\/\/talkpal.ai\/de\/\",\"name\":\"Talkpal\",\"description\":\"AI Language Learning\",\"publisher\":{\"@id\":\"https:\/\/talkpal.ai\/de\/#organization\"},\"alternateName\":\"Talkpal AI\",\"potentialAction\":[{\"@type\":\"SearchAction\",\"target\":{\"@type\":\"EntryPoint\",\"urlTemplate\":\"https:\/\/talkpal.ai\/de\/?s={search_term_string}\"},\"query-input\":{\"@type\":\"PropertyValueSpecification\",\"valueRequired\":true,\"valueName\":\"search_term_string\"}}],\"inLanguage\":\"de\"},{\"@type\":\"Organization\",\"@id\":\"https:\/\/talkpal.ai\/de\/#organization\",\"name\":\"Talkpal, Inc.\",\"alternateName\":\"Talkpal AI\",\"url\":\"https:\/\/talkpal.ai\/de\/\",\"logo\":{\"@type\":\"ImageObject\",\"inLanguage\":\"de\",\"@id\":\"https:\/\/talkpal.ai\/de\/#\/schema\/logo\/image\/\",\"url\":\"https:\/\/talkpal.ai\/wp-content\/uploads\/2024\/03\/Talkpal-Logo-Icon.png\",\"contentUrl\":\"https:\/\/talkpal.ai\/wp-content\/uploads\/2024\/03\/Talkpal-Logo-Icon.png\",\"width\":2880,\"height\":2880,\"caption\":\"Talkpal, Inc.\"},\"image\":{\"@id\":\"https:\/\/talkpal.ai\/de\/#\/schema\/logo\/image\/\"},\"sameAs\":[\"https:\/\/www.facebook.com\/profile.php?id=100090733639311\",\"https:\/\/x.com\/talkpalai\",\"https:\/\/www.linkedin.com\/company\/talkpal\/\",\"https:\/\/www.youtube.com\/@TalkPal\/\",\"https:\/\/www.tiktok.com\/@talkpal\",\"https:\/\/www.instagram.com\/talkpal_ai\/\",\"https:\/\/www.crunchbase.com\/organization\/talkpal-9cde\",\"https:\/\/www.g2.com\/products\/talkpal-for-business\/\",\"https:\/\/www.trustpilot.com\/review\/talkpal.ai\",\"https:\/\/www.capterra.com\/p\/10006800\/TalkPal\/\"],\"description\":\"Talkpal is a language learning web and mobile education app, powered by the latest AI technologies, that provides engaging experiences to its customers in many different languages to help them improve their language skills. Users can chat about unlimited amount of topics with the app and use other modes to practice their language learning.\",\"email\":\"support@talkpal.ai\",\"legalName\":\"Talkpal, Inc.\",\"foundingDate\":\"2023-04-03\",\"duns\":\"118989042\",\"numberOfEmployees\":{\"@type\":\"QuantitativeValue\",\"minValue\":\"11\",\"maxValue\":\"50\"},\"publishingPrinciples\":\"https:\/\/talkpal.ai\/publishing-principles\/\",\"actionableFeedbackPolicy\":\"https:\/\/talkpal.ai\/actionable-feedback-policy\/\",\"correctionsPolicy\":\"https:\/\/talkpal.ai\/corrections-policy\/\",\"ethicsPolicy\":\"https:\/\/talkpal.ai\/ethics-policy\/\",\"diversityPolicy\":\"https:\/\/talkpal.ai\/diversity-policy\/\",\"diversityStaffingReport\":\"https:\/\/talkpal.ai\/diversity-policy\/\"}]}<\/script>\n<!-- \/ Yoast SEO Premium plugin. -->","yoast_head_json":{"title":"Slowakische Grammatik - Talkpal","description":"Beherrschen Sie die slowakische Grammatik mit klaren Erkl\u00e4rungen, praktischen Beispielen und interaktiven \u00dcbungen. Verbessern Sie Ihre F\u00e4higkeiten!","robots":{"index":"index","follow":"follow","max-snippet":"max-snippet:-1","max-image-preview":"max-image-preview:large","max-video-preview":"max-video-preview:-1"},"canonical":"https:\/\/talkpal.ai\/de\/slowakische-grammatik\/","og_locale":"de_DE","og_type":"article","og_title":"Slowakische Grammatik","og_description":"Slowakische Grammatik: Der Schl\u00fcssel zur Erschlie\u00dfung einer sch\u00f6nen Sprache Planen Sie, Slowakisch zu lernen oder sind Sie einfach nur neugierig auf die","og_url":"https:\/\/talkpal.ai\/de\/slowakische-grammatik\/","og_site_name":"Talkpal","article_publisher":"https:\/\/www.facebook.com\/profile.php?id=100090733639311","article_modified_time":"2025-12-12T11:12:12+00:00","og_image":[{"width":512,"height":512,"url":"https:\/\/talkpal.ai\/wp-content\/uploads\/2023\/05\/slovakia.png","type":"image\/png"}],"twitter_card":"summary_large_image","twitter_site":"@talkpalai","twitter_misc":{"Gesch\u00e4tzte Lesezeit":"3\u00a0Minuten"},"schema":{"@context":"https:\/\/schema.org","@graph":[{"@type":"WebPage","@id":"https:\/\/talkpal.ai\/de\/slowakische-grammatik\/","url":"https:\/\/talkpal.ai\/de\/slowakische-grammatik\/","name":"Slowakische Grammatik - Talkpal","isPartOf":{"@id":"https:\/\/talkpal.ai\/de\/#website"},"primaryImageOfPage":{"@id":"https:\/\/talkpal.ai\/de\/slowakische-grammatik\/#primaryimage"},"image":{"@id":"https:\/\/talkpal.ai\/de\/slowakische-grammatik\/#primaryimage"},"thumbnailUrl":"https:\/\/talkpal.ai\/wp-content\/uploads\/2023\/05\/slovakia.png","datePublished":"2023-05-14T14:19:49+00:00","dateModified":"2025-12-12T11:12:12+00:00","description":"Beherrschen Sie die slowakische Grammatik mit klaren Erkl\u00e4rungen, praktischen Beispielen und interaktiven \u00dcbungen. Verbessern Sie Ihre F\u00e4higkeiten!","breadcrumb":{"@id":"https:\/\/talkpal.ai\/de\/slowakische-grammatik\/#breadcrumb"},"inLanguage":"de","potentialAction":[{"@type":"ReadAction","target":["https:\/\/talkpal.ai\/de\/slowakische-grammatik\/"]}]},{"@type":"ImageObject","inLanguage":"de","@id":"https:\/\/talkpal.ai\/de\/slowakische-grammatik\/#primaryimage","url":"https:\/\/talkpal.ai\/wp-content\/uploads\/2023\/05\/slovakia.png","contentUrl":"https:\/\/talkpal.ai\/wp-content\/uploads\/2023\/05\/slovakia.png","width":512,"height":512},{"@type":"BreadcrumbList","@id":"https:\/\/talkpal.ai\/de\/slowakische-grammatik\/#breadcrumb","itemListElement":[{"@type":"ListItem","position":1,"name":"Homepage","item":"https:\/\/talkpal.ai\/de\/"},{"@type":"ListItem","position":2,"name":"Slowakische Grammatik"}]},{"@type":"WebSite","@id":"https:\/\/talkpal.ai\/de\/#website","url":"https:\/\/talkpal.ai\/de\/","name":"Talkpal","description":"AI Language Learning","publisher":{"@id":"https:\/\/talkpal.ai\/de\/#organization"},"alternateName":"Talkpal AI","potentialAction":[{"@type":"SearchAction","target":{"@type":"EntryPoint","urlTemplate":"https:\/\/talkpal.ai\/de\/?s={search_term_string}"},"query-input":{"@type":"PropertyValueSpecification","valueRequired":true,"valueName":"search_term_string"}}],"inLanguage":"de"},{"@type":"Organization","@id":"https:\/\/talkpal.ai\/de\/#organization","name":"Talkpal, Inc.","alternateName":"Talkpal AI","url":"https:\/\/talkpal.ai\/de\/","logo":{"@type":"ImageObject","inLanguage":"de","@id":"https:\/\/talkpal.ai\/de\/#\/schema\/logo\/image\/","url":"https:\/\/talkpal.ai\/wp-content\/uploads\/2024\/03\/Talkpal-Logo-Icon.png","contentUrl":"https:\/\/talkpal.ai\/wp-content\/uploads\/2024\/03\/Talkpal-Logo-Icon.png","width":2880,"height":2880,"caption":"Talkpal, Inc."},"image":{"@id":"https:\/\/talkpal.ai\/de\/#\/schema\/logo\/image\/"},"sameAs":["https:\/\/www.facebook.com\/profile.php?id=100090733639311","https:\/\/x.com\/talkpalai","https:\/\/www.linkedin.com\/company\/talkpal\/","https:\/\/www.youtube.com\/@TalkPal\/","https:\/\/www.tiktok.com\/@talkpal","https:\/\/www.instagram.com\/talkpal_ai\/","https:\/\/www.crunchbase.com\/organization\/talkpal-9cde","https:\/\/www.g2.com\/products\/talkpal-for-business\/","https:\/\/www.trustpilot.com\/review\/talkpal.ai","https:\/\/www.capterra.com\/p\/10006800\/TalkPal\/"],"description":"Talkpal is a language learning web and mobile education app, powered by the latest AI technologies, that provides engaging experiences to its customers in many different languages to help them improve their language skills. Users can chat about unlimited amount of topics with the app and use other modes to practice their language learning.","email":"support@talkpal.ai","legalName":"Talkpal, Inc.","foundingDate":"2023-04-03","duns":"118989042","numberOfEmployees":{"@type":"QuantitativeValue","minValue":"11","maxValue":"50"},"publishingPrinciples":"https:\/\/talkpal.ai\/publishing-principles\/","actionableFeedbackPolicy":"https:\/\/talkpal.ai\/actionable-feedback-policy\/","correctionsPolicy":"https:\/\/talkpal.ai\/corrections-policy\/","ethicsPolicy":"https:\/\/talkpal.ai\/ethics-policy\/","diversityPolicy":"https:\/\/talkpal.ai\/diversity-policy\/","diversityStaffingReport":"https:\/\/talkpal.ai\/diversity-policy\/"}]}},"_links":{"self":[{"href":"https:\/\/talkpal.ai\/de\/wp-json\/wp\/v2\/pages\/73642","targetHints":{"allow":["GET"]}}],"collection":[{"href":"https:\/\/talkpal.ai\/de\/wp-json\/wp\/v2\/pages"}],"about":[{"href":"https:\/\/talkpal.ai\/de\/wp-json\/wp\/v2\/types\/page"}],"author":[{"embeddable":true,"href":"https:\/\/talkpal.ai\/de\/wp-json\/wp\/v2\/users\/1"}],"replies":[{"embeddable":true,"href":"https:\/\/talkpal.ai\/de\/wp-json\/wp\/v2\/comments?post=73642"}],"version-history":[{"count":0,"href":"https:\/\/talkpal.ai\/de\/wp-json\/wp\/v2\/pages\/73642\/revisions"}],"wp:featuredmedia":[{"embeddable":true,"href":"https:\/\/talkpal.ai\/de\/wp-json\/wp\/v2\/media\/28637"}],"wp:attachment":[{"href":"https:\/\/talkpal.ai\/de\/wp-json\/wp\/v2\/media?parent=73642"}],"curies":[{"name":"wp","href":"https:\/\/api.w.org\/{rel}","templated":true}]}}