{"id":73579,"date":"2023-05-14T14:22:16","date_gmt":"2023-05-14T14:22:16","guid":{"rendered":"http:\/\/talkpal.ai\/tamilische-grammatik\/"},"modified":"2025-12-12T10:53:44","modified_gmt":"2025-12-12T10:53:44","slug":"tamilische-grammatik","status":"publish","type":"page","link":"https:\/\/talkpal.ai\/de\/tamilische-grammatik\/","title":{"rendered":"Tamilische Grammatik"},"content":{"rendered":"\r\n\r\n\r\n<section class=\"languageChallengeSection\">\r\n    <div class=\"languageInfoWrapper\">\r\n        \r\n        <h1>Tamilische Grammatik<\/h1>\r\n        <p>Bringen Sie Ihre Tamilkenntnisse auf die n\u00e4chste Stufe, indem Sie die Grundlagen der <a href=\"https:\/\/talkpal.ai\/fr\/les\/\">Grammatik<\/a> und fortgeschrittene Konzepte beherrschen. Entdecken Sie klare Erkl\u00e4rungen, praktische Beispiele und interaktive \u00dcbungen, die Ihr Selbstvertrauen st\u00e4rken. Fangen Sie noch heute an, etwas \u00fcber die Satzstruktur, die Konjugation von Verben und die wichtigsten Regeln zu lernen. Beginnen Sie Ihre Reise, um Tamilisch mit Genauigkeit und Leichtigkeit zu sprechen und zu schreiben!<\/p>\r\n\r\n                            <a class=\"getStartedHidden\" href=\"https:\/\/app.talkpal.ai\/de\/signup?lng=\">Leg los<\/a>\r\n        \r\n    <\/div>\r\n\r\n    <figure>\r\n    <img decoding=\"async\" width=\"768\" height=\"768\" src=\"https:\/\/talkpal.ai\/wp-content\/uploads\/2023\/06\/tamil-768x768.png\" class=\"languageImage no-lazy\" alt=\"Default alt text\" fetchpriority=\"high\" sizes=\"(max-width: 768px) 150px, 768px\" srcset=\"https:\/\/talkpal.ai\/wp-content\/uploads\/2023\/06\/tamil-768x768.png 768w, https:\/\/talkpal.ai\/wp-content\/uploads\/2023\/06\/tamil-300x300.png 300w\" \/>\r\n    \r\n\r\n    <\/figure>\r\n\r\n            <a class=\"getStartedVisible\" href=\"https:\/\/app.talkpal.ai\/de\/signup?lng=\">Leg los<\/a>\r\n    \r\n<\/section>\r\n        <section class=\"grammarSection\">\r\n            <div class=\"grammarLinks\">\r\n                <a href=\"https:\/\/talkpal.ai\/de\/language\/adjektive-tamilische-grammatik\/\">Adjektive <\/a><a href=\"https:\/\/talkpal.ai\/de\/language\/adverbien-tamilische-grammatik\/\">Adverbien <\/a><a href=\"https:\/\/talkpal.ai\/de\/language\/artikel-tamilische-grammatik\/\">Artikel <\/a><a href=\"https:\/\/talkpal.ai\/de\/language\/konditionale-tamilische-grammatik\/\">Konditionale <\/a><a href=\"https:\/\/talkpal.ai\/de\/language\/perfekt-progressiv-tamilische-grammatik\/\">Perfekt Progressiv <\/a><a href=\"https:\/\/talkpal.ai\/de\/language\/prapositionen-tamilische-grammatik\/\">Pr\u00e4positionen <\/a><a href=\"https:\/\/talkpal.ai\/de\/language\/progressiv-tamilische-grammatik\/\">Progressiv <\/a><a href=\"https:\/\/talkpal.ai\/de\/language\/pronomen-determinanten-tamilische-grammatik\/\">Pronomen\/Determinanten <\/a><a href=\"https:\/\/talkpal.ai\/de\/language\/satze-tamilische-grammatik\/\">S\u00e4tze <\/a><a href=\"https:\/\/talkpal.ai\/de\/language\/substantive-tamilische-grammatik\/\">Substantive <\/a><a href=\"https:\/\/talkpal.ai\/de\/language\/verben-tamilische-grammatik\/\">Verben <\/a><a href=\"https:\/\/talkpal.ai\/de\/language\/zeitformen-tamilische-grammatik\/\">Zeitformen <\/a><a href=\"https:\/\/talkpal.ai\/de\/language\/zeitvergleich-tamilische-grammatik\/\">Zeitvergleich <\/a>            <\/div>\r\n        <\/section>\r\n    <section class=\"promotionalBanner\">\r\n    <p class=\"promotionalText\">Der effizienteste Weg, eine Sprache zu lernen<\/p>\r\n    <a class=\"promotionalLink\" href=\"https:\/\/app.talkpal.ai\/de\/signup?lng=\">Talkpal kostenlos<\/a>\r\n<\/section>\n<div class=\"wp-block-group pageContainerStyle\"><div class=\"wp-block-group__inner-container is-layout-constrained wp-block-group-is-layout-constrained\">\n<h2 class=\"wp-block-heading\" id=\"h-tamil-grammar-understanding-the-richness-of-the-tamil-language\">Tamilische Grammatik: Den Reichtum der tamilischen Sprache verstehen<\/h2>\n\n\n\n<p>Wenn Sie beginnen, <a href=\"https:\/\/talkpal.ai\/learn-tamil\/\">Tamil<\/a> zu lernen &#8211; eine der \u00e4ltesten lebenden Sprachen der Welt &#8211; ist es wichtig, die Komplexit\u00e4t und den Reichtum der Grammatik zu entschl\u00fcsseln. Tamil, das auf eine \u00fcber 2.000 Jahre alte schriftliche Tradition zur\u00fcckblicken kann, ist nach wie vor die Hauptsprache von 70 Millionen Sprechern weltweit. Um Ihnen den Einstieg zu erleichtern, werden in diesem Artikel einige wichtige Aspekte der tamilischen Grammatik mit einem konversationellen und informellen Ansatz beschrieben.<\/p>\n\n\n\n<h3 class=\"wp-block-heading\" id=\"h-1-nouns-classifications-and-cases\">1. Substantive \u2013 Klassifikationen und F\u00e4lle<\/h3>\n\n\n\n<p>Ein wichtiger Aspekt der tamilischen Grammatik sind ihre Substantive, die nach Geschlecht (maskulin, feminin und Neutrum), Zahl (Singular und Plural) und Kasus (Nominativ, Akkusativ, Dativ, Genitiv, Lokativ, Instrumental, Komitativ, Abessiv und Vokativ) klassifiziert werden. Auch wenn dies \u00fcberw\u00e4ltigend erscheinen mag, so ist es doch unerl\u00e4sslich, um die Beziehungen zwischen den W\u00f6rtern in den S\u00e4tzen zu verstehen und die dem Tamilischen innewohnende Logik zu entschl\u00fcsseln.<\/p>\n\n\n\n<p>Zum Beispiel ist das Wort &#8222;Buch&#8220; auf Tamil &#8222;\u0baa\u0bc1\u0ba4\u0bcd\u0ba4\u0b95\u0bae\u0bcd&#8220; (puththakam). Um zu sagen &#8222;Ich habe das Buch gelesen&#8220;, w\u00fcrden Sie den Akkusativ verwenden, der impliziert, dass das Buch das Objekt der Handlung ist: &#8222;\u0ba8\u0bbe\u0ba9\u0bcd \u0baa\u0bc1\u0ba4\u0bcd\u0ba4\u0b95\u0ba4\u0bcd\u0ba4\u0bc8 \u0bb5\u0bbe\u0b9a\u0bbf\u0b95\u0bcd\u0b95\u0bbf\u0ba9\u0bcd\u0bb1\u0bc7\u0ba9\u0bcd&#8220; (Naan puththakaththai vaasikkiren).<\/p>\n\n\n\n<h3 class=\"wp-block-heading\" id=\"h-2-adjectives-and-pronouns-consistent-harmony\">2. Adjektive und Pronomen \u2013 konsistente Harmonie<\/h3>\n\n\n\n<p>Im Tamil folgen Adjektive (\u0baa\u0ba3\u0bcd\u0baa\u0bc1\u0b9f\u0bc8\u0bae\u0bc8) und Pronomen (\u0ba4\u0ba9\u0bbf\u0baa\u0bcd\u0baa\u0bca\u0bb0\u0bc1\u0bb3\u0bcd) einer entscheidenden Regel: Sie m\u00fcssen in Geschlecht und Anzahl mit den Substantiven, die sie modifizieren, \u00fcbereinstimmen. Diese Konsistenz f\u00f6rdert die sprachliche Harmonie und erh\u00f6ht die Klarheit des Ausdrucks.<\/p>\n\n\n\n<h3 class=\"wp-block-heading\" id=\"h-3-verbs-conjugation-and-tenses\">3. Verben \u2013 Konjugation und Zeitformen<\/h3>\n\n\n\n<p>Tamilische Verben spielen eine entscheidende Rolle bei der Gestaltung von S\u00e4tzen. Verben werden basierend auf Person, Zahl, Zeitform, Stimme und Stimmung konjugiert. Tamil hat drei Hauptformen (Vergangenheit, Gegenwart und Zukunft) und drei Stimmungen (Indikativ, <a href=\"https:\/\/talkpal.ai\/ja\/grammar_exercises\/imperatif-%e3%83%95%e3%83%a9%e3%83%b3%e3%82%b9%e3%81%ae%e6%96%87%e6%b3%95%e3%81%ae%e3%81%9f%e3%82%81%e3%81%ae%e6%bc%94%e7%bf%92\/\">Imperativ<\/a> und <a href=\"https:\/\/talkpal.ai\/ja\/grammar_exercises\/konjunktiv-%e3%83%89%e3%82%a4%e3%83%84%e6%96%87%e6%b3%95%e3%81%ae%e6%bc%94%e7%bf%92\/\">Konjunktiv<\/a>). Die Konjugation kann auf den ersten Blick entmutigend erscheinen, aber sie zu beherrschen, wird dir helfen, eine Vielzahl von Emotionen, Handlungen und Nuancen auszudr\u00fccken.<\/p>\n\n\n\n<h3 class=\"wp-block-heading\" id=\"h-4-sentence-structure-word-order-and-agreement\">4. Satzbau \u2013 Wortstellung und \u00dcbereinstimmung<\/h3>\n\n\n\n<p>Tamil folgt einer Subjekt-Objekt-Verb (SOV)-Wortstellung, wodurch es sich vom Englischen unterscheidet, das einer Subjekt-Verb-Objekt-Struktur (SVO) folgt. Dar\u00fcber hinaus betont die <a href=\"https:\/\/talkpal.ai\/es\/gramatica-tamil\/\">tamilische Grammatik<\/a> die Wort\u00fcbereinstimmung und gew\u00e4hrleistet die Konsistenz zwischen den Substantiven, Adjektiven und Pronomen.<\/p>\n\n\n\n<p>Zum Beispiel wird im Tamilischen der Satz &#8222;Sie isst einen Apfel&#8220; als &#8222;\u0b85\u0bb5\u0bb3\u0bcd \u0b92\u0bb0\u0bc1 \u0b86\u0baa\u0bcd\u0baa\u0bbf\u0bb3\u0bcd \u0b9a\u0bbe\u0baa\u0bcd\u0baa\u0bbf\u0b9f\u0bc1\u0b95\u0bbf\u0bb1\u0bbe\u0bb3\u0bcd&#8220; (Ava\u1e37 oru \u0101ppi\u1e37 s\u0101ppi\u1e6dugi\u1e5f\u0101\u1e37) geschrieben, wobei das Substantiv und das Verb in Geschlecht und Zahl \u00fcbereinstimmen.<\/p>\n\n\n\n<h3 class=\"wp-block-heading\" id=\"h-5-embrace-the-journey\">5. Nehmen Sie die Reise an<\/h3>\n\n\n\n<p>Das Erlernen der tamilischen Grammatik mag eine Herausforderung sein, aber es bietet ein Tor zu einer lebendigen literarischen Tradition und einem reichen kulturellen Erbe. Denken Sie daran, dass es wichtig ist, einen Schritt nach dem anderen zu machen und die Feinheiten zu sch\u00e4tzen, die die tamilische Sprache so besonders machen.<\/p>\n\n\n\n<p>W\u00e4hrend Sie die Komplexit\u00e4t der tamilischen Grammatik erforschen, sollten Sie regelm\u00e4\u00dfig \u00fcben, sich mit Muttersprachlern austauschen und Geduld mit sich selbst haben. Mit Hingabe werden Sie die Sch\u00f6nheit und den Reichtum dieser alten Sprache erschlie\u00dfen. \u0b87\u0ba9\u0bbf\u0baf \u0b95\u0bb1\u0bcd\u0bb1\u0bb2\u0bcd &#8211; Iniy ka\u1e5f\u1e5fal (Frohes Lernen)!<\/p>\n<\/div><\/div>\n\r\n<section class=\"learnNavigationSection\">\r\n            \r\n        <a href=\"https:\/\/talkpal.ai\/de\/tamilisch-lernen\/\">\r\n            <div class=\"learnNavigationWrapper\">\r\n                <div class=\"learnNavigationContent\">\r\n                    <img decoding=\"async\" src=\"https:\/\/talkpal.ai\/wp-content\/uploads\/2024\/08\/Tamil.jpg\" alt=\"Indian Simplified Flag\">\r\n                    <div>\r\n                        <h4>\u00dcber Tamilisch Lernen<\/h4>\r\n                        <p>Erfahren Sie alles \u00fcber die tamilische Grammatik.<\/p>\r\n                    <\/div>\r\n                <\/div>\r\n            <\/div>\r\n        <\/a>\r\n\r\n        \r\n        <a href=\"https:\/\/talkpal.ai\/de\/tamilische-grammatikuebungen\/\">\r\n            <div class=\"learnNavigationWrapper\">\r\n                <div class=\"learnNavigationContent\">\r\n                    <img decoding=\"async\" src=\"https:\/\/talkpal.ai\/wp-content\/uploads\/2024\/08\/Tamil.jpg\" alt=\"Indian Simplified Flag\">\r\n                    <div>\r\n                        <h4>\u00dcbung zur tamilischen Grammatik<\/h4>\r\n                        <p>\u00dcbe die tamilische Grammatik .<\/p>\r\n                    <\/div>\r\n                <\/div>\r\n            <\/div>\r\n        <\/a>\r\n\r\n        \r\n        <a href=\"https:\/\/talkpal.ai\/vocabulary_language\/tamil\/\">\r\n            <div class=\"learnNavigationWrapper\">\r\n                <div class=\"learnNavigationContent\">\r\n                    <img decoding=\"async\" src=\"https:\/\/talkpal.ai\/wp-content\/uploads\/2024\/08\/Tamil.jpg\" alt=\"Indian Simplified Flag\">\r\n                    <div>\r\n                        <h4>Tamilischer Wortschatz<\/h4>\r\n                        <p>Erweitern Sie Ihren tamilischen Wortschatz.<\/p>\r\n                    <\/div>\r\n                <\/div>\r\n            <\/div>\r\n        <\/a>\r\n\r\n            <\/section>","protected":false},"excerpt":{"rendered":"<p>Tamilische Grammatik: Den Reichtum der tamilischen Sprache verstehen Wenn Sie beginnen, Tamil zu lernen &#8211; eine der \u00e4ltesten lebenden Sprachen der Welt &#8211; ist es wichtig, die Komplexit\u00e4t und den Reichtum der Grammatik zu entschl\u00fcsseln. Tamil, das auf eine \u00fcber 2.000 Jahre alte schriftliche Tradition zur\u00fcckblicken kann, ist nach wie vor die Hauptsprache von 70 [&hellip;]<\/p>\n","protected":false},"author":1,"featured_media":28717,"parent":0,"menu_order":0,"comment_status":"closed","ping_status":"closed","template":"LearningContentPage.php","meta":{"_acf_changed":false,"footnotes":""},"class_list":["post-73579","page","type-page","status-publish","has-post-thumbnail","hentry"],"acf":[],"yoast_head":"<!-- This site is optimized with the Yoast SEO Premium plugin v27.2 (Yoast SEO v27.2) - https:\/\/yoast.com\/product\/yoast-seo-premium-wordpress\/ -->\n<title>Tamilische Grammatik - Talkpal<\/title>\n<meta name=\"description\" content=\"Erforschen Sie die Grundlagen der tamilischen Grammatik und verbessern Sie Ihr Verst\u00e4ndnis f\u00fcr diese reiche Sprache.\" \/>\n<meta name=\"robots\" content=\"index, follow, max-snippet:-1, max-image-preview:large, max-video-preview:-1\" \/>\n<link rel=\"canonical\" href=\"https:\/\/talkpal.ai\/de\/tamilische-grammatik\/\" \/>\n<meta property=\"og:locale\" content=\"de_DE\" \/>\n<meta property=\"og:type\" content=\"article\" \/>\n<meta property=\"og:title\" content=\"Tamilische Grammatik\" \/>\n<meta property=\"og:description\" content=\"Tamilische Grammatik: Den Reichtum der tamilischen Sprache verstehen Wenn Sie beginnen, Tamil zu lernen - eine der \u00e4ltesten lebenden Sprachen der Welt -\" \/>\n<meta property=\"og:url\" content=\"https:\/\/talkpal.ai\/de\/tamilische-grammatik\/\" \/>\n<meta property=\"og:site_name\" content=\"Talkpal\" \/>\n<meta property=\"article:publisher\" content=\"https:\/\/www.facebook.com\/profile.php?id=100090733639311\" \/>\n<meta property=\"article:modified_time\" content=\"2025-12-12T10:53:44+00:00\" \/>\n<meta property=\"og:image\" content=\"https:\/\/talkpal.ai\/wp-content\/uploads\/2023\/05\/Tamil-india.png\" \/>\n\t<meta property=\"og:image:width\" content=\"512\" \/>\n\t<meta property=\"og:image:height\" content=\"512\" \/>\n\t<meta property=\"og:image:type\" content=\"image\/png\" \/>\n<meta name=\"twitter:card\" content=\"summary_large_image\" \/>\n<meta name=\"twitter:site\" content=\"@talkpalai\" \/>\n<meta name=\"twitter:label1\" content=\"Gesch\u00e4tzte Lesezeit\" \/>\n\t<meta name=\"twitter:data1\" content=\"2\u00a0Minuten\" \/>\n<script type=\"application\/ld+json\" class=\"yoast-schema-graph\">{\"@context\":\"https:\/\/schema.org\",\"@graph\":[{\"@type\":\"WebPage\",\"@id\":\"https:\/\/talkpal.ai\/de\/tamilische-grammatik\/\",\"url\":\"https:\/\/talkpal.ai\/de\/tamilische-grammatik\/\",\"name\":\"Tamilische Grammatik - Talkpal\",\"isPartOf\":{\"@id\":\"https:\/\/talkpal.ai\/de\/#website\"},\"primaryImageOfPage\":{\"@id\":\"https:\/\/talkpal.ai\/de\/tamilische-grammatik\/#primaryimage\"},\"image\":{\"@id\":\"https:\/\/talkpal.ai\/de\/tamilische-grammatik\/#primaryimage\"},\"thumbnailUrl\":\"https:\/\/talkpal.ai\/wp-content\/uploads\/2023\/05\/Tamil-india.png\",\"datePublished\":\"2023-05-14T14:22:16+00:00\",\"dateModified\":\"2025-12-12T10:53:44+00:00\",\"description\":\"Erforschen Sie die Grundlagen der tamilischen Grammatik und verbessern Sie Ihr Verst\u00e4ndnis f\u00fcr diese reiche Sprache.\",\"breadcrumb\":{\"@id\":\"https:\/\/talkpal.ai\/de\/tamilische-grammatik\/#breadcrumb\"},\"inLanguage\":\"de\",\"potentialAction\":[{\"@type\":\"ReadAction\",\"target\":[\"https:\/\/talkpal.ai\/de\/tamilische-grammatik\/\"]}]},{\"@type\":\"ImageObject\",\"inLanguage\":\"de\",\"@id\":\"https:\/\/talkpal.ai\/de\/tamilische-grammatik\/#primaryimage\",\"url\":\"https:\/\/talkpal.ai\/wp-content\/uploads\/2023\/05\/Tamil-india.png\",\"contentUrl\":\"https:\/\/talkpal.ai\/wp-content\/uploads\/2023\/05\/Tamil-india.png\",\"width\":512,\"height\":512},{\"@type\":\"BreadcrumbList\",\"@id\":\"https:\/\/talkpal.ai\/de\/tamilische-grammatik\/#breadcrumb\",\"itemListElement\":[{\"@type\":\"ListItem\",\"position\":1,\"name\":\"Homepage\",\"item\":\"https:\/\/talkpal.ai\/de\/\"},{\"@type\":\"ListItem\",\"position\":2,\"name\":\"Tamilische Grammatik\"}]},{\"@type\":\"WebSite\",\"@id\":\"https:\/\/talkpal.ai\/de\/#website\",\"url\":\"https:\/\/talkpal.ai\/de\/\",\"name\":\"Talkpal\",\"description\":\"AI Language Learning\",\"publisher\":{\"@id\":\"https:\/\/talkpal.ai\/de\/#organization\"},\"alternateName\":\"Talkpal AI\",\"potentialAction\":[{\"@type\":\"SearchAction\",\"target\":{\"@type\":\"EntryPoint\",\"urlTemplate\":\"https:\/\/talkpal.ai\/de\/?s={search_term_string}\"},\"query-input\":{\"@type\":\"PropertyValueSpecification\",\"valueRequired\":true,\"valueName\":\"search_term_string\"}}],\"inLanguage\":\"de\"},{\"@type\":\"Organization\",\"@id\":\"https:\/\/talkpal.ai\/de\/#organization\",\"name\":\"Talkpal, Inc.\",\"alternateName\":\"Talkpal AI\",\"url\":\"https:\/\/talkpal.ai\/de\/\",\"logo\":{\"@type\":\"ImageObject\",\"inLanguage\":\"de\",\"@id\":\"https:\/\/talkpal.ai\/de\/#\/schema\/logo\/image\/\",\"url\":\"https:\/\/talkpal.ai\/wp-content\/uploads\/2024\/03\/Talkpal-Logo-Icon.png\",\"contentUrl\":\"https:\/\/talkpal.ai\/wp-content\/uploads\/2024\/03\/Talkpal-Logo-Icon.png\",\"width\":2880,\"height\":2880,\"caption\":\"Talkpal, Inc.\"},\"image\":{\"@id\":\"https:\/\/talkpal.ai\/de\/#\/schema\/logo\/image\/\"},\"sameAs\":[\"https:\/\/www.facebook.com\/profile.php?id=100090733639311\",\"https:\/\/x.com\/talkpalai\",\"https:\/\/www.linkedin.com\/company\/talkpal\/\",\"https:\/\/www.youtube.com\/@TalkPal\/\",\"https:\/\/www.tiktok.com\/@talkpal\",\"https:\/\/www.instagram.com\/talkpal_ai\/\",\"https:\/\/www.crunchbase.com\/organization\/talkpal-9cde\",\"https:\/\/www.g2.com\/products\/talkpal-for-business\/\",\"https:\/\/www.trustpilot.com\/review\/talkpal.ai\",\"https:\/\/www.capterra.com\/p\/10006800\/TalkPal\/\"],\"description\":\"Talkpal is a language learning web and mobile education app, powered by the latest AI technologies, that provides engaging experiences to its customers in many different languages to help them improve their language skills. Users can chat about unlimited amount of topics with the app and use other modes to practice their language learning.\",\"email\":\"support@talkpal.ai\",\"legalName\":\"Talkpal, Inc.\",\"foundingDate\":\"2023-04-03\",\"duns\":\"118989042\",\"numberOfEmployees\":{\"@type\":\"QuantitativeValue\",\"minValue\":\"11\",\"maxValue\":\"50\"},\"publishingPrinciples\":\"https:\/\/talkpal.ai\/publishing-principles\/\",\"actionableFeedbackPolicy\":\"https:\/\/talkpal.ai\/actionable-feedback-policy\/\",\"correctionsPolicy\":\"https:\/\/talkpal.ai\/corrections-policy\/\",\"ethicsPolicy\":\"https:\/\/talkpal.ai\/ethics-policy\/\",\"diversityPolicy\":\"https:\/\/talkpal.ai\/diversity-policy\/\",\"diversityStaffingReport\":\"https:\/\/talkpal.ai\/diversity-policy\/\"}]}<\/script>\n<!-- \/ Yoast SEO Premium plugin. -->","yoast_head_json":{"title":"Tamilische Grammatik - Talkpal","description":"Erforschen Sie die Grundlagen der tamilischen Grammatik und verbessern Sie Ihr Verst\u00e4ndnis f\u00fcr diese reiche Sprache.","robots":{"index":"index","follow":"follow","max-snippet":"max-snippet:-1","max-image-preview":"max-image-preview:large","max-video-preview":"max-video-preview:-1"},"canonical":"https:\/\/talkpal.ai\/de\/tamilische-grammatik\/","og_locale":"de_DE","og_type":"article","og_title":"Tamilische Grammatik","og_description":"Tamilische Grammatik: Den Reichtum der tamilischen Sprache verstehen Wenn Sie beginnen, Tamil zu lernen - eine der \u00e4ltesten lebenden Sprachen der Welt -","og_url":"https:\/\/talkpal.ai\/de\/tamilische-grammatik\/","og_site_name":"Talkpal","article_publisher":"https:\/\/www.facebook.com\/profile.php?id=100090733639311","article_modified_time":"2025-12-12T10:53:44+00:00","og_image":[{"width":512,"height":512,"url":"https:\/\/talkpal.ai\/wp-content\/uploads\/2023\/05\/Tamil-india.png","type":"image\/png"}],"twitter_card":"summary_large_image","twitter_site":"@talkpalai","twitter_misc":{"Gesch\u00e4tzte Lesezeit":"2\u00a0Minuten"},"schema":{"@context":"https:\/\/schema.org","@graph":[{"@type":"WebPage","@id":"https:\/\/talkpal.ai\/de\/tamilische-grammatik\/","url":"https:\/\/talkpal.ai\/de\/tamilische-grammatik\/","name":"Tamilische Grammatik - Talkpal","isPartOf":{"@id":"https:\/\/talkpal.ai\/de\/#website"},"primaryImageOfPage":{"@id":"https:\/\/talkpal.ai\/de\/tamilische-grammatik\/#primaryimage"},"image":{"@id":"https:\/\/talkpal.ai\/de\/tamilische-grammatik\/#primaryimage"},"thumbnailUrl":"https:\/\/talkpal.ai\/wp-content\/uploads\/2023\/05\/Tamil-india.png","datePublished":"2023-05-14T14:22:16+00:00","dateModified":"2025-12-12T10:53:44+00:00","description":"Erforschen Sie die Grundlagen der tamilischen Grammatik und verbessern Sie Ihr Verst\u00e4ndnis f\u00fcr diese reiche Sprache.","breadcrumb":{"@id":"https:\/\/talkpal.ai\/de\/tamilische-grammatik\/#breadcrumb"},"inLanguage":"de","potentialAction":[{"@type":"ReadAction","target":["https:\/\/talkpal.ai\/de\/tamilische-grammatik\/"]}]},{"@type":"ImageObject","inLanguage":"de","@id":"https:\/\/talkpal.ai\/de\/tamilische-grammatik\/#primaryimage","url":"https:\/\/talkpal.ai\/wp-content\/uploads\/2023\/05\/Tamil-india.png","contentUrl":"https:\/\/talkpal.ai\/wp-content\/uploads\/2023\/05\/Tamil-india.png","width":512,"height":512},{"@type":"BreadcrumbList","@id":"https:\/\/talkpal.ai\/de\/tamilische-grammatik\/#breadcrumb","itemListElement":[{"@type":"ListItem","position":1,"name":"Homepage","item":"https:\/\/talkpal.ai\/de\/"},{"@type":"ListItem","position":2,"name":"Tamilische Grammatik"}]},{"@type":"WebSite","@id":"https:\/\/talkpal.ai\/de\/#website","url":"https:\/\/talkpal.ai\/de\/","name":"Talkpal","description":"AI Language Learning","publisher":{"@id":"https:\/\/talkpal.ai\/de\/#organization"},"alternateName":"Talkpal AI","potentialAction":[{"@type":"SearchAction","target":{"@type":"EntryPoint","urlTemplate":"https:\/\/talkpal.ai\/de\/?s={search_term_string}"},"query-input":{"@type":"PropertyValueSpecification","valueRequired":true,"valueName":"search_term_string"}}],"inLanguage":"de"},{"@type":"Organization","@id":"https:\/\/talkpal.ai\/de\/#organization","name":"Talkpal, Inc.","alternateName":"Talkpal AI","url":"https:\/\/talkpal.ai\/de\/","logo":{"@type":"ImageObject","inLanguage":"de","@id":"https:\/\/talkpal.ai\/de\/#\/schema\/logo\/image\/","url":"https:\/\/talkpal.ai\/wp-content\/uploads\/2024\/03\/Talkpal-Logo-Icon.png","contentUrl":"https:\/\/talkpal.ai\/wp-content\/uploads\/2024\/03\/Talkpal-Logo-Icon.png","width":2880,"height":2880,"caption":"Talkpal, Inc."},"image":{"@id":"https:\/\/talkpal.ai\/de\/#\/schema\/logo\/image\/"},"sameAs":["https:\/\/www.facebook.com\/profile.php?id=100090733639311","https:\/\/x.com\/talkpalai","https:\/\/www.linkedin.com\/company\/talkpal\/","https:\/\/www.youtube.com\/@TalkPal\/","https:\/\/www.tiktok.com\/@talkpal","https:\/\/www.instagram.com\/talkpal_ai\/","https:\/\/www.crunchbase.com\/organization\/talkpal-9cde","https:\/\/www.g2.com\/products\/talkpal-for-business\/","https:\/\/www.trustpilot.com\/review\/talkpal.ai","https:\/\/www.capterra.com\/p\/10006800\/TalkPal\/"],"description":"Talkpal is a language learning web and mobile education app, powered by the latest AI technologies, that provides engaging experiences to its customers in many different languages to help them improve their language skills. Users can chat about unlimited amount of topics with the app and use other modes to practice their language learning.","email":"support@talkpal.ai","legalName":"Talkpal, Inc.","foundingDate":"2023-04-03","duns":"118989042","numberOfEmployees":{"@type":"QuantitativeValue","minValue":"11","maxValue":"50"},"publishingPrinciples":"https:\/\/talkpal.ai\/publishing-principles\/","actionableFeedbackPolicy":"https:\/\/talkpal.ai\/actionable-feedback-policy\/","correctionsPolicy":"https:\/\/talkpal.ai\/corrections-policy\/","ethicsPolicy":"https:\/\/talkpal.ai\/ethics-policy\/","diversityPolicy":"https:\/\/talkpal.ai\/diversity-policy\/","diversityStaffingReport":"https:\/\/talkpal.ai\/diversity-policy\/"}]}},"_links":{"self":[{"href":"https:\/\/talkpal.ai\/de\/wp-json\/wp\/v2\/pages\/73579","targetHints":{"allow":["GET"]}}],"collection":[{"href":"https:\/\/talkpal.ai\/de\/wp-json\/wp\/v2\/pages"}],"about":[{"href":"https:\/\/talkpal.ai\/de\/wp-json\/wp\/v2\/types\/page"}],"author":[{"embeddable":true,"href":"https:\/\/talkpal.ai\/de\/wp-json\/wp\/v2\/users\/1"}],"replies":[{"embeddable":true,"href":"https:\/\/talkpal.ai\/de\/wp-json\/wp\/v2\/comments?post=73579"}],"version-history":[{"count":0,"href":"https:\/\/talkpal.ai\/de\/wp-json\/wp\/v2\/pages\/73579\/revisions"}],"wp:featuredmedia":[{"embeddable":true,"href":"https:\/\/talkpal.ai\/de\/wp-json\/wp\/v2\/media\/28717"}],"wp:attachment":[{"href":"https:\/\/talkpal.ai\/de\/wp-json\/wp\/v2\/media?parent=73579"}],"curies":[{"name":"wp","href":"https:\/\/api.w.org\/{rel}","templated":true}]}}