{"id":73578,"date":"2023-05-14T14:19:07","date_gmt":"2023-05-14T14:19:07","guid":{"rendered":"http:\/\/talkpal.ai\/rumaenische-grammatik\/"},"modified":"2025-12-17T15:35:22","modified_gmt":"2025-12-17T15:35:22","slug":"rumaenische-grammatik","status":"publish","type":"page","link":"https:\/\/talkpal.ai\/de\/rumaenische-grammatik\/","title":{"rendered":"Rum\u00e4nische Grammatik"},"content":{"rendered":"\r\n\r\n\r\n<section class=\"languageChallengeSection\">\r\n    <div class=\"languageInfoWrapper\">\r\n        \r\n        <h1>Rum\u00e4nische Grammatik<\/h1>\r\n        <p>Entdecken Sie die Sch\u00f6nheit der rum\u00e4nischen Sprache, indem Sie die wichtigsten Grammatikregeln lernen. Die Beherrschung der rum\u00e4nischen <a href=\"https:\/\/talkpal.ai\/fr\/les\/\">Grammatik<\/a> wird Ihnen helfen, selbstbewusst zu kommunizieren und die reiche Kultur und Geschichte Rum\u00e4niens kennenzulernen. Beginnen Sie noch heute mit dem Studium der rum\u00e4nischen Grammatik und machen Sie den ersten Schritt in Richtung flie\u00dfende Sprache!<\/p>\r\n\r\n                            <a class=\"getStartedHidden\" href=\"https:\/\/app.talkpal.ai\/de\/signup?lng=\">Leg los<\/a>\r\n        \r\n    <\/div>\r\n\r\n    <figure>\r\n    <img decoding=\"async\" width=\"768\" height=\"768\" src=\"https:\/\/talkpal.ai\/wp-content\/uploads\/2023\/06\/romanian-768x768.png\" class=\"languageImage no-lazy\" alt=\"Default alt text\" fetchpriority=\"high\" sizes=\"(max-width: 768px) 150px, 768px\" srcset=\"https:\/\/talkpal.ai\/wp-content\/uploads\/2023\/06\/romanian-768x768.png 768w, https:\/\/talkpal.ai\/wp-content\/uploads\/2023\/06\/romanian-300x300.png 300w\" \/>\r\n    \r\n\r\n    <\/figure>\r\n\r\n            <a class=\"getStartedVisible\" href=\"https:\/\/app.talkpal.ai\/de\/signup?lng=\">Leg los<\/a>\r\n    \r\n<\/section>\r\n        <section class=\"grammarSection\">\r\n            <div class=\"grammarLinks\">\r\n                <a href=\"https:\/\/talkpal.ai\/de\/language\/adjektive-rumanische-grammatik\/\">Adjektive <\/a><a href=\"https:\/\/talkpal.ai\/de\/language\/adverbien-rumanische-grammatik\/\">Adverbien <\/a><a href=\"https:\/\/talkpal.ai\/de\/language\/artikel-rumanische-grammatik\/\">Artikel <\/a><a href=\"https:\/\/talkpal.ai\/de\/language\/konditionale-rumanische-grammatik\/\">Konditionale <\/a><a href=\"https:\/\/talkpal.ai\/de\/language\/perfekt-progressiv-rumanische-grammatik\/\">Perfekt Progressiv <\/a><a href=\"https:\/\/talkpal.ai\/de\/language\/prapositionen-rumanische-grammatik\/\">Pr\u00e4positionen <\/a><a href=\"https:\/\/talkpal.ai\/de\/language\/progressiv-rumanische-grammatik\/\">Progressiv <\/a><a href=\"https:\/\/talkpal.ai\/de\/language\/pronomen-determinanten-rumanische-grammatik\/\">Pronomen\/Determinanten <\/a><a href=\"https:\/\/talkpal.ai\/de\/language\/satze-rumanische-grammatik\/\">S\u00e4tze <\/a><a href=\"https:\/\/talkpal.ai\/de\/language\/substantive-rumanische-grammatik\/\">Substantive <\/a><a href=\"https:\/\/talkpal.ai\/de\/language\/verben-rumanische-grammatik\/\">Verben <\/a><a href=\"https:\/\/talkpal.ai\/de\/language\/zeitformen-rumanische-grammatik\/\">Zeitformen <\/a><a href=\"https:\/\/talkpal.ai\/de\/language\/zeitvergleich-rumanische-grammatik\/\">Zeitvergleich <\/a>            <\/div>\r\n        <\/section>\r\n    <section class=\"promotionalBanner\">\r\n    <p class=\"promotionalText\">Der effizienteste Weg, eine Sprache zu lernen<\/p>\r\n    <a class=\"promotionalLink\" href=\"https:\/\/app.talkpal.ai\/de\/signup?lng=\">Talkpal kostenlos<\/a>\r\n<\/section>\n<div class=\"wp-block-group pageContainerStyle\"><div class=\"wp-block-group__inner-container is-layout-constrained wp-block-group-is-layout-constrained\">\n<h2 class=\"wp-block-heading\" id=\"h-unraveling-the-mysteries-of-romanian-grammar\">Den Geheimnissen der rum\u00e4nischen Grammatik auf der Spur<\/h2>\n\n\n\n<p><a href=\"https:\/\/talkpal.ai\/learn-romanian\/\">Rum\u00e4nisch<\/a>, die einzige romanische Sprache, die in Osteuropa gesprochen wird, bietet eine einzigartige und interessante Sprachreise. Rum\u00e4nisch \u00fcberspannt das kulturelle Erbe der lateinischen und slawischen Welt und hat eine faszinierende Geschichte und ein spannendes Grammatiksystem, das es zu erkunden gilt. Egal, ob Sie ein polyglotter Enthusiast sind oder einfach nur auf der Suche nach einem neuen Sprachabenteuer, schnallen Sie sich an und machen Sie sich bereit, die Sch\u00f6nheit der rum\u00e4nischen Grammatik zu entdecken!<\/p>\n\n\n\n<h3 class=\"wp-block-heading\" id=\"h-1-the-alphabet-a-familiar-friend-with-a-twist\">1. Das Alphabet: Ein vertrauter Freund mit einem Twist<\/h3>\n\n\n\n<p>Das rum\u00e4nische Alphabet basiert auf der lateinischen Schrift, die aus 31 Buchstaben besteht. Zum Gl\u00fcck f\u00fcr Englischsprachige ist es dem englischen Alphabet recht \u00e4hnlich, mit nur ein paar zus\u00e4tzlichen Zeichen, die spezielle rum\u00e4nische Laute darstellen. Mit ein wenig \u00dcbung wird es ein Kinderspiel sein, die Grundlagen (wie das Buchstabieren Ihres Namens oder das Lesen von Stra\u00dfenschildern) zu beherrschen!<\/p>\n\n\n\n<h3 class=\"wp-block-heading\" id=\"h-2-nouns-meet-cases-the-dynamic-duo\">2. Substantive treffen auf F\u00e4lle: Das dynamische Duo<\/h3>\n\n\n\n<p>Rum\u00e4nische Substantive lassen sich in drei Geschlechter einteilen (maskulin, feminin und Neutrum) und \u00e4ndern ihre Form je nach grammatikalischem Fall (Nominativ, Genitiv, Dativ, Akkusativ oder Vokativ). Auch wenn dies auf den ersten Blick entmutigend erscheinen mag, verleiht dieses System dem Rum\u00e4nischen einen Reichtum, der Nuancen und Kreativit\u00e4t beim Verfassen von S\u00e4tzen erm\u00f6glicht, was Ihre <a href=\"https:\/\/talkpal.ai\/de\/culture\/sprachliche-reise-durch-natur-und-tierwelt\/\">sprachliche Reise<\/a> umso lohnender macht.<\/p>\n\n\n\n<h3 class=\"wp-block-heading\" id=\"h-3-verbs-conjugating-your-way-to-success\">3. Verben: Konjugieren Sie Ihren Weg zum Erfolg<\/h3>\n\n\n\n<p>Die Konjugation rum\u00e4nischer Verben ist zwar etwas einfacher als die <a href=\"https:\/\/talkpal.ai\/zh-hans\/grammar_exercises\/deklination-%e5%be%b7%e5%9b%bd%e8%af%ad%e6%b3%95%e7%bb%83%e4%b9%a0\/\">Deklination<\/a> von Substantiven, aber immer noch ein facettenreicher Prozess. Verben \u00e4ndern ihre Form je nach Zeitform, Stimmung, Stimme und der Person und Zahl des Subjekts. Wie ein fein abgestimmtes Instrument k\u00f6nnen rum\u00e4nische Verben eine breite Palette von Handlungen, Emotionen und Absichten vermitteln und erm\u00f6glichen sowohl einen pr\u00e4zisen als auch poetischen Ausdruck.<\/p>\n\n\n\n<h3 class=\"wp-block-heading\" id=\"h-4-flexible-word-order-shuffle-the-sentences\">4. Flexible Wortstellung: Mischen Sie die S\u00e4tze<\/h3>\n\n\n\n<p>Rum\u00e4nisch ist sehr flexibel, wenn es um die Wortstellung geht, so dass Sie Subjekte, Verben und Objekte auf verschiedene Weise anordnen k\u00f6nnen, ohne die Bedeutung zu beeintr\u00e4chtigen. Diese Flexibilit\u00e4t kann Akzente setzen, Kontraste schaffen oder einfach die Sprache ansprechender machen. Je besser Sie Rum\u00e4nisch beherrschen, desto mehr Spa\u00df werden Sie dabei haben, mit verschiedenen M\u00f6glichkeiten zu experimentieren, ein und dasselbe zu sagen und den perfekten Ton f\u00fcr jede Situation zu finden.<\/p>\n\n\n\n<h3 class=\"wp-block-heading\" id=\"h-5-wading-deeper-language-through-culture\">5. Tiefer waten: Sprache durch Kultur<\/h3>\n\n\n\n<p>Um Rum\u00e4nisch wirklich zu sch\u00e4tzen, m\u00fcssen Sie tiefer in die Kultur, Geschichte und Denkweise eintauchen, die die Sprache gepr\u00e4gt haben. Tauschen Sie sich mit Muttersprachlern aus, entdecken Sie rum\u00e4nische Literatur und tauchen Sie ein in lokale Br\u00e4uche und Traditionen. Dabei werden Sie <a href=\"https:\/\/talkpal.ai\/culture\/how-do-i-use-the-word-nicht-nur-sondern-auch\/\">nicht nur<\/a> Ihre <a href=\"https:\/\/talkpal.ai\/de\/sprachkenntnisse-durch-stipendien-und-austauschprogramme-verbessern\/\">Sprachkenntnisse verbessern<\/a>, sondern auch die facettenreiche Sch\u00f6nheit der rum\u00e4nischen Kultur entdecken.<\/p>\n\n\n\n<h3 class=\"wp-block-heading\" id=\"h-in-conclusion-embrace-the-magic-of-romanian-grammar\">Fazit: Lassen Sie sich von der Magie der rum\u00e4nischen Grammatik verzaubern<\/h3>\n\n\n\n<p>Die <a href=\"https:\/\/talkpal.ai\/de\/grammar\/zweiter-konditional-in-der-rumanischen-grammatik\/\">rum\u00e4nische Grammatik<\/a> mag auf den ersten Blick wie ein R\u00e4tsel erscheinen, aber mit Zeit, Geduld und einem ausgepr\u00e4gten Interesse an der Sprache werden Sie die Geheimnisse dieses bemerkenswerten sprachlichen Schatzes entschl\u00fcsseln. Warum also warten? Beginnen Sie noch heute Ihre rum\u00e4nische Sprachreise und sonnen Sie sich in der Sch\u00f6nheit der Grammatik, der Kultur und der faszinierenden Welt, die sich Ihnen er\u00f6ffnet.<\/p>\n<\/div><\/div>\n\r\n<section class=\"learnNavigationSection\">\r\n            \r\n        <a href=\"https:\/\/talkpal.ai\/de\/rumaenisch-lernen\/\">\r\n            <div class=\"learnNavigationWrapper\">\r\n                <div class=\"learnNavigationContent\">\r\n                    <img decoding=\"async\" src=\"https:\/\/talkpal.ai\/wp-content\/uploads\/2024\/08\/Romanian.jpg\" alt=\"Romanian Flag\">\r\n                    <div>\r\n                        <h4>\u00dcber Rum\u00e4nisch lernen<\/h4>\r\n                        <p>Erfahren Sie alles \u00fcber die rum\u00e4nische Grammatik.<\/p>\r\n                    <\/div>\r\n                <\/div>\r\n            <\/div>\r\n        <\/a>\r\n\r\n        \r\n        <a href=\"https:\/\/talkpal.ai\/de\/rumaenische-grammatikuebungen\/\">\r\n            <div class=\"learnNavigationWrapper\">\r\n                <div class=\"learnNavigationContent\">\r\n                    <img decoding=\"async\" src=\"https:\/\/talkpal.ai\/wp-content\/uploads\/2024\/08\/Romanian.jpg\" alt=\"Romanian Flag\">\r\n                    <div>\r\n                        <h4>\u00dcbung zur rum\u00e4nischen Grammatik<\/h4>\r\n                        <p>\u00dcbe die rum\u00e4nische Grammatik .<\/p>\r\n                    <\/div>\r\n                <\/div>\r\n            <\/div>\r\n        <\/a>\r\n\r\n        \r\n        <a href=\"https:\/\/talkpal.ai\/vocabulary_language\/romanian\/\">\r\n            <div class=\"learnNavigationWrapper\">\r\n                <div class=\"learnNavigationContent\">\r\n                    <img decoding=\"async\" src=\"https:\/\/talkpal.ai\/wp-content\/uploads\/2024\/08\/Romanian.jpg\" alt=\"Romanian Flag\">\r\n                    <div>\r\n                        <h4>Rum\u00e4nisch Wortschatz<\/h4>\r\n                        <p>Erweitern Sie Ihren rum\u00e4nischen Wortschatz.<\/p>\r\n                    <\/div>\r\n                <\/div>\r\n            <\/div>\r\n        <\/a>\r\n\r\n            <\/section>","protected":false},"excerpt":{"rendered":"<p>Den Geheimnissen der rum\u00e4nischen Grammatik auf der Spur Rum\u00e4nisch, die einzige romanische Sprache, die in Osteuropa gesprochen wird, bietet eine einzigartige und interessante Sprachreise. Rum\u00e4nisch \u00fcberspannt das kulturelle Erbe der lateinischen und slawischen Welt und hat eine faszinierende Geschichte und ein spannendes Grammatiksystem, das es zu erkunden gilt. Egal, ob Sie ein polyglotter Enthusiast sind [&hellip;]<\/p>\n","protected":false},"author":1,"featured_media":28605,"parent":0,"menu_order":0,"comment_status":"closed","ping_status":"closed","template":"LearningContentPage.php","meta":{"_acf_changed":false,"footnotes":""},"class_list":["post-73578","page","type-page","status-publish","has-post-thumbnail","hentry"],"acf":[],"yoast_head":"<!-- This site is optimized with the Yoast SEO Premium plugin v27.2 (Yoast SEO v27.2) - https:\/\/yoast.com\/product\/yoast-seo-premium-wordpress\/ -->\n<title>Rum\u00e4nische Grammatik - Talkpal<\/title>\n<meta name=\"description\" content=\"Erforschen Sie die faszinierende Welt der rum\u00e4nischen Grammatik und entdecken Sie die einzigartigen Merkmale dieser sch\u00f6nen romanischen Sprache.\" \/>\n<meta name=\"robots\" content=\"index, follow, max-snippet:-1, max-image-preview:large, max-video-preview:-1\" \/>\n<link rel=\"canonical\" href=\"https:\/\/talkpal.ai\/de\/rumaenische-grammatik\/\" \/>\n<meta property=\"og:locale\" content=\"de_DE\" \/>\n<meta property=\"og:type\" content=\"article\" \/>\n<meta property=\"og:title\" content=\"Rum\u00e4nische Grammatik\" \/>\n<meta property=\"og:description\" content=\"Den Geheimnissen der rum\u00e4nischen Grammatik auf der Spur Rum\u00e4nisch, die einzige romanische Sprache, die in Osteuropa gesprochen wird, bietet eine\" \/>\n<meta property=\"og:url\" content=\"https:\/\/talkpal.ai\/de\/rumaenische-grammatik\/\" \/>\n<meta property=\"og:site_name\" content=\"Talkpal\" \/>\n<meta property=\"article:publisher\" content=\"https:\/\/www.facebook.com\/profile.php?id=100090733639311\" \/>\n<meta property=\"article:modified_time\" content=\"2025-12-17T15:35:22+00:00\" \/>\n<meta property=\"og:image\" content=\"https:\/\/talkpal.ai\/wp-content\/uploads\/2023\/05\/romania.png\" \/>\n\t<meta property=\"og:image:width\" content=\"512\" \/>\n\t<meta property=\"og:image:height\" content=\"512\" \/>\n\t<meta property=\"og:image:type\" content=\"image\/png\" \/>\n<meta name=\"twitter:card\" content=\"summary_large_image\" \/>\n<meta name=\"twitter:site\" content=\"@talkpalai\" \/>\n<meta name=\"twitter:label1\" content=\"Gesch\u00e4tzte Lesezeit\" \/>\n\t<meta name=\"twitter:data1\" content=\"3\u00a0Minuten\" \/>\n<script type=\"application\/ld+json\" class=\"yoast-schema-graph\">{\"@context\":\"https:\/\/schema.org\",\"@graph\":[{\"@type\":\"WebPage\",\"@id\":\"https:\/\/talkpal.ai\/de\/rumaenische-grammatik\/\",\"url\":\"https:\/\/talkpal.ai\/de\/rumaenische-grammatik\/\",\"name\":\"Rum\u00e4nische Grammatik - Talkpal\",\"isPartOf\":{\"@id\":\"https:\/\/talkpal.ai\/de\/#website\"},\"primaryImageOfPage\":{\"@id\":\"https:\/\/talkpal.ai\/de\/rumaenische-grammatik\/#primaryimage\"},\"image\":{\"@id\":\"https:\/\/talkpal.ai\/de\/rumaenische-grammatik\/#primaryimage\"},\"thumbnailUrl\":\"https:\/\/talkpal.ai\/wp-content\/uploads\/2023\/05\/romania.png\",\"datePublished\":\"2023-05-14T14:19:07+00:00\",\"dateModified\":\"2025-12-17T15:35:22+00:00\",\"description\":\"Erforschen Sie die faszinierende Welt der rum\u00e4nischen Grammatik und entdecken Sie die einzigartigen Merkmale dieser sch\u00f6nen romanischen Sprache.\",\"breadcrumb\":{\"@id\":\"https:\/\/talkpal.ai\/de\/rumaenische-grammatik\/#breadcrumb\"},\"inLanguage\":\"de\",\"potentialAction\":[{\"@type\":\"ReadAction\",\"target\":[\"https:\/\/talkpal.ai\/de\/rumaenische-grammatik\/\"]}]},{\"@type\":\"ImageObject\",\"inLanguage\":\"de\",\"@id\":\"https:\/\/talkpal.ai\/de\/rumaenische-grammatik\/#primaryimage\",\"url\":\"https:\/\/talkpal.ai\/wp-content\/uploads\/2023\/05\/romania.png\",\"contentUrl\":\"https:\/\/talkpal.ai\/wp-content\/uploads\/2023\/05\/romania.png\",\"width\":512,\"height\":512},{\"@type\":\"BreadcrumbList\",\"@id\":\"https:\/\/talkpal.ai\/de\/rumaenische-grammatik\/#breadcrumb\",\"itemListElement\":[{\"@type\":\"ListItem\",\"position\":1,\"name\":\"Homepage\",\"item\":\"https:\/\/talkpal.ai\/de\/\"},{\"@type\":\"ListItem\",\"position\":2,\"name\":\"Rum\u00e4nische Grammatik\"}]},{\"@type\":\"WebSite\",\"@id\":\"https:\/\/talkpal.ai\/de\/#website\",\"url\":\"https:\/\/talkpal.ai\/de\/\",\"name\":\"Talkpal\",\"description\":\"AI Language Learning\",\"publisher\":{\"@id\":\"https:\/\/talkpal.ai\/de\/#organization\"},\"alternateName\":\"Talkpal AI\",\"potentialAction\":[{\"@type\":\"SearchAction\",\"target\":{\"@type\":\"EntryPoint\",\"urlTemplate\":\"https:\/\/talkpal.ai\/de\/?s={search_term_string}\"},\"query-input\":{\"@type\":\"PropertyValueSpecification\",\"valueRequired\":true,\"valueName\":\"search_term_string\"}}],\"inLanguage\":\"de\"},{\"@type\":\"Organization\",\"@id\":\"https:\/\/talkpal.ai\/de\/#organization\",\"name\":\"Talkpal, Inc.\",\"alternateName\":\"Talkpal AI\",\"url\":\"https:\/\/talkpal.ai\/de\/\",\"logo\":{\"@type\":\"ImageObject\",\"inLanguage\":\"de\",\"@id\":\"https:\/\/talkpal.ai\/de\/#\/schema\/logo\/image\/\",\"url\":\"https:\/\/talkpal.ai\/wp-content\/uploads\/2024\/03\/Talkpal-Logo-Icon.png\",\"contentUrl\":\"https:\/\/talkpal.ai\/wp-content\/uploads\/2024\/03\/Talkpal-Logo-Icon.png\",\"width\":2880,\"height\":2880,\"caption\":\"Talkpal, Inc.\"},\"image\":{\"@id\":\"https:\/\/talkpal.ai\/de\/#\/schema\/logo\/image\/\"},\"sameAs\":[\"https:\/\/www.facebook.com\/profile.php?id=100090733639311\",\"https:\/\/x.com\/talkpalai\",\"https:\/\/www.linkedin.com\/company\/talkpal\/\",\"https:\/\/www.youtube.com\/@TalkPal\/\",\"https:\/\/www.tiktok.com\/@talkpal\",\"https:\/\/www.instagram.com\/talkpal_ai\/\",\"https:\/\/www.crunchbase.com\/organization\/talkpal-9cde\",\"https:\/\/www.g2.com\/products\/talkpal-for-business\/\",\"https:\/\/www.trustpilot.com\/review\/talkpal.ai\",\"https:\/\/www.capterra.com\/p\/10006800\/TalkPal\/\"],\"description\":\"Talkpal is a language learning web and mobile education app, powered by the latest AI technologies, that provides engaging experiences to its customers in many different languages to help them improve their language skills. Users can chat about unlimited amount of topics with the app and use other modes to practice their language learning.\",\"email\":\"support@talkpal.ai\",\"legalName\":\"Talkpal, Inc.\",\"foundingDate\":\"2023-04-03\",\"duns\":\"118989042\",\"numberOfEmployees\":{\"@type\":\"QuantitativeValue\",\"minValue\":\"11\",\"maxValue\":\"50\"},\"publishingPrinciples\":\"https:\/\/talkpal.ai\/publishing-principles\/\",\"actionableFeedbackPolicy\":\"https:\/\/talkpal.ai\/actionable-feedback-policy\/\",\"correctionsPolicy\":\"https:\/\/talkpal.ai\/corrections-policy\/\",\"ethicsPolicy\":\"https:\/\/talkpal.ai\/ethics-policy\/\",\"diversityPolicy\":\"https:\/\/talkpal.ai\/diversity-policy\/\",\"diversityStaffingReport\":\"https:\/\/talkpal.ai\/diversity-policy\/\"}]}<\/script>\n<!-- \/ Yoast SEO Premium plugin. -->","yoast_head_json":{"title":"Rum\u00e4nische Grammatik - Talkpal","description":"Erforschen Sie die faszinierende Welt der rum\u00e4nischen Grammatik und entdecken Sie die einzigartigen Merkmale dieser sch\u00f6nen romanischen Sprache.","robots":{"index":"index","follow":"follow","max-snippet":"max-snippet:-1","max-image-preview":"max-image-preview:large","max-video-preview":"max-video-preview:-1"},"canonical":"https:\/\/talkpal.ai\/de\/rumaenische-grammatik\/","og_locale":"de_DE","og_type":"article","og_title":"Rum\u00e4nische Grammatik","og_description":"Den Geheimnissen der rum\u00e4nischen Grammatik auf der Spur Rum\u00e4nisch, die einzige romanische Sprache, die in Osteuropa gesprochen wird, bietet eine","og_url":"https:\/\/talkpal.ai\/de\/rumaenische-grammatik\/","og_site_name":"Talkpal","article_publisher":"https:\/\/www.facebook.com\/profile.php?id=100090733639311","article_modified_time":"2025-12-17T15:35:22+00:00","og_image":[{"width":512,"height":512,"url":"https:\/\/talkpal.ai\/wp-content\/uploads\/2023\/05\/romania.png","type":"image\/png"}],"twitter_card":"summary_large_image","twitter_site":"@talkpalai","twitter_misc":{"Gesch\u00e4tzte Lesezeit":"3\u00a0Minuten"},"schema":{"@context":"https:\/\/schema.org","@graph":[{"@type":"WebPage","@id":"https:\/\/talkpal.ai\/de\/rumaenische-grammatik\/","url":"https:\/\/talkpal.ai\/de\/rumaenische-grammatik\/","name":"Rum\u00e4nische Grammatik - Talkpal","isPartOf":{"@id":"https:\/\/talkpal.ai\/de\/#website"},"primaryImageOfPage":{"@id":"https:\/\/talkpal.ai\/de\/rumaenische-grammatik\/#primaryimage"},"image":{"@id":"https:\/\/talkpal.ai\/de\/rumaenische-grammatik\/#primaryimage"},"thumbnailUrl":"https:\/\/talkpal.ai\/wp-content\/uploads\/2023\/05\/romania.png","datePublished":"2023-05-14T14:19:07+00:00","dateModified":"2025-12-17T15:35:22+00:00","description":"Erforschen Sie die faszinierende Welt der rum\u00e4nischen Grammatik und entdecken Sie die einzigartigen Merkmale dieser sch\u00f6nen romanischen Sprache.","breadcrumb":{"@id":"https:\/\/talkpal.ai\/de\/rumaenische-grammatik\/#breadcrumb"},"inLanguage":"de","potentialAction":[{"@type":"ReadAction","target":["https:\/\/talkpal.ai\/de\/rumaenische-grammatik\/"]}]},{"@type":"ImageObject","inLanguage":"de","@id":"https:\/\/talkpal.ai\/de\/rumaenische-grammatik\/#primaryimage","url":"https:\/\/talkpal.ai\/wp-content\/uploads\/2023\/05\/romania.png","contentUrl":"https:\/\/talkpal.ai\/wp-content\/uploads\/2023\/05\/romania.png","width":512,"height":512},{"@type":"BreadcrumbList","@id":"https:\/\/talkpal.ai\/de\/rumaenische-grammatik\/#breadcrumb","itemListElement":[{"@type":"ListItem","position":1,"name":"Homepage","item":"https:\/\/talkpal.ai\/de\/"},{"@type":"ListItem","position":2,"name":"Rum\u00e4nische Grammatik"}]},{"@type":"WebSite","@id":"https:\/\/talkpal.ai\/de\/#website","url":"https:\/\/talkpal.ai\/de\/","name":"Talkpal","description":"AI Language Learning","publisher":{"@id":"https:\/\/talkpal.ai\/de\/#organization"},"alternateName":"Talkpal AI","potentialAction":[{"@type":"SearchAction","target":{"@type":"EntryPoint","urlTemplate":"https:\/\/talkpal.ai\/de\/?s={search_term_string}"},"query-input":{"@type":"PropertyValueSpecification","valueRequired":true,"valueName":"search_term_string"}}],"inLanguage":"de"},{"@type":"Organization","@id":"https:\/\/talkpal.ai\/de\/#organization","name":"Talkpal, Inc.","alternateName":"Talkpal AI","url":"https:\/\/talkpal.ai\/de\/","logo":{"@type":"ImageObject","inLanguage":"de","@id":"https:\/\/talkpal.ai\/de\/#\/schema\/logo\/image\/","url":"https:\/\/talkpal.ai\/wp-content\/uploads\/2024\/03\/Talkpal-Logo-Icon.png","contentUrl":"https:\/\/talkpal.ai\/wp-content\/uploads\/2024\/03\/Talkpal-Logo-Icon.png","width":2880,"height":2880,"caption":"Talkpal, Inc."},"image":{"@id":"https:\/\/talkpal.ai\/de\/#\/schema\/logo\/image\/"},"sameAs":["https:\/\/www.facebook.com\/profile.php?id=100090733639311","https:\/\/x.com\/talkpalai","https:\/\/www.linkedin.com\/company\/talkpal\/","https:\/\/www.youtube.com\/@TalkPal\/","https:\/\/www.tiktok.com\/@talkpal","https:\/\/www.instagram.com\/talkpal_ai\/","https:\/\/www.crunchbase.com\/organization\/talkpal-9cde","https:\/\/www.g2.com\/products\/talkpal-for-business\/","https:\/\/www.trustpilot.com\/review\/talkpal.ai","https:\/\/www.capterra.com\/p\/10006800\/TalkPal\/"],"description":"Talkpal is a language learning web and mobile education app, powered by the latest AI technologies, that provides engaging experiences to its customers in many different languages to help them improve their language skills. Users can chat about unlimited amount of topics with the app and use other modes to practice their language learning.","email":"support@talkpal.ai","legalName":"Talkpal, Inc.","foundingDate":"2023-04-03","duns":"118989042","numberOfEmployees":{"@type":"QuantitativeValue","minValue":"11","maxValue":"50"},"publishingPrinciples":"https:\/\/talkpal.ai\/publishing-principles\/","actionableFeedbackPolicy":"https:\/\/talkpal.ai\/actionable-feedback-policy\/","correctionsPolicy":"https:\/\/talkpal.ai\/corrections-policy\/","ethicsPolicy":"https:\/\/talkpal.ai\/ethics-policy\/","diversityPolicy":"https:\/\/talkpal.ai\/diversity-policy\/","diversityStaffingReport":"https:\/\/talkpal.ai\/diversity-policy\/"}]}},"_links":{"self":[{"href":"https:\/\/talkpal.ai\/de\/wp-json\/wp\/v2\/pages\/73578","targetHints":{"allow":["GET"]}}],"collection":[{"href":"https:\/\/talkpal.ai\/de\/wp-json\/wp\/v2\/pages"}],"about":[{"href":"https:\/\/talkpal.ai\/de\/wp-json\/wp\/v2\/types\/page"}],"author":[{"embeddable":true,"href":"https:\/\/talkpal.ai\/de\/wp-json\/wp\/v2\/users\/1"}],"replies":[{"embeddable":true,"href":"https:\/\/talkpal.ai\/de\/wp-json\/wp\/v2\/comments?post=73578"}],"version-history":[{"count":0,"href":"https:\/\/talkpal.ai\/de\/wp-json\/wp\/v2\/pages\/73578\/revisions"}],"wp:featuredmedia":[{"embeddable":true,"href":"https:\/\/talkpal.ai\/de\/wp-json\/wp\/v2\/media\/28605"}],"wp:attachment":[{"href":"https:\/\/talkpal.ai\/de\/wp-json\/wp\/v2\/media?parent=73578"}],"curies":[{"name":"wp","href":"https:\/\/api.w.org\/{rel}","templated":true}]}}