{"id":73559,"date":"2023-05-14T14:24:42","date_gmt":"2023-05-14T14:24:42","guid":{"rendered":"http:\/\/talkpal.ai\/thailaendische-grammatik\/"},"modified":"2025-12-13T15:48:51","modified_gmt":"2025-12-13T15:48:51","slug":"thailaendische-grammatik","status":"publish","type":"page","link":"https:\/\/talkpal.ai\/de\/thailaendische-grammatik\/","title":{"rendered":"Thail\u00e4ndische Grammatik"},"content":{"rendered":"\r\n\r\n\r\n<section class=\"languageChallengeSection\">\r\n    <div class=\"languageInfoWrapper\">\r\n        \r\n        <h1>Thail\u00e4ndische Grammatik<\/h1>\r\n        <p>Lernen Sie die <a href=\"https:\/\/talkpal.ai\/thai-grammar\/\">thail\u00e4ndische Grammatik<\/a> und erleben Sie die Sch\u00f6nheit einer Sprache, die sowohl logisch als auch ausdrucksstark ist. Beginnen Sie Ihre Reise und \u00f6ffnen Sie die T\u00fcr zu einer faszinierenden Art des Denkens und Sprechens!<\/p>\r\n\r\n                            <a class=\"getStartedHidden\" href=\"https:\/\/app.talkpal.ai\/de\/signup?lng=\">Leg los<\/a>\r\n        \r\n    <\/div>\r\n\r\n    <figure>\r\n    <img decoding=\"async\" width=\"768\" height=\"768\" src=\"https:\/\/talkpal.ai\/wp-content\/uploads\/2023\/06\/thai-768x768.png\" class=\"languageImage no-lazy\" alt=\"Default alt text\" fetchpriority=\"high\" sizes=\"(max-width: 768px) 150px, 768px\" srcset=\"https:\/\/talkpal.ai\/wp-content\/uploads\/2023\/06\/thai-768x768.png 768w, https:\/\/talkpal.ai\/wp-content\/uploads\/2023\/06\/thai-300x300.png 300w\" \/>\r\n    \r\n\r\n    <\/figure>\r\n\r\n            <a class=\"getStartedVisible\" href=\"https:\/\/app.talkpal.ai\/de\/signup?lng=\">Leg los<\/a>\r\n    \r\n<\/section>\r\n        <section class=\"grammarSection\">\r\n            <div class=\"grammarLinks\">\r\n                <a href=\"https:\/\/talkpal.ai\/de\/language\/adjektive-thailandische-grammatik\/\">Adjektive <\/a><a href=\"https:\/\/talkpal.ai\/de\/language\/adverbien-thailandische-grammatik\/\">Adverbien <\/a><a href=\"https:\/\/talkpal.ai\/de\/language\/artikel-thailandische-grammatik\/\">Artikel <\/a><a href=\"https:\/\/talkpal.ai\/de\/language\/konditionale-thailandische-grammatik\/\">Konditionale <\/a><a href=\"https:\/\/talkpal.ai\/de\/language\/perfekt-progressiv-thailandische-grammatik\/\">Perfekt Progressiv <\/a><a href=\"https:\/\/talkpal.ai\/de\/language\/prapositionen-thailandische-grammatik\/\">Pr\u00e4positionen <\/a><a href=\"https:\/\/talkpal.ai\/de\/language\/progressiv-thailandische-grammatik\/\">Progressiv <\/a><a href=\"https:\/\/talkpal.ai\/de\/language\/pronomen-determinanten-thailandische-grammatik\/\">Pronomen\/Determinanten <\/a><a href=\"https:\/\/talkpal.ai\/de\/language\/satze-thailandische-grammatik\/\">S\u00e4tze <\/a><a href=\"https:\/\/talkpal.ai\/de\/language\/substantive-thailandische-grammatik\/\">Substantive <\/a><a href=\"https:\/\/talkpal.ai\/de\/language\/verben-thailandische-grammatik\/\">Verben <\/a><a href=\"https:\/\/talkpal.ai\/de\/language\/zeitformen-thailandische-grammatik\/\">Zeitformen <\/a><a href=\"https:\/\/talkpal.ai\/de\/language\/zeitvergleich-thailandische-grammatik\/\">Zeitvergleich <\/a>            <\/div>\r\n        <\/section>\r\n    <section class=\"promotionalBanner\">\r\n    <p class=\"promotionalText\">Der effizienteste Weg, eine Sprache zu lernen<\/p>\r\n    <a class=\"promotionalLink\" href=\"https:\/\/app.talkpal.ai\/de\/signup?lng=\">Talkpal kostenlos<\/a>\r\n<\/section>\n<div class=\"wp-block-group pageContainerStyle\"><div class=\"wp-block-group__inner-container is-layout-constrained wp-block-group-is-layout-constrained\">\n<h2 class=\"wp-block-heading\" id=\"h-thai-grammar-exploring-a-unique-linguistic-world\">Thail\u00e4ndische Grammatik: Erkundung einer einzigartigen Sprachwelt<\/h2>\n\n\n\n<p>Thail\u00e4ndische <a href=\"https:\/\/talkpal.ai\/fr\/les\/\">Grammatik<\/a> &#8211; scheinbar r\u00e4tselhaft, exotisch und fesselnd. Wenn Sie sich auf den Weg machen, um die thail\u00e4ndische Sprache zu lernen, werden Sie vielleicht unerwartet von der Grammatik begeistert sein. Keine Angst, liebe Sprachforscher! Wir sind hier, um Sie bei diesem faszinierenden Abenteuer zu begleiten und zu unterst\u00fctzen!<\/p>\n\n\n\n<p>In diesem Artikel befassen wir uns mit den Kernaspekten der thail\u00e4ndischen Grammatik, schl\u00fcsseln die wichtigsten Konzepte auf, erkl\u00e4ren Regeln und vereinfachen sogar die Komplexit\u00e4t. Seien Sie dabei, wenn wir den Schleier \u00fcber die thail\u00e4ndische Grammatik l\u00fcften und Ihre Leidenschaft f\u00fcr diese wunderbar einzigartige Sprache entfachen!<\/p>\n\n\n\n<h3 class=\"wp-block-heading\" id=\"h-1-nouns-no-plurals-no-genders-no-worries\">1. Substantive: Kein Plural, kein Geschlecht, keine Sorgen!<\/h3>\n\n\n\n<p>Die Sch\u00f6nheit der thail\u00e4ndischen Grammatik liegt in ihrer Einfachheit in Bezug auf Substantive. Thail\u00e4ndische Substantive haben kein Geschlecht oder Pluralformen, wodurch sie leicht zu verwenden und zu verstehen sind. Um die Mehrzahl anzuzeigen, f\u00fcgen Sie einfach ein Mengenwort wie &#8222;viele&#8220; (\u0e21\u0e32\u0e01, m\u00e2ak) oder &#8222;einige&#8220; (\u0e1a\u0e49\u0e32\u0e07, b\u00e2ang) hinzu oder wiederholen das Substantiv, um die Pluralbedeutung zu betonen.<\/p>\n\n\n\n<h3 class=\"wp-block-heading\" id=\"h-2-pronouns-choose-wisely-based-on-politeness\">2. Pronomen: W\u00e4hlen Sie mit Bedacht auf der Grundlage von H\u00f6flichkeit<\/h3>\n\n\n\n<p>Die Wahl des richtigen Pronomens ist in der thail\u00e4ndischen Grammatik unerl\u00e4sslich, um Respekt und Demut zu zeigen. Die thail\u00e4ndischen Pronomen variieren je nach Geschlecht, Alter und Beziehung des Sprechers und des Zuh\u00f6rers. Zum Beispiel ist &#8222;\u0e09\u0e31\u0e19&#8220; (ch\u0103n) ein gebr\u00e4uchliches informelles Pronomen in der ersten Person, w\u00e4hrend &#8222;\u0e1c\u0e21&#8220; (p\u014fm) h\u00e4ufig von M\u00e4nnern in formelleren Situationen verwendet wird.<\/p>\n\n\n\n<p>Um die H\u00f6flichkeit zu wahren, verwenden Sie &#8222;\u0e04\u0e38\u0e13&#8220; (kun) f\u00fcr &#8222;Sie&#8220; und &#8222;\u0e40\u0e02\u0e32&#8220; (k\u0103o) f\u00fcr &#8222;er\/sie\/es&#8220;.<\/p>\n\n\n\n<h3 class=\"wp-block-heading\" id=\"h-3-verbs-no-conjugation-or-tenses-only-particles\">3. Verben: keine Konjugation oder Zeitformen, nur Partikel<\/h3>\n\n\n\n<p>In der thail\u00e4ndischen Grammatik bleiben die Verben unver\u00e4ndert, unabh\u00e4ngig von Zeitform, Stimmung oder Subjekt. Stattdessen verl\u00e4sst sich das Thail\u00e4ndische auf einfache W\u00f6rter, die als <a href=\"https:\/\/talkpal.ai\/ja\/grammar\/%e7%b2%92%e5%ad%90%e3%81%b8\/\">Partikel<\/a> bekannt sind, um die Zeitform oder die Haltung des Satzes anzuzeigen. Diese Partikel werden am Ende des Satzes platziert.<\/p>\n\n\n\n<p>Zum Beispiel zeigt die Partikel &#8222;\u0e41\u0e25\u0e49\u0e27&#8220; (l\u00e1ew) die Vergangenheitsform oder eine abgeschlossene Handlung an, und &#8222;\u0e01\u0e33\u0e25\u0e31\u0e07&#8220; (gam-lang) wird f\u00fcr laufende Handlungen verwendet. Daher bedeutet &#8222;\u0e40\u0e02\u0e32\u0e01\u0e34\u0e19&#8220; (k\u0103o gin) &#8222;er\/sie isst&#8220;, w\u00e4hrend &#8222;\u0e40\u0e02\u0e32\u0e01\u0e34\u0e19\u0e41\u0e25\u0e49\u0e27&#8220; (k\u0103o gin l\u00e1ew) &#8222;er\/sie a\u00df&#8220; bedeutet.<\/p>\n\n\n\n<h3 class=\"wp-block-heading\" id=\"h-4-sentence-structure-clear-and-straightforward\">4. Satzbau: Klar und unkompliziert<\/h3>\n\n\n\n<p>Die thail\u00e4ndische Grammatik folgt einer Subjekt-Verb-Objekt-Satzstruktur (SVO), \u00e4hnlich wie im Englischen, was das Verst\u00e4ndnis f\u00fcr Englischsprachige vereinfacht. Die Hauptregel ist, dass Adjektive, <a href=\"https:\/\/talkpal.ai\/ar\/grammar_exercises\/adverbien-%d8%aa%d9%85%d8%a7%d8%b1%d9%8a%d9%86-%d9%84%d9%84%d9%82%d9%88%d8%a7%d8%b9%d8%af-%d8%a7%d9%84%d8%a3%d9%84%d9%85%d8%a7%d9%86%d9%8a%d8%a9\/\">Adverbien<\/a> und andere beschreibende W\u00f6rter dem Substantiv oder Verb folgen, das sie beschreiben.<\/p>\n\n\n\n<p>Zum Beispiel bedeutet &#8222;\u0e1c\u0e21\u0e0a\u0e2d\u0e1a\u0e2b\u0e19\u0e31\u0e07\u0e2a\u0e37\u0e2d\u0e19\u0e35\u0e49&#8220; (p\u014fm ch\u00e2wp n\u0103ng s\u011bu n\u00e9e) \u00fcbersetzt &#8222;Ich (Subjekt) mag (Verb) dieses Buch (Objekt)&#8220;.<\/p>\n\n\n\n<h3 class=\"wp-block-heading\" id=\"h-5-immerse-yourself-in-thai-practice-makes-perfect\">5. Tauchen Sie ein in Thai: \u00dcbung macht den Meister<\/h3>\n\n\n\n<p>Das Verst\u00e4ndnis und die Beherrschung der thail\u00e4ndischen Grammatik mag zun\u00e4chst schwierig erscheinen, aber der Schl\u00fcssel ist Beharrlichkeit und konsequentes \u00dcben. Sprechen Sie alle Ihre Sinne an, indem Sie in die Sprache eintauchen, lesen, schreiben, h\u00f6ren und sich mit Muttersprachlern unterhalten. Je mehr du mit der thail\u00e4ndischen Grammatik in Ber\u00fchrung kommst, desto vertrauter und angenehmer werden sich diese exotischen Konzepte anf\u00fchlen.<\/p>\n\n\n\n<p>Sind Sie bereit, in die faszinierende Welt der thail\u00e4ndischen Grammatik einzutauchen? Nehmen Sie die Herausforderung und die einzigartigen Merkmale der thail\u00e4ndischen Grammatik an und mit Zeit, Hingabe und Abenteuerlust k\u00f6nnen Sie die fesselnde Sch\u00f6nheit der thail\u00e4ndischen Sprache entdecken.<\/p>\n<\/div><\/div>\n\r\n<section class=\"learnNavigationSection\">\r\n            \r\n        <a href=\"https:\/\/talkpal.ai\/de\/thailaendisch-lernen\/\">\r\n            <div class=\"learnNavigationWrapper\">\r\n                <div class=\"learnNavigationContent\">\r\n                    <img decoding=\"async\" src=\"https:\/\/talkpal.ai\/wp-content\/uploads\/2024\/08\/Thai.jpg\" alt=\"Thai Flag\">\r\n                    <div>\r\n                        <h4>\u00dcber Thai Learning<\/h4>\r\n                        <p>Erfahren Sie alles \u00fcber die thail\u00e4ndische Grammatik.<\/p>\r\n                    <\/div>\r\n                <\/div>\r\n            <\/div>\r\n        <\/a>\r\n\r\n        \r\n        <a href=\"https:\/\/talkpal.ai\/de\/thailaendische-grammatikuebungen\/\">\r\n            <div class=\"learnNavigationWrapper\">\r\n                <div class=\"learnNavigationContent\">\r\n                    <img decoding=\"async\" src=\"https:\/\/talkpal.ai\/wp-content\/uploads\/2024\/08\/Thai.jpg\" alt=\"Thai Flag\">\r\n                    <div>\r\n                        <h4>Thail\u00e4ndische Grammatik \u00dcbung<\/h4>\r\n                        <p>\u00dcbe die thail\u00e4ndische Grammatik .<\/p>\r\n                    <\/div>\r\n                <\/div>\r\n            <\/div>\r\n        <\/a>\r\n\r\n        \r\n        <a href=\"https:\/\/talkpal.ai\/vocabulary_language\/thai\/\">\r\n            <div class=\"learnNavigationWrapper\">\r\n                <div class=\"learnNavigationContent\">\r\n                    <img decoding=\"async\" src=\"https:\/\/talkpal.ai\/wp-content\/uploads\/2024\/08\/Thai.jpg\" alt=\"Thai Flag\">\r\n                    <div>\r\n                        <h4>Thail\u00e4ndischer Wortschatz<\/h4>\r\n                        <p>Erweitern Sie Ihr Thai-Vokabular.<\/p>\r\n                    <\/div>\r\n                <\/div>\r\n            <\/div>\r\n        <\/a>\r\n\r\n            <\/section>","protected":false},"excerpt":{"rendered":"<p>Thail\u00e4ndische Grammatik: Erkundung einer einzigartigen Sprachwelt Thail\u00e4ndische Grammatik &#8211; scheinbar r\u00e4tselhaft, exotisch und fesselnd. Wenn Sie sich auf den Weg machen, um die thail\u00e4ndische Sprache zu lernen, werden Sie vielleicht unerwartet von der Grammatik begeistert sein. Keine Angst, liebe Sprachforscher! Wir sind hier, um Sie bei diesem faszinierenden Abenteuer zu begleiten und zu unterst\u00fctzen! In [&hellip;]<\/p>\n","protected":false},"author":1,"featured_media":28733,"parent":0,"menu_order":0,"comment_status":"closed","ping_status":"closed","template":"LearningContentPage.php","meta":{"_acf_changed":false,"footnotes":""},"class_list":["post-73559","page","type-page","status-publish","has-post-thumbnail","hentry"],"acf":[],"yoast_head":"<!-- This site is optimized with the Yoast SEO Premium plugin v27.2 (Yoast SEO v27.2) - https:\/\/yoast.com\/product\/yoast-seo-premium-wordpress\/ -->\n<title>Thail\u00e4ndische Grammatik - Talkpal<\/title>\n<meta name=\"description\" content=\"Entdecken Sie die faszinierende Welt der thail\u00e4ndischen Grammatik. Entdecken Sie die Einfachheit und die einzigartigen Funktionen, die das Lernen zum Vergn\u00fcgen machen.\" \/>\n<meta name=\"robots\" content=\"index, follow, max-snippet:-1, max-image-preview:large, max-video-preview:-1\" \/>\n<link rel=\"canonical\" href=\"https:\/\/talkpal.ai\/de\/thailaendische-grammatik\/\" \/>\n<meta property=\"og:locale\" content=\"de_DE\" \/>\n<meta property=\"og:type\" content=\"article\" \/>\n<meta property=\"og:title\" content=\"Thail\u00e4ndische Grammatik\" \/>\n<meta property=\"og:description\" content=\"Thail\u00e4ndische Grammatik: Erkundung einer einzigartigen Sprachwelt Thail\u00e4ndische Grammatik - scheinbar r\u00e4tselhaft, exotisch und fesselnd. Wenn Sie sich auf\" \/>\n<meta property=\"og:url\" content=\"https:\/\/talkpal.ai\/de\/thailaendische-grammatik\/\" \/>\n<meta property=\"og:site_name\" content=\"Talkpal\" \/>\n<meta property=\"article:publisher\" content=\"https:\/\/www.facebook.com\/profile.php?id=100090733639311\" \/>\n<meta property=\"article:modified_time\" content=\"2025-12-13T15:48:51+00:00\" \/>\n<meta property=\"og:image\" content=\"https:\/\/talkpal.ai\/wp-content\/uploads\/2023\/05\/thailand.png\" \/>\n\t<meta property=\"og:image:width\" content=\"512\" \/>\n\t<meta property=\"og:image:height\" content=\"512\" \/>\n\t<meta property=\"og:image:type\" content=\"image\/png\" \/>\n<meta name=\"twitter:card\" content=\"summary_large_image\" \/>\n<meta name=\"twitter:site\" content=\"@talkpalai\" \/>\n<meta name=\"twitter:label1\" content=\"Gesch\u00e4tzte Lesezeit\" \/>\n\t<meta name=\"twitter:data1\" content=\"3\u00a0Minuten\" \/>\n<script type=\"application\/ld+json\" class=\"yoast-schema-graph\">{\"@context\":\"https:\/\/schema.org\",\"@graph\":[{\"@type\":\"WebPage\",\"@id\":\"https:\/\/talkpal.ai\/de\/thailaendische-grammatik\/\",\"url\":\"https:\/\/talkpal.ai\/de\/thailaendische-grammatik\/\",\"name\":\"Thail\u00e4ndische Grammatik - Talkpal\",\"isPartOf\":{\"@id\":\"https:\/\/talkpal.ai\/de\/#website\"},\"primaryImageOfPage\":{\"@id\":\"https:\/\/talkpal.ai\/de\/thailaendische-grammatik\/#primaryimage\"},\"image\":{\"@id\":\"https:\/\/talkpal.ai\/de\/thailaendische-grammatik\/#primaryimage\"},\"thumbnailUrl\":\"https:\/\/talkpal.ai\/wp-content\/uploads\/2023\/05\/thailand.png\",\"datePublished\":\"2023-05-14T14:24:42+00:00\",\"dateModified\":\"2025-12-13T15:48:51+00:00\",\"description\":\"Entdecken Sie die faszinierende Welt der thail\u00e4ndischen Grammatik. Entdecken Sie die Einfachheit und die einzigartigen Funktionen, die das Lernen zum Vergn\u00fcgen machen.\",\"breadcrumb\":{\"@id\":\"https:\/\/talkpal.ai\/de\/thailaendische-grammatik\/#breadcrumb\"},\"inLanguage\":\"de\",\"potentialAction\":[{\"@type\":\"ReadAction\",\"target\":[\"https:\/\/talkpal.ai\/de\/thailaendische-grammatik\/\"]}]},{\"@type\":\"ImageObject\",\"inLanguage\":\"de\",\"@id\":\"https:\/\/talkpal.ai\/de\/thailaendische-grammatik\/#primaryimage\",\"url\":\"https:\/\/talkpal.ai\/wp-content\/uploads\/2023\/05\/thailand.png\",\"contentUrl\":\"https:\/\/talkpal.ai\/wp-content\/uploads\/2023\/05\/thailand.png\",\"width\":512,\"height\":512},{\"@type\":\"BreadcrumbList\",\"@id\":\"https:\/\/talkpal.ai\/de\/thailaendische-grammatik\/#breadcrumb\",\"itemListElement\":[{\"@type\":\"ListItem\",\"position\":1,\"name\":\"Homepage\",\"item\":\"https:\/\/talkpal.ai\/de\/\"},{\"@type\":\"ListItem\",\"position\":2,\"name\":\"Thail\u00e4ndische Grammatik\"}]},{\"@type\":\"WebSite\",\"@id\":\"https:\/\/talkpal.ai\/de\/#website\",\"url\":\"https:\/\/talkpal.ai\/de\/\",\"name\":\"Talkpal\",\"description\":\"AI Language Learning\",\"publisher\":{\"@id\":\"https:\/\/talkpal.ai\/de\/#organization\"},\"alternateName\":\"Talkpal AI\",\"potentialAction\":[{\"@type\":\"SearchAction\",\"target\":{\"@type\":\"EntryPoint\",\"urlTemplate\":\"https:\/\/talkpal.ai\/de\/?s={search_term_string}\"},\"query-input\":{\"@type\":\"PropertyValueSpecification\",\"valueRequired\":true,\"valueName\":\"search_term_string\"}}],\"inLanguage\":\"de\"},{\"@type\":\"Organization\",\"@id\":\"https:\/\/talkpal.ai\/de\/#organization\",\"name\":\"Talkpal, Inc.\",\"alternateName\":\"Talkpal AI\",\"url\":\"https:\/\/talkpal.ai\/de\/\",\"logo\":{\"@type\":\"ImageObject\",\"inLanguage\":\"de\",\"@id\":\"https:\/\/talkpal.ai\/de\/#\/schema\/logo\/image\/\",\"url\":\"https:\/\/talkpal.ai\/wp-content\/uploads\/2024\/03\/Talkpal-Logo-Icon.png\",\"contentUrl\":\"https:\/\/talkpal.ai\/wp-content\/uploads\/2024\/03\/Talkpal-Logo-Icon.png\",\"width\":2880,\"height\":2880,\"caption\":\"Talkpal, Inc.\"},\"image\":{\"@id\":\"https:\/\/talkpal.ai\/de\/#\/schema\/logo\/image\/\"},\"sameAs\":[\"https:\/\/www.facebook.com\/profile.php?id=100090733639311\",\"https:\/\/x.com\/talkpalai\",\"https:\/\/www.linkedin.com\/company\/talkpal\/\",\"https:\/\/www.youtube.com\/@TalkPal\/\",\"https:\/\/www.tiktok.com\/@talkpal\",\"https:\/\/www.instagram.com\/talkpal_ai\/\",\"https:\/\/www.crunchbase.com\/organization\/talkpal-9cde\",\"https:\/\/www.g2.com\/products\/talkpal-for-business\/\",\"https:\/\/www.trustpilot.com\/review\/talkpal.ai\",\"https:\/\/www.capterra.com\/p\/10006800\/TalkPal\/\"],\"description\":\"Talkpal is a language learning web and mobile education app, powered by the latest AI technologies, that provides engaging experiences to its customers in many different languages to help them improve their language skills. Users can chat about unlimited amount of topics with the app and use other modes to practice their language learning.\",\"email\":\"support@talkpal.ai\",\"legalName\":\"Talkpal, Inc.\",\"foundingDate\":\"2023-04-03\",\"duns\":\"118989042\",\"numberOfEmployees\":{\"@type\":\"QuantitativeValue\",\"minValue\":\"11\",\"maxValue\":\"50\"},\"publishingPrinciples\":\"https:\/\/talkpal.ai\/publishing-principles\/\",\"actionableFeedbackPolicy\":\"https:\/\/talkpal.ai\/actionable-feedback-policy\/\",\"correctionsPolicy\":\"https:\/\/talkpal.ai\/corrections-policy\/\",\"ethicsPolicy\":\"https:\/\/talkpal.ai\/ethics-policy\/\",\"diversityPolicy\":\"https:\/\/talkpal.ai\/diversity-policy\/\",\"diversityStaffingReport\":\"https:\/\/talkpal.ai\/diversity-policy\/\"}]}<\/script>\n<!-- \/ Yoast SEO Premium plugin. -->","yoast_head_json":{"title":"Thail\u00e4ndische Grammatik - Talkpal","description":"Entdecken Sie die faszinierende Welt der thail\u00e4ndischen Grammatik. Entdecken Sie die Einfachheit und die einzigartigen Funktionen, die das Lernen zum Vergn\u00fcgen machen.","robots":{"index":"index","follow":"follow","max-snippet":"max-snippet:-1","max-image-preview":"max-image-preview:large","max-video-preview":"max-video-preview:-1"},"canonical":"https:\/\/talkpal.ai\/de\/thailaendische-grammatik\/","og_locale":"de_DE","og_type":"article","og_title":"Thail\u00e4ndische Grammatik","og_description":"Thail\u00e4ndische Grammatik: Erkundung einer einzigartigen Sprachwelt Thail\u00e4ndische Grammatik - scheinbar r\u00e4tselhaft, exotisch und fesselnd. Wenn Sie sich auf","og_url":"https:\/\/talkpal.ai\/de\/thailaendische-grammatik\/","og_site_name":"Talkpal","article_publisher":"https:\/\/www.facebook.com\/profile.php?id=100090733639311","article_modified_time":"2025-12-13T15:48:51+00:00","og_image":[{"width":512,"height":512,"url":"https:\/\/talkpal.ai\/wp-content\/uploads\/2023\/05\/thailand.png","type":"image\/png"}],"twitter_card":"summary_large_image","twitter_site":"@talkpalai","twitter_misc":{"Gesch\u00e4tzte Lesezeit":"3\u00a0Minuten"},"schema":{"@context":"https:\/\/schema.org","@graph":[{"@type":"WebPage","@id":"https:\/\/talkpal.ai\/de\/thailaendische-grammatik\/","url":"https:\/\/talkpal.ai\/de\/thailaendische-grammatik\/","name":"Thail\u00e4ndische Grammatik - Talkpal","isPartOf":{"@id":"https:\/\/talkpal.ai\/de\/#website"},"primaryImageOfPage":{"@id":"https:\/\/talkpal.ai\/de\/thailaendische-grammatik\/#primaryimage"},"image":{"@id":"https:\/\/talkpal.ai\/de\/thailaendische-grammatik\/#primaryimage"},"thumbnailUrl":"https:\/\/talkpal.ai\/wp-content\/uploads\/2023\/05\/thailand.png","datePublished":"2023-05-14T14:24:42+00:00","dateModified":"2025-12-13T15:48:51+00:00","description":"Entdecken Sie die faszinierende Welt der thail\u00e4ndischen Grammatik. Entdecken Sie die Einfachheit und die einzigartigen Funktionen, die das Lernen zum Vergn\u00fcgen machen.","breadcrumb":{"@id":"https:\/\/talkpal.ai\/de\/thailaendische-grammatik\/#breadcrumb"},"inLanguage":"de","potentialAction":[{"@type":"ReadAction","target":["https:\/\/talkpal.ai\/de\/thailaendische-grammatik\/"]}]},{"@type":"ImageObject","inLanguage":"de","@id":"https:\/\/talkpal.ai\/de\/thailaendische-grammatik\/#primaryimage","url":"https:\/\/talkpal.ai\/wp-content\/uploads\/2023\/05\/thailand.png","contentUrl":"https:\/\/talkpal.ai\/wp-content\/uploads\/2023\/05\/thailand.png","width":512,"height":512},{"@type":"BreadcrumbList","@id":"https:\/\/talkpal.ai\/de\/thailaendische-grammatik\/#breadcrumb","itemListElement":[{"@type":"ListItem","position":1,"name":"Homepage","item":"https:\/\/talkpal.ai\/de\/"},{"@type":"ListItem","position":2,"name":"Thail\u00e4ndische Grammatik"}]},{"@type":"WebSite","@id":"https:\/\/talkpal.ai\/de\/#website","url":"https:\/\/talkpal.ai\/de\/","name":"Talkpal","description":"AI Language Learning","publisher":{"@id":"https:\/\/talkpal.ai\/de\/#organization"},"alternateName":"Talkpal AI","potentialAction":[{"@type":"SearchAction","target":{"@type":"EntryPoint","urlTemplate":"https:\/\/talkpal.ai\/de\/?s={search_term_string}"},"query-input":{"@type":"PropertyValueSpecification","valueRequired":true,"valueName":"search_term_string"}}],"inLanguage":"de"},{"@type":"Organization","@id":"https:\/\/talkpal.ai\/de\/#organization","name":"Talkpal, Inc.","alternateName":"Talkpal AI","url":"https:\/\/talkpal.ai\/de\/","logo":{"@type":"ImageObject","inLanguage":"de","@id":"https:\/\/talkpal.ai\/de\/#\/schema\/logo\/image\/","url":"https:\/\/talkpal.ai\/wp-content\/uploads\/2024\/03\/Talkpal-Logo-Icon.png","contentUrl":"https:\/\/talkpal.ai\/wp-content\/uploads\/2024\/03\/Talkpal-Logo-Icon.png","width":2880,"height":2880,"caption":"Talkpal, Inc."},"image":{"@id":"https:\/\/talkpal.ai\/de\/#\/schema\/logo\/image\/"},"sameAs":["https:\/\/www.facebook.com\/profile.php?id=100090733639311","https:\/\/x.com\/talkpalai","https:\/\/www.linkedin.com\/company\/talkpal\/","https:\/\/www.youtube.com\/@TalkPal\/","https:\/\/www.tiktok.com\/@talkpal","https:\/\/www.instagram.com\/talkpal_ai\/","https:\/\/www.crunchbase.com\/organization\/talkpal-9cde","https:\/\/www.g2.com\/products\/talkpal-for-business\/","https:\/\/www.trustpilot.com\/review\/talkpal.ai","https:\/\/www.capterra.com\/p\/10006800\/TalkPal\/"],"description":"Talkpal is a language learning web and mobile education app, powered by the latest AI technologies, that provides engaging experiences to its customers in many different languages to help them improve their language skills. Users can chat about unlimited amount of topics with the app and use other modes to practice their language learning.","email":"support@talkpal.ai","legalName":"Talkpal, Inc.","foundingDate":"2023-04-03","duns":"118989042","numberOfEmployees":{"@type":"QuantitativeValue","minValue":"11","maxValue":"50"},"publishingPrinciples":"https:\/\/talkpal.ai\/publishing-principles\/","actionableFeedbackPolicy":"https:\/\/talkpal.ai\/actionable-feedback-policy\/","correctionsPolicy":"https:\/\/talkpal.ai\/corrections-policy\/","ethicsPolicy":"https:\/\/talkpal.ai\/ethics-policy\/","diversityPolicy":"https:\/\/talkpal.ai\/diversity-policy\/","diversityStaffingReport":"https:\/\/talkpal.ai\/diversity-policy\/"}]}},"_links":{"self":[{"href":"https:\/\/talkpal.ai\/de\/wp-json\/wp\/v2\/pages\/73559","targetHints":{"allow":["GET"]}}],"collection":[{"href":"https:\/\/talkpal.ai\/de\/wp-json\/wp\/v2\/pages"}],"about":[{"href":"https:\/\/talkpal.ai\/de\/wp-json\/wp\/v2\/types\/page"}],"author":[{"embeddable":true,"href":"https:\/\/talkpal.ai\/de\/wp-json\/wp\/v2\/users\/1"}],"replies":[{"embeddable":true,"href":"https:\/\/talkpal.ai\/de\/wp-json\/wp\/v2\/comments?post=73559"}],"version-history":[{"count":0,"href":"https:\/\/talkpal.ai\/de\/wp-json\/wp\/v2\/pages\/73559\/revisions"}],"wp:featuredmedia":[{"embeddable":true,"href":"https:\/\/talkpal.ai\/de\/wp-json\/wp\/v2\/media\/28733"}],"wp:attachment":[{"href":"https:\/\/talkpal.ai\/de\/wp-json\/wp\/v2\/media?parent=73559"}],"curies":[{"name":"wp","href":"https:\/\/api.w.org\/{rel}","templated":true}]}}