{"id":73488,"date":"2023-06-16T13:10:39","date_gmt":"2023-06-16T13:10:39","guid":{"rendered":"http:\/\/talkpal.ai\/tschechische-grammatikuebungen\/"},"modified":"2025-12-17T16:28:52","modified_gmt":"2025-12-17T16:28:52","slug":"tschechische-grammatikuebungen","status":"publish","type":"page","link":"https:\/\/talkpal.ai\/de\/tschechische-grammatikuebungen\/","title":{"rendered":"Tschechische Grammatik\u00fcbungen"},"content":{"rendered":"\r\n\r\n\r\n<section class=\"languageChallengeSection\">\r\n    <div class=\"languageInfoWrapper\">\r\n        \r\n        <h1>Tschechische Grammatik\u00fcbungen<\/h1>\r\n        <p>Sind Sie bereit, Ihre Tschechischkenntnisse zu verbessern? Grammatik\u00fcbungen sind der perfekte Weg, um die Satzstruktur, die Endungen der Verben und die charakteristischen Muster der tschechischen Sprache zu beherrschen. Fangen Sie noch heute an, an der tschechischen <a href=\"https:\/\/talkpal.ai\/fr\/les\/\">Grammatik<\/a> zu arbeiten, und beobachten Sie, wie Ihr Selbstvertrauen und Ihre Sprachgewandtheit mit jeder \u00dcbung wachsen!\n\n<\/p>\r\n\r\n                            <a class=\"getStartedHidden\" href=\"https:\/\/app.talkpal.ai\/de\/signup?lng=\">Leg los<\/a>\r\n        \r\n    <\/div>\r\n\r\n    <figure>\r\n    <img decoding=\"async\" width=\"768\" height=\"768\" src=\"https:\/\/talkpal.ai\/wp-content\/uploads\/2023\/06\/Czech-768x768.png\" class=\"languageImage no-lazy\" alt=\"Default alt text\" fetchpriority=\"high\" sizes=\"(max-width: 768px) 150px, 768px\" srcset=\"https:\/\/talkpal.ai\/wp-content\/uploads\/2023\/06\/Czech-768x768.png 768w, https:\/\/talkpal.ai\/wp-content\/uploads\/2023\/06\/Czech-300x300.png 300w\" \/>\r\n    \r\n\r\n    <\/figure>\r\n\r\n            <a class=\"getStartedVisible\" href=\"https:\/\/app.talkpal.ai\/de\/signup?lng=\">Leg los<\/a>\r\n    \r\n<\/section>\r\n\r\n\r\n<!-- <section class=\"grammarSection\">\r\n    <div class=\"grammarLinks\">\r\n        <a href=\"https:\/\/talkpal.ai\/de\/exercise_language\/adjektive-tschechische-grammatik\/\">Adjektive <\/a><a href=\"https:\/\/talkpal.ai\/de\/exercise_language\/adverbien-tschechische-grammatik\/\">Adverbien <\/a><a href=\"https:\/\/talkpal.ai\/de\/exercise_language\/artikel-tschechische-grammatik\/\">Artikel <\/a><a href=\"https:\/\/talkpal.ai\/de\/exercise_language\/konditionale-tschechische-grammatik\/\">Konditionale <\/a><a href=\"https:\/\/talkpal.ai\/de\/exercise_language\/perfekt-progressiv-tschechische-grammatik\/\">Perfekt Progressiv <\/a><a href=\"https:\/\/talkpal.ai\/de\/exercise_language\/prapositionen-tschechische-grammatik\/\">Pr\u00e4positionen <\/a><a href=\"https:\/\/talkpal.ai\/de\/exercise_language\/progressiv-tschechische-grammatik\/\">Progressiv \u2013 Tschechische Grammatik<\/a><a href=\"https:\/\/talkpal.ai\/de\/exercise_language\/pronomen-determinanten-tschechische-grammatik\/\">Pronomen\/Determinanten \u2013 Tschechische Grammatik<\/a><a href=\"https:\/\/talkpal.ai\/de\/exercise_language\/satze-tschechische-grammatik\/\">S\u00e4tze \u2013 Tschechische Grammatik<\/a><a href=\"https:\/\/talkpal.ai\/de\/exercise_language\/substantive-tschechische-grammatik\/\">Substantive <\/a><a href=\"https:\/\/talkpal.ai\/de\/exercise_language\/verben-tschechische-grammatik\/\">Verben \u2013 Tschechische Grammatik<\/a><a href=\"https:\/\/talkpal.ai\/de\/exercise_language\/zeitformen-tschechische-grammatik\/\">Zeitformen \u2013 Tschechische Grammatik<\/a><a href=\"https:\/\/talkpal.ai\/de\/exercise_language\/zeitvergleich-tschechische-grammatik\/\">Zeitvergleich \u2013 Tschechische Grammatik<\/a>    <\/div>\r\n<\/section> -->\r\n\r\n\r\n\r\n\r\n        <section class=\"grammarSection\">\r\n            <div class=\"grammarLinks\">\r\n                <a href=\"https:\/\/talkpal.ai\/de\/exercise_language\/adjektive-tschechische-grammatik\/\">Adjektive <\/a><a href=\"https:\/\/talkpal.ai\/de\/exercise_language\/adverbien-tschechische-grammatik\/\">Adverbien <\/a><a href=\"https:\/\/talkpal.ai\/de\/exercise_language\/artikel-tschechische-grammatik\/\">Artikel <\/a><a href=\"https:\/\/talkpal.ai\/de\/exercise_language\/konditionale-tschechische-grammatik\/\">Konditionale <\/a><a href=\"https:\/\/talkpal.ai\/de\/exercise_language\/perfekt-progressiv-tschechische-grammatik\/\">Perfekt Progressiv <\/a><a href=\"https:\/\/talkpal.ai\/de\/exercise_language\/prapositionen-tschechische-grammatik\/\">Pr\u00e4positionen <\/a><a href=\"https:\/\/talkpal.ai\/de\/exercise_language\/progressiv-tschechische-grammatik\/\">Progressiv \u2013 Tschechische Grammatik<\/a><a href=\"https:\/\/talkpal.ai\/de\/exercise_language\/pronomen-determinanten-tschechische-grammatik\/\">Pronomen\/Determinanten \u2013 Tschechische Grammatik<\/a><a href=\"https:\/\/talkpal.ai\/de\/exercise_language\/satze-tschechische-grammatik\/\">S\u00e4tze \u2013 Tschechische Grammatik<\/a><a href=\"https:\/\/talkpal.ai\/de\/exercise_language\/substantive-tschechische-grammatik\/\">Substantive <\/a><a href=\"https:\/\/talkpal.ai\/de\/exercise_language\/verben-tschechische-grammatik\/\">Verben \u2013 Tschechische Grammatik<\/a><a href=\"https:\/\/talkpal.ai\/de\/exercise_language\/zeitformen-tschechische-grammatik\/\">Zeitformen \u2013 Tschechische Grammatik<\/a><a href=\"https:\/\/talkpal.ai\/de\/exercise_language\/zeitvergleich-tschechische-grammatik\/\">Zeitvergleich \u2013 Tschechische Grammatik<\/a>            <\/div>\r\n        <\/section>\r\n<section class=\"promotionalBanner\">\r\n    <p class=\"promotionalText\">Der effizienteste Weg, eine Sprache zu lernen<\/p>\r\n    <a class=\"promotionalLink\" href=\"https:\/\/app.talkpal.ai\/de\/signup?lng=\">Talkpal kostenlos<\/a>\r\n<\/section>\n<div class=\"wp-block-group pageContainerStyle\"><div class=\"wp-block-group__inner-container is-layout-constrained wp-block-group-is-layout-constrained\">\n<h2 class=\"wp-block-heading\" id=\"h-czech-grammar-topics\">Themen der tschechischen Grammatik<\/h2>\n\n\n\n<p>Das Erlernen einer neuen Sprache kann eine aufregende und bereichernde Erfahrung sein, und die <a href=\"https:\/\/talkpal.ai\/de\/wie-klingt-tschechisch-so-hort-sich-die-tschechische-sprache-an\/\">tschechische Sprache<\/a> ist da keine Ausnahme. Mit ihrer reichen Geschichte und ihrem einzigartigen slawischen Charme bietet die tschechische Sprache den Lernenden ein Tor zum Herzen Mitteleuropas. Um das Beste aus Ihrer tschechischen Sprachreise zu machen, m\u00fcssen Sie unbedingt die Grammatik verstehen und beherrschen, die das R\u00fcckgrat jeder Sprache ist. Von <a href=\"https:\/\/talkpal.ai\/zh-hans\/grammar_exercises\/zeitformen-%e5%be%b7%e5%9b%bd%e8%af%ad%e6%b3%95%e7%bb%83%e4%b9%a0\/\">Zeitformen<\/a> und Verben bis hin zu Adjektiven und <a href=\"https:\/\/talkpal.ai\/ar\/grammar_exercises\/prapositionen-%d8%aa%d9%85%d8%a7%d8%b1%d9%8a%d9%86-%d9%84%d9%84%d9%82%d9%88%d8%a7%d8%b9%d8%af-%d8%a7%d9%84%d8%a3%d9%84%d9%85%d8%a7%d9%86%d9%8a%d8%a9\/\">Pr\u00e4positionen<\/a> \u2013 die Kenntnis dieser Grammatikthemen wird Ihnen helfen, effektiv und selbstbewusst zu kommunizieren. In diesem Leitfaden f\u00fchren wir Sie durch die wichtigsten Themen der tschechischen Grammatik, die in einer Reihenfolge zusammengefasst sind, die Ihnen das Erlernen und Verstehen der Sprache erleichtert.<\/p>\n\n\n\n<h3 class=\"wp-block-heading\" id=\"h-1-nouns\">1. Substantive:<\/h3>\n\n\n\n<p>Beginnen Sie Ihr Lernen mit tschechischen Substantiven, da sie die Grundlage der Sprache sind. <a href=\"https:\/\/talkpal.ai\/de\/grammar\/allgemeine-substantive-in-der-tschechischen-grammatik\/\">Tschechische Substantive<\/a> haben drei Geschlechter (maskulin, feminin und Neutrum) und sieben F\u00e4lle (Nominativ, Genitiv, Dativ, Akkusativ, Vokativ, Lokativ und Instrumental). Das Verst\u00e4ndnis des Geschlechts und des Kasussystems ist entscheidend f\u00fcr die richtige Satzbildung.<\/p>\n\n\n\n<h3 class=\"wp-block-heading\" id=\"h-2-articles\">2. Artikel:<\/h3>\n\n\n\n<p>Die tschechische Sprache hat keine <a href=\"https:\/\/talkpal.ai\/de\/grammar_exercises\/ubungen-zum-unbestimmten-artikel-fur-die-vietnamesische-grammatik\/\">unbestimmten Artikel<\/a> (a, an), und der bestimmte Artikel (the) wird nur in bestimmten Situationen verwendet. Lernen Sie, wann und wie Sie den bestimmten Artikel verwenden k\u00f6nnen, um Ihr Verst\u00e4ndnis der tschechischen Grammatik zu verbessern.<\/p>\n\n\n\n<h3 class=\"wp-block-heading\" id=\"h-3-pronouns-determiners\">3. Pronomen\/Determinanten:<\/h3>\n\n\n\n<p>Pronomen ersetzen Substantive in S\u00e4tzen, w\u00e4hrend Determinanten Substantive spezifizieren oder modifizieren. Machen Sie sich mit den tschechischen Personal-, Possessiv-, Demonstrativ-, Reflex- und Fragepronomen sowie mit Determinanten vertraut, um komplexere S\u00e4tze zu bilden.<\/p>\n\n\n\n<h3 class=\"wp-block-heading\" id=\"h-4-adjectives\">4. Adjektive:<\/h3>\n\n\n\n<p>Adjektive beschreiben oder modifizieren Substantive im Tschechischen. Lerne, wie <a href=\"https:\/\/talkpal.ai\/culture\/what-is-the-difference-between-using-du-and-sie\/\">du sie<\/a> im richtigen Geschlecht, in der richtigen Zahl und in der richtigen Gro\u00df-\/Kleinschreibung verwendest, um mit dem Substantiv, das sie beschreiben, \u00fcbereinzustimmen.<\/p>\n\n\n\n<h3 class=\"wp-block-heading\" id=\"h-5-adverbs\">5. Adverbien:<\/h3>\n\n\n\n<p><a href=\"https:\/\/talkpal.ai\/ar\/grammar_exercises\/adverbien-%d8%aa%d9%85%d8%a7%d8%b1%d9%8a%d9%86-%d9%84%d9%84%d9%82%d9%88%d8%a7%d8%b9%d8%af-%d8%a7%d9%84%d8%a3%d9%84%d9%85%d8%a7%d9%86%d9%8a%d8%a9\/\">Adverbien<\/a> modifizieren Verben, Adjektive oder andere Adverbien. Sie liefern zus\u00e4tzliche Informationen \u00fcber die Aktion, z. B. Art, Zeit oder Ort. Die Beherrschung tschechischer Adverbien wird Ihnen helfen, Ihre Botschaft pr\u00e4ziser zu vermitteln.<\/p>\n\n\n\n<h3 class=\"wp-block-heading\" id=\"h-6-verbs\">6. Verben:<\/h3>\n\n\n\n<p>Tschechische Verben sind wichtig, um Handlungen, Ereignisse oder Zust\u00e4nde auszudr\u00fccken. Lerne die Konjugationsmuster, Zeitformen (Vergangenheit, Gegenwart und Zukunft) und Aspekte (perfekt und imperfektiv), um effektiv zu kommunizieren.<\/p>\n\n\n\n<h3 class=\"wp-block-heading\" id=\"h-7-tense-comparison\">7. Spannender Vergleich:<\/h3>\n\n\n\n<p>Wenn Sie die Unterschiede und die Verwendung der tschechischen Zeitformen (Vergangenheit, Gegenwart und Zukunft) verstehen, k\u00f6nnen Sie Ihre Gedanken genau ausdr\u00fccken und Verwirrung vermeiden.<\/p>\n\n\n\n<h3 class=\"wp-block-heading\" id=\"h-8-progressive-and-perfect-progressive\">8. Progressiv und perfekt progressiv:<\/h3>\n\n\n\n<p>Im Tschechischen gibt es keine direkten Entsprechungen f\u00fcr die englischen progressiven und perfekten progressiven Zeitformen. Stattdessen verwendet die Sprache verschiedene Verbaspekte (perfektiv und imperfektiv) und Konstruktionen, um \u00e4hnliche Bedeutungen zu vermitteln. Erfahren Sie, wie Sie diese Konstruktionen bilden und verwenden, um laufende oder abgeschlossene Aktionen auszudr\u00fccken.<\/p>\n\n\n\n<h3 class=\"wp-block-heading\" id=\"h-9-conditionals\">9. Bedingungen:<\/h3>\n\n\n\n<p>Konditionale werden verwendet, um hypothetische Situationen oder Bedingungen auszudr\u00fccken. Beherrschen Sie die tschechischen Konditionalformen, um M\u00f6glichkeiten zu diskutieren und Vorhersagen zu treffen.<\/p>\n\n\n\n<h3 class=\"wp-block-heading\" id=\"h-10-prepositions\">10. Pr\u00e4positionen:<\/h3>\n\n\n\n<p>Pr\u00e4positionen werden verwendet, um Beziehungen zwischen W\u00f6rtern anzugeben, z. B. Ort, Richtung, Zeit oder Ursache. Das Erlernen und Anwenden tschechischer Pr\u00e4positionen hilft dir, klare und aussagekr\u00e4ftige S\u00e4tze zu bilden.<\/p>\n\n\n\n<h3 class=\"wp-block-heading\" id=\"h-11-sentences\">11. S\u00e4tze:<\/h3>\n\n\n\n<p>\u00dcben Sie schlie\u00dflich, tschechische S\u00e4tze zu bilden, indem Sie die gelernten Grammatikelemente kombinieren. Konzentriere dich auf die Bildung einfacher, zusammengesetzter, komplexer und zusammengesetzter S\u00e4tze, um deine Sprach- und Kommunikationsf\u00e4higkeiten in der tschechischen Sprache zu verbessern.<\/p>\n<\/div><\/div>\n\r\n<section class=\"learnNavigationSection\">\r\n            \r\n        <a href=\"https:\/\/talkpal.ai\/de\/tschechisch-lernen\/\">\r\n            <div class=\"learnNavigationWrapper\">\r\n                <div class=\"learnNavigationContent\">\r\n                    <img decoding=\"async\" src=\"https:\/\/talkpal.ai\/wp-content\/uploads\/2024\/08\/Czech.jpg\" alt=\"Czech Flag\">\r\n                    <div>\r\n                        <h4>\u00dcber Tschechisch lernen<\/h4>\r\n                        <p>Erfahren Sie alles \u00fcber die tschechische Grammatik.<\/p>\r\n                    <\/div>\r\n                <\/div>\r\n            <\/div>\r\n        <\/a>\r\n\r\n        \r\n        <a href=\"https:\/\/talkpal.ai\/de\/tschechische-grammatik\/\">\r\n            <div class=\"learnNavigationWrapper\">\r\n                <div class=\"learnNavigationContent\">\r\n                    <img decoding=\"async\" src=\"https:\/\/talkpal.ai\/wp-content\/uploads\/2024\/08\/Czech.jpg\" alt=\"Czech Flag\">\r\n                    <div>\r\n                        <h4>Tschechische Grammatik Lektionen<\/h4>\r\n                        <p>\u00dcben Sie die tschechische Grammatik .<\/p>\r\n                    <\/div>\r\n                <\/div>\r\n            <\/div>\r\n        <\/a>\r\n\r\n        \r\n        <a href=\"https:\/\/talkpal.ai\/vocabulary_language\/czech\/\">\r\n            <div class=\"learnNavigationWrapper\">\r\n                <div class=\"learnNavigationContent\">\r\n                    <img decoding=\"async\" src=\"https:\/\/talkpal.ai\/wp-content\/uploads\/2024\/08\/Czech.jpg\" alt=\"Czech Flag\">\r\n                    <div>\r\n                        <h4>Tschechisch Wortschatz<\/h4>\r\n                        <p>Erweitern Sie Ihren tschechischen Wortschatz.<\/p>\r\n                    <\/div>\r\n                <\/div>\r\n            <\/div>\r\n        <\/a>\r\n\r\n            <\/section>","protected":false},"excerpt":{"rendered":"<p>Themen der tschechischen Grammatik Das Erlernen einer neuen Sprache kann eine aufregende und bereichernde Erfahrung sein, und die tschechische Sprache ist da keine Ausnahme. Mit ihrer reichen Geschichte und ihrem einzigartigen slawischen Charme bietet die tschechische Sprache den Lernenden ein Tor zum Herzen Mitteleuropas. Um das Beste aus Ihrer tschechischen Sprachreise zu machen, m\u00fcssen Sie [&hellip;]<\/p>\n","protected":false},"author":6,"featured_media":28269,"parent":0,"menu_order":0,"comment_status":"closed","ping_status":"closed","template":"LearningContentPage.php","meta":{"_acf_changed":false,"footnotes":""},"class_list":["post-73488","page","type-page","status-publish","has-post-thumbnail","hentry"],"acf":[],"yoast_head":"<!-- This site is optimized with the Yoast SEO Premium plugin v27.2 (Yoast SEO v27.2) - https:\/\/yoast.com\/product\/yoast-seo-premium-wordpress\/ -->\n<title>Tschechische Grammatik\u00fcbungen - Talkpal<\/title>\n<meta name=\"description\" content=\"Entschl\u00fcsseln Sie die Geheimnisse der tschechischen Sprache mit wichtigen tschechischen Grammatik\u00fcbungen f\u00fcr eine sichere Kommunikation.\" \/>\n<meta name=\"robots\" content=\"index, follow, max-snippet:-1, max-image-preview:large, max-video-preview:-1\" \/>\n<link rel=\"canonical\" href=\"https:\/\/talkpal.ai\/de\/tschechische-grammatikuebungen\/\" \/>\n<meta property=\"og:locale\" content=\"de_DE\" \/>\n<meta property=\"og:type\" content=\"article\" \/>\n<meta property=\"og:title\" content=\"Tschechische Grammatik\u00fcbungen\" \/>\n<meta property=\"og:description\" content=\"Themen der tschechischen Grammatik Das Erlernen einer neuen Sprache kann eine aufregende und bereichernde Erfahrung sein, und die tschechische Sprache ist\" \/>\n<meta property=\"og:url\" content=\"https:\/\/talkpal.ai\/de\/tschechische-grammatikuebungen\/\" \/>\n<meta property=\"og:site_name\" content=\"Talkpal\" \/>\n<meta property=\"article:publisher\" content=\"https:\/\/www.facebook.com\/profile.php?id=100090733639311\" \/>\n<meta property=\"article:modified_time\" content=\"2025-12-17T16:28:52+00:00\" \/>\n<meta property=\"og:image\" content=\"https:\/\/talkpal.ai\/wp-content\/uploads\/2023\/05\/czech-republic.png\" \/>\n\t<meta property=\"og:image:width\" content=\"512\" \/>\n\t<meta property=\"og:image:height\" content=\"512\" \/>\n\t<meta property=\"og:image:type\" content=\"image\/png\" \/>\n<meta name=\"twitter:card\" content=\"summary_large_image\" \/>\n<meta name=\"twitter:site\" content=\"@talkpalai\" \/>\n<meta name=\"twitter:label1\" content=\"Gesch\u00e4tzte Lesezeit\" \/>\n\t<meta name=\"twitter:data1\" content=\"3\u00a0Minuten\" \/>\n<script type=\"application\/ld+json\" class=\"yoast-schema-graph\">{\"@context\":\"https:\/\/schema.org\",\"@graph\":[{\"@type\":\"WebPage\",\"@id\":\"https:\/\/talkpal.ai\/de\/tschechische-grammatikuebungen\/\",\"url\":\"https:\/\/talkpal.ai\/de\/tschechische-grammatikuebungen\/\",\"name\":\"Tschechische Grammatik\u00fcbungen - Talkpal\",\"isPartOf\":{\"@id\":\"https:\/\/talkpal.ai\/de\/#website\"},\"primaryImageOfPage\":{\"@id\":\"https:\/\/talkpal.ai\/de\/tschechische-grammatikuebungen\/#primaryimage\"},\"image\":{\"@id\":\"https:\/\/talkpal.ai\/de\/tschechische-grammatikuebungen\/#primaryimage\"},\"thumbnailUrl\":\"https:\/\/talkpal.ai\/wp-content\/uploads\/2023\/05\/czech-republic.png\",\"datePublished\":\"2023-06-16T13:10:39+00:00\",\"dateModified\":\"2025-12-17T16:28:52+00:00\",\"description\":\"Entschl\u00fcsseln Sie die Geheimnisse der tschechischen Sprache mit wichtigen tschechischen Grammatik\u00fcbungen f\u00fcr eine sichere Kommunikation.\",\"breadcrumb\":{\"@id\":\"https:\/\/talkpal.ai\/de\/tschechische-grammatikuebungen\/#breadcrumb\"},\"inLanguage\":\"de\",\"potentialAction\":[{\"@type\":\"ReadAction\",\"target\":[\"https:\/\/talkpal.ai\/de\/tschechische-grammatikuebungen\/\"]}]},{\"@type\":\"ImageObject\",\"inLanguage\":\"de\",\"@id\":\"https:\/\/talkpal.ai\/de\/tschechische-grammatikuebungen\/#primaryimage\",\"url\":\"https:\/\/talkpal.ai\/wp-content\/uploads\/2023\/05\/czech-republic.png\",\"contentUrl\":\"https:\/\/talkpal.ai\/wp-content\/uploads\/2023\/05\/czech-republic.png\",\"width\":512,\"height\":512},{\"@type\":\"BreadcrumbList\",\"@id\":\"https:\/\/talkpal.ai\/de\/tschechische-grammatikuebungen\/#breadcrumb\",\"itemListElement\":[{\"@type\":\"ListItem\",\"position\":1,\"name\":\"Homepage\",\"item\":\"https:\/\/talkpal.ai\/de\/\"},{\"@type\":\"ListItem\",\"position\":2,\"name\":\"Tschechische Grammatik\u00fcbungen\"}]},{\"@type\":\"WebSite\",\"@id\":\"https:\/\/talkpal.ai\/de\/#website\",\"url\":\"https:\/\/talkpal.ai\/de\/\",\"name\":\"Talkpal\",\"description\":\"AI Language Learning\",\"publisher\":{\"@id\":\"https:\/\/talkpal.ai\/de\/#organization\"},\"alternateName\":\"Talkpal AI\",\"potentialAction\":[{\"@type\":\"SearchAction\",\"target\":{\"@type\":\"EntryPoint\",\"urlTemplate\":\"https:\/\/talkpal.ai\/de\/?s={search_term_string}\"},\"query-input\":{\"@type\":\"PropertyValueSpecification\",\"valueRequired\":true,\"valueName\":\"search_term_string\"}}],\"inLanguage\":\"de\"},{\"@type\":\"Organization\",\"@id\":\"https:\/\/talkpal.ai\/de\/#organization\",\"name\":\"Talkpal, Inc.\",\"alternateName\":\"Talkpal AI\",\"url\":\"https:\/\/talkpal.ai\/de\/\",\"logo\":{\"@type\":\"ImageObject\",\"inLanguage\":\"de\",\"@id\":\"https:\/\/talkpal.ai\/de\/#\/schema\/logo\/image\/\",\"url\":\"https:\/\/talkpal.ai\/wp-content\/uploads\/2024\/03\/Talkpal-Logo-Icon.png\",\"contentUrl\":\"https:\/\/talkpal.ai\/wp-content\/uploads\/2024\/03\/Talkpal-Logo-Icon.png\",\"width\":2880,\"height\":2880,\"caption\":\"Talkpal, Inc.\"},\"image\":{\"@id\":\"https:\/\/talkpal.ai\/de\/#\/schema\/logo\/image\/\"},\"sameAs\":[\"https:\/\/www.facebook.com\/profile.php?id=100090733639311\",\"https:\/\/x.com\/talkpalai\",\"https:\/\/www.linkedin.com\/company\/talkpal\/\",\"https:\/\/www.youtube.com\/@TalkPal\/\",\"https:\/\/www.tiktok.com\/@talkpal\",\"https:\/\/www.instagram.com\/talkpal_ai\/\",\"https:\/\/www.crunchbase.com\/organization\/talkpal-9cde\",\"https:\/\/www.g2.com\/products\/talkpal-for-business\/\",\"https:\/\/www.trustpilot.com\/review\/talkpal.ai\",\"https:\/\/www.capterra.com\/p\/10006800\/TalkPal\/\"],\"description\":\"Talkpal is a language learning web and mobile education app, powered by the latest AI technologies, that provides engaging experiences to its customers in many different languages to help them improve their language skills. Users can chat about unlimited amount of topics with the app and use other modes to practice their language learning.\",\"email\":\"support@talkpal.ai\",\"legalName\":\"Talkpal, Inc.\",\"foundingDate\":\"2023-04-03\",\"duns\":\"118989042\",\"numberOfEmployees\":{\"@type\":\"QuantitativeValue\",\"minValue\":\"11\",\"maxValue\":\"50\"},\"publishingPrinciples\":\"https:\/\/talkpal.ai\/publishing-principles\/\",\"actionableFeedbackPolicy\":\"https:\/\/talkpal.ai\/actionable-feedback-policy\/\",\"correctionsPolicy\":\"https:\/\/talkpal.ai\/corrections-policy\/\",\"ethicsPolicy\":\"https:\/\/talkpal.ai\/ethics-policy\/\",\"diversityPolicy\":\"https:\/\/talkpal.ai\/diversity-policy\/\",\"diversityStaffingReport\":\"https:\/\/talkpal.ai\/diversity-policy\/\"}]}<\/script>\n<!-- \/ Yoast SEO Premium plugin. -->","yoast_head_json":{"title":"Tschechische Grammatik\u00fcbungen - Talkpal","description":"Entschl\u00fcsseln Sie die Geheimnisse der tschechischen Sprache mit wichtigen tschechischen Grammatik\u00fcbungen f\u00fcr eine sichere Kommunikation.","robots":{"index":"index","follow":"follow","max-snippet":"max-snippet:-1","max-image-preview":"max-image-preview:large","max-video-preview":"max-video-preview:-1"},"canonical":"https:\/\/talkpal.ai\/de\/tschechische-grammatikuebungen\/","og_locale":"de_DE","og_type":"article","og_title":"Tschechische Grammatik\u00fcbungen","og_description":"Themen der tschechischen Grammatik Das Erlernen einer neuen Sprache kann eine aufregende und bereichernde Erfahrung sein, und die tschechische Sprache ist","og_url":"https:\/\/talkpal.ai\/de\/tschechische-grammatikuebungen\/","og_site_name":"Talkpal","article_publisher":"https:\/\/www.facebook.com\/profile.php?id=100090733639311","article_modified_time":"2025-12-17T16:28:52+00:00","og_image":[{"width":512,"height":512,"url":"https:\/\/talkpal.ai\/wp-content\/uploads\/2023\/05\/czech-republic.png","type":"image\/png"}],"twitter_card":"summary_large_image","twitter_site":"@talkpalai","twitter_misc":{"Gesch\u00e4tzte Lesezeit":"3\u00a0Minuten"},"schema":{"@context":"https:\/\/schema.org","@graph":[{"@type":"WebPage","@id":"https:\/\/talkpal.ai\/de\/tschechische-grammatikuebungen\/","url":"https:\/\/talkpal.ai\/de\/tschechische-grammatikuebungen\/","name":"Tschechische Grammatik\u00fcbungen - Talkpal","isPartOf":{"@id":"https:\/\/talkpal.ai\/de\/#website"},"primaryImageOfPage":{"@id":"https:\/\/talkpal.ai\/de\/tschechische-grammatikuebungen\/#primaryimage"},"image":{"@id":"https:\/\/talkpal.ai\/de\/tschechische-grammatikuebungen\/#primaryimage"},"thumbnailUrl":"https:\/\/talkpal.ai\/wp-content\/uploads\/2023\/05\/czech-republic.png","datePublished":"2023-06-16T13:10:39+00:00","dateModified":"2025-12-17T16:28:52+00:00","description":"Entschl\u00fcsseln Sie die Geheimnisse der tschechischen Sprache mit wichtigen tschechischen Grammatik\u00fcbungen f\u00fcr eine sichere Kommunikation.","breadcrumb":{"@id":"https:\/\/talkpal.ai\/de\/tschechische-grammatikuebungen\/#breadcrumb"},"inLanguage":"de","potentialAction":[{"@type":"ReadAction","target":["https:\/\/talkpal.ai\/de\/tschechische-grammatikuebungen\/"]}]},{"@type":"ImageObject","inLanguage":"de","@id":"https:\/\/talkpal.ai\/de\/tschechische-grammatikuebungen\/#primaryimage","url":"https:\/\/talkpal.ai\/wp-content\/uploads\/2023\/05\/czech-republic.png","contentUrl":"https:\/\/talkpal.ai\/wp-content\/uploads\/2023\/05\/czech-republic.png","width":512,"height":512},{"@type":"BreadcrumbList","@id":"https:\/\/talkpal.ai\/de\/tschechische-grammatikuebungen\/#breadcrumb","itemListElement":[{"@type":"ListItem","position":1,"name":"Homepage","item":"https:\/\/talkpal.ai\/de\/"},{"@type":"ListItem","position":2,"name":"Tschechische Grammatik\u00fcbungen"}]},{"@type":"WebSite","@id":"https:\/\/talkpal.ai\/de\/#website","url":"https:\/\/talkpal.ai\/de\/","name":"Talkpal","description":"AI Language Learning","publisher":{"@id":"https:\/\/talkpal.ai\/de\/#organization"},"alternateName":"Talkpal AI","potentialAction":[{"@type":"SearchAction","target":{"@type":"EntryPoint","urlTemplate":"https:\/\/talkpal.ai\/de\/?s={search_term_string}"},"query-input":{"@type":"PropertyValueSpecification","valueRequired":true,"valueName":"search_term_string"}}],"inLanguage":"de"},{"@type":"Organization","@id":"https:\/\/talkpal.ai\/de\/#organization","name":"Talkpal, Inc.","alternateName":"Talkpal AI","url":"https:\/\/talkpal.ai\/de\/","logo":{"@type":"ImageObject","inLanguage":"de","@id":"https:\/\/talkpal.ai\/de\/#\/schema\/logo\/image\/","url":"https:\/\/talkpal.ai\/wp-content\/uploads\/2024\/03\/Talkpal-Logo-Icon.png","contentUrl":"https:\/\/talkpal.ai\/wp-content\/uploads\/2024\/03\/Talkpal-Logo-Icon.png","width":2880,"height":2880,"caption":"Talkpal, Inc."},"image":{"@id":"https:\/\/talkpal.ai\/de\/#\/schema\/logo\/image\/"},"sameAs":["https:\/\/www.facebook.com\/profile.php?id=100090733639311","https:\/\/x.com\/talkpalai","https:\/\/www.linkedin.com\/company\/talkpal\/","https:\/\/www.youtube.com\/@TalkPal\/","https:\/\/www.tiktok.com\/@talkpal","https:\/\/www.instagram.com\/talkpal_ai\/","https:\/\/www.crunchbase.com\/organization\/talkpal-9cde","https:\/\/www.g2.com\/products\/talkpal-for-business\/","https:\/\/www.trustpilot.com\/review\/talkpal.ai","https:\/\/www.capterra.com\/p\/10006800\/TalkPal\/"],"description":"Talkpal is a language learning web and mobile education app, powered by the latest AI technologies, that provides engaging experiences to its customers in many different languages to help them improve their language skills. Users can chat about unlimited amount of topics with the app and use other modes to practice their language learning.","email":"support@talkpal.ai","legalName":"Talkpal, Inc.","foundingDate":"2023-04-03","duns":"118989042","numberOfEmployees":{"@type":"QuantitativeValue","minValue":"11","maxValue":"50"},"publishingPrinciples":"https:\/\/talkpal.ai\/publishing-principles\/","actionableFeedbackPolicy":"https:\/\/talkpal.ai\/actionable-feedback-policy\/","correctionsPolicy":"https:\/\/talkpal.ai\/corrections-policy\/","ethicsPolicy":"https:\/\/talkpal.ai\/ethics-policy\/","diversityPolicy":"https:\/\/talkpal.ai\/diversity-policy\/","diversityStaffingReport":"https:\/\/talkpal.ai\/diversity-policy\/"}]}},"_links":{"self":[{"href":"https:\/\/talkpal.ai\/de\/wp-json\/wp\/v2\/pages\/73488","targetHints":{"allow":["GET"]}}],"collection":[{"href":"https:\/\/talkpal.ai\/de\/wp-json\/wp\/v2\/pages"}],"about":[{"href":"https:\/\/talkpal.ai\/de\/wp-json\/wp\/v2\/types\/page"}],"author":[{"embeddable":true,"href":"https:\/\/talkpal.ai\/de\/wp-json\/wp\/v2\/users\/6"}],"replies":[{"embeddable":true,"href":"https:\/\/talkpal.ai\/de\/wp-json\/wp\/v2\/comments?post=73488"}],"version-history":[{"count":0,"href":"https:\/\/talkpal.ai\/de\/wp-json\/wp\/v2\/pages\/73488\/revisions"}],"wp:featuredmedia":[{"embeddable":true,"href":"https:\/\/talkpal.ai\/de\/wp-json\/wp\/v2\/media\/28269"}],"wp:attachment":[{"href":"https:\/\/talkpal.ai\/de\/wp-json\/wp\/v2\/media?parent=73488"}],"curies":[{"name":"wp","href":"https:\/\/api.w.org\/{rel}","templated":true}]}}