{"id":73482,"date":"2023-05-14T14:23:21","date_gmt":"2023-05-14T14:23:21","guid":{"rendered":"http:\/\/talkpal.ai\/tagalog-grammatik\/"},"modified":"2025-12-17T15:39:19","modified_gmt":"2025-12-17T15:39:19","slug":"tagalog-grammatik","status":"publish","type":"page","link":"https:\/\/talkpal.ai\/de\/tagalog-grammatik\/","title":{"rendered":"Tagalog-Grammatik"},"content":{"rendered":"\r\n\r\n\r\n<section class=\"languageChallengeSection\">\r\n    <div class=\"languageInfoWrapper\">\r\n        \r\n        <h1>Tagalog-Grammatik<\/h1>\r\n        <p>Aufgeregt, <a href=\"https:\/\/talkpal.ai\/learn-tagalog\/\">Tagalog<\/a> zu lernen? Entdecken Sie die <a href=\"https:\/\/talkpal.ai\/tagalog-grammar\/\">Tagalog-Grammatik<\/a>, in der einzigartige Verbfokussysteme, flexible Satzfolge und hilfreiche Partikel eine Sprache schaffen, die ebenso ausdrucksstark wie interessant ist. Beginnen Sie jetzt Ihre Reise &#8211; die Beherrschung der Tagalog-Grammatik wird Sie in die Lage versetzen, selbstbewusst zu kommunizieren und in die lebendige Kultur der Philippinen einzutauchen!<\/p>\r\n\r\n                            <a class=\"getStartedHidden\" href=\"https:\/\/app.talkpal.ai\/de\/signup?lng=\">Leg los<\/a>\r\n        \r\n    <\/div>\r\n\r\n    <figure>\r\n    <img decoding=\"async\" width=\"768\" height=\"768\" src=\"https:\/\/talkpal.ai\/wp-content\/uploads\/2023\/06\/tagalog-768x768.png\" class=\"languageImage no-lazy\" alt=\"Default alt text\" fetchpriority=\"high\" sizes=\"(max-width: 768px) 150px, 768px\" srcset=\"https:\/\/talkpal.ai\/wp-content\/uploads\/2023\/06\/tagalog-768x768.png 768w, https:\/\/talkpal.ai\/wp-content\/uploads\/2023\/06\/tagalog-300x300.png 300w\" \/>\r\n    \r\n\r\n    <\/figure>\r\n\r\n            <a class=\"getStartedVisible\" href=\"https:\/\/app.talkpal.ai\/de\/signup?lng=\">Leg los<\/a>\r\n    \r\n<\/section>\r\n        <section class=\"grammarSection\">\r\n            <div class=\"grammarLinks\">\r\n                <a href=\"https:\/\/talkpal.ai\/de\/language\/adjektive-tagalog-grammatik\/\">Adjektive <\/a><a href=\"https:\/\/talkpal.ai\/de\/language\/adverbien-tagalog-grammatik\/\">Adverbien <\/a><a href=\"https:\/\/talkpal.ai\/de\/language\/artikel-tagalog-grammatik\/\">Artikel <\/a><a href=\"https:\/\/talkpal.ai\/de\/language\/bedingungen-tagalog-grammatik\/\">Bedingungen <\/a><a href=\"https:\/\/talkpal.ai\/de\/language\/perfekt-progressiv-tagalog-grammatik\/\">Perfekt Progressiv <\/a><a href=\"https:\/\/talkpal.ai\/de\/language\/prapositionen-tagalog-grammatik\/\">Pr\u00e4positionen <\/a><a href=\"https:\/\/talkpal.ai\/de\/language\/progressiv-tagalog-grammatik\/\">Progressiv <\/a><a href=\"https:\/\/talkpal.ai\/de\/language\/pronomen-determinanten-tagalog-grammatik\/\">Pronomen\/Determinanten <\/a><a href=\"https:\/\/talkpal.ai\/de\/language\/satze-tagalog-grammatik\/\">S\u00e4tze <\/a><a href=\"https:\/\/talkpal.ai\/de\/language\/substantive-tagalog-grammatik\/\">Substantive <\/a><a href=\"https:\/\/talkpal.ai\/de\/language\/verben-tagalog-grammatik\/\">Verben <\/a><a href=\"https:\/\/talkpal.ai\/de\/language\/vergleich-der-zeitformen-tagalog-grammatik\/\">Vergleich der Zeitformen <\/a><a href=\"https:\/\/talkpal.ai\/de\/language\/zeitformen-tagalog-grammatik\/\">Zeitformen <\/a>            <\/div>\r\n        <\/section>\r\n    <section class=\"promotionalBanner\">\r\n    <p class=\"promotionalText\">Der effizienteste Weg, eine Sprache zu lernen<\/p>\r\n    <a class=\"promotionalLink\" href=\"https:\/\/app.talkpal.ai\/de\/signup?lng=\">Talkpal kostenlos<\/a>\r\n<\/section>\n<div class=\"wp-block-group pageContainerStyle\"><div class=\"wp-block-group__inner-container is-layout-constrained wp-block-group-is-layout-constrained\">\n<h1 class=\"wp-block-heading\" id=\"h-tagalog-grammar-get-to-know-the-heart-of-filipino-language\">Tagalog-Grammatik: Lernen Sie das Herz der philippinischen Sprache kennen<\/h1>\n\n\n\n<p>Tagalog, die Grundlage f\u00fcr die Nationalsprache der Philippinen, Filipino, wird von Millionen von Menschen weltweit gesprochen. Um Tagalog zu lernen, m\u00fcssen Sie zun\u00e4chst die komplizierte und faszinierende <a href=\"https:\/\/talkpal.ai\/fr\/les\/\">Grammatik<\/a> verstehen. In diesem Artikel werden wir uns mit den wesentlichen Aspekten der Tagalog-Grammatik befassen und Ihnen helfen, diese sch\u00f6ne Sprache auf unterhaltsame und freundliche Weise zu sch\u00e4tzen.<\/p>\n\n\n\n<h3 class=\"wp-block-heading\" id=\"h-1-nouns-genderless-countable-and-uncountable\">1. Substantive \u2013 geschlechtslos, abz\u00e4hlbar und unz\u00e4hlbar<\/h3>\n\n\n\n<p>In Tagalog werden Substantive (pangngalan) nicht nach Geschlecht kategorisiert, was die Handhabung einfacher macht als in einigen anderen Sprachen. Gew\u00f6hnliche Substantive beziehen sich auf Menschen, Tiere, Orte, Dinge oder Ideen, wobei Eigennamen bestimmte Namen bezeichnen. Sie werden sowohl auf z\u00e4hlbare (tahanan, was &#8222;Haus&#8220; bedeutet) als auch auf nicht <a href=\"https:\/\/talkpal.ai\/de\/grammar\/zahlbare-substantive-in-der-suaheli-grammatik\/\">z\u00e4hlbare Substantive<\/a> (tubig, was &#8222;Wasser&#8220; bedeutet) treffen. Substantive k\u00f6nnen auch in Pluralformen umgewandelt werden, indem bestimmte Markierungen wie &#8222;mga&#8220; hinzugef\u00fcgt werden.<\/p>\n\n\n\n<h3 class=\"wp-block-heading\" id=\"h-2-adjectives-describing-with-flair\">2. Adjektive \u2013 Mit Flair beschreiben<\/h3>\n\n\n\n<p>Adjektive (pang-uri) bieten mehr Informationen \u00fcber Substantive, mit mehreren M\u00f6glichkeiten, Adjektive in Tagalog zu verwenden. Der Vergleich von Substantiven wird durch Adjektive erreicht, indem die Marker &#8222;mas&#8220; und &#8222;pinaka&#8220; verwendet werden, um Komparative und Superlative zu bilden. Zum Beispiel bedeutet &#8222;maganda&#8220; &#8222;sch\u00f6n&#8220;, w\u00e4hrend &#8222;mas maganda&#8220; &#8222;sch\u00f6ner&#8220; und &#8222;pinakamaganda&#8220; &#8222;die Sch\u00f6nste&#8220; bedeutet.<\/p>\n\n\n\n<h3 class=\"wp-block-heading\" id=\"h-3-pronouns-keeping-it-personal\">3. Pronomen \u2013 Pers\u00f6nlich bleiben<\/h3>\n\n\n\n<p>Die Tagalog-Grammatik besteht aus Personal-, Possessiv-, Demonstrativ-, Frage- und <a href=\"https:\/\/talkpal.ai\/hi\/grammar_exercises\/relativpronomen-%e0%a4%9c%e0%a4%b0%e0%a5%8d%e0%a4%ae%e0%a4%a8-%e0%a4%b5%e0%a5%8d%e0%a4%af%e0%a4%be%e0%a4%95%e0%a4%b0%e0%a4%a3-%e0%a4%95%e0%a5%87-%e0%a4%b2%e0%a4%bf%e0%a4%8f-%e0%a4%85%e0%a4%ad%e0%a5%8d\/\">Relativpronomen<\/a>. <a href=\"https:\/\/talkpal.ai\/de\/grammar\/englische-grammatik-personalpronomen\/\">Personalpronomen<\/a> gibt es in drei F\u00e4llen: Nominativ (auf das Subjekt hinweisen), Genitiv (auf Besitz hinweisen) und Akkusativ (auf das Objekt hinweisen). Demonstrativpronomen, wie &#8222;ito&#8220; (dies) und &#8222;iyan&#8220; (das), werden verwendet, um auf bestimmte Dinge hinzuweisen, w\u00e4hrend <a href=\"https:\/\/talkpal.ai\/ar\/grammar_exercises\/interrogativpronomen-%d8%aa%d9%85%d8%a7%d8%b1%d9%8a%d9%86-%d9%84%d9%84%d9%82%d9%88%d8%a7%d8%b9%d8%af-%d8%a7%d9%84%d8%a3%d9%84%d9%85%d8%a7%d9%86%d9%8a%d8%a9\/\">Interrogativpronomen<\/a> f\u00fcr Fragen verwendet werden.<\/p>\n\n\n\n<h3 class=\"wp-block-heading\" id=\"h-4-verbs-conjugation-and-focus\">4. Verben \u2013 Konjugation und Fokus<\/h3>\n\n\n\n<p>Tagalog-Verben (pandiwa) spielen eine wichtige Rolle beim Satzbau, und ihre Konjugation ist eindeutig. Anstelle von Tempuswechseln beinhalten Verbkonjugationen in Tagalog Aspekt\u00e4nderungen. Es gibt drei Verbaspekte: abgeschlossen (perfektiv), unvollendet (imperfektiv) und betrachtet (Zukunft).  <\/p>\n\n\n\n<p>Dar\u00fcber hinaus verf\u00fcgt Tagalog \u00fcber ein einzigartiges Fokussystem, das sich auf Verben bezieht. In diesem System \u00e4ndert sich die Verbform, je nachdem, auf welchen Teil des Satzes man sich konzentriert, z. B. auf das Objekt, das Subjekt oder die Richtung der Handlung. Schl\u00fcsselw\u00f6rter wie &#8222;um-&#8222;, &#8222;mag-&#8220; und &#8222;-in&#8220; helfen, verschiedene Nuancen in S\u00e4tzen zu vermitteln.<\/p>\n\n\n\n<h3 class=\"wp-block-heading\" id=\"h-5-embracing-the-journey\">5. Die Reise annehmen<\/h3>\n\n\n\n<p>Das Erlernen der Tagalog-Grammatik erfordert Zeit, M\u00fche und ein wenig Geduld. Einmal gemeistert, bietet seine Einzigartigkeit jedoch unvergleichliche Einblicke in die philippinische Kultur und das philippinische Erbe. Seien Sie aufgeschlossen, \u00fcben Sie konsequent und haben Sie keine Angst, beim Sprechen Fehler zu machen.<\/p>\n\n\n\n<p>Wenn Sie tiefer in die Nuancen der Tagalog-Grammatik eintauchen, nehmen Sie sich Zeit, um die Lebendigkeit und den Reichtum zu genie\u00dfen, den sie bietet. Genie\u00dfen Sie Ihr Verst\u00e4ndnis f\u00fcr die Komplexit\u00e4t, die diese Sprache wirklich au\u00dfergew\u00f6hnlich macht. Maligayang pag-aaral \u2013 viel Spa\u00df beim Lernen!<\/p>\n<\/div><\/div>\n\r\n<section class=\"learnNavigationSection\">\r\n            \r\n        <a href=\"https:\/\/talkpal.ai\/de\/tagalog-lernen\/\">\r\n            <div class=\"learnNavigationWrapper\">\r\n                <div class=\"learnNavigationContent\">\r\n                    <img decoding=\"async\" src=\"https:\/\/talkpal.ai\/wp-content\/uploads\/2024\/08\/Tagalog.jpg\" alt=\"Philippines Flag\">\r\n                    <div>\r\n                        <h4>\u00dcber Tagalog Lernen<\/h4>\r\n                        <p>Erfahren Sie alles \u00fcber die Grammatik von Tagalog.<\/p>\r\n                    <\/div>\r\n                <\/div>\r\n            <\/div>\r\n        <\/a>\r\n\r\n        \r\n        <a href=\"https:\/\/talkpal.ai\/de\/tagalog-grammatik-uebungen\/\">\r\n            <div class=\"learnNavigationWrapper\">\r\n                <div class=\"learnNavigationContent\">\r\n                    <img decoding=\"async\" src=\"https:\/\/talkpal.ai\/wp-content\/uploads\/2024\/08\/Tagalog.jpg\" alt=\"Philippines Flag\">\r\n                    <div>\r\n                        <h4>Tagalog Grammatik \u00dcbung<\/h4>\r\n                        <p>\u00dcben Sie die Tagalog-Grammatik .<\/p>\r\n                    <\/div>\r\n                <\/div>\r\n            <\/div>\r\n        <\/a>\r\n\r\n        \r\n        <a href=\"https:\/\/talkpal.ai\/vocabulary_language\/tagalog\/\">\r\n            <div class=\"learnNavigationWrapper\">\r\n                <div class=\"learnNavigationContent\">\r\n                    <img decoding=\"async\" src=\"https:\/\/talkpal.ai\/wp-content\/uploads\/2024\/08\/Tagalog.jpg\" alt=\"Philippines Flag\">\r\n                    <div>\r\n                        <h4>Tagalog Wortschatz<\/h4>\r\n                        <p>Erweitern Sie Ihren Tagalog-Wortschatz.<\/p>\r\n                    <\/div>\r\n                <\/div>\r\n            <\/div>\r\n        <\/a>\r\n\r\n            <\/section>","protected":false},"excerpt":{"rendered":"<p>Tagalog-Grammatik: Lernen Sie das Herz der philippinischen Sprache kennen Tagalog, die Grundlage f\u00fcr die Nationalsprache der Philippinen, Filipino, wird von Millionen von Menschen weltweit gesprochen. Um Tagalog zu lernen, m\u00fcssen Sie zun\u00e4chst die komplizierte und faszinierende Grammatik verstehen. In diesem Artikel werden wir uns mit den wesentlichen Aspekten der Tagalog-Grammatik befassen und Ihnen helfen, diese [&hellip;]<\/p>\n","protected":false},"author":1,"featured_media":28701,"parent":0,"menu_order":0,"comment_status":"closed","ping_status":"closed","template":"LearningContentPage.php","meta":{"_acf_changed":false,"footnotes":""},"class_list":["post-73482","page","type-page","status-publish","has-post-thumbnail","hentry"],"acf":[],"yoast_head":"<!-- This site is optimized with the Yoast SEO Premium plugin v27.2 (Yoast SEO v27.2) - https:\/\/yoast.com\/product\/yoast-seo-premium-wordpress\/ -->\n<title>Tagalog-Grammatik - Talkpal<\/title>\n<meta name=\"description\" content=\"Entdecken Sie die Grundlagen der Tagalog-Grammatik und lernen Sie, wie Sie diese sch\u00f6ne Sprache auf einfache und freundliche Weise sch\u00e4tzen k\u00f6nnen.\" \/>\n<meta name=\"robots\" content=\"index, follow, max-snippet:-1, max-image-preview:large, max-video-preview:-1\" \/>\n<link rel=\"canonical\" href=\"https:\/\/talkpal.ai\/de\/tagalog-grammatik\/\" \/>\n<meta property=\"og:locale\" content=\"de_DE\" \/>\n<meta property=\"og:type\" content=\"article\" \/>\n<meta property=\"og:title\" content=\"Tagalog-Grammatik\" \/>\n<meta property=\"og:description\" content=\"Tagalog-Grammatik: Lernen Sie das Herz der philippinischen Sprache kennen Tagalog, die Grundlage f\u00fcr die Nationalsprache der Philippinen, Filipino, wird\" \/>\n<meta property=\"og:url\" content=\"https:\/\/talkpal.ai\/de\/tagalog-grammatik\/\" \/>\n<meta property=\"og:site_name\" content=\"Talkpal\" \/>\n<meta property=\"article:publisher\" content=\"https:\/\/www.facebook.com\/profile.php?id=100090733639311\" \/>\n<meta property=\"article:modified_time\" content=\"2025-12-17T15:39:19+00:00\" \/>\n<meta property=\"og:image\" content=\"https:\/\/talkpal.ai\/wp-content\/uploads\/2023\/05\/Tagalog-philippines.png\" \/>\n\t<meta property=\"og:image:width\" content=\"512\" \/>\n\t<meta property=\"og:image:height\" content=\"512\" \/>\n\t<meta property=\"og:image:type\" content=\"image\/png\" \/>\n<meta name=\"twitter:card\" content=\"summary_large_image\" \/>\n<meta name=\"twitter:site\" content=\"@talkpalai\" \/>\n<meta name=\"twitter:label1\" content=\"Gesch\u00e4tzte Lesezeit\" \/>\n\t<meta name=\"twitter:data1\" content=\"2\u00a0Minuten\" \/>\n<script type=\"application\/ld+json\" class=\"yoast-schema-graph\">{\"@context\":\"https:\/\/schema.org\",\"@graph\":[{\"@type\":\"WebPage\",\"@id\":\"https:\/\/talkpal.ai\/de\/tagalog-grammatik\/\",\"url\":\"https:\/\/talkpal.ai\/de\/tagalog-grammatik\/\",\"name\":\"Tagalog-Grammatik - Talkpal\",\"isPartOf\":{\"@id\":\"https:\/\/talkpal.ai\/de\/#website\"},\"primaryImageOfPage\":{\"@id\":\"https:\/\/talkpal.ai\/de\/tagalog-grammatik\/#primaryimage\"},\"image\":{\"@id\":\"https:\/\/talkpal.ai\/de\/tagalog-grammatik\/#primaryimage\"},\"thumbnailUrl\":\"https:\/\/talkpal.ai\/wp-content\/uploads\/2023\/05\/Tagalog-philippines.png\",\"datePublished\":\"2023-05-14T14:23:21+00:00\",\"dateModified\":\"2025-12-17T15:39:19+00:00\",\"description\":\"Entdecken Sie die Grundlagen der Tagalog-Grammatik und lernen Sie, wie Sie diese sch\u00f6ne Sprache auf einfache und freundliche Weise sch\u00e4tzen k\u00f6nnen.\",\"breadcrumb\":{\"@id\":\"https:\/\/talkpal.ai\/de\/tagalog-grammatik\/#breadcrumb\"},\"inLanguage\":\"de\",\"potentialAction\":[{\"@type\":\"ReadAction\",\"target\":[\"https:\/\/talkpal.ai\/de\/tagalog-grammatik\/\"]}]},{\"@type\":\"ImageObject\",\"inLanguage\":\"de\",\"@id\":\"https:\/\/talkpal.ai\/de\/tagalog-grammatik\/#primaryimage\",\"url\":\"https:\/\/talkpal.ai\/wp-content\/uploads\/2023\/05\/Tagalog-philippines.png\",\"contentUrl\":\"https:\/\/talkpal.ai\/wp-content\/uploads\/2023\/05\/Tagalog-philippines.png\",\"width\":512,\"height\":512},{\"@type\":\"BreadcrumbList\",\"@id\":\"https:\/\/talkpal.ai\/de\/tagalog-grammatik\/#breadcrumb\",\"itemListElement\":[{\"@type\":\"ListItem\",\"position\":1,\"name\":\"Homepage\",\"item\":\"https:\/\/talkpal.ai\/de\/\"},{\"@type\":\"ListItem\",\"position\":2,\"name\":\"Tagalog-Grammatik\"}]},{\"@type\":\"WebSite\",\"@id\":\"https:\/\/talkpal.ai\/de\/#website\",\"url\":\"https:\/\/talkpal.ai\/de\/\",\"name\":\"Talkpal\",\"description\":\"AI Language Learning\",\"publisher\":{\"@id\":\"https:\/\/talkpal.ai\/de\/#organization\"},\"alternateName\":\"Talkpal AI\",\"potentialAction\":[{\"@type\":\"SearchAction\",\"target\":{\"@type\":\"EntryPoint\",\"urlTemplate\":\"https:\/\/talkpal.ai\/de\/?s={search_term_string}\"},\"query-input\":{\"@type\":\"PropertyValueSpecification\",\"valueRequired\":true,\"valueName\":\"search_term_string\"}}],\"inLanguage\":\"de\"},{\"@type\":\"Organization\",\"@id\":\"https:\/\/talkpal.ai\/de\/#organization\",\"name\":\"Talkpal, Inc.\",\"alternateName\":\"Talkpal AI\",\"url\":\"https:\/\/talkpal.ai\/de\/\",\"logo\":{\"@type\":\"ImageObject\",\"inLanguage\":\"de\",\"@id\":\"https:\/\/talkpal.ai\/de\/#\/schema\/logo\/image\/\",\"url\":\"https:\/\/talkpal.ai\/wp-content\/uploads\/2024\/03\/Talkpal-Logo-Icon.png\",\"contentUrl\":\"https:\/\/talkpal.ai\/wp-content\/uploads\/2024\/03\/Talkpal-Logo-Icon.png\",\"width\":2880,\"height\":2880,\"caption\":\"Talkpal, Inc.\"},\"image\":{\"@id\":\"https:\/\/talkpal.ai\/de\/#\/schema\/logo\/image\/\"},\"sameAs\":[\"https:\/\/www.facebook.com\/profile.php?id=100090733639311\",\"https:\/\/x.com\/talkpalai\",\"https:\/\/www.linkedin.com\/company\/talkpal\/\",\"https:\/\/www.youtube.com\/@TalkPal\/\",\"https:\/\/www.tiktok.com\/@talkpal\",\"https:\/\/www.instagram.com\/talkpal_ai\/\",\"https:\/\/www.crunchbase.com\/organization\/talkpal-9cde\",\"https:\/\/www.g2.com\/products\/talkpal-for-business\/\",\"https:\/\/www.trustpilot.com\/review\/talkpal.ai\",\"https:\/\/www.capterra.com\/p\/10006800\/TalkPal\/\"],\"description\":\"Talkpal is a language learning web and mobile education app, powered by the latest AI technologies, that provides engaging experiences to its customers in many different languages to help them improve their language skills. Users can chat about unlimited amount of topics with the app and use other modes to practice their language learning.\",\"email\":\"support@talkpal.ai\",\"legalName\":\"Talkpal, Inc.\",\"foundingDate\":\"2023-04-03\",\"duns\":\"118989042\",\"numberOfEmployees\":{\"@type\":\"QuantitativeValue\",\"minValue\":\"11\",\"maxValue\":\"50\"},\"publishingPrinciples\":\"https:\/\/talkpal.ai\/publishing-principles\/\",\"actionableFeedbackPolicy\":\"https:\/\/talkpal.ai\/actionable-feedback-policy\/\",\"correctionsPolicy\":\"https:\/\/talkpal.ai\/corrections-policy\/\",\"ethicsPolicy\":\"https:\/\/talkpal.ai\/ethics-policy\/\",\"diversityPolicy\":\"https:\/\/talkpal.ai\/diversity-policy\/\",\"diversityStaffingReport\":\"https:\/\/talkpal.ai\/diversity-policy\/\"}]}<\/script>\n<!-- \/ Yoast SEO Premium plugin. -->","yoast_head_json":{"title":"Tagalog-Grammatik - Talkpal","description":"Entdecken Sie die Grundlagen der Tagalog-Grammatik und lernen Sie, wie Sie diese sch\u00f6ne Sprache auf einfache und freundliche Weise sch\u00e4tzen k\u00f6nnen.","robots":{"index":"index","follow":"follow","max-snippet":"max-snippet:-1","max-image-preview":"max-image-preview:large","max-video-preview":"max-video-preview:-1"},"canonical":"https:\/\/talkpal.ai\/de\/tagalog-grammatik\/","og_locale":"de_DE","og_type":"article","og_title":"Tagalog-Grammatik","og_description":"Tagalog-Grammatik: Lernen Sie das Herz der philippinischen Sprache kennen Tagalog, die Grundlage f\u00fcr die Nationalsprache der Philippinen, Filipino, wird","og_url":"https:\/\/talkpal.ai\/de\/tagalog-grammatik\/","og_site_name":"Talkpal","article_publisher":"https:\/\/www.facebook.com\/profile.php?id=100090733639311","article_modified_time":"2025-12-17T15:39:19+00:00","og_image":[{"width":512,"height":512,"url":"https:\/\/talkpal.ai\/wp-content\/uploads\/2023\/05\/Tagalog-philippines.png","type":"image\/png"}],"twitter_card":"summary_large_image","twitter_site":"@talkpalai","twitter_misc":{"Gesch\u00e4tzte Lesezeit":"2\u00a0Minuten"},"schema":{"@context":"https:\/\/schema.org","@graph":[{"@type":"WebPage","@id":"https:\/\/talkpal.ai\/de\/tagalog-grammatik\/","url":"https:\/\/talkpal.ai\/de\/tagalog-grammatik\/","name":"Tagalog-Grammatik - Talkpal","isPartOf":{"@id":"https:\/\/talkpal.ai\/de\/#website"},"primaryImageOfPage":{"@id":"https:\/\/talkpal.ai\/de\/tagalog-grammatik\/#primaryimage"},"image":{"@id":"https:\/\/talkpal.ai\/de\/tagalog-grammatik\/#primaryimage"},"thumbnailUrl":"https:\/\/talkpal.ai\/wp-content\/uploads\/2023\/05\/Tagalog-philippines.png","datePublished":"2023-05-14T14:23:21+00:00","dateModified":"2025-12-17T15:39:19+00:00","description":"Entdecken Sie die Grundlagen der Tagalog-Grammatik und lernen Sie, wie Sie diese sch\u00f6ne Sprache auf einfache und freundliche Weise sch\u00e4tzen k\u00f6nnen.","breadcrumb":{"@id":"https:\/\/talkpal.ai\/de\/tagalog-grammatik\/#breadcrumb"},"inLanguage":"de","potentialAction":[{"@type":"ReadAction","target":["https:\/\/talkpal.ai\/de\/tagalog-grammatik\/"]}]},{"@type":"ImageObject","inLanguage":"de","@id":"https:\/\/talkpal.ai\/de\/tagalog-grammatik\/#primaryimage","url":"https:\/\/talkpal.ai\/wp-content\/uploads\/2023\/05\/Tagalog-philippines.png","contentUrl":"https:\/\/talkpal.ai\/wp-content\/uploads\/2023\/05\/Tagalog-philippines.png","width":512,"height":512},{"@type":"BreadcrumbList","@id":"https:\/\/talkpal.ai\/de\/tagalog-grammatik\/#breadcrumb","itemListElement":[{"@type":"ListItem","position":1,"name":"Homepage","item":"https:\/\/talkpal.ai\/de\/"},{"@type":"ListItem","position":2,"name":"Tagalog-Grammatik"}]},{"@type":"WebSite","@id":"https:\/\/talkpal.ai\/de\/#website","url":"https:\/\/talkpal.ai\/de\/","name":"Talkpal","description":"AI Language Learning","publisher":{"@id":"https:\/\/talkpal.ai\/de\/#organization"},"alternateName":"Talkpal AI","potentialAction":[{"@type":"SearchAction","target":{"@type":"EntryPoint","urlTemplate":"https:\/\/talkpal.ai\/de\/?s={search_term_string}"},"query-input":{"@type":"PropertyValueSpecification","valueRequired":true,"valueName":"search_term_string"}}],"inLanguage":"de"},{"@type":"Organization","@id":"https:\/\/talkpal.ai\/de\/#organization","name":"Talkpal, Inc.","alternateName":"Talkpal AI","url":"https:\/\/talkpal.ai\/de\/","logo":{"@type":"ImageObject","inLanguage":"de","@id":"https:\/\/talkpal.ai\/de\/#\/schema\/logo\/image\/","url":"https:\/\/talkpal.ai\/wp-content\/uploads\/2024\/03\/Talkpal-Logo-Icon.png","contentUrl":"https:\/\/talkpal.ai\/wp-content\/uploads\/2024\/03\/Talkpal-Logo-Icon.png","width":2880,"height":2880,"caption":"Talkpal, Inc."},"image":{"@id":"https:\/\/talkpal.ai\/de\/#\/schema\/logo\/image\/"},"sameAs":["https:\/\/www.facebook.com\/profile.php?id=100090733639311","https:\/\/x.com\/talkpalai","https:\/\/www.linkedin.com\/company\/talkpal\/","https:\/\/www.youtube.com\/@TalkPal\/","https:\/\/www.tiktok.com\/@talkpal","https:\/\/www.instagram.com\/talkpal_ai\/","https:\/\/www.crunchbase.com\/organization\/talkpal-9cde","https:\/\/www.g2.com\/products\/talkpal-for-business\/","https:\/\/www.trustpilot.com\/review\/talkpal.ai","https:\/\/www.capterra.com\/p\/10006800\/TalkPal\/"],"description":"Talkpal is a language learning web and mobile education app, powered by the latest AI technologies, that provides engaging experiences to its customers in many different languages to help them improve their language skills. Users can chat about unlimited amount of topics with the app and use other modes to practice their language learning.","email":"support@talkpal.ai","legalName":"Talkpal, Inc.","foundingDate":"2023-04-03","duns":"118989042","numberOfEmployees":{"@type":"QuantitativeValue","minValue":"11","maxValue":"50"},"publishingPrinciples":"https:\/\/talkpal.ai\/publishing-principles\/","actionableFeedbackPolicy":"https:\/\/talkpal.ai\/actionable-feedback-policy\/","correctionsPolicy":"https:\/\/talkpal.ai\/corrections-policy\/","ethicsPolicy":"https:\/\/talkpal.ai\/ethics-policy\/","diversityPolicy":"https:\/\/talkpal.ai\/diversity-policy\/","diversityStaffingReport":"https:\/\/talkpal.ai\/diversity-policy\/"}]}},"_links":{"self":[{"href":"https:\/\/talkpal.ai\/de\/wp-json\/wp\/v2\/pages\/73482","targetHints":{"allow":["GET"]}}],"collection":[{"href":"https:\/\/talkpal.ai\/de\/wp-json\/wp\/v2\/pages"}],"about":[{"href":"https:\/\/talkpal.ai\/de\/wp-json\/wp\/v2\/types\/page"}],"author":[{"embeddable":true,"href":"https:\/\/talkpal.ai\/de\/wp-json\/wp\/v2\/users\/1"}],"replies":[{"embeddable":true,"href":"https:\/\/talkpal.ai\/de\/wp-json\/wp\/v2\/comments?post=73482"}],"version-history":[{"count":0,"href":"https:\/\/talkpal.ai\/de\/wp-json\/wp\/v2\/pages\/73482\/revisions"}],"wp:featuredmedia":[{"embeddable":true,"href":"https:\/\/talkpal.ai\/de\/wp-json\/wp\/v2\/media\/28701"}],"wp:attachment":[{"href":"https:\/\/talkpal.ai\/de\/wp-json\/wp\/v2\/media?parent=73482"}],"curies":[{"name":"wp","href":"https:\/\/api.w.org\/{rel}","templated":true}]}}