{"id":73479,"date":"2023-05-14T14:20:10","date_gmt":"2023-05-14T14:20:10","guid":{"rendered":"http:\/\/talkpal.ai\/slowenische-grammatik\/"},"modified":"2025-12-12T11:07:49","modified_gmt":"2025-12-12T11:07:49","slug":"slowenische-grammatik","status":"publish","type":"page","link":"https:\/\/talkpal.ai\/de\/slowenische-grammatik\/","title":{"rendered":"Slowenische Grammatik"},"content":{"rendered":"\r\n\r\n\r\n<section class=\"languageChallengeSection\">\r\n    <div class=\"languageInfoWrapper\">\r\n        \r\n        <h1>Slowenische Grammatik<\/h1>\r\n        <p>Erschlie\u00dfen Sie sich den unverwechselbaren Charme der slowenischen Sprache, indem Sie die wichtigsten Grammatikregeln beherrschen. Mit soliden Kenntnissen der slowenischen <a href=\"https:\/\/talkpal.ai\/fr\/les\/\">Grammatik<\/a> werden Sie in der Lage sein, sich mit Muttersprachlern zu unterhalten und das reiche kulturelle Erbe des Landes besser zu verstehen. Beginnen Sie noch heute mit dem Erlernen der slowenischen Grammatik und machen Sie den ersten Schritt in Richtung flie\u00dfend sprechen!<\/p>\r\n\r\n                            <a class=\"getStartedHidden\" href=\"https:\/\/app.talkpal.ai\/de\/signup?lng=\">Leg los<\/a>\r\n        \r\n    <\/div>\r\n\r\n    <figure>\r\n    <img decoding=\"async\" width=\"768\" height=\"768\" src=\"https:\/\/talkpal.ai\/wp-content\/uploads\/2023\/06\/slovenian-768x768.png\" class=\"languageImage no-lazy\" alt=\"Default alt text\" fetchpriority=\"high\" sizes=\"(max-width: 768px) 150px, 768px\" srcset=\"https:\/\/talkpal.ai\/wp-content\/uploads\/2023\/06\/slovenian-768x768.png 768w, https:\/\/talkpal.ai\/wp-content\/uploads\/2023\/06\/slovenian-300x300.png 300w\" \/>\r\n    \r\n\r\n    <\/figure>\r\n\r\n            <a class=\"getStartedVisible\" href=\"https:\/\/app.talkpal.ai\/de\/signup?lng=\">Leg los<\/a>\r\n    \r\n<\/section>\r\n        <section class=\"grammarSection\">\r\n            <div class=\"grammarLinks\">\r\n                <a href=\"https:\/\/talkpal.ai\/de\/language\/adjektive-slowenische-grammatik\/\">Adjektive <\/a><a href=\"https:\/\/talkpal.ai\/de\/language\/adverbien-slowenische-grammatik\/\">Adverbien <\/a><a href=\"https:\/\/talkpal.ai\/de\/language\/artikel-slowenische-grammatik\/\">Artikel <\/a><a href=\"https:\/\/talkpal.ai\/de\/language\/konditionale-slowenische-grammatik\/\">Konditionale <\/a><a href=\"https:\/\/talkpal.ai\/de\/language\/perfekt-progressiv-slowenische-grammatik\/\">Perfekt Progressiv <\/a><a href=\"https:\/\/talkpal.ai\/de\/language\/prapositionen-slowenische-grammatik\/\">Pr\u00e4positionen <\/a><a href=\"https:\/\/talkpal.ai\/de\/language\/progressiv-slowenische-grammatik\/\">Progressiv <\/a><a href=\"https:\/\/talkpal.ai\/de\/language\/pronomen-determinanten-slowenische-grammatik\/\">Pronomen\/Determinanten <\/a><a href=\"https:\/\/talkpal.ai\/de\/language\/satze-slowenische-grammatik\/\">S\u00e4tze <\/a><a href=\"https:\/\/talkpal.ai\/de\/language\/substantive-slowenische-grammatik\/\">Substantive <\/a><a href=\"https:\/\/talkpal.ai\/de\/language\/verben-slowenische-grammatik\/\">Verben <\/a><a href=\"https:\/\/talkpal.ai\/de\/language\/zeitformen-slowenische-grammatik\/\">Zeitformen <\/a><a href=\"https:\/\/talkpal.ai\/de\/language\/zeitvergleich-slowenische-grammatik\/\">Zeitvergleich <\/a>            <\/div>\r\n        <\/section>\r\n    <section class=\"promotionalBanner\">\r\n    <p class=\"promotionalText\">Der effizienteste Weg, eine Sprache zu lernen<\/p>\r\n    <a class=\"promotionalLink\" href=\"https:\/\/app.talkpal.ai\/de\/signup?lng=\">Talkpal kostenlos<\/a>\r\n<\/section>\n<div class=\"wp-block-group pageContainerStyle\"><div class=\"wp-block-group__inner-container is-layout-constrained wp-block-group-is-layout-constrained\">\n<h1 class=\"wp-block-heading\" id=\"h-slovenian-grammar-a-short-introduction-for-language-lovers\">Slowenische Grammatik: Eine kurze Einf\u00fchrung f\u00fcr Sprachliebhaber<\/h1>\n\n\n\n<p>Sind Sie bereit, in die bezaubernde Welt des Slowenischen, einer atemberaubenden slawischen Sprache, einzutauchen? Sie werden begeistert sein! Dieser kurze Leitfaden gibt Ihnen einen Einblick in die <a href=\"https:\/\/talkpal.ai\/es\/gramatica-eslovena\/\">slowenische Grammatik<\/a>, die f\u00fcr das Verst\u00e4ndnis und die Beherrschung dieser faszinierenden Sprache unerl\u00e4sslich ist. Lassen Sie sich also auf dieses sprachliche Abenteuer ein und erkunden Sie Schritt f\u00fcr Schritt die Feinheiten der slowenischen Grammatik.<\/p>\n\n\n\n<p><a href=\"https:\/\/talkpal.ai\/learn-slovenian\/\">Slowenisch<\/a>, auch Slowenisch genannt, wird in Slowenien \u00fcberwiegend von rund 2,5 Millionen Menschen gesprochen. Als s\u00fcdslawische Sprache teilt sie einige Merkmale mit ihren nahen Verwandten wie <a href=\"https:\/\/talkpal.ai\/learn-serbian\/\">Serbisch<\/a>, <a href=\"https:\/\/talkpal.ai\/learn-croatian\/\">Kroatisch<\/a> und <a href=\"https:\/\/talkpal.ai\/learn-bulgarian\/\">Bulgarisch<\/a>. Slowenisch r\u00fchmt sich jedoch seiner einzigartigen Wendungen und seines Flairs.<\/p>\n\n\n\n<p>Lassen Sie uns ohne Umschweife auf die wichtigsten Aspekte der slowenischen Grammatik eingehen:<\/p>\n\n\n\n<h3 class=\"wp-block-heading\" id=\"h-1-nouns-and-cases\">1. Substantive und Kasus:<\/h3>\n\n\n\n<p><a href=\"https:\/\/talkpal.ai\/de\/grammar\/allgemeine-substantive-in-der-slowenischen-grammatik\/\">Slowenische Substantive<\/a> gibt es in drei Geschlechtern \u2013 maskulin, feminin und neutrum. Jedes Substantiv kann in einem der sechs slowenischen F\u00e4lle verwendet werden: Nominativ, Genitiv, Dativ, Akkusativ, Lokativ und Instrumental. Diese F\u00e4lle dr\u00fccken unterschiedliche grammatikalische Funktionen oder Beziehungen zwischen W\u00f6rtern aus, so dass es wichtig ist, ihre richtige Verwendung im Kontext zu lernen.<\/p>\n\n\n\n<h3 class=\"wp-block-heading\" id=\"h-2-articles\">2. Artikel:<\/h3>\n\n\n\n<p>Hier eine gute Nachricht &#8211; das Slowenische verwendet keine Artikel wie &#8222;der&#8220; oder &#8222;a&#8220;! Stattdessen wird die Bedeutung durch die Verwendung von Gro\u00df- und Kleinschreibung und Wortstellung vermittelt. Dies k\u00f6nnte Ihnen das Erlernen der slowenischen Sprache etwas erleichtern, vor allem wenn Sie Sprachen mit komplexen Artikelsystemen nicht gewohnt sind.<\/p>\n\n\n\n<h3 class=\"wp-block-heading\" id=\"h-3-adjectives\">3. Adjektive:<\/h3>\n\n\n\n<p>Genau wie Substantive stimmen Adjektive im Slowenischen in Geschlecht, Zahl und Gro\u00df- und Kleinschreibung mit dem Substantiv \u00fcberein, das sie modifizieren. Das macht die Verwendung von Adjektiven etwas komplizierter als im Englischen, aber keine Sorge &#8211; mit etwas \u00dcbung werden Sie die slowenischen Adjektive im Handumdrehen beherrschen!<\/p>\n\n\n\n<h3 class=\"wp-block-heading\" id=\"h-4-verbs\">4. Verben:<\/h3>\n\n\n\n<p>Die slowenische Sprache hat ein dreistufiges Verbsystem: drei Konjugationsgruppen, je nachdem, ob der Stamm des Verbs auf die Infinitivform endet. Slowenische Verben haben auch verschiedene Zeitformen und Stimmungen, einschlie\u00dflich der einzigartigen Doppelform, die verwendet wird, wenn man sich auf zwei Subjekte oder Objekte bezieht. Bereiten Sie sich darauf vor, einige Zeit damit zu verbringen, slowenische Verbkonjugationen zu lernen und zu \u00fcben, um Vertrauen in Ihre Sprachkenntnisse zu gewinnen.<\/p>\n\n\n\n<h3 class=\"wp-block-heading\" id=\"h-5-word-order\">5. Wortstellung:<\/h3>\n\n\n\n<p>Im Slowenischen folgt man im Allgemeinen einer Subjekt-Verb-Objekt-Wortstellung (SVO), die Englischsprachigen vertraut sein sollte. Die Sprache genie\u00dft jedoch ein gewisses Ma\u00df an Flexibilit\u00e4t, so dass Sie bestimmte Teile des Satzes hervorheben k\u00f6nnen, indem Sie die Wortstellung \u00e4ndern. Es ist wichtig, Cases korrekt zu verwenden, um Verwirrung zu vermeiden und die beabsichtigte Bedeutung zu vermitteln.<\/p>\n\n\n\n<h3 class=\"wp-block-heading\" id=\"h-6-pronouns-and-prepositions\">6. Pronomen und Pr\u00e4positionen:<\/h3>\n\n\n\n<p>Slowenische Pronomen werden, wie andere Elemente der Sprache, von Geschlecht, Zahl und Gro\u00df- und Kleinschreibung beeinflusst. Es gibt sie in verschiedenen Formen, z. B. pers\u00f6nlich, besitzergreifend, demonstrativ und reflexiv. Wenn du dich mit slowenischen Pr\u00e4positionen vertraut machst, kannst du auch W\u00f6rter und S\u00e4tze verbinden, um komplexere S\u00e4tze zu bilden.<\/p>\n\n\n\n<p>So, jetzt haben Sie ein Grundverst\u00e4ndnis der slowenischen Grammatik! Denken Sie daran, dass das Erlernen einer Sprache Hingabe und \u00dcbung erfordert. Nehmen Sie die Herausforderungen an, und z\u00f6gern Sie nicht, aus Ihren Fehlern zu lernen. Denken Sie daran, dass das Erlernen einer neuen Sprache eine aufregende Reise voller unvergesslicher Erfahrungen und lohnender Entdeckungen ist. Sre\u010dno!<\/p>\n<\/div><\/div>\n\r\n<section class=\"learnNavigationSection\">\r\n            \r\n        <a href=\"https:\/\/talkpal.ai\/de\/slowenisch-lernen\/\">\r\n            <div class=\"learnNavigationWrapper\">\r\n                <div class=\"learnNavigationContent\">\r\n                    <img decoding=\"async\" src=\"https:\/\/talkpal.ai\/wp-content\/uploads\/2024\/08\/Slovenian.jpg\" alt=\"Slovenian Flag\">\r\n                    <div>\r\n                        <h4>\u00dcber Slowenisch lernen<\/h4>\r\n                        <p>Erfahren Sie alles \u00fcber die slowenische Grammatik.<\/p>\r\n                    <\/div>\r\n                <\/div>\r\n            <\/div>\r\n        <\/a>\r\n\r\n        \r\n        <a href=\"https:\/\/talkpal.ai\/de\/slowenische-grammatikuebungen\/\">\r\n            <div class=\"learnNavigationWrapper\">\r\n                <div class=\"learnNavigationContent\">\r\n                    <img decoding=\"async\" src=\"https:\/\/talkpal.ai\/wp-content\/uploads\/2024\/08\/Slovenian.jpg\" alt=\"Slovenian Flag\">\r\n                    <div>\r\n                        <h4>\u00dcbung zur slowenischen Grammatik<\/h4>\r\n                        <p>\u00dcben Sie die slowenische Grammatik .<\/p>\r\n                    <\/div>\r\n                <\/div>\r\n            <\/div>\r\n        <\/a>\r\n\r\n        \r\n        <a href=\"https:\/\/talkpal.ai\/vocabulary_language\/slovenian\/\">\r\n            <div class=\"learnNavigationWrapper\">\r\n                <div class=\"learnNavigationContent\">\r\n                    <img decoding=\"async\" src=\"https:\/\/talkpal.ai\/wp-content\/uploads\/2024\/08\/Slovenian.jpg\" alt=\"Slovenian Flag\">\r\n                    <div>\r\n                        <h4>Slowenisch Wortschatz<\/h4>\r\n                        <p>Erweitern Sie Ihren slowenischen Wortschatz.<\/p>\r\n                    <\/div>\r\n                <\/div>\r\n            <\/div>\r\n        <\/a>\r\n\r\n            <\/section>","protected":false},"excerpt":{"rendered":"<p>Slowenische Grammatik: Eine kurze Einf\u00fchrung f\u00fcr Sprachliebhaber Sind Sie bereit, in die bezaubernde Welt des Slowenischen, einer atemberaubenden slawischen Sprache, einzutauchen? Sie werden begeistert sein! Dieser kurze Leitfaden gibt Ihnen einen Einblick in die slowenische Grammatik, die f\u00fcr das Verst\u00e4ndnis und die Beherrschung dieser faszinierenden Sprache unerl\u00e4sslich ist. Lassen Sie sich also auf dieses sprachliche [&hellip;]<\/p>\n","protected":false},"author":1,"featured_media":28653,"parent":0,"menu_order":0,"comment_status":"closed","ping_status":"closed","template":"LearningContentPage.php","meta":{"_acf_changed":false,"footnotes":""},"class_list":["post-73479","page","type-page","status-publish","has-post-thumbnail","hentry"],"acf":[],"yoast_head":"<!-- This site is optimized with the Yoast SEO Premium plugin v27.2 (Yoast SEO v27.2) - https:\/\/yoast.com\/product\/yoast-seo-premium-wordpress\/ -->\n<title>Slowenische Grammatik - Talkpal<\/title>\n<meta name=\"description\" content=\"Lernen Sie die Feinheiten der slowenischen Grammatik kennen, um Ihre Sprachkenntnisse und Ihr Verst\u00e4ndnis zu verbessern. Meistern Sie noch heute die Kunst der Grammatik.\" \/>\n<meta name=\"robots\" content=\"index, follow, max-snippet:-1, max-image-preview:large, max-video-preview:-1\" \/>\n<link rel=\"canonical\" href=\"https:\/\/talkpal.ai\/de\/slowenische-grammatik\/\" \/>\n<meta property=\"og:locale\" content=\"de_DE\" \/>\n<meta property=\"og:type\" content=\"article\" \/>\n<meta property=\"og:title\" content=\"Slowenische Grammatik\" \/>\n<meta property=\"og:description\" content=\"Slowenische Grammatik: Eine kurze Einf\u00fchrung f\u00fcr Sprachliebhaber Sind Sie bereit, in die bezaubernde Welt des Slowenischen, einer atemberaubenden\" \/>\n<meta property=\"og:url\" content=\"https:\/\/talkpal.ai\/de\/slowenische-grammatik\/\" \/>\n<meta property=\"og:site_name\" content=\"Talkpal\" \/>\n<meta property=\"article:publisher\" content=\"https:\/\/www.facebook.com\/profile.php?id=100090733639311\" \/>\n<meta property=\"article:modified_time\" content=\"2025-12-12T11:07:49+00:00\" \/>\n<meta property=\"og:image\" content=\"https:\/\/talkpal.ai\/wp-content\/uploads\/2023\/05\/slovenia.png\" \/>\n\t<meta property=\"og:image:width\" content=\"512\" \/>\n\t<meta property=\"og:image:height\" content=\"512\" \/>\n\t<meta property=\"og:image:type\" content=\"image\/png\" \/>\n<meta name=\"twitter:card\" content=\"summary_large_image\" \/>\n<meta name=\"twitter:site\" content=\"@talkpalai\" \/>\n<meta name=\"twitter:label1\" content=\"Gesch\u00e4tzte Lesezeit\" \/>\n\t<meta name=\"twitter:data1\" content=\"3\u00a0Minuten\" \/>\n<script type=\"application\/ld+json\" class=\"yoast-schema-graph\">{\"@context\":\"https:\/\/schema.org\",\"@graph\":[{\"@type\":\"WebPage\",\"@id\":\"https:\/\/talkpal.ai\/de\/slowenische-grammatik\/\",\"url\":\"https:\/\/talkpal.ai\/de\/slowenische-grammatik\/\",\"name\":\"Slowenische Grammatik - Talkpal\",\"isPartOf\":{\"@id\":\"https:\/\/talkpal.ai\/de\/#website\"},\"primaryImageOfPage\":{\"@id\":\"https:\/\/talkpal.ai\/de\/slowenische-grammatik\/#primaryimage\"},\"image\":{\"@id\":\"https:\/\/talkpal.ai\/de\/slowenische-grammatik\/#primaryimage\"},\"thumbnailUrl\":\"https:\/\/talkpal.ai\/wp-content\/uploads\/2023\/05\/slovenia.png\",\"datePublished\":\"2023-05-14T14:20:10+00:00\",\"dateModified\":\"2025-12-12T11:07:49+00:00\",\"description\":\"Lernen Sie die Feinheiten der slowenischen Grammatik kennen, um Ihre Sprachkenntnisse und Ihr Verst\u00e4ndnis zu verbessern. Meistern Sie noch heute die Kunst der Grammatik.\",\"breadcrumb\":{\"@id\":\"https:\/\/talkpal.ai\/de\/slowenische-grammatik\/#breadcrumb\"},\"inLanguage\":\"de\",\"potentialAction\":[{\"@type\":\"ReadAction\",\"target\":[\"https:\/\/talkpal.ai\/de\/slowenische-grammatik\/\"]}]},{\"@type\":\"ImageObject\",\"inLanguage\":\"de\",\"@id\":\"https:\/\/talkpal.ai\/de\/slowenische-grammatik\/#primaryimage\",\"url\":\"https:\/\/talkpal.ai\/wp-content\/uploads\/2023\/05\/slovenia.png\",\"contentUrl\":\"https:\/\/talkpal.ai\/wp-content\/uploads\/2023\/05\/slovenia.png\",\"width\":512,\"height\":512},{\"@type\":\"BreadcrumbList\",\"@id\":\"https:\/\/talkpal.ai\/de\/slowenische-grammatik\/#breadcrumb\",\"itemListElement\":[{\"@type\":\"ListItem\",\"position\":1,\"name\":\"Homepage\",\"item\":\"https:\/\/talkpal.ai\/de\/\"},{\"@type\":\"ListItem\",\"position\":2,\"name\":\"Slowenische Grammatik\"}]},{\"@type\":\"WebSite\",\"@id\":\"https:\/\/talkpal.ai\/de\/#website\",\"url\":\"https:\/\/talkpal.ai\/de\/\",\"name\":\"Talkpal\",\"description\":\"AI Language Learning\",\"publisher\":{\"@id\":\"https:\/\/talkpal.ai\/de\/#organization\"},\"alternateName\":\"Talkpal AI\",\"potentialAction\":[{\"@type\":\"SearchAction\",\"target\":{\"@type\":\"EntryPoint\",\"urlTemplate\":\"https:\/\/talkpal.ai\/de\/?s={search_term_string}\"},\"query-input\":{\"@type\":\"PropertyValueSpecification\",\"valueRequired\":true,\"valueName\":\"search_term_string\"}}],\"inLanguage\":\"de\"},{\"@type\":\"Organization\",\"@id\":\"https:\/\/talkpal.ai\/de\/#organization\",\"name\":\"Talkpal, Inc.\",\"alternateName\":\"Talkpal AI\",\"url\":\"https:\/\/talkpal.ai\/de\/\",\"logo\":{\"@type\":\"ImageObject\",\"inLanguage\":\"de\",\"@id\":\"https:\/\/talkpal.ai\/de\/#\/schema\/logo\/image\/\",\"url\":\"https:\/\/talkpal.ai\/wp-content\/uploads\/2024\/03\/Talkpal-Logo-Icon.png\",\"contentUrl\":\"https:\/\/talkpal.ai\/wp-content\/uploads\/2024\/03\/Talkpal-Logo-Icon.png\",\"width\":2880,\"height\":2880,\"caption\":\"Talkpal, Inc.\"},\"image\":{\"@id\":\"https:\/\/talkpal.ai\/de\/#\/schema\/logo\/image\/\"},\"sameAs\":[\"https:\/\/www.facebook.com\/profile.php?id=100090733639311\",\"https:\/\/x.com\/talkpalai\",\"https:\/\/www.linkedin.com\/company\/talkpal\/\",\"https:\/\/www.youtube.com\/@TalkPal\/\",\"https:\/\/www.tiktok.com\/@talkpal\",\"https:\/\/www.instagram.com\/talkpal_ai\/\",\"https:\/\/www.crunchbase.com\/organization\/talkpal-9cde\",\"https:\/\/www.g2.com\/products\/talkpal-for-business\/\",\"https:\/\/www.trustpilot.com\/review\/talkpal.ai\",\"https:\/\/www.capterra.com\/p\/10006800\/TalkPal\/\"],\"description\":\"Talkpal is a language learning web and mobile education app, powered by the latest AI technologies, that provides engaging experiences to its customers in many different languages to help them improve their language skills. Users can chat about unlimited amount of topics with the app and use other modes to practice their language learning.\",\"email\":\"support@talkpal.ai\",\"legalName\":\"Talkpal, Inc.\",\"foundingDate\":\"2023-04-03\",\"duns\":\"118989042\",\"numberOfEmployees\":{\"@type\":\"QuantitativeValue\",\"minValue\":\"11\",\"maxValue\":\"50\"},\"publishingPrinciples\":\"https:\/\/talkpal.ai\/publishing-principles\/\",\"actionableFeedbackPolicy\":\"https:\/\/talkpal.ai\/actionable-feedback-policy\/\",\"correctionsPolicy\":\"https:\/\/talkpal.ai\/corrections-policy\/\",\"ethicsPolicy\":\"https:\/\/talkpal.ai\/ethics-policy\/\",\"diversityPolicy\":\"https:\/\/talkpal.ai\/diversity-policy\/\",\"diversityStaffingReport\":\"https:\/\/talkpal.ai\/diversity-policy\/\"}]}<\/script>\n<!-- \/ Yoast SEO Premium plugin. -->","yoast_head_json":{"title":"Slowenische Grammatik - Talkpal","description":"Lernen Sie die Feinheiten der slowenischen Grammatik kennen, um Ihre Sprachkenntnisse und Ihr Verst\u00e4ndnis zu verbessern. Meistern Sie noch heute die Kunst der Grammatik.","robots":{"index":"index","follow":"follow","max-snippet":"max-snippet:-1","max-image-preview":"max-image-preview:large","max-video-preview":"max-video-preview:-1"},"canonical":"https:\/\/talkpal.ai\/de\/slowenische-grammatik\/","og_locale":"de_DE","og_type":"article","og_title":"Slowenische Grammatik","og_description":"Slowenische Grammatik: Eine kurze Einf\u00fchrung f\u00fcr Sprachliebhaber Sind Sie bereit, in die bezaubernde Welt des Slowenischen, einer atemberaubenden","og_url":"https:\/\/talkpal.ai\/de\/slowenische-grammatik\/","og_site_name":"Talkpal","article_publisher":"https:\/\/www.facebook.com\/profile.php?id=100090733639311","article_modified_time":"2025-12-12T11:07:49+00:00","og_image":[{"width":512,"height":512,"url":"https:\/\/talkpal.ai\/wp-content\/uploads\/2023\/05\/slovenia.png","type":"image\/png"}],"twitter_card":"summary_large_image","twitter_site":"@talkpalai","twitter_misc":{"Gesch\u00e4tzte Lesezeit":"3\u00a0Minuten"},"schema":{"@context":"https:\/\/schema.org","@graph":[{"@type":"WebPage","@id":"https:\/\/talkpal.ai\/de\/slowenische-grammatik\/","url":"https:\/\/talkpal.ai\/de\/slowenische-grammatik\/","name":"Slowenische Grammatik - Talkpal","isPartOf":{"@id":"https:\/\/talkpal.ai\/de\/#website"},"primaryImageOfPage":{"@id":"https:\/\/talkpal.ai\/de\/slowenische-grammatik\/#primaryimage"},"image":{"@id":"https:\/\/talkpal.ai\/de\/slowenische-grammatik\/#primaryimage"},"thumbnailUrl":"https:\/\/talkpal.ai\/wp-content\/uploads\/2023\/05\/slovenia.png","datePublished":"2023-05-14T14:20:10+00:00","dateModified":"2025-12-12T11:07:49+00:00","description":"Lernen Sie die Feinheiten der slowenischen Grammatik kennen, um Ihre Sprachkenntnisse und Ihr Verst\u00e4ndnis zu verbessern. Meistern Sie noch heute die Kunst der Grammatik.","breadcrumb":{"@id":"https:\/\/talkpal.ai\/de\/slowenische-grammatik\/#breadcrumb"},"inLanguage":"de","potentialAction":[{"@type":"ReadAction","target":["https:\/\/talkpal.ai\/de\/slowenische-grammatik\/"]}]},{"@type":"ImageObject","inLanguage":"de","@id":"https:\/\/talkpal.ai\/de\/slowenische-grammatik\/#primaryimage","url":"https:\/\/talkpal.ai\/wp-content\/uploads\/2023\/05\/slovenia.png","contentUrl":"https:\/\/talkpal.ai\/wp-content\/uploads\/2023\/05\/slovenia.png","width":512,"height":512},{"@type":"BreadcrumbList","@id":"https:\/\/talkpal.ai\/de\/slowenische-grammatik\/#breadcrumb","itemListElement":[{"@type":"ListItem","position":1,"name":"Homepage","item":"https:\/\/talkpal.ai\/de\/"},{"@type":"ListItem","position":2,"name":"Slowenische Grammatik"}]},{"@type":"WebSite","@id":"https:\/\/talkpal.ai\/de\/#website","url":"https:\/\/talkpal.ai\/de\/","name":"Talkpal","description":"AI Language Learning","publisher":{"@id":"https:\/\/talkpal.ai\/de\/#organization"},"alternateName":"Talkpal AI","potentialAction":[{"@type":"SearchAction","target":{"@type":"EntryPoint","urlTemplate":"https:\/\/talkpal.ai\/de\/?s={search_term_string}"},"query-input":{"@type":"PropertyValueSpecification","valueRequired":true,"valueName":"search_term_string"}}],"inLanguage":"de"},{"@type":"Organization","@id":"https:\/\/talkpal.ai\/de\/#organization","name":"Talkpal, Inc.","alternateName":"Talkpal AI","url":"https:\/\/talkpal.ai\/de\/","logo":{"@type":"ImageObject","inLanguage":"de","@id":"https:\/\/talkpal.ai\/de\/#\/schema\/logo\/image\/","url":"https:\/\/talkpal.ai\/wp-content\/uploads\/2024\/03\/Talkpal-Logo-Icon.png","contentUrl":"https:\/\/talkpal.ai\/wp-content\/uploads\/2024\/03\/Talkpal-Logo-Icon.png","width":2880,"height":2880,"caption":"Talkpal, Inc."},"image":{"@id":"https:\/\/talkpal.ai\/de\/#\/schema\/logo\/image\/"},"sameAs":["https:\/\/www.facebook.com\/profile.php?id=100090733639311","https:\/\/x.com\/talkpalai","https:\/\/www.linkedin.com\/company\/talkpal\/","https:\/\/www.youtube.com\/@TalkPal\/","https:\/\/www.tiktok.com\/@talkpal","https:\/\/www.instagram.com\/talkpal_ai\/","https:\/\/www.crunchbase.com\/organization\/talkpal-9cde","https:\/\/www.g2.com\/products\/talkpal-for-business\/","https:\/\/www.trustpilot.com\/review\/talkpal.ai","https:\/\/www.capterra.com\/p\/10006800\/TalkPal\/"],"description":"Talkpal is a language learning web and mobile education app, powered by the latest AI technologies, that provides engaging experiences to its customers in many different languages to help them improve their language skills. Users can chat about unlimited amount of topics with the app and use other modes to practice their language learning.","email":"support@talkpal.ai","legalName":"Talkpal, Inc.","foundingDate":"2023-04-03","duns":"118989042","numberOfEmployees":{"@type":"QuantitativeValue","minValue":"11","maxValue":"50"},"publishingPrinciples":"https:\/\/talkpal.ai\/publishing-principles\/","actionableFeedbackPolicy":"https:\/\/talkpal.ai\/actionable-feedback-policy\/","correctionsPolicy":"https:\/\/talkpal.ai\/corrections-policy\/","ethicsPolicy":"https:\/\/talkpal.ai\/ethics-policy\/","diversityPolicy":"https:\/\/talkpal.ai\/diversity-policy\/","diversityStaffingReport":"https:\/\/talkpal.ai\/diversity-policy\/"}]}},"_links":{"self":[{"href":"https:\/\/talkpal.ai\/de\/wp-json\/wp\/v2\/pages\/73479","targetHints":{"allow":["GET"]}}],"collection":[{"href":"https:\/\/talkpal.ai\/de\/wp-json\/wp\/v2\/pages"}],"about":[{"href":"https:\/\/talkpal.ai\/de\/wp-json\/wp\/v2\/types\/page"}],"author":[{"embeddable":true,"href":"https:\/\/talkpal.ai\/de\/wp-json\/wp\/v2\/users\/1"}],"replies":[{"embeddable":true,"href":"https:\/\/talkpal.ai\/de\/wp-json\/wp\/v2\/comments?post=73479"}],"version-history":[{"count":0,"href":"https:\/\/talkpal.ai\/de\/wp-json\/wp\/v2\/pages\/73479\/revisions"}],"wp:featuredmedia":[{"embeddable":true,"href":"https:\/\/talkpal.ai\/de\/wp-json\/wp\/v2\/media\/28653"}],"wp:attachment":[{"href":"https:\/\/talkpal.ai\/de\/wp-json\/wp\/v2\/media?parent=73479"}],"curies":[{"name":"wp","href":"https:\/\/api.w.org\/{rel}","templated":true}]}}