{"id":73478,"date":"2023-06-16T09:39:29","date_gmt":"2023-06-16T09:39:29","guid":{"rendered":"http:\/\/talkpal.ai\/chinesische-grammatikuebungen\/"},"modified":"2025-05-22T21:25:35","modified_gmt":"2025-05-22T21:25:35","slug":"chinesische-grammatikuebungen","status":"publish","type":"page","link":"https:\/\/talkpal.ai\/de\/chinesische-grammatikuebungen\/","title":{"rendered":"Chinesische Grammatik\u00fcbungen"},"content":{"rendered":"\r\n\r\n\r\n<section class=\"languageChallengeSection\">\r\n    <div class=\"languageInfoWrapper\">\r\n        \r\n        <h1>Chinesische Grammatik\u00fcbungen<\/h1>\r\n        <p>M\u00f6chten Sie Ihre Chinesischkenntnisse verbessern? Die Konzentration auf Grammatik\u00fcbungen hilft Ihnen, die Satzstruktur zu verstehen, wesentliche Muster zu beherrschen und Ihr Selbstvertrauen in allt\u00e4glichen Gespr\u00e4chen zu st\u00e4rken. Fangen Sie noch heute an, die chinesische <a href=\"https:\/\/talkpal.ai\/fr\/les\/\">Grammatik<\/a> zu \u00fcben, und machen Sie mit jeder \u00dcbung einen Schritt in Richtung fl\u00fcssiges Sprechen!<\/p>\r\n\r\n                            <a class=\"getStartedHidden\" href=\"https:\/\/app.talkpal.ai\/de\/signup?lng=\">Leg los<\/a>\r\n        \r\n    <\/div>\r\n\r\n    <figure>\r\n    <img decoding=\"async\" width=\"768\" height=\"768\" src=\"https:\/\/talkpal.ai\/wp-content\/uploads\/2023\/06\/chinese-768x768.png\" class=\"languageImage no-lazy\" alt=\"Default alt text\" fetchpriority=\"high\" sizes=\"(max-width: 768px) 150px, 768px\" srcset=\"https:\/\/talkpal.ai\/wp-content\/uploads\/2023\/06\/chinese-768x768.png 768w, https:\/\/talkpal.ai\/wp-content\/uploads\/2023\/06\/chinese-300x300.png 300w\" \/>\r\n    \r\n\r\n    <\/figure>\r\n\r\n            <a class=\"getStartedVisible\" href=\"https:\/\/app.talkpal.ai\/de\/signup?lng=\">Leg los<\/a>\r\n    \r\n<\/section>\r\n\r\n\r\n<!-- <section class=\"grammarSection\">\r\n    <div class=\"grammarLinks\">\r\n        <a href=\"https:\/\/talkpal.ai\/de\/exercise_language\/adjektive-chinesische-grammatik\/\">Adjektive <\/a><a href=\"https:\/\/talkpal.ai\/de\/exercise_language\/adverbien-chinesische-grammatik\/\">Adverbien <\/a><a href=\"https:\/\/talkpal.ai\/de\/exercise_language\/artikel-chinesische-grammatik\/\">Artikel <\/a><a href=\"https:\/\/talkpal.ai\/de\/exercise_language\/prapositionen-chinesische-grammatik\/\">Pr\u00e4positionen <\/a><a href=\"https:\/\/talkpal.ai\/de\/exercise_language\/pronomen-chinesische-grammatik\/\">Pronomen <\/a><a href=\"https:\/\/talkpal.ai\/de\/exercise_language\/satzbau-chinesische-grammatik\/\">Satzbau <\/a><a href=\"https:\/\/talkpal.ai\/de\/exercise_language\/substantive-chinesische-grammatik\/\">Substantive <\/a><a href=\"https:\/\/talkpal.ai\/de\/exercise_language\/verben-chinesische-grammatik\/\">Verben <\/a><a href=\"https:\/\/talkpal.ai\/de\/exercise_language\/zeitformen-chinesische-grammatik\/\">Zeitformen <\/a>    <\/div>\r\n<\/section> -->\r\n\r\n\r\n\r\n\r\n        <section class=\"grammarSection\">\r\n            <div class=\"grammarLinks\">\r\n                <a href=\"https:\/\/talkpal.ai\/de\/exercise_language\/adjektive-chinesische-grammatik\/\">Adjektive <\/a><a href=\"https:\/\/talkpal.ai\/de\/exercise_language\/adverbien-chinesische-grammatik\/\">Adverbien <\/a><a href=\"https:\/\/talkpal.ai\/de\/exercise_language\/artikel-chinesische-grammatik\/\">Artikel <\/a><a href=\"https:\/\/talkpal.ai\/de\/exercise_language\/prapositionen-chinesische-grammatik\/\">Pr\u00e4positionen <\/a><a href=\"https:\/\/talkpal.ai\/de\/exercise_language\/pronomen-chinesische-grammatik\/\">Pronomen <\/a><a href=\"https:\/\/talkpal.ai\/de\/exercise_language\/satzbau-chinesische-grammatik\/\">Satzbau <\/a><a href=\"https:\/\/talkpal.ai\/de\/exercise_language\/substantive-chinesische-grammatik\/\">Substantive <\/a><a href=\"https:\/\/talkpal.ai\/de\/exercise_language\/verben-chinesische-grammatik\/\">Verben <\/a><a href=\"https:\/\/talkpal.ai\/de\/exercise_language\/zeitformen-chinesische-grammatik\/\">Zeitformen <\/a>            <\/div>\r\n        <\/section>\r\n<section class=\"promotionalBanner\">\r\n    <p class=\"promotionalText\">Der effizienteste Weg, eine Sprache zu lernen<\/p>\r\n    <a class=\"promotionalLink\" href=\"https:\/\/app.talkpal.ai\/de\/signup?lng=\">Talkpal kostenlos<\/a>\r\n<\/section>\n<div class=\"wp-block-group pageContainerStyle\"><div class=\"wp-block-group__inner-container is-layout-constrained wp-block-group-is-layout-constrained\">\n<h2 class=\"wp-block-heading\" id=\"h-chinese-grammar-topics\">Themen der chinesischen Grammatik<\/h2>\n\n\n\n<p>Die <a href=\"https:\/\/talkpal.ai\/de\/grammar\/masworter-in-der-chinesischen-grammatik\/\">chinesische Grammatik<\/a> mag auf den ersten Blick einsch\u00fcchternd wirken, ist aber f\u00fcr die Beherrschung der Sprache unerl\u00e4sslich. Mit ihrem einzigartigen Zeichensystem und ihrer tonalen Natur folgt die chinesische Grammatik anderen Regeln als Sprachen wie <a href=\"https:\/\/talkpal.ai\/learn-english-with-ai\/\">Englisch<\/a>. Das Erlernen dieser Regeln in der richtigen Reihenfolge wird Ihnen helfen, in Ihrem Sprachstudium effektiver voranzukommen. Die folgenden Themen werden in der empfohlenen Lernreihenfolge behandelt: <a href=\"https:\/\/talkpal.ai\/zh-hans\/grammar_exercises\/zeitformen-%e5%be%b7%e5%9b%bd%e8%af%ad%e6%b3%95%e7%bb%83%e4%b9%a0\/\">Zeitformen<\/a>, Verben, Substantive, Artikel, Pronomen, Adjektive, <a href=\"https:\/\/talkpal.ai\/ar\/grammar_exercises\/adverbien-%d8%aa%d9%85%d8%a7%d8%b1%d9%8a%d9%86-%d9%84%d9%84%d9%82%d9%88%d8%a7%d8%b9%d8%af-%d8%a7%d9%84%d8%a3%d9%84%d9%85%d8%a7%d9%86%d9%8a%d8%a9\/\">Adverbien<\/a>, <a href=\"https:\/\/talkpal.ai\/ar\/grammar_exercises\/prapositionen-%d8%aa%d9%85%d8%a7%d8%b1%d9%8a%d9%86-%d9%84%d9%84%d9%82%d9%88%d8%a7%d8%b9%d8%af-%d8%a7%d9%84%d8%a3%d9%84%d9%85%d8%a7%d9%86%d9%8a%d8%a9\/\">Pr\u00e4positionen<\/a> und Satzbau. In diesem Leitfaden finden Sie kurze Erl\u00e4uterungen zu den einzelnen Themen, damit Sie ihre Funktionen in der chinesischen Sprache besser verstehen k\u00f6nnen.<\/p>\n\n\n\n<h3 class=\"wp-block-heading\" id=\"h-1-tenses\">1. Zeitformen:<\/h3>\n\n\n\n<p>Im Gegensatz zum Englischen gibt es im Chinesischen keine komplexen Verbkonjugationen, um die Zeitform anzugeben. Stattdessen werden Zeitw\u00f6rter oder <a href=\"https:\/\/talkpal.ai\/ja\/grammar\/%e7%b2%92%e5%ad%90%e3%81%b8\/\">Partikel<\/a> verwendet, um anzuzeigen, wann eine Aktion stattfindet. Um vergangene, gegenw\u00e4rtige oder zuk\u00fcnftige Handlungen auszudr\u00fccken, sollten Sie sich zun\u00e4chst mit g\u00e4ngigen Zeitw\u00f6rtern wie &#8222;gestern&#8220;, &#8222;heute&#8220; und &#8222;morgen&#8220; vertraut machen.<\/p>\n\n\n\n<h3 class=\"wp-block-heading\" id=\"h-2-verbs\">2. Verben:<\/h3>\n\n\n\n<p>Sobald du die Zeitformen verstanden hast, ist es wichtig, die grundlegenden Verben auf <a href=\"https:\/\/talkpal.ai\/learn-chinese\/\">Chinesisch<\/a> zu lernen. Verben sind von entscheidender Bedeutung, da sie Handlungen und Zust\u00e4nde ausdr\u00fccken, und sie bleiben oft unver\u00e4ndert in verschiedenen Zeitformen. Konzentriere dich darauf, die gebr\u00e4uchlichsten Verben und ihre angemessene Verwendung zu lernen.<\/p>\n\n\n\n<h3 class=\"wp-block-heading\" id=\"h-3-nouns\">3. Substantive:<\/h3>\n\n\n\n<p>Substantive sind die Bausteine einer Sprache, die Menschen, Orte, Dinge oder Ideen repr\u00e4sentieren. Im Chinesischen sind Substantive im Allgemeinen einfach, und Sie k\u00f6nnen damit beginnen, die gebr\u00e4uchlichsten und n\u00fctzlichsten zu lernen, um Ihren Wortschatz zu erweitern.<\/p>\n\n\n\n<h3 class=\"wp-block-heading\" id=\"h-4-articles\">4. Artikel:<\/h3>\n\n\n\n<p>Im Chinesischen gibt es keine Artikel wie &#8222;a&#8220; oder &#8222;the&#8220; im Englischen. Es gibt jedoch Ma\u00dfw\u00f6rter, die Substantive begleiten, um die Menge anzugeben. Diese Ma\u00dfw\u00f6rter sind wichtig, wenn es um die Betr\u00e4ge oder die Anzahl bestimmter Artikel geht.<\/p>\n\n\n\n<h3 class=\"wp-block-heading\" id=\"h-5-pronouns\">5. Pronomen:<\/h3>\n\n\n\n<p>Pronomen werden verwendet, um Substantive in einem Satz zu ersetzen, und sind entscheidend, um Wiederholungen zu vermeiden. Im Chinesischen \u00e4ndern sich Pronomen je nach ihrer Funktion innerhalb eines Satzes, z. B. Subjekt, Objekt oder Possessiv. Lerne die verschiedenen Pronomen und ihre richtige Verwendung, um deinen Satzbau zu verbessern.<\/p>\n\n\n\n<h3 class=\"wp-block-heading\" id=\"h-6-adjectives\">6. Adjektive:<\/h3>\n\n\n\n<p>Adjektive werden verwendet, um Substantive zu beschreiben oder zu modifizieren, und sie spielen eine wichtige Rolle dabei, Ihre S\u00e4tze ausdrucksst\u00e4rker und ansprechender zu gestalten. Lerne die gebr\u00e4uchlichsten Adjektive und ihre Platzierung in Bezug auf das Substantiv innerhalb eines Satzes.<\/p>\n\n\n\n<h3 class=\"wp-block-heading\" id=\"h-7-adverbs\">7. Adverbien:<\/h3>\n\n\n\n<p>Adverbien sind wichtig, um zus\u00e4tzliche Informationen \u00fcber Verben, Adjektive oder andere Adverbien bereitzustellen. Sie k\u00f6nnen beschreiben, wie, wann oder wo eine Aktion stattfindet. Machen Sie sich mit g\u00e4ngigen Adverbien und deren Verwendung vertraut, um Ihre Beschreibungsf\u00e4higkeiten zu verbessern.<\/p>\n\n\n\n<h3 class=\"wp-block-heading\" id=\"h-8-prepositions\">8. Pr\u00e4positionen:<\/h3>\n\n\n\n<p>Pr\u00e4positionen werden verwendet, um die Beziehung zwischen Substantiven oder Pronomen innerhalb eines Satzes anzugeben. Sie dr\u00fccken oft r\u00e4umliche oder zeitliche Beziehungen aus, wie &#8222;in&#8220;, &#8222;auf&#8220; oder &#8222;bei&#8220;. Das Erlernen der gebr\u00e4uchlichsten Pr\u00e4positionen und ihrer korrekten Verwendung wird Ihren Satzbau erheblich verbessern.<\/p>\n\n\n\n<h3 class=\"wp-block-heading\" id=\"h-9-sentence-structure\">9. Satzbau:<\/h3>\n\n\n\n<p>Schlie\u00dflich ist das Verst\u00e4ndnis der chinesischen Satzstruktur der Schl\u00fcssel zur Bildung koh\u00e4renter und grammatikalisch korrekter S\u00e4tze. Chinesisch folgt einer Subjekt-Verb-Objekt-Struktur (SVO), \u00e4hnlich wie im Englischen. Es gibt jedoch Unterschiede in der Wortstellung und der Platzierung verschiedener grammatikalischer Elemente. Lerne die grundlegenden Satzmuster und \u00fcbe den Aufbau von S\u00e4tzen mit den Elementen, die du gelernt hast, wie Zeitformen, Verben, Substantive, Pronomen, Adjektive, Adverbien und Pr\u00e4positionen.<\/p>\n\n\n\n<p>Wenn du dieser Reihenfolge folgst und dich auf jedes Thema konzentrierst, entwickelst du eine solide Grundlage in der chinesischen Grammatik und bist auf dem besten Weg, die Sprache flie\u00dfend zu beherrschen.<\/p>\n<\/div><\/div>\n\r\n<section class=\"learnNavigationSection\">\r\n            \r\n        <a href=\"https:\/\/talkpal.ai\/de\/chinesisch-lernen\/\">\r\n            <div class=\"learnNavigationWrapper\">\r\n                <div class=\"learnNavigationContent\">\r\n                    <img decoding=\"async\" src=\"https:\/\/talkpal.ai\/wp-content\/uploads\/2024\/08\/Chinese.jpg\" alt=\"Chinese Flag\u00a0\">\r\n                    <div>\r\n                        <h4>\u00dcber Chinesisch lernen<\/h4>\r\n                        <p>Erfahren Sie alles \u00fcber die chinesische Grammatik.<\/p>\r\n                    <\/div>\r\n                <\/div>\r\n            <\/div>\r\n        <\/a>\r\n\r\n        \r\n        <a href=\"https:\/\/talkpal.ai\/de\/chinesische-grammatik\/\">\r\n            <div class=\"learnNavigationWrapper\">\r\n                <div class=\"learnNavigationContent\">\r\n                    <img decoding=\"async\" src=\"https:\/\/talkpal.ai\/wp-content\/uploads\/2024\/08\/Chinese.jpg\" alt=\"Chinese Flag\u00a0\">\r\n                    <div>\r\n                        <h4>Chinesischer Grammatikunterricht<\/h4>\r\n                        <p>\u00dcbe die chinesische Grammatik.<\/p>\r\n                    <\/div>\r\n                <\/div>\r\n            <\/div>\r\n        <\/a>\r\n\r\n        \r\n        <a href=\"https:\/\/talkpal.ai\/vocabulary_language\/chinese\/\">\r\n            <div class=\"learnNavigationWrapper\">\r\n                <div class=\"learnNavigationContent\">\r\n                    <img decoding=\"async\" src=\"https:\/\/talkpal.ai\/wp-content\/uploads\/2024\/08\/Chinese.jpg\" alt=\"Chinese Flag\u00a0\">\r\n                    <div>\r\n                        <h4>Chinesischer Wortschatz<\/h4>\r\n                        <p>Erweitern Sie Ihren chinesischen Wortschatz.<\/p>\r\n                    <\/div>\r\n                <\/div>\r\n            <\/div>\r\n        <\/a>\r\n\r\n            <\/section>","protected":false},"excerpt":{"rendered":"<p>Themen der chinesischen Grammatik Die chinesische Grammatik mag auf den ersten Blick einsch\u00fcchternd wirken, ist aber f\u00fcr die Beherrschung der Sprache unerl\u00e4sslich. Mit ihrem einzigartigen Zeichensystem und ihrer tonalen Natur folgt die chinesische Grammatik anderen Regeln als Sprachen wie Englisch. Das Erlernen dieser Regeln in der richtigen Reihenfolge wird Ihnen helfen, in Ihrem Sprachstudium effektiver [&hellip;]<\/p>\n","protected":false},"author":6,"featured_media":11559,"parent":0,"menu_order":0,"comment_status":"closed","ping_status":"closed","template":"LearningContentPage.php","meta":{"_acf_changed":false,"footnotes":""},"class_list":["post-73478","page","type-page","status-publish","has-post-thumbnail","hentry"],"acf":[],"yoast_head":"<!-- This site is optimized with the Yoast SEO Premium plugin v27.2 (Yoast SEO v27.2) - https:\/\/yoast.com\/product\/yoast-seo-premium-wordpress\/ -->\n<title>Chinesische Grammatik\u00fcbungen - Talkpal<\/title>\n<meta name=\"description\" content=\"Beherrschen Sie die chinesische Grammatik mit unserem umfassenden Leitfaden zu Zeitformen, Verben und mehr, um Ihre Sprachkenntnisse zu verbessern.\" \/>\n<meta name=\"robots\" content=\"index, follow, max-snippet:-1, max-image-preview:large, max-video-preview:-1\" \/>\n<link rel=\"canonical\" href=\"https:\/\/talkpal.ai\/de\/chinesische-grammatikuebungen\/\" \/>\n<meta property=\"og:locale\" content=\"de_DE\" \/>\n<meta property=\"og:type\" content=\"article\" \/>\n<meta property=\"og:title\" content=\"Chinesische Grammatik\u00fcbungen\" \/>\n<meta property=\"og:description\" content=\"Themen der chinesischen Grammatik Die chinesische Grammatik mag auf den ersten Blick einsch\u00fcchternd wirken, ist aber f\u00fcr die Beherrschung der Sprache\" \/>\n<meta property=\"og:url\" content=\"https:\/\/talkpal.ai\/de\/chinesische-grammatikuebungen\/\" \/>\n<meta property=\"og:site_name\" content=\"Talkpal\" \/>\n<meta property=\"article:publisher\" content=\"https:\/\/www.facebook.com\/profile.php?id=100090733639311\" \/>\n<meta property=\"article:modified_time\" content=\"2025-05-22T21:25:35+00:00\" \/>\n<meta property=\"og:image\" content=\"https:\/\/talkpal.ai\/wp-content\/uploads\/2023\/04\/china.png\" \/>\n\t<meta property=\"og:image:width\" content=\"512\" \/>\n\t<meta property=\"og:image:height\" content=\"512\" \/>\n\t<meta property=\"og:image:type\" content=\"image\/png\" \/>\n<meta name=\"twitter:card\" content=\"summary_large_image\" \/>\n<meta name=\"twitter:site\" content=\"@talkpalai\" \/>\n<meta name=\"twitter:label1\" content=\"Gesch\u00e4tzte Lesezeit\" \/>\n\t<meta name=\"twitter:data1\" content=\"3\u00a0Minuten\" \/>\n<script type=\"application\/ld+json\" class=\"yoast-schema-graph\">{\"@context\":\"https:\/\/schema.org\",\"@graph\":[{\"@type\":\"WebPage\",\"@id\":\"https:\/\/talkpal.ai\/de\/chinesische-grammatikuebungen\/\",\"url\":\"https:\/\/talkpal.ai\/de\/chinesische-grammatikuebungen\/\",\"name\":\"Chinesische Grammatik\u00fcbungen - Talkpal\",\"isPartOf\":{\"@id\":\"https:\/\/talkpal.ai\/de\/#website\"},\"primaryImageOfPage\":{\"@id\":\"https:\/\/talkpal.ai\/de\/chinesische-grammatikuebungen\/#primaryimage\"},\"image\":{\"@id\":\"https:\/\/talkpal.ai\/de\/chinesische-grammatikuebungen\/#primaryimage\"},\"thumbnailUrl\":\"https:\/\/talkpal.ai\/wp-content\/uploads\/2023\/04\/china.png\",\"datePublished\":\"2023-06-16T09:39:29+00:00\",\"dateModified\":\"2025-05-22T21:25:35+00:00\",\"description\":\"Beherrschen Sie die chinesische Grammatik mit unserem umfassenden Leitfaden zu Zeitformen, Verben und mehr, um Ihre Sprachkenntnisse zu verbessern.\",\"breadcrumb\":{\"@id\":\"https:\/\/talkpal.ai\/de\/chinesische-grammatikuebungen\/#breadcrumb\"},\"inLanguage\":\"de\",\"potentialAction\":[{\"@type\":\"ReadAction\",\"target\":[\"https:\/\/talkpal.ai\/de\/chinesische-grammatikuebungen\/\"]}]},{\"@type\":\"ImageObject\",\"inLanguage\":\"de\",\"@id\":\"https:\/\/talkpal.ai\/de\/chinesische-grammatikuebungen\/#primaryimage\",\"url\":\"https:\/\/talkpal.ai\/wp-content\/uploads\/2023\/04\/china.png\",\"contentUrl\":\"https:\/\/talkpal.ai\/wp-content\/uploads\/2023\/04\/china.png\",\"width\":512,\"height\":512},{\"@type\":\"BreadcrumbList\",\"@id\":\"https:\/\/talkpal.ai\/de\/chinesische-grammatikuebungen\/#breadcrumb\",\"itemListElement\":[{\"@type\":\"ListItem\",\"position\":1,\"name\":\"Homepage\",\"item\":\"https:\/\/talkpal.ai\/de\/\"},{\"@type\":\"ListItem\",\"position\":2,\"name\":\"Chinesische Grammatik\u00fcbungen\"}]},{\"@type\":\"WebSite\",\"@id\":\"https:\/\/talkpal.ai\/de\/#website\",\"url\":\"https:\/\/talkpal.ai\/de\/\",\"name\":\"Talkpal\",\"description\":\"AI Language Learning\",\"publisher\":{\"@id\":\"https:\/\/talkpal.ai\/de\/#organization\"},\"alternateName\":\"Talkpal AI\",\"potentialAction\":[{\"@type\":\"SearchAction\",\"target\":{\"@type\":\"EntryPoint\",\"urlTemplate\":\"https:\/\/talkpal.ai\/de\/?s={search_term_string}\"},\"query-input\":{\"@type\":\"PropertyValueSpecification\",\"valueRequired\":true,\"valueName\":\"search_term_string\"}}],\"inLanguage\":\"de\"},{\"@type\":\"Organization\",\"@id\":\"https:\/\/talkpal.ai\/de\/#organization\",\"name\":\"Talkpal, Inc.\",\"alternateName\":\"Talkpal AI\",\"url\":\"https:\/\/talkpal.ai\/de\/\",\"logo\":{\"@type\":\"ImageObject\",\"inLanguage\":\"de\",\"@id\":\"https:\/\/talkpal.ai\/de\/#\/schema\/logo\/image\/\",\"url\":\"https:\/\/talkpal.ai\/wp-content\/uploads\/2024\/03\/Talkpal-Logo-Icon.png\",\"contentUrl\":\"https:\/\/talkpal.ai\/wp-content\/uploads\/2024\/03\/Talkpal-Logo-Icon.png\",\"width\":2880,\"height\":2880,\"caption\":\"Talkpal, Inc.\"},\"image\":{\"@id\":\"https:\/\/talkpal.ai\/de\/#\/schema\/logo\/image\/\"},\"sameAs\":[\"https:\/\/www.facebook.com\/profile.php?id=100090733639311\",\"https:\/\/x.com\/talkpalai\",\"https:\/\/www.linkedin.com\/company\/talkpal\/\",\"https:\/\/www.youtube.com\/@TalkPal\/\",\"https:\/\/www.tiktok.com\/@talkpal\",\"https:\/\/www.instagram.com\/talkpal_ai\/\",\"https:\/\/www.crunchbase.com\/organization\/talkpal-9cde\",\"https:\/\/www.g2.com\/products\/talkpal-for-business\/\",\"https:\/\/www.trustpilot.com\/review\/talkpal.ai\",\"https:\/\/www.capterra.com\/p\/10006800\/TalkPal\/\"],\"description\":\"Talkpal is a language learning web and mobile education app, powered by the latest AI technologies, that provides engaging experiences to its customers in many different languages to help them improve their language skills. Users can chat about unlimited amount of topics with the app and use other modes to practice their language learning.\",\"email\":\"support@talkpal.ai\",\"legalName\":\"Talkpal, Inc.\",\"foundingDate\":\"2023-04-03\",\"duns\":\"118989042\",\"numberOfEmployees\":{\"@type\":\"QuantitativeValue\",\"minValue\":\"11\",\"maxValue\":\"50\"},\"publishingPrinciples\":\"https:\/\/talkpal.ai\/publishing-principles\/\",\"actionableFeedbackPolicy\":\"https:\/\/talkpal.ai\/actionable-feedback-policy\/\",\"correctionsPolicy\":\"https:\/\/talkpal.ai\/corrections-policy\/\",\"ethicsPolicy\":\"https:\/\/talkpal.ai\/ethics-policy\/\",\"diversityPolicy\":\"https:\/\/talkpal.ai\/diversity-policy\/\",\"diversityStaffingReport\":\"https:\/\/talkpal.ai\/diversity-policy\/\"}]}<\/script>\n<!-- \/ Yoast SEO Premium plugin. -->","yoast_head_json":{"title":"Chinesische Grammatik\u00fcbungen - Talkpal","description":"Beherrschen Sie die chinesische Grammatik mit unserem umfassenden Leitfaden zu Zeitformen, Verben und mehr, um Ihre Sprachkenntnisse zu verbessern.","robots":{"index":"index","follow":"follow","max-snippet":"max-snippet:-1","max-image-preview":"max-image-preview:large","max-video-preview":"max-video-preview:-1"},"canonical":"https:\/\/talkpal.ai\/de\/chinesische-grammatikuebungen\/","og_locale":"de_DE","og_type":"article","og_title":"Chinesische Grammatik\u00fcbungen","og_description":"Themen der chinesischen Grammatik Die chinesische Grammatik mag auf den ersten Blick einsch\u00fcchternd wirken, ist aber f\u00fcr die Beherrschung der Sprache","og_url":"https:\/\/talkpal.ai\/de\/chinesische-grammatikuebungen\/","og_site_name":"Talkpal","article_publisher":"https:\/\/www.facebook.com\/profile.php?id=100090733639311","article_modified_time":"2025-05-22T21:25:35+00:00","og_image":[{"width":512,"height":512,"url":"https:\/\/talkpal.ai\/wp-content\/uploads\/2023\/04\/china.png","type":"image\/png"}],"twitter_card":"summary_large_image","twitter_site":"@talkpalai","twitter_misc":{"Gesch\u00e4tzte Lesezeit":"3\u00a0Minuten"},"schema":{"@context":"https:\/\/schema.org","@graph":[{"@type":"WebPage","@id":"https:\/\/talkpal.ai\/de\/chinesische-grammatikuebungen\/","url":"https:\/\/talkpal.ai\/de\/chinesische-grammatikuebungen\/","name":"Chinesische Grammatik\u00fcbungen - Talkpal","isPartOf":{"@id":"https:\/\/talkpal.ai\/de\/#website"},"primaryImageOfPage":{"@id":"https:\/\/talkpal.ai\/de\/chinesische-grammatikuebungen\/#primaryimage"},"image":{"@id":"https:\/\/talkpal.ai\/de\/chinesische-grammatikuebungen\/#primaryimage"},"thumbnailUrl":"https:\/\/talkpal.ai\/wp-content\/uploads\/2023\/04\/china.png","datePublished":"2023-06-16T09:39:29+00:00","dateModified":"2025-05-22T21:25:35+00:00","description":"Beherrschen Sie die chinesische Grammatik mit unserem umfassenden Leitfaden zu Zeitformen, Verben und mehr, um Ihre Sprachkenntnisse zu verbessern.","breadcrumb":{"@id":"https:\/\/talkpal.ai\/de\/chinesische-grammatikuebungen\/#breadcrumb"},"inLanguage":"de","potentialAction":[{"@type":"ReadAction","target":["https:\/\/talkpal.ai\/de\/chinesische-grammatikuebungen\/"]}]},{"@type":"ImageObject","inLanguage":"de","@id":"https:\/\/talkpal.ai\/de\/chinesische-grammatikuebungen\/#primaryimage","url":"https:\/\/talkpal.ai\/wp-content\/uploads\/2023\/04\/china.png","contentUrl":"https:\/\/talkpal.ai\/wp-content\/uploads\/2023\/04\/china.png","width":512,"height":512},{"@type":"BreadcrumbList","@id":"https:\/\/talkpal.ai\/de\/chinesische-grammatikuebungen\/#breadcrumb","itemListElement":[{"@type":"ListItem","position":1,"name":"Homepage","item":"https:\/\/talkpal.ai\/de\/"},{"@type":"ListItem","position":2,"name":"Chinesische Grammatik\u00fcbungen"}]},{"@type":"WebSite","@id":"https:\/\/talkpal.ai\/de\/#website","url":"https:\/\/talkpal.ai\/de\/","name":"Talkpal","description":"AI Language Learning","publisher":{"@id":"https:\/\/talkpal.ai\/de\/#organization"},"alternateName":"Talkpal AI","potentialAction":[{"@type":"SearchAction","target":{"@type":"EntryPoint","urlTemplate":"https:\/\/talkpal.ai\/de\/?s={search_term_string}"},"query-input":{"@type":"PropertyValueSpecification","valueRequired":true,"valueName":"search_term_string"}}],"inLanguage":"de"},{"@type":"Organization","@id":"https:\/\/talkpal.ai\/de\/#organization","name":"Talkpal, Inc.","alternateName":"Talkpal AI","url":"https:\/\/talkpal.ai\/de\/","logo":{"@type":"ImageObject","inLanguage":"de","@id":"https:\/\/talkpal.ai\/de\/#\/schema\/logo\/image\/","url":"https:\/\/talkpal.ai\/wp-content\/uploads\/2024\/03\/Talkpal-Logo-Icon.png","contentUrl":"https:\/\/talkpal.ai\/wp-content\/uploads\/2024\/03\/Talkpal-Logo-Icon.png","width":2880,"height":2880,"caption":"Talkpal, Inc."},"image":{"@id":"https:\/\/talkpal.ai\/de\/#\/schema\/logo\/image\/"},"sameAs":["https:\/\/www.facebook.com\/profile.php?id=100090733639311","https:\/\/x.com\/talkpalai","https:\/\/www.linkedin.com\/company\/talkpal\/","https:\/\/www.youtube.com\/@TalkPal\/","https:\/\/www.tiktok.com\/@talkpal","https:\/\/www.instagram.com\/talkpal_ai\/","https:\/\/www.crunchbase.com\/organization\/talkpal-9cde","https:\/\/www.g2.com\/products\/talkpal-for-business\/","https:\/\/www.trustpilot.com\/review\/talkpal.ai","https:\/\/www.capterra.com\/p\/10006800\/TalkPal\/"],"description":"Talkpal is a language learning web and mobile education app, powered by the latest AI technologies, that provides engaging experiences to its customers in many different languages to help them improve their language skills. Users can chat about unlimited amount of topics with the app and use other modes to practice their language learning.","email":"support@talkpal.ai","legalName":"Talkpal, Inc.","foundingDate":"2023-04-03","duns":"118989042","numberOfEmployees":{"@type":"QuantitativeValue","minValue":"11","maxValue":"50"},"publishingPrinciples":"https:\/\/talkpal.ai\/publishing-principles\/","actionableFeedbackPolicy":"https:\/\/talkpal.ai\/actionable-feedback-policy\/","correctionsPolicy":"https:\/\/talkpal.ai\/corrections-policy\/","ethicsPolicy":"https:\/\/talkpal.ai\/ethics-policy\/","diversityPolicy":"https:\/\/talkpal.ai\/diversity-policy\/","diversityStaffingReport":"https:\/\/talkpal.ai\/diversity-policy\/"}]}},"_links":{"self":[{"href":"https:\/\/talkpal.ai\/de\/wp-json\/wp\/v2\/pages\/73478","targetHints":{"allow":["GET"]}}],"collection":[{"href":"https:\/\/talkpal.ai\/de\/wp-json\/wp\/v2\/pages"}],"about":[{"href":"https:\/\/talkpal.ai\/de\/wp-json\/wp\/v2\/types\/page"}],"author":[{"embeddable":true,"href":"https:\/\/talkpal.ai\/de\/wp-json\/wp\/v2\/users\/6"}],"replies":[{"embeddable":true,"href":"https:\/\/talkpal.ai\/de\/wp-json\/wp\/v2\/comments?post=73478"}],"version-history":[{"count":0,"href":"https:\/\/talkpal.ai\/de\/wp-json\/wp\/v2\/pages\/73478\/revisions"}],"wp:featuredmedia":[{"embeddable":true,"href":"https:\/\/talkpal.ai\/de\/wp-json\/wp\/v2\/media\/11559"}],"wp:attachment":[{"href":"https:\/\/talkpal.ai\/de\/wp-json\/wp\/v2\/media?parent=73478"}],"curies":[{"name":"wp","href":"https:\/\/api.w.org\/{rel}","templated":true}]}}