{"id":73466,"date":"2023-06-16T09:41:10","date_gmt":"2023-06-16T09:41:10","guid":{"rendered":"http:\/\/talkpal.ai\/niederlaendische-grammatikuebungen\/"},"modified":"2025-12-17T15:28:39","modified_gmt":"2025-12-17T15:28:39","slug":"niederlaendische-grammatikuebungen","status":"publish","type":"page","link":"https:\/\/talkpal.ai\/de\/niederlaendische-grammatikuebungen\/","title":{"rendered":"Niederl\u00e4ndische Grammatik\u00fcbungen"},"content":{"rendered":"\r\n\r\n\r\n<section class=\"languageChallengeSection\">\r\n    <div class=\"languageInfoWrapper\">\r\n        \r\n        <h1>Niederl\u00e4ndische Grammatik\u00fcbungen<\/h1>\r\n        <p>M\u00f6chten Sie selbstbewusster in <a href=\"https:\/\/talkpal.ai\/learn-dutch\/\">Niederl\u00e4ndisch<\/a> werden? Grammatik\u00fcbungen sind eine gute M\u00f6glichkeit, die Satzstruktur, die Konjugationen der Verben und die einzigartigen Muster der niederl\u00e4ndischen Sprache zu beherrschen. Fangen Sie noch heute an, an der niederl\u00e4ndischen <a href=\"https:\/\/talkpal.ai\/fr\/les\/\">Grammatik<\/a> zu arbeiten, und beobachten Sie, wie Ihre Kenntnisse und Ihre Sprachgewandtheit mit jeder \u00dcbung wachsen!\n\n<\/p>\r\n\r\n                            <a class=\"getStartedHidden\" href=\"https:\/\/app.talkpal.ai\/de\/signup?lng=\">Leg los<\/a>\r\n        \r\n    <\/div>\r\n\r\n    <figure>\r\n    <img decoding=\"async\" width=\"768\" height=\"768\" src=\"https:\/\/talkpal.ai\/wp-content\/uploads\/2023\/06\/Dutch-768x768.png\" class=\"languageImage no-lazy\" alt=\"Default alt text\" fetchpriority=\"high\" sizes=\"(max-width: 768px) 150px, 768px\" srcset=\"https:\/\/talkpal.ai\/wp-content\/uploads\/2023\/06\/Dutch-768x768.png 768w, https:\/\/talkpal.ai\/wp-content\/uploads\/2023\/06\/Dutch-300x300.png 300w\" \/>\r\n    \r\n\r\n    <\/figure>\r\n\r\n            <a class=\"getStartedVisible\" href=\"https:\/\/app.talkpal.ai\/de\/signup?lng=\">Leg los<\/a>\r\n    \r\n<\/section>\r\n\r\n\r\n<!-- <section class=\"grammarSection\">\r\n    <div class=\"grammarLinks\">\r\n        <a href=\"https:\/\/talkpal.ai\/de\/exercise_language\/adjektive-niederlandische-grammatik\/\">Adjektive <\/a><a href=\"https:\/\/talkpal.ai\/de\/exercise_language\/adverbien-niederlandische-grammatik\/\">Adverbien <\/a><a href=\"https:\/\/talkpal.ai\/de\/exercise_language\/artikel-niederlandische-grammatik\/\">Artikel <\/a><a href=\"https:\/\/talkpal.ai\/de\/exercise_language\/indikativ-der-zeitformen-niederlandische-grammatik\/\">Indikativ der Zeitformen <\/a><a href=\"https:\/\/talkpal.ai\/de\/exercise_language\/konjunktiv-der-zeitformen-niederlandische-grammatik\/\">Konjunktiv der Zeitformen <\/a><a href=\"https:\/\/talkpal.ai\/de\/exercise_language\/prapositionen-niederlandische-grammatik\/\">Pr\u00e4positionen <\/a><a href=\"https:\/\/talkpal.ai\/de\/exercise_language\/pronomen-niederlandische-grammatik\/\">Pronomen <\/a><a href=\"https:\/\/talkpal.ai\/de\/exercise_language\/satzbau-niederlandische-grammatik\/\">Satzbau <\/a><a href=\"https:\/\/talkpal.ai\/de\/exercise_language\/substantive-niederlandische-grammatik\/\">Substantive <\/a><a href=\"https:\/\/talkpal.ai\/de\/exercise_language\/verben-niederlandische-grammatik\/\">Verben <\/a><a href=\"https:\/\/talkpal.ai\/de\/exercise_language\/zeitvergleich-niederlandische-grammatik\/\">Zeitvergleich <\/a>    <\/div>\r\n<\/section> -->\r\n\r\n\r\n\r\n\r\n        <section class=\"grammarSection\">\r\n            <div class=\"grammarLinks\">\r\n                <a href=\"https:\/\/talkpal.ai\/de\/exercise_language\/adjektive-niederlandische-grammatik\/\">Adjektive <\/a><a href=\"https:\/\/talkpal.ai\/de\/exercise_language\/adverbien-niederlandische-grammatik\/\">Adverbien <\/a><a href=\"https:\/\/talkpal.ai\/de\/exercise_language\/artikel-niederlandische-grammatik\/\">Artikel <\/a><a href=\"https:\/\/talkpal.ai\/de\/exercise_language\/indikativ-der-zeitformen-niederlandische-grammatik\/\">Indikativ der Zeitformen <\/a><a href=\"https:\/\/talkpal.ai\/de\/exercise_language\/konjunktiv-der-zeitformen-niederlandische-grammatik\/\">Konjunktiv der Zeitformen <\/a><a href=\"https:\/\/talkpal.ai\/de\/exercise_language\/prapositionen-niederlandische-grammatik\/\">Pr\u00e4positionen <\/a><a href=\"https:\/\/talkpal.ai\/de\/exercise_language\/pronomen-niederlandische-grammatik\/\">Pronomen <\/a><a href=\"https:\/\/talkpal.ai\/de\/exercise_language\/satzbau-niederlandische-grammatik\/\">Satzbau <\/a><a href=\"https:\/\/talkpal.ai\/de\/exercise_language\/substantive-niederlandische-grammatik\/\">Substantive <\/a><a href=\"https:\/\/talkpal.ai\/de\/exercise_language\/verben-niederlandische-grammatik\/\">Verben <\/a><a href=\"https:\/\/talkpal.ai\/de\/exercise_language\/zeitvergleich-niederlandische-grammatik\/\">Zeitvergleich <\/a>            <\/div>\r\n        <\/section>\r\n<section class=\"promotionalBanner\">\r\n    <p class=\"promotionalText\">Der effizienteste Weg, eine Sprache zu lernen<\/p>\r\n    <a class=\"promotionalLink\" href=\"https:\/\/app.talkpal.ai\/de\/signup?lng=\">Talkpal kostenlos<\/a>\r\n<\/section>\n<div class=\"wp-block-group pageContainerStyle\"><div class=\"wp-block-group__inner-container is-layout-constrained wp-block-group-is-layout-constrained\">\n<h2 class=\"wp-block-heading\" id=\"h-dutch-grammar-topics\">Niederl\u00e4ndische Grammatikthemen<\/h2>\n\n\n\n<p>Niederl\u00e4ndisch zu lernen kann eine aufregende und lohnende Erfahrung sein, da es die T\u00fcr zu einer reichen Kultur, Geschichte und M\u00f6glichkeiten f\u00fcr pers\u00f6nliches und berufliches Wachstum \u00f6ffnet. Die niederl\u00e4ndische Sprache ist zwar eng mit <a href=\"https:\/\/talkpal.ai\/learn-english-with-ai\/\">Englisch<\/a> und <a href=\"https:\/\/talkpal.ai\/learn-german\/\">Deutsch<\/a> verwandt, hat aber ihre eigenen Grammatikregeln und -strukturen, die auf den ersten Blick schwierig erscheinen k\u00f6nnen. Mit Hingabe und der richtigen Herangehensweise k\u00f6nnen Sie jedoch die niederl\u00e4ndische Sprache beherrschen und flie\u00dfend mit Muttersprachlern kommunizieren. In diesem Leitfaden werden wir einige wichtige Themen der niederl\u00e4ndischen Grammatik untersuchen, die in einer Reihenfolge zusammengefasst sind, die Ihnen hilft, die Sprache systematisch und effizient zu lernen.<\/p>\n\n\n\n<h3 class=\"wp-block-heading\" id=\"h-1-nouns-and-articles\">1. Substantive und Artikel:<\/h3>\n\n\n\n<p>Beginnen Sie damit, sich mit niederl\u00e4ndischen Substantiven und ihrer Geschlechtsklassifizierung (gew\u00f6hnlich und Neutrum) vertraut zu machen. Lerne die bestimmten und <a href=\"https:\/\/talkpal.ai\/de\/grammar_exercises\/ubungen-zum-unbestimmten-artikel-fur-die-vietnamesische-grammatik\/\">unbestimmten Artikel<\/a>, die sie begleiten, sowie Pluralformen und Verkleinerungsendungen.<\/p>\n\n\n\n<h3 class=\"wp-block-heading\" id=\"h-2-adjectives\">2. Adjektive:<\/h3>\n\n\n\n<p>Als n\u00e4chstes studieren Sie die Regeln f\u00fcr die Adjektiv\u00fcbereinstimmung mit Substantiven in Bezug auf Geschlecht, Anzahl und das Vorhandensein <a href=\"https:\/\/talkpal.ai\/de\/grammar\/bestimmter-artikel-in-der-belarussischen-grammatik\/\">bestimmter Artikel<\/a>. Erfahren Sie, wie Adjektive auf der Grundlage dieser Faktoren flektiert werden und wie Sie Komparativ- und Superlativformen verwenden.<\/p>\n\n\n\n<h3 class=\"wp-block-heading\" id=\"h-3-pronouns\">3. Pronomen:<\/h3>\n\n\n\n<p>Tauchen Sie ein in die Welt der niederl\u00e4ndischen Pronomen, einschlie\u00dflich Personal-, Possessiv-, Demonstrativ-, Reflexiv- und <a href=\"https:\/\/talkpal.ai\/hi\/grammar_exercises\/relativpronomen-%e0%a4%9c%e0%a4%b0%e0%a5%8d%e0%a4%ae%e0%a4%a8-%e0%a4%b5%e0%a5%8d%e0%a4%af%e0%a4%be%e0%a4%95%e0%a4%b0%e0%a4%a3-%e0%a4%95%e0%a5%87-%e0%a4%b2%e0%a4%bf%e0%a4%8f-%e0%a4%85%e0%a4%ad%e0%a5%8d\/\">Relativpronomen<\/a>. Verstehe, wie sie Substantive ersetzen und wie sie mit ihnen in Bezug auf Geschlecht und Anzahl \u00fcbereinstimmen.<\/p>\n\n\n\n<h3 class=\"wp-block-heading\" id=\"h-4-verbs\">4. Verben:<\/h3>\n\n\n\n<p>Konzentriere dich nun auf niederl\u00e4ndische Verben und ihre Konjugationsmuster in der Gegenwart, Vergangenheit und Zukunft. Lerne den Unterschied zwischen starken, schwachen und unregelm\u00e4\u00dfigen Verben und mache dich mit den Regeln f\u00fcr die <a href=\"https:\/\/talkpal.ai\/ar\/grammar_exercises\/bildung-%d8%aa%d9%85%d8%a7%d8%b1%d9%8a%d9%86-%d9%84%d9%84%d9%82%d9%88%d8%a7%d8%b9%d8%af-%d8%a7%d9%84%d8%a3%d9%84%d9%85%d8%a7%d9%86%d9%8a%d8%a9\/\">Bildung<\/a> des Perfekts und des Pluperfekts vertraut.<\/p>\n\n\n\n<h3 class=\"wp-block-heading\" id=\"h-5-tenses-indicative\">5. Zeitformen Indikativ:<\/h3>\n\n\n\n<p>Studieren Sie den Indikativ auf Niederl\u00e4ndisch, der verwendet wird, um Tatsachen- und Wahrscheinlichkeitsaussagen auszudr\u00fccken. Lerne, wie man Verben in der Gegenwarts-, Vergangenheits- und Zukunftsform in dieser Stimmung konjugiert, sowie die Konditional- und Imperativformen.<\/p>\n\n\n\n<h3 class=\"wp-block-heading\" id=\"h-6-tenses-subjunctive\">6. Zeitformen Konjunktiv:<\/h3>\n\n\n\n<p>Obwohl der Konjunktiv im modernen Niederl\u00e4ndisch weniger verbreitet ist, ist er f\u00fcr das Verst\u00e4ndnis \u00e4lterer Texte und formaler Sprache unerl\u00e4sslich. Lerne, wie man den Konjunktiv auf Niederl\u00e4ndisch bildet und wann man ihn verwendet.<\/p>\n\n\n\n<h3 class=\"wp-block-heading\" id=\"h-7-tense-comparison\">7. Spannender Vergleich:<\/h3>\n\n\n\n<p>Nachdem du die verschiedenen <a href=\"https:\/\/talkpal.ai\/zh-hans\/grammar_exercises\/zeitformen-%e5%be%b7%e5%9b%bd%e8%af%ad%e6%b3%95%e7%bb%83%e4%b9%a0\/\">Zeitformen<\/a> gemeistert hast, konzentriere dich darauf, die Unterschiede und Gemeinsamkeiten zwischen ihnen zu verstehen. Lerne, wie du die einzelnen Zeitformen im Kontext richtig verwendest und wie sie miteinander interagieren.<\/p>\n\n\n\n<h3 class=\"wp-block-heading\" id=\"h-8-adverbs\">8. Adverbien:<\/h3>\n\n\n\n<p>Studiere niederl\u00e4ndische Adverbien und ihre verschiedenen Funktionen in S\u00e4tzen. Lerne, wie du Adverbien aus Adjektiven bildest und wie du sie verwendest, um Verben, Adjektive und andere Adverbien zu modifizieren.<\/p>\n\n\n\n<h3 class=\"wp-block-heading\" id=\"h-9-prepositions\">9. Pr\u00e4positionen:<\/h3>\n\n\n\n<p>Entwickle ein ausgepr\u00e4gtes Verst\u00e4ndnis f\u00fcr niederl\u00e4ndische Pr\u00e4positionen und ihre Verwendung mit Substantiven, Pronomen und Verben. Erfahren Sie, wie sie Beziehungen in Zeit, Raum und anderen Kontexten ausdr\u00fccken.<\/p>\n\n\n\n<h3 class=\"wp-block-heading\" id=\"h-10-sentence-structure\">10. Satzbau:<\/h3>\n\n\n\n<p>Zum Schluss bringst du alles zusammen, indem du die niederl\u00e4ndische Satzstruktur und Wortstellung lernst. Lernen Sie die Regeln f\u00fcr die Konstruktion einfacher und komplexer S\u00e4tze kennen, einschlie\u00dflich deklarativer, fragender, imperativer und ausrufender S\u00e4tze.<\/p>\n\n\n\n<p>Wenn Sie dieser Abfolge von Grammatikthemen folgen und sich Zeit zum \u00dcben und Wiederholen nehmen, sind Sie auf dem besten Weg, die niederl\u00e4ndische Sprache zu beherrschen. Denken Sie daran, dass Konsequenz und Geduld der Schl\u00fcssel zum Erlernen einer neuen Sprache sind. Viel Gl\u00fcck und viel Spa\u00df auf der Reise!<\/p>\n<\/div><\/div>\n\r\n<section class=\"learnNavigationSection\">\r\n            \r\n        <a href=\"https:\/\/talkpal.ai\/de\/niederlaendisch-lernen\/\">\r\n            <div class=\"learnNavigationWrapper\">\r\n                <div class=\"learnNavigationContent\">\r\n                    <img decoding=\"async\" src=\"https:\/\/talkpal.ai\/wp-content\/uploads\/2024\/08\/Dutch.jpg\" alt=\"Netherlands Flag\">\r\n                    <div>\r\n                        <h4>\u00dcber Dutch Learning<\/h4>\r\n                        <p>Erfahren Sie alles \u00fcber die niederl\u00e4ndische Grammatik.<\/p>\r\n                    <\/div>\r\n                <\/div>\r\n            <\/div>\r\n        <\/a>\r\n\r\n        \r\n        <a href=\"https:\/\/talkpal.ai\/de\/niederlaendische-grammatik\/\">\r\n            <div class=\"learnNavigationWrapper\">\r\n                <div class=\"learnNavigationContent\">\r\n                    <img decoding=\"async\" src=\"https:\/\/talkpal.ai\/wp-content\/uploads\/2024\/08\/Dutch.jpg\" alt=\"Netherlands Flag\">\r\n                    <div>\r\n                        <h4>Niederl\u00e4ndische Grammatik Lektionen<\/h4>\r\n                        <p>\u00dcbe die niederl\u00e4ndische Grammatik .<\/p>\r\n                    <\/div>\r\n                <\/div>\r\n            <\/div>\r\n        <\/a>\r\n\r\n        \r\n        <a href=\"https:\/\/talkpal.ai\/vocabulary_language\/dutch\/\">\r\n            <div class=\"learnNavigationWrapper\">\r\n                <div class=\"learnNavigationContent\">\r\n                    <img decoding=\"async\" src=\"https:\/\/talkpal.ai\/wp-content\/uploads\/2024\/08\/Dutch.jpg\" alt=\"Netherlands Flag\">\r\n                    <div>\r\n                        <h4>Niederl\u00e4ndischer Wortschatz<\/h4>\r\n                        <p>Erweitern Sie Ihren niederl\u00e4ndischen Wortschatz.<\/p>\r\n                    <\/div>\r\n                <\/div>\r\n            <\/div>\r\n        <\/a>\r\n\r\n            <\/section>","protected":false},"excerpt":{"rendered":"<p>Niederl\u00e4ndische Grammatikthemen Niederl\u00e4ndisch zu lernen kann eine aufregende und lohnende Erfahrung sein, da es die T\u00fcr zu einer reichen Kultur, Geschichte und M\u00f6glichkeiten f\u00fcr pers\u00f6nliches und berufliches Wachstum \u00f6ffnet. Die niederl\u00e4ndische Sprache ist zwar eng mit Englisch und Deutsch verwandt, hat aber ihre eigenen Grammatikregeln und -strukturen, die auf den ersten Blick schwierig erscheinen k\u00f6nnen. [&hellip;]<\/p>\n","protected":false},"author":6,"featured_media":11587,"parent":0,"menu_order":0,"comment_status":"closed","ping_status":"closed","template":"LearningContentPage.php","meta":{"_acf_changed":false,"footnotes":""},"class_list":["post-73466","page","type-page","status-publish","has-post-thumbnail","hentry"],"acf":[],"yoast_head":"<!-- This site is optimized with the Yoast SEO Premium plugin v27.2 (Yoast SEO v27.2) - https:\/\/yoast.com\/product\/yoast-seo-premium-wordpress\/ -->\n<title>Niederl\u00e4ndische Grammatik\u00fcbungen - Talkpal<\/title>\n<meta name=\"description\" content=\"Verbessern Sie Ihre Sprachkenntnisse mit interaktiven Niederl\u00e4ndisch-Grammatik\u00fcbungen von Talkpal, Ihrem KI-gesteuerten Sprachtutor.\" \/>\n<meta name=\"robots\" content=\"index, follow, max-snippet:-1, max-image-preview:large, max-video-preview:-1\" \/>\n<link rel=\"canonical\" href=\"https:\/\/talkpal.ai\/de\/niederlaendische-grammatikuebungen\/\" \/>\n<meta property=\"og:locale\" content=\"de_DE\" \/>\n<meta property=\"og:type\" content=\"article\" \/>\n<meta property=\"og:title\" content=\"Niederl\u00e4ndische Grammatik\u00fcbungen\" \/>\n<meta property=\"og:description\" content=\"Niederl\u00e4ndische Grammatikthemen Niederl\u00e4ndisch zu lernen kann eine aufregende und lohnende Erfahrung sein, da es die T\u00fcr zu einer reichen Kultur,\" \/>\n<meta property=\"og:url\" content=\"https:\/\/talkpal.ai\/de\/niederlaendische-grammatikuebungen\/\" \/>\n<meta property=\"og:site_name\" content=\"Talkpal\" \/>\n<meta property=\"article:publisher\" content=\"https:\/\/www.facebook.com\/profile.php?id=100090733639311\" \/>\n<meta property=\"article:modified_time\" content=\"2025-12-17T15:28:39+00:00\" \/>\n<meta property=\"og:image\" content=\"https:\/\/talkpal.ai\/wp-content\/uploads\/2023\/04\/netherlands-dutch.png\" \/>\n\t<meta property=\"og:image:width\" content=\"512\" \/>\n\t<meta property=\"og:image:height\" content=\"512\" \/>\n\t<meta property=\"og:image:type\" content=\"image\/png\" \/>\n<meta name=\"twitter:card\" content=\"summary_large_image\" \/>\n<meta name=\"twitter:site\" content=\"@talkpalai\" \/>\n<meta name=\"twitter:label1\" content=\"Gesch\u00e4tzte Lesezeit\" \/>\n\t<meta name=\"twitter:data1\" content=\"3\u00a0Minuten\" \/>\n<script type=\"application\/ld+json\" class=\"yoast-schema-graph\">{\"@context\":\"https:\/\/schema.org\",\"@graph\":[{\"@type\":\"WebPage\",\"@id\":\"https:\/\/talkpal.ai\/de\/niederlaendische-grammatikuebungen\/\",\"url\":\"https:\/\/talkpal.ai\/de\/niederlaendische-grammatikuebungen\/\",\"name\":\"Niederl\u00e4ndische Grammatik\u00fcbungen - Talkpal\",\"isPartOf\":{\"@id\":\"https:\/\/talkpal.ai\/de\/#website\"},\"primaryImageOfPage\":{\"@id\":\"https:\/\/talkpal.ai\/de\/niederlaendische-grammatikuebungen\/#primaryimage\"},\"image\":{\"@id\":\"https:\/\/talkpal.ai\/de\/niederlaendische-grammatikuebungen\/#primaryimage\"},\"thumbnailUrl\":\"https:\/\/talkpal.ai\/wp-content\/uploads\/2023\/04\/netherlands-dutch.png\",\"datePublished\":\"2023-06-16T09:41:10+00:00\",\"dateModified\":\"2025-12-17T15:28:39+00:00\",\"description\":\"Verbessern Sie Ihre Sprachkenntnisse mit interaktiven Niederl\u00e4ndisch-Grammatik\u00fcbungen von Talkpal, Ihrem KI-gesteuerten Sprachtutor.\",\"breadcrumb\":{\"@id\":\"https:\/\/talkpal.ai\/de\/niederlaendische-grammatikuebungen\/#breadcrumb\"},\"inLanguage\":\"de\",\"potentialAction\":[{\"@type\":\"ReadAction\",\"target\":[\"https:\/\/talkpal.ai\/de\/niederlaendische-grammatikuebungen\/\"]}]},{\"@type\":\"ImageObject\",\"inLanguage\":\"de\",\"@id\":\"https:\/\/talkpal.ai\/de\/niederlaendische-grammatikuebungen\/#primaryimage\",\"url\":\"https:\/\/talkpal.ai\/wp-content\/uploads\/2023\/04\/netherlands-dutch.png\",\"contentUrl\":\"https:\/\/talkpal.ai\/wp-content\/uploads\/2023\/04\/netherlands-dutch.png\",\"width\":512,\"height\":512},{\"@type\":\"BreadcrumbList\",\"@id\":\"https:\/\/talkpal.ai\/de\/niederlaendische-grammatikuebungen\/#breadcrumb\",\"itemListElement\":[{\"@type\":\"ListItem\",\"position\":1,\"name\":\"Homepage\",\"item\":\"https:\/\/talkpal.ai\/de\/\"},{\"@type\":\"ListItem\",\"position\":2,\"name\":\"Niederl\u00e4ndische Grammatik\u00fcbungen\"}]},{\"@type\":\"WebSite\",\"@id\":\"https:\/\/talkpal.ai\/de\/#website\",\"url\":\"https:\/\/talkpal.ai\/de\/\",\"name\":\"Talkpal\",\"description\":\"AI Language Learning\",\"publisher\":{\"@id\":\"https:\/\/talkpal.ai\/de\/#organization\"},\"alternateName\":\"Talkpal AI\",\"potentialAction\":[{\"@type\":\"SearchAction\",\"target\":{\"@type\":\"EntryPoint\",\"urlTemplate\":\"https:\/\/talkpal.ai\/de\/?s={search_term_string}\"},\"query-input\":{\"@type\":\"PropertyValueSpecification\",\"valueRequired\":true,\"valueName\":\"search_term_string\"}}],\"inLanguage\":\"de\"},{\"@type\":\"Organization\",\"@id\":\"https:\/\/talkpal.ai\/de\/#organization\",\"name\":\"Talkpal, Inc.\",\"alternateName\":\"Talkpal AI\",\"url\":\"https:\/\/talkpal.ai\/de\/\",\"logo\":{\"@type\":\"ImageObject\",\"inLanguage\":\"de\",\"@id\":\"https:\/\/talkpal.ai\/de\/#\/schema\/logo\/image\/\",\"url\":\"https:\/\/talkpal.ai\/wp-content\/uploads\/2024\/03\/Talkpal-Logo-Icon.png\",\"contentUrl\":\"https:\/\/talkpal.ai\/wp-content\/uploads\/2024\/03\/Talkpal-Logo-Icon.png\",\"width\":2880,\"height\":2880,\"caption\":\"Talkpal, Inc.\"},\"image\":{\"@id\":\"https:\/\/talkpal.ai\/de\/#\/schema\/logo\/image\/\"},\"sameAs\":[\"https:\/\/www.facebook.com\/profile.php?id=100090733639311\",\"https:\/\/x.com\/talkpalai\",\"https:\/\/www.linkedin.com\/company\/talkpal\/\",\"https:\/\/www.youtube.com\/@TalkPal\/\",\"https:\/\/www.tiktok.com\/@talkpal\",\"https:\/\/www.instagram.com\/talkpal_ai\/\",\"https:\/\/www.crunchbase.com\/organization\/talkpal-9cde\",\"https:\/\/www.g2.com\/products\/talkpal-for-business\/\",\"https:\/\/www.trustpilot.com\/review\/talkpal.ai\",\"https:\/\/www.capterra.com\/p\/10006800\/TalkPal\/\"],\"description\":\"Talkpal is a language learning web and mobile education app, powered by the latest AI technologies, that provides engaging experiences to its customers in many different languages to help them improve their language skills. Users can chat about unlimited amount of topics with the app and use other modes to practice their language learning.\",\"email\":\"support@talkpal.ai\",\"legalName\":\"Talkpal, Inc.\",\"foundingDate\":\"2023-04-03\",\"duns\":\"118989042\",\"numberOfEmployees\":{\"@type\":\"QuantitativeValue\",\"minValue\":\"11\",\"maxValue\":\"50\"},\"publishingPrinciples\":\"https:\/\/talkpal.ai\/publishing-principles\/\",\"actionableFeedbackPolicy\":\"https:\/\/talkpal.ai\/actionable-feedback-policy\/\",\"correctionsPolicy\":\"https:\/\/talkpal.ai\/corrections-policy\/\",\"ethicsPolicy\":\"https:\/\/talkpal.ai\/ethics-policy\/\",\"diversityPolicy\":\"https:\/\/talkpal.ai\/diversity-policy\/\",\"diversityStaffingReport\":\"https:\/\/talkpal.ai\/diversity-policy\/\"}]}<\/script>\n<!-- \/ Yoast SEO Premium plugin. -->","yoast_head_json":{"title":"Niederl\u00e4ndische Grammatik\u00fcbungen - Talkpal","description":"Verbessern Sie Ihre Sprachkenntnisse mit interaktiven Niederl\u00e4ndisch-Grammatik\u00fcbungen von Talkpal, Ihrem KI-gesteuerten Sprachtutor.","robots":{"index":"index","follow":"follow","max-snippet":"max-snippet:-1","max-image-preview":"max-image-preview:large","max-video-preview":"max-video-preview:-1"},"canonical":"https:\/\/talkpal.ai\/de\/niederlaendische-grammatikuebungen\/","og_locale":"de_DE","og_type":"article","og_title":"Niederl\u00e4ndische Grammatik\u00fcbungen","og_description":"Niederl\u00e4ndische Grammatikthemen Niederl\u00e4ndisch zu lernen kann eine aufregende und lohnende Erfahrung sein, da es die T\u00fcr zu einer reichen Kultur,","og_url":"https:\/\/talkpal.ai\/de\/niederlaendische-grammatikuebungen\/","og_site_name":"Talkpal","article_publisher":"https:\/\/www.facebook.com\/profile.php?id=100090733639311","article_modified_time":"2025-12-17T15:28:39+00:00","og_image":[{"width":512,"height":512,"url":"https:\/\/talkpal.ai\/wp-content\/uploads\/2023\/04\/netherlands-dutch.png","type":"image\/png"}],"twitter_card":"summary_large_image","twitter_site":"@talkpalai","twitter_misc":{"Gesch\u00e4tzte Lesezeit":"3\u00a0Minuten"},"schema":{"@context":"https:\/\/schema.org","@graph":[{"@type":"WebPage","@id":"https:\/\/talkpal.ai\/de\/niederlaendische-grammatikuebungen\/","url":"https:\/\/talkpal.ai\/de\/niederlaendische-grammatikuebungen\/","name":"Niederl\u00e4ndische Grammatik\u00fcbungen - Talkpal","isPartOf":{"@id":"https:\/\/talkpal.ai\/de\/#website"},"primaryImageOfPage":{"@id":"https:\/\/talkpal.ai\/de\/niederlaendische-grammatikuebungen\/#primaryimage"},"image":{"@id":"https:\/\/talkpal.ai\/de\/niederlaendische-grammatikuebungen\/#primaryimage"},"thumbnailUrl":"https:\/\/talkpal.ai\/wp-content\/uploads\/2023\/04\/netherlands-dutch.png","datePublished":"2023-06-16T09:41:10+00:00","dateModified":"2025-12-17T15:28:39+00:00","description":"Verbessern Sie Ihre Sprachkenntnisse mit interaktiven Niederl\u00e4ndisch-Grammatik\u00fcbungen von Talkpal, Ihrem KI-gesteuerten Sprachtutor.","breadcrumb":{"@id":"https:\/\/talkpal.ai\/de\/niederlaendische-grammatikuebungen\/#breadcrumb"},"inLanguage":"de","potentialAction":[{"@type":"ReadAction","target":["https:\/\/talkpal.ai\/de\/niederlaendische-grammatikuebungen\/"]}]},{"@type":"ImageObject","inLanguage":"de","@id":"https:\/\/talkpal.ai\/de\/niederlaendische-grammatikuebungen\/#primaryimage","url":"https:\/\/talkpal.ai\/wp-content\/uploads\/2023\/04\/netherlands-dutch.png","contentUrl":"https:\/\/talkpal.ai\/wp-content\/uploads\/2023\/04\/netherlands-dutch.png","width":512,"height":512},{"@type":"BreadcrumbList","@id":"https:\/\/talkpal.ai\/de\/niederlaendische-grammatikuebungen\/#breadcrumb","itemListElement":[{"@type":"ListItem","position":1,"name":"Homepage","item":"https:\/\/talkpal.ai\/de\/"},{"@type":"ListItem","position":2,"name":"Niederl\u00e4ndische Grammatik\u00fcbungen"}]},{"@type":"WebSite","@id":"https:\/\/talkpal.ai\/de\/#website","url":"https:\/\/talkpal.ai\/de\/","name":"Talkpal","description":"AI Language Learning","publisher":{"@id":"https:\/\/talkpal.ai\/de\/#organization"},"alternateName":"Talkpal AI","potentialAction":[{"@type":"SearchAction","target":{"@type":"EntryPoint","urlTemplate":"https:\/\/talkpal.ai\/de\/?s={search_term_string}"},"query-input":{"@type":"PropertyValueSpecification","valueRequired":true,"valueName":"search_term_string"}}],"inLanguage":"de"},{"@type":"Organization","@id":"https:\/\/talkpal.ai\/de\/#organization","name":"Talkpal, Inc.","alternateName":"Talkpal AI","url":"https:\/\/talkpal.ai\/de\/","logo":{"@type":"ImageObject","inLanguage":"de","@id":"https:\/\/talkpal.ai\/de\/#\/schema\/logo\/image\/","url":"https:\/\/talkpal.ai\/wp-content\/uploads\/2024\/03\/Talkpal-Logo-Icon.png","contentUrl":"https:\/\/talkpal.ai\/wp-content\/uploads\/2024\/03\/Talkpal-Logo-Icon.png","width":2880,"height":2880,"caption":"Talkpal, Inc."},"image":{"@id":"https:\/\/talkpal.ai\/de\/#\/schema\/logo\/image\/"},"sameAs":["https:\/\/www.facebook.com\/profile.php?id=100090733639311","https:\/\/x.com\/talkpalai","https:\/\/www.linkedin.com\/company\/talkpal\/","https:\/\/www.youtube.com\/@TalkPal\/","https:\/\/www.tiktok.com\/@talkpal","https:\/\/www.instagram.com\/talkpal_ai\/","https:\/\/www.crunchbase.com\/organization\/talkpal-9cde","https:\/\/www.g2.com\/products\/talkpal-for-business\/","https:\/\/www.trustpilot.com\/review\/talkpal.ai","https:\/\/www.capterra.com\/p\/10006800\/TalkPal\/"],"description":"Talkpal is a language learning web and mobile education app, powered by the latest AI technologies, that provides engaging experiences to its customers in many different languages to help them improve their language skills. Users can chat about unlimited amount of topics with the app and use other modes to practice their language learning.","email":"support@talkpal.ai","legalName":"Talkpal, Inc.","foundingDate":"2023-04-03","duns":"118989042","numberOfEmployees":{"@type":"QuantitativeValue","minValue":"11","maxValue":"50"},"publishingPrinciples":"https:\/\/talkpal.ai\/publishing-principles\/","actionableFeedbackPolicy":"https:\/\/talkpal.ai\/actionable-feedback-policy\/","correctionsPolicy":"https:\/\/talkpal.ai\/corrections-policy\/","ethicsPolicy":"https:\/\/talkpal.ai\/ethics-policy\/","diversityPolicy":"https:\/\/talkpal.ai\/diversity-policy\/","diversityStaffingReport":"https:\/\/talkpal.ai\/diversity-policy\/"}]}},"_links":{"self":[{"href":"https:\/\/talkpal.ai\/de\/wp-json\/wp\/v2\/pages\/73466","targetHints":{"allow":["GET"]}}],"collection":[{"href":"https:\/\/talkpal.ai\/de\/wp-json\/wp\/v2\/pages"}],"about":[{"href":"https:\/\/talkpal.ai\/de\/wp-json\/wp\/v2\/types\/page"}],"author":[{"embeddable":true,"href":"https:\/\/talkpal.ai\/de\/wp-json\/wp\/v2\/users\/6"}],"replies":[{"embeddable":true,"href":"https:\/\/talkpal.ai\/de\/wp-json\/wp\/v2\/comments?post=73466"}],"version-history":[{"count":0,"href":"https:\/\/talkpal.ai\/de\/wp-json\/wp\/v2\/pages\/73466\/revisions"}],"wp:featuredmedia":[{"embeddable":true,"href":"https:\/\/talkpal.ai\/de\/wp-json\/wp\/v2\/media\/11587"}],"wp:attachment":[{"href":"https:\/\/talkpal.ai\/de\/wp-json\/wp\/v2\/media?parent=73466"}],"curies":[{"name":"wp","href":"https:\/\/api.w.org\/{rel}","templated":true}]}}