{"id":73366,"date":"2023-06-22T08:43:13","date_gmt":"2023-06-22T08:43:13","guid":{"rendered":"http:\/\/talkpal.ai\/maori-grammatikuebungen\/"},"modified":"2025-12-17T14:34:46","modified_gmt":"2025-12-17T14:34:46","slug":"maori-grammatikuebungen","status":"publish","type":"page","link":"https:\/\/talkpal.ai\/de\/maori-grammatikuebungen\/","title":{"rendered":"Maori Grammatik\u00fcbungen"},"content":{"rendered":"\r\n\r\n\r\n<section class=\"languageChallengeSection\">\r\n    <div class=\"languageInfoWrapper\">\r\n        \r\n        <h1>Maori Grammatik\u00fcbungen<\/h1>\r\n        <p>M\u00f6chten Sie Ihre <a href=\"https:\/\/talkpal.ai\/culture\/how-do-i-start-learning-te-reo-maori-as-a-beginner\/\">Te Reo M\u0101ori<\/a> Kenntnisse st\u00e4rken? Das \u00dcben von Grammatik\u00fcbungen ist eine gute M\u00f6glichkeit, Satzstrukturen, Verbformen und Schl\u00fcsselmuster der Sprache zu verstehen. Beginnen Sie noch heute mit der Erforschung der M\u0101ori-Grammatik und beobachten Sie, wie Ihr Selbstvertrauen und Ihre F\u00e4higkeiten mit jeder neuen \u00dcbung wachsen!<\/p>\r\n\r\n                            <a class=\"getStartedHidden\" href=\"https:\/\/app.talkpal.ai\/de\/signup?lng=\">Leg los<\/a>\r\n        \r\n    <\/div>\r\n\r\n    <figure>\r\n    <img decoding=\"async\" width=\"768\" height=\"768\" src=\"https:\/\/talkpal.ai\/wp-content\/uploads\/2023\/06\/maori-768x768.png\" class=\"languageImage no-lazy\" alt=\"Default alt text\" fetchpriority=\"high\" sizes=\"(max-width: 768px) 150px, 768px\" srcset=\"https:\/\/talkpal.ai\/wp-content\/uploads\/2023\/06\/maori-768x768.png 768w, https:\/\/talkpal.ai\/wp-content\/uploads\/2023\/06\/maori-300x300.png 300w\" \/>\r\n    \r\n\r\n    <\/figure>\r\n\r\n            <a class=\"getStartedVisible\" href=\"https:\/\/app.talkpal.ai\/de\/signup?lng=\">Leg los<\/a>\r\n    \r\n<\/section>\r\n\r\n\r\n<!-- <section class=\"grammarSection\">\r\n    <div class=\"grammarLinks\">\r\n        <a href=\"https:\/\/talkpal.ai\/de\/exercise_language\/adjektive-maori-grammatik\/\">Adjektive <\/a><a href=\"https:\/\/talkpal.ai\/de\/exercise_language\/adverbien-maori-grammatik\/\">Adverbien <\/a><a href=\"https:\/\/talkpal.ai\/de\/exercise_language\/artikel-maori-grammatik\/\">Artikel <\/a><a href=\"https:\/\/talkpal.ai\/de\/exercise_language\/konditionale-maori-grammatik\/\">Konditionale <\/a><a href=\"https:\/\/talkpal.ai\/de\/exercise_language\/perfekt-progressiv-maori-grammatik\/\">Perfekt Progressiv <\/a><a href=\"https:\/\/talkpal.ai\/de\/exercise_language\/prapositionen-maori-grammatik\/\">Pr\u00e4positionen <\/a><a href=\"https:\/\/talkpal.ai\/de\/exercise_language\/progressiv-maori-grammatik\/\">Progressiv <\/a><a href=\"https:\/\/talkpal.ai\/de\/exercise_language\/pronomen-determinanten-maori-grammatik\/\">Pronomen\/Determinanten <\/a><a href=\"https:\/\/talkpal.ai\/de\/exercise_language\/satze-maori-grammatik\/\">S\u00e4tze <\/a><a href=\"https:\/\/talkpal.ai\/de\/exercise_language\/substantive-maori-grammatik\/\">Substantive <\/a><a href=\"https:\/\/talkpal.ai\/de\/exercise_language\/verben-maori-grammatik\/\">Verben <\/a><a href=\"https:\/\/talkpal.ai\/de\/exercise_language\/zeitformen-maori-grammatik\/\">Zeitformen <\/a><a href=\"https:\/\/talkpal.ai\/de\/exercise_language\/zeitvergleich-maori-grammatik\/\">Zeitvergleich <\/a>    <\/div>\r\n<\/section> -->\r\n\r\n\r\n\r\n\r\n        <section class=\"grammarSection\">\r\n            <div class=\"grammarLinks\">\r\n                <a href=\"https:\/\/talkpal.ai\/de\/exercise_language\/adjektive-maori-grammatik\/\">Adjektive <\/a><a href=\"https:\/\/talkpal.ai\/de\/exercise_language\/adverbien-maori-grammatik\/\">Adverbien <\/a><a href=\"https:\/\/talkpal.ai\/de\/exercise_language\/artikel-maori-grammatik\/\">Artikel <\/a><a href=\"https:\/\/talkpal.ai\/de\/exercise_language\/konditionale-maori-grammatik\/\">Konditionale <\/a><a href=\"https:\/\/talkpal.ai\/de\/exercise_language\/perfekt-progressiv-maori-grammatik\/\">Perfekt Progressiv <\/a><a href=\"https:\/\/talkpal.ai\/de\/exercise_language\/prapositionen-maori-grammatik\/\">Pr\u00e4positionen <\/a><a href=\"https:\/\/talkpal.ai\/de\/exercise_language\/progressiv-maori-grammatik\/\">Progressiv <\/a><a href=\"https:\/\/talkpal.ai\/de\/exercise_language\/pronomen-determinanten-maori-grammatik\/\">Pronomen\/Determinanten <\/a><a href=\"https:\/\/talkpal.ai\/de\/exercise_language\/satze-maori-grammatik\/\">S\u00e4tze <\/a><a href=\"https:\/\/talkpal.ai\/de\/exercise_language\/substantive-maori-grammatik\/\">Substantive <\/a><a href=\"https:\/\/talkpal.ai\/de\/exercise_language\/verben-maori-grammatik\/\">Verben <\/a><a href=\"https:\/\/talkpal.ai\/de\/exercise_language\/zeitformen-maori-grammatik\/\">Zeitformen <\/a><a href=\"https:\/\/talkpal.ai\/de\/exercise_language\/zeitvergleich-maori-grammatik\/\">Zeitvergleich <\/a>            <\/div>\r\n        <\/section>\r\n<section class=\"promotionalBanner\">\r\n    <p class=\"promotionalText\">Der effizienteste Weg, eine Sprache zu lernen<\/p>\r\n    <a class=\"promotionalLink\" href=\"https:\/\/app.talkpal.ai\/de\/signup?lng=\">Talkpal kostenlos<\/a>\r\n<\/section>\n<div class=\"wp-block-group pageContainerStyle\"><div class=\"wp-block-group__inner-container is-layout-constrained wp-block-group-is-layout-constrained\">\n<h2 class=\"wp-block-heading\" id=\"h-maori-grammar-topics\">Maori-Grammatik-Themen<\/h2>\n\n\n\n<p>Die Maori-Sprache, bekannt als te reo M\u0101ori, ist eine ostpolynesische Sprache, die in Neuseeland beheimatet ist. Als Amtssprache des Landes verf\u00fcgt sie \u00fcber ein reiches <a href=\"https:\/\/talkpal.ai\/de\/culture\/kulturelles-erbe-und-deutschlernen\/\">kulturelles Erbe<\/a> und einzigartige <a href=\"https:\/\/talkpal.ai\/de\/culture\/sprachliche-besonderheiten-in-deutschen-hochschulen\/\">sprachliche Besonderheiten<\/a>. Das Erlernen der <a href=\"https:\/\/talkpal.ai\/maori-grammar\/\">Maori-Grammatik<\/a> ist unerl\u00e4sslich, um die Sprache zu verstehen und effektiv in ihr zu kommunizieren. Dieser Leitfaden bietet einen \u00dcberblick \u00fcber wichtige Maori-Grammatikthemen, die in einer Reihenfolge angeordnet sind, die Ihren Lernprozess erleichtern soll. Von <a href=\"https:\/\/talkpal.ai\/zh-hans\/grammar_exercises\/zeitformen-%e5%be%b7%e5%9b%bd%e8%af%ad%e6%b3%95%e7%bb%83%e4%b9%a0\/\">Zeitformen<\/a> und Verben bis hin zu Adjektiven und <a href=\"https:\/\/talkpal.ai\/ar\/grammar_exercises\/prapositionen-%d8%aa%d9%85%d8%a7%d8%b1%d9%8a%d9%86-%d9%84%d9%84%d9%82%d9%88%d8%a7%d8%b9%d8%af-%d8%a7%d9%84%d8%a3%d9%84%d9%85%d8%a7%d9%86%d9%8a%d8%a9\/\">Pr\u00e4positionen<\/a> hilft Ihnen dieser Leitfaden, die wesentlichen Elemente der Maori-Grammatik zu verstehen und sich auf Ihre Sprachlernreise zu begeben.<\/p>\n\n\n\n<h3 class=\"wp-block-heading\" id=\"h-1-tenses\">1. Zeitformen:<\/h3>\n\n\n\n<p>Bei den <a href=\"https:\/\/talkpal.ai\/learn-maori\/\">Maori<\/a> gibt es zwei Hauptformen \u2013 Vergangenheit und Nicht-Vergangenheit. Die Vergangenheitsform weist auf Handlungen oder Ereignisse hin, die bereits stattgefunden haben, w\u00e4hrend die Nicht-Vergangenheitsform sowohl gegenw\u00e4rtige als auch zuk\u00fcnftige Handlungen umfasst. Das Verst\u00e4ndnis dieser Zeitformen ist entscheidend, um S\u00e4tze zu bilden und die Bedeutung genau zu vermitteln.<\/p>\n\n\n\n<h3 class=\"wp-block-heading\" id=\"h-2-tense-comparison\">2. Spannender Vergleich:<\/h3>\n\n\n\n<p>Wenn Sie Zeitformen in Maori vergleichen, ist es wichtig zu wissen, wie man S\u00e4tze in den verschiedenen Zeitformen bildet und wie man sie miteinander vergleicht. Dieses Wissen wird Ihnen helfen, Handlungen und Ereignisse in verschiedenen zeitlichen Kontexten auszudr\u00fccken.<\/p>\n\n\n\n<h3 class=\"wp-block-heading\" id=\"h-3-progressive\">3. Progressiv:<\/h3>\n\n\n\n<p>Der progressive Aspekt in Maori weist auf fortlaufende oder kontinuierliche Handlungen hin. Wenn Sie lernen, wie Sie den progressiven Aspekt nutzen, k\u00f6nnen Sie Handlungen beschreiben, die gerade stattfinden, und Ihrer Kommunikation Tiefe verleihen.<\/p>\n\n\n\n<h3 class=\"wp-block-heading\" id=\"h-4-perfect-progressive\">4. Perfekt progressiv:<\/h3>\n\n\n\n<p>Der perfekte progressive Aspekt kombiniert Elemente sowohl des perfekten als auch des progressiven Aspekts und zeigt Aktionen an, die im Gange waren, aber jetzt abgeschlossen sind. Wenn Sie diesen Aspekt beherrschen, k\u00f6nnen Sie komplexere Ideen und Situationen vermitteln.<\/p>\n\n\n\n<h3 class=\"wp-block-heading\" id=\"h-5-verbs\">5. Verben:<\/h3>\n\n\n\n<p>Verben sind auf Maori entscheidend f\u00fcr die Satzbildung und das Ausdr\u00fccken von Handlungen oder Seinszust\u00e4nden. F\u00fcr eine effektive Kommunikation ist es wichtig, sich mit der Konjugation von Verben, gebr\u00e4uchlichen Verben und ihrer Verwendung vertraut zu machen.<\/p>\n\n\n\n<h3 class=\"wp-block-heading\" id=\"h-6-nouns\">6. Substantive:<\/h3>\n\n\n\n<p>Substantive sind die Grundlage jeder Sprache und repr\u00e4sentieren Menschen, Orte, Dinge oder Ideen. Das Erlernen von Maori-Substantiven wird dir helfen, deinen Wortschatz zu erweitern und dein allgemeines Verst\u00e4ndnis der Sprache zu verbessern.<\/p>\n\n\n\n<h3 class=\"wp-block-heading\" id=\"h-7-articles\">7. Artikel:<\/h3>\n\n\n\n<p>Maori verwendet Artikel, um die Bestimmtheit oder Unbestimmtheit eines Substantivs zu spezifizieren. Wenn du die Verwendung von Artikeln verstehst, kannst du S\u00e4tze klar und pr\u00e4zise konstruieren.<\/p>\n\n\n\n<h3 class=\"wp-block-heading\" id=\"h-8-pronouns-determiners\">8. Pronomen\/Determinanten:<\/h3>\n\n\n\n<p>Pronomen und Determinanten spielen eine wichtige Rolle in der Maori-Grammatik und helfen dabei, ein Substantiv zu identifizieren oder zu spezifizieren. Machen Sie sich mit verschiedenen Pronomen und Determinanten vertraut, um Ihre Sprachkenntnisse zu verbessern.<\/p>\n\n\n\n<h3 class=\"wp-block-heading\" id=\"h-9-adjectives\">9. Adjektive:<\/h3>\n\n\n\n<p>Adjektive liefern Beschreibungen, Eigenschaften oder Attribute f\u00fcr Substantive. Das Erlernen von Maori-Adjektiven erm\u00f6glicht es dir, detailliertere und nuanciertere Ideen auszudr\u00fccken.<\/p>\n\n\n\n<h3 class=\"wp-block-heading\" id=\"h-10-adverbs\">10. Adverbien:<\/h3>\n\n\n\n<p>Adverbien modifizieren Verben, Adjektive oder andere Adverbien und liefern zus\u00e4tzliche Informationen \u00fcber Handlungen oder Eigenschaften. Die Beherrschung der Maori-Adverbien wird Ihnen helfen, die Bedeutung effektiver zu vermitteln und Ihren S\u00e4tzen Abwechslung zu verleihen.<\/p>\n\n\n\n<h3 class=\"wp-block-heading\" id=\"h-11-conditionals\">11. Bedingungen:<\/h3>\n\n\n\n<p>Konditionale werden verwendet, um hypothetische Situationen oder Konsequenzen auf Maori auszudr\u00fccken. Das Verst\u00e4ndnis bedingter Formen wird Ihnen helfen, komplexe Ideen und M\u00f6glichkeiten zu kommunizieren.<\/p>\n\n\n\n<h3 class=\"wp-block-heading\" id=\"h-12-prepositions\">12. Pr\u00e4positionen:<\/h3>\n\n\n\n<p>Pr\u00e4positionen sind wichtig, um Beziehungen zwischen W\u00f6rtern anzugeben, z. B. Ort, Richtung oder Zeit. Das Erlernen von Maori-Pr\u00e4positionen wird dir helfen, komplexere und bedeutungsvollere S\u00e4tze zu bilden.<\/p>\n\n\n\n<h3 class=\"wp-block-heading\" id=\"h-13-sentences\">13. S\u00e4tze:<\/h3>\n\n\n\n<p>Schlie\u00dflich ist das Verst\u00e4ndnis der Satzstruktur und der Wortstellung entscheidend f\u00fcr eine effektive Kommunikation auf Maori. Machen Sie sich mit verschiedenen Satzmustern vertraut und \u00fcben Sie die Satzbildung anhand der in diesem Leitfaden behandelten Grammatikthemen.<\/p>\n<\/div><\/div>\n\r\n<section class=\"learnNavigationSection\">\r\n            \r\n        <a href=\"https:\/\/talkpal.ai\/de\/maori-lernen\/\">\r\n            <div class=\"learnNavigationWrapper\">\r\n                <div class=\"learnNavigationContent\">\r\n                    <img decoding=\"async\" src=\"https:\/\/talkpal.ai\/wp-content\/uploads\/2024\/08\/Maori.jpg\" alt=\"New Zealand Flag\">\r\n                    <div>\r\n                        <h4>Maori Grammatik Lektionen<\/h4>\r\n                        <p>Erfahren Sie alles \u00fcber die Maori-Grammatik.<\/p>\r\n                    <\/div>\r\n                <\/div>\r\n            <\/div>\r\n        <\/a>\r\n\r\n        \r\n        <a href=\"https:\/\/talkpal.ai\/de\/maori-grammatik\/\">\r\n            <div class=\"learnNavigationWrapper\">\r\n                <div class=\"learnNavigationContent\">\r\n                    <img decoding=\"async\" src=\"https:\/\/talkpal.ai\/wp-content\/uploads\/2024\/08\/Maori.jpg\" alt=\"New Zealand Flag\">\r\n                    <div>\r\n                        <h4>Maori Grammatik Lektionen<\/h4>\r\n                        <p>\u00dcben Sie die Maori-Grammatik.<\/p>\r\n                    <\/div>\r\n                <\/div>\r\n            <\/div>\r\n        <\/a>\r\n\r\n        \r\n        <a href=\"https:\/\/talkpal.ai\/vocabulary_language\/maori\/\">\r\n            <div class=\"learnNavigationWrapper\">\r\n                <div class=\"learnNavigationContent\">\r\n                    <img decoding=\"async\" src=\"https:\/\/talkpal.ai\/wp-content\/uploads\/2024\/08\/Maori.jpg\" alt=\"New Zealand Flag\">\r\n                    <div>\r\n                        <h4>Maori Wortschatz<\/h4>\r\n                        <p>Erweitern Sie Ihren Maori-Wortschatz.<\/p>\r\n                    <\/div>\r\n                <\/div>\r\n            <\/div>\r\n        <\/a>\r\n\r\n            <\/section>","protected":false},"excerpt":{"rendered":"<p>Maori-Grammatik-Themen Die Maori-Sprache, bekannt als te reo M\u0101ori, ist eine ostpolynesische Sprache, die in Neuseeland beheimatet ist. Als Amtssprache des Landes verf\u00fcgt sie \u00fcber ein reiches kulturelles Erbe und einzigartige sprachliche Besonderheiten. Das Erlernen der Maori-Grammatik ist unerl\u00e4sslich, um die Sprache zu verstehen und effektiv in ihr zu kommunizieren. Dieser Leitfaden bietet einen \u00dcberblick \u00fcber [&hellip;]<\/p>\n","protected":false},"author":6,"featured_media":28493,"parent":0,"menu_order":0,"comment_status":"closed","ping_status":"closed","template":"LearningContentPage.php","meta":{"_acf_changed":false,"footnotes":""},"class_list":["post-73366","page","type-page","status-publish","has-post-thumbnail","hentry"],"acf":[],"yoast_head":"<!-- This site is optimized with the Yoast SEO Premium plugin v27.2 (Yoast SEO v27.2) - https:\/\/yoast.com\/product\/yoast-seo-premium-wordpress\/ -->\n<title>Maori Grammatik\u00fcbungen - Talkpal<\/title>\n<meta name=\"description\" content=\"Verbessern Sie Ihre Sprachkenntnisse mit Maori-Grammatik\u00fcbungen, die Ihr Verst\u00e4ndnis und Ihre Sprachgewandtheit in Maori verbessern.\" \/>\n<meta name=\"robots\" content=\"index, follow, max-snippet:-1, max-image-preview:large, max-video-preview:-1\" \/>\n<link rel=\"canonical\" href=\"https:\/\/talkpal.ai\/de\/maori-grammatikuebungen\/\" \/>\n<meta property=\"og:locale\" content=\"de_DE\" \/>\n<meta property=\"og:type\" content=\"article\" \/>\n<meta property=\"og:title\" content=\"Maori Grammatik\u00fcbungen\" \/>\n<meta property=\"og:description\" content=\"Maori-Grammatik-Themen Die Maori-Sprache, bekannt als te reo M\u0101ori, ist eine ostpolynesische Sprache, die in Neuseeland beheimatet ist. Als Amtssprache\" \/>\n<meta property=\"og:url\" content=\"https:\/\/talkpal.ai\/de\/maori-grammatikuebungen\/\" \/>\n<meta property=\"og:site_name\" content=\"Talkpal\" \/>\n<meta property=\"article:publisher\" content=\"https:\/\/www.facebook.com\/profile.php?id=100090733639311\" \/>\n<meta property=\"article:modified_time\" content=\"2025-12-17T14:34:46+00:00\" \/>\n<meta property=\"og:image\" content=\"https:\/\/talkpal.ai\/wp-content\/uploads\/2023\/05\/Maori-new-zealand.png\" \/>\n\t<meta property=\"og:image:width\" content=\"512\" \/>\n\t<meta property=\"og:image:height\" content=\"512\" \/>\n\t<meta property=\"og:image:type\" content=\"image\/png\" \/>\n<meta name=\"twitter:card\" content=\"summary_large_image\" \/>\n<meta name=\"twitter:site\" content=\"@talkpalai\" \/>\n<meta name=\"twitter:label1\" content=\"Gesch\u00e4tzte Lesezeit\" \/>\n\t<meta name=\"twitter:data1\" content=\"3\u00a0Minuten\" \/>\n<script type=\"application\/ld+json\" class=\"yoast-schema-graph\">{\"@context\":\"https:\/\/schema.org\",\"@graph\":[{\"@type\":\"WebPage\",\"@id\":\"https:\/\/talkpal.ai\/de\/maori-grammatikuebungen\/\",\"url\":\"https:\/\/talkpal.ai\/de\/maori-grammatikuebungen\/\",\"name\":\"Maori Grammatik\u00fcbungen - Talkpal\",\"isPartOf\":{\"@id\":\"https:\/\/talkpal.ai\/de\/#website\"},\"primaryImageOfPage\":{\"@id\":\"https:\/\/talkpal.ai\/de\/maori-grammatikuebungen\/#primaryimage\"},\"image\":{\"@id\":\"https:\/\/talkpal.ai\/de\/maori-grammatikuebungen\/#primaryimage\"},\"thumbnailUrl\":\"https:\/\/talkpal.ai\/wp-content\/uploads\/2023\/05\/Maori-new-zealand.png\",\"datePublished\":\"2023-06-22T08:43:13+00:00\",\"dateModified\":\"2025-12-17T14:34:46+00:00\",\"description\":\"Verbessern Sie Ihre Sprachkenntnisse mit Maori-Grammatik\u00fcbungen, die Ihr Verst\u00e4ndnis und Ihre Sprachgewandtheit in Maori verbessern.\",\"breadcrumb\":{\"@id\":\"https:\/\/talkpal.ai\/de\/maori-grammatikuebungen\/#breadcrumb\"},\"inLanguage\":\"de\",\"potentialAction\":[{\"@type\":\"ReadAction\",\"target\":[\"https:\/\/talkpal.ai\/de\/maori-grammatikuebungen\/\"]}]},{\"@type\":\"ImageObject\",\"inLanguage\":\"de\",\"@id\":\"https:\/\/talkpal.ai\/de\/maori-grammatikuebungen\/#primaryimage\",\"url\":\"https:\/\/talkpal.ai\/wp-content\/uploads\/2023\/05\/Maori-new-zealand.png\",\"contentUrl\":\"https:\/\/talkpal.ai\/wp-content\/uploads\/2023\/05\/Maori-new-zealand.png\",\"width\":512,\"height\":512},{\"@type\":\"BreadcrumbList\",\"@id\":\"https:\/\/talkpal.ai\/de\/maori-grammatikuebungen\/#breadcrumb\",\"itemListElement\":[{\"@type\":\"ListItem\",\"position\":1,\"name\":\"Homepage\",\"item\":\"https:\/\/talkpal.ai\/de\/\"},{\"@type\":\"ListItem\",\"position\":2,\"name\":\"Maori Grammatik\u00fcbungen\"}]},{\"@type\":\"WebSite\",\"@id\":\"https:\/\/talkpal.ai\/de\/#website\",\"url\":\"https:\/\/talkpal.ai\/de\/\",\"name\":\"Talkpal\",\"description\":\"AI Language Learning\",\"publisher\":{\"@id\":\"https:\/\/talkpal.ai\/de\/#organization\"},\"alternateName\":\"Talkpal AI\",\"potentialAction\":[{\"@type\":\"SearchAction\",\"target\":{\"@type\":\"EntryPoint\",\"urlTemplate\":\"https:\/\/talkpal.ai\/de\/?s={search_term_string}\"},\"query-input\":{\"@type\":\"PropertyValueSpecification\",\"valueRequired\":true,\"valueName\":\"search_term_string\"}}],\"inLanguage\":\"de\"},{\"@type\":\"Organization\",\"@id\":\"https:\/\/talkpal.ai\/de\/#organization\",\"name\":\"Talkpal, Inc.\",\"alternateName\":\"Talkpal AI\",\"url\":\"https:\/\/talkpal.ai\/de\/\",\"logo\":{\"@type\":\"ImageObject\",\"inLanguage\":\"de\",\"@id\":\"https:\/\/talkpal.ai\/de\/#\/schema\/logo\/image\/\",\"url\":\"https:\/\/talkpal.ai\/wp-content\/uploads\/2024\/03\/Talkpal-Logo-Icon.png\",\"contentUrl\":\"https:\/\/talkpal.ai\/wp-content\/uploads\/2024\/03\/Talkpal-Logo-Icon.png\",\"width\":2880,\"height\":2880,\"caption\":\"Talkpal, Inc.\"},\"image\":{\"@id\":\"https:\/\/talkpal.ai\/de\/#\/schema\/logo\/image\/\"},\"sameAs\":[\"https:\/\/www.facebook.com\/profile.php?id=100090733639311\",\"https:\/\/x.com\/talkpalai\",\"https:\/\/www.linkedin.com\/company\/talkpal\/\",\"https:\/\/www.youtube.com\/@TalkPal\/\",\"https:\/\/www.tiktok.com\/@talkpal\",\"https:\/\/www.instagram.com\/talkpal_ai\/\",\"https:\/\/www.crunchbase.com\/organization\/talkpal-9cde\",\"https:\/\/www.g2.com\/products\/talkpal-for-business\/\",\"https:\/\/www.trustpilot.com\/review\/talkpal.ai\",\"https:\/\/www.capterra.com\/p\/10006800\/TalkPal\/\"],\"description\":\"Talkpal is a language learning web and mobile education app, powered by the latest AI technologies, that provides engaging experiences to its customers in many different languages to help them improve their language skills. Users can chat about unlimited amount of topics with the app and use other modes to practice their language learning.\",\"email\":\"support@talkpal.ai\",\"legalName\":\"Talkpal, Inc.\",\"foundingDate\":\"2023-04-03\",\"duns\":\"118989042\",\"numberOfEmployees\":{\"@type\":\"QuantitativeValue\",\"minValue\":\"11\",\"maxValue\":\"50\"},\"publishingPrinciples\":\"https:\/\/talkpal.ai\/publishing-principles\/\",\"actionableFeedbackPolicy\":\"https:\/\/talkpal.ai\/actionable-feedback-policy\/\",\"correctionsPolicy\":\"https:\/\/talkpal.ai\/corrections-policy\/\",\"ethicsPolicy\":\"https:\/\/talkpal.ai\/ethics-policy\/\",\"diversityPolicy\":\"https:\/\/talkpal.ai\/diversity-policy\/\",\"diversityStaffingReport\":\"https:\/\/talkpal.ai\/diversity-policy\/\"}]}<\/script>\n<!-- \/ Yoast SEO Premium plugin. -->","yoast_head_json":{"title":"Maori Grammatik\u00fcbungen - Talkpal","description":"Verbessern Sie Ihre Sprachkenntnisse mit Maori-Grammatik\u00fcbungen, die Ihr Verst\u00e4ndnis und Ihre Sprachgewandtheit in Maori verbessern.","robots":{"index":"index","follow":"follow","max-snippet":"max-snippet:-1","max-image-preview":"max-image-preview:large","max-video-preview":"max-video-preview:-1"},"canonical":"https:\/\/talkpal.ai\/de\/maori-grammatikuebungen\/","og_locale":"de_DE","og_type":"article","og_title":"Maori Grammatik\u00fcbungen","og_description":"Maori-Grammatik-Themen Die Maori-Sprache, bekannt als te reo M\u0101ori, ist eine ostpolynesische Sprache, die in Neuseeland beheimatet ist. Als Amtssprache","og_url":"https:\/\/talkpal.ai\/de\/maori-grammatikuebungen\/","og_site_name":"Talkpal","article_publisher":"https:\/\/www.facebook.com\/profile.php?id=100090733639311","article_modified_time":"2025-12-17T14:34:46+00:00","og_image":[{"width":512,"height":512,"url":"https:\/\/talkpal.ai\/wp-content\/uploads\/2023\/05\/Maori-new-zealand.png","type":"image\/png"}],"twitter_card":"summary_large_image","twitter_site":"@talkpalai","twitter_misc":{"Gesch\u00e4tzte Lesezeit":"3\u00a0Minuten"},"schema":{"@context":"https:\/\/schema.org","@graph":[{"@type":"WebPage","@id":"https:\/\/talkpal.ai\/de\/maori-grammatikuebungen\/","url":"https:\/\/talkpal.ai\/de\/maori-grammatikuebungen\/","name":"Maori Grammatik\u00fcbungen - Talkpal","isPartOf":{"@id":"https:\/\/talkpal.ai\/de\/#website"},"primaryImageOfPage":{"@id":"https:\/\/talkpal.ai\/de\/maori-grammatikuebungen\/#primaryimage"},"image":{"@id":"https:\/\/talkpal.ai\/de\/maori-grammatikuebungen\/#primaryimage"},"thumbnailUrl":"https:\/\/talkpal.ai\/wp-content\/uploads\/2023\/05\/Maori-new-zealand.png","datePublished":"2023-06-22T08:43:13+00:00","dateModified":"2025-12-17T14:34:46+00:00","description":"Verbessern Sie Ihre Sprachkenntnisse mit Maori-Grammatik\u00fcbungen, die Ihr Verst\u00e4ndnis und Ihre Sprachgewandtheit in Maori verbessern.","breadcrumb":{"@id":"https:\/\/talkpal.ai\/de\/maori-grammatikuebungen\/#breadcrumb"},"inLanguage":"de","potentialAction":[{"@type":"ReadAction","target":["https:\/\/talkpal.ai\/de\/maori-grammatikuebungen\/"]}]},{"@type":"ImageObject","inLanguage":"de","@id":"https:\/\/talkpal.ai\/de\/maori-grammatikuebungen\/#primaryimage","url":"https:\/\/talkpal.ai\/wp-content\/uploads\/2023\/05\/Maori-new-zealand.png","contentUrl":"https:\/\/talkpal.ai\/wp-content\/uploads\/2023\/05\/Maori-new-zealand.png","width":512,"height":512},{"@type":"BreadcrumbList","@id":"https:\/\/talkpal.ai\/de\/maori-grammatikuebungen\/#breadcrumb","itemListElement":[{"@type":"ListItem","position":1,"name":"Homepage","item":"https:\/\/talkpal.ai\/de\/"},{"@type":"ListItem","position":2,"name":"Maori Grammatik\u00fcbungen"}]},{"@type":"WebSite","@id":"https:\/\/talkpal.ai\/de\/#website","url":"https:\/\/talkpal.ai\/de\/","name":"Talkpal","description":"AI Language Learning","publisher":{"@id":"https:\/\/talkpal.ai\/de\/#organization"},"alternateName":"Talkpal AI","potentialAction":[{"@type":"SearchAction","target":{"@type":"EntryPoint","urlTemplate":"https:\/\/talkpal.ai\/de\/?s={search_term_string}"},"query-input":{"@type":"PropertyValueSpecification","valueRequired":true,"valueName":"search_term_string"}}],"inLanguage":"de"},{"@type":"Organization","@id":"https:\/\/talkpal.ai\/de\/#organization","name":"Talkpal, Inc.","alternateName":"Talkpal AI","url":"https:\/\/talkpal.ai\/de\/","logo":{"@type":"ImageObject","inLanguage":"de","@id":"https:\/\/talkpal.ai\/de\/#\/schema\/logo\/image\/","url":"https:\/\/talkpal.ai\/wp-content\/uploads\/2024\/03\/Talkpal-Logo-Icon.png","contentUrl":"https:\/\/talkpal.ai\/wp-content\/uploads\/2024\/03\/Talkpal-Logo-Icon.png","width":2880,"height":2880,"caption":"Talkpal, Inc."},"image":{"@id":"https:\/\/talkpal.ai\/de\/#\/schema\/logo\/image\/"},"sameAs":["https:\/\/www.facebook.com\/profile.php?id=100090733639311","https:\/\/x.com\/talkpalai","https:\/\/www.linkedin.com\/company\/talkpal\/","https:\/\/www.youtube.com\/@TalkPal\/","https:\/\/www.tiktok.com\/@talkpal","https:\/\/www.instagram.com\/talkpal_ai\/","https:\/\/www.crunchbase.com\/organization\/talkpal-9cde","https:\/\/www.g2.com\/products\/talkpal-for-business\/","https:\/\/www.trustpilot.com\/review\/talkpal.ai","https:\/\/www.capterra.com\/p\/10006800\/TalkPal\/"],"description":"Talkpal is a language learning web and mobile education app, powered by the latest AI technologies, that provides engaging experiences to its customers in many different languages to help them improve their language skills. Users can chat about unlimited amount of topics with the app and use other modes to practice their language learning.","email":"support@talkpal.ai","legalName":"Talkpal, Inc.","foundingDate":"2023-04-03","duns":"118989042","numberOfEmployees":{"@type":"QuantitativeValue","minValue":"11","maxValue":"50"},"publishingPrinciples":"https:\/\/talkpal.ai\/publishing-principles\/","actionableFeedbackPolicy":"https:\/\/talkpal.ai\/actionable-feedback-policy\/","correctionsPolicy":"https:\/\/talkpal.ai\/corrections-policy\/","ethicsPolicy":"https:\/\/talkpal.ai\/ethics-policy\/","diversityPolicy":"https:\/\/talkpal.ai\/diversity-policy\/","diversityStaffingReport":"https:\/\/talkpal.ai\/diversity-policy\/"}]}},"_links":{"self":[{"href":"https:\/\/talkpal.ai\/de\/wp-json\/wp\/v2\/pages\/73366","targetHints":{"allow":["GET"]}}],"collection":[{"href":"https:\/\/talkpal.ai\/de\/wp-json\/wp\/v2\/pages"}],"about":[{"href":"https:\/\/talkpal.ai\/de\/wp-json\/wp\/v2\/types\/page"}],"author":[{"embeddable":true,"href":"https:\/\/talkpal.ai\/de\/wp-json\/wp\/v2\/users\/6"}],"replies":[{"embeddable":true,"href":"https:\/\/talkpal.ai\/de\/wp-json\/wp\/v2\/comments?post=73366"}],"version-history":[{"count":0,"href":"https:\/\/talkpal.ai\/de\/wp-json\/wp\/v2\/pages\/73366\/revisions"}],"wp:featuredmedia":[{"embeddable":true,"href":"https:\/\/talkpal.ai\/de\/wp-json\/wp\/v2\/media\/28493"}],"wp:attachment":[{"href":"https:\/\/talkpal.ai\/de\/wp-json\/wp\/v2\/media?parent=73366"}],"curies":[{"name":"wp","href":"https:\/\/api.w.org\/{rel}","templated":true}]}}