{"id":73273,"date":"2023-06-16T13:25:56","date_gmt":"2023-06-16T13:25:56","guid":{"rendered":"http:\/\/talkpal.ai\/estnische-grammatikuebungen\/"},"modified":"2025-12-17T15:58:17","modified_gmt":"2025-12-17T15:58:17","slug":"estnische-grammatikuebungen","status":"publish","type":"page","link":"https:\/\/talkpal.ai\/de\/estnische-grammatikuebungen\/","title":{"rendered":"Estnische Grammatik\u00fcbungen"},"content":{"rendered":"\r\n\r\n\r\n<section class=\"languageChallengeSection\">\r\n    <div class=\"languageInfoWrapper\">\r\n        \r\n        <h1>Estnische Grammatik\u00fcbungen<\/h1>\r\n        <p>M\u00f6chten Sie <a href=\"https:\/\/talkpal.ai\/learn-estonian\/\">Estnisch<\/a> lernen? Gezielte Grammatik\u00fcbungen sind der perfekte Weg, um die Satzstruktur, die Verbformen und die wichtigsten Muster des Estnischen zu verstehen. Beginnen Sie noch heute mit dem \u00dcben der estnischen Grammatik und beobachten Sie, wie Ihre F\u00e4higkeiten und Ihr Selbstvertrauen mit jeder Sitzung wachsen!<\/p>\r\n\r\n                            <a class=\"getStartedHidden\" href=\"https:\/\/app.talkpal.ai\/de\/signup?lng=\">Leg los<\/a>\r\n        \r\n    <\/div>\r\n\r\n    <figure>\r\n    <img decoding=\"async\" width=\"768\" height=\"768\" src=\"https:\/\/talkpal.ai\/wp-content\/uploads\/2023\/06\/Estonian-768x768.png\" class=\"languageImage no-lazy\" alt=\"Default alt text\" fetchpriority=\"high\" sizes=\"(max-width: 768px) 150px, 768px\" srcset=\"https:\/\/talkpal.ai\/wp-content\/uploads\/2023\/06\/Estonian-768x768.png 768w, https:\/\/talkpal.ai\/wp-content\/uploads\/2023\/06\/Estonian-300x300.png 300w\" \/>\r\n    \r\n\r\n    <\/figure>\r\n\r\n            <a class=\"getStartedVisible\" href=\"https:\/\/app.talkpal.ai\/de\/signup?lng=\">Leg los<\/a>\r\n    \r\n<\/section>\r\n\r\n\r\n<!-- <section class=\"grammarSection\">\r\n    <div class=\"grammarLinks\">\r\n        <a href=\"https:\/\/talkpal.ai\/de\/exercise_language\/adjektive-estnische-grammatik\/\">Adjektive <\/a><a href=\"https:\/\/talkpal.ai\/de\/exercise_language\/adverbien-estnische-grammatik\/\">Adverbien <\/a><a href=\"https:\/\/talkpal.ai\/de\/exercise_language\/artikel-estnische-grammatik\/\">Artikel <\/a><a href=\"https:\/\/talkpal.ai\/de\/exercise_language\/konditionale-estnische-grammatik\/\">Konditionale <\/a><a href=\"https:\/\/talkpal.ai\/de\/exercise_language\/perfekt-progressiv-estnische-grammatik\/\">Perfekt Progressiv <\/a><a href=\"https:\/\/talkpal.ai\/de\/exercise_language\/prapositionen-estnische-grammatik\/\">Pr\u00e4positionen <\/a><a href=\"https:\/\/talkpal.ai\/de\/exercise_language\/progressiv-estnische-grammatik\/\">Progressiv <\/a><a href=\"https:\/\/talkpal.ai\/de\/exercise_language\/pronomen-determinanten-estnische-grammatik\/\">Pronomen\/Determinanten <\/a><a href=\"https:\/\/talkpal.ai\/de\/exercise_language\/satze-estnische-grammatik\/\">S\u00e4tze <\/a><a href=\"https:\/\/talkpal.ai\/de\/exercise_language\/substantive-estnische-grammatik\/\">Substantive <\/a><a href=\"https:\/\/talkpal.ai\/de\/exercise_language\/verben-estnische-grammatik\/\">Verben <\/a><a href=\"https:\/\/talkpal.ai\/de\/exercise_language\/zeitformen-estnische-grammatik\/\">Zeitformen <\/a><a href=\"https:\/\/talkpal.ai\/de\/exercise_language\/zeitvergleich-estnische-grammatik\/\">Zeitvergleich <\/a>    <\/div>\r\n<\/section> -->\r\n\r\n\r\n\r\n\r\n        <section class=\"grammarSection\">\r\n            <div class=\"grammarLinks\">\r\n                <a href=\"https:\/\/talkpal.ai\/de\/exercise_language\/adjektive-estnische-grammatik\/\">Adjektive <\/a><a href=\"https:\/\/talkpal.ai\/de\/exercise_language\/adverbien-estnische-grammatik\/\">Adverbien <\/a><a href=\"https:\/\/talkpal.ai\/de\/exercise_language\/artikel-estnische-grammatik\/\">Artikel <\/a><a href=\"https:\/\/talkpal.ai\/de\/exercise_language\/konditionale-estnische-grammatik\/\">Konditionale <\/a><a href=\"https:\/\/talkpal.ai\/de\/exercise_language\/perfekt-progressiv-estnische-grammatik\/\">Perfekt Progressiv <\/a><a href=\"https:\/\/talkpal.ai\/de\/exercise_language\/prapositionen-estnische-grammatik\/\">Pr\u00e4positionen <\/a><a href=\"https:\/\/talkpal.ai\/de\/exercise_language\/progressiv-estnische-grammatik\/\">Progressiv <\/a><a href=\"https:\/\/talkpal.ai\/de\/exercise_language\/pronomen-determinanten-estnische-grammatik\/\">Pronomen\/Determinanten <\/a><a href=\"https:\/\/talkpal.ai\/de\/exercise_language\/satze-estnische-grammatik\/\">S\u00e4tze <\/a><a href=\"https:\/\/talkpal.ai\/de\/exercise_language\/substantive-estnische-grammatik\/\">Substantive <\/a><a href=\"https:\/\/talkpal.ai\/de\/exercise_language\/verben-estnische-grammatik\/\">Verben <\/a><a href=\"https:\/\/talkpal.ai\/de\/exercise_language\/zeitformen-estnische-grammatik\/\">Zeitformen <\/a><a href=\"https:\/\/talkpal.ai\/de\/exercise_language\/zeitvergleich-estnische-grammatik\/\">Zeitvergleich <\/a>            <\/div>\r\n        <\/section>\r\n<section class=\"promotionalBanner\">\r\n    <p class=\"promotionalText\">Der effizienteste Weg, eine Sprache zu lernen<\/p>\r\n    <a class=\"promotionalLink\" href=\"https:\/\/app.talkpal.ai\/de\/signup?lng=\">Talkpal kostenlos<\/a>\r\n<\/section>\n<div class=\"wp-block-group pageContainerStyle\"><div class=\"wp-block-group__inner-container is-layout-constrained wp-block-group-is-layout-constrained\">\n<h2 class=\"wp-block-heading\" id=\"h-estonian-grammar-topics\">Estnische Grammatikthemen<\/h2>\n\n\n\n<p>Das Erlernen einer neuen Sprache kann eine aufregende und lohnende Reise sein, die neue M\u00f6glichkeiten f\u00fcr pers\u00f6nliches Wachstum, kulturelle Erkundung und beruflichen Aufstieg er\u00f6ffnet. Estnisch bietet als uralische Sprache eine einzigartige und faszinierende Spracherfahrung f\u00fcr Lernende, die mit indogermanischen Sprachen besser vertraut sind. Mit seinem komplexen Grammatiksystem und dem reichhaltigen Wortschatz stellt Estnisch eine herausfordernde und ansprechende Gelegenheit f\u00fcr <a href=\"https:\/\/talkpal.ai\/talkpal-discount-for-language-enthusiasts\/\">Sprachbegeisterte<\/a> dar. Um das Beste aus Ihrem Erlernen der estnischen Sprache herauszuholen, ist es wichtig, einen strukturierten Ansatz zu haben, der sich auf die Grammatikthemen in einer Reihenfolge konzentriert, die Ihnen hilft, eine solide Grundlage aufzubauen und Ihre F\u00e4higkeiten schrittweise zu verbessern.<\/p>\n\n\n\n<h3 class=\"wp-block-heading\" id=\"h-1-nouns-and-pronouns-determiners\">1. Substantive und Pronomen\/Determinanten:<\/h3>\n\n\n\n<p>Beginne damit, die Grundlagen der estnischen Substantive zu lernen, einschlie\u00dflich ihrer Deklinationen und Kasus. Machen Sie sich mit den Pronomen und Determinanten vertraut, die die gleichen Formen wie Substantive haben, da sie f\u00fcr die <a href=\"https:\/\/talkpal.ai\/ar\/grammar_exercises\/bildung-%d8%aa%d9%85%d8%a7%d8%b1%d9%8a%d9%86-%d9%84%d9%84%d9%82%d9%88%d8%a7%d8%b9%d8%af-%d8%a7%d9%84%d8%a3%d9%84%d9%85%d8%a7%d9%86%d9%8a%d8%a9\/\">Bildung<\/a> einfacher S\u00e4tze unerl\u00e4sslich sind.<\/p>\n\n\n\n<h3 class=\"wp-block-heading\" id=\"h-2-adjectives-and-adverbs\">2. Adjektive und Adverbien:<\/h3>\n\n\n\n<p>Gehe zu Adjektiven \u00fcber und lerne, wie sie mit den Substantiven \u00fcbereinstimmen, die sie modifizieren, und wie <a href=\"https:\/\/talkpal.ai\/culture\/what-is-the-difference-between-using-du-and-sie\/\">du sie<\/a> deklinieren kannst. <a href=\"https:\/\/talkpal.ai\/ar\/grammar_exercises\/adverbien-%d8%aa%d9%85%d8%a7%d8%b1%d9%8a%d9%86-%d9%84%d9%84%d9%82%d9%88%d8%a7%d8%b9%d8%af-%d8%a7%d9%84%d8%a3%d9%84%d9%85%d8%a7%d9%86%d9%8a%d8%a9\/\">Adverbien<\/a>, die zus\u00e4tzliche Informationen \u00fcber Verben, Adjektive und andere Adverbien enthalten, helfen Ihnen, komplexere und beschreibendere S\u00e4tze zu bilden.<\/p>\n\n\n\n<h3 class=\"wp-block-heading\" id=\"h-3-verbs\">3. Verben:<\/h3>\n\n\n\n<p>Die Konjugation estnischer Verben kann knifflig sein, aber sie ist f\u00fcr die Beherrschung der Sprache unerl\u00e4sslich. Studiere die verschiedenen Arten von Verben, ihre Konjugationsmuster und die verschiedenen <a href=\"https:\/\/talkpal.ai\/zh-hans\/grammar_exercises\/zeitformen-%e5%be%b7%e5%9b%bd%e8%af%ad%e6%b3%95%e7%bb%83%e4%b9%a0\/\">Zeitformen<\/a>, um Handlungen und Ereignisse in der Gegenwart, Vergangenheit und Zukunft auszudr\u00fccken.<\/p>\n\n\n\n<h3 class=\"wp-block-heading\" id=\"h-4-tenses-and-tense-comparison\">4. Zeitformen und Tempusvergleich:<\/h3>\n\n\n\n<p>Vertiefen Sie Ihr Verst\u00e4ndnis von Zeitformen, indem Sie ihre Verwendung in verschiedenen Kontexten vergleichen. Dies wird Ihnen helfen, die geeignete Zeitform zu w\u00e4hlen, um Ihre beabsichtigte Bedeutung genau zu vermitteln.<\/p>\n\n\n\n<h3 class=\"wp-block-heading\" id=\"h-5-progressive-and-perfect-progressive\">5. Progressiv und perfekt progressiv:<\/h3>\n\n\n\n<p>Diese Aspekte der estnischen Verben dr\u00fccken fortlaufende oder kontinuierliche Handlungen aus. Erfahren Sie, wie Sie sie formen und verwenden, um Ihrer Kommunikation Nuancen zu verleihen.<\/p>\n\n\n\n<h3 class=\"wp-block-heading\" id=\"h-6-articles\">6. Artikel:<\/h3>\n\n\n\n<p>Im Estnischen gibt es keine bestimmten oder <a href=\"https:\/\/talkpal.ai\/de\/grammar_exercises\/ubungen-zum-unbestimmten-artikel-fur-die-vietnamesische-grammatik\/\">unbestimmten Artikel<\/a> wie im Englischen, aber es ist wichtig zu verstehen, wie man die gleiche Bedeutung mit anderen linguistischen Werkzeugen vermittelt.<\/p>\n\n\n\n<h3 class=\"wp-block-heading\" id=\"h-7-prepositions\">7. Pr\u00e4positionen:<\/h3>\n\n\n\n<p>Lerne estnische Pr\u00e4positionen, um Beziehungen zwischen W\u00f6rtern in einem Satz auszudr\u00fccken, z. B. Ort, Richtung und Zeit.<\/p>\n\n\n\n<h3 class=\"wp-block-heading\" id=\"h-8-conditionals\">8. Bedingungen:<\/h3>\n\n\n\n<p>Beherrsche die bedingte Stimmung, um hypothetische Situationen oder Handlungen auszudr\u00fccken, die von bestimmten Bedingungen abh\u00e4ngen.<\/p>\n\n\n\n<h3 class=\"wp-block-heading\" id=\"h-9-sentences\">9. S\u00e4tze:<\/h3>\n\n\n\n<p>\u00dcben Sie schlie\u00dflich, verschiedene Arten von S\u00e4tzen zu bilden \u2013 einfache, zusammengesetzte und komplexe \u2013 mit allen Grammatikthemen, die Sie gelernt haben. Dies wird Ihnen helfen, Ihre estnischen Kommunikationsf\u00e4higkeiten flie\u00dfender und sicherer zu beherrschen.<\/p>\n<\/div><\/div>\n\r\n<section class=\"learnNavigationSection\">\r\n            \r\n        <a href=\"https:\/\/talkpal.ai\/de\/estnisch-lernen\/\">\r\n            <div class=\"learnNavigationWrapper\">\r\n                <div class=\"learnNavigationContent\">\r\n                    <img decoding=\"async\" src=\"https:\/\/talkpal.ai\/wp-content\/uploads\/2024\/08\/Estonian.jpg\" alt=\"Estonian Flag\">\r\n                    <div>\r\n                        <h4>\u00dcber Estnisch lernen<\/h4>\r\n                        <p>Erfahren Sie alles \u00fcber die estnische Grammatik.<\/p>\r\n                    <\/div>\r\n                <\/div>\r\n            <\/div>\r\n        <\/a>\r\n\r\n        \r\n        <a href=\"https:\/\/talkpal.ai\/de\/estnische-grammatik\/\">\r\n            <div class=\"learnNavigationWrapper\">\r\n                <div class=\"learnNavigationContent\">\r\n                    <img decoding=\"async\" src=\"https:\/\/talkpal.ai\/wp-content\/uploads\/2024\/08\/Estonian.jpg\" alt=\"Estonian Flag\">\r\n                    <div>\r\n                        <h4>Estnisch Grammatik Lektionen<\/h4>\r\n                        <p>\u00dcbe die estnische Grammatik .<\/p>\r\n                    <\/div>\r\n                <\/div>\r\n            <\/div>\r\n        <\/a>\r\n\r\n        \r\n        <a href=\"https:\/\/talkpal.ai\/vocabulary_language\/estonian\/\">\r\n            <div class=\"learnNavigationWrapper\">\r\n                <div class=\"learnNavigationContent\">\r\n                    <img decoding=\"async\" src=\"https:\/\/talkpal.ai\/wp-content\/uploads\/2024\/08\/Estonian.jpg\" alt=\"Estonian Flag\">\r\n                    <div>\r\n                        <h4>Estnisch Wortschatz<\/h4>\r\n                        <p>Erweitern Sie Ihr estnisches Vokabular.<\/p>\r\n                    <\/div>\r\n                <\/div>\r\n            <\/div>\r\n        <\/a>\r\n\r\n            <\/section>","protected":false},"excerpt":{"rendered":"<p>Estnische Grammatikthemen Das Erlernen einer neuen Sprache kann eine aufregende und lohnende Reise sein, die neue M\u00f6glichkeiten f\u00fcr pers\u00f6nliches Wachstum, kulturelle Erkundung und beruflichen Aufstieg er\u00f6ffnet. Estnisch bietet als uralische Sprache eine einzigartige und faszinierende Spracherfahrung f\u00fcr Lernende, die mit indogermanischen Sprachen besser vertraut sind. Mit seinem komplexen Grammatiksystem und dem reichhaltigen Wortschatz stellt Estnisch [&hellip;]<\/p>\n","protected":false},"author":6,"featured_media":28301,"parent":0,"menu_order":0,"comment_status":"closed","ping_status":"closed","template":"LearningContentPage.php","meta":{"_acf_changed":false,"footnotes":""},"class_list":["post-73273","page","type-page","status-publish","has-post-thumbnail","hentry"],"acf":[],"yoast_head":"<!-- This site is optimized with the Yoast SEO Premium plugin v27.2 (Yoast SEO v27.2) - https:\/\/yoast.com\/product\/yoast-seo-premium-wordpress\/ -->\n<title>Estnische Grammatik\u00fcbungen - Talkpal<\/title>\n<meta name=\"description\" content=\"\u00dcben Sie die estnische Grammatik mit interaktiven \u00dcbungen, um Ihre Sprachkenntnisse schnell und effektiv zu verbessern.\" \/>\n<meta name=\"robots\" content=\"index, follow, max-snippet:-1, max-image-preview:large, max-video-preview:-1\" \/>\n<link rel=\"canonical\" href=\"https:\/\/talkpal.ai\/de\/estnische-grammatikuebungen\/\" \/>\n<meta property=\"og:locale\" content=\"de_DE\" \/>\n<meta property=\"og:type\" content=\"article\" \/>\n<meta property=\"og:title\" content=\"Estnische Grammatik\u00fcbungen\" \/>\n<meta property=\"og:description\" content=\"Estnische Grammatikthemen Das Erlernen einer neuen Sprache kann eine aufregende und lohnende Reise sein, die neue M\u00f6glichkeiten f\u00fcr pers\u00f6nliches Wachstum,\" \/>\n<meta property=\"og:url\" content=\"https:\/\/talkpal.ai\/de\/estnische-grammatikuebungen\/\" \/>\n<meta property=\"og:site_name\" content=\"Talkpal\" \/>\n<meta property=\"article:publisher\" content=\"https:\/\/www.facebook.com\/profile.php?id=100090733639311\" \/>\n<meta property=\"article:modified_time\" content=\"2025-12-17T15:58:17+00:00\" \/>\n<meta property=\"og:image\" content=\"https:\/\/talkpal.ai\/wp-content\/uploads\/2023\/05\/estonia.png\" \/>\n\t<meta property=\"og:image:width\" content=\"512\" \/>\n\t<meta property=\"og:image:height\" content=\"512\" \/>\n\t<meta property=\"og:image:type\" content=\"image\/png\" \/>\n<meta name=\"twitter:card\" content=\"summary_large_image\" \/>\n<meta name=\"twitter:site\" content=\"@talkpalai\" \/>\n<meta name=\"twitter:label1\" content=\"Gesch\u00e4tzte Lesezeit\" \/>\n\t<meta name=\"twitter:data1\" content=\"2\u00a0Minuten\" \/>\n<script type=\"application\/ld+json\" class=\"yoast-schema-graph\">{\"@context\":\"https:\/\/schema.org\",\"@graph\":[{\"@type\":\"WebPage\",\"@id\":\"https:\/\/talkpal.ai\/de\/estnische-grammatikuebungen\/\",\"url\":\"https:\/\/talkpal.ai\/de\/estnische-grammatikuebungen\/\",\"name\":\"Estnische Grammatik\u00fcbungen - Talkpal\",\"isPartOf\":{\"@id\":\"https:\/\/talkpal.ai\/de\/#website\"},\"primaryImageOfPage\":{\"@id\":\"https:\/\/talkpal.ai\/de\/estnische-grammatikuebungen\/#primaryimage\"},\"image\":{\"@id\":\"https:\/\/talkpal.ai\/de\/estnische-grammatikuebungen\/#primaryimage\"},\"thumbnailUrl\":\"https:\/\/talkpal.ai\/wp-content\/uploads\/2023\/05\/estonia.png\",\"datePublished\":\"2023-06-16T13:25:56+00:00\",\"dateModified\":\"2025-12-17T15:58:17+00:00\",\"description\":\"\u00dcben Sie die estnische Grammatik mit interaktiven \u00dcbungen, um Ihre Sprachkenntnisse schnell und effektiv zu verbessern.\",\"breadcrumb\":{\"@id\":\"https:\/\/talkpal.ai\/de\/estnische-grammatikuebungen\/#breadcrumb\"},\"inLanguage\":\"de\",\"potentialAction\":[{\"@type\":\"ReadAction\",\"target\":[\"https:\/\/talkpal.ai\/de\/estnische-grammatikuebungen\/\"]}]},{\"@type\":\"ImageObject\",\"inLanguage\":\"de\",\"@id\":\"https:\/\/talkpal.ai\/de\/estnische-grammatikuebungen\/#primaryimage\",\"url\":\"https:\/\/talkpal.ai\/wp-content\/uploads\/2023\/05\/estonia.png\",\"contentUrl\":\"https:\/\/talkpal.ai\/wp-content\/uploads\/2023\/05\/estonia.png\",\"width\":512,\"height\":512},{\"@type\":\"BreadcrumbList\",\"@id\":\"https:\/\/talkpal.ai\/de\/estnische-grammatikuebungen\/#breadcrumb\",\"itemListElement\":[{\"@type\":\"ListItem\",\"position\":1,\"name\":\"Homepage\",\"item\":\"https:\/\/talkpal.ai\/de\/\"},{\"@type\":\"ListItem\",\"position\":2,\"name\":\"Estnische Grammatik\u00fcbungen\"}]},{\"@type\":\"WebSite\",\"@id\":\"https:\/\/talkpal.ai\/de\/#website\",\"url\":\"https:\/\/talkpal.ai\/de\/\",\"name\":\"Talkpal\",\"description\":\"AI Language Learning\",\"publisher\":{\"@id\":\"https:\/\/talkpal.ai\/de\/#organization\"},\"alternateName\":\"Talkpal AI\",\"potentialAction\":[{\"@type\":\"SearchAction\",\"target\":{\"@type\":\"EntryPoint\",\"urlTemplate\":\"https:\/\/talkpal.ai\/de\/?s={search_term_string}\"},\"query-input\":{\"@type\":\"PropertyValueSpecification\",\"valueRequired\":true,\"valueName\":\"search_term_string\"}}],\"inLanguage\":\"de\"},{\"@type\":\"Organization\",\"@id\":\"https:\/\/talkpal.ai\/de\/#organization\",\"name\":\"Talkpal, Inc.\",\"alternateName\":\"Talkpal AI\",\"url\":\"https:\/\/talkpal.ai\/de\/\",\"logo\":{\"@type\":\"ImageObject\",\"inLanguage\":\"de\",\"@id\":\"https:\/\/talkpal.ai\/de\/#\/schema\/logo\/image\/\",\"url\":\"https:\/\/talkpal.ai\/wp-content\/uploads\/2024\/03\/Talkpal-Logo-Icon.png\",\"contentUrl\":\"https:\/\/talkpal.ai\/wp-content\/uploads\/2024\/03\/Talkpal-Logo-Icon.png\",\"width\":2880,\"height\":2880,\"caption\":\"Talkpal, Inc.\"},\"image\":{\"@id\":\"https:\/\/talkpal.ai\/de\/#\/schema\/logo\/image\/\"},\"sameAs\":[\"https:\/\/www.facebook.com\/profile.php?id=100090733639311\",\"https:\/\/x.com\/talkpalai\",\"https:\/\/www.linkedin.com\/company\/talkpal\/\",\"https:\/\/www.youtube.com\/@TalkPal\/\",\"https:\/\/www.tiktok.com\/@talkpal\",\"https:\/\/www.instagram.com\/talkpal_ai\/\",\"https:\/\/www.crunchbase.com\/organization\/talkpal-9cde\",\"https:\/\/www.g2.com\/products\/talkpal-for-business\/\",\"https:\/\/www.trustpilot.com\/review\/talkpal.ai\",\"https:\/\/www.capterra.com\/p\/10006800\/TalkPal\/\"],\"description\":\"Talkpal is a language learning web and mobile education app, powered by the latest AI technologies, that provides engaging experiences to its customers in many different languages to help them improve their language skills. Users can chat about unlimited amount of topics with the app and use other modes to practice their language learning.\",\"email\":\"support@talkpal.ai\",\"legalName\":\"Talkpal, Inc.\",\"foundingDate\":\"2023-04-03\",\"duns\":\"118989042\",\"numberOfEmployees\":{\"@type\":\"QuantitativeValue\",\"minValue\":\"11\",\"maxValue\":\"50\"},\"publishingPrinciples\":\"https:\/\/talkpal.ai\/publishing-principles\/\",\"actionableFeedbackPolicy\":\"https:\/\/talkpal.ai\/actionable-feedback-policy\/\",\"correctionsPolicy\":\"https:\/\/talkpal.ai\/corrections-policy\/\",\"ethicsPolicy\":\"https:\/\/talkpal.ai\/ethics-policy\/\",\"diversityPolicy\":\"https:\/\/talkpal.ai\/diversity-policy\/\",\"diversityStaffingReport\":\"https:\/\/talkpal.ai\/diversity-policy\/\"}]}<\/script>\n<!-- \/ Yoast SEO Premium plugin. -->","yoast_head_json":{"title":"Estnische Grammatik\u00fcbungen - Talkpal","description":"\u00dcben Sie die estnische Grammatik mit interaktiven \u00dcbungen, um Ihre Sprachkenntnisse schnell und effektiv zu verbessern.","robots":{"index":"index","follow":"follow","max-snippet":"max-snippet:-1","max-image-preview":"max-image-preview:large","max-video-preview":"max-video-preview:-1"},"canonical":"https:\/\/talkpal.ai\/de\/estnische-grammatikuebungen\/","og_locale":"de_DE","og_type":"article","og_title":"Estnische Grammatik\u00fcbungen","og_description":"Estnische Grammatikthemen Das Erlernen einer neuen Sprache kann eine aufregende und lohnende Reise sein, die neue M\u00f6glichkeiten f\u00fcr pers\u00f6nliches Wachstum,","og_url":"https:\/\/talkpal.ai\/de\/estnische-grammatikuebungen\/","og_site_name":"Talkpal","article_publisher":"https:\/\/www.facebook.com\/profile.php?id=100090733639311","article_modified_time":"2025-12-17T15:58:17+00:00","og_image":[{"width":512,"height":512,"url":"https:\/\/talkpal.ai\/wp-content\/uploads\/2023\/05\/estonia.png","type":"image\/png"}],"twitter_card":"summary_large_image","twitter_site":"@talkpalai","twitter_misc":{"Gesch\u00e4tzte Lesezeit":"2\u00a0Minuten"},"schema":{"@context":"https:\/\/schema.org","@graph":[{"@type":"WebPage","@id":"https:\/\/talkpal.ai\/de\/estnische-grammatikuebungen\/","url":"https:\/\/talkpal.ai\/de\/estnische-grammatikuebungen\/","name":"Estnische Grammatik\u00fcbungen - Talkpal","isPartOf":{"@id":"https:\/\/talkpal.ai\/de\/#website"},"primaryImageOfPage":{"@id":"https:\/\/talkpal.ai\/de\/estnische-grammatikuebungen\/#primaryimage"},"image":{"@id":"https:\/\/talkpal.ai\/de\/estnische-grammatikuebungen\/#primaryimage"},"thumbnailUrl":"https:\/\/talkpal.ai\/wp-content\/uploads\/2023\/05\/estonia.png","datePublished":"2023-06-16T13:25:56+00:00","dateModified":"2025-12-17T15:58:17+00:00","description":"\u00dcben Sie die estnische Grammatik mit interaktiven \u00dcbungen, um Ihre Sprachkenntnisse schnell und effektiv zu verbessern.","breadcrumb":{"@id":"https:\/\/talkpal.ai\/de\/estnische-grammatikuebungen\/#breadcrumb"},"inLanguage":"de","potentialAction":[{"@type":"ReadAction","target":["https:\/\/talkpal.ai\/de\/estnische-grammatikuebungen\/"]}]},{"@type":"ImageObject","inLanguage":"de","@id":"https:\/\/talkpal.ai\/de\/estnische-grammatikuebungen\/#primaryimage","url":"https:\/\/talkpal.ai\/wp-content\/uploads\/2023\/05\/estonia.png","contentUrl":"https:\/\/talkpal.ai\/wp-content\/uploads\/2023\/05\/estonia.png","width":512,"height":512},{"@type":"BreadcrumbList","@id":"https:\/\/talkpal.ai\/de\/estnische-grammatikuebungen\/#breadcrumb","itemListElement":[{"@type":"ListItem","position":1,"name":"Homepage","item":"https:\/\/talkpal.ai\/de\/"},{"@type":"ListItem","position":2,"name":"Estnische Grammatik\u00fcbungen"}]},{"@type":"WebSite","@id":"https:\/\/talkpal.ai\/de\/#website","url":"https:\/\/talkpal.ai\/de\/","name":"Talkpal","description":"AI Language Learning","publisher":{"@id":"https:\/\/talkpal.ai\/de\/#organization"},"alternateName":"Talkpal AI","potentialAction":[{"@type":"SearchAction","target":{"@type":"EntryPoint","urlTemplate":"https:\/\/talkpal.ai\/de\/?s={search_term_string}"},"query-input":{"@type":"PropertyValueSpecification","valueRequired":true,"valueName":"search_term_string"}}],"inLanguage":"de"},{"@type":"Organization","@id":"https:\/\/talkpal.ai\/de\/#organization","name":"Talkpal, Inc.","alternateName":"Talkpal AI","url":"https:\/\/talkpal.ai\/de\/","logo":{"@type":"ImageObject","inLanguage":"de","@id":"https:\/\/talkpal.ai\/de\/#\/schema\/logo\/image\/","url":"https:\/\/talkpal.ai\/wp-content\/uploads\/2024\/03\/Talkpal-Logo-Icon.png","contentUrl":"https:\/\/talkpal.ai\/wp-content\/uploads\/2024\/03\/Talkpal-Logo-Icon.png","width":2880,"height":2880,"caption":"Talkpal, Inc."},"image":{"@id":"https:\/\/talkpal.ai\/de\/#\/schema\/logo\/image\/"},"sameAs":["https:\/\/www.facebook.com\/profile.php?id=100090733639311","https:\/\/x.com\/talkpalai","https:\/\/www.linkedin.com\/company\/talkpal\/","https:\/\/www.youtube.com\/@TalkPal\/","https:\/\/www.tiktok.com\/@talkpal","https:\/\/www.instagram.com\/talkpal_ai\/","https:\/\/www.crunchbase.com\/organization\/talkpal-9cde","https:\/\/www.g2.com\/products\/talkpal-for-business\/","https:\/\/www.trustpilot.com\/review\/talkpal.ai","https:\/\/www.capterra.com\/p\/10006800\/TalkPal\/"],"description":"Talkpal is a language learning web and mobile education app, powered by the latest AI technologies, that provides engaging experiences to its customers in many different languages to help them improve their language skills. Users can chat about unlimited amount of topics with the app and use other modes to practice their language learning.","email":"support@talkpal.ai","legalName":"Talkpal, Inc.","foundingDate":"2023-04-03","duns":"118989042","numberOfEmployees":{"@type":"QuantitativeValue","minValue":"11","maxValue":"50"},"publishingPrinciples":"https:\/\/talkpal.ai\/publishing-principles\/","actionableFeedbackPolicy":"https:\/\/talkpal.ai\/actionable-feedback-policy\/","correctionsPolicy":"https:\/\/talkpal.ai\/corrections-policy\/","ethicsPolicy":"https:\/\/talkpal.ai\/ethics-policy\/","diversityPolicy":"https:\/\/talkpal.ai\/diversity-policy\/","diversityStaffingReport":"https:\/\/talkpal.ai\/diversity-policy\/"}]}},"_links":{"self":[{"href":"https:\/\/talkpal.ai\/de\/wp-json\/wp\/v2\/pages\/73273","targetHints":{"allow":["GET"]}}],"collection":[{"href":"https:\/\/talkpal.ai\/de\/wp-json\/wp\/v2\/pages"}],"about":[{"href":"https:\/\/talkpal.ai\/de\/wp-json\/wp\/v2\/types\/page"}],"author":[{"embeddable":true,"href":"https:\/\/talkpal.ai\/de\/wp-json\/wp\/v2\/users\/6"}],"replies":[{"embeddable":true,"href":"https:\/\/talkpal.ai\/de\/wp-json\/wp\/v2\/comments?post=73273"}],"version-history":[{"count":0,"href":"https:\/\/talkpal.ai\/de\/wp-json\/wp\/v2\/pages\/73273\/revisions"}],"wp:featuredmedia":[{"embeddable":true,"href":"https:\/\/talkpal.ai\/de\/wp-json\/wp\/v2\/media\/28301"}],"wp:attachment":[{"href":"https:\/\/talkpal.ai\/de\/wp-json\/wp\/v2\/media?parent=73273"}],"curies":[{"name":"wp","href":"https:\/\/api.w.org\/{rel}","templated":true}]}}