{"id":73234,"date":"2023-06-22T08:37:16","date_gmt":"2023-06-22T08:37:16","guid":{"rendered":"http:\/\/talkpal.ai\/marathi-grammatikuebungen\/"},"modified":"2025-12-17T15:13:14","modified_gmt":"2025-12-17T15:13:14","slug":"marathi-grammatikuebungen","status":"publish","type":"page","link":"https:\/\/talkpal.ai\/de\/marathi-grammatikuebungen\/","title":{"rendered":"Marathi Grammatik\u00fcbungen"},"content":{"rendered":"\r\n\r\n\r\n<section class=\"languageChallengeSection\">\r\n    <div class=\"languageInfoWrapper\">\r\n        \r\n        <h1>Marathi Grammatik\u00fcbungen<\/h1>\r\n        <p>Sind Sie bereit, Ihre Marathi-Kenntnisse zu verbessern? Das \u00dcben von Grammatik\u00fcbungen ist eine ausgezeichnete Methode, um Satzstrukturen, Verbformen und die wichtigsten grammatikalischen Muster der Sprache zu beherrschen. Beginnen Sie noch heute mit der Erforschung der Marathi-Grammatik und beobachten Sie, wie Ihr Selbstvertrauen und Ihre Sprachkenntnisse mit jeder \u00dcbung wachsen!<\/p>\r\n\r\n                            <a class=\"getStartedHidden\" href=\"https:\/\/app.talkpal.ai\/de\/signup?lng=\">Leg los<\/a>\r\n        \r\n    <\/div>\r\n\r\n    <figure>\r\n    <img decoding=\"async\" width=\"768\" height=\"768\" src=\"https:\/\/talkpal.ai\/wp-content\/uploads\/2023\/06\/marathi-768x768.png\" class=\"languageImage no-lazy\" alt=\"Default alt text\" fetchpriority=\"high\" sizes=\"(max-width: 768px) 150px, 768px\" srcset=\"https:\/\/talkpal.ai\/wp-content\/uploads\/2023\/06\/marathi-768x768.png 768w, https:\/\/talkpal.ai\/wp-content\/uploads\/2023\/06\/marathi-300x300.png 300w\" \/>\r\n    \r\n\r\n    <\/figure>\r\n\r\n            <a class=\"getStartedVisible\" href=\"https:\/\/app.talkpal.ai\/de\/signup?lng=\">Leg los<\/a>\r\n    \r\n<\/section>\r\n\r\n\r\n<!-- <section class=\"grammarSection\">\r\n    <div class=\"grammarLinks\">\r\n        <a href=\"https:\/\/talkpal.ai\/de\/exercise_language\/adjektive-marathi-grammatik\/\">Adjektive <\/a><a href=\"https:\/\/talkpal.ai\/de\/exercise_language\/adverbien-marathi-grammatik\/\">Adverbien <\/a><a href=\"https:\/\/talkpal.ai\/de\/exercise_language\/artikel-marathi-grammatik\/\">Artikel <\/a><a href=\"https:\/\/talkpal.ai\/de\/exercise_language\/konditionale-marathi-grammatik\/\">Konditionale <\/a><a href=\"https:\/\/talkpal.ai\/de\/exercise_language\/perfekt-progressiv-marathi-grammatik\/\">Perfekt Progressiv <\/a><a href=\"https:\/\/talkpal.ai\/de\/exercise_language\/prapositionen-marathi-grammatik\/\">Pr\u00e4positionen <\/a><a href=\"https:\/\/talkpal.ai\/de\/exercise_language\/progressiv-marathi-grammatik\/\">Progressiv <\/a><a href=\"https:\/\/talkpal.ai\/de\/exercise_language\/pronomen-determinanten-marathi-grammatik\/\">Pronomen\/Determinanten <\/a><a href=\"https:\/\/talkpal.ai\/de\/exercise_language\/satze-marathi-grammatik\/\">S\u00e4tze <\/a><a href=\"https:\/\/talkpal.ai\/de\/exercise_language\/substantive-marathi-grammatik\/\">Substantive <\/a><a href=\"https:\/\/talkpal.ai\/de\/exercise_language\/verben-marathi-grammatik\/\">Verben <\/a><a href=\"https:\/\/talkpal.ai\/de\/exercise_language\/vergleich-der-zeitformen-marathi-grammatik\/\">Vergleich der Zeitformen <\/a><a href=\"https:\/\/talkpal.ai\/de\/exercise_language\/zeitformen-marathi-grammatik\/\">Zeitformen <\/a>    <\/div>\r\n<\/section> -->\r\n\r\n\r\n\r\n\r\n        <section class=\"grammarSection\">\r\n            <div class=\"grammarLinks\">\r\n                <a href=\"https:\/\/talkpal.ai\/de\/exercise_language\/adjektive-marathi-grammatik\/\">Adjektive <\/a><a href=\"https:\/\/talkpal.ai\/de\/exercise_language\/adverbien-marathi-grammatik\/\">Adverbien <\/a><a href=\"https:\/\/talkpal.ai\/de\/exercise_language\/artikel-marathi-grammatik\/\">Artikel <\/a><a href=\"https:\/\/talkpal.ai\/de\/exercise_language\/konditionale-marathi-grammatik\/\">Konditionale <\/a><a href=\"https:\/\/talkpal.ai\/de\/exercise_language\/perfekt-progressiv-marathi-grammatik\/\">Perfekt Progressiv <\/a><a href=\"https:\/\/talkpal.ai\/de\/exercise_language\/prapositionen-marathi-grammatik\/\">Pr\u00e4positionen <\/a><a href=\"https:\/\/talkpal.ai\/de\/exercise_language\/progressiv-marathi-grammatik\/\">Progressiv <\/a><a href=\"https:\/\/talkpal.ai\/de\/exercise_language\/pronomen-determinanten-marathi-grammatik\/\">Pronomen\/Determinanten <\/a><a href=\"https:\/\/talkpal.ai\/de\/exercise_language\/satze-marathi-grammatik\/\">S\u00e4tze <\/a><a href=\"https:\/\/talkpal.ai\/de\/exercise_language\/substantive-marathi-grammatik\/\">Substantive <\/a><a href=\"https:\/\/talkpal.ai\/de\/exercise_language\/verben-marathi-grammatik\/\">Verben <\/a><a href=\"https:\/\/talkpal.ai\/de\/exercise_language\/vergleich-der-zeitformen-marathi-grammatik\/\">Vergleich der Zeitformen <\/a><a href=\"https:\/\/talkpal.ai\/de\/exercise_language\/zeitformen-marathi-grammatik\/\">Zeitformen <\/a>            <\/div>\r\n        <\/section>\r\n<section class=\"promotionalBanner\">\r\n    <p class=\"promotionalText\">Der effizienteste Weg, eine Sprache zu lernen<\/p>\r\n    <a class=\"promotionalLink\" href=\"https:\/\/app.talkpal.ai\/de\/signup?lng=\">Talkpal kostenlos<\/a>\r\n<\/section>\n<div class=\"wp-block-group pageContainerStyle\"><div class=\"wp-block-group__inner-container is-layout-constrained wp-block-group-is-layout-constrained\">\n<h2 class=\"wp-block-heading\" id=\"h-marathi-grammar-topics\">Marathi Grammatik-Themen<\/h2>\n\n\n\n<p><a href=\"https:\/\/talkpal.ai\/learn-marathi\/\">Marathi<\/a>, eine indoarische Sprache, wird \u00fcberwiegend im indischen Bundesstaat Maharashtra gesprochen und ist die Amtssprache der Region. Das Erlernen von Marathi kann eine bereichernde Erfahrung sein, da es die T\u00fcr zu einer reichen Kultur, Geschichte und Literatur \u00f6ffnet. Um Marathi effektiv zu lernen, ist es wichtig, einen strukturierten Ansatz zu haben, der sich auf verschiedene Aspekte der Sprache konzentriert, wie z. B. <a href=\"https:\/\/talkpal.ai\/fr\/les\/\">Grammatik<\/a>, Wortschatz und Aussprache. Dieser Artikel f\u00fchrt Sie durch die Reihenfolge des Lernens von Marathi-Grammatikthemen, beginnend mit <a href=\"https:\/\/talkpal.ai\/zh-hans\/grammar_exercises\/zeitformen-%e5%be%b7%e5%9b%bd%e8%af%ad%e6%b3%95%e7%bb%83%e4%b9%a0\/\">Zeitformen<\/a>, Verben, Substantiven und weiter zu fortgeschritteneren Konzepten wie Konditionalen und <a href=\"https:\/\/talkpal.ai\/ar\/grammar_exercises\/prapositionen-%d8%aa%d9%85%d8%a7%d8%b1%d9%8a%d9%86-%d9%84%d9%84%d9%82%d9%88%d8%a7%d8%b9%d8%af-%d8%a7%d9%84%d8%a3%d9%84%d9%85%d8%a7%d9%86%d9%8a%d8%a9\/\">Pr\u00e4positionen<\/a>.<\/p>\n\n\n\n<h3 class=\"wp-block-heading\" id=\"h-1-tenses\">1. Zeitformen:<\/h3>\n\n\n\n<p>Zeitformen sind das R\u00fcckgrat jeder Sprache, da sie helfen, Handlungen oder Zust\u00e4nde in Bezug auf die Zeit auszudr\u00fccken. In Marathi gibt es drei Grundformen \u2013 Vergangenheit, Gegenwart und Zukunft. Jede Zeitform hat unterschiedliche Formen, je nach Art der Handlung (einfach, kontinuierlich, perfekt oder perfekt kontinuierlich). Beginnen Sie mit dem Erlernen der einfachen Zeitformen und gehen Sie dann zu den komplexeren \u00fcber.<\/p>\n\n\n\n<h3 class=\"wp-block-heading\" id=\"h-2-tense-comparison\">2. Spannender Vergleich:<\/h3>\n\n\n\n<p>Nachdem Sie die Grundformen verstanden haben, ist es wichtig zu lernen, wie man sie vergleicht. Der Zeitvergleiche erm\u00f6glicht es Ihnen, \u00fcber mehrere Aktionen oder Ereignisse zu sprechen, die gleichzeitig oder in verschiedenen Zeitr\u00e4umen auftreten. Dies hilft dabei, <a href=\"https:\/\/talkpal.ai\/de\/grammar_exercises\/ubungen-zu-komplexen-satzen-fur-die-ungarische-grammatik\/\">komplexe S\u00e4tze<\/a> zu bilden und ein breiteres Spektrum an Ideen auszudr\u00fccken.<\/p>\n\n\n\n<h3 class=\"wp-block-heading\" id=\"h-3-verbs\">3. Verben:<\/h3>\n\n\n\n<p>Verben sind Aktionsw\u00f6rter, die eine Handlung oder einen Zustand in einem Satz darstellen. In Marathi werden Verben flektiert, um Zeitform, Aspekt, Stimmung und Stimme anzuzeigen. Lerne die grundlegenden Regeln der Verbkonjugation und verschiedene Verbformen, um deine F\u00e4higkeiten im Satzbau zu verbessern.<\/p>\n\n\n\n<h3 class=\"wp-block-heading\" id=\"h-4-nouns\">4. Substantive:<\/h3>\n\n\n\n<p>Substantive sind W\u00f6rter, die Menschen, Orte, Dinge oder Ideen darstellen. Marathi-Substantive haben ein Geschlecht (maskulin, feminin oder neutrum) und werden f\u00fcr Numerus (Singular oder Plural) und Kasus (direkt, schr\u00e4g oder Possessiv) flektiert. Machen Sie sich mit den verschiedenen Substantivformen und ihrer Verwendung in S\u00e4tzen vertraut.<\/p>\n\n\n\n<h3 class=\"wp-block-heading\" id=\"h-5-articles\">5. Artikel:<\/h3>\n\n\n\n<p>In Marathi gibt es keine Artikel wie &#8218;a&#8216;, &#8218;an&#8216; oder &#8218;die&#8216;. <a href=\"https:\/\/talkpal.ai\/culture\/what-is-the-difference-between-es-gibt-and-da-ist\/\">Es gibt<\/a> jedoch Demonstrativpronomen und Determinanten, die einem \u00e4hnlichen Zweck dienen. Erfahren Sie, wie Sie diese Pronomen und Determinanten verwenden, um Substantive in einem Satz zu spezifizieren oder zu identifizieren.<\/p>\n\n\n\n<h3 class=\"wp-block-heading\" id=\"h-6-pronouns-determiners\">6. Pronomen\/Determinanten:<\/h3>\n\n\n\n<p>Pronomen ersetzen Substantive, um Wiederholungen zu vermeiden, w\u00e4hrend Determinanten die Bedeutung von Substantiven spezifizieren oder einschr\u00e4nken. In Marathi stimmen Pronomen und Determinanten in Geschlecht und Zahl mit dem Substantiv \u00fcberein, das sie ersetzen oder modifizieren. Lernen Sie die verschiedenen Formen und ihre angemessene Verwendung kennen, um Ihren Satzbau zu verbessern.<\/p>\n\n\n\n<h3 class=\"wp-block-heading\" id=\"h-7-adjectives\">7. Adjektive:<\/h3>\n\n\n\n<p>Adjektive beschreiben oder modifizieren Substantive und liefern zus\u00e4tzliche Informationen \u00fcber ihre Eigenschaften oder Attribute. In Marathi stimmen Adjektive in Geschlecht und Zahl mit dem Substantiv \u00fcberein, das sie modifizieren. Lerne die verschiedenen Adjektivformen und deren korrekte Verwendung in S\u00e4tzen.<\/p>\n\n\n\n<h3 class=\"wp-block-heading\" id=\"h-8-adverbs\">8. Adverbien:<\/h3>\n\n\n\n<p><a href=\"https:\/\/talkpal.ai\/ar\/grammar_exercises\/adverbien-%d8%aa%d9%85%d8%a7%d8%b1%d9%8a%d9%86-%d9%84%d9%84%d9%82%d9%88%d8%a7%d8%b9%d8%af-%d8%a7%d9%84%d8%a3%d9%84%d9%85%d8%a7%d9%86%d9%8a%d8%a9\/\">Adverbien<\/a> liefern zus\u00e4tzliche Informationen \u00fcber Verben, Adjektive oder andere Adverbien und beschreiben, wie, wann, wo oder in welchem Ausma\u00df etwas passiert. Lerne die verschiedenen Arten von Adverbien und ihre Platzierung in S\u00e4tzen, um deine Sprachkenntnisse zu verbessern.<\/p>\n\n\n\n<h3 class=\"wp-block-heading\" id=\"h-9-conditionals\">9. Bedingungen:<\/h3>\n\n\n\n<p>Konditionale dr\u00fccken hypothetische Situationen oder Bedingungen und deren m\u00f6gliche Folgen aus. In Marathi gibt es drei Arten von Bedingungen \u2013 real, unreal und gemischt. Lernen Sie die Struktur und Verwendung der einzelnen Typen kennen, um komplexe Ideen und Situationen auszudr\u00fccken.<\/p>\n\n\n\n<h3 class=\"wp-block-heading\" id=\"h-10-prepositions\">10. Pr\u00e4positionen:<\/h3>\n\n\n\n<p>Pr\u00e4positionen sind W\u00f6rter, die die Beziehung zwischen Substantiven (oder Pronomen) und anderen W\u00f6rtern in einem Satz zeigen. Sie geben Ort, Richtung, Zeit oder andere Beziehungen an. Lerne die gebr\u00e4uchlichen Pr\u00e4positionen in Marathi und ihre Verwendung in S\u00e4tzen.<\/p>\n\n\n\n<h3 class=\"wp-block-heading\" id=\"h-11-sentences\">11. S\u00e4tze:<\/h3>\n\n\n\n<p>\u00dcben Sie schlie\u00dflich, einfache und komplexe S\u00e4tze mit den gelernten Grammatikregeln und Vokabeln zu bilden. Konzentrieren Sie sich auf die Satzstruktur.<\/p>\n<\/div><\/div>\n\r\n<section class=\"learnNavigationSection\">\r\n            \r\n        <a href=\"https:\/\/talkpal.ai\/de\/lernen-sie-marathi\/\">\r\n            <div class=\"learnNavigationWrapper\">\r\n                <div class=\"learnNavigationContent\">\r\n                    <img decoding=\"async\" src=\"https:\/\/talkpal.ai\/wp-content\/uploads\/2023\/05\/Marathi-india.png\" alt=\"TalkPal Marathi Flag\">\r\n                    <div>\r\n                        <h4>\u00dcber Marathi Lernen<\/h4>\r\n                        <p>Erfahre alles \u00fcber die Marathi-Grammatik.<\/p>\r\n                    <\/div>\r\n                <\/div>\r\n            <\/div>\r\n        <\/a>\r\n\r\n        \r\n        <a href=\"https:\/\/talkpal.ai\/de\/marathi-grammatik\/\">\r\n            <div class=\"learnNavigationWrapper\">\r\n                <div class=\"learnNavigationContent\">\r\n                    <img decoding=\"async\" src=\"https:\/\/talkpal.ai\/wp-content\/uploads\/2023\/05\/Marathi-india.png\" alt=\"TalkPal Marathi Flag\">\r\n                    <div>\r\n                        <h4>Marathi Grammatik Unterricht<\/h4>\r\n                        <p>\u00dcbe die Marathi-Grammatik .<\/p>\r\n                    <\/div>\r\n                <\/div>\r\n            <\/div>\r\n        <\/a>\r\n\r\n        \r\n        <a href=\"https:\/\/talkpal.ai\/vocabulary_language\/marathi\/\">\r\n            <div class=\"learnNavigationWrapper\">\r\n                <div class=\"learnNavigationContent\">\r\n                    <img decoding=\"async\" src=\"https:\/\/talkpal.ai\/wp-content\/uploads\/2023\/05\/Marathi-india.png\" alt=\"TalkPal Marathi Flag\">\r\n                    <div>\r\n                        <h4>Marathi Wortschatz<\/h4>\r\n                        <p>Erweitern Sie Ihren Marathi-Wortschatz.<\/p>\r\n                    <\/div>\r\n                <\/div>\r\n            <\/div>\r\n        <\/a>\r\n\r\n            <\/section>","protected":false},"excerpt":{"rendered":"<p>Marathi Grammatik-Themen Marathi, eine indoarische Sprache, wird \u00fcberwiegend im indischen Bundesstaat Maharashtra gesprochen und ist die Amtssprache der Region. Das Erlernen von Marathi kann eine bereichernde Erfahrung sein, da es die T\u00fcr zu einer reichen Kultur, Geschichte und Literatur \u00f6ffnet. Um Marathi effektiv zu lernen, ist es wichtig, einen strukturierten Ansatz zu haben, der sich [&hellip;]<\/p>\n","protected":false},"author":6,"featured_media":28509,"parent":0,"menu_order":0,"comment_status":"closed","ping_status":"closed","template":"LearningContentPage.php","meta":{"_acf_changed":false,"footnotes":""},"class_list":["post-73234","page","type-page","status-publish","has-post-thumbnail","hentry"],"acf":[],"yoast_head":"<!-- This site is optimized with the Yoast SEO Premium plugin v27.2 (Yoast SEO v27.2) - https:\/\/yoast.com\/product\/yoast-seo-premium-wordpress\/ -->\n<title>Marathi Grammatik\u00fcbungen - Talkpal<\/title>\n<meta name=\"description\" content=\"Verbessern Sie Ihre Marathi-Sprachkenntnisse mit ansprechenden Marathi-Grammatik\u00fcbungen f\u00fcr Lernende aller Niveaus.\" \/>\n<meta name=\"robots\" content=\"index, follow, max-snippet:-1, max-image-preview:large, max-video-preview:-1\" \/>\n<link rel=\"canonical\" href=\"https:\/\/talkpal.ai\/de\/marathi-grammatikuebungen\/\" \/>\n<meta property=\"og:locale\" content=\"de_DE\" \/>\n<meta property=\"og:type\" content=\"article\" \/>\n<meta property=\"og:title\" content=\"Marathi Grammatik\u00fcbungen\" \/>\n<meta property=\"og:description\" content=\"Marathi Grammatik-Themen Marathi, eine indoarische Sprache, wird \u00fcberwiegend im indischen Bundesstaat Maharashtra gesprochen und ist die Amtssprache der\" \/>\n<meta property=\"og:url\" content=\"https:\/\/talkpal.ai\/de\/marathi-grammatikuebungen\/\" \/>\n<meta property=\"og:site_name\" content=\"Talkpal\" \/>\n<meta property=\"article:publisher\" content=\"https:\/\/www.facebook.com\/profile.php?id=100090733639311\" \/>\n<meta property=\"article:modified_time\" content=\"2025-12-17T15:13:14+00:00\" \/>\n<meta property=\"og:image\" content=\"https:\/\/talkpal.ai\/wp-content\/uploads\/2023\/05\/Marathi-india.png\" \/>\n\t<meta property=\"og:image:width\" content=\"512\" \/>\n\t<meta property=\"og:image:height\" content=\"512\" \/>\n\t<meta property=\"og:image:type\" content=\"image\/png\" \/>\n<meta name=\"twitter:card\" content=\"summary_large_image\" \/>\n<meta name=\"twitter:site\" content=\"@talkpalai\" \/>\n<meta name=\"twitter:label1\" content=\"Gesch\u00e4tzte Lesezeit\" \/>\n\t<meta name=\"twitter:data1\" content=\"3\u00a0Minuten\" \/>\n<script type=\"application\/ld+json\" class=\"yoast-schema-graph\">{\"@context\":\"https:\/\/schema.org\",\"@graph\":[{\"@type\":\"WebPage\",\"@id\":\"https:\/\/talkpal.ai\/de\/marathi-grammatikuebungen\/\",\"url\":\"https:\/\/talkpal.ai\/de\/marathi-grammatikuebungen\/\",\"name\":\"Marathi Grammatik\u00fcbungen - Talkpal\",\"isPartOf\":{\"@id\":\"https:\/\/talkpal.ai\/de\/#website\"},\"primaryImageOfPage\":{\"@id\":\"https:\/\/talkpal.ai\/de\/marathi-grammatikuebungen\/#primaryimage\"},\"image\":{\"@id\":\"https:\/\/talkpal.ai\/de\/marathi-grammatikuebungen\/#primaryimage\"},\"thumbnailUrl\":\"https:\/\/talkpal.ai\/wp-content\/uploads\/2023\/05\/Marathi-india.png\",\"datePublished\":\"2023-06-22T08:37:16+00:00\",\"dateModified\":\"2025-12-17T15:13:14+00:00\",\"description\":\"Verbessern Sie Ihre Marathi-Sprachkenntnisse mit ansprechenden Marathi-Grammatik\u00fcbungen f\u00fcr Lernende aller Niveaus.\",\"breadcrumb\":{\"@id\":\"https:\/\/talkpal.ai\/de\/marathi-grammatikuebungen\/#breadcrumb\"},\"inLanguage\":\"de\",\"potentialAction\":[{\"@type\":\"ReadAction\",\"target\":[\"https:\/\/talkpal.ai\/de\/marathi-grammatikuebungen\/\"]}]},{\"@type\":\"ImageObject\",\"inLanguage\":\"de\",\"@id\":\"https:\/\/talkpal.ai\/de\/marathi-grammatikuebungen\/#primaryimage\",\"url\":\"https:\/\/talkpal.ai\/wp-content\/uploads\/2023\/05\/Marathi-india.png\",\"contentUrl\":\"https:\/\/talkpal.ai\/wp-content\/uploads\/2023\/05\/Marathi-india.png\",\"width\":512,\"height\":512},{\"@type\":\"BreadcrumbList\",\"@id\":\"https:\/\/talkpal.ai\/de\/marathi-grammatikuebungen\/#breadcrumb\",\"itemListElement\":[{\"@type\":\"ListItem\",\"position\":1,\"name\":\"Homepage\",\"item\":\"https:\/\/talkpal.ai\/de\/\"},{\"@type\":\"ListItem\",\"position\":2,\"name\":\"Marathi Grammatik\u00fcbungen\"}]},{\"@type\":\"WebSite\",\"@id\":\"https:\/\/talkpal.ai\/de\/#website\",\"url\":\"https:\/\/talkpal.ai\/de\/\",\"name\":\"Talkpal\",\"description\":\"AI Language Learning\",\"publisher\":{\"@id\":\"https:\/\/talkpal.ai\/de\/#organization\"},\"alternateName\":\"Talkpal AI\",\"potentialAction\":[{\"@type\":\"SearchAction\",\"target\":{\"@type\":\"EntryPoint\",\"urlTemplate\":\"https:\/\/talkpal.ai\/de\/?s={search_term_string}\"},\"query-input\":{\"@type\":\"PropertyValueSpecification\",\"valueRequired\":true,\"valueName\":\"search_term_string\"}}],\"inLanguage\":\"de\"},{\"@type\":\"Organization\",\"@id\":\"https:\/\/talkpal.ai\/de\/#organization\",\"name\":\"Talkpal, Inc.\",\"alternateName\":\"Talkpal AI\",\"url\":\"https:\/\/talkpal.ai\/de\/\",\"logo\":{\"@type\":\"ImageObject\",\"inLanguage\":\"de\",\"@id\":\"https:\/\/talkpal.ai\/de\/#\/schema\/logo\/image\/\",\"url\":\"https:\/\/talkpal.ai\/wp-content\/uploads\/2024\/03\/Talkpal-Logo-Icon.png\",\"contentUrl\":\"https:\/\/talkpal.ai\/wp-content\/uploads\/2024\/03\/Talkpal-Logo-Icon.png\",\"width\":2880,\"height\":2880,\"caption\":\"Talkpal, Inc.\"},\"image\":{\"@id\":\"https:\/\/talkpal.ai\/de\/#\/schema\/logo\/image\/\"},\"sameAs\":[\"https:\/\/www.facebook.com\/profile.php?id=100090733639311\",\"https:\/\/x.com\/talkpalai\",\"https:\/\/www.linkedin.com\/company\/talkpal\/\",\"https:\/\/www.youtube.com\/@TalkPal\/\",\"https:\/\/www.tiktok.com\/@talkpal\",\"https:\/\/www.instagram.com\/talkpal_ai\/\",\"https:\/\/www.crunchbase.com\/organization\/talkpal-9cde\",\"https:\/\/www.g2.com\/products\/talkpal-for-business\/\",\"https:\/\/www.trustpilot.com\/review\/talkpal.ai\",\"https:\/\/www.capterra.com\/p\/10006800\/TalkPal\/\"],\"description\":\"Talkpal is a language learning web and mobile education app, powered by the latest AI technologies, that provides engaging experiences to its customers in many different languages to help them improve their language skills. Users can chat about unlimited amount of topics with the app and use other modes to practice their language learning.\",\"email\":\"support@talkpal.ai\",\"legalName\":\"Talkpal, Inc.\",\"foundingDate\":\"2023-04-03\",\"duns\":\"118989042\",\"numberOfEmployees\":{\"@type\":\"QuantitativeValue\",\"minValue\":\"11\",\"maxValue\":\"50\"},\"publishingPrinciples\":\"https:\/\/talkpal.ai\/publishing-principles\/\",\"actionableFeedbackPolicy\":\"https:\/\/talkpal.ai\/actionable-feedback-policy\/\",\"correctionsPolicy\":\"https:\/\/talkpal.ai\/corrections-policy\/\",\"ethicsPolicy\":\"https:\/\/talkpal.ai\/ethics-policy\/\",\"diversityPolicy\":\"https:\/\/talkpal.ai\/diversity-policy\/\",\"diversityStaffingReport\":\"https:\/\/talkpal.ai\/diversity-policy\/\"}]}<\/script>\n<!-- \/ Yoast SEO Premium plugin. -->","yoast_head_json":{"title":"Marathi Grammatik\u00fcbungen - Talkpal","description":"Verbessern Sie Ihre Marathi-Sprachkenntnisse mit ansprechenden Marathi-Grammatik\u00fcbungen f\u00fcr Lernende aller Niveaus.","robots":{"index":"index","follow":"follow","max-snippet":"max-snippet:-1","max-image-preview":"max-image-preview:large","max-video-preview":"max-video-preview:-1"},"canonical":"https:\/\/talkpal.ai\/de\/marathi-grammatikuebungen\/","og_locale":"de_DE","og_type":"article","og_title":"Marathi Grammatik\u00fcbungen","og_description":"Marathi Grammatik-Themen Marathi, eine indoarische Sprache, wird \u00fcberwiegend im indischen Bundesstaat Maharashtra gesprochen und ist die Amtssprache der","og_url":"https:\/\/talkpal.ai\/de\/marathi-grammatikuebungen\/","og_site_name":"Talkpal","article_publisher":"https:\/\/www.facebook.com\/profile.php?id=100090733639311","article_modified_time":"2025-12-17T15:13:14+00:00","og_image":[{"width":512,"height":512,"url":"https:\/\/talkpal.ai\/wp-content\/uploads\/2023\/05\/Marathi-india.png","type":"image\/png"}],"twitter_card":"summary_large_image","twitter_site":"@talkpalai","twitter_misc":{"Gesch\u00e4tzte Lesezeit":"3\u00a0Minuten"},"schema":{"@context":"https:\/\/schema.org","@graph":[{"@type":"WebPage","@id":"https:\/\/talkpal.ai\/de\/marathi-grammatikuebungen\/","url":"https:\/\/talkpal.ai\/de\/marathi-grammatikuebungen\/","name":"Marathi Grammatik\u00fcbungen - Talkpal","isPartOf":{"@id":"https:\/\/talkpal.ai\/de\/#website"},"primaryImageOfPage":{"@id":"https:\/\/talkpal.ai\/de\/marathi-grammatikuebungen\/#primaryimage"},"image":{"@id":"https:\/\/talkpal.ai\/de\/marathi-grammatikuebungen\/#primaryimage"},"thumbnailUrl":"https:\/\/talkpal.ai\/wp-content\/uploads\/2023\/05\/Marathi-india.png","datePublished":"2023-06-22T08:37:16+00:00","dateModified":"2025-12-17T15:13:14+00:00","description":"Verbessern Sie Ihre Marathi-Sprachkenntnisse mit ansprechenden Marathi-Grammatik\u00fcbungen f\u00fcr Lernende aller Niveaus.","breadcrumb":{"@id":"https:\/\/talkpal.ai\/de\/marathi-grammatikuebungen\/#breadcrumb"},"inLanguage":"de","potentialAction":[{"@type":"ReadAction","target":["https:\/\/talkpal.ai\/de\/marathi-grammatikuebungen\/"]}]},{"@type":"ImageObject","inLanguage":"de","@id":"https:\/\/talkpal.ai\/de\/marathi-grammatikuebungen\/#primaryimage","url":"https:\/\/talkpal.ai\/wp-content\/uploads\/2023\/05\/Marathi-india.png","contentUrl":"https:\/\/talkpal.ai\/wp-content\/uploads\/2023\/05\/Marathi-india.png","width":512,"height":512},{"@type":"BreadcrumbList","@id":"https:\/\/talkpal.ai\/de\/marathi-grammatikuebungen\/#breadcrumb","itemListElement":[{"@type":"ListItem","position":1,"name":"Homepage","item":"https:\/\/talkpal.ai\/de\/"},{"@type":"ListItem","position":2,"name":"Marathi Grammatik\u00fcbungen"}]},{"@type":"WebSite","@id":"https:\/\/talkpal.ai\/de\/#website","url":"https:\/\/talkpal.ai\/de\/","name":"Talkpal","description":"AI Language Learning","publisher":{"@id":"https:\/\/talkpal.ai\/de\/#organization"},"alternateName":"Talkpal AI","potentialAction":[{"@type":"SearchAction","target":{"@type":"EntryPoint","urlTemplate":"https:\/\/talkpal.ai\/de\/?s={search_term_string}"},"query-input":{"@type":"PropertyValueSpecification","valueRequired":true,"valueName":"search_term_string"}}],"inLanguage":"de"},{"@type":"Organization","@id":"https:\/\/talkpal.ai\/de\/#organization","name":"Talkpal, Inc.","alternateName":"Talkpal AI","url":"https:\/\/talkpal.ai\/de\/","logo":{"@type":"ImageObject","inLanguage":"de","@id":"https:\/\/talkpal.ai\/de\/#\/schema\/logo\/image\/","url":"https:\/\/talkpal.ai\/wp-content\/uploads\/2024\/03\/Talkpal-Logo-Icon.png","contentUrl":"https:\/\/talkpal.ai\/wp-content\/uploads\/2024\/03\/Talkpal-Logo-Icon.png","width":2880,"height":2880,"caption":"Talkpal, Inc."},"image":{"@id":"https:\/\/talkpal.ai\/de\/#\/schema\/logo\/image\/"},"sameAs":["https:\/\/www.facebook.com\/profile.php?id=100090733639311","https:\/\/x.com\/talkpalai","https:\/\/www.linkedin.com\/company\/talkpal\/","https:\/\/www.youtube.com\/@TalkPal\/","https:\/\/www.tiktok.com\/@talkpal","https:\/\/www.instagram.com\/talkpal_ai\/","https:\/\/www.crunchbase.com\/organization\/talkpal-9cde","https:\/\/www.g2.com\/products\/talkpal-for-business\/","https:\/\/www.trustpilot.com\/review\/talkpal.ai","https:\/\/www.capterra.com\/p\/10006800\/TalkPal\/"],"description":"Talkpal is a language learning web and mobile education app, powered by the latest AI technologies, that provides engaging experiences to its customers in many different languages to help them improve their language skills. Users can chat about unlimited amount of topics with the app and use other modes to practice their language learning.","email":"support@talkpal.ai","legalName":"Talkpal, Inc.","foundingDate":"2023-04-03","duns":"118989042","numberOfEmployees":{"@type":"QuantitativeValue","minValue":"11","maxValue":"50"},"publishingPrinciples":"https:\/\/talkpal.ai\/publishing-principles\/","actionableFeedbackPolicy":"https:\/\/talkpal.ai\/actionable-feedback-policy\/","correctionsPolicy":"https:\/\/talkpal.ai\/corrections-policy\/","ethicsPolicy":"https:\/\/talkpal.ai\/ethics-policy\/","diversityPolicy":"https:\/\/talkpal.ai\/diversity-policy\/","diversityStaffingReport":"https:\/\/talkpal.ai\/diversity-policy\/"}]}},"_links":{"self":[{"href":"https:\/\/talkpal.ai\/de\/wp-json\/wp\/v2\/pages\/73234","targetHints":{"allow":["GET"]}}],"collection":[{"href":"https:\/\/talkpal.ai\/de\/wp-json\/wp\/v2\/pages"}],"about":[{"href":"https:\/\/talkpal.ai\/de\/wp-json\/wp\/v2\/types\/page"}],"author":[{"embeddable":true,"href":"https:\/\/talkpal.ai\/de\/wp-json\/wp\/v2\/users\/6"}],"replies":[{"embeddable":true,"href":"https:\/\/talkpal.ai\/de\/wp-json\/wp\/v2\/comments?post=73234"}],"version-history":[{"count":0,"href":"https:\/\/talkpal.ai\/de\/wp-json\/wp\/v2\/pages\/73234\/revisions"}],"wp:featuredmedia":[{"embeddable":true,"href":"https:\/\/talkpal.ai\/de\/wp-json\/wp\/v2\/media\/28509"}],"wp:attachment":[{"href":"https:\/\/talkpal.ai\/de\/wp-json\/wp\/v2\/media?parent=73234"}],"curies":[{"name":"wp","href":"https:\/\/api.w.org\/{rel}","templated":true}]}}