{"id":73233,"date":"2023-06-22T08:12:52","date_gmt":"2023-06-22T08:12:52","guid":{"rendered":"http:\/\/talkpal.ai\/litauische-grammatikuebungen\/"},"modified":"2025-12-17T15:53:35","modified_gmt":"2025-12-17T15:53:35","slug":"litauische-grammatikuebungen","status":"publish","type":"page","link":"https:\/\/talkpal.ai\/de\/litauische-grammatikuebungen\/","title":{"rendered":"Litauische Grammatik\u00fcbungen"},"content":{"rendered":"\r\n\r\n\r\n<section class=\"languageChallengeSection\">\r\n    <div class=\"languageInfoWrapper\">\r\n        \r\n        <h1>Litauische Grammatik\u00fcbungen<\/h1>\r\n        <p>Sind Sie bereit, Ihr <a href=\"https:\/\/talkpal.ai\/learn-lithuanian\/\">Litauisch<\/a> auf die n\u00e4chste Stufe zu bringen? Das \u00dcben von Grammatik\u00fcbungen ist eine hervorragende M\u00f6glichkeit, Satzstrukturen, Verbformen und die einzigartigen Muster der litauischen Sprache zu beherrschen. Fangen Sie noch heute an, die <a href=\"https:\/\/talkpal.ai\/de\/grammar\/proper-vs-common-in-der-litauischen-grammatik\/\">litauische Grammatik<\/a> zu erforschen und beobachten Sie, wie Ihre F\u00e4higkeiten und Ihr Selbstvertrauen mit jeder \u00dcbung wachsen!<\/p>\r\n\r\n                            <a class=\"getStartedHidden\" href=\"https:\/\/app.talkpal.ai\/de\/signup?lng=\">Leg los<\/a>\r\n        \r\n    <\/div>\r\n\r\n    <figure>\r\n    <img decoding=\"async\" width=\"768\" height=\"768\" src=\"https:\/\/talkpal.ai\/wp-content\/uploads\/2023\/06\/lithuenian-768x768.png\" class=\"languageImage no-lazy\" alt=\"Default alt text\" fetchpriority=\"high\" sizes=\"(max-width: 768px) 150px, 768px\" srcset=\"https:\/\/talkpal.ai\/wp-content\/uploads\/2023\/06\/lithuenian-768x768.png 768w, https:\/\/talkpal.ai\/wp-content\/uploads\/2023\/06\/lithuenian-300x300.png 300w\" \/>\r\n    \r\n\r\n    <\/figure>\r\n\r\n            <a class=\"getStartedVisible\" href=\"https:\/\/app.talkpal.ai\/de\/signup?lng=\">Leg los<\/a>\r\n    \r\n<\/section>\r\n\r\n\r\n<!-- <section class=\"grammarSection\">\r\n    <div class=\"grammarLinks\">\r\n        <a href=\"https:\/\/talkpal.ai\/de\/exercise_language\/adjektive-litauische-grammatik\/\">Adjektive <\/a><a href=\"https:\/\/talkpal.ai\/de\/exercise_language\/adverbien-litauische-grammatik\/\">Adverbien <\/a><a href=\"https:\/\/talkpal.ai\/de\/exercise_language\/artikel-litauische-grammatik\/\">Artikel <\/a><a href=\"https:\/\/talkpal.ai\/de\/exercise_language\/konditionale-litauische-grammatik\/\">Konditionale <\/a><a href=\"https:\/\/talkpal.ai\/de\/exercise_language\/perfekt-progressiv-litauische-grammatik\/\">Perfekt Progressiv <\/a><a href=\"https:\/\/talkpal.ai\/de\/exercise_language\/prapositionen-litauische-grammatik\/\">Pr\u00e4positionen <\/a><a href=\"https:\/\/talkpal.ai\/de\/exercise_language\/progressiv-litauische-grammatik\/\">Progressiv <\/a><a href=\"https:\/\/talkpal.ai\/de\/exercise_language\/pronomen-determinanten-litauische-grammatik\/\">Pronomen\/Determinanten <\/a><a href=\"https:\/\/talkpal.ai\/de\/exercise_language\/satze-litauische-grammatik\/\">S\u00e4tze <\/a><a href=\"https:\/\/talkpal.ai\/de\/exercise_language\/substantive-litauische-grammatik\/\">Substantive <\/a><a href=\"https:\/\/talkpal.ai\/de\/exercise_language\/verben-litauische-grammatik\/\">Verben <\/a><a href=\"https:\/\/talkpal.ai\/de\/exercise_language\/zeitformen-litauische-grammatik\/\">Zeitformen <\/a><a href=\"https:\/\/talkpal.ai\/de\/exercise_language\/zeitvergleich-litauische-grammatik\/\">Zeitvergleich <\/a>    <\/div>\r\n<\/section> -->\r\n\r\n\r\n\r\n\r\n        <section class=\"grammarSection\">\r\n            <div class=\"grammarLinks\">\r\n                <a href=\"https:\/\/talkpal.ai\/de\/exercise_language\/adjektive-litauische-grammatik\/\">Adjektive <\/a><a href=\"https:\/\/talkpal.ai\/de\/exercise_language\/adverbien-litauische-grammatik\/\">Adverbien <\/a><a href=\"https:\/\/talkpal.ai\/de\/exercise_language\/artikel-litauische-grammatik\/\">Artikel <\/a><a href=\"https:\/\/talkpal.ai\/de\/exercise_language\/konditionale-litauische-grammatik\/\">Konditionale <\/a><a href=\"https:\/\/talkpal.ai\/de\/exercise_language\/perfekt-progressiv-litauische-grammatik\/\">Perfekt Progressiv <\/a><a href=\"https:\/\/talkpal.ai\/de\/exercise_language\/prapositionen-litauische-grammatik\/\">Pr\u00e4positionen <\/a><a href=\"https:\/\/talkpal.ai\/de\/exercise_language\/progressiv-litauische-grammatik\/\">Progressiv <\/a><a href=\"https:\/\/talkpal.ai\/de\/exercise_language\/pronomen-determinanten-litauische-grammatik\/\">Pronomen\/Determinanten <\/a><a href=\"https:\/\/talkpal.ai\/de\/exercise_language\/satze-litauische-grammatik\/\">S\u00e4tze <\/a><a href=\"https:\/\/talkpal.ai\/de\/exercise_language\/substantive-litauische-grammatik\/\">Substantive <\/a><a href=\"https:\/\/talkpal.ai\/de\/exercise_language\/verben-litauische-grammatik\/\">Verben <\/a><a href=\"https:\/\/talkpal.ai\/de\/exercise_language\/zeitformen-litauische-grammatik\/\">Zeitformen <\/a><a href=\"https:\/\/talkpal.ai\/de\/exercise_language\/zeitvergleich-litauische-grammatik\/\">Zeitvergleich <\/a>            <\/div>\r\n        <\/section>\r\n<section class=\"promotionalBanner\">\r\n    <p class=\"promotionalText\">Der effizienteste Weg, eine Sprache zu lernen<\/p>\r\n    <a class=\"promotionalLink\" href=\"https:\/\/app.talkpal.ai\/de\/signup?lng=\">Talkpal kostenlos<\/a>\r\n<\/section>\n<div class=\"wp-block-group pageContainerStyle\"><div class=\"wp-block-group__inner-container is-layout-constrained wp-block-group-is-layout-constrained\">\n<h2 class=\"wp-block-heading\" id=\"h-lithuanian-grammar-topics\">Litauische Grammatik<\/h2>\n\n\n\n<p>Das Erlernen der litauischen Sprache ist <a href=\"https:\/\/talkpal.ai\/culture\/how-do-i-use-the-word-nicht-nur-sondern-auch\/\">nicht nur<\/a> eine einzigartige und lohnende Erfahrung, sondern er\u00f6ffnet auch eine ganz neue Welt der kulturellen Erkundung. Litauisch hat als baltische Sprache viele Merkmale der alten indoeurop\u00e4ischen Sprachen bewahrt, was es zu einer wichtigen Sprache f\u00fcr historische und linguistische Studien macht. Die <a href=\"https:\/\/talkpal.ai\/fr\/les\/\">Grammatik<\/a> des Litauischen mag komplex erscheinen, aber wenn <a href=\"https:\/\/talkpal.ai\/culture\/what-is-the-difference-between-using-du-and-sie\/\">du sie<\/a> in kleinere Themen aufteilst und sie in einer logischen Reihenfolge lernst, wird deine Reise reibungsloser und angenehmer. In diesem Leitfaden stellen wir Ihnen die Themen der litauischen Grammatik in der Reihenfolge vor, in der Sie sie lernen sollten, und geben einen kurzen \u00dcberblick \u00fcber jedes Thema.<\/p>\n\n\n\n<h3 class=\"wp-block-heading\" id=\"h-1-nouns\">1. Substantive:<\/h3>\n\n\n\n<p>Substantive bilden das R\u00fcckgrat der meisten S\u00e4tze, also beginne damit, das System der Substantivdeklination im Litauischen zu lernen. <a href=\"https:\/\/talkpal.ai\/culture\/what-is-the-difference-between-es-gibt-and-da-ist\/\">Es gibt<\/a> f\u00fcnf Substantivdeklinationen, jede mit ihren eigenen Endungen f\u00fcr die Singular- und Pluralform. Achte auf das Geschlecht der Substantive, da dies die Endungen in der <a href=\"https:\/\/talkpal.ai\/zh-hans\/grammar_exercises\/deklination-%e5%be%b7%e5%9b%bd%e8%af%ad%e6%b3%95%e7%bb%83%e4%b9%a0\/\">Deklination<\/a> beeinflusst.<\/p>\n\n\n\n<h3 class=\"wp-block-heading\" id=\"h-2-articles\">2. Artikel:<\/h3>\n\n\n\n<p>Anders als im Englischen gibt es im Litauischen keine bestimmten oder <a href=\"https:\/\/talkpal.ai\/de\/grammar_exercises\/ubungen-zum-unbestimmten-artikel-fur-die-vietnamesische-grammatik\/\">unbestimmten Artikel<\/a>, so dass Sie sich um eine Grammatikkomponente weniger k\u00fcmmern m\u00fcssen!<\/p>\n\n\n\n<h3 class=\"wp-block-heading\" id=\"h-3-adjectives\">3. Adjektive:<\/h3>\n\n\n\n<p>Adjektive stimmen mit Substantiven in Geschlecht, Gro\u00df- und Kleinschreibung und Zahl \u00fcberein. Lerne die verschiedenen Adjektivendungen und wie sie sich je nach Substantiv, das sie modifizieren, ver\u00e4ndern.<\/p>\n\n\n\n<h3 class=\"wp-block-heading\" id=\"h-4-pronouns-determiners\">4. Pronomen\/Determinanten:<\/h3>\n\n\n\n<p>Wie in anderen Sprachen auch, tragen Pronomen und Determinanten dazu bei, S\u00e4tze klar und spezifisch zu machen. Lerne die verschiedenen Arten von Pronomen und Determinanten sowie ihre verschiedenen Formen und Verwendungen im Litauischen.<\/p>\n\n\n\n<h3 class=\"wp-block-heading\" id=\"h-5-verbs\">5. Verben:<\/h3>\n\n\n\n<p>Verben sind essentiell f\u00fcr die Vermittlung von Handlungen und Seinszust\u00e4nden. Beginnen Sie mit der Gegenwartsform und gehen Sie dann zur Vergangenheits- und Zukunftsform \u00fcber. Achte auf die Konjugationsmuster sowie auf <a href=\"https:\/\/talkpal.ai\/de\/grammar\/unregelmaessige-verben-in-der-deutschen-grammatik\/\">unregelm\u00e4\u00dfige Verben<\/a>.<\/p>\n\n\n\n<h3 class=\"wp-block-heading\" id=\"h-6-tense-comparison\">6. Angespannter Vergleich:<\/h3>\n\n\n\n<p>Nachdem Sie die Grundformen gemeistert haben, lernen Sie, wie Sie sie vergleichen und die Nuancen ihrer Verwendung verstehen k\u00f6nnen. Dazu geh\u00f6rt das Verst\u00e4ndnis der Unterschiede zwischen einfachen und zusammengesetzten Zeitformen sowie der perfekten progressiven Zeitform.<\/p>\n\n\n\n<h3 class=\"wp-block-heading\" id=\"h-7-progressive-and-perfect-progressive\">7. Progressive und Perfect Progressive:<\/h3>\n\n\n\n<p>Im Litauischen gibt es keine spezifischen progressiven Formen wie im Englischen, aber Sie k\u00f6nnen laufende und abgeschlossene Aktionen mit bestimmten Konstruktionen ausdr\u00fccken. Lernen Sie diese Konstruktionen kennen und wie Sie sie effektiv einsetzen k\u00f6nnen.<\/p>\n\n\n\n<h3 class=\"wp-block-heading\" id=\"h-8-adverbs\">8. Adverbien:<\/h3>\n\n\n\n<p>Adjektive modifizieren Substantive, w\u00e4hrend Adverbien Verben, Adjektive oder andere Adverbien modifizieren. Lerne die verschiedenen Arten von Adverbien und ihre Platzierung in S\u00e4tzen.<\/p>\n\n\n\n<h3 class=\"wp-block-heading\" id=\"h-9-prepositions\">9. Pr\u00e4positionen:<\/h3>\n\n\n\n<p>Pr\u00e4positionen zeigen die Beziehung zwischen W\u00f6rtern in einem Satz. Lerne die verschiedenen Pr\u00e4positionen und ihre Verwendung in verschiedenen Kontexten.<\/p>\n\n\n\n<h3 class=\"wp-block-heading\" id=\"h-10-conditionals\">10. Bedingungen:<\/h3>\n\n\n\n<p>Konditionale dr\u00fccken hypothetische oder irreale Situationen aus. Lernen Sie die verschiedenen Arten von Konditionalen und ihre jeweiligen Konstruktionen auf Litauisch kennen.<\/p>\n\n\n\n<h3 class=\"wp-block-heading\" id=\"h-11-sentences\">11. S\u00e4tze:<\/h3>\n\n\n\n<p>Zum Schluss bringst du alles zusammen, indem du etwas \u00fcber die Satzstruktur auf Litauisch lernst. Verstehen Sie die grundlegende Wortstellung und wie sie zur Betonung oder Klarheit angepasst werden kann. \u00dcben Sie das Bilden von S\u00e4tzen unter Verwendung aller bisher gelernten Grammatikbestandteile.<\/p>\n\n\n\n<p>Wenn Sie diese Themenfolge befolgen, werden Sie ein solides Verst\u00e4ndnis der litauischen Grammatik entwickeln und auf dem besten Weg sein, die Sprache flie\u00dfend zu beherrschen.<\/p>\n<\/div><\/div>\n\r\n<section class=\"learnNavigationSection\">\r\n            \r\n        <a href=\"https:\/\/talkpal.ai\/de\/litauisch-lernen\/\">\r\n            <div class=\"learnNavigationWrapper\">\r\n                <div class=\"learnNavigationContent\">\r\n                    <img decoding=\"async\" src=\"https:\/\/talkpal.ai\/wp-content\/uploads\/2024\/08\/Lithuanian.jpg\" alt=\"Lithuanian Flag\">\r\n                    <div>\r\n                        <h4>\u00dcber Litauisch lernen<\/h4>\r\n                        <p>Erfahren Sie alles \u00fcber die litauische Grammatik.<\/p>\r\n                    <\/div>\r\n                <\/div>\r\n            <\/div>\r\n        <\/a>\r\n\r\n        \r\n        <a href=\"https:\/\/talkpal.ai\/de\/litauische-grammatik\/\">\r\n            <div class=\"learnNavigationWrapper\">\r\n                <div class=\"learnNavigationContent\">\r\n                    <img decoding=\"async\" src=\"https:\/\/talkpal.ai\/wp-content\/uploads\/2024\/08\/Lithuanian.jpg\" alt=\"Lithuanian Flag\">\r\n                    <div>\r\n                        <h4>Litauisch Grammatikunterricht<\/h4>\r\n                        <p>\u00dcbe die litauische Grammatik .<\/p>\r\n                    <\/div>\r\n                <\/div>\r\n            <\/div>\r\n        <\/a>\r\n\r\n        \r\n        <a href=\"https:\/\/talkpal.ai\/vocabulary_language\/lithuanian\/\">\r\n            <div class=\"learnNavigationWrapper\">\r\n                <div class=\"learnNavigationContent\">\r\n                    <img decoding=\"async\" src=\"https:\/\/talkpal.ai\/wp-content\/uploads\/2024\/08\/Lithuanian.jpg\" alt=\"Lithuanian Flag\">\r\n                    <div>\r\n                        <h4>Litauisch Wortschatz<\/h4>\r\n                        <p>Erweitern Sie Ihren litauischen Wortschatz.<\/p>\r\n                    <\/div>\r\n                <\/div>\r\n            <\/div>\r\n        <\/a>\r\n\r\n            <\/section>","protected":false},"excerpt":{"rendered":"<p>Litauische Grammatik Das Erlernen der litauischen Sprache ist nicht nur eine einzigartige und lohnende Erfahrung, sondern er\u00f6ffnet auch eine ganz neue Welt der kulturellen Erkundung. Litauisch hat als baltische Sprache viele Merkmale der alten indoeurop\u00e4ischen Sprachen bewahrt, was es zu einer wichtigen Sprache f\u00fcr historische und linguistische Studien macht. Die Grammatik des Litauischen mag komplex [&hellip;]<\/p>\n","protected":false},"author":6,"featured_media":28461,"parent":0,"menu_order":0,"comment_status":"closed","ping_status":"closed","template":"LearningContentPage.php","meta":{"_acf_changed":false,"footnotes":""},"class_list":["post-73233","page","type-page","status-publish","has-post-thumbnail","hentry"],"acf":[],"yoast_head":"<!-- This site is optimized with the Yoast SEO Premium plugin v27.2 (Yoast SEO v27.2) - https:\/\/yoast.com\/product\/yoast-seo-premium-wordpress\/ -->\n<title>Litauische Grammatik\u00fcbungen - Talkpal<\/title>\n<meta name=\"description\" content=\"Meistern Sie die Feinheiten der Sprache mit ansprechenden litauischen Grammatik\u00fcbungen, die Ihre Sprachkenntnisse verbessern.\" \/>\n<meta name=\"robots\" content=\"index, follow, max-snippet:-1, max-image-preview:large, max-video-preview:-1\" \/>\n<link rel=\"canonical\" href=\"https:\/\/talkpal.ai\/de\/litauische-grammatikuebungen\/\" \/>\n<meta property=\"og:locale\" content=\"de_DE\" \/>\n<meta property=\"og:type\" content=\"article\" \/>\n<meta property=\"og:title\" content=\"Litauische Grammatik\u00fcbungen\" \/>\n<meta property=\"og:description\" content=\"Litauische Grammatik Das Erlernen der litauischen Sprache ist nicht nur eine einzigartige und lohnende Erfahrung, sondern er\u00f6ffnet auch eine ganz neue\" \/>\n<meta property=\"og:url\" content=\"https:\/\/talkpal.ai\/de\/litauische-grammatikuebungen\/\" \/>\n<meta property=\"og:site_name\" content=\"Talkpal\" \/>\n<meta property=\"article:publisher\" content=\"https:\/\/www.facebook.com\/profile.php?id=100090733639311\" \/>\n<meta property=\"article:modified_time\" content=\"2025-12-17T15:53:35+00:00\" \/>\n<meta property=\"og:image\" content=\"https:\/\/talkpal.ai\/wp-content\/uploads\/2023\/05\/Lithuanian.png\" \/>\n\t<meta property=\"og:image:width\" content=\"512\" \/>\n\t<meta property=\"og:image:height\" content=\"512\" \/>\n\t<meta property=\"og:image:type\" content=\"image\/png\" \/>\n<meta name=\"twitter:card\" content=\"summary_large_image\" \/>\n<meta name=\"twitter:site\" content=\"@talkpalai\" \/>\n<meta name=\"twitter:label1\" content=\"Gesch\u00e4tzte Lesezeit\" \/>\n\t<meta name=\"twitter:data1\" content=\"3\u00a0Minuten\" \/>\n<script type=\"application\/ld+json\" class=\"yoast-schema-graph\">{\"@context\":\"https:\/\/schema.org\",\"@graph\":[{\"@type\":\"WebPage\",\"@id\":\"https:\/\/talkpal.ai\/de\/litauische-grammatikuebungen\/\",\"url\":\"https:\/\/talkpal.ai\/de\/litauische-grammatikuebungen\/\",\"name\":\"Litauische Grammatik\u00fcbungen - Talkpal\",\"isPartOf\":{\"@id\":\"https:\/\/talkpal.ai\/de\/#website\"},\"primaryImageOfPage\":{\"@id\":\"https:\/\/talkpal.ai\/de\/litauische-grammatikuebungen\/#primaryimage\"},\"image\":{\"@id\":\"https:\/\/talkpal.ai\/de\/litauische-grammatikuebungen\/#primaryimage\"},\"thumbnailUrl\":\"https:\/\/talkpal.ai\/wp-content\/uploads\/2023\/05\/Lithuanian.png\",\"datePublished\":\"2023-06-22T08:12:52+00:00\",\"dateModified\":\"2025-12-17T15:53:35+00:00\",\"description\":\"Meistern Sie die Feinheiten der Sprache mit ansprechenden litauischen Grammatik\u00fcbungen, die Ihre Sprachkenntnisse verbessern.\",\"breadcrumb\":{\"@id\":\"https:\/\/talkpal.ai\/de\/litauische-grammatikuebungen\/#breadcrumb\"},\"inLanguage\":\"de\",\"potentialAction\":[{\"@type\":\"ReadAction\",\"target\":[\"https:\/\/talkpal.ai\/de\/litauische-grammatikuebungen\/\"]}]},{\"@type\":\"ImageObject\",\"inLanguage\":\"de\",\"@id\":\"https:\/\/talkpal.ai\/de\/litauische-grammatikuebungen\/#primaryimage\",\"url\":\"https:\/\/talkpal.ai\/wp-content\/uploads\/2023\/05\/Lithuanian.png\",\"contentUrl\":\"https:\/\/talkpal.ai\/wp-content\/uploads\/2023\/05\/Lithuanian.png\",\"width\":512,\"height\":512},{\"@type\":\"BreadcrumbList\",\"@id\":\"https:\/\/talkpal.ai\/de\/litauische-grammatikuebungen\/#breadcrumb\",\"itemListElement\":[{\"@type\":\"ListItem\",\"position\":1,\"name\":\"Homepage\",\"item\":\"https:\/\/talkpal.ai\/de\/\"},{\"@type\":\"ListItem\",\"position\":2,\"name\":\"Litauische Grammatik\u00fcbungen\"}]},{\"@type\":\"WebSite\",\"@id\":\"https:\/\/talkpal.ai\/de\/#website\",\"url\":\"https:\/\/talkpal.ai\/de\/\",\"name\":\"Talkpal\",\"description\":\"AI Language Learning\",\"publisher\":{\"@id\":\"https:\/\/talkpal.ai\/de\/#organization\"},\"alternateName\":\"Talkpal AI\",\"potentialAction\":[{\"@type\":\"SearchAction\",\"target\":{\"@type\":\"EntryPoint\",\"urlTemplate\":\"https:\/\/talkpal.ai\/de\/?s={search_term_string}\"},\"query-input\":{\"@type\":\"PropertyValueSpecification\",\"valueRequired\":true,\"valueName\":\"search_term_string\"}}],\"inLanguage\":\"de\"},{\"@type\":\"Organization\",\"@id\":\"https:\/\/talkpal.ai\/de\/#organization\",\"name\":\"Talkpal, Inc.\",\"alternateName\":\"Talkpal AI\",\"url\":\"https:\/\/talkpal.ai\/de\/\",\"logo\":{\"@type\":\"ImageObject\",\"inLanguage\":\"de\",\"@id\":\"https:\/\/talkpal.ai\/de\/#\/schema\/logo\/image\/\",\"url\":\"https:\/\/talkpal.ai\/wp-content\/uploads\/2024\/03\/Talkpal-Logo-Icon.png\",\"contentUrl\":\"https:\/\/talkpal.ai\/wp-content\/uploads\/2024\/03\/Talkpal-Logo-Icon.png\",\"width\":2880,\"height\":2880,\"caption\":\"Talkpal, Inc.\"},\"image\":{\"@id\":\"https:\/\/talkpal.ai\/de\/#\/schema\/logo\/image\/\"},\"sameAs\":[\"https:\/\/www.facebook.com\/profile.php?id=100090733639311\",\"https:\/\/x.com\/talkpalai\",\"https:\/\/www.linkedin.com\/company\/talkpal\/\",\"https:\/\/www.youtube.com\/@TalkPal\/\",\"https:\/\/www.tiktok.com\/@talkpal\",\"https:\/\/www.instagram.com\/talkpal_ai\/\",\"https:\/\/www.crunchbase.com\/organization\/talkpal-9cde\",\"https:\/\/www.g2.com\/products\/talkpal-for-business\/\",\"https:\/\/www.trustpilot.com\/review\/talkpal.ai\",\"https:\/\/www.capterra.com\/p\/10006800\/TalkPal\/\"],\"description\":\"Talkpal is a language learning web and mobile education app, powered by the latest AI technologies, that provides engaging experiences to its customers in many different languages to help them improve their language skills. Users can chat about unlimited amount of topics with the app and use other modes to practice their language learning.\",\"email\":\"support@talkpal.ai\",\"legalName\":\"Talkpal, Inc.\",\"foundingDate\":\"2023-04-03\",\"duns\":\"118989042\",\"numberOfEmployees\":{\"@type\":\"QuantitativeValue\",\"minValue\":\"11\",\"maxValue\":\"50\"},\"publishingPrinciples\":\"https:\/\/talkpal.ai\/publishing-principles\/\",\"actionableFeedbackPolicy\":\"https:\/\/talkpal.ai\/actionable-feedback-policy\/\",\"correctionsPolicy\":\"https:\/\/talkpal.ai\/corrections-policy\/\",\"ethicsPolicy\":\"https:\/\/talkpal.ai\/ethics-policy\/\",\"diversityPolicy\":\"https:\/\/talkpal.ai\/diversity-policy\/\",\"diversityStaffingReport\":\"https:\/\/talkpal.ai\/diversity-policy\/\"}]}<\/script>\n<!-- \/ Yoast SEO Premium plugin. -->","yoast_head_json":{"title":"Litauische Grammatik\u00fcbungen - Talkpal","description":"Meistern Sie die Feinheiten der Sprache mit ansprechenden litauischen Grammatik\u00fcbungen, die Ihre Sprachkenntnisse verbessern.","robots":{"index":"index","follow":"follow","max-snippet":"max-snippet:-1","max-image-preview":"max-image-preview:large","max-video-preview":"max-video-preview:-1"},"canonical":"https:\/\/talkpal.ai\/de\/litauische-grammatikuebungen\/","og_locale":"de_DE","og_type":"article","og_title":"Litauische Grammatik\u00fcbungen","og_description":"Litauische Grammatik Das Erlernen der litauischen Sprache ist nicht nur eine einzigartige und lohnende Erfahrung, sondern er\u00f6ffnet auch eine ganz neue","og_url":"https:\/\/talkpal.ai\/de\/litauische-grammatikuebungen\/","og_site_name":"Talkpal","article_publisher":"https:\/\/www.facebook.com\/profile.php?id=100090733639311","article_modified_time":"2025-12-17T15:53:35+00:00","og_image":[{"width":512,"height":512,"url":"https:\/\/talkpal.ai\/wp-content\/uploads\/2023\/05\/Lithuanian.png","type":"image\/png"}],"twitter_card":"summary_large_image","twitter_site":"@talkpalai","twitter_misc":{"Gesch\u00e4tzte Lesezeit":"3\u00a0Minuten"},"schema":{"@context":"https:\/\/schema.org","@graph":[{"@type":"WebPage","@id":"https:\/\/talkpal.ai\/de\/litauische-grammatikuebungen\/","url":"https:\/\/talkpal.ai\/de\/litauische-grammatikuebungen\/","name":"Litauische Grammatik\u00fcbungen - Talkpal","isPartOf":{"@id":"https:\/\/talkpal.ai\/de\/#website"},"primaryImageOfPage":{"@id":"https:\/\/talkpal.ai\/de\/litauische-grammatikuebungen\/#primaryimage"},"image":{"@id":"https:\/\/talkpal.ai\/de\/litauische-grammatikuebungen\/#primaryimage"},"thumbnailUrl":"https:\/\/talkpal.ai\/wp-content\/uploads\/2023\/05\/Lithuanian.png","datePublished":"2023-06-22T08:12:52+00:00","dateModified":"2025-12-17T15:53:35+00:00","description":"Meistern Sie die Feinheiten der Sprache mit ansprechenden litauischen Grammatik\u00fcbungen, die Ihre Sprachkenntnisse verbessern.","breadcrumb":{"@id":"https:\/\/talkpal.ai\/de\/litauische-grammatikuebungen\/#breadcrumb"},"inLanguage":"de","potentialAction":[{"@type":"ReadAction","target":["https:\/\/talkpal.ai\/de\/litauische-grammatikuebungen\/"]}]},{"@type":"ImageObject","inLanguage":"de","@id":"https:\/\/talkpal.ai\/de\/litauische-grammatikuebungen\/#primaryimage","url":"https:\/\/talkpal.ai\/wp-content\/uploads\/2023\/05\/Lithuanian.png","contentUrl":"https:\/\/talkpal.ai\/wp-content\/uploads\/2023\/05\/Lithuanian.png","width":512,"height":512},{"@type":"BreadcrumbList","@id":"https:\/\/talkpal.ai\/de\/litauische-grammatikuebungen\/#breadcrumb","itemListElement":[{"@type":"ListItem","position":1,"name":"Homepage","item":"https:\/\/talkpal.ai\/de\/"},{"@type":"ListItem","position":2,"name":"Litauische Grammatik\u00fcbungen"}]},{"@type":"WebSite","@id":"https:\/\/talkpal.ai\/de\/#website","url":"https:\/\/talkpal.ai\/de\/","name":"Talkpal","description":"AI Language Learning","publisher":{"@id":"https:\/\/talkpal.ai\/de\/#organization"},"alternateName":"Talkpal AI","potentialAction":[{"@type":"SearchAction","target":{"@type":"EntryPoint","urlTemplate":"https:\/\/talkpal.ai\/de\/?s={search_term_string}"},"query-input":{"@type":"PropertyValueSpecification","valueRequired":true,"valueName":"search_term_string"}}],"inLanguage":"de"},{"@type":"Organization","@id":"https:\/\/talkpal.ai\/de\/#organization","name":"Talkpal, Inc.","alternateName":"Talkpal AI","url":"https:\/\/talkpal.ai\/de\/","logo":{"@type":"ImageObject","inLanguage":"de","@id":"https:\/\/talkpal.ai\/de\/#\/schema\/logo\/image\/","url":"https:\/\/talkpal.ai\/wp-content\/uploads\/2024\/03\/Talkpal-Logo-Icon.png","contentUrl":"https:\/\/talkpal.ai\/wp-content\/uploads\/2024\/03\/Talkpal-Logo-Icon.png","width":2880,"height":2880,"caption":"Talkpal, Inc."},"image":{"@id":"https:\/\/talkpal.ai\/de\/#\/schema\/logo\/image\/"},"sameAs":["https:\/\/www.facebook.com\/profile.php?id=100090733639311","https:\/\/x.com\/talkpalai","https:\/\/www.linkedin.com\/company\/talkpal\/","https:\/\/www.youtube.com\/@TalkPal\/","https:\/\/www.tiktok.com\/@talkpal","https:\/\/www.instagram.com\/talkpal_ai\/","https:\/\/www.crunchbase.com\/organization\/talkpal-9cde","https:\/\/www.g2.com\/products\/talkpal-for-business\/","https:\/\/www.trustpilot.com\/review\/talkpal.ai","https:\/\/www.capterra.com\/p\/10006800\/TalkPal\/"],"description":"Talkpal is a language learning web and mobile education app, powered by the latest AI technologies, that provides engaging experiences to its customers in many different languages to help them improve their language skills. Users can chat about unlimited amount of topics with the app and use other modes to practice their language learning.","email":"support@talkpal.ai","legalName":"Talkpal, Inc.","foundingDate":"2023-04-03","duns":"118989042","numberOfEmployees":{"@type":"QuantitativeValue","minValue":"11","maxValue":"50"},"publishingPrinciples":"https:\/\/talkpal.ai\/publishing-principles\/","actionableFeedbackPolicy":"https:\/\/talkpal.ai\/actionable-feedback-policy\/","correctionsPolicy":"https:\/\/talkpal.ai\/corrections-policy\/","ethicsPolicy":"https:\/\/talkpal.ai\/ethics-policy\/","diversityPolicy":"https:\/\/talkpal.ai\/diversity-policy\/","diversityStaffingReport":"https:\/\/talkpal.ai\/diversity-policy\/"}]}},"_links":{"self":[{"href":"https:\/\/talkpal.ai\/de\/wp-json\/wp\/v2\/pages\/73233","targetHints":{"allow":["GET"]}}],"collection":[{"href":"https:\/\/talkpal.ai\/de\/wp-json\/wp\/v2\/pages"}],"about":[{"href":"https:\/\/talkpal.ai\/de\/wp-json\/wp\/v2\/types\/page"}],"author":[{"embeddable":true,"href":"https:\/\/talkpal.ai\/de\/wp-json\/wp\/v2\/users\/6"}],"replies":[{"embeddable":true,"href":"https:\/\/talkpal.ai\/de\/wp-json\/wp\/v2\/comments?post=73233"}],"version-history":[{"count":0,"href":"https:\/\/talkpal.ai\/de\/wp-json\/wp\/v2\/pages\/73233\/revisions"}],"wp:featuredmedia":[{"embeddable":true,"href":"https:\/\/talkpal.ai\/de\/wp-json\/wp\/v2\/media\/28461"}],"wp:attachment":[{"href":"https:\/\/talkpal.ai\/de\/wp-json\/wp\/v2\/media?parent=73233"}],"curies":[{"name":"wp","href":"https:\/\/api.w.org\/{rel}","templated":true}]}}