{"id":73163,"date":"2023-07-05T11:13:09","date_gmt":"2023-07-05T11:13:09","guid":{"rendered":"http:\/\/talkpal.ai\/walisische-grammatikuebungen\/"},"modified":"2025-12-17T14:41:11","modified_gmt":"2025-12-17T14:41:11","slug":"walisische-grammatikuebungen","status":"publish","type":"page","link":"https:\/\/talkpal.ai\/de\/walisische-grammatikuebungen\/","title":{"rendered":"Walisische Grammatik\u00fcbungen"},"content":{"rendered":"\r\n\r\n\r\n<section class=\"languageChallengeSection\">\r\n    <div class=\"languageInfoWrapper\">\r\n        \r\n        <h1>Walisische Grammatik\u00fcbungen<\/h1>\r\n        <p>Sind Sie bereit, in die walisische <a href=\"https:\/\/talkpal.ai\/fr\/les\/\">Grammatik<\/a> einzutauchen? Das \u00dcben einiger Grundlagen wird Ihnen helfen, sich mit dieser einzigartigen und sch\u00f6nen Sprache vertraut zu machen. Probieren Sie diese \u00dcbungen aus, um Ihr Selbstvertrauen zu st\u00e4rken und dabei auch noch Spa\u00df zu haben!<\/p>\r\n\r\n                            <a class=\"getStartedHidden\" href=\"https:\/\/app.talkpal.ai\/de\/signup?lng=\">Leg los<\/a>\r\n        \r\n    <\/div>\r\n\r\n    <figure>\r\n    <img decoding=\"async\" width=\"768\" height=\"768\" src=\"https:\/\/talkpal.ai\/wp-content\/uploads\/2023\/06\/welsh-768x768.png\" class=\"languageImage no-lazy\" alt=\"Default alt text\" fetchpriority=\"high\" sizes=\"(max-width: 768px) 150px, 768px\" srcset=\"https:\/\/talkpal.ai\/wp-content\/uploads\/2023\/06\/welsh-768x768.png 768w, https:\/\/talkpal.ai\/wp-content\/uploads\/2023\/06\/welsh-300x300.png 300w\" \/>\r\n    \r\n\r\n    <\/figure>\r\n\r\n            <a class=\"getStartedVisible\" href=\"https:\/\/app.talkpal.ai\/de\/signup?lng=\">Leg los<\/a>\r\n    \r\n<\/section>\r\n\r\n\r\n<!-- <section class=\"grammarSection\">\r\n    <div class=\"grammarLinks\">\r\n        <a href=\"https:\/\/talkpal.ai\/de\/exercise_language\/adjektive-walisische-grammatik\/\">Adjektive <\/a><a href=\"https:\/\/talkpal.ai\/de\/exercise_language\/adverbien-walisische-grammatik\/\">Adverbien <\/a><a href=\"https:\/\/talkpal.ai\/de\/exercise_language\/artikel-walisische-grammatik\/\">Artikel <\/a><a href=\"https:\/\/talkpal.ai\/de\/exercise_language\/konditionale-walisische-grammatik\/\">Konditionale <\/a><a href=\"https:\/\/talkpal.ai\/de\/exercise_language\/perfekt-progressiv-walisische-grammatik\/\">Perfekt Progressiv <\/a><a href=\"https:\/\/talkpal.ai\/de\/exercise_language\/prapositionen-walisische-grammatik\/\">Pr\u00e4positionen <\/a><a href=\"https:\/\/talkpal.ai\/de\/exercise_language\/progressiv-walisische-grammatik\/\">Progressiv <\/a><a href=\"https:\/\/talkpal.ai\/de\/exercise_language\/pronomen-determinanten-walisische-grammatik\/\">Pronomen\/Determinanten <\/a><a href=\"https:\/\/talkpal.ai\/de\/exercise_language\/satze-walisische-grammatik\/\">S\u00e4tze \u2013 Walisische Grammatik<\/a><a href=\"https:\/\/talkpal.ai\/de\/exercise_language\/substantive-walisische-grammatik\/\">Substantive <\/a><a href=\"https:\/\/talkpal.ai\/de\/exercise_language\/verben-walisische-grammatik\/\">Verben \u2013 Walisische Grammatik<\/a><a href=\"https:\/\/talkpal.ai\/de\/exercise_language\/zeitformen-walisische-grammatik\/\">Zeitformen \u2013 Walisische Grammatik<\/a><a href=\"https:\/\/talkpal.ai\/de\/exercise_language\/zeitvergleich-walisische-grammatik\/\">Zeitvergleich \u2013 Walisische Grammatik<\/a>    <\/div>\r\n<\/section> -->\r\n\r\n\r\n\r\n\r\n        <section class=\"grammarSection\">\r\n            <div class=\"grammarLinks\">\r\n                <a href=\"https:\/\/talkpal.ai\/de\/exercise_language\/adjektive-walisische-grammatik\/\">Adjektive <\/a><a href=\"https:\/\/talkpal.ai\/de\/exercise_language\/adverbien-walisische-grammatik\/\">Adverbien <\/a><a href=\"https:\/\/talkpal.ai\/de\/exercise_language\/artikel-walisische-grammatik\/\">Artikel <\/a><a href=\"https:\/\/talkpal.ai\/de\/exercise_language\/konditionale-walisische-grammatik\/\">Konditionale <\/a><a href=\"https:\/\/talkpal.ai\/de\/exercise_language\/perfekt-progressiv-walisische-grammatik\/\">Perfekt Progressiv <\/a><a href=\"https:\/\/talkpal.ai\/de\/exercise_language\/prapositionen-walisische-grammatik\/\">Pr\u00e4positionen <\/a><a href=\"https:\/\/talkpal.ai\/de\/exercise_language\/progressiv-walisische-grammatik\/\">Progressiv <\/a><a href=\"https:\/\/talkpal.ai\/de\/exercise_language\/pronomen-determinanten-walisische-grammatik\/\">Pronomen\/Determinanten <\/a><a href=\"https:\/\/talkpal.ai\/de\/exercise_language\/satze-walisische-grammatik\/\">S\u00e4tze \u2013 Walisische Grammatik<\/a><a href=\"https:\/\/talkpal.ai\/de\/exercise_language\/substantive-walisische-grammatik\/\">Substantive <\/a><a href=\"https:\/\/talkpal.ai\/de\/exercise_language\/verben-walisische-grammatik\/\">Verben \u2013 Walisische Grammatik<\/a><a href=\"https:\/\/talkpal.ai\/de\/exercise_language\/zeitformen-walisische-grammatik\/\">Zeitformen \u2013 Walisische Grammatik<\/a><a href=\"https:\/\/talkpal.ai\/de\/exercise_language\/zeitvergleich-walisische-grammatik\/\">Zeitvergleich \u2013 Walisische Grammatik<\/a>            <\/div>\r\n        <\/section>\r\n<section class=\"promotionalBanner\">\r\n    <p class=\"promotionalText\">Der effizienteste Weg, eine Sprache zu lernen<\/p>\r\n    <a class=\"promotionalLink\" href=\"https:\/\/app.talkpal.ai\/de\/signup?lng=\">Talkpal kostenlos<\/a>\r\n<\/section>\n<div class=\"wp-block-group pageContainerStyle\"><div class=\"wp-block-group__inner-container is-layout-constrained wp-block-group-is-layout-constrained\">\n<h2 class=\"wp-block-heading\" id=\"h-welsh-grammar-topics\">Walisische Grammatikthemen<\/h2>\n\n\n\n<p>Das Erlernen einer neuen Sprache kann ein herausforderndes, aber lohnendes Unterfangen sein. <a href=\"https:\/\/talkpal.ai\/learn-welsh\/\">Walisisch<\/a>, eine keltische Sprache, die haupts\u00e4chlich in Wales gesprochen wird, ist da keine Ausnahme. Mit seinen einzigartigen Merkmalen und Strukturen erfordert das Erlernen von Walisisch einen systematischen Ansatz, um die komplexe Grammatik zu verstehen. Dieser Leitfaden umrei\u00dft die wichtigsten Bereiche der walisischen Grammatik in einer logischen Abfolge f\u00fcr das <a href=\"https:\/\/talkpal.ai\/de\/effektives-sprachenlernen-so-gelingt-ihnen-das-schnelle-erlernen-neuer-sprachen\/\">Sprachenlernen<\/a>, beginnend mit den Grundlagen wie Substantiven und Artikeln bis hin zu komplexeren Bereichen wie <a href=\"https:\/\/talkpal.ai\/zh-hans\/grammar_exercises\/zeitformen-%e5%be%b7%e5%9b%bd%e8%af%ad%e6%b3%95%e7%bb%83%e4%b9%a0\/\">Zeitformen<\/a> und Satzbau.<\/p>\n\n\n\n<h3 class=\"wp-block-heading\" id=\"h-1-nouns\">1. Substantive:<\/h3>\n\n\n\n<p>Beginnen Sie Ihre walisische Sprachreise, indem Sie die Substantive lernen. Dazu geh\u00f6rt auch das Verst\u00e4ndnis der verschiedenen Kategorien von Substantiven, wie z.B. Gemein- und Eigennamen sowie deren Pluralformen.<\/p>\n\n\n\n<h3 class=\"wp-block-heading\" id=\"h-2-articles\">2. Artikel:<\/h3>\n\n\n\n<p>Artikel in walisischer Sprache werden anders verwendet als in englischer Sprache. Zu verstehen, wie man <a href=\"https:\/\/talkpal.ai\/de\/grammar\/bestimmte-und-unbestimmte-artikel-in-der-arabischen-grammatik\/\">bestimmte und unbestimmte Artikel<\/a> richtig verwendet, ist entscheidend f\u00fcr den Satzbau.<\/p>\n\n\n\n<h3 class=\"wp-block-heading\" id=\"h-3-adjectives\">3. Adjektive:<\/h3>\n\n\n\n<p>Adjektive folgen im Walisischen auf ihre Substantive, was sich vom Englischen unterscheidet. Sie m\u00fcssen auch etwas \u00fcber ihre Mutationen lernen und lernen, wie man Vergleiche und Superlative bildet.<\/p>\n\n\n\n<h3 class=\"wp-block-heading\" id=\"h-4-pronouns-determiners\">4. Pronomen\/Determinanten:<\/h3>\n\n\n\n<p>Pronomen und Determinanten sind im Walisischen unerl\u00e4sslich; Sie ersetzen Substantive und liefern Informationen \u00fcber Menge, Besitz und mehr. Ihre korrekte Verwendung ist f\u00fcr eine effektive Kommunikation notwendig.<\/p>\n\n\n\n<h3 class=\"wp-block-heading\" id=\"h-5-verbs\">5. Verben:<\/h3>\n\n\n\n<p>Walisische Verben haben je nach Zeitform, Stimmung und Stimme unterschiedliche Formen. Beginnen Sie mit der Gegenwart und erkunden Sie nach und nach die Vergangenheits- und Zukunftsformen.<\/p>\n\n\n\n<h3 class=\"wp-block-heading\" id=\"h-6-tenses\">6. Zeitformen:<\/h3>\n\n\n\n<p>Nachdem Sie die Verbformen gemeistert haben, tauchen Sie tiefer in die walisischen Zeitformen ein. Dazu geh\u00f6rt auch, die Unterschiede zwischen Gegenwart, Vergangenheit und Zukunft zu verstehen und zu verstehen, wie sie in verschiedenen Kontexten verwendet werden.<\/p>\n\n\n\n<h3 class=\"wp-block-heading\" id=\"h-7-tense-comparison\">7. Spannender Vergleich:<\/h3>\n\n\n\n<p>Der Vergleich der Zeitformen im Walisischen hilft, die Abfolge der Ereignisse zu verstehen. Das Vergleichen desselben Verbs in verschiedenen Zeitformen wird zu einem besseren Verst\u00e4ndnis der walisischen Sprache f\u00fchren.<\/p>\n\n\n\n<h3 class=\"wp-block-heading\" id=\"h-8-progressive\">8. Progressiv:<\/h3>\n\n\n\n<p>Die progressive Zeitform wird im Walisischen verwendet, um laufende Handlungen auszudr\u00fccken. Es wird gebildet, indem das Verb &#8218;to be&#8216; gefolgt von &#8218;yn&#8216; und dem Verb-Nomen verwendet wird.<\/p>\n\n\n\n<h3 class=\"wp-block-heading\" id=\"h-9-perfect-progressive\">9. Perfekt progressiv:<\/h3>\n\n\n\n<p>Diese Zeitform wird verwendet, um Handlungen auszudr\u00fccken, die bis zu einem bestimmten Zeitpunkt ausgef\u00fchrt wurden. Im Walisischen wird es mit dem Verb &#8218;to be&#8216;, dem Partizip der Vergangenheit und dem Verb-Nomen gebildet.<\/p>\n\n\n\n<h3 class=\"wp-block-heading\" id=\"h-10-conditionals\">10. Bedingungen:<\/h3>\n\n\n\n<p>Konditionale dr\u00fccken hypothetische Situationen und ihre m\u00f6glichen Ergebnisse aus. Sie sind ein wichtiger Bestandteil der walisischen Grammatik und werden Ihre Sprachkenntnisse komplexer machen.<\/p>\n\n\n\n<h3 class=\"wp-block-heading\" id=\"h-11-adverbs\">11. Adverbien:<\/h3>\n\n\n\n<p>Adverbien im Walisischen modifizieren Verben, Adjektive oder andere Adverbien. Sie geben Auskunft \u00fcber Art, Ort, Zeit, Grad und mehr.<\/p>\n\n\n\n<h3 class=\"wp-block-heading\" id=\"h-12-prepositions\">12. Pr\u00e4positionen:<\/h3>\n\n\n\n<p>Pr\u00e4positionen verbinden W\u00f6rter und Phrasen miteinander. Sie dr\u00fccken Beziehungen zu Zeit, Ort, Richtung und mehr aus.<\/p>\n\n\n\n<h3 class=\"wp-block-heading\" id=\"h-13-sentences\">13. S\u00e4tze:<\/h3>\n\n\n\n<p>Zum Schluss \u00fcbst du, S\u00e4tze zu bilden. Dabei werden alle zuvor erlernten Grammatikpunkte im Kontext verwendet, um ein umfassendes Verst\u00e4ndnis der walisischen Sprache zu gew\u00e4hrleisten.<\/p>\n<\/div><\/div>\n\r\n<section class=\"learnNavigationSection\">\r\n            \r\n        <a href=\"https:\/\/talkpal.ai\/de\/walisisch-lernen\/\">\r\n            <div class=\"learnNavigationWrapper\">\r\n                <div class=\"learnNavigationContent\">\r\n                    <img decoding=\"async\" src=\"https:\/\/talkpal.ai\/wp-content\/uploads\/2024\/08\/Welsh.jpg\" alt=\"Welsh Flag\">\r\n                    <div>\r\n                        <h4>\u00dcber Walisisch lernen<\/h4>\r\n                        <p>Erfahren Sie alles \u00fcber die walisische Grammatik.<\/p>\r\n                    <\/div>\r\n                <\/div>\r\n            <\/div>\r\n        <\/a>\r\n\r\n        \r\n        <a href=\"https:\/\/talkpal.ai\/de\/walisische-grammatik\/\">\r\n            <div class=\"learnNavigationWrapper\">\r\n                <div class=\"learnNavigationContent\">\r\n                    <img decoding=\"async\" src=\"https:\/\/talkpal.ai\/wp-content\/uploads\/2024\/08\/Welsh.jpg\" alt=\"Welsh Flag\">\r\n                    <div>\r\n                        <h4>Walisisch Grammatikunterricht<\/h4>\r\n                        <p>\u00dcbe die walisische Grammatik .<\/p>\r\n                    <\/div>\r\n                <\/div>\r\n            <\/div>\r\n        <\/a>\r\n\r\n        \r\n        <a href=\"https:\/\/talkpal.ai\/vocabulary_language\/welsh\/\">\r\n            <div class=\"learnNavigationWrapper\">\r\n                <div class=\"learnNavigationContent\">\r\n                    <img decoding=\"async\" src=\"https:\/\/talkpal.ai\/wp-content\/uploads\/2024\/08\/Welsh.jpg\" alt=\"Welsh Flag\">\r\n                    <div>\r\n                        <h4>Walisisch Vokabeln<\/h4>\r\n                        <p>Erweitern Sie Ihren walisischen Wortschatz.<\/p>\r\n                    <\/div>\r\n                <\/div>\r\n            <\/div>\r\n        <\/a>\r\n\r\n            <\/section>","protected":false},"excerpt":{"rendered":"<p>Walisische Grammatikthemen Das Erlernen einer neuen Sprache kann ein herausforderndes, aber lohnendes Unterfangen sein. Walisisch, eine keltische Sprache, die haupts\u00e4chlich in Wales gesprochen wird, ist da keine Ausnahme. Mit seinen einzigartigen Merkmalen und Strukturen erfordert das Erlernen von Walisisch einen systematischen Ansatz, um die komplexe Grammatik zu verstehen. Dieser Leitfaden umrei\u00dft die wichtigsten Bereiche der [&hellip;]<\/p>\n","protected":false},"author":6,"featured_media":28797,"parent":0,"menu_order":0,"comment_status":"closed","ping_status":"closed","template":"LearningContentPage.php","meta":{"_acf_changed":false,"footnotes":""},"class_list":["post-73163","page","type-page","status-publish","has-post-thumbnail","hentry"],"acf":[],"yoast_head":"<!-- This site is optimized with the Yoast SEO Premium plugin v27.2 (Yoast SEO v27.2) - https:\/\/yoast.com\/product\/yoast-seo-premium-wordpress\/ -->\n<title>Walisische Grammatik\u00fcbungen - Talkpal<\/title>\n<meta name=\"description\" content=\"Beherrschen Sie die Grundlagen mit walisischen Grammatik\u00fcbungen, um Ihre Sprachkenntnisse systematisch und effektiv zu verbessern.\" \/>\n<meta name=\"robots\" content=\"index, follow, max-snippet:-1, max-image-preview:large, max-video-preview:-1\" \/>\n<link rel=\"canonical\" href=\"https:\/\/talkpal.ai\/de\/walisische-grammatikuebungen\/\" \/>\n<meta property=\"og:locale\" content=\"de_DE\" \/>\n<meta property=\"og:type\" content=\"article\" \/>\n<meta property=\"og:title\" content=\"Walisische Grammatik\u00fcbungen\" \/>\n<meta property=\"og:description\" content=\"Walisische Grammatikthemen Das Erlernen einer neuen Sprache kann ein herausforderndes, aber lohnendes Unterfangen sein. Walisisch, eine keltische Sprache,\" \/>\n<meta property=\"og:url\" content=\"https:\/\/talkpal.ai\/de\/walisische-grammatikuebungen\/\" \/>\n<meta property=\"og:site_name\" content=\"Talkpal\" \/>\n<meta property=\"article:publisher\" content=\"https:\/\/www.facebook.com\/profile.php?id=100090733639311\" \/>\n<meta property=\"article:modified_time\" content=\"2025-12-17T14:41:11+00:00\" \/>\n<meta property=\"og:image\" content=\"https:\/\/talkpal.ai\/wp-content\/uploads\/2023\/05\/Wales.png\" \/>\n\t<meta property=\"og:image:width\" content=\"512\" \/>\n\t<meta property=\"og:image:height\" content=\"512\" \/>\n\t<meta property=\"og:image:type\" content=\"image\/png\" \/>\n<meta name=\"twitter:card\" content=\"summary_large_image\" \/>\n<meta name=\"twitter:site\" content=\"@talkpalai\" \/>\n<meta name=\"twitter:label1\" content=\"Gesch\u00e4tzte Lesezeit\" \/>\n\t<meta name=\"twitter:data1\" content=\"2\u00a0Minuten\" \/>\n<script type=\"application\/ld+json\" class=\"yoast-schema-graph\">{\"@context\":\"https:\/\/schema.org\",\"@graph\":[{\"@type\":\"WebPage\",\"@id\":\"https:\/\/talkpal.ai\/de\/walisische-grammatikuebungen\/\",\"url\":\"https:\/\/talkpal.ai\/de\/walisische-grammatikuebungen\/\",\"name\":\"Walisische Grammatik\u00fcbungen - Talkpal\",\"isPartOf\":{\"@id\":\"https:\/\/talkpal.ai\/de\/#website\"},\"primaryImageOfPage\":{\"@id\":\"https:\/\/talkpal.ai\/de\/walisische-grammatikuebungen\/#primaryimage\"},\"image\":{\"@id\":\"https:\/\/talkpal.ai\/de\/walisische-grammatikuebungen\/#primaryimage\"},\"thumbnailUrl\":\"https:\/\/talkpal.ai\/wp-content\/uploads\/2023\/05\/Wales.png\",\"datePublished\":\"2023-07-05T11:13:09+00:00\",\"dateModified\":\"2025-12-17T14:41:11+00:00\",\"description\":\"Beherrschen Sie die Grundlagen mit walisischen Grammatik\u00fcbungen, um Ihre Sprachkenntnisse systematisch und effektiv zu verbessern.\",\"breadcrumb\":{\"@id\":\"https:\/\/talkpal.ai\/de\/walisische-grammatikuebungen\/#breadcrumb\"},\"inLanguage\":\"de\",\"potentialAction\":[{\"@type\":\"ReadAction\",\"target\":[\"https:\/\/talkpal.ai\/de\/walisische-grammatikuebungen\/\"]}]},{\"@type\":\"ImageObject\",\"inLanguage\":\"de\",\"@id\":\"https:\/\/talkpal.ai\/de\/walisische-grammatikuebungen\/#primaryimage\",\"url\":\"https:\/\/talkpal.ai\/wp-content\/uploads\/2023\/05\/Wales.png\",\"contentUrl\":\"https:\/\/talkpal.ai\/wp-content\/uploads\/2023\/05\/Wales.png\",\"width\":512,\"height\":512},{\"@type\":\"BreadcrumbList\",\"@id\":\"https:\/\/talkpal.ai\/de\/walisische-grammatikuebungen\/#breadcrumb\",\"itemListElement\":[{\"@type\":\"ListItem\",\"position\":1,\"name\":\"Homepage\",\"item\":\"https:\/\/talkpal.ai\/de\/\"},{\"@type\":\"ListItem\",\"position\":2,\"name\":\"Walisische Grammatik\u00fcbungen\"}]},{\"@type\":\"WebSite\",\"@id\":\"https:\/\/talkpal.ai\/de\/#website\",\"url\":\"https:\/\/talkpal.ai\/de\/\",\"name\":\"Talkpal\",\"description\":\"AI Language Learning\",\"publisher\":{\"@id\":\"https:\/\/talkpal.ai\/de\/#organization\"},\"alternateName\":\"Talkpal AI\",\"potentialAction\":[{\"@type\":\"SearchAction\",\"target\":{\"@type\":\"EntryPoint\",\"urlTemplate\":\"https:\/\/talkpal.ai\/de\/?s={search_term_string}\"},\"query-input\":{\"@type\":\"PropertyValueSpecification\",\"valueRequired\":true,\"valueName\":\"search_term_string\"}}],\"inLanguage\":\"de\"},{\"@type\":\"Organization\",\"@id\":\"https:\/\/talkpal.ai\/de\/#organization\",\"name\":\"Talkpal, Inc.\",\"alternateName\":\"Talkpal AI\",\"url\":\"https:\/\/talkpal.ai\/de\/\",\"logo\":{\"@type\":\"ImageObject\",\"inLanguage\":\"de\",\"@id\":\"https:\/\/talkpal.ai\/de\/#\/schema\/logo\/image\/\",\"url\":\"https:\/\/talkpal.ai\/wp-content\/uploads\/2024\/03\/Talkpal-Logo-Icon.png\",\"contentUrl\":\"https:\/\/talkpal.ai\/wp-content\/uploads\/2024\/03\/Talkpal-Logo-Icon.png\",\"width\":2880,\"height\":2880,\"caption\":\"Talkpal, Inc.\"},\"image\":{\"@id\":\"https:\/\/talkpal.ai\/de\/#\/schema\/logo\/image\/\"},\"sameAs\":[\"https:\/\/www.facebook.com\/profile.php?id=100090733639311\",\"https:\/\/x.com\/talkpalai\",\"https:\/\/www.linkedin.com\/company\/talkpal\/\",\"https:\/\/www.youtube.com\/@TalkPal\/\",\"https:\/\/www.tiktok.com\/@talkpal\",\"https:\/\/www.instagram.com\/talkpal_ai\/\",\"https:\/\/www.crunchbase.com\/organization\/talkpal-9cde\",\"https:\/\/www.g2.com\/products\/talkpal-for-business\/\",\"https:\/\/www.trustpilot.com\/review\/talkpal.ai\",\"https:\/\/www.capterra.com\/p\/10006800\/TalkPal\/\"],\"description\":\"Talkpal is a language learning web and mobile education app, powered by the latest AI technologies, that provides engaging experiences to its customers in many different languages to help them improve their language skills. Users can chat about unlimited amount of topics with the app and use other modes to practice their language learning.\",\"email\":\"support@talkpal.ai\",\"legalName\":\"Talkpal, Inc.\",\"foundingDate\":\"2023-04-03\",\"duns\":\"118989042\",\"numberOfEmployees\":{\"@type\":\"QuantitativeValue\",\"minValue\":\"11\",\"maxValue\":\"50\"},\"publishingPrinciples\":\"https:\/\/talkpal.ai\/publishing-principles\/\",\"actionableFeedbackPolicy\":\"https:\/\/talkpal.ai\/actionable-feedback-policy\/\",\"correctionsPolicy\":\"https:\/\/talkpal.ai\/corrections-policy\/\",\"ethicsPolicy\":\"https:\/\/talkpal.ai\/ethics-policy\/\",\"diversityPolicy\":\"https:\/\/talkpal.ai\/diversity-policy\/\",\"diversityStaffingReport\":\"https:\/\/talkpal.ai\/diversity-policy\/\"}]}<\/script>\n<!-- \/ Yoast SEO Premium plugin. -->","yoast_head_json":{"title":"Walisische Grammatik\u00fcbungen - Talkpal","description":"Beherrschen Sie die Grundlagen mit walisischen Grammatik\u00fcbungen, um Ihre Sprachkenntnisse systematisch und effektiv zu verbessern.","robots":{"index":"index","follow":"follow","max-snippet":"max-snippet:-1","max-image-preview":"max-image-preview:large","max-video-preview":"max-video-preview:-1"},"canonical":"https:\/\/talkpal.ai\/de\/walisische-grammatikuebungen\/","og_locale":"de_DE","og_type":"article","og_title":"Walisische Grammatik\u00fcbungen","og_description":"Walisische Grammatikthemen Das Erlernen einer neuen Sprache kann ein herausforderndes, aber lohnendes Unterfangen sein. Walisisch, eine keltische Sprache,","og_url":"https:\/\/talkpal.ai\/de\/walisische-grammatikuebungen\/","og_site_name":"Talkpal","article_publisher":"https:\/\/www.facebook.com\/profile.php?id=100090733639311","article_modified_time":"2025-12-17T14:41:11+00:00","og_image":[{"width":512,"height":512,"url":"https:\/\/talkpal.ai\/wp-content\/uploads\/2023\/05\/Wales.png","type":"image\/png"}],"twitter_card":"summary_large_image","twitter_site":"@talkpalai","twitter_misc":{"Gesch\u00e4tzte Lesezeit":"2\u00a0Minuten"},"schema":{"@context":"https:\/\/schema.org","@graph":[{"@type":"WebPage","@id":"https:\/\/talkpal.ai\/de\/walisische-grammatikuebungen\/","url":"https:\/\/talkpal.ai\/de\/walisische-grammatikuebungen\/","name":"Walisische Grammatik\u00fcbungen - Talkpal","isPartOf":{"@id":"https:\/\/talkpal.ai\/de\/#website"},"primaryImageOfPage":{"@id":"https:\/\/talkpal.ai\/de\/walisische-grammatikuebungen\/#primaryimage"},"image":{"@id":"https:\/\/talkpal.ai\/de\/walisische-grammatikuebungen\/#primaryimage"},"thumbnailUrl":"https:\/\/talkpal.ai\/wp-content\/uploads\/2023\/05\/Wales.png","datePublished":"2023-07-05T11:13:09+00:00","dateModified":"2025-12-17T14:41:11+00:00","description":"Beherrschen Sie die Grundlagen mit walisischen Grammatik\u00fcbungen, um Ihre Sprachkenntnisse systematisch und effektiv zu verbessern.","breadcrumb":{"@id":"https:\/\/talkpal.ai\/de\/walisische-grammatikuebungen\/#breadcrumb"},"inLanguage":"de","potentialAction":[{"@type":"ReadAction","target":["https:\/\/talkpal.ai\/de\/walisische-grammatikuebungen\/"]}]},{"@type":"ImageObject","inLanguage":"de","@id":"https:\/\/talkpal.ai\/de\/walisische-grammatikuebungen\/#primaryimage","url":"https:\/\/talkpal.ai\/wp-content\/uploads\/2023\/05\/Wales.png","contentUrl":"https:\/\/talkpal.ai\/wp-content\/uploads\/2023\/05\/Wales.png","width":512,"height":512},{"@type":"BreadcrumbList","@id":"https:\/\/talkpal.ai\/de\/walisische-grammatikuebungen\/#breadcrumb","itemListElement":[{"@type":"ListItem","position":1,"name":"Homepage","item":"https:\/\/talkpal.ai\/de\/"},{"@type":"ListItem","position":2,"name":"Walisische Grammatik\u00fcbungen"}]},{"@type":"WebSite","@id":"https:\/\/talkpal.ai\/de\/#website","url":"https:\/\/talkpal.ai\/de\/","name":"Talkpal","description":"AI Language Learning","publisher":{"@id":"https:\/\/talkpal.ai\/de\/#organization"},"alternateName":"Talkpal AI","potentialAction":[{"@type":"SearchAction","target":{"@type":"EntryPoint","urlTemplate":"https:\/\/talkpal.ai\/de\/?s={search_term_string}"},"query-input":{"@type":"PropertyValueSpecification","valueRequired":true,"valueName":"search_term_string"}}],"inLanguage":"de"},{"@type":"Organization","@id":"https:\/\/talkpal.ai\/de\/#organization","name":"Talkpal, Inc.","alternateName":"Talkpal AI","url":"https:\/\/talkpal.ai\/de\/","logo":{"@type":"ImageObject","inLanguage":"de","@id":"https:\/\/talkpal.ai\/de\/#\/schema\/logo\/image\/","url":"https:\/\/talkpal.ai\/wp-content\/uploads\/2024\/03\/Talkpal-Logo-Icon.png","contentUrl":"https:\/\/talkpal.ai\/wp-content\/uploads\/2024\/03\/Talkpal-Logo-Icon.png","width":2880,"height":2880,"caption":"Talkpal, Inc."},"image":{"@id":"https:\/\/talkpal.ai\/de\/#\/schema\/logo\/image\/"},"sameAs":["https:\/\/www.facebook.com\/profile.php?id=100090733639311","https:\/\/x.com\/talkpalai","https:\/\/www.linkedin.com\/company\/talkpal\/","https:\/\/www.youtube.com\/@TalkPal\/","https:\/\/www.tiktok.com\/@talkpal","https:\/\/www.instagram.com\/talkpal_ai\/","https:\/\/www.crunchbase.com\/organization\/talkpal-9cde","https:\/\/www.g2.com\/products\/talkpal-for-business\/","https:\/\/www.trustpilot.com\/review\/talkpal.ai","https:\/\/www.capterra.com\/p\/10006800\/TalkPal\/"],"description":"Talkpal is a language learning web and mobile education app, powered by the latest AI technologies, that provides engaging experiences to its customers in many different languages to help them improve their language skills. Users can chat about unlimited amount of topics with the app and use other modes to practice their language learning.","email":"support@talkpal.ai","legalName":"Talkpal, Inc.","foundingDate":"2023-04-03","duns":"118989042","numberOfEmployees":{"@type":"QuantitativeValue","minValue":"11","maxValue":"50"},"publishingPrinciples":"https:\/\/talkpal.ai\/publishing-principles\/","actionableFeedbackPolicy":"https:\/\/talkpal.ai\/actionable-feedback-policy\/","correctionsPolicy":"https:\/\/talkpal.ai\/corrections-policy\/","ethicsPolicy":"https:\/\/talkpal.ai\/ethics-policy\/","diversityPolicy":"https:\/\/talkpal.ai\/diversity-policy\/","diversityStaffingReport":"https:\/\/talkpal.ai\/diversity-policy\/"}]}},"_links":{"self":[{"href":"https:\/\/talkpal.ai\/de\/wp-json\/wp\/v2\/pages\/73163","targetHints":{"allow":["GET"]}}],"collection":[{"href":"https:\/\/talkpal.ai\/de\/wp-json\/wp\/v2\/pages"}],"about":[{"href":"https:\/\/talkpal.ai\/de\/wp-json\/wp\/v2\/types\/page"}],"author":[{"embeddable":true,"href":"https:\/\/talkpal.ai\/de\/wp-json\/wp\/v2\/users\/6"}],"replies":[{"embeddable":true,"href":"https:\/\/talkpal.ai\/de\/wp-json\/wp\/v2\/comments?post=73163"}],"version-history":[{"count":0,"href":"https:\/\/talkpal.ai\/de\/wp-json\/wp\/v2\/pages\/73163\/revisions"}],"wp:featuredmedia":[{"embeddable":true,"href":"https:\/\/talkpal.ai\/de\/wp-json\/wp\/v2\/media\/28797"}],"wp:attachment":[{"href":"https:\/\/talkpal.ai\/de\/wp-json\/wp\/v2\/media?parent=73163"}],"curies":[{"name":"wp","href":"https:\/\/api.w.org\/{rel}","templated":true}]}}