{"id":73143,"date":"2023-07-05T10:17:13","date_gmt":"2023-07-05T10:17:13","guid":{"rendered":"http:\/\/talkpal.ai\/tamilische-grammatikuebungen\/"},"modified":"2025-12-17T15:02:36","modified_gmt":"2025-12-17T15:02:36","slug":"tamilische-grammatikuebungen","status":"publish","type":"page","link":"https:\/\/talkpal.ai\/de\/tamilische-grammatikuebungen\/","title":{"rendered":"Tamilische Grammatik\u00fcbungen"},"content":{"rendered":"\r\n\r\n\r\n<section class=\"languageChallengeSection\">\r\n    <div class=\"languageInfoWrapper\">\r\n        \r\n        <h1>Tamilische Grammatik\u00fcbungen<\/h1>\r\n        <p>Wenn Sie <a href=\"https:\/\/talkpal.ai\/learn-tamil\/\">Tamil<\/a> beherrschen wollen, ist das \u00dcben der <a href=\"https:\/\/talkpal.ai\/fr\/les\/\">Grammatik<\/a> durch gezielte \u00dcbungen ein wichtiger Schritt auf Ihrem Weg. Beginnen Sie noch heute, fordern Sie sich mit neuen Grammatikmustern heraus und beobachten Sie, wie Ihre Tamilkenntnisse mit jeder \u00dcbung wachsen!<\/p>\r\n\r\n                            <a class=\"getStartedHidden\" href=\"https:\/\/app.talkpal.ai\/de\/signup?lng=\">Leg los<\/a>\r\n        \r\n    <\/div>\r\n\r\n    <figure>\r\n    <img decoding=\"async\" width=\"768\" height=\"768\" src=\"https:\/\/talkpal.ai\/wp-content\/uploads\/2023\/06\/tamil-768x768.png\" class=\"languageImage no-lazy\" alt=\"Default alt text\" fetchpriority=\"high\" sizes=\"(max-width: 768px) 150px, 768px\" srcset=\"https:\/\/talkpal.ai\/wp-content\/uploads\/2023\/06\/tamil-768x768.png 768w, https:\/\/talkpal.ai\/wp-content\/uploads\/2023\/06\/tamil-300x300.png 300w\" \/>\r\n    \r\n\r\n    <\/figure>\r\n\r\n            <a class=\"getStartedVisible\" href=\"https:\/\/app.talkpal.ai\/de\/signup?lng=\">Leg los<\/a>\r\n    \r\n<\/section>\r\n\r\n\r\n<!-- <section class=\"grammarSection\">\r\n    <div class=\"grammarLinks\">\r\n        <a href=\"https:\/\/talkpal.ai\/de\/exercise_language\/adjektive-tamilische-grammatik\/\">Adjektive <\/a><a href=\"https:\/\/talkpal.ai\/de\/exercise_language\/adverbien-tamilische-grammatik\/\">Adverbien <\/a><a href=\"https:\/\/talkpal.ai\/de\/exercise_language\/artikel-tamilische-grammatik\/\">Artikel <\/a><a href=\"https:\/\/talkpal.ai\/de\/exercise_language\/konditionale-tamilische-grammatik\/\">Konditionale <\/a><a href=\"https:\/\/talkpal.ai\/de\/exercise_language\/perfekt-progressiv-tamilische-grammatik\/\">Perfekt Progressiv <\/a><a href=\"https:\/\/talkpal.ai\/de\/exercise_language\/prapositionen-tamilische-grammatik\/\">Pr\u00e4positionen <\/a><a href=\"https:\/\/talkpal.ai\/de\/exercise_language\/progressiv-tamilische-grammatik\/\">Progressiv <\/a><a href=\"https:\/\/talkpal.ai\/de\/exercise_language\/pronomen-determinanten-tamilische-grammatik\/\">Pronomen\/Determinanten <\/a><a href=\"https:\/\/talkpal.ai\/de\/exercise_language\/satze-tamilische-grammatik\/\">S\u00e4tze <\/a><a href=\"https:\/\/talkpal.ai\/de\/exercise_language\/substantive-tamilische-grammatik\/\">Substantive <\/a><a href=\"https:\/\/talkpal.ai\/de\/exercise_language\/verben-tamilische-grammatik\/\">Verben <\/a><a href=\"https:\/\/talkpal.ai\/de\/exercise_language\/zeitformen-tamilische-grammatik\/\">Zeitformen <\/a><a href=\"https:\/\/talkpal.ai\/de\/exercise_language\/zeitvergleich-tamilische-grammatik\/\">Zeitvergleich <\/a>    <\/div>\r\n<\/section> -->\r\n\r\n\r\n\r\n\r\n        <section class=\"grammarSection\">\r\n            <div class=\"grammarLinks\">\r\n                <a href=\"https:\/\/talkpal.ai\/de\/exercise_language\/adjektive-tamilische-grammatik\/\">Adjektive <\/a><a href=\"https:\/\/talkpal.ai\/de\/exercise_language\/adverbien-tamilische-grammatik\/\">Adverbien <\/a><a href=\"https:\/\/talkpal.ai\/de\/exercise_language\/artikel-tamilische-grammatik\/\">Artikel <\/a><a href=\"https:\/\/talkpal.ai\/de\/exercise_language\/konditionale-tamilische-grammatik\/\">Konditionale <\/a><a href=\"https:\/\/talkpal.ai\/de\/exercise_language\/perfekt-progressiv-tamilische-grammatik\/\">Perfekt Progressiv <\/a><a href=\"https:\/\/talkpal.ai\/de\/exercise_language\/prapositionen-tamilische-grammatik\/\">Pr\u00e4positionen <\/a><a href=\"https:\/\/talkpal.ai\/de\/exercise_language\/progressiv-tamilische-grammatik\/\">Progressiv <\/a><a href=\"https:\/\/talkpal.ai\/de\/exercise_language\/pronomen-determinanten-tamilische-grammatik\/\">Pronomen\/Determinanten <\/a><a href=\"https:\/\/talkpal.ai\/de\/exercise_language\/satze-tamilische-grammatik\/\">S\u00e4tze <\/a><a href=\"https:\/\/talkpal.ai\/de\/exercise_language\/substantive-tamilische-grammatik\/\">Substantive <\/a><a href=\"https:\/\/talkpal.ai\/de\/exercise_language\/verben-tamilische-grammatik\/\">Verben <\/a><a href=\"https:\/\/talkpal.ai\/de\/exercise_language\/zeitformen-tamilische-grammatik\/\">Zeitformen <\/a><a href=\"https:\/\/talkpal.ai\/de\/exercise_language\/zeitvergleich-tamilische-grammatik\/\">Zeitvergleich <\/a>            <\/div>\r\n        <\/section>\r\n<section class=\"promotionalBanner\">\r\n    <p class=\"promotionalText\">Der effizienteste Weg, eine Sprache zu lernen<\/p>\r\n    <a class=\"promotionalLink\" href=\"https:\/\/app.talkpal.ai\/de\/signup?lng=\">Talkpal kostenlos<\/a>\r\n<\/section>\n<div class=\"wp-block-group pageContainerStyle\"><div class=\"wp-block-group__inner-container is-layout-constrained wp-block-group-is-layout-constrained\">\n<h2 class=\"wp-block-heading\" id=\"h-tamil-grammar-topics\">Tamilische Grammatik<\/h2>\n\n\n\n<p>Tamil ist eine lebendige und reichhaltige Sprache, die vor allem in S\u00fcdindien und Sri Lanka gesprochen wird. Es ist bekannt f\u00fcr seine einzigartige Schrift und sein komplexes Grammatiksystem. Tamil zu lernen kann eine faszinierende Erfahrung sein, aber es erfordert einen strukturierten Ansatz, um die Grammatik zu verstehen. Dazu geh\u00f6rt das Verst\u00e4ndnis der <a href=\"https:\/\/talkpal.ai\/zh-hans\/grammar_exercises\/zeitformen-%e5%be%b7%e5%9b%bd%e8%af%ad%e6%b3%95%e7%bb%83%e4%b9%a0\/\">Zeitformen<\/a>, Verben, Substantive, Artikel, Pronomen\/Determinanten, Adjektive, <a href=\"https:\/\/talkpal.ai\/ar\/grammar_exercises\/adverbien-%d8%aa%d9%85%d8%a7%d8%b1%d9%8a%d9%86-%d9%84%d9%84%d9%82%d9%88%d8%a7%d8%b9%d8%af-%d8%a7%d9%84%d8%a3%d9%84%d9%85%d8%a7%d9%86%d9%8a%d8%a9\/\">Adverbien<\/a>, Konditionale, <a href=\"https:\/\/talkpal.ai\/ar\/grammar_exercises\/prapositionen-%d8%aa%d9%85%d8%a7%d8%b1%d9%8a%d9%86-%d9%84%d9%84%d9%82%d9%88%d8%a7%d8%b9%d8%af-%d8%a7%d9%84%d8%a3%d9%84%d9%85%d8%a7%d9%86%d9%8a%d8%a9\/\">Pr\u00e4positionen<\/a> und Satzstrukturen.<\/p>\n\n\n\n<h3 class=\"wp-block-heading\" id=\"h-1-nouns\">1. Substantive:<\/h3>\n\n\n\n<p>Beginnen Sie Ihr Tamil-Lernen mit Substantiven, da sie die Bausteine jeder Sprache sind. Im Tamilischen werden Substantive in zwei Kategorien eingeteilt: uyirmei (lebend) und mei (nicht lebend). Sie haben auch unterschiedliche Deklinationen, die auf Nummer und Gro\u00df- und Kleinschreibung basieren.<\/p>\n\n\n\n<h3 class=\"wp-block-heading\" id=\"h-2-pronouns-determiners\">2. Pronomen\/Bestimmungsw\u00f6rter:<\/h3>\n\n\n\n<p>Nachdem Sie Substantive gemeistert haben, gehen Sie zu Pronomen und Determinanten \u00fcber. Sie werden verwendet, um sich auf jemanden oder etwas zu beziehen, das bereits erw\u00e4hnt oder leicht identifiziert werden kann. Im Tamil sind Pronomen geschlechtsneutral und flektieren f\u00fcr Zahl und Gro\u00df- und Kleinschreibung.<\/p>\n\n\n\n<h3 class=\"wp-block-heading\" id=\"h-3-verbs\">3. Verben:<\/h3>\n\n\n\n<p>Verben auf Tamil werden in zwei Kategorien unterteilt: transitive und intransitive Verben. Es ist wichtig zu verstehen, wie sie funktionieren, da sie die Handlung in einem Satz bezeichnen.<\/p>\n\n\n\n<h3 class=\"wp-block-heading\" id=\"h-4-tenses\">4. Zeitformen:<\/h3>\n\n\n\n<p>Tamil hat drei Grundformen: Vergangenheit, Gegenwart und Zukunft. Jede Zeitform hat unterschiedliche Formen f\u00fcr Singular und Plural sowie f\u00fcr verschiedene Personen. Das Verst\u00e4ndnis dieser \u00c4nderungen ist wichtig f\u00fcr die korrekte Satzbildung.<\/p>\n\n\n\n<h3 class=\"wp-block-heading\" id=\"h-5-tense-comparison\">5. Spannungsvergleich:<\/h3>\n\n\n\n<p>Sobald du die Grundformen verstanden hast, kannst du zum Vergleich der Zeitformen \u00fcbergehen. Dies erfordert den Vergleich verschiedener Handlungen in verschiedenen Zeitformen, was f\u00fcr den fortgeschrittenen Sprachgebrauch entscheidend ist.<\/p>\n\n\n\n<h3 class=\"wp-block-heading\" id=\"h-6-adjectives\">6. Adjektive:<\/h3>\n\n\n\n<p>Adjektive beschreiben oder modifizieren im Tamilischen, wie im Englischen, Substantive. Sie stimmen mit dem Substantiv, das sie modifizieren, in Gro\u00df- und Kleinschreibung, Zahl und Geschlecht \u00fcberein.<\/p>\n\n\n\n<h3 class=\"wp-block-heading\" id=\"h-7-articles\">7. Artikel:<\/h3>\n\n\n\n<p>Im Tamilischen gibt es keine bestimmten oder <a href=\"https:\/\/talkpal.ai\/de\/grammar_exercises\/ubungen-zum-unbestimmten-artikel-fur-die-vietnamesische-grammatik\/\">unbestimmten Artikel<\/a> wie &#8218;a&#8216;, &#8218;an&#8216; oder &#8218;die&#8216;. F\u00fcr die Satzbildung ist es jedoch wichtig zu verstehen, wie man sie ersetzt.<\/p>\n\n\n\n<h3 class=\"wp-block-heading\" id=\"h-8-adverbs\">8. Adverbien:<\/h3>\n\n\n\n<p>Adverbien modifizieren Verben, Adjektive oder andere Adverbien. Sie k\u00f6nnen eine Art und Weise, einen Ort, eine Zeit, eine H\u00e4ufigkeit, einen Grad und mehr ausdr\u00fccken.<\/p>\n\n\n\n<h3 class=\"wp-block-heading\" id=\"h-9-prepositions\">9. Pr\u00e4positionen:<\/h3>\n\n\n\n<p>Pr\u00e4positionen werden verwendet, um Substantive, Pronomen oder Phrasen mit anderen W\u00f6rtern innerhalb eines Satzes zu verkn\u00fcpfen. Sie dr\u00fccken Beziehungen von Ort, Richtung, Zeit, Art, Ursache und Grad aus.<\/p>\n\n\n\n<h3 class=\"wp-block-heading\" id=\"h-10-conditionals\">10. Bedingungen:<\/h3>\n\n\n\n<p>Konditionale sind S\u00e4tze, die hypothetische Situationen und ihre Folgen ausdr\u00fccken. Im Tamil werden Konditionale durch bestimmte Verbformen und Konjunktionen gebildet.<\/p>\n\n\n\n<h3 class=\"wp-block-heading\" id=\"h-11-progressive-and-perfect-progressive\">11. Progressiv und perfekt progressiv:<\/h3>\n\n\n\n<p>Dabei handelt es sich um Aspekte von Zeitformen, die laufende Handlungen oder Handlungen, die im Gange waren, aber jetzt abgeschlossen sind, bezeichnen. Sie sind unerl\u00e4sslich, um die Dauer und Kontinuit\u00e4t von Ma\u00dfnahmen auszudr\u00fccken.<\/p>\n\n\n\n<h3 class=\"wp-block-heading\" id=\"h-12-sentences\">12. S\u00e4tze:<\/h3>\n\n\n\n<p>Zu guter Letzt ist es wichtig, die Struktur der S\u00e4tze auf Tamil zu verstehen. Tamilisch folgt der Wortstellung Subjekt-Objekt-Verb (SOV). Wenn du zusammengesetzte und komplexe S\u00e4tze verstehst, verbesserst du auch deine allgemeine Beherrschung der Sprache.<\/p>\n<\/div><\/div>\n\r\n<section class=\"learnNavigationSection\">\r\n            \r\n        <a href=\"https:\/\/talkpal.ai\/de\/tamilisch-lernen\/\">\r\n            <div class=\"learnNavigationWrapper\">\r\n                <div class=\"learnNavigationContent\">\r\n                    <img decoding=\"async\" src=\"https:\/\/talkpal.ai\/wp-content\/uploads\/2024\/08\/Tamil.jpg\" alt=\"Indian Simplified Flag\">\r\n                    <div>\r\n                        <h4>\u00dcber Tamilisch Lernen<\/h4>\r\n                        <p>Erfahren Sie alles \u00fcber die tamilische Grammatik.<\/p>\r\n                    <\/div>\r\n                <\/div>\r\n            <\/div>\r\n        <\/a>\r\n\r\n        \r\n        <a href=\"https:\/\/talkpal.ai\/de\/tamilische-grammatik\/\">\r\n            <div class=\"learnNavigationWrapper\">\r\n                <div class=\"learnNavigationContent\">\r\n                    <img decoding=\"async\" src=\"https:\/\/talkpal.ai\/wp-content\/uploads\/2024\/08\/Tamil.jpg\" alt=\"Indian Simplified Flag\">\r\n                    <div>\r\n                        <h4>Tamilische Grammatik Lektionen<\/h4>\r\n                        <p>\u00dcbe die tamilische Grammatik .<\/p>\r\n                    <\/div>\r\n                <\/div>\r\n            <\/div>\r\n        <\/a>\r\n\r\n        \r\n        <a href=\"https:\/\/talkpal.ai\/vocabulary_language\/tamil\/\">\r\n            <div class=\"learnNavigationWrapper\">\r\n                <div class=\"learnNavigationContent\">\r\n                    <img decoding=\"async\" src=\"https:\/\/talkpal.ai\/wp-content\/uploads\/2024\/08\/Tamil.jpg\" alt=\"Indian Simplified Flag\">\r\n                    <div>\r\n                        <h4>Tamilischer Wortschatz<\/h4>\r\n                        <p>Erweitern Sie Ihren tamilischen Wortschatz.<\/p>\r\n                    <\/div>\r\n                <\/div>\r\n            <\/div>\r\n        <\/a>\r\n\r\n            <\/section>","protected":false},"excerpt":{"rendered":"<p>Tamilische Grammatik Tamil ist eine lebendige und reichhaltige Sprache, die vor allem in S\u00fcdindien und Sri Lanka gesprochen wird. Es ist bekannt f\u00fcr seine einzigartige Schrift und sein komplexes Grammatiksystem. Tamil zu lernen kann eine faszinierende Erfahrung sein, aber es erfordert einen strukturierten Ansatz, um die Grammatik zu verstehen. Dazu geh\u00f6rt das Verst\u00e4ndnis der Zeitformen, [&hellip;]<\/p>\n","protected":false},"author":6,"featured_media":28717,"parent":0,"menu_order":0,"comment_status":"closed","ping_status":"closed","template":"LearningContentPage.php","meta":{"_acf_changed":false,"footnotes":""},"class_list":["post-73143","page","type-page","status-publish","has-post-thumbnail","hentry"],"acf":[],"yoast_head":"<!-- This site is optimized with the Yoast SEO Premium plugin v27.2 (Yoast SEO v27.2) - https:\/\/yoast.com\/product\/yoast-seo-premium-wordpress\/ -->\n<title>Tamilische Grammatik\u00fcbungen - Talkpal<\/title>\n<meta name=\"description\" content=\"Entdecken Sie effektive \u00dcbungen zur tamilischen Grammatik, um Ihre Sprachkenntnisse zu verbessern und Ihr Verst\u00e4ndnis zu steigern.\" \/>\n<meta name=\"robots\" content=\"index, follow, max-snippet:-1, max-image-preview:large, max-video-preview:-1\" \/>\n<link rel=\"canonical\" href=\"https:\/\/talkpal.ai\/de\/tamilische-grammatikuebungen\/\" \/>\n<meta property=\"og:locale\" content=\"de_DE\" \/>\n<meta property=\"og:type\" content=\"article\" \/>\n<meta property=\"og:title\" content=\"Tamilische Grammatik\u00fcbungen\" \/>\n<meta property=\"og:description\" content=\"Tamilische Grammatik Tamil ist eine lebendige und reichhaltige Sprache, die vor allem in S\u00fcdindien und Sri Lanka gesprochen wird. Es ist bekannt f\u00fcr seine\" \/>\n<meta property=\"og:url\" content=\"https:\/\/talkpal.ai\/de\/tamilische-grammatikuebungen\/\" \/>\n<meta property=\"og:site_name\" content=\"Talkpal\" \/>\n<meta property=\"article:publisher\" content=\"https:\/\/www.facebook.com\/profile.php?id=100090733639311\" \/>\n<meta property=\"article:modified_time\" content=\"2025-12-17T15:02:36+00:00\" \/>\n<meta property=\"og:image\" content=\"https:\/\/talkpal.ai\/wp-content\/uploads\/2023\/05\/Tamil-india.png\" \/>\n\t<meta property=\"og:image:width\" content=\"512\" \/>\n\t<meta property=\"og:image:height\" content=\"512\" \/>\n\t<meta property=\"og:image:type\" content=\"image\/png\" \/>\n<meta name=\"twitter:card\" content=\"summary_large_image\" \/>\n<meta name=\"twitter:site\" content=\"@talkpalai\" \/>\n<meta name=\"twitter:label1\" content=\"Gesch\u00e4tzte Lesezeit\" \/>\n\t<meta name=\"twitter:data1\" content=\"2\u00a0Minuten\" \/>\n<script type=\"application\/ld+json\" class=\"yoast-schema-graph\">{\"@context\":\"https:\/\/schema.org\",\"@graph\":[{\"@type\":\"WebPage\",\"@id\":\"https:\/\/talkpal.ai\/de\/tamilische-grammatikuebungen\/\",\"url\":\"https:\/\/talkpal.ai\/de\/tamilische-grammatikuebungen\/\",\"name\":\"Tamilische Grammatik\u00fcbungen - Talkpal\",\"isPartOf\":{\"@id\":\"https:\/\/talkpal.ai\/de\/#website\"},\"primaryImageOfPage\":{\"@id\":\"https:\/\/talkpal.ai\/de\/tamilische-grammatikuebungen\/#primaryimage\"},\"image\":{\"@id\":\"https:\/\/talkpal.ai\/de\/tamilische-grammatikuebungen\/#primaryimage\"},\"thumbnailUrl\":\"https:\/\/talkpal.ai\/wp-content\/uploads\/2023\/05\/Tamil-india.png\",\"datePublished\":\"2023-07-05T10:17:13+00:00\",\"dateModified\":\"2025-12-17T15:02:36+00:00\",\"description\":\"Entdecken Sie effektive \u00dcbungen zur tamilischen Grammatik, um Ihre Sprachkenntnisse zu verbessern und Ihr Verst\u00e4ndnis zu steigern.\",\"breadcrumb\":{\"@id\":\"https:\/\/talkpal.ai\/de\/tamilische-grammatikuebungen\/#breadcrumb\"},\"inLanguage\":\"de\",\"potentialAction\":[{\"@type\":\"ReadAction\",\"target\":[\"https:\/\/talkpal.ai\/de\/tamilische-grammatikuebungen\/\"]}]},{\"@type\":\"ImageObject\",\"inLanguage\":\"de\",\"@id\":\"https:\/\/talkpal.ai\/de\/tamilische-grammatikuebungen\/#primaryimage\",\"url\":\"https:\/\/talkpal.ai\/wp-content\/uploads\/2023\/05\/Tamil-india.png\",\"contentUrl\":\"https:\/\/talkpal.ai\/wp-content\/uploads\/2023\/05\/Tamil-india.png\",\"width\":512,\"height\":512},{\"@type\":\"BreadcrumbList\",\"@id\":\"https:\/\/talkpal.ai\/de\/tamilische-grammatikuebungen\/#breadcrumb\",\"itemListElement\":[{\"@type\":\"ListItem\",\"position\":1,\"name\":\"Homepage\",\"item\":\"https:\/\/talkpal.ai\/de\/\"},{\"@type\":\"ListItem\",\"position\":2,\"name\":\"Tamilische Grammatik\u00fcbungen\"}]},{\"@type\":\"WebSite\",\"@id\":\"https:\/\/talkpal.ai\/de\/#website\",\"url\":\"https:\/\/talkpal.ai\/de\/\",\"name\":\"Talkpal\",\"description\":\"AI Language Learning\",\"publisher\":{\"@id\":\"https:\/\/talkpal.ai\/de\/#organization\"},\"alternateName\":\"Talkpal AI\",\"potentialAction\":[{\"@type\":\"SearchAction\",\"target\":{\"@type\":\"EntryPoint\",\"urlTemplate\":\"https:\/\/talkpal.ai\/de\/?s={search_term_string}\"},\"query-input\":{\"@type\":\"PropertyValueSpecification\",\"valueRequired\":true,\"valueName\":\"search_term_string\"}}],\"inLanguage\":\"de\"},{\"@type\":\"Organization\",\"@id\":\"https:\/\/talkpal.ai\/de\/#organization\",\"name\":\"Talkpal, Inc.\",\"alternateName\":\"Talkpal AI\",\"url\":\"https:\/\/talkpal.ai\/de\/\",\"logo\":{\"@type\":\"ImageObject\",\"inLanguage\":\"de\",\"@id\":\"https:\/\/talkpal.ai\/de\/#\/schema\/logo\/image\/\",\"url\":\"https:\/\/talkpal.ai\/wp-content\/uploads\/2024\/03\/Talkpal-Logo-Icon.png\",\"contentUrl\":\"https:\/\/talkpal.ai\/wp-content\/uploads\/2024\/03\/Talkpal-Logo-Icon.png\",\"width\":2880,\"height\":2880,\"caption\":\"Talkpal, Inc.\"},\"image\":{\"@id\":\"https:\/\/talkpal.ai\/de\/#\/schema\/logo\/image\/\"},\"sameAs\":[\"https:\/\/www.facebook.com\/profile.php?id=100090733639311\",\"https:\/\/x.com\/talkpalai\",\"https:\/\/www.linkedin.com\/company\/talkpal\/\",\"https:\/\/www.youtube.com\/@TalkPal\/\",\"https:\/\/www.tiktok.com\/@talkpal\",\"https:\/\/www.instagram.com\/talkpal_ai\/\",\"https:\/\/www.crunchbase.com\/organization\/talkpal-9cde\",\"https:\/\/www.g2.com\/products\/talkpal-for-business\/\",\"https:\/\/www.trustpilot.com\/review\/talkpal.ai\",\"https:\/\/www.capterra.com\/p\/10006800\/TalkPal\/\"],\"description\":\"Talkpal is a language learning web and mobile education app, powered by the latest AI technologies, that provides engaging experiences to its customers in many different languages to help them improve their language skills. Users can chat about unlimited amount of topics with the app and use other modes to practice their language learning.\",\"email\":\"support@talkpal.ai\",\"legalName\":\"Talkpal, Inc.\",\"foundingDate\":\"2023-04-03\",\"duns\":\"118989042\",\"numberOfEmployees\":{\"@type\":\"QuantitativeValue\",\"minValue\":\"11\",\"maxValue\":\"50\"},\"publishingPrinciples\":\"https:\/\/talkpal.ai\/publishing-principles\/\",\"actionableFeedbackPolicy\":\"https:\/\/talkpal.ai\/actionable-feedback-policy\/\",\"correctionsPolicy\":\"https:\/\/talkpal.ai\/corrections-policy\/\",\"ethicsPolicy\":\"https:\/\/talkpal.ai\/ethics-policy\/\",\"diversityPolicy\":\"https:\/\/talkpal.ai\/diversity-policy\/\",\"diversityStaffingReport\":\"https:\/\/talkpal.ai\/diversity-policy\/\"}]}<\/script>\n<!-- \/ Yoast SEO Premium plugin. -->","yoast_head_json":{"title":"Tamilische Grammatik\u00fcbungen - Talkpal","description":"Entdecken Sie effektive \u00dcbungen zur tamilischen Grammatik, um Ihre Sprachkenntnisse zu verbessern und Ihr Verst\u00e4ndnis zu steigern.","robots":{"index":"index","follow":"follow","max-snippet":"max-snippet:-1","max-image-preview":"max-image-preview:large","max-video-preview":"max-video-preview:-1"},"canonical":"https:\/\/talkpal.ai\/de\/tamilische-grammatikuebungen\/","og_locale":"de_DE","og_type":"article","og_title":"Tamilische Grammatik\u00fcbungen","og_description":"Tamilische Grammatik Tamil ist eine lebendige und reichhaltige Sprache, die vor allem in S\u00fcdindien und Sri Lanka gesprochen wird. Es ist bekannt f\u00fcr seine","og_url":"https:\/\/talkpal.ai\/de\/tamilische-grammatikuebungen\/","og_site_name":"Talkpal","article_publisher":"https:\/\/www.facebook.com\/profile.php?id=100090733639311","article_modified_time":"2025-12-17T15:02:36+00:00","og_image":[{"width":512,"height":512,"url":"https:\/\/talkpal.ai\/wp-content\/uploads\/2023\/05\/Tamil-india.png","type":"image\/png"}],"twitter_card":"summary_large_image","twitter_site":"@talkpalai","twitter_misc":{"Gesch\u00e4tzte Lesezeit":"2\u00a0Minuten"},"schema":{"@context":"https:\/\/schema.org","@graph":[{"@type":"WebPage","@id":"https:\/\/talkpal.ai\/de\/tamilische-grammatikuebungen\/","url":"https:\/\/talkpal.ai\/de\/tamilische-grammatikuebungen\/","name":"Tamilische Grammatik\u00fcbungen - Talkpal","isPartOf":{"@id":"https:\/\/talkpal.ai\/de\/#website"},"primaryImageOfPage":{"@id":"https:\/\/talkpal.ai\/de\/tamilische-grammatikuebungen\/#primaryimage"},"image":{"@id":"https:\/\/talkpal.ai\/de\/tamilische-grammatikuebungen\/#primaryimage"},"thumbnailUrl":"https:\/\/talkpal.ai\/wp-content\/uploads\/2023\/05\/Tamil-india.png","datePublished":"2023-07-05T10:17:13+00:00","dateModified":"2025-12-17T15:02:36+00:00","description":"Entdecken Sie effektive \u00dcbungen zur tamilischen Grammatik, um Ihre Sprachkenntnisse zu verbessern und Ihr Verst\u00e4ndnis zu steigern.","breadcrumb":{"@id":"https:\/\/talkpal.ai\/de\/tamilische-grammatikuebungen\/#breadcrumb"},"inLanguage":"de","potentialAction":[{"@type":"ReadAction","target":["https:\/\/talkpal.ai\/de\/tamilische-grammatikuebungen\/"]}]},{"@type":"ImageObject","inLanguage":"de","@id":"https:\/\/talkpal.ai\/de\/tamilische-grammatikuebungen\/#primaryimage","url":"https:\/\/talkpal.ai\/wp-content\/uploads\/2023\/05\/Tamil-india.png","contentUrl":"https:\/\/talkpal.ai\/wp-content\/uploads\/2023\/05\/Tamil-india.png","width":512,"height":512},{"@type":"BreadcrumbList","@id":"https:\/\/talkpal.ai\/de\/tamilische-grammatikuebungen\/#breadcrumb","itemListElement":[{"@type":"ListItem","position":1,"name":"Homepage","item":"https:\/\/talkpal.ai\/de\/"},{"@type":"ListItem","position":2,"name":"Tamilische Grammatik\u00fcbungen"}]},{"@type":"WebSite","@id":"https:\/\/talkpal.ai\/de\/#website","url":"https:\/\/talkpal.ai\/de\/","name":"Talkpal","description":"AI Language Learning","publisher":{"@id":"https:\/\/talkpal.ai\/de\/#organization"},"alternateName":"Talkpal AI","potentialAction":[{"@type":"SearchAction","target":{"@type":"EntryPoint","urlTemplate":"https:\/\/talkpal.ai\/de\/?s={search_term_string}"},"query-input":{"@type":"PropertyValueSpecification","valueRequired":true,"valueName":"search_term_string"}}],"inLanguage":"de"},{"@type":"Organization","@id":"https:\/\/talkpal.ai\/de\/#organization","name":"Talkpal, Inc.","alternateName":"Talkpal AI","url":"https:\/\/talkpal.ai\/de\/","logo":{"@type":"ImageObject","inLanguage":"de","@id":"https:\/\/talkpal.ai\/de\/#\/schema\/logo\/image\/","url":"https:\/\/talkpal.ai\/wp-content\/uploads\/2024\/03\/Talkpal-Logo-Icon.png","contentUrl":"https:\/\/talkpal.ai\/wp-content\/uploads\/2024\/03\/Talkpal-Logo-Icon.png","width":2880,"height":2880,"caption":"Talkpal, Inc."},"image":{"@id":"https:\/\/talkpal.ai\/de\/#\/schema\/logo\/image\/"},"sameAs":["https:\/\/www.facebook.com\/profile.php?id=100090733639311","https:\/\/x.com\/talkpalai","https:\/\/www.linkedin.com\/company\/talkpal\/","https:\/\/www.youtube.com\/@TalkPal\/","https:\/\/www.tiktok.com\/@talkpal","https:\/\/www.instagram.com\/talkpal_ai\/","https:\/\/www.crunchbase.com\/organization\/talkpal-9cde","https:\/\/www.g2.com\/products\/talkpal-for-business\/","https:\/\/www.trustpilot.com\/review\/talkpal.ai","https:\/\/www.capterra.com\/p\/10006800\/TalkPal\/"],"description":"Talkpal is a language learning web and mobile education app, powered by the latest AI technologies, that provides engaging experiences to its customers in many different languages to help them improve their language skills. Users can chat about unlimited amount of topics with the app and use other modes to practice their language learning.","email":"support@talkpal.ai","legalName":"Talkpal, Inc.","foundingDate":"2023-04-03","duns":"118989042","numberOfEmployees":{"@type":"QuantitativeValue","minValue":"11","maxValue":"50"},"publishingPrinciples":"https:\/\/talkpal.ai\/publishing-principles\/","actionableFeedbackPolicy":"https:\/\/talkpal.ai\/actionable-feedback-policy\/","correctionsPolicy":"https:\/\/talkpal.ai\/corrections-policy\/","ethicsPolicy":"https:\/\/talkpal.ai\/ethics-policy\/","diversityPolicy":"https:\/\/talkpal.ai\/diversity-policy\/","diversityStaffingReport":"https:\/\/talkpal.ai\/diversity-policy\/"}]}},"_links":{"self":[{"href":"https:\/\/talkpal.ai\/de\/wp-json\/wp\/v2\/pages\/73143","targetHints":{"allow":["GET"]}}],"collection":[{"href":"https:\/\/talkpal.ai\/de\/wp-json\/wp\/v2\/pages"}],"about":[{"href":"https:\/\/talkpal.ai\/de\/wp-json\/wp\/v2\/types\/page"}],"author":[{"embeddable":true,"href":"https:\/\/talkpal.ai\/de\/wp-json\/wp\/v2\/users\/6"}],"replies":[{"embeddable":true,"href":"https:\/\/talkpal.ai\/de\/wp-json\/wp\/v2\/comments?post=73143"}],"version-history":[{"count":0,"href":"https:\/\/talkpal.ai\/de\/wp-json\/wp\/v2\/pages\/73143\/revisions"}],"wp:featuredmedia":[{"embeddable":true,"href":"https:\/\/talkpal.ai\/de\/wp-json\/wp\/v2\/media\/28717"}],"wp:attachment":[{"href":"https:\/\/talkpal.ai\/de\/wp-json\/wp\/v2\/media?parent=73143"}],"curies":[{"name":"wp","href":"https:\/\/api.w.org\/{rel}","templated":true}]}}