{"id":49215,"date":"2023-06-16T08:35:52","date_gmt":"2023-06-16T08:35:52","guid":{"rendered":"http:\/\/talkpal.ai\/uebungen-zur-franzoesischen-grammatik\/"},"modified":"2025-12-17T16:47:52","modified_gmt":"2025-12-17T16:47:52","slug":"uebungen-zur-franzoesischen-grammatik","status":"publish","type":"page","link":"https:\/\/talkpal.ai\/de\/uebungen-zur-franzoesischen-grammatik\/","title":{"rendered":"\u00dcbungen zur franz\u00f6sischen Grammatik"},"content":{"rendered":"\r\n\r\n\r\n<section class=\"languageChallengeSection\">\r\n    <div class=\"languageInfoWrapper\">\r\n        \r\n        <h1>\u00dcbungen zur franz\u00f6sischen Grammatik<\/h1>\r\n        <p>Sie m\u00f6chten <a href=\"https:\/\/talkpal.ai\/learn-french\/\">Franz\u00f6sisch<\/a> lernen? Das \u00dcben von Grammatik\u00fcbungen ist eine fantastische M\u00f6glichkeit, Satzstrukturen, Verbkonjugationen und die einzigartigen Muster der franz\u00f6sischen Sprache zu verstehen. Fangen Sie noch heute an, an der franz\u00f6sischen <a href=\"https:\/\/talkpal.ai\/fr\/les\/\">Grammatik<\/a> zu arbeiten, und beobachten Sie, wie Ihr Selbstvertrauen und Ihre Sprachfertigkeit mit jeder \u00dcbung wachsen!\n\n<\/p>\r\n\r\n                            <a class=\"getStartedHidden\" href=\"https:\/\/app.talkpal.ai\/de\/signup?lng=\">Leg los<\/a>\r\n        \r\n    <\/div>\r\n\r\n    <figure>\r\n    <img decoding=\"async\" width=\"768\" height=\"768\" src=\"https:\/\/talkpal.ai\/wp-content\/uploads\/2023\/06\/french-768x768.png\" class=\"languageImage no-lazy\" alt=\"Default alt text\" fetchpriority=\"high\" sizes=\"(max-width: 768px) 150px, 768px\" srcset=\"https:\/\/talkpal.ai\/wp-content\/uploads\/2023\/06\/french-768x768.png 768w, https:\/\/talkpal.ai\/wp-content\/uploads\/2023\/06\/french-300x300.png 300w\" \/>\r\n    \r\n\r\n    <\/figure>\r\n\r\n            <a class=\"getStartedVisible\" href=\"https:\/\/app.talkpal.ai\/de\/signup?lng=\">Leg los<\/a>\r\n    \r\n<\/section>\r\n\r\n\r\n<!-- <section class=\"grammarSection\">\r\n    <div class=\"grammarLinks\">\r\n        <a href=\"https:\/\/talkpal.ai\/de\/exercise_language\/adjektive-franzosische-grammatik\/\">Adjektive <\/a><a href=\"https:\/\/talkpal.ai\/de\/exercise_language\/adverbien-franzosische-grammatik\/\">Adverbien <\/a><a href=\"https:\/\/talkpal.ai\/de\/exercise_language\/artikel-franzosische-grammatik\/\">Artikel <\/a><a href=\"https:\/\/talkpal.ai\/de\/exercise_language\/prapositionen-franzosische-grammatik\/\">Pr\u00e4positionen <\/a><a href=\"https:\/\/talkpal.ai\/de\/exercise_language\/pronomen-und-determinanten-franzosische-grammatik\/\">Pronomen und Determinanten <\/a><a href=\"https:\/\/talkpal.ai\/de\/exercise_language\/satzbau-franzosische-grammatik\/\">Satzbau <\/a><a href=\"https:\/\/talkpal.ai\/de\/exercise_language\/substantive-franzosische-grammatik\/\">Substantive <\/a><a href=\"https:\/\/talkpal.ai\/de\/exercise_language\/verben-franzosische-grammatik\/\">Verben <\/a><a href=\"https:\/\/talkpal.ai\/de\/exercise_language\/zeitformen-indikativ-franzosische-grammatik\/\">Zeitformen \u2013 Indikativ <\/a>    <\/div>\r\n<\/section> -->\r\n\r\n\r\n\r\n\r\n        <section class=\"grammarSection\">\r\n            <div class=\"grammarLinks\">\r\n                <a href=\"https:\/\/talkpal.ai\/de\/exercise_language\/adjektive-franzosische-grammatik\/\">Adjektive <\/a><a href=\"https:\/\/talkpal.ai\/de\/exercise_language\/adverbien-franzosische-grammatik\/\">Adverbien <\/a><a href=\"https:\/\/talkpal.ai\/de\/exercise_language\/artikel-franzosische-grammatik\/\">Artikel <\/a><a href=\"https:\/\/talkpal.ai\/de\/exercise_language\/prapositionen-franzosische-grammatik\/\">Pr\u00e4positionen <\/a><a href=\"https:\/\/talkpal.ai\/de\/exercise_language\/pronomen-und-determinanten-franzosische-grammatik\/\">Pronomen und Determinanten <\/a><a href=\"https:\/\/talkpal.ai\/de\/exercise_language\/satzbau-franzosische-grammatik\/\">Satzbau <\/a><a href=\"https:\/\/talkpal.ai\/de\/exercise_language\/substantive-franzosische-grammatik\/\">Substantive <\/a><a href=\"https:\/\/talkpal.ai\/de\/exercise_language\/verben-franzosische-grammatik\/\">Verben <\/a><a href=\"https:\/\/talkpal.ai\/de\/exercise_language\/zeitformen-indikativ-franzosische-grammatik\/\">Zeitformen \u2013 Indikativ <\/a>            <\/div>\r\n        <\/section>\r\n<section class=\"promotionalBanner\">\r\n    <p class=\"promotionalText\">Der effizienteste Weg, eine Sprache zu lernen<\/p>\r\n    <a class=\"promotionalLink\" href=\"https:\/\/app.talkpal.ai\/de\/signup?lng=\">Talkpal kostenlos<\/a>\r\n<\/section>\n<div class=\"wp-block-group pageContainerStyle\"><div class=\"wp-block-group__inner-container is-layout-constrained wp-block-group-is-layout-constrained\">\n<h2 class=\"wp-block-heading\" id=\"h-french-grammar-topics\">Franz\u00f6sische Grammatikthemen<\/h2>\n\n\n\n<p>Franz\u00f6sisch zu lernen kann eine spannende und lohnende Erfahrung sein. Als geschichts- und kulturreiche Sprache bietet Franz\u00f6sisch eine einzigartige Perspektive auf die Welt und ist ein unverzichtbares Kommunikationsmittel in verschiedenen Bereichen. Um Franz\u00f6sisch effektiv zu lernen, ist es wichtig, die Grammatik gut zu beherrschen, die die Grundlage jeder Sprache ist. Die folgende Abfolge franz\u00f6sischer Grammatikthemen, einschlie\u00dflich Adjektive, <a href=\"https:\/\/talkpal.ai\/ar\/grammar_exercises\/adverbien-%d8%aa%d9%85%d8%a7%d8%b1%d9%8a%d9%86-%d9%84%d9%84%d9%82%d9%88%d8%a7%d8%b9%d8%af-%d8%a7%d9%84%d8%a3%d9%84%d9%85%d8%a7%d9%86%d9%8a%d8%a9\/\">Adverbien<\/a>, Artikel, Substantive, <a href=\"https:\/\/talkpal.ai\/ar\/grammar_exercises\/prapositionen-%d8%aa%d9%85%d8%a7%d8%b1%d9%8a%d9%86-%d9%84%d9%84%d9%82%d9%88%d8%a7%d8%b9%d8%af-%d8%a7%d9%84%d8%a3%d9%84%d9%85%d8%a7%d9%86%d9%8a%d8%a9\/\">Pr\u00e4positionen<\/a>, Pronomen und Bestimmungsw\u00f6rter, Satzstruktur, <a href=\"https:\/\/talkpal.ai\/zh-hans\/grammar_exercises\/zeitformen-%e5%be%b7%e5%9b%bd%e8%af%ad%e6%b3%95%e7%bb%83%e4%b9%a0\/\">Zeitformen<\/a> \u2013 Indikativ und Verben, wird Ihnen auf Ihrem Weg zur Beherrschung der Sprache helfen.<\/p>\n\n\n\n<h3 class=\"wp-block-heading\" id=\"h-1-nouns\">1. Substantive:<\/h3>\n\n\n\n<p>Substantive sind die Hauptbausteine jeder Sprache, da sie Menschen, Orte, Dinge oder Ideen repr\u00e4sentieren. Im Franz\u00f6sischen haben Substantive ein Geschlecht (m\u00e4nnlich oder weiblich) und k\u00f6nnen im Singular oder Plural stehen. Es ist wichtig, das Geschlecht und die Anzahl der Substantive zu verstehen, da es die Formen anderer W\u00f6rter in einem Satz beeinflusst, wie z. B. Adjektive, Artikel und Pronomen.<\/p>\n\n\n\n<h3 class=\"wp-block-heading\" id=\"h-2-articles\">2. Artikel:<\/h3>\n\n\n\n<p>Artikel sind in der franz\u00f6sischen Grammatik unerl\u00e4sslich, da sie Informationen \u00fcber das Geschlecht und die Anzahl eines Substantivs liefern. Im Franz\u00f6sischen gibt es drei Arten von Artikeln: bestimmt (le, la, les), unbestimmt (un, une, des) und partitiv (du, de la, des). Die Verwendung des entsprechenden Artikels hilft, die beabsichtigte Bedeutung eines Satzes zu vermitteln.<\/p>\n\n\n\n<h3 class=\"wp-block-heading\" id=\"h-3-adjectives\">3. Adjektive:<\/h3>\n\n\n\n<p>Adjektive werden verwendet, um Substantive zu beschreiben oder zu modifizieren. Im Franz\u00f6sischen m\u00fcssen Adjektive mit dem Substantiv \u00fcbereinstimmen, das sie in Geschlecht und Numerus modifizieren. Dar\u00fcber hinaus kann die Position von Adjektiven in einem Satz variieren, obwohl die meisten Adjektive dem Substantiv folgen, das sie beschreiben.<\/p>\n\n\n\n<h3 class=\"wp-block-heading\" id=\"h-4-pronouns-and-determiners\">4. Pronomen und Determinatoren:<\/h3>\n\n\n\n<p>Pronomen ersetzen Substantive, um Wiederholungen zu vermeiden, w\u00e4hrend Determinatoren Substantive spezifizieren oder quantifizieren. Sowohl Pronomen als auch Determinanten m\u00fcssen mit dem Substantiv \u00fcbereinstimmen, das sie ersetzen oder in Geschlecht und Numerus begleiten. Zu den franz\u00f6sischen Pronomen geh\u00f6ren Subjektpronomen (je, tu, il usw.), Objektpronomen (me, te, lui usw.) und <a href=\"https:\/\/talkpal.ai\/el\/grammar\/reflexivpronomen-%cf%83%cf%84%ce%b7-%ce%b3%ce%b5%cf%81%ce%bc%ce%b1%ce%bd%ce%b9%ce%ba%ce%ae-%ce%b3%cf%81%ce%b1%ce%bc%ce%bc%ce%b1%cf%84%ce%b9%ce%ba%ce%ae\/\">Reflexivpronomen<\/a> (me, te, se usw.). Zu den Determinatoren geh\u00f6ren Possessivadjektive (mon, ma, mes usw.) und Demonstrativadjektive (ce, cette, ces usw.).<\/p>\n\n\n\n<h3 class=\"wp-block-heading\" id=\"h-5-verbs\">5. Verben:<\/h3>\n\n\n\n<p>Verben dr\u00fccken Handlungen, Zust\u00e4nde oder Ereignisse aus. Im Franz\u00f6sischen werden Verben konjugiert, um mit dem Subjekt in Person und Zahl \u00fcbereinzustimmen und verschiedene Zeitformen und Stimmungen auszudr\u00fccken. <a href=\"https:\/\/talkpal.ai\/de\/grammar\/regelmasige-verben-in-der-slowakischen-grammatik\/\">Regelm\u00e4\u00dfige Verben<\/a> folgen einem vorhersehbaren Muster, w\u00e4hrend unregelm\u00e4\u00dfige Verben auswendig gelernt werden m\u00fcssen.<\/p>\n\n\n\n<h3 class=\"wp-block-heading\" id=\"h-6-tenses-indicative\">6. Zeitformen &#8211; Indikativ:<\/h3>\n\n\n\n<p>Der Indikativ wird verwendet, um Fakten und objektive Aussagen auszudr\u00fccken. Im franz\u00f6sischen Indikativ gibt es acht Zeiten: Pr\u00e4sens, Zukunft, Imperfekt, einfaches Perfekt, Plusquamperfekt, Futurperfekt, Konditional Past und Past Perfect. Das Verstehen und Beherrschen dieser Zeitformen ist entscheidend, um Zeit und Reihenfolge auf Franz\u00f6sisch auszudr\u00fccken.<\/p>\n\n\n\n<h3 class=\"wp-block-heading\" id=\"h-7-adverbs\">7. Adverbien:<\/h3>\n\n\n\n<p>Adverbien modifizieren Verben, Adjektive oder andere Adverbien und liefern zus\u00e4tzliche Informationen \u00fcber die Handlung, den Zustand oder die Qualit\u00e4t. Im Franz\u00f6sischen werden die meisten Adverbien gebildet, indem -ment an die weibliche Form des Adjektivs angeh\u00e4ngt wird. Adverbien folgen im Allgemeinen dem Verb, das sie modifizieren.<\/p>\n\n\n\n<h3 class=\"wp-block-heading\" id=\"h-8-prepositions\">8. Pr\u00e4positionen:<\/h3>\n\n\n\n<p>Pr\u00e4positionen verkn\u00fcpfen W\u00f6rter oder Wortgruppen und weisen auf Beziehungen wie Ort, Richtung, Zeit oder Ursache hin. Gebr\u00e4uchliche franz\u00f6sische Pr\u00e4positionen sind \u00e0 (at, to), de (von, von), en (in, on) und pour (f\u00fcr). Das Erlernen von Pr\u00e4positionen und deren Verwendung ist f\u00fcr die Bildung koh\u00e4renter S\u00e4tze unerl\u00e4sslich.<\/p>\n\n\n\n<h3 class=\"wp-block-heading\" id=\"h-9-sentence-structure\">9. Satzbau:<\/h3>\n\n\n\n<p>Franz\u00f6sische S\u00e4tze folgen einer Subjekt-Verb-Objekt-Struktur (SVO), \u00e4hnlich wie im Englischen. Die Wortstellung kann jedoch je nach Verwendung von Pronomen, Verneinung und Betonung variieren. Das Verst\u00e4ndnis der Satzstruktur ist wichtig, um klare und genaue Aussagen und Fragen auf Franz\u00f6sisch zu bilden.<\/p>\n<\/div><\/div>\n\r\n<section class=\"learnNavigationSection\">\r\n            \r\n        <a href=\"https:\/\/talkpal.ai\/de\/franzoesisch-lernen\/\">\r\n            <div class=\"learnNavigationWrapper\">\r\n                <div class=\"learnNavigationContent\">\r\n                    <img decoding=\"async\" src=\"https:\/\/talkpal.ai\/wp-content\/uploads\/2024\/08\/French.jpg\" alt=\"French Flag\">\r\n                    <div>\r\n                        <h4>\u00dcber Franz\u00f6sisch lernen<\/h4>\r\n                        <p>Erfahren Sie alles \u00fcber die franz\u00f6sische Grammatik.<\/p>\r\n                    <\/div>\r\n                <\/div>\r\n            <\/div>\r\n        <\/a>\r\n\r\n        \r\n        <a href=\"https:\/\/talkpal.ai\/de\/franzoesische-grammatik\/\">\r\n            <div class=\"learnNavigationWrapper\">\r\n                <div class=\"learnNavigationContent\">\r\n                    <img decoding=\"async\" src=\"https:\/\/talkpal.ai\/wp-content\/uploads\/2024\/08\/French.jpg\" alt=\"French Flag\">\r\n                    <div>\r\n                        <h4>Franz\u00f6sisch Grammatikunterricht<\/h4>\r\n                        <p>\u00dcbe die franz\u00f6sische Grammatik.<\/p>\r\n                    <\/div>\r\n                <\/div>\r\n            <\/div>\r\n        <\/a>\r\n\r\n        \r\n        <a href=\"https:\/\/talkpal.ai\/vocabulary_language\/french\/\">\r\n            <div class=\"learnNavigationWrapper\">\r\n                <div class=\"learnNavigationContent\">\r\n                    <img decoding=\"async\" src=\"https:\/\/talkpal.ai\/wp-content\/uploads\/2024\/08\/French.jpg\" alt=\"French Flag\">\r\n                    <div>\r\n                        <h4>Franz\u00f6sisch Vokabeln<\/h4>\r\n                        <p>Erweitern Sie Ihren franz\u00f6sischen Wortschatz.<\/p>\r\n                    <\/div>\r\n                <\/div>\r\n            <\/div>\r\n        <\/a>\r\n\r\n            <\/section>","protected":false},"excerpt":{"rendered":"<p>Franz\u00f6sische Grammatikthemen Franz\u00f6sisch zu lernen kann eine spannende und lohnende Erfahrung sein. Als geschichts- und kulturreiche Sprache bietet Franz\u00f6sisch eine einzigartige Perspektive auf die Welt und ist ein unverzichtbares Kommunikationsmittel in verschiedenen Bereichen. Um Franz\u00f6sisch effektiv zu lernen, ist es wichtig, die Grammatik gut zu beherrschen, die die Grundlage jeder Sprache ist. Die folgende Abfolge [&hellip;]<\/p>\n","protected":false},"author":6,"featured_media":370,"parent":0,"menu_order":0,"comment_status":"closed","ping_status":"closed","template":"LearningContentPage.php","meta":{"_acf_changed":false,"footnotes":""},"class_list":["post-49215","page","type-page","status-publish","has-post-thumbnail","hentry"],"acf":[],"yoast_head":"<!-- This site is optimized with the Yoast SEO Premium plugin v27.2 (Yoast SEO v27.2) - https:\/\/yoast.com\/product\/yoast-seo-premium-wordpress\/ -->\n<title>\u00dcbungen zur franz\u00f6sischen Grammatik - Talkpal<\/title>\n<meta name=\"description\" content=\"\u00dcben und verbessern Sie Ihre franz\u00f6sischen Grammatikkenntnisse mit interaktiven \u00dcbungen, die f\u00fcr alle Niveaus geeignet sind. Verbessern Sie Ihre Sprachkenntnisse!\" \/>\n<meta name=\"robots\" content=\"index, follow, max-snippet:-1, max-image-preview:large, max-video-preview:-1\" \/>\n<link rel=\"canonical\" href=\"https:\/\/talkpal.ai\/de\/uebungen-zur-franzoesischen-grammatik\/\" \/>\n<meta property=\"og:locale\" content=\"de_DE\" \/>\n<meta property=\"og:type\" content=\"article\" \/>\n<meta property=\"og:title\" content=\"\u00dcbungen zur franz\u00f6sischen Grammatik\" \/>\n<meta property=\"og:description\" content=\"Franz\u00f6sische Grammatikthemen Franz\u00f6sisch zu lernen kann eine spannende und lohnende Erfahrung sein. Als geschichts- und kulturreiche Sprache bietet\" \/>\n<meta property=\"og:url\" content=\"https:\/\/talkpal.ai\/de\/uebungen-zur-franzoesischen-grammatik\/\" \/>\n<meta property=\"og:site_name\" content=\"Talkpal\" \/>\n<meta property=\"article:publisher\" content=\"https:\/\/www.facebook.com\/profile.php?id=100090733639311\" \/>\n<meta property=\"article:modified_time\" content=\"2025-12-17T16:47:52+00:00\" \/>\n<meta property=\"og:image\" content=\"https:\/\/talkpal.ai\/wp-content\/uploads\/2023\/03\/france.png\" \/>\n\t<meta property=\"og:image:width\" content=\"512\" \/>\n\t<meta property=\"og:image:height\" content=\"512\" \/>\n\t<meta property=\"og:image:type\" content=\"image\/png\" \/>\n<meta name=\"twitter:card\" content=\"summary_large_image\" \/>\n<meta name=\"twitter:site\" content=\"@talkpalai\" \/>\n<meta name=\"twitter:label1\" content=\"Gesch\u00e4tzte Lesezeit\" \/>\n\t<meta name=\"twitter:data1\" content=\"3\u00a0Minuten\" \/>\n<script type=\"application\/ld+json\" class=\"yoast-schema-graph\">{\"@context\":\"https:\/\/schema.org\",\"@graph\":[{\"@type\":\"WebPage\",\"@id\":\"https:\/\/talkpal.ai\/de\/uebungen-zur-franzoesischen-grammatik\/\",\"url\":\"https:\/\/talkpal.ai\/de\/uebungen-zur-franzoesischen-grammatik\/\",\"name\":\"\u00dcbungen zur franz\u00f6sischen Grammatik - Talkpal\",\"isPartOf\":{\"@id\":\"https:\/\/talkpal.ai\/de\/#website\"},\"primaryImageOfPage\":{\"@id\":\"https:\/\/talkpal.ai\/de\/uebungen-zur-franzoesischen-grammatik\/#primaryimage\"},\"image\":{\"@id\":\"https:\/\/talkpal.ai\/de\/uebungen-zur-franzoesischen-grammatik\/#primaryimage\"},\"thumbnailUrl\":\"https:\/\/talkpal.ai\/wp-content\/uploads\/2023\/03\/france.png\",\"datePublished\":\"2023-06-16T08:35:52+00:00\",\"dateModified\":\"2025-12-17T16:47:52+00:00\",\"description\":\"\u00dcben und verbessern Sie Ihre franz\u00f6sischen Grammatikkenntnisse mit interaktiven \u00dcbungen, die f\u00fcr alle Niveaus geeignet sind. Verbessern Sie Ihre Sprachkenntnisse!\",\"breadcrumb\":{\"@id\":\"https:\/\/talkpal.ai\/de\/uebungen-zur-franzoesischen-grammatik\/#breadcrumb\"},\"inLanguage\":\"de\",\"potentialAction\":[{\"@type\":\"ReadAction\",\"target\":[\"https:\/\/talkpal.ai\/de\/uebungen-zur-franzoesischen-grammatik\/\"]}]},{\"@type\":\"ImageObject\",\"inLanguage\":\"de\",\"@id\":\"https:\/\/talkpal.ai\/de\/uebungen-zur-franzoesischen-grammatik\/#primaryimage\",\"url\":\"https:\/\/talkpal.ai\/wp-content\/uploads\/2023\/03\/france.png\",\"contentUrl\":\"https:\/\/talkpal.ai\/wp-content\/uploads\/2023\/03\/france.png\",\"width\":512,\"height\":512,\"caption\":\"TalkPal AI learn French\"},{\"@type\":\"BreadcrumbList\",\"@id\":\"https:\/\/talkpal.ai\/de\/uebungen-zur-franzoesischen-grammatik\/#breadcrumb\",\"itemListElement\":[{\"@type\":\"ListItem\",\"position\":1,\"name\":\"Homepage\",\"item\":\"https:\/\/talkpal.ai\/de\/\"},{\"@type\":\"ListItem\",\"position\":2,\"name\":\"\u00dcbungen zur franz\u00f6sischen Grammatik\"}]},{\"@type\":\"WebSite\",\"@id\":\"https:\/\/talkpal.ai\/de\/#website\",\"url\":\"https:\/\/talkpal.ai\/de\/\",\"name\":\"Talkpal\",\"description\":\"AI Language Learning\",\"publisher\":{\"@id\":\"https:\/\/talkpal.ai\/de\/#organization\"},\"alternateName\":\"Talkpal AI\",\"potentialAction\":[{\"@type\":\"SearchAction\",\"target\":{\"@type\":\"EntryPoint\",\"urlTemplate\":\"https:\/\/talkpal.ai\/de\/?s={search_term_string}\"},\"query-input\":{\"@type\":\"PropertyValueSpecification\",\"valueRequired\":true,\"valueName\":\"search_term_string\"}}],\"inLanguage\":\"de\"},{\"@type\":\"Organization\",\"@id\":\"https:\/\/talkpal.ai\/de\/#organization\",\"name\":\"Talkpal, Inc.\",\"alternateName\":\"Talkpal AI\",\"url\":\"https:\/\/talkpal.ai\/de\/\",\"logo\":{\"@type\":\"ImageObject\",\"inLanguage\":\"de\",\"@id\":\"https:\/\/talkpal.ai\/de\/#\/schema\/logo\/image\/\",\"url\":\"https:\/\/talkpal.ai\/wp-content\/uploads\/2024\/03\/Talkpal-Logo-Icon.png\",\"contentUrl\":\"https:\/\/talkpal.ai\/wp-content\/uploads\/2024\/03\/Talkpal-Logo-Icon.png\",\"width\":2880,\"height\":2880,\"caption\":\"Talkpal, Inc.\"},\"image\":{\"@id\":\"https:\/\/talkpal.ai\/de\/#\/schema\/logo\/image\/\"},\"sameAs\":[\"https:\/\/www.facebook.com\/profile.php?id=100090733639311\",\"https:\/\/x.com\/talkpalai\",\"https:\/\/www.linkedin.com\/company\/talkpal\/\",\"https:\/\/www.youtube.com\/@TalkPal\/\",\"https:\/\/www.tiktok.com\/@talkpal\",\"https:\/\/www.instagram.com\/talkpal_ai\/\",\"https:\/\/www.crunchbase.com\/organization\/talkpal-9cde\",\"https:\/\/www.g2.com\/products\/talkpal-for-business\/\",\"https:\/\/www.trustpilot.com\/review\/talkpal.ai\",\"https:\/\/www.capterra.com\/p\/10006800\/TalkPal\/\"],\"description\":\"Talkpal is a language learning web and mobile education app, powered by the latest AI technologies, that provides engaging experiences to its customers in many different languages to help them improve their language skills. Users can chat about unlimited amount of topics with the app and use other modes to practice their language learning.\",\"email\":\"support@talkpal.ai\",\"legalName\":\"Talkpal, Inc.\",\"foundingDate\":\"2023-04-03\",\"duns\":\"118989042\",\"numberOfEmployees\":{\"@type\":\"QuantitativeValue\",\"minValue\":\"11\",\"maxValue\":\"50\"},\"publishingPrinciples\":\"https:\/\/talkpal.ai\/publishing-principles\/\",\"actionableFeedbackPolicy\":\"https:\/\/talkpal.ai\/actionable-feedback-policy\/\",\"correctionsPolicy\":\"https:\/\/talkpal.ai\/corrections-policy\/\",\"ethicsPolicy\":\"https:\/\/talkpal.ai\/ethics-policy\/\",\"diversityPolicy\":\"https:\/\/talkpal.ai\/diversity-policy\/\",\"diversityStaffingReport\":\"https:\/\/talkpal.ai\/diversity-policy\/\"}]}<\/script>\n<!-- \/ Yoast SEO Premium plugin. -->","yoast_head_json":{"title":"\u00dcbungen zur franz\u00f6sischen Grammatik - Talkpal","description":"\u00dcben und verbessern Sie Ihre franz\u00f6sischen Grammatikkenntnisse mit interaktiven \u00dcbungen, die f\u00fcr alle Niveaus geeignet sind. Verbessern Sie Ihre Sprachkenntnisse!","robots":{"index":"index","follow":"follow","max-snippet":"max-snippet:-1","max-image-preview":"max-image-preview:large","max-video-preview":"max-video-preview:-1"},"canonical":"https:\/\/talkpal.ai\/de\/uebungen-zur-franzoesischen-grammatik\/","og_locale":"de_DE","og_type":"article","og_title":"\u00dcbungen zur franz\u00f6sischen Grammatik","og_description":"Franz\u00f6sische Grammatikthemen Franz\u00f6sisch zu lernen kann eine spannende und lohnende Erfahrung sein. Als geschichts- und kulturreiche Sprache bietet","og_url":"https:\/\/talkpal.ai\/de\/uebungen-zur-franzoesischen-grammatik\/","og_site_name":"Talkpal","article_publisher":"https:\/\/www.facebook.com\/profile.php?id=100090733639311","article_modified_time":"2025-12-17T16:47:52+00:00","og_image":[{"width":512,"height":512,"url":"https:\/\/talkpal.ai\/wp-content\/uploads\/2023\/03\/france.png","type":"image\/png"}],"twitter_card":"summary_large_image","twitter_site":"@talkpalai","twitter_misc":{"Gesch\u00e4tzte Lesezeit":"3\u00a0Minuten"},"schema":{"@context":"https:\/\/schema.org","@graph":[{"@type":"WebPage","@id":"https:\/\/talkpal.ai\/de\/uebungen-zur-franzoesischen-grammatik\/","url":"https:\/\/talkpal.ai\/de\/uebungen-zur-franzoesischen-grammatik\/","name":"\u00dcbungen zur franz\u00f6sischen Grammatik - Talkpal","isPartOf":{"@id":"https:\/\/talkpal.ai\/de\/#website"},"primaryImageOfPage":{"@id":"https:\/\/talkpal.ai\/de\/uebungen-zur-franzoesischen-grammatik\/#primaryimage"},"image":{"@id":"https:\/\/talkpal.ai\/de\/uebungen-zur-franzoesischen-grammatik\/#primaryimage"},"thumbnailUrl":"https:\/\/talkpal.ai\/wp-content\/uploads\/2023\/03\/france.png","datePublished":"2023-06-16T08:35:52+00:00","dateModified":"2025-12-17T16:47:52+00:00","description":"\u00dcben und verbessern Sie Ihre franz\u00f6sischen Grammatikkenntnisse mit interaktiven \u00dcbungen, die f\u00fcr alle Niveaus geeignet sind. Verbessern Sie Ihre Sprachkenntnisse!","breadcrumb":{"@id":"https:\/\/talkpal.ai\/de\/uebungen-zur-franzoesischen-grammatik\/#breadcrumb"},"inLanguage":"de","potentialAction":[{"@type":"ReadAction","target":["https:\/\/talkpal.ai\/de\/uebungen-zur-franzoesischen-grammatik\/"]}]},{"@type":"ImageObject","inLanguage":"de","@id":"https:\/\/talkpal.ai\/de\/uebungen-zur-franzoesischen-grammatik\/#primaryimage","url":"https:\/\/talkpal.ai\/wp-content\/uploads\/2023\/03\/france.png","contentUrl":"https:\/\/talkpal.ai\/wp-content\/uploads\/2023\/03\/france.png","width":512,"height":512,"caption":"TalkPal AI learn French"},{"@type":"BreadcrumbList","@id":"https:\/\/talkpal.ai\/de\/uebungen-zur-franzoesischen-grammatik\/#breadcrumb","itemListElement":[{"@type":"ListItem","position":1,"name":"Homepage","item":"https:\/\/talkpal.ai\/de\/"},{"@type":"ListItem","position":2,"name":"\u00dcbungen zur franz\u00f6sischen Grammatik"}]},{"@type":"WebSite","@id":"https:\/\/talkpal.ai\/de\/#website","url":"https:\/\/talkpal.ai\/de\/","name":"Talkpal","description":"AI Language Learning","publisher":{"@id":"https:\/\/talkpal.ai\/de\/#organization"},"alternateName":"Talkpal AI","potentialAction":[{"@type":"SearchAction","target":{"@type":"EntryPoint","urlTemplate":"https:\/\/talkpal.ai\/de\/?s={search_term_string}"},"query-input":{"@type":"PropertyValueSpecification","valueRequired":true,"valueName":"search_term_string"}}],"inLanguage":"de"},{"@type":"Organization","@id":"https:\/\/talkpal.ai\/de\/#organization","name":"Talkpal, Inc.","alternateName":"Talkpal AI","url":"https:\/\/talkpal.ai\/de\/","logo":{"@type":"ImageObject","inLanguage":"de","@id":"https:\/\/talkpal.ai\/de\/#\/schema\/logo\/image\/","url":"https:\/\/talkpal.ai\/wp-content\/uploads\/2024\/03\/Talkpal-Logo-Icon.png","contentUrl":"https:\/\/talkpal.ai\/wp-content\/uploads\/2024\/03\/Talkpal-Logo-Icon.png","width":2880,"height":2880,"caption":"Talkpal, Inc."},"image":{"@id":"https:\/\/talkpal.ai\/de\/#\/schema\/logo\/image\/"},"sameAs":["https:\/\/www.facebook.com\/profile.php?id=100090733639311","https:\/\/x.com\/talkpalai","https:\/\/www.linkedin.com\/company\/talkpal\/","https:\/\/www.youtube.com\/@TalkPal\/","https:\/\/www.tiktok.com\/@talkpal","https:\/\/www.instagram.com\/talkpal_ai\/","https:\/\/www.crunchbase.com\/organization\/talkpal-9cde","https:\/\/www.g2.com\/products\/talkpal-for-business\/","https:\/\/www.trustpilot.com\/review\/talkpal.ai","https:\/\/www.capterra.com\/p\/10006800\/TalkPal\/"],"description":"Talkpal is a language learning web and mobile education app, powered by the latest AI technologies, that provides engaging experiences to its customers in many different languages to help them improve their language skills. Users can chat about unlimited amount of topics with the app and use other modes to practice their language learning.","email":"support@talkpal.ai","legalName":"Talkpal, Inc.","foundingDate":"2023-04-03","duns":"118989042","numberOfEmployees":{"@type":"QuantitativeValue","minValue":"11","maxValue":"50"},"publishingPrinciples":"https:\/\/talkpal.ai\/publishing-principles\/","actionableFeedbackPolicy":"https:\/\/talkpal.ai\/actionable-feedback-policy\/","correctionsPolicy":"https:\/\/talkpal.ai\/corrections-policy\/","ethicsPolicy":"https:\/\/talkpal.ai\/ethics-policy\/","diversityPolicy":"https:\/\/talkpal.ai\/diversity-policy\/","diversityStaffingReport":"https:\/\/talkpal.ai\/diversity-policy\/"}]}},"_links":{"self":[{"href":"https:\/\/talkpal.ai\/de\/wp-json\/wp\/v2\/pages\/49215","targetHints":{"allow":["GET"]}}],"collection":[{"href":"https:\/\/talkpal.ai\/de\/wp-json\/wp\/v2\/pages"}],"about":[{"href":"https:\/\/talkpal.ai\/de\/wp-json\/wp\/v2\/types\/page"}],"author":[{"embeddable":true,"href":"https:\/\/talkpal.ai\/de\/wp-json\/wp\/v2\/users\/6"}],"replies":[{"embeddable":true,"href":"https:\/\/talkpal.ai\/de\/wp-json\/wp\/v2\/comments?post=49215"}],"version-history":[{"count":0,"href":"https:\/\/talkpal.ai\/de\/wp-json\/wp\/v2\/pages\/49215\/revisions"}],"wp:featuredmedia":[{"embeddable":true,"href":"https:\/\/talkpal.ai\/de\/wp-json\/wp\/v2\/media\/370"}],"wp:attachment":[{"href":"https:\/\/talkpal.ai\/de\/wp-json\/wp\/v2\/media?parent=49215"}],"curies":[{"name":"wp","href":"https:\/\/api.w.org\/{rel}","templated":true}]}}