{"id":49192,"date":"2023-06-15T07:00:21","date_gmt":"2023-06-15T07:00:21","guid":{"rendered":"http:\/\/talkpal.ai\/uebungen-zur-spanischen-grammatik\/"},"modified":"2025-12-17T16:37:47","modified_gmt":"2025-12-17T16:37:47","slug":"uebungen-zur-spanischen-grammatik","status":"publish","type":"page","link":"https:\/\/talkpal.ai\/de\/uebungen-zur-spanischen-grammatik\/","title":{"rendered":"\u00dcbungen zur spanischen Grammatik"},"content":{"rendered":"\r\n\r\n\r\n<section class=\"languageChallengeSection\">\r\n    <div class=\"languageInfoWrapper\">\r\n        \r\n        <h1>\u00dcbungen zur spanischen Grammatik<\/h1>\r\n        <p>Sind Sie bereit, Ihr <a href=\"https:\/\/talkpal.ai\/learn-spanish\/\">Spanisch<\/a> zu verbessern? Das \u00dcben von Grammatik\u00fcbungen ist eine gro\u00dfartige M\u00f6glichkeit, die Satzstruktur, die Konjugationen der Verben und die einzigartigen Muster der spanischen Sprache zu beherrschen. Fangen Sie noch heute an, an der spanischen <a href=\"https:\/\/talkpal.ai\/fr\/les\/\">Grammatik<\/a> zu arbeiten, und erleben Sie, wie Ihr Selbstvertrauen und Ihre Sprachkenntnisse mit jeder \u00dcbung wachsen!\n\n<\/p>\r\n\r\n                            <a class=\"getStartedHidden\" href=\"https:\/\/app.talkpal.ai\/de\/signup?lng=\">Leg los<\/a>\r\n        \r\n    <\/div>\r\n\r\n    <figure>\r\n    <img decoding=\"async\" width=\"768\" height=\"768\" src=\"https:\/\/talkpal.ai\/wp-content\/uploads\/2023\/06\/Spanish-768x768.png\" class=\"languageImage no-lazy\" alt=\"Default alt text\" fetchpriority=\"high\" sizes=\"(max-width: 768px) 150px, 768px\" srcset=\"https:\/\/talkpal.ai\/wp-content\/uploads\/2023\/06\/Spanish-768x768.png 768w, https:\/\/talkpal.ai\/wp-content\/uploads\/2023\/06\/Spanish-300x300.png 300w\" \/>\r\n    \r\n\r\n    <\/figure>\r\n\r\n            <a class=\"getStartedVisible\" href=\"https:\/\/app.talkpal.ai\/de\/signup?lng=\">Leg los<\/a>\r\n    \r\n<\/section>\r\n\r\n\r\n<!-- <section class=\"grammarSection\">\r\n    <div class=\"grammarLinks\">\r\n        <a href=\"https:\/\/talkpal.ai\/de\/exercise_language\/adjektive-spanische-grammatik\/\">Adjektive <\/a><a href=\"https:\/\/talkpal.ai\/de\/exercise_language\/adverbien-spanische-grammatik\/\">Adverbien <\/a><a href=\"https:\/\/talkpal.ai\/de\/exercise_language\/artikel-spanische-grammatik\/\">Artikel <\/a><a href=\"https:\/\/talkpal.ai\/de\/exercise_language\/indikativ-der-zeitformen-spanische-grammatik\/\">Indikativ der Zeitformen <\/a><a href=\"https:\/\/talkpal.ai\/de\/exercise_language\/prapositionen-spanische-grammatik\/\">Pr\u00e4positionen <\/a><a href=\"https:\/\/talkpal.ai\/de\/exercise_language\/pronomen-spanische-grammatik\/\">Pronomen <\/a><a href=\"https:\/\/talkpal.ai\/de\/exercise_language\/satzbau-spanische-grammatik\/\">Satzbau <\/a><a href=\"https:\/\/talkpal.ai\/de\/exercise_language\/substantive-spanische-grammatik\/\">Substantive <\/a><a href=\"https:\/\/talkpal.ai\/de\/exercise_language\/verben-spanische-grammatik\/\">Verben <\/a><a href=\"https:\/\/talkpal.ai\/de\/exercise_language\/zeitformen-konjunktiv-spanische-grammatik\/\">Zeitformen Konjunktiv <\/a><a href=\"https:\/\/talkpal.ai\/de\/exercise_language\/zeitvergleich-spanische-grammatik\/\">Zeitvergleich <\/a>    <\/div>\r\n<\/section> -->\r\n\r\n\r\n\r\n\r\n        <section class=\"grammarSection\">\r\n            <div class=\"grammarLinks\">\r\n                <a href=\"https:\/\/talkpal.ai\/de\/exercise_language\/adjektive-spanische-grammatik\/\">Adjektive <\/a><a href=\"https:\/\/talkpal.ai\/de\/exercise_language\/adverbien-spanische-grammatik\/\">Adverbien <\/a><a href=\"https:\/\/talkpal.ai\/de\/exercise_language\/artikel-spanische-grammatik\/\">Artikel <\/a><a href=\"https:\/\/talkpal.ai\/de\/exercise_language\/indikativ-der-zeitformen-spanische-grammatik\/\">Indikativ der Zeitformen <\/a><a href=\"https:\/\/talkpal.ai\/de\/exercise_language\/prapositionen-spanische-grammatik\/\">Pr\u00e4positionen <\/a><a href=\"https:\/\/talkpal.ai\/de\/exercise_language\/pronomen-spanische-grammatik\/\">Pronomen <\/a><a href=\"https:\/\/talkpal.ai\/de\/exercise_language\/satzbau-spanische-grammatik\/\">Satzbau <\/a><a href=\"https:\/\/talkpal.ai\/de\/exercise_language\/substantive-spanische-grammatik\/\">Substantive <\/a><a href=\"https:\/\/talkpal.ai\/de\/exercise_language\/verben-spanische-grammatik\/\">Verben <\/a><a href=\"https:\/\/talkpal.ai\/de\/exercise_language\/zeitformen-konjunktiv-spanische-grammatik\/\">Zeitformen Konjunktiv <\/a><a href=\"https:\/\/talkpal.ai\/de\/exercise_language\/zeitvergleich-spanische-grammatik\/\">Zeitvergleich <\/a>            <\/div>\r\n        <\/section>\r\n<section class=\"promotionalBanner\">\r\n    <p class=\"promotionalText\">Der effizienteste Weg, eine Sprache zu lernen<\/p>\r\n    <a class=\"promotionalLink\" href=\"https:\/\/app.talkpal.ai\/de\/signup?lng=\">Talkpal kostenlos<\/a>\r\n<\/section>\n<div class=\"wp-block-group pageContainerStyle\"><div class=\"wp-block-group__inner-container is-layout-constrained wp-block-group-is-layout-constrained\">\n<h2 class=\"wp-block-heading\" id=\"h-spanish-grammar-topics\">Spanische Grammatikthemen<\/h2>\n\n\n\n<p>Das Erlernen einer neuen Sprache kann ein aufregendes und lohnendes Unterfangen sein, und Spanisch ist da keine Ausnahme. Als am zweith\u00e4ufigsten gesprochene Sprache der Welt kann sie neue M\u00f6glichkeiten f\u00fcr Reisen, Arbeit und kulturellen Austausch er\u00f6ffnen. Egal, ob Sie ein absoluter Anf\u00e4nger sind oder Ihre vorhandenen F\u00e4higkeiten verbessern m\u00f6chten, das Verst\u00e4ndnis und die Beherrschung der spanischen Grammatik ist unerl\u00e4sslich. Von <a href=\"https:\/\/talkpal.ai\/zh-hans\/grammar_exercises\/zeitformen-%e5%be%b7%e5%9b%bd%e8%af%ad%e6%b3%95%e7%bb%83%e4%b9%a0\/\">Zeitformen<\/a> und Verben bis hin zu Satzbau und <a href=\"https:\/\/talkpal.ai\/ar\/grammar_exercises\/prapositionen-%d8%aa%d9%85%d8%a7%d8%b1%d9%8a%d9%86-%d9%84%d9%84%d9%82%d9%88%d8%a7%d8%b9%d8%af-%d8%a7%d9%84%d8%a3%d9%84%d9%85%d8%a7%d9%86%d9%8a%d8%a9\/\">Pr\u00e4positionen<\/a> spielt jeder Aspekt der Sprache eine entscheidende Rolle f\u00fcr Ihre F\u00e4higkeit, effektiv zu kommunizieren. In diesem Leitfaden werden wir wichtige Themen der spanischen Grammatik untersuchen und sie in einer logischen Reihenfolge pr\u00e4sentieren, damit Sie die Sprache mit Leichtigkeit lernen k\u00f6nnen.<\/p>\n\n\n\n<h3 class=\"wp-block-heading\" id=\"h-1-nouns-and-articles\">1. Substantive und Artikel:<\/h3>\n\n\n\n<p>Machen Sie sich zun\u00e4chst mit spanischen Substantiven und ihrem Geschlecht sowie mit bestimmten und <a href=\"https:\/\/talkpal.ai\/de\/grammar_exercises\/ubungen-zu-unbestimmten-artikeln-zur-niederlandischen-grammatik\/\">unbestimmten Artikeln<\/a> vertraut. Diese Grundbausteine helfen Ihnen, einfache Phrasen und S\u00e4tze zu verstehen und zu bilden.<\/p>\n\n\n\n<h3 class=\"wp-block-heading\" id=\"h-2-adjectives\">2. Adjektive:<\/h3>\n\n\n\n<p>Adjektive sind f\u00fcr die Beschreibung von Substantiven unerl\u00e4sslich, und im Spanischen m\u00fcssen sie in Geschlecht und Numerus mit dem Substantiv \u00fcbereinstimmen, das sie modifizieren. Das Erlernen der Regeln f\u00fcr die Platzierung und Zustimmung von Adjektiven wird Ihre F\u00e4higkeit, sich auf Spanisch auszudr\u00fccken, erheblich verbessern.<\/p>\n\n\n\n<h3 class=\"wp-block-heading\" id=\"h-3-pronouns\">3. Pronomen:<\/h3>\n\n\n\n<p>Pronomen ersetzen Substantive und sind wichtig, um die Konversation fl\u00fcssiger und nat\u00fcrlicher zu gestalten. Konzentriere dich auf Subjektpronomen, direkte und indirekte Objektpronomen und <a href=\"https:\/\/talkpal.ai\/el\/grammar\/reflexivpronomen-%cf%83%cf%84%ce%b7-%ce%b3%ce%b5%cf%81%ce%bc%ce%b1%ce%bd%ce%b9%ce%ba%ce%ae-%ce%b3%cf%81%ce%b1%ce%bc%ce%bc%ce%b1%cf%84%ce%b9%ce%ba%ce%ae\/\">Reflexivpronomen<\/a> und stelle sicher, dass du ihre Verwendung und Platzierung in S\u00e4tzen verstehst.<\/p>\n\n\n\n<h3 class=\"wp-block-heading\" id=\"h-4-verbs\">4. Verben:<\/h3>\n\n\n\n<p>Verben sind das R\u00fcckgrat jeder Sprache, und Spanisch ist nicht anders. Beginnen Sie damit, die gebr\u00e4uchlichsten regelm\u00e4\u00dfigen und unregelm\u00e4\u00dfigen Verben sowie ihre Konjugationen im Pr\u00e4sens zu lernen.<\/p>\n\n\n\n<h3 class=\"wp-block-heading\" id=\"h-5-tenses-indicative\">5. Zeitformen Indikativ:<\/h3>\n\n\n\n<p>Sobald Sie die grundlegende Konjugation von Verben verstanden haben, erweitern Sie Ihr Wissen, um andere Indikativformen wie Pr\u00e4teritum, Imperfekt, Futur und Konditional einzubeziehen. Auf diese Weise k\u00f6nnen Sie Aktionen und Ereignisse \u00fcber verschiedene Zeitr\u00e4ume hinweg ausdr\u00fccken.<\/p>\n\n\n\n<h3 class=\"wp-block-heading\" id=\"h-6-adverbs\">6. Adverbien:<\/h3>\n\n\n\n<p><a href=\"https:\/\/talkpal.ai\/ar\/grammar_exercises\/adverbien-%d8%aa%d9%85%d8%a7%d8%b1%d9%8a%d9%86-%d9%84%d9%84%d9%82%d9%88%d8%a7%d8%b9%d8%af-%d8%a7%d9%84%d8%a3%d9%84%d9%85%d8%a7%d9%86%d9%8a%d8%a9\/\">Adverbien<\/a> bieten zus\u00e4tzliche Informationen \u00fcber Verben, Adjektive oder andere Adverbien. Lerne die verschiedenen Arten von Adverbien und ihre Platzierung in S\u00e4tzen, um deiner Rede mehr Details und Nuancen zu verleihen.<\/p>\n\n\n\n<h3 class=\"wp-block-heading\" id=\"h-7-prepositions\">7. Pr\u00e4positionen:<\/h3>\n\n\n\n<p>Pr\u00e4positionen sind wichtig, um Beziehungen zwischen W\u00f6rtern auszudr\u00fccken, z. B. Ort, Richtung oder Zeit. Machen Sie sich mit den gebr\u00e4uchlichsten spanischen Pr\u00e4positionen und ihrer Verwendung in verschiedenen Kontexten vertraut.<\/p>\n\n\n\n<h3 class=\"wp-block-heading\" id=\"h-8-tenses-subjunctive\">8. Zeitformen Konjunktiv:<\/h3>\n\n\n\n<p>Der Konjunktiv wird verwendet, um Zweifel, Unsicherheit oder hypothetische Situationen auszudr\u00fccken. Lerne die Konjugationsregeln f\u00fcr regelm\u00e4\u00dfige und unregelm\u00e4\u00dfige Verben im Konjunktiv Pr\u00e4sens, Vergangenheit und Futur, um deine Ausdrucksm\u00f6glichkeiten zu erweitern.<\/p>\n\n\n\n<h3 class=\"wp-block-heading\" id=\"h-9-tense-comparison\">9. Angespannter Vergleich:<\/h3>\n\n\n\n<p>Wenn Sie die Nuancen zwischen verschiedenen Zeitformen und Stimmungen verstehen, k\u00f6nnen Sie die geeignete Form w\u00e4hlen, um Ihre beabsichtigte Bedeutung zu vermitteln. \u00dcben Sie das Vergleichen und Gegen\u00fcberstellen von Indikativ und Konjunktiv sowie der verschiedenen Vergangenheitsformen, um die Sprache besser zu beherrschen.<\/p>\n\n\n\n<h3 class=\"wp-block-heading\" id=\"h-10-sentence-structure\">10. Satzbau:<\/h3>\n\n\n\n<p>Erkunden Sie schlie\u00dflich verschiedene Satzstrukturen, einschlie\u00dflich einfacher, zusammengesetzter und komplexer S\u00e4tze. Lerne, wie du koordinierende und unterordnende Konjunktionen verwendest, um komplexere Ideen zu kreieren und deine F\u00e4higkeit zu entwickeln, effektiv auf Spanisch zu kommunizieren.<\/p>\n<\/div><\/div>\n\r\n<section class=\"learnNavigationSection\">\r\n            \r\n        <a href=\"https:\/\/talkpal.ai\/de\/spanisch-lernen\/\">\r\n            <div class=\"learnNavigationWrapper\">\r\n                <div class=\"learnNavigationContent\">\r\n                    <img decoding=\"async\" src=\"https:\/\/talkpal.ai\/wp-content\/uploads\/2024\/08\/Spanish.jpg\" alt=\"Spanish Flag\">\r\n                    <div>\r\n                        <h4>\u00dcber Spanisch lernen<\/h4>\r\n                        <p>Erfahren Sie alles \u00fcber die spanische Grammatik.<\/p>\r\n                    <\/div>\r\n                <\/div>\r\n            <\/div>\r\n        <\/a>\r\n\r\n        \r\n        <a href=\"https:\/\/talkpal.ai\/de\/spanische-grammatik\/\">\r\n            <div class=\"learnNavigationWrapper\">\r\n                <div class=\"learnNavigationContent\">\r\n                    <img decoding=\"async\" src=\"https:\/\/talkpal.ai\/wp-content\/uploads\/2024\/08\/Spanish.jpg\" alt=\"Spanish Flag\">\r\n                    <div>\r\n                        <h4>Spanisch Grammatikunterricht<\/h4>\r\n                        <p>\u00dcbe die spanische Grammatik.<\/p>\r\n                    <\/div>\r\n                <\/div>\r\n            <\/div>\r\n        <\/a>\r\n\r\n        \r\n        <a href=\"https:\/\/talkpal.ai\/vocabulary_language\/spanish\/\">\r\n            <div class=\"learnNavigationWrapper\">\r\n                <div class=\"learnNavigationContent\">\r\n                    <img decoding=\"async\" src=\"https:\/\/talkpal.ai\/wp-content\/uploads\/2024\/08\/Spanish.jpg\" alt=\"Spanish Flag\">\r\n                    <div>\r\n                        <h4>Spanisch Vokabeln<\/h4>\r\n                        <p>Erweitern Sie Ihren spanischen Wortschatz.<\/p>\r\n                    <\/div>\r\n                <\/div>\r\n            <\/div>\r\n        <\/a>\r\n\r\n            <\/section>","protected":false},"excerpt":{"rendered":"<p>Spanische Grammatikthemen Das Erlernen einer neuen Sprache kann ein aufregendes und lohnendes Unterfangen sein, und Spanisch ist da keine Ausnahme. Als am zweith\u00e4ufigsten gesprochene Sprache der Welt kann sie neue M\u00f6glichkeiten f\u00fcr Reisen, Arbeit und kulturellen Austausch er\u00f6ffnen. Egal, ob Sie ein absoluter Anf\u00e4nger sind oder Ihre vorhandenen F\u00e4higkeiten verbessern m\u00f6chten, das Verst\u00e4ndnis und die [&hellip;]<\/p>\n","protected":false},"author":1,"featured_media":373,"parent":0,"menu_order":0,"comment_status":"closed","ping_status":"closed","template":"LearningContentPage.php","meta":{"_acf_changed":false,"footnotes":""},"class_list":["post-49192","page","type-page","status-publish","has-post-thumbnail","hentry"],"acf":[],"yoast_head":"<!-- This site is optimized with the Yoast SEO Premium plugin v27.2 (Yoast SEO v27.2) - https:\/\/yoast.com\/product\/yoast-seo-premium-wordpress\/ -->\n<title>\u00dcbungen zur spanischen Grammatik - Talkpal<\/title>\n<meta name=\"description\" content=\"Verbessern Sie Ihre spanische Grammatik mit interaktiven \u00dcbungen, die f\u00fcr alle Kenntnisstufen geeignet sind. \u00dcben Sie Verben, Satzbau, Vokabeln und mehr!\" \/>\n<meta name=\"robots\" content=\"index, follow, max-snippet:-1, max-image-preview:large, max-video-preview:-1\" \/>\n<link rel=\"canonical\" href=\"https:\/\/talkpal.ai\/de\/uebungen-zur-spanischen-grammatik\/\" \/>\n<meta property=\"og:locale\" content=\"de_DE\" \/>\n<meta property=\"og:type\" content=\"article\" \/>\n<meta property=\"og:title\" content=\"\u00dcbungen zur spanischen Grammatik\" \/>\n<meta property=\"og:description\" content=\"Spanische Grammatikthemen Das Erlernen einer neuen Sprache kann ein aufregendes und lohnendes Unterfangen sein, und Spanisch ist da keine Ausnahme. Als am\" \/>\n<meta property=\"og:url\" content=\"https:\/\/talkpal.ai\/de\/uebungen-zur-spanischen-grammatik\/\" \/>\n<meta property=\"og:site_name\" content=\"Talkpal\" \/>\n<meta property=\"article:publisher\" content=\"https:\/\/www.facebook.com\/profile.php?id=100090733639311\" \/>\n<meta property=\"article:modified_time\" content=\"2025-12-17T16:37:47+00:00\" \/>\n<meta property=\"og:image\" content=\"https:\/\/talkpal.ai\/wp-content\/uploads\/2023\/03\/spain.png\" \/>\n\t<meta property=\"og:image:width\" content=\"512\" \/>\n\t<meta property=\"og:image:height\" content=\"512\" \/>\n\t<meta property=\"og:image:type\" content=\"image\/png\" \/>\n<meta name=\"twitter:card\" content=\"summary_large_image\" \/>\n<meta name=\"twitter:site\" content=\"@talkpalai\" \/>\n<meta name=\"twitter:label1\" content=\"Gesch\u00e4tzte Lesezeit\" \/>\n\t<meta name=\"twitter:data1\" content=\"3\u00a0Minuten\" \/>\n<script type=\"application\/ld+json\" class=\"yoast-schema-graph\">{\"@context\":\"https:\/\/schema.org\",\"@graph\":[{\"@type\":\"WebPage\",\"@id\":\"https:\/\/talkpal.ai\/de\/uebungen-zur-spanischen-grammatik\/\",\"url\":\"https:\/\/talkpal.ai\/de\/uebungen-zur-spanischen-grammatik\/\",\"name\":\"\u00dcbungen zur spanischen Grammatik - Talkpal\",\"isPartOf\":{\"@id\":\"https:\/\/talkpal.ai\/de\/#website\"},\"primaryImageOfPage\":{\"@id\":\"https:\/\/talkpal.ai\/de\/uebungen-zur-spanischen-grammatik\/#primaryimage\"},\"image\":{\"@id\":\"https:\/\/talkpal.ai\/de\/uebungen-zur-spanischen-grammatik\/#primaryimage\"},\"thumbnailUrl\":\"https:\/\/talkpal.ai\/wp-content\/uploads\/2023\/03\/spain.png\",\"datePublished\":\"2023-06-15T07:00:21+00:00\",\"dateModified\":\"2025-12-17T16:37:47+00:00\",\"description\":\"Verbessern Sie Ihre spanische Grammatik mit interaktiven \u00dcbungen, die f\u00fcr alle Kenntnisstufen geeignet sind. \u00dcben Sie Verben, Satzbau, Vokabeln und mehr!\",\"breadcrumb\":{\"@id\":\"https:\/\/talkpal.ai\/de\/uebungen-zur-spanischen-grammatik\/#breadcrumb\"},\"inLanguage\":\"de\",\"potentialAction\":[{\"@type\":\"ReadAction\",\"target\":[\"https:\/\/talkpal.ai\/de\/uebungen-zur-spanischen-grammatik\/\"]}]},{\"@type\":\"ImageObject\",\"inLanguage\":\"de\",\"@id\":\"https:\/\/talkpal.ai\/de\/uebungen-zur-spanischen-grammatik\/#primaryimage\",\"url\":\"https:\/\/talkpal.ai\/wp-content\/uploads\/2023\/03\/spain.png\",\"contentUrl\":\"https:\/\/talkpal.ai\/wp-content\/uploads\/2023\/03\/spain.png\",\"width\":512,\"height\":512,\"caption\":\"TalkPal AI learn Spanish\"},{\"@type\":\"BreadcrumbList\",\"@id\":\"https:\/\/talkpal.ai\/de\/uebungen-zur-spanischen-grammatik\/#breadcrumb\",\"itemListElement\":[{\"@type\":\"ListItem\",\"position\":1,\"name\":\"Homepage\",\"item\":\"https:\/\/talkpal.ai\/de\/\"},{\"@type\":\"ListItem\",\"position\":2,\"name\":\"\u00dcbungen zur spanischen Grammatik\"}]},{\"@type\":\"WebSite\",\"@id\":\"https:\/\/talkpal.ai\/de\/#website\",\"url\":\"https:\/\/talkpal.ai\/de\/\",\"name\":\"Talkpal\",\"description\":\"AI Language Learning\",\"publisher\":{\"@id\":\"https:\/\/talkpal.ai\/de\/#organization\"},\"alternateName\":\"Talkpal AI\",\"potentialAction\":[{\"@type\":\"SearchAction\",\"target\":{\"@type\":\"EntryPoint\",\"urlTemplate\":\"https:\/\/talkpal.ai\/de\/?s={search_term_string}\"},\"query-input\":{\"@type\":\"PropertyValueSpecification\",\"valueRequired\":true,\"valueName\":\"search_term_string\"}}],\"inLanguage\":\"de\"},{\"@type\":\"Organization\",\"@id\":\"https:\/\/talkpal.ai\/de\/#organization\",\"name\":\"Talkpal, Inc.\",\"alternateName\":\"Talkpal AI\",\"url\":\"https:\/\/talkpal.ai\/de\/\",\"logo\":{\"@type\":\"ImageObject\",\"inLanguage\":\"de\",\"@id\":\"https:\/\/talkpal.ai\/de\/#\/schema\/logo\/image\/\",\"url\":\"https:\/\/talkpal.ai\/wp-content\/uploads\/2024\/03\/Talkpal-Logo-Icon.png\",\"contentUrl\":\"https:\/\/talkpal.ai\/wp-content\/uploads\/2024\/03\/Talkpal-Logo-Icon.png\",\"width\":2880,\"height\":2880,\"caption\":\"Talkpal, Inc.\"},\"image\":{\"@id\":\"https:\/\/talkpal.ai\/de\/#\/schema\/logo\/image\/\"},\"sameAs\":[\"https:\/\/www.facebook.com\/profile.php?id=100090733639311\",\"https:\/\/x.com\/talkpalai\",\"https:\/\/www.linkedin.com\/company\/talkpal\/\",\"https:\/\/www.youtube.com\/@TalkPal\/\",\"https:\/\/www.tiktok.com\/@talkpal\",\"https:\/\/www.instagram.com\/talkpal_ai\/\",\"https:\/\/www.crunchbase.com\/organization\/talkpal-9cde\",\"https:\/\/www.g2.com\/products\/talkpal-for-business\/\",\"https:\/\/www.trustpilot.com\/review\/talkpal.ai\",\"https:\/\/www.capterra.com\/p\/10006800\/TalkPal\/\"],\"description\":\"Talkpal is a language learning web and mobile education app, powered by the latest AI technologies, that provides engaging experiences to its customers in many different languages to help them improve their language skills. Users can chat about unlimited amount of topics with the app and use other modes to practice their language learning.\",\"email\":\"support@talkpal.ai\",\"legalName\":\"Talkpal, Inc.\",\"foundingDate\":\"2023-04-03\",\"duns\":\"118989042\",\"numberOfEmployees\":{\"@type\":\"QuantitativeValue\",\"minValue\":\"11\",\"maxValue\":\"50\"},\"publishingPrinciples\":\"https:\/\/talkpal.ai\/publishing-principles\/\",\"actionableFeedbackPolicy\":\"https:\/\/talkpal.ai\/actionable-feedback-policy\/\",\"correctionsPolicy\":\"https:\/\/talkpal.ai\/corrections-policy\/\",\"ethicsPolicy\":\"https:\/\/talkpal.ai\/ethics-policy\/\",\"diversityPolicy\":\"https:\/\/talkpal.ai\/diversity-policy\/\",\"diversityStaffingReport\":\"https:\/\/talkpal.ai\/diversity-policy\/\"}]}<\/script>\n<!-- \/ Yoast SEO Premium plugin. -->","yoast_head_json":{"title":"\u00dcbungen zur spanischen Grammatik - Talkpal","description":"Verbessern Sie Ihre spanische Grammatik mit interaktiven \u00dcbungen, die f\u00fcr alle Kenntnisstufen geeignet sind. \u00dcben Sie Verben, Satzbau, Vokabeln und mehr!","robots":{"index":"index","follow":"follow","max-snippet":"max-snippet:-1","max-image-preview":"max-image-preview:large","max-video-preview":"max-video-preview:-1"},"canonical":"https:\/\/talkpal.ai\/de\/uebungen-zur-spanischen-grammatik\/","og_locale":"de_DE","og_type":"article","og_title":"\u00dcbungen zur spanischen Grammatik","og_description":"Spanische Grammatikthemen Das Erlernen einer neuen Sprache kann ein aufregendes und lohnendes Unterfangen sein, und Spanisch ist da keine Ausnahme. Als am","og_url":"https:\/\/talkpal.ai\/de\/uebungen-zur-spanischen-grammatik\/","og_site_name":"Talkpal","article_publisher":"https:\/\/www.facebook.com\/profile.php?id=100090733639311","article_modified_time":"2025-12-17T16:37:47+00:00","og_image":[{"width":512,"height":512,"url":"https:\/\/talkpal.ai\/wp-content\/uploads\/2023\/03\/spain.png","type":"image\/png"}],"twitter_card":"summary_large_image","twitter_site":"@talkpalai","twitter_misc":{"Gesch\u00e4tzte Lesezeit":"3\u00a0Minuten"},"schema":{"@context":"https:\/\/schema.org","@graph":[{"@type":"WebPage","@id":"https:\/\/talkpal.ai\/de\/uebungen-zur-spanischen-grammatik\/","url":"https:\/\/talkpal.ai\/de\/uebungen-zur-spanischen-grammatik\/","name":"\u00dcbungen zur spanischen Grammatik - Talkpal","isPartOf":{"@id":"https:\/\/talkpal.ai\/de\/#website"},"primaryImageOfPage":{"@id":"https:\/\/talkpal.ai\/de\/uebungen-zur-spanischen-grammatik\/#primaryimage"},"image":{"@id":"https:\/\/talkpal.ai\/de\/uebungen-zur-spanischen-grammatik\/#primaryimage"},"thumbnailUrl":"https:\/\/talkpal.ai\/wp-content\/uploads\/2023\/03\/spain.png","datePublished":"2023-06-15T07:00:21+00:00","dateModified":"2025-12-17T16:37:47+00:00","description":"Verbessern Sie Ihre spanische Grammatik mit interaktiven \u00dcbungen, die f\u00fcr alle Kenntnisstufen geeignet sind. \u00dcben Sie Verben, Satzbau, Vokabeln und mehr!","breadcrumb":{"@id":"https:\/\/talkpal.ai\/de\/uebungen-zur-spanischen-grammatik\/#breadcrumb"},"inLanguage":"de","potentialAction":[{"@type":"ReadAction","target":["https:\/\/talkpal.ai\/de\/uebungen-zur-spanischen-grammatik\/"]}]},{"@type":"ImageObject","inLanguage":"de","@id":"https:\/\/talkpal.ai\/de\/uebungen-zur-spanischen-grammatik\/#primaryimage","url":"https:\/\/talkpal.ai\/wp-content\/uploads\/2023\/03\/spain.png","contentUrl":"https:\/\/talkpal.ai\/wp-content\/uploads\/2023\/03\/spain.png","width":512,"height":512,"caption":"TalkPal AI learn Spanish"},{"@type":"BreadcrumbList","@id":"https:\/\/talkpal.ai\/de\/uebungen-zur-spanischen-grammatik\/#breadcrumb","itemListElement":[{"@type":"ListItem","position":1,"name":"Homepage","item":"https:\/\/talkpal.ai\/de\/"},{"@type":"ListItem","position":2,"name":"\u00dcbungen zur spanischen Grammatik"}]},{"@type":"WebSite","@id":"https:\/\/talkpal.ai\/de\/#website","url":"https:\/\/talkpal.ai\/de\/","name":"Talkpal","description":"AI Language Learning","publisher":{"@id":"https:\/\/talkpal.ai\/de\/#organization"},"alternateName":"Talkpal AI","potentialAction":[{"@type":"SearchAction","target":{"@type":"EntryPoint","urlTemplate":"https:\/\/talkpal.ai\/de\/?s={search_term_string}"},"query-input":{"@type":"PropertyValueSpecification","valueRequired":true,"valueName":"search_term_string"}}],"inLanguage":"de"},{"@type":"Organization","@id":"https:\/\/talkpal.ai\/de\/#organization","name":"Talkpal, Inc.","alternateName":"Talkpal AI","url":"https:\/\/talkpal.ai\/de\/","logo":{"@type":"ImageObject","inLanguage":"de","@id":"https:\/\/talkpal.ai\/de\/#\/schema\/logo\/image\/","url":"https:\/\/talkpal.ai\/wp-content\/uploads\/2024\/03\/Talkpal-Logo-Icon.png","contentUrl":"https:\/\/talkpal.ai\/wp-content\/uploads\/2024\/03\/Talkpal-Logo-Icon.png","width":2880,"height":2880,"caption":"Talkpal, Inc."},"image":{"@id":"https:\/\/talkpal.ai\/de\/#\/schema\/logo\/image\/"},"sameAs":["https:\/\/www.facebook.com\/profile.php?id=100090733639311","https:\/\/x.com\/talkpalai","https:\/\/www.linkedin.com\/company\/talkpal\/","https:\/\/www.youtube.com\/@TalkPal\/","https:\/\/www.tiktok.com\/@talkpal","https:\/\/www.instagram.com\/talkpal_ai\/","https:\/\/www.crunchbase.com\/organization\/talkpal-9cde","https:\/\/www.g2.com\/products\/talkpal-for-business\/","https:\/\/www.trustpilot.com\/review\/talkpal.ai","https:\/\/www.capterra.com\/p\/10006800\/TalkPal\/"],"description":"Talkpal is a language learning web and mobile education app, powered by the latest AI technologies, that provides engaging experiences to its customers in many different languages to help them improve their language skills. Users can chat about unlimited amount of topics with the app and use other modes to practice their language learning.","email":"support@talkpal.ai","legalName":"Talkpal, Inc.","foundingDate":"2023-04-03","duns":"118989042","numberOfEmployees":{"@type":"QuantitativeValue","minValue":"11","maxValue":"50"},"publishingPrinciples":"https:\/\/talkpal.ai\/publishing-principles\/","actionableFeedbackPolicy":"https:\/\/talkpal.ai\/actionable-feedback-policy\/","correctionsPolicy":"https:\/\/talkpal.ai\/corrections-policy\/","ethicsPolicy":"https:\/\/talkpal.ai\/ethics-policy\/","diversityPolicy":"https:\/\/talkpal.ai\/diversity-policy\/","diversityStaffingReport":"https:\/\/talkpal.ai\/diversity-policy\/"}]}},"_links":{"self":[{"href":"https:\/\/talkpal.ai\/de\/wp-json\/wp\/v2\/pages\/49192","targetHints":{"allow":["GET"]}}],"collection":[{"href":"https:\/\/talkpal.ai\/de\/wp-json\/wp\/v2\/pages"}],"about":[{"href":"https:\/\/talkpal.ai\/de\/wp-json\/wp\/v2\/types\/page"}],"author":[{"embeddable":true,"href":"https:\/\/talkpal.ai\/de\/wp-json\/wp\/v2\/users\/1"}],"replies":[{"embeddable":true,"href":"https:\/\/talkpal.ai\/de\/wp-json\/wp\/v2\/comments?post=49192"}],"version-history":[{"count":0,"href":"https:\/\/talkpal.ai\/de\/wp-json\/wp\/v2\/pages\/49192\/revisions"}],"wp:featuredmedia":[{"embeddable":true,"href":"https:\/\/talkpal.ai\/de\/wp-json\/wp\/v2\/media\/373"}],"wp:attachment":[{"href":"https:\/\/talkpal.ai\/de\/wp-json\/wp\/v2\/media?parent=49192"}],"curies":[{"name":"wp","href":"https:\/\/api.w.org\/{rel}","templated":true}]}}