{"id":3001,"date":"2023-03-25T16:57:06","date_gmt":"2023-03-25T16:57:06","guid":{"rendered":"http:\/\/talkpal.ai\/englische-grammatik\/"},"modified":"2025-05-22T19:28:00","modified_gmt":"2025-05-22T19:28:00","slug":"englische-grammatik","status":"publish","type":"page","link":"https:\/\/talkpal.ai\/de\/englische-grammatik\/","title":{"rendered":"Englische Grammatik"},"content":{"rendered":"\r\n\r\n\r\n<section class=\"languageChallengeSection\">\r\n    <div class=\"languageInfoWrapper\">\r\n        \r\n        <h1>Englische Grammatik<\/h1>\r\n        <p>Sind Sie bereit, <a href=\"https:\/\/talkpal.ai\/learn-english-with-ai\/\">Englisch<\/a> zu lernen? Mit ein wenig <a href=\"https:\/\/talkpal.ai\/fr\/les\/\">Grammatik<\/a> und ein paar neuen W\u00f6rtern werden Sie im Handumdrehen mit Menschen aus der ganzen Welt chatten und in Kontakt treten k\u00f6nnen. Tauchen Sie ein und lassen Sie uns Englisch lernen, das Spa\u00df macht und einfach ist &#8211; Ihre Reise zu flie\u00dfenden Englischkenntnissen beginnt heute!\n\n<\/p>\r\n\r\n                            <a class=\"getStartedHidden\" href=\"https:\/\/app.talkpal.ai\/de\/signup?lng=\">Leg los<\/a>\r\n        \r\n    <\/div>\r\n\r\n    <figure>\r\n    <img decoding=\"async\" width=\"768\" height=\"768\" src=\"https:\/\/talkpal.ai\/wp-content\/uploads\/2023\/06\/English-768x768.png\" class=\"languageImage no-lazy\" alt=\"Default alt text\" fetchpriority=\"high\" sizes=\"(max-width: 768px) 150px, 768px\" srcset=\"https:\/\/talkpal.ai\/wp-content\/uploads\/2023\/06\/English-768x768.png 768w, https:\/\/talkpal.ai\/wp-content\/uploads\/2023\/06\/English-300x300.png 300w\" \/>\r\n    \r\n\r\n    <\/figure>\r\n\r\n            <a class=\"getStartedVisible\" href=\"https:\/\/app.talkpal.ai\/de\/signup?lng=\">Leg los<\/a>\r\n    \r\n<\/section>\r\n        <section class=\"grammarSection\">\r\n            <div class=\"grammarLinks\">\r\n                <a href=\"https:\/\/talkpal.ai\/de\/language\/adjektive\/\">Adjektive <\/a><a href=\"https:\/\/talkpal.ai\/de\/language\/adverbien\/\">Adverbien <\/a><a href=\"https:\/\/talkpal.ai\/de\/language\/artikel\/\">Artikel <\/a><a href=\"https:\/\/talkpal.ai\/de\/language\/if-saetze\/\">Konditionale <\/a><a href=\"https:\/\/talkpal.ai\/de\/language\/praepositionen\/\">Pr\u00e4positionen <\/a><a href=\"https:\/\/talkpal.ai\/de\/language\/pronomen-begleiter\/\">Pronomen\/Determinanten <\/a><a href=\"https:\/\/talkpal.ai\/de\/language\/satzbau\/\">S\u00e4tze <\/a><a href=\"https:\/\/talkpal.ai\/de\/language\/nomen\/\">Substantive <\/a><a href=\"https:\/\/talkpal.ai\/de\/language\/verben\/\">Verben <\/a><a href=\"https:\/\/talkpal.ai\/de\/language\/zeitformen\/\">Zeitformen <\/a>            <\/div>\r\n        <\/section>\r\n    <section class=\"promotionalBanner\">\r\n    <p class=\"promotionalText\">Der effizienteste Weg, eine Sprache zu lernen<\/p>\r\n    <a class=\"promotionalLink\" href=\"https:\/\/app.talkpal.ai\/de\/signup?lng=\">Talkpal kostenlos<\/a>\r\n<\/section>\n<div class=\"wp-block-group pageContainerStyle\"><div class=\"wp-block-group__inner-container is-layout-constrained wp-block-group-is-layout-constrained\">\n<h2 class=\"wp-block-heading\" id=\"h-the-importance-of-english-grammar-a-guide-to-mastering-the-rules-and-principles\">Die Bedeutung der englischen Grammatik: Ein Leitfaden zur Beherrschung der Regeln und Prinzipien<\/h2>\n\n\n\n<p>Da Englisch eine der <a href=\"https:\/\/talkpal.ai\/de\/die-10-meistgesprochenen-sprachen-der-welt\/\">meistgesprochenen Sprachen<\/a> der Welt ist, ist es nicht verwunderlich, dass die Menschen bestrebt sind, ihre Sprachfertigkeit zu verbessern und die Sprache zu beherrschen. Ein wichtiger Aspekt bei der Beherrschung der englischen Sprache ist das Verst\u00e4ndnis ihrer Grammatik. Aber warum ist Grammatik so wichtig, und wie k\u00f6nnen wir sie <a href=\"https:\/\/talkpal.ai\/de\/effektiv-und-motiviert-lernen-mit-benjamin-dein-weg-zum-erfolg\/\">effektiv lernen<\/a>? In diesem Artikel gehen wir auf die Bedeutung der englischen Grammatik ein, er\u00f6rtern ihre wichtigsten Prinzipien und geben Ihnen einige praktische Tipps, um Ihre Kenntnisse zu verbessern.<\/p>\n\n\n\n<h3 class=\"wp-block-heading\" id=\"h-the-role-of-grammar-in-the-english-language\">Die Rolle der Grammatik in der englischen Sprache:<\/h3>\n\n\n\n<p>Was ist also so schlimm an der Grammatik? Im Wesentlichen dient die Grammatik als Baustein einer jeden Sprache &#8211; sie ist die Gesamtheit der Regeln und Prinzipien, die bestimmen, wie wir W\u00f6rter verwenden, um sinnvolle S\u00e4tze zu bilden. Wenn wir uns an diese Regeln halten, k\u00f6nnen wir eine klare Kommunikation gew\u00e4hrleisten und Missverst\u00e4ndnisse vermeiden. Stellen Sie sich vor, Sie versuchen, eine Mahlzeit zu kochen, ohne ein Rezept zu befolgen &#8211; das Endergebnis k\u00f6nnte unappetitlich sein! Ebenso kann die Vernachl\u00e4ssigung der Grammatik in unserem t\u00e4glichen Sprechen und Schreiben zu Verwirrung und Fehlinterpretationen f\u00fchren.<\/p>\n\n\n\n<h3 class=\"wp-block-heading\" id=\"h-key-principles-of-english-grammar\">Grundprinzipien der englischen Grammatik:<\/h3>\n\n\n\n<p>Die <a href=\"https:\/\/talkpal.ai\/english-grammar\/\">englische Grammatik<\/a> umfasst zwar eine Vielzahl von Regeln, aber <a href=\"https:\/\/talkpal.ai\/culture\/what-is-the-difference-between-es-gibt-and-da-ist\/\">es gibt<\/a> einige wichtige Grunds\u00e4tze, die Sie kennen sollten:<\/p>\n\n\n\n<p><strong>1. Teile der Sprache:<\/strong> Dies sind die Rollen, die W\u00f6rter in einem Satz spielen. Je nach ihrer Funktion k\u00f6nnen die W\u00f6rter als Substantive, Pronomen, Verben, Adjektive, <a href=\"https:\/\/talkpal.ai\/ar\/grammar_exercises\/adverbien-%d8%aa%d9%85%d8%a7%d8%b1%d9%8a%d9%86-%d9%84%d9%84%d9%82%d9%88%d8%a7%d8%b9%d8%af-%d8%a7%d9%84%d8%a3%d9%84%d9%85%d8%a7%d9%86%d9%8a%d8%a9\/\">Adverbien<\/a>, <a href=\"https:\/\/talkpal.ai\/ar\/grammar_exercises\/prapositionen-%d8%aa%d9%85%d8%a7%d8%b1%d9%8a%d9%86-%d9%84%d9%84%d9%82%d9%88%d8%a7%d8%b9%d8%af-%d8%a7%d9%84%d8%a3%d9%84%d9%85%d8%a7%d9%86%d9%8a%d8%a9\/\">Pr\u00e4positionen<\/a>, <a href=\"https:\/\/talkpal.ai\/ko\/grammar_exercises\/konjunktionen-%eb%8f%85%ec%9d%bc-%eb%ac%b8%eb%b2%95-%ec%9a%b4%eb%8f%99\/\">Konjunktionen<\/a> oder Interjektionen klassifiziert werden.<\/p>\n\n\n\n<p><strong>2. Zeitformen:<\/strong> Die Zeitformen geben den Zeitpunkt von Handlungen oder Zust\u00e4nden an. Sie werden in Vergangenheit, Gegenwart und Zukunft eingeteilt, wobei jede Zeitform vier Aspekte hat &#8211; einfach, progressiv, perfekt und perfekt progressiv.<\/p>\n\n\n\n<p><strong>3. \u00dcbereinstimmung von Subjekt und Verb:<\/strong> Grunds\u00e4tzlich m\u00fcssen Subjekt (Substantiv oder Pronomen) und Verb in einem Satz in der Zahl \u00fcbereinstimmen &#8211; Singular oder Plural. Zum Beispiel: &#8222;Sie liest ein Buch&#8220; und &#8222;Sie lesen B\u00fccher&#8220; sind beide grammatikalisch korrekt.<\/p>\n\n\n\n<p><strong>4. Satzstruktur:<\/strong> Ein gut strukturierter Satz besteht aus einem Subjekt, einem Verb und oft auch einem Objekt. S\u00e4tze k\u00f6nnen einfach (ein unabh\u00e4ngiger Satz), zusammengesetzt (zwei oder mehr unabh\u00e4ngige S\u00e4tze) oder komplex (ein unabh\u00e4ngiger Satz und ein oder mehrere abh\u00e4ngige S\u00e4tze) sein.<\/p>\n\n\n\n<p><strong>5. Zeichensetzung:<\/strong> Satzzeichen wie Kommas, Punkte und Semikolons sind entscheidend f\u00fcr die Gliederung und Klarheit der geschriebenen Sprache. Eine korrekte Zeichensetzung sorgt daf\u00fcr, dass Ihre Ideen pr\u00e4zise und koh\u00e4rent vermittelt werden.<\/p>\n\n\n\n<h3 class=\"wp-block-heading\" id=\"h-tips-to-improve-your-english-grammar\">Tipps zur Verbesserung der englischen Grammatik:<\/h3>\n\n\n\n<p>Nachdem wir nun die Grundlagen der englischen Grammatik er\u00f6rtert haben, wollen wir nun einige effektive M\u00f6glichkeiten erkunden, um Ihre Kenntnisse zu verbessern:<\/p>\n\n\n\n<p><strong>1. Lesen Sie regelm\u00e4\u00dfig:<\/strong> Lesen ist ein hervorragendes Mittel, um die richtige Grammatik zu verinnerlichen. Je mehr Sie sich mit gut geschriebenen Artikeln, B\u00fcchern oder Aufs\u00e4tzen auseinandersetzen, desto besser werden Sie die Regeln und Strukturen verstehen.<\/p>\n\n\n\n<p><strong>2. \u00dcben Sie das Schreiben:<\/strong> Durch regelm\u00e4\u00dfiges Schreiben k\u00f6nnen Sie Ihre Grammatikkenntnisse anwenden und feststellen, in welchen Bereichen Sie sich verbessern m\u00fcssen. Erw\u00e4gen Sie, ein Tagebuch zu f\u00fchren oder einen Blog zu starten, um Ihre Schreibf\u00e4higkeiten zu verbessern.<\/p>\n\n\n\n<p><strong>3. Studieren Sie Grammatikressourcen:<\/strong> Besorgen Sie sich einige seri\u00f6se Grammatikb\u00fccher, Websites oder Apps, um Ihr Verst\u00e4ndnis der Regeln zu vertiefen. Die regelm\u00e4\u00dfige Lekt\u00fcre dieser Materialien wird dazu beitragen, Ihr Wissen zu festigen.<\/p>\n\n\n\n<p><strong>4. Suchen Sie nach Feedback:<\/strong> Tauschen Sie sich mit anderen aus, um konstruktive Kritik an Ihrem geschriebenen und gesprochenen Englisch zu erhalten. Dies kann \u00fcber Online-Foren, Sprachaustauschgruppen oder Freunde und Kollegen geschehen, die Englisch beherrschen.<\/p>\n\n\n\n<p><strong>5. Seien Sie geduldig und beharrlich:<\/strong> Das Erlernen der Grammatik ist ein schrittweiser Prozess, der Zeit und M\u00fche erfordert. Bleiben Sie engagiert, \u00fcben Sie weiter, und feiern Sie Ihre Fortschritte.<\/p>\n\n\n\n<h3 class=\"wp-block-heading\" id=\"h-conclusion\">Schlussfolgerung:<\/h3>\n\n\n\n<p>Die Beherrschung der englischen Grammatik ist ein wichtiger Schritt auf dem Weg zum fl\u00fcssigen Sprachgebrauch. Wenn Sie die Bedeutung der Sprache verstehen, sich mit den wichtigsten Grunds\u00e4tzen vertraut machen und aktiv \u00fcben, werden Sie die Sprache bald gut beherrschen. Denken Sie daran, dass Rom nicht an einem Tag erbaut wurde &#8211; bleiben Sie also geduldig, haben Sie Spa\u00df und genie\u00dfen Sie die Reise zu einer tadellosen Grammatik!<\/p>\n<\/div><\/div>\n\r\n<section class=\"learnNavigationSection\">\r\n            \r\n        <a href=\"https:\/\/talkpal.ai\/de\/englisch-lernen\/\">\r\n            <div class=\"learnNavigationWrapper\">\r\n                <div class=\"learnNavigationContent\">\r\n                    <img decoding=\"async\" src=\"https:\/\/talkpal.ai\/wp-content\/uploads\/2024\/08\/English.jpg\" alt=\"English Flag\">\r\n                    <div>\r\n                        <h4>\u00dcber Englisch Lernen<\/h4>\r\n                        <p>Erfahren Sie alles \u00fcber englische Grammatik.<\/p>\r\n                    <\/div>\r\n                <\/div>\r\n            <\/div>\r\n        <\/a>\r\n\r\n        \r\n        <a href=\"https:\/\/talkpal.ai\/de\/englische-grammatikuebungen\/\">\r\n            <div class=\"learnNavigationWrapper\">\r\n                <div class=\"learnNavigationContent\">\r\n                    <img decoding=\"async\" src=\"https:\/\/talkpal.ai\/wp-content\/uploads\/2024\/08\/English.jpg\" alt=\"English Flag\">\r\n                    <div>\r\n                        <h4>Englische Grammatik\u00fcbungen<\/h4>\r\n                        <p>\u00dcbe die englische Grammatik.<\/p>\r\n                    <\/div>\r\n                <\/div>\r\n            <\/div>\r\n        <\/a>\r\n\r\n        \r\n        <a href=\"https:\/\/talkpal.ai\/vocabulary_language\/english\/\">\r\n            <div class=\"learnNavigationWrapper\">\r\n                <div class=\"learnNavigationContent\">\r\n                    <img decoding=\"async\" src=\"https:\/\/talkpal.ai\/wp-content\/uploads\/2024\/08\/English.jpg\" alt=\"English Flag\">\r\n                    <div>\r\n                        <h4>Englisch Wortschatz<\/h4>\r\n                        <p>Erweitern Sie Ihren englischen Wortschatz.<\/p>\r\n                    <\/div>\r\n                <\/div>\r\n            <\/div>\r\n        <\/a>\r\n\r\n            <\/section>","protected":false},"excerpt":{"rendered":"<p>Die Bedeutung der englischen Grammatik: Ein Leitfaden zur Beherrschung der Regeln und Prinzipien Da Englisch eine der meistgesprochenen Sprachen der Welt ist, ist es nicht verwunderlich, dass die Menschen bestrebt sind, ihre Sprachfertigkeit zu verbessern und die Sprache zu beherrschen. Ein wichtiger Aspekt bei der Beherrschung der englischen Sprache ist das Verst\u00e4ndnis ihrer Grammatik. Aber [&hellip;]<\/p>\n","protected":false},"author":1,"featured_media":369,"parent":0,"menu_order":0,"comment_status":"closed","ping_status":"closed","template":"LearningContentPage.php","meta":{"_acf_changed":false,"footnotes":""},"class_list":["post-3001","page","type-page","status-publish","has-post-thumbnail","hentry"],"acf":[],"yoast_head":"<!-- This site is optimized with the Yoast SEO Premium plugin v27.2 (Yoast SEO v27.2) - https:\/\/yoast.com\/product\/yoast-seo-premium-wordpress\/ -->\n<title>Englische Grammatik - Talkpal<\/title>\n<meta name=\"description\" content=\"Verbessern Sie Ihre englischen Grammatikkenntnisse m\u00fchelos mit Talkpalder KI-gesteuerten Sprachlern-App.\" \/>\n<meta name=\"robots\" content=\"index, follow, max-snippet:-1, max-image-preview:large, max-video-preview:-1\" \/>\n<link rel=\"canonical\" href=\"https:\/\/talkpal.ai\/de\/englische-grammatik\/\" \/>\n<meta property=\"og:locale\" content=\"de_DE\" \/>\n<meta property=\"og:type\" content=\"article\" \/>\n<meta property=\"og:title\" content=\"Englische Grammatik\" \/>\n<meta property=\"og:description\" content=\"Die Bedeutung der englischen Grammatik: Ein Leitfaden zur Beherrschung der Regeln und Prinzipien Da Englisch eine der meistgesprochenen Sprachen der Welt\" \/>\n<meta property=\"og:url\" content=\"https:\/\/talkpal.ai\/de\/englische-grammatik\/\" \/>\n<meta property=\"og:site_name\" content=\"Talkpal\" \/>\n<meta property=\"article:publisher\" content=\"https:\/\/www.facebook.com\/profile.php?id=100090733639311\" \/>\n<meta property=\"article:modified_time\" content=\"2025-05-22T19:28:00+00:00\" \/>\n<meta property=\"og:image\" content=\"https:\/\/talkpal.ai\/wp-content\/uploads\/2023\/03\/united-kingdom.png\" \/>\n\t<meta property=\"og:image:width\" content=\"512\" \/>\n\t<meta property=\"og:image:height\" content=\"512\" \/>\n\t<meta property=\"og:image:type\" content=\"image\/png\" \/>\n<meta name=\"twitter:card\" content=\"summary_large_image\" \/>\n<meta name=\"twitter:site\" content=\"@talkpalai\" \/>\n<meta name=\"twitter:label1\" content=\"Gesch\u00e4tzte Lesezeit\" \/>\n\t<meta name=\"twitter:data1\" content=\"4\u00a0Minuten\" \/>\n<script type=\"application\/ld+json\" class=\"yoast-schema-graph\">{\"@context\":\"https:\/\/schema.org\",\"@graph\":[{\"@type\":\"WebPage\",\"@id\":\"https:\/\/talkpal.ai\/de\/englische-grammatik\/\",\"url\":\"https:\/\/talkpal.ai\/de\/englische-grammatik\/\",\"name\":\"Englische Grammatik - Talkpal\",\"isPartOf\":{\"@id\":\"https:\/\/talkpal.ai\/de\/#website\"},\"primaryImageOfPage\":{\"@id\":\"https:\/\/talkpal.ai\/de\/englische-grammatik\/#primaryimage\"},\"image\":{\"@id\":\"https:\/\/talkpal.ai\/de\/englische-grammatik\/#primaryimage\"},\"thumbnailUrl\":\"https:\/\/talkpal.ai\/wp-content\/uploads\/2023\/03\/united-kingdom.png\",\"datePublished\":\"2023-03-25T16:57:06+00:00\",\"dateModified\":\"2025-05-22T19:28:00+00:00\",\"description\":\"Verbessern Sie Ihre englischen Grammatikkenntnisse m\u00fchelos mit Talkpalder KI-gesteuerten Sprachlern-App.\",\"breadcrumb\":{\"@id\":\"https:\/\/talkpal.ai\/de\/englische-grammatik\/#breadcrumb\"},\"inLanguage\":\"de\",\"potentialAction\":[{\"@type\":\"ReadAction\",\"target\":[\"https:\/\/talkpal.ai\/de\/englische-grammatik\/\"]}]},{\"@type\":\"ImageObject\",\"inLanguage\":\"de\",\"@id\":\"https:\/\/talkpal.ai\/de\/englische-grammatik\/#primaryimage\",\"url\":\"https:\/\/talkpal.ai\/wp-content\/uploads\/2023\/03\/united-kingdom.png\",\"contentUrl\":\"https:\/\/talkpal.ai\/wp-content\/uploads\/2023\/03\/united-kingdom.png\",\"width\":512,\"height\":512,\"caption\":\"TalkPal AI learn English\"},{\"@type\":\"BreadcrumbList\",\"@id\":\"https:\/\/talkpal.ai\/de\/englische-grammatik\/#breadcrumb\",\"itemListElement\":[{\"@type\":\"ListItem\",\"position\":1,\"name\":\"Homepage\",\"item\":\"https:\/\/talkpal.ai\/de\/\"},{\"@type\":\"ListItem\",\"position\":2,\"name\":\"Englische Grammatik\"}]},{\"@type\":\"WebSite\",\"@id\":\"https:\/\/talkpal.ai\/de\/#website\",\"url\":\"https:\/\/talkpal.ai\/de\/\",\"name\":\"Talkpal\",\"description\":\"AI Language Learning\",\"publisher\":{\"@id\":\"https:\/\/talkpal.ai\/de\/#organization\"},\"alternateName\":\"Talkpal AI\",\"potentialAction\":[{\"@type\":\"SearchAction\",\"target\":{\"@type\":\"EntryPoint\",\"urlTemplate\":\"https:\/\/talkpal.ai\/de\/?s={search_term_string}\"},\"query-input\":{\"@type\":\"PropertyValueSpecification\",\"valueRequired\":true,\"valueName\":\"search_term_string\"}}],\"inLanguage\":\"de\"},{\"@type\":\"Organization\",\"@id\":\"https:\/\/talkpal.ai\/de\/#organization\",\"name\":\"Talkpal, Inc.\",\"alternateName\":\"Talkpal AI\",\"url\":\"https:\/\/talkpal.ai\/de\/\",\"logo\":{\"@type\":\"ImageObject\",\"inLanguage\":\"de\",\"@id\":\"https:\/\/talkpal.ai\/de\/#\/schema\/logo\/image\/\",\"url\":\"https:\/\/talkpal.ai\/wp-content\/uploads\/2024\/03\/Talkpal-Logo-Icon.png\",\"contentUrl\":\"https:\/\/talkpal.ai\/wp-content\/uploads\/2024\/03\/Talkpal-Logo-Icon.png\",\"width\":2880,\"height\":2880,\"caption\":\"Talkpal, Inc.\"},\"image\":{\"@id\":\"https:\/\/talkpal.ai\/de\/#\/schema\/logo\/image\/\"},\"sameAs\":[\"https:\/\/www.facebook.com\/profile.php?id=100090733639311\",\"https:\/\/x.com\/talkpalai\",\"https:\/\/www.linkedin.com\/company\/talkpal\/\",\"https:\/\/www.youtube.com\/@TalkPal\/\",\"https:\/\/www.tiktok.com\/@talkpal\",\"https:\/\/www.instagram.com\/talkpal_ai\/\",\"https:\/\/www.crunchbase.com\/organization\/talkpal-9cde\",\"https:\/\/www.g2.com\/products\/talkpal-for-business\/\",\"https:\/\/www.trustpilot.com\/review\/talkpal.ai\",\"https:\/\/www.capterra.com\/p\/10006800\/TalkPal\/\"],\"description\":\"Talkpal is a language learning web and mobile education app, powered by the latest AI technologies, that provides engaging experiences to its customers in many different languages to help them improve their language skills. Users can chat about unlimited amount of topics with the app and use other modes to practice their language learning.\",\"email\":\"support@talkpal.ai\",\"legalName\":\"Talkpal, Inc.\",\"foundingDate\":\"2023-04-03\",\"duns\":\"118989042\",\"numberOfEmployees\":{\"@type\":\"QuantitativeValue\",\"minValue\":\"11\",\"maxValue\":\"50\"},\"publishingPrinciples\":\"https:\/\/talkpal.ai\/publishing-principles\/\",\"actionableFeedbackPolicy\":\"https:\/\/talkpal.ai\/actionable-feedback-policy\/\",\"correctionsPolicy\":\"https:\/\/talkpal.ai\/corrections-policy\/\",\"ethicsPolicy\":\"https:\/\/talkpal.ai\/ethics-policy\/\",\"diversityPolicy\":\"https:\/\/talkpal.ai\/diversity-policy\/\",\"diversityStaffingReport\":\"https:\/\/talkpal.ai\/diversity-policy\/\"}]}<\/script>\n<!-- \/ Yoast SEO Premium plugin. -->","yoast_head_json":{"title":"Englische Grammatik - Talkpal","description":"Verbessern Sie Ihre englischen Grammatikkenntnisse m\u00fchelos mit Talkpalder KI-gesteuerten Sprachlern-App.","robots":{"index":"index","follow":"follow","max-snippet":"max-snippet:-1","max-image-preview":"max-image-preview:large","max-video-preview":"max-video-preview:-1"},"canonical":"https:\/\/talkpal.ai\/de\/englische-grammatik\/","og_locale":"de_DE","og_type":"article","og_title":"Englische Grammatik","og_description":"Die Bedeutung der englischen Grammatik: Ein Leitfaden zur Beherrschung der Regeln und Prinzipien Da Englisch eine der meistgesprochenen Sprachen der Welt","og_url":"https:\/\/talkpal.ai\/de\/englische-grammatik\/","og_site_name":"Talkpal","article_publisher":"https:\/\/www.facebook.com\/profile.php?id=100090733639311","article_modified_time":"2025-05-22T19:28:00+00:00","og_image":[{"width":512,"height":512,"url":"https:\/\/talkpal.ai\/wp-content\/uploads\/2023\/03\/united-kingdom.png","type":"image\/png"}],"twitter_card":"summary_large_image","twitter_site":"@talkpalai","twitter_misc":{"Gesch\u00e4tzte Lesezeit":"4\u00a0Minuten"},"schema":{"@context":"https:\/\/schema.org","@graph":[{"@type":"WebPage","@id":"https:\/\/talkpal.ai\/de\/englische-grammatik\/","url":"https:\/\/talkpal.ai\/de\/englische-grammatik\/","name":"Englische Grammatik - Talkpal","isPartOf":{"@id":"https:\/\/talkpal.ai\/de\/#website"},"primaryImageOfPage":{"@id":"https:\/\/talkpal.ai\/de\/englische-grammatik\/#primaryimage"},"image":{"@id":"https:\/\/talkpal.ai\/de\/englische-grammatik\/#primaryimage"},"thumbnailUrl":"https:\/\/talkpal.ai\/wp-content\/uploads\/2023\/03\/united-kingdom.png","datePublished":"2023-03-25T16:57:06+00:00","dateModified":"2025-05-22T19:28:00+00:00","description":"Verbessern Sie Ihre englischen Grammatikkenntnisse m\u00fchelos mit Talkpalder KI-gesteuerten Sprachlern-App.","breadcrumb":{"@id":"https:\/\/talkpal.ai\/de\/englische-grammatik\/#breadcrumb"},"inLanguage":"de","potentialAction":[{"@type":"ReadAction","target":["https:\/\/talkpal.ai\/de\/englische-grammatik\/"]}]},{"@type":"ImageObject","inLanguage":"de","@id":"https:\/\/talkpal.ai\/de\/englische-grammatik\/#primaryimage","url":"https:\/\/talkpal.ai\/wp-content\/uploads\/2023\/03\/united-kingdom.png","contentUrl":"https:\/\/talkpal.ai\/wp-content\/uploads\/2023\/03\/united-kingdom.png","width":512,"height":512,"caption":"TalkPal AI learn English"},{"@type":"BreadcrumbList","@id":"https:\/\/talkpal.ai\/de\/englische-grammatik\/#breadcrumb","itemListElement":[{"@type":"ListItem","position":1,"name":"Homepage","item":"https:\/\/talkpal.ai\/de\/"},{"@type":"ListItem","position":2,"name":"Englische Grammatik"}]},{"@type":"WebSite","@id":"https:\/\/talkpal.ai\/de\/#website","url":"https:\/\/talkpal.ai\/de\/","name":"Talkpal","description":"AI Language Learning","publisher":{"@id":"https:\/\/talkpal.ai\/de\/#organization"},"alternateName":"Talkpal AI","potentialAction":[{"@type":"SearchAction","target":{"@type":"EntryPoint","urlTemplate":"https:\/\/talkpal.ai\/de\/?s={search_term_string}"},"query-input":{"@type":"PropertyValueSpecification","valueRequired":true,"valueName":"search_term_string"}}],"inLanguage":"de"},{"@type":"Organization","@id":"https:\/\/talkpal.ai\/de\/#organization","name":"Talkpal, Inc.","alternateName":"Talkpal AI","url":"https:\/\/talkpal.ai\/de\/","logo":{"@type":"ImageObject","inLanguage":"de","@id":"https:\/\/talkpal.ai\/de\/#\/schema\/logo\/image\/","url":"https:\/\/talkpal.ai\/wp-content\/uploads\/2024\/03\/Talkpal-Logo-Icon.png","contentUrl":"https:\/\/talkpal.ai\/wp-content\/uploads\/2024\/03\/Talkpal-Logo-Icon.png","width":2880,"height":2880,"caption":"Talkpal, Inc."},"image":{"@id":"https:\/\/talkpal.ai\/de\/#\/schema\/logo\/image\/"},"sameAs":["https:\/\/www.facebook.com\/profile.php?id=100090733639311","https:\/\/x.com\/talkpalai","https:\/\/www.linkedin.com\/company\/talkpal\/","https:\/\/www.youtube.com\/@TalkPal\/","https:\/\/www.tiktok.com\/@talkpal","https:\/\/www.instagram.com\/talkpal_ai\/","https:\/\/www.crunchbase.com\/organization\/talkpal-9cde","https:\/\/www.g2.com\/products\/talkpal-for-business\/","https:\/\/www.trustpilot.com\/review\/talkpal.ai","https:\/\/www.capterra.com\/p\/10006800\/TalkPal\/"],"description":"Talkpal is a language learning web and mobile education app, powered by the latest AI technologies, that provides engaging experiences to its customers in many different languages to help them improve their language skills. Users can chat about unlimited amount of topics with the app and use other modes to practice their language learning.","email":"support@talkpal.ai","legalName":"Talkpal, Inc.","foundingDate":"2023-04-03","duns":"118989042","numberOfEmployees":{"@type":"QuantitativeValue","minValue":"11","maxValue":"50"},"publishingPrinciples":"https:\/\/talkpal.ai\/publishing-principles\/","actionableFeedbackPolicy":"https:\/\/talkpal.ai\/actionable-feedback-policy\/","correctionsPolicy":"https:\/\/talkpal.ai\/corrections-policy\/","ethicsPolicy":"https:\/\/talkpal.ai\/ethics-policy\/","diversityPolicy":"https:\/\/talkpal.ai\/diversity-policy\/","diversityStaffingReport":"https:\/\/talkpal.ai\/diversity-policy\/"}]}},"_links":{"self":[{"href":"https:\/\/talkpal.ai\/de\/wp-json\/wp\/v2\/pages\/3001","targetHints":{"allow":["GET"]}}],"collection":[{"href":"https:\/\/talkpal.ai\/de\/wp-json\/wp\/v2\/pages"}],"about":[{"href":"https:\/\/talkpal.ai\/de\/wp-json\/wp\/v2\/types\/page"}],"author":[{"embeddable":true,"href":"https:\/\/talkpal.ai\/de\/wp-json\/wp\/v2\/users\/1"}],"replies":[{"embeddable":true,"href":"https:\/\/talkpal.ai\/de\/wp-json\/wp\/v2\/comments?post=3001"}],"version-history":[{"count":0,"href":"https:\/\/talkpal.ai\/de\/wp-json\/wp\/v2\/pages\/3001\/revisions"}],"wp:featuredmedia":[{"embeddable":true,"href":"https:\/\/talkpal.ai\/de\/wp-json\/wp\/v2\/media\/369"}],"wp:attachment":[{"href":"https:\/\/talkpal.ai\/de\/wp-json\/wp\/v2\/media?parent=3001"}],"curies":[{"name":"wp","href":"https:\/\/api.w.org\/{rel}","templated":true}]}}