{"id":2949,"date":"2023-03-26T11:45:19","date_gmt":"2023-03-26T11:45:19","guid":{"rendered":"http:\/\/talkpal.ai\/franzoesische-grammatik\/"},"modified":"2025-05-22T18:47:31","modified_gmt":"2025-05-22T18:47:31","slug":"franzoesische-grammatik","status":"publish","type":"page","link":"https:\/\/talkpal.ai\/de\/franzoesische-grammatik\/","title":{"rendered":"Franz\u00f6sische Grammatik"},"content":{"rendered":"\r\n\r\n\r\n<section class=\"languageChallengeSection\">\r\n    <div class=\"languageInfoWrapper\">\r\n        \r\n        <h1>Franz\u00f6sische Grammatik<\/h1>\r\n        <p>Entdecken Sie die Eleganz der franz\u00f6sischen Sprache, indem Sie die wichtigsten Grammatikregeln beherrschen. Ein solides Verst\u00e4ndnis der franz\u00f6sischen <a href=\"https:\/\/talkpal.ai\/fr\/les\/\">Grammatik<\/a> wird Ihnen helfen, mit Leichtigkeit zu kommunizieren und den Reichtum der franz\u00f6sischen Kultur zu sch\u00e4tzen. Beginnen Sie noch heute mit dem Erlernen der franz\u00f6sischen Grammatik und machen Sie sich auf den Weg zu flie\u00dfenden Sprachkenntnissen!<\/p>\r\n\r\n                            <a class=\"getStartedHidden\" href=\"https:\/\/app.talkpal.ai\/de\/signup?lng=\">Leg los<\/a>\r\n        \r\n    <\/div>\r\n\r\n    <figure>\r\n    <img decoding=\"async\" width=\"768\" height=\"768\" src=\"https:\/\/talkpal.ai\/wp-content\/uploads\/2023\/06\/french-768x768.png\" class=\"languageImage no-lazy\" alt=\"Default alt text\" fetchpriority=\"high\" sizes=\"(max-width: 768px) 150px, 768px\" srcset=\"https:\/\/talkpal.ai\/wp-content\/uploads\/2023\/06\/french-768x768.png 768w, https:\/\/talkpal.ai\/wp-content\/uploads\/2023\/06\/french-300x300.png 300w\" \/>\r\n    \r\n\r\n    <\/figure>\r\n\r\n            <a class=\"getStartedVisible\" href=\"https:\/\/app.talkpal.ai\/de\/signup?lng=\">Leg los<\/a>\r\n    \r\n<\/section>\r\n        <section class=\"grammarSection\">\r\n            <div class=\"grammarLinks\">\r\n                <a href=\"https:\/\/talkpal.ai\/de\/language\/adjektive-de-2\/\">Adjektive <\/a><a href=\"https:\/\/talkpal.ai\/de\/language\/adverbien-de-2\/\">Adverbien <\/a><a href=\"https:\/\/talkpal.ai\/de\/language\/artikel-de\/\">Artikel <\/a><a href=\"https:\/\/talkpal.ai\/de\/language\/zeitformen-indicatif\/\">Indikativ der Zeitformen <\/a><a href=\"https:\/\/talkpal.ai\/de\/language\/praepositionen-de-2\/\">Pr\u00e4positionen <\/a><a href=\"https:\/\/talkpal.ai\/de\/language\/pronomen-de\/\">Pronomen und Determinanten <\/a><a href=\"https:\/\/talkpal.ai\/de\/language\/satzbau-de-2\/\">Satzbau <\/a><a href=\"https:\/\/talkpal.ai\/de\/language\/nomen-de\/\">Substantive <\/a><a href=\"https:\/\/talkpal.ai\/de\/language\/verben-de-2\/\">Verben <\/a>            <\/div>\r\n        <\/section>\r\n    <section class=\"promotionalBanner\">\r\n    <p class=\"promotionalText\"><\/p>\r\n    <a class=\"promotionalLink\" href=\"https:\/\/app.talkpal.ai\/de\/signup?lng=\"><\/a>\r\n<\/section>\n<div class=\"wp-block-group pageContainerStyle\"><div class=\"wp-block-group__inner-container is-layout-constrained wp-block-group-is-layout-constrained\">\n<h2 class=\"wp-block-heading\" id=\"h-a-beginner-s-guide-to-french-grammar\">Leitfaden f\u00fcr Anf\u00e4nger der franz\u00f6sischen Grammatik<\/h2>\n\n\n\n<p><a href=\"https:\/\/talkpal.ai\/learn-french\/\">Franz\u00f6sisch<\/a> zu lernen kann eine spannende und lohnende Erfahrung sein. Die Beherrschung der franz\u00f6sischen Grammatik kann jedoch eine Herausforderung sein, selbst f\u00fcr diejenigen, die die englische Sprache gut beherrschen. In diesem Artikel besprechen wir einige wichtige Tipps zur franz\u00f6sischen Grammatik, mit denen Sie Ihre <a href=\"https:\/\/talkpal.ai\/de\/sprachkenntnisse-durch-stipendien-und-austauschprogramme-verbessern\/\">Sprachkenntnisse verbessern<\/a> k\u00f6nnen. Wenn Sie sich mit diesen Regeln vertraut machen und sie regelm\u00e4\u00dfig \u00fcben, sind Sie auf dem besten Weg, ein Experte der franz\u00f6sischen Grammatik zu werden.<\/p>\n\n\n\n<h3 class=\"wp-block-heading\" id=\"h-1-the-importance-of-gender-in-french-nouns\">1. Die Bedeutung des Geschlechts bei franz\u00f6sischen Substantiven<\/h3>\n\n\n\n<p>Einer der gr\u00f6\u00dften Unterschiede zwischen der franz\u00f6sischen und der englischen Grammatik ist das Konzept des Geschlechts. Alle franz\u00f6sischen Substantive sind entweder maskulin oder feminin, was sich auf die Artikel und Adjektive auswirkt, die mit ihnen verwendet werden. Zum Beispiel sind &#8222;le&#8220; und &#8222;la&#8220; die bestimmten Artikel f\u00fcr maskuline bzw. feminine Substantive. Wenn Sie auf ein neues Substantiv sto\u00dfen, ist es wichtig, dass Sie sich dessen Geschlecht merken, um grammatikalische Fehler zu vermeiden.<\/p>\n\n\n\n<h3 class=\"wp-block-heading\" id=\"h-2-mastering-verb-conjugations\">2. Beherrschung der Verbkonjugationen<\/h3>\n\n\n\n<p><a href=\"https:\/\/talkpal.ai\/de\/grammar\/franzoesische-grammatik-die-verben\/\">Franz\u00f6sische Verben<\/a> haben zahlreiche Konjugationen, die auf Zeitform, Stimmung und Subjektpronomen basieren. Das mag \u00fcberw\u00e4ltigend erscheinen, aber <a href=\"https:\/\/talkpal.ai\/culture\/what-is-the-difference-between-es-gibt-and-da-ist\/\">es gibt<\/a> Muster und Abk\u00fcrzungen, die Sie verwenden k\u00f6nnen, um den Prozess zu vereinfachen. <a href=\"https:\/\/talkpal.ai\/de\/grammar\/regelmasige-verben-in-der-slowakischen-grammatik\/\">Regelm\u00e4\u00dfige Verben<\/a> geh\u00f6ren zu einer der drei Gruppen, die auf ihren Infinitivendungen (-er, -ir und -re) basieren, und jede Gruppe hat ihre eigenen Konjugationsregeln. Wenn Sie diese Regeln gelernt haben, k\u00f6nnen Sie eine gro\u00dfe Anzahl franz\u00f6sischer Verben leicht konjugieren.<\/p>\n\n\n\n<h3 class=\"wp-block-heading\" id=\"h-3-the-partitive-article-du-de-la-and-de-l\">3. Der Partitivartikel: du, de la, und de l&#8216;<\/h3>\n\n\n\n<p>Wenn Sie \u00fcber einen Teil oder eine unbestimmte Menge von etwas sprechen, m\u00fcssen Sie den Partitivartikel verwenden. Der Partitivartikel \u00e4ndert sich je nach Geschlecht des Substantivs und <a href=\"https:\/\/talkpal.ai\/culture\/how-do-i-use-the-word-je-nachdem\/\">je nachdem<\/a>, ob es mit einem Vokal oder einem Konsonanten beginnt. F\u00fcr m\u00e4nnliche Substantive verwenden Sie &#8222;du&#8220;, f\u00fcr weibliche Substantive &#8222;de la&#8220; und f\u00fcr Substantive, die mit einem Vokal oder einem stummen &#8218;h&#8216; beginnen, verwenden Sie &#8222;de l'&#8220;.<\/p>\n\n\n\n<h3 class=\"wp-block-heading\" id=\"h-4-adjective-agreement-and-placement\">4. Adjektivvereinbarung und Platzierung<\/h3>\n\n\n\n<p>In der franz\u00f6sischen Grammatik m\u00fcssen Adjektive mit dem Substantiv, das sie modifizieren, in Bezug auf Geschlecht und Zahl \u00fcbereinstimmen. Oft bedeutet dies, dass Sie ein &#8218;e&#8216; an das Adjektiv anh\u00e4ngen m\u00fcssen, um es feminin zu machen, und ein &#8217;s&#8216;, um es in den Plural zu setzen. Au\u00dferdem folgen Adjektive in der Regel dem Substantiv, das sie modifizieren, mit einigen Ausnahmen f\u00fcr kurze und h\u00e4ufige Adjektive wie &#8222;beau&#8220;, &#8222;vieil&#8220; und &#8222;grand&#8220;.<\/p>\n\n\n\n<p>Beispiele:<br\/>&#8211; Un chat noir (Eine schwarze Katze)<br\/>&#8211; Une voiture noire (Ein schwarzes Auto)<br\/>&#8211; Deux chats noirs (Zwei schwarze Katzen)<\/p>\n\n\n\n<h3 class=\"wp-block-heading\" id=\"h-5-passe-compose-past-tense-made-easy\">5. Passe Compose &#8211; Vergangenheitsform leicht gemacht<\/h3>\n\n\n\n<p><a href=\"https:\/\/talkpal.ai\/culture\/what-is-the-difference-between-es-gibt-and-da-ist\/\">Es gibt<\/a> zwar viele M\u00f6glichkeiten, die Vergangenheit im Franz\u00f6sischen auszudr\u00fccken, aber das pass\u00e8 compos\u00e9 ist eine der n\u00fctzlichsten und am einfachsten zu erlernenden. Um das <a href=\"https:\/\/talkpal.ai\/ar\/grammar_exercises\/passe-compose-%d8%aa%d9%85%d8%a7%d8%b1%d9%8a%d9%86-%d9%84%d9%84%d9%82%d9%88%d8%a7%d8%b9%d8%af-%d8%a7%d9%84%d9%81%d8%b1%d9%86%d8%b3%d9%8a%d8%a9\/\">Pass\u00e9 compos\u00e9<\/a> zu bilden, ben\u00f6tigen Sie das Pr\u00e4sens des Hilfsverbs &#8222;avoir&#8220; oder &#8222;\u00eatre&#8220;, gefolgt vom Partizip der Vergangenheit des Hauptverbs. Die meisten Verben verwenden &#8222;avoir&#8220; als Hilfsverb, w\u00e4hrend einige Verben, meist im Zusammenhang mit Bewegung und reflexiven Verben, &#8222;\u00eatre&#8220; verwenden.<\/p>\n\n\n\n<p>Beispiel:<br\/>&#8211; J&#8217;ai mang\u00e9 (Ich habe gegessen)<br\/>&#8211; Nous sommes all\u00e9s (Wir sind gegangen)<\/p>\n\n\n\n<h3 class=\"wp-block-heading\" id=\"h-6-engaging-with-the-language\">6. Sich mit der Sprache besch\u00e4ftigen<\/h3>\n\n\n\n<p>Eine der besten M\u00f6glichkeiten, die franz\u00f6sische Grammatik zu verbessern, besteht darin, sich regelm\u00e4\u00dfig mit der Sprache zu besch\u00e4ftigen. Ob Sie nun franz\u00f6sische Zeitungen lesen, franz\u00f6sische Filme sehen oder mit einem Muttersprachler sprechen, der Kontakt mit der Sprache in verschiedenen Kontexten wird Ihnen helfen, Ihr Verst\u00e4ndnis der Grammatik zu festigen und Ihren Wortschatz zu erweitern.<\/p>\n\n\n\n<h3 class=\"wp-block-heading\" id=\"h-conclusion\">Schlussfolgerung<\/h3>\n\n\n\n<p>Die Beherrschung der franz\u00f6sischen Grammatik mag entmutigend erscheinen, aber mit konsequenter \u00dcbung und Hingabe k\u00f6nnen Sie diese sch\u00f6ne Sprache flie\u00dfend beherrschen. Indem Sie sich auf die oben genannten Grundregeln konzentrieren und sich mit der Sprache in verschiedenen Kontexten auseinandersetzen, werden sich Ihre franz\u00f6sischen Grammatikkenntnisse schnell verbessern. Bonne chance auf Ihrem Weg zur Beherrschung der franz\u00f6sischen Grammatik!<\/p>\n<\/div><\/div>\n\r\n<section class=\"learnNavigationSection\">\r\n            \r\n        <a href=\"https:\/\/talkpal.ai\/de\/franzoesisch-lernen\/\">\r\n            <div class=\"learnNavigationWrapper\">\r\n                <div class=\"learnNavigationContent\">\r\n                    <img decoding=\"async\" src=\"https:\/\/talkpal.ai\/wp-content\/uploads\/2024\/08\/French.jpg\" alt=\"French Flag\">\r\n                    <div>\r\n                        <h4>\u00dcber Franz\u00f6sisch lernen<\/h4>\r\n                        <p>Erfahren Sie alles \u00fcber die franz\u00f6sische Grammatik.<\/p>\r\n                    <\/div>\r\n                <\/div>\r\n            <\/div>\r\n        <\/a>\r\n\r\n        \r\n        <a href=\"https:\/\/talkpal.ai\/de\/uebungen-zur-franzoesischen-grammatik\/\">\r\n            <div class=\"learnNavigationWrapper\">\r\n                <div class=\"learnNavigationContent\">\r\n                    <img decoding=\"async\" src=\"https:\/\/talkpal.ai\/wp-content\/uploads\/2024\/08\/French.jpg\" alt=\"French Flag\">\r\n                    <div>\r\n                        <h4>\u00dcbung zur franz\u00f6sischen Grammatik<\/h4>\r\n                        <p>\u00dcbe die franz\u00f6sische Grammatik.<\/p>\r\n                    <\/div>\r\n                <\/div>\r\n            <\/div>\r\n        <\/a>\r\n\r\n        \r\n        <a href=\"https:\/\/talkpal.ai\/vocabulary_language\/french\/\">\r\n            <div class=\"learnNavigationWrapper\">\r\n                <div class=\"learnNavigationContent\">\r\n                    <img decoding=\"async\" src=\"https:\/\/talkpal.ai\/wp-content\/uploads\/2024\/08\/French.jpg\" alt=\"French Flag\">\r\n                    <div>\r\n                        <h4>Franz\u00f6sisch Vokabeln<\/h4>\r\n                        <p>Erweitern Sie Ihren franz\u00f6sischen Wortschatz.<\/p>\r\n                    <\/div>\r\n                <\/div>\r\n            <\/div>\r\n        <\/a>\r\n\r\n            <\/section>","protected":false},"excerpt":{"rendered":"<p>Leitfaden f\u00fcr Anf\u00e4nger der franz\u00f6sischen Grammatik Franz\u00f6sisch zu lernen kann eine spannende und lohnende Erfahrung sein. Die Beherrschung der franz\u00f6sischen Grammatik kann jedoch eine Herausforderung sein, selbst f\u00fcr diejenigen, die die englische Sprache gut beherrschen. In diesem Artikel besprechen wir einige wichtige Tipps zur franz\u00f6sischen Grammatik, mit denen Sie Ihre Sprachkenntnisse verbessern k\u00f6nnen. Wenn Sie [&hellip;]<\/p>\n","protected":false},"author":1,"featured_media":370,"parent":0,"menu_order":0,"comment_status":"closed","ping_status":"closed","template":"LearningContentPage.php","meta":{"_acf_changed":false,"footnotes":""},"class_list":["post-2949","page","type-page","status-publish","has-post-thumbnail","hentry"],"acf":[],"yoast_head":"<!-- This site is optimized with the Yoast SEO Premium plugin v27.2 (Yoast SEO v27.2) - https:\/\/yoast.com\/product\/yoast-seo-premium-wordpress\/ -->\n<title>Franz\u00f6sische Grammatik - Talkpal<\/title>\n<meta name=\"description\" content=\"Beherrschen Sie die wichtigsten Konzepte der franz\u00f6sischen Grammatik - Verben, Konjugationen, Zeitformen, Substantive, Artikel, Adjektive, Pronomen und Satzbau.\" \/>\n<meta name=\"robots\" content=\"index, follow, max-snippet:-1, max-image-preview:large, max-video-preview:-1\" \/>\n<link rel=\"canonical\" href=\"https:\/\/talkpal.ai\/de\/franzoesische-grammatik\/\" \/>\n<meta property=\"og:locale\" content=\"de_DE\" \/>\n<meta property=\"og:type\" content=\"article\" \/>\n<meta property=\"og:title\" content=\"Franz\u00f6sische Grammatik\" \/>\n<meta property=\"og:description\" content=\"Leitfaden f\u00fcr Anf\u00e4nger der franz\u00f6sischen Grammatik Franz\u00f6sisch zu lernen kann eine spannende und lohnende Erfahrung sein. Die Beherrschung der\" \/>\n<meta property=\"og:url\" content=\"https:\/\/talkpal.ai\/de\/franzoesische-grammatik\/\" \/>\n<meta property=\"og:site_name\" content=\"Talkpal\" \/>\n<meta property=\"article:publisher\" content=\"https:\/\/www.facebook.com\/profile.php?id=100090733639311\" \/>\n<meta property=\"article:modified_time\" content=\"2025-05-22T18:47:31+00:00\" \/>\n<meta property=\"og:image\" content=\"https:\/\/talkpal.ai\/wp-content\/uploads\/2023\/03\/france.png\" \/>\n\t<meta property=\"og:image:width\" content=\"512\" \/>\n\t<meta property=\"og:image:height\" content=\"512\" \/>\n\t<meta property=\"og:image:type\" content=\"image\/png\" \/>\n<meta name=\"twitter:card\" content=\"summary_large_image\" \/>\n<meta name=\"twitter:site\" content=\"@talkpalai\" \/>\n<meta name=\"twitter:label1\" content=\"Gesch\u00e4tzte Lesezeit\" \/>\n\t<meta name=\"twitter:data1\" content=\"3\u00a0Minuten\" \/>\n<script type=\"application\/ld+json\" class=\"yoast-schema-graph\">{\"@context\":\"https:\/\/schema.org\",\"@graph\":[{\"@type\":\"WebPage\",\"@id\":\"https:\/\/talkpal.ai\/de\/franzoesische-grammatik\/\",\"url\":\"https:\/\/talkpal.ai\/de\/franzoesische-grammatik\/\",\"name\":\"Franz\u00f6sische Grammatik - Talkpal\",\"isPartOf\":{\"@id\":\"https:\/\/talkpal.ai\/de\/#website\"},\"primaryImageOfPage\":{\"@id\":\"https:\/\/talkpal.ai\/de\/franzoesische-grammatik\/#primaryimage\"},\"image\":{\"@id\":\"https:\/\/talkpal.ai\/de\/franzoesische-grammatik\/#primaryimage\"},\"thumbnailUrl\":\"https:\/\/talkpal.ai\/wp-content\/uploads\/2023\/03\/france.png\",\"datePublished\":\"2023-03-26T11:45:19+00:00\",\"dateModified\":\"2025-05-22T18:47:31+00:00\",\"description\":\"Beherrschen Sie die wichtigsten Konzepte der franz\u00f6sischen Grammatik - Verben, Konjugationen, Zeitformen, Substantive, Artikel, Adjektive, Pronomen und Satzbau.\",\"breadcrumb\":{\"@id\":\"https:\/\/talkpal.ai\/de\/franzoesische-grammatik\/#breadcrumb\"},\"inLanguage\":\"de\",\"potentialAction\":[{\"@type\":\"ReadAction\",\"target\":[\"https:\/\/talkpal.ai\/de\/franzoesische-grammatik\/\"]}]},{\"@type\":\"ImageObject\",\"inLanguage\":\"de\",\"@id\":\"https:\/\/talkpal.ai\/de\/franzoesische-grammatik\/#primaryimage\",\"url\":\"https:\/\/talkpal.ai\/wp-content\/uploads\/2023\/03\/france.png\",\"contentUrl\":\"https:\/\/talkpal.ai\/wp-content\/uploads\/2023\/03\/france.png\",\"width\":512,\"height\":512,\"caption\":\"TalkPal AI learn French\"},{\"@type\":\"BreadcrumbList\",\"@id\":\"https:\/\/talkpal.ai\/de\/franzoesische-grammatik\/#breadcrumb\",\"itemListElement\":[{\"@type\":\"ListItem\",\"position\":1,\"name\":\"Homepage\",\"item\":\"https:\/\/talkpal.ai\/de\/\"},{\"@type\":\"ListItem\",\"position\":2,\"name\":\"Franz\u00f6sische Grammatik\"}]},{\"@type\":\"WebSite\",\"@id\":\"https:\/\/talkpal.ai\/de\/#website\",\"url\":\"https:\/\/talkpal.ai\/de\/\",\"name\":\"Talkpal\",\"description\":\"AI Language Learning\",\"publisher\":{\"@id\":\"https:\/\/talkpal.ai\/de\/#organization\"},\"alternateName\":\"Talkpal AI\",\"potentialAction\":[{\"@type\":\"SearchAction\",\"target\":{\"@type\":\"EntryPoint\",\"urlTemplate\":\"https:\/\/talkpal.ai\/de\/?s={search_term_string}\"},\"query-input\":{\"@type\":\"PropertyValueSpecification\",\"valueRequired\":true,\"valueName\":\"search_term_string\"}}],\"inLanguage\":\"de\"},{\"@type\":\"Organization\",\"@id\":\"https:\/\/talkpal.ai\/de\/#organization\",\"name\":\"Talkpal, Inc.\",\"alternateName\":\"Talkpal AI\",\"url\":\"https:\/\/talkpal.ai\/de\/\",\"logo\":{\"@type\":\"ImageObject\",\"inLanguage\":\"de\",\"@id\":\"https:\/\/talkpal.ai\/de\/#\/schema\/logo\/image\/\",\"url\":\"https:\/\/talkpal.ai\/wp-content\/uploads\/2024\/03\/Talkpal-Logo-Icon.png\",\"contentUrl\":\"https:\/\/talkpal.ai\/wp-content\/uploads\/2024\/03\/Talkpal-Logo-Icon.png\",\"width\":2880,\"height\":2880,\"caption\":\"Talkpal, Inc.\"},\"image\":{\"@id\":\"https:\/\/talkpal.ai\/de\/#\/schema\/logo\/image\/\"},\"sameAs\":[\"https:\/\/www.facebook.com\/profile.php?id=100090733639311\",\"https:\/\/x.com\/talkpalai\",\"https:\/\/www.linkedin.com\/company\/talkpal\/\",\"https:\/\/www.youtube.com\/@TalkPal\/\",\"https:\/\/www.tiktok.com\/@talkpal\",\"https:\/\/www.instagram.com\/talkpal_ai\/\",\"https:\/\/www.crunchbase.com\/organization\/talkpal-9cde\",\"https:\/\/www.g2.com\/products\/talkpal-for-business\/\",\"https:\/\/www.trustpilot.com\/review\/talkpal.ai\",\"https:\/\/www.capterra.com\/p\/10006800\/TalkPal\/\"],\"description\":\"Talkpal is a language learning web and mobile education app, powered by the latest AI technologies, that provides engaging experiences to its customers in many different languages to help them improve their language skills. Users can chat about unlimited amount of topics with the app and use other modes to practice their language learning.\",\"email\":\"support@talkpal.ai\",\"legalName\":\"Talkpal, Inc.\",\"foundingDate\":\"2023-04-03\",\"duns\":\"118989042\",\"numberOfEmployees\":{\"@type\":\"QuantitativeValue\",\"minValue\":\"11\",\"maxValue\":\"50\"},\"publishingPrinciples\":\"https:\/\/talkpal.ai\/publishing-principles\/\",\"actionableFeedbackPolicy\":\"https:\/\/talkpal.ai\/actionable-feedback-policy\/\",\"correctionsPolicy\":\"https:\/\/talkpal.ai\/corrections-policy\/\",\"ethicsPolicy\":\"https:\/\/talkpal.ai\/ethics-policy\/\",\"diversityPolicy\":\"https:\/\/talkpal.ai\/diversity-policy\/\",\"diversityStaffingReport\":\"https:\/\/talkpal.ai\/diversity-policy\/\"}]}<\/script>\n<!-- \/ Yoast SEO Premium plugin. -->","yoast_head_json":{"title":"Franz\u00f6sische Grammatik - Talkpal","description":"Beherrschen Sie die wichtigsten Konzepte der franz\u00f6sischen Grammatik - Verben, Konjugationen, Zeitformen, Substantive, Artikel, Adjektive, Pronomen und Satzbau.","robots":{"index":"index","follow":"follow","max-snippet":"max-snippet:-1","max-image-preview":"max-image-preview:large","max-video-preview":"max-video-preview:-1"},"canonical":"https:\/\/talkpal.ai\/de\/franzoesische-grammatik\/","og_locale":"de_DE","og_type":"article","og_title":"Franz\u00f6sische Grammatik","og_description":"Leitfaden f\u00fcr Anf\u00e4nger der franz\u00f6sischen Grammatik Franz\u00f6sisch zu lernen kann eine spannende und lohnende Erfahrung sein. Die Beherrschung der","og_url":"https:\/\/talkpal.ai\/de\/franzoesische-grammatik\/","og_site_name":"Talkpal","article_publisher":"https:\/\/www.facebook.com\/profile.php?id=100090733639311","article_modified_time":"2025-05-22T18:47:31+00:00","og_image":[{"width":512,"height":512,"url":"https:\/\/talkpal.ai\/wp-content\/uploads\/2023\/03\/france.png","type":"image\/png"}],"twitter_card":"summary_large_image","twitter_site":"@talkpalai","twitter_misc":{"Gesch\u00e4tzte Lesezeit":"3\u00a0Minuten"},"schema":{"@context":"https:\/\/schema.org","@graph":[{"@type":"WebPage","@id":"https:\/\/talkpal.ai\/de\/franzoesische-grammatik\/","url":"https:\/\/talkpal.ai\/de\/franzoesische-grammatik\/","name":"Franz\u00f6sische Grammatik - Talkpal","isPartOf":{"@id":"https:\/\/talkpal.ai\/de\/#website"},"primaryImageOfPage":{"@id":"https:\/\/talkpal.ai\/de\/franzoesische-grammatik\/#primaryimage"},"image":{"@id":"https:\/\/talkpal.ai\/de\/franzoesische-grammatik\/#primaryimage"},"thumbnailUrl":"https:\/\/talkpal.ai\/wp-content\/uploads\/2023\/03\/france.png","datePublished":"2023-03-26T11:45:19+00:00","dateModified":"2025-05-22T18:47:31+00:00","description":"Beherrschen Sie die wichtigsten Konzepte der franz\u00f6sischen Grammatik - Verben, Konjugationen, Zeitformen, Substantive, Artikel, Adjektive, Pronomen und Satzbau.","breadcrumb":{"@id":"https:\/\/talkpal.ai\/de\/franzoesische-grammatik\/#breadcrumb"},"inLanguage":"de","potentialAction":[{"@type":"ReadAction","target":["https:\/\/talkpal.ai\/de\/franzoesische-grammatik\/"]}]},{"@type":"ImageObject","inLanguage":"de","@id":"https:\/\/talkpal.ai\/de\/franzoesische-grammatik\/#primaryimage","url":"https:\/\/talkpal.ai\/wp-content\/uploads\/2023\/03\/france.png","contentUrl":"https:\/\/talkpal.ai\/wp-content\/uploads\/2023\/03\/france.png","width":512,"height":512,"caption":"TalkPal AI learn French"},{"@type":"BreadcrumbList","@id":"https:\/\/talkpal.ai\/de\/franzoesische-grammatik\/#breadcrumb","itemListElement":[{"@type":"ListItem","position":1,"name":"Homepage","item":"https:\/\/talkpal.ai\/de\/"},{"@type":"ListItem","position":2,"name":"Franz\u00f6sische Grammatik"}]},{"@type":"WebSite","@id":"https:\/\/talkpal.ai\/de\/#website","url":"https:\/\/talkpal.ai\/de\/","name":"Talkpal","description":"AI Language Learning","publisher":{"@id":"https:\/\/talkpal.ai\/de\/#organization"},"alternateName":"Talkpal AI","potentialAction":[{"@type":"SearchAction","target":{"@type":"EntryPoint","urlTemplate":"https:\/\/talkpal.ai\/de\/?s={search_term_string}"},"query-input":{"@type":"PropertyValueSpecification","valueRequired":true,"valueName":"search_term_string"}}],"inLanguage":"de"},{"@type":"Organization","@id":"https:\/\/talkpal.ai\/de\/#organization","name":"Talkpal, Inc.","alternateName":"Talkpal AI","url":"https:\/\/talkpal.ai\/de\/","logo":{"@type":"ImageObject","inLanguage":"de","@id":"https:\/\/talkpal.ai\/de\/#\/schema\/logo\/image\/","url":"https:\/\/talkpal.ai\/wp-content\/uploads\/2024\/03\/Talkpal-Logo-Icon.png","contentUrl":"https:\/\/talkpal.ai\/wp-content\/uploads\/2024\/03\/Talkpal-Logo-Icon.png","width":2880,"height":2880,"caption":"Talkpal, Inc."},"image":{"@id":"https:\/\/talkpal.ai\/de\/#\/schema\/logo\/image\/"},"sameAs":["https:\/\/www.facebook.com\/profile.php?id=100090733639311","https:\/\/x.com\/talkpalai","https:\/\/www.linkedin.com\/company\/talkpal\/","https:\/\/www.youtube.com\/@TalkPal\/","https:\/\/www.tiktok.com\/@talkpal","https:\/\/www.instagram.com\/talkpal_ai\/","https:\/\/www.crunchbase.com\/organization\/talkpal-9cde","https:\/\/www.g2.com\/products\/talkpal-for-business\/","https:\/\/www.trustpilot.com\/review\/talkpal.ai","https:\/\/www.capterra.com\/p\/10006800\/TalkPal\/"],"description":"Talkpal is a language learning web and mobile education app, powered by the latest AI technologies, that provides engaging experiences to its customers in many different languages to help them improve their language skills. Users can chat about unlimited amount of topics with the app and use other modes to practice their language learning.","email":"support@talkpal.ai","legalName":"Talkpal, Inc.","foundingDate":"2023-04-03","duns":"118989042","numberOfEmployees":{"@type":"QuantitativeValue","minValue":"11","maxValue":"50"},"publishingPrinciples":"https:\/\/talkpal.ai\/publishing-principles\/","actionableFeedbackPolicy":"https:\/\/talkpal.ai\/actionable-feedback-policy\/","correctionsPolicy":"https:\/\/talkpal.ai\/corrections-policy\/","ethicsPolicy":"https:\/\/talkpal.ai\/ethics-policy\/","diversityPolicy":"https:\/\/talkpal.ai\/diversity-policy\/","diversityStaffingReport":"https:\/\/talkpal.ai\/diversity-policy\/"}]}},"_links":{"self":[{"href":"https:\/\/talkpal.ai\/de\/wp-json\/wp\/v2\/pages\/2949","targetHints":{"allow":["GET"]}}],"collection":[{"href":"https:\/\/talkpal.ai\/de\/wp-json\/wp\/v2\/pages"}],"about":[{"href":"https:\/\/talkpal.ai\/de\/wp-json\/wp\/v2\/types\/page"}],"author":[{"embeddable":true,"href":"https:\/\/talkpal.ai\/de\/wp-json\/wp\/v2\/users\/1"}],"replies":[{"embeddable":true,"href":"https:\/\/talkpal.ai\/de\/wp-json\/wp\/v2\/comments?post=2949"}],"version-history":[{"count":0,"href":"https:\/\/talkpal.ai\/de\/wp-json\/wp\/v2\/pages\/2949\/revisions"}],"wp:featuredmedia":[{"embeddable":true,"href":"https:\/\/talkpal.ai\/de\/wp-json\/wp\/v2\/media\/370"}],"wp:attachment":[{"href":"https:\/\/talkpal.ai\/de\/wp-json\/wp\/v2\/media?parent=2949"}],"curies":[{"name":"wp","href":"https:\/\/api.w.org\/{rel}","templated":true}]}}