{"id":2930,"date":"2023-03-26T11:40:15","date_gmt":"2023-03-26T11:40:15","guid":{"rendered":"http:\/\/talkpal.ai\/deutsche-grammatik\/"},"modified":"2025-05-22T19:23:05","modified_gmt":"2025-05-22T19:23:05","slug":"deutsche-grammatik","status":"publish","type":"page","link":"https:\/\/talkpal.ai\/de\/deutsche-grammatik\/","title":{"rendered":"Deutsche Grammatik"},"content":{"rendered":"\r\n\r\n\r\n<section class=\"languageChallengeSection\">\r\n    <div class=\"languageInfoWrapper\">\r\n        \r\n        <h1>Deutsche Grammatik<\/h1>\r\n        <p>Erschlie\u00dfen Sie die Struktur der deutschen Sprache, indem Sie die wichtigsten Grammatikregeln beherrschen. Die Kenntnis der deutschen <a href=\"https:\/\/talkpal.ai\/fr\/les\/\">Grammatik<\/a> wird Ihnen helfen, selbstbewusst zu kommunizieren und den Reichtum der deutschsprachigen Kultur voll zu sch\u00e4tzen. Beginnen Sie noch heute mit dem Erlernen der deutschen Grammatik und machen Sie den ersten Schritt in Richtung flie\u00dfende Sprachkenntnisse!\n\n<\/p>\r\n\r\n                            <a class=\"getStartedHidden\" href=\"https:\/\/app.talkpal.ai\/de\/signup?lng=\">Leg los<\/a>\r\n        \r\n    <\/div>\r\n\r\n    <figure>\r\n    <img decoding=\"async\" width=\"768\" height=\"768\" src=\"https:\/\/talkpal.ai\/wp-content\/uploads\/2023\/06\/german-768x768.png\" class=\"languageImage no-lazy\" alt=\"Default alt text\" fetchpriority=\"high\" sizes=\"(max-width: 768px) 150px, 768px\" srcset=\"https:\/\/talkpal.ai\/wp-content\/uploads\/2023\/06\/german-768x768.png 768w, https:\/\/talkpal.ai\/wp-content\/uploads\/2023\/06\/german-300x300.png 300w\" \/>\r\n    \r\n\r\n    <\/figure>\r\n\r\n            <a class=\"getStartedVisible\" href=\"https:\/\/app.talkpal.ai\/de\/signup?lng=\">Leg los<\/a>\r\n    \r\n<\/section>\r\n        <section class=\"grammarSection\">\r\n            <div class=\"grammarLinks\">\r\n                <a href=\"https:\/\/talkpal.ai\/de\/language\/adjektive-de\/\">Adjektive <\/a><a href=\"https:\/\/talkpal.ai\/de\/language\/adverbien-de\/\">Adverbien <\/a><a href=\"https:\/\/talkpal.ai\/de\/language\/deklination\/\">Deklination <\/a><a href=\"https:\/\/talkpal.ai\/de\/language\/praepositionen-de\/\">Pr\u00e4positionen <\/a><a href=\"https:\/\/talkpal.ai\/de\/language\/pronomen\/\">Pronomen <\/a><a href=\"https:\/\/talkpal.ai\/de\/language\/satzbau-de\/\">Satzbau <\/a><a href=\"https:\/\/talkpal.ai\/de\/language\/nomen-und-artikel\/\">Substantive und Artikel <\/a><a href=\"https:\/\/talkpal.ai\/de\/language\/verben-de\/\">Verben <\/a><a href=\"https:\/\/talkpal.ai\/de\/language\/zeitformen-de\/\">Zeitformen <\/a>            <\/div>\r\n        <\/section>\r\n    <section class=\"promotionalBanner\">\r\n    <p class=\"promotionalText\">Der effizienteste Weg, eine Sprache zu lernen<\/p>\r\n    <a class=\"promotionalLink\" href=\"https:\/\/app.talkpal.ai\/de\/signup?lng=\">Talkpal kostenlos<\/a>\r\n<\/section>\n<div class=\"wp-block-group pageContainerStyle\"><div class=\"wp-block-group__inner-container is-layout-constrained wp-block-group-is-layout-constrained\">\n<h2 class=\"wp-block-heading\" id=\"h-unraveling-the-intricacies-of-german-grammar\">Die Feinheiten der deutschen Grammatik entr\u00e4tseln<\/h2>\n\n\n\n<p><a href=\"https:\/\/talkpal.ai\/learn-german\/\">Deutsch<\/a> zu lernen kann ein spannendes und lohnendes Unterfangen sein. Sie k\u00f6nnen <a href=\"https:\/\/talkpal.ai\/culture\/how-do-i-use-the-word-nicht-nur-sondern-auch\/\">nicht nur<\/a> mit mehr als 130 Millionen Menschen weltweit sprechen, sondern haben auch Zugang zu einer F\u00fclle von Literatur, Musik und Kulturgeschichte. Wie bei jeder anderen Sprache auch, erfordert die Beherrschung der deutschen Sprache Hingabe und Geduld &#8211; vor allem, wenn es um die Grammatik geht. Die gute Nachricht ist, dass viele Aspekte der deutschen Grammatik denen der englischen Grammatik sehr \u00e4hnlich sind, was es f\u00fcr Englischsprachige einfacher macht, sie zu verstehen. In diesem Artikel gehen wir auf einige der wichtigsten Merkmale der deutschen Grammatik ein und geben Ihnen hilfreiche Tipps und Tricks, die Ihnen helfen, diese sch\u00f6ne und komplexe Sprache zu beherrschen.<\/p>\n\n\n\n<h3 class=\"wp-block-heading\" id=\"h-1-nouns-and-articles-get-your-cases-right\">1. Substantive und Artikel &#8211; Die richtige Schreibweise!<\/h3>\n\n\n\n<p>Eine der ersten H\u00fcrden f\u00fcr Englischsprachige, die <a href=\"https:\/\/talkpal.ai\/zh-hans\/%e8%ae%b2%e5%be%b7%e8%af%ad\/\">Deutsch lernen<\/a>, ist das Verst\u00e4ndnis der vier F\u00e4lle: Nominativ, Akkusativ, Dativ und Genitiv. Jeder Fall signalisiert eine andere Funktion eines Substantivs in einem Satz, z. B. das Subjekt, das direkte Objekt oder das indirekte Objekt. Au\u00dferdem gibt es im Deutschen drei grammatikalische Geschlechter (Maskulinum, Femininum und Neutrum), und die Artikel f\u00fcr jedes Geschlecht \u00e4ndern sich je nach Fall. Klingt das verwirrend? Machen Sie sich keine Sorgen! Je vertrauter Sie mit der deutschen Sprache werden, desto eher erkennen Sie Muster und wissen, welchen Fall und welches Geschlecht Sie verwenden m\u00fcssen.<\/p>\n\n\n\n<p>Tipp: Erstellen Sie eine Tabelle mit den bestimmten Artikeln (der, die, das) und <a href=\"https:\/\/talkpal.ai\/de\/grammar_exercises\/ubungen-zu-unbestimmten-artikeln-zur-niederlandischen-grammatik\/\">unbestimmten Artikeln<\/a> (ein, eine, ein) f\u00fcr jedes Geschlecht und jeden Fall. Lernen Sie diese zuerst auswendig, da sie Ihnen als Grundlage f\u00fcr das Verst\u00e4ndnis des deutschen Satzbaus dienen werden.<\/p>\n\n\n\n<h3 class=\"wp-block-heading\" id=\"h-2-verbs-conjugate-and-dominate\">2. Verben &#8211; Konjugieren und beherrschen!<\/h3>\n\n\n\n<p>Im Deutschen sind Verben nicht nur f\u00fcr den Ausdruck von Handlungen wichtig, sondern auch f\u00fcr die Angabe von Zeitform und Stimmung. Genau wie im Englischen m\u00fcssen die deutschen Verben konjugiert werden, um dem Subjekt des Satzes zu entsprechen. <a href=\"https:\/\/talkpal.ai\/culture\/what-is-the-difference-between-es-gibt-and-da-ist\/\">Es gibt<\/a> jedoch einige wichtige Unterschiede, darunter die Verwendung von regelm\u00e4\u00dfigen (schwachen) und unregelm\u00e4\u00dfigen (starken) Verben sowie die Verwendung von Hilfsverben f\u00fcr bestimmte <a href=\"https:\/\/talkpal.ai\/zh-hans\/grammar_exercises\/zeitformen-%e5%be%b7%e5%9b%bd%e8%af%ad%e6%b3%95%e7%bb%83%e4%b9%a0\/\">Zeitformen<\/a>. Die gute Nachricht ist, dass einige Aspekte der deutschen Verbkonjugation einfacher sind als im Englischen, wie z.B. der Verzicht auf die Verwendung von &#8222;do&#8220; f\u00fcr Fragen oder Verneinungen.<\/p>\n\n\n\n<p>Tipp: Beherrschen Sie zun\u00e4chst die Konjugation der regelm\u00e4\u00dfigen Verben und befassen Sie sich dann mit den am h\u00e4ufigsten vorkommenden unregelm\u00e4\u00dfigen Verben. \u00dcben Sie die Verwendung von Hilfsverben in der Vergangenheits- und Zukunftsform, und Sie werden bald in der Lage sein, komplexere S\u00e4tze zu bilden.<\/p>\n\n\n\n<h3 class=\"wp-block-heading\" id=\"h-3-adjectives-show-your-agreement\">3. Adjektive &#8211; Zeigen Sie Ihre Zustimmung!<\/h3>\n\n\n\n<p>Wenn Sie Adjektive zur Beschreibung von Substantiven im Deutschen verwenden, ist es wichtig, die Adjektivvereinbarung zu verstehen. Das bedeutet, dass die Adjektive mit dem Geschlecht und dem Fall des Substantivs \u00fcbereinstimmen m\u00fcssen. In einigen F\u00e4llen ist es erforderlich, dem Adjektiv eine Endung hinzuzuf\u00fcgen, die auf dem Artikel und dem Fall des Substantivs basiert.<\/p>\n\n\n\n<p>Tipp: Verwenden Sie Ihre Artikeltabelle von vorhin, um sich die richtigen Adjektivendungen zu merken. Wenn Sie die Verwendung von Adjektiven in S\u00e4tzen \u00fcben, notieren Sie sich die Endungsmuster und wie sie sich auf das Geschlecht und den Fall des Substantivs beziehen.<\/p>\n\n\n\n<h3 class=\"wp-block-heading\" id=\"h-4-word-order-embrace-the-flexibility\">4. Wortfolge &#8211; Flexibilit\u00e4t ist gefragt!<\/h3>\n\n\n\n<p>Einer der vielen Vorz\u00fcge der deutschen Grammatik ist ihre flexible Wortstellung. Im Gegensatz zum Englischen, das im Allgemeinen einem strengen Subjekt-Verben-Objekt-Schema folgt, k\u00f6nnen <a href=\"https:\/\/talkpal.ai\/master-german-quickly-with-these-essential-deutsche-satze-for-everyday-use\/\">deutsche S\u00e4tze<\/a> in ihrer Struktur variieren. Der Schl\u00fcssel liegt darin, die Bedeutung der Position des Verbs zu verstehen, das normalerweise an zweiter Stelle in einem Hauptsatz und an letzter Stelle in einem Nebensatz steht.<\/p>\n\n\n\n<p>Tipp: Um sich mit den verschiedenen Wortstellungsmustern vertraut zu machen, k\u00f6nnen Sie versuchen, einfache englische S\u00e4tze ins Deutsche zu \u00fcbersetzen und dann den Satz umzustellen, wobei das Verb an seinem Platz bleibt. So werden Sie geschickter darin, nuancierte und ausdrucksstarke S\u00e4tze auf Deutsch zu formulieren.<\/p>\n\n\n\n<h3 class=\"wp-block-heading\" id=\"h-5-prepositions-think-in-german\">5. Pr\u00e4positionen &#8211; Denken Sie auf Deutsch!<\/h3>\n\n\n\n<p>Der wohl schwierigste Teil des Erlernens der deutschen Grammatik ist die Beherrschung der Pr\u00e4positionen. W\u00e4hrend es im Englischen Pr\u00e4positionen gibt, die einem \u00e4hnlichen Zweck dienen, ist ihre Verwendung im Deutschen anders und erfordert oft, dass Sie &#8222;auf Deutsch denken&#8220;, um die richtige auszuw\u00e4hlen. Zum Beispiel kann die englische Pr\u00e4position &#8222;in&#8220; im Deutschen mit &#8222;in&#8220;, &#8222;an&#8220; oder &#8222;auf&#8220; \u00fcbersetzt werden, je nach Kontext.<\/p>\n\n\n\n<p>Tipp: Erstellen Sie Karteikarten mit g\u00e4ngigen Pr\u00e4positionen und ihren englischen Entsprechungen. \u00dcben Sie, sie in S\u00e4tzen zu verwenden, und achten Sie auf die spezifischen Kontexte, in denen jede Pr\u00e4position verwendet wird.<\/p>\n\n\n\n<h3 class=\"wp-block-heading\" id=\"h-conclusion\">Schlussfolgerung:<\/h3>\n\n\n\n<p>Die deutsche Grammatik mag anfangs abschreckend wirken, aber mit viel \u00dcbung, Geduld und der Konzentration auf das Verst\u00e4ndnis der zugrunde liegenden Regeln und Muster werden Sie schon bald mit Leichtigkeit anspruchsvolle S\u00e4tze bilden k\u00f6nnen. Indem sie die Feinheiten der deutschen Grammatik verstehen, werden Englischsprachige nicht nur ihre Sprachkenntnisse verbessern, sondern auch eine neu entdeckte Wertsch\u00e4tzung f\u00fcr diese sch\u00f6ne und komplexe Sprache entwickeln. Jetzt geht&#8217;s auf! Es ist an der Zeit, in die Welt der deutschen Grammatik einzutauchen und Ihr volles Sprachlernpotenzial zu erschlie\u00dfen.<\/p>\n<\/div><\/div>\n\r\n<section class=\"learnNavigationSection\">\r\n            \r\n        <a href=\"https:\/\/talkpal.ai\/de\/deutsch-lernen\/\">\r\n            <div class=\"learnNavigationWrapper\">\r\n                <div class=\"learnNavigationContent\">\r\n                    <img decoding=\"async\" src=\"https:\/\/talkpal.ai\/wp-content\/uploads\/2024\/08\/German.jpg\" alt=\"German Flag\">\r\n                    <div>\r\n                        <h4>\u00dcber Deutsch lernen<\/h4>\r\n                        <p>Erfahren Sie alles \u00fcber die deutsche Grammatik.<\/p>\r\n                    <\/div>\r\n                <\/div>\r\n            <\/div>\r\n        <\/a>\r\n\r\n        \r\n        <a href=\"https:\/\/talkpal.ai\/de\/uebungen-zur-deutschen-grammatik\/\">\r\n            <div class=\"learnNavigationWrapper\">\r\n                <div class=\"learnNavigationContent\">\r\n                    <img decoding=\"async\" src=\"https:\/\/talkpal.ai\/wp-content\/uploads\/2024\/08\/German.jpg\" alt=\"German Flag\">\r\n                    <div>\r\n                        <h4>\u00dcbung zur deutschen Grammatik<\/h4>\r\n                        <p>\u00dcben Sie die deutsche Grammatik.<\/p>\r\n                    <\/div>\r\n                <\/div>\r\n            <\/div>\r\n        <\/a>\r\n\r\n        \r\n        <a href=\"https:\/\/talkpal.ai\/vocabulary_language\/german\/\">\r\n            <div class=\"learnNavigationWrapper\">\r\n                <div class=\"learnNavigationContent\">\r\n                    <img decoding=\"async\" src=\"https:\/\/talkpal.ai\/wp-content\/uploads\/2024\/08\/German.jpg\" alt=\"German Flag\">\r\n                    <div>\r\n                        <h4>Deutscher Wortschatz<\/h4>\r\n                        <p>Erweitern Sie Ihren deutschen Wortschatz.<\/p>\r\n                    <\/div>\r\n                <\/div>\r\n            <\/div>\r\n        <\/a>\r\n\r\n            <\/section>","protected":false},"excerpt":{"rendered":"<p>Die Feinheiten der deutschen Grammatik entr\u00e4tseln Deutsch zu lernen kann ein spannendes und lohnendes Unterfangen sein. Sie k\u00f6nnen nicht nur mit mehr als 130 Millionen Menschen weltweit sprechen, sondern haben auch Zugang zu einer F\u00fclle von Literatur, Musik und Kulturgeschichte. Wie bei jeder anderen Sprache auch, erfordert die Beherrschung der deutschen Sprache Hingabe und Geduld [&hellip;]<\/p>\n","protected":false},"author":1,"featured_media":371,"parent":0,"menu_order":0,"comment_status":"closed","ping_status":"closed","template":"LearningContentPage.php","meta":{"_acf_changed":false,"footnotes":""},"class_list":["post-2930","page","type-page","status-publish","has-post-thumbnail","hentry"],"acf":[],"yoast_head":"<!-- This site is optimized with the Yoast SEO Premium plugin v27.2 (Yoast SEO v27.2) - https:\/\/yoast.com\/product\/yoast-seo-premium-wordpress\/ -->\n<title>Deutsche Grammatik - Talkpal<\/title>\n<meta name=\"description\" content=\"Lernen Sie m\u00fchelos die deutsche Grammatik - verstehen Sie die wichtigsten Regeln, \u00fcben Sie den Satzbau und sprechen Sie deutlich mit der TalkpalKI-gest\u00fctzter Unterst\u00fctzung.\" \/>\n<meta name=\"robots\" content=\"index, follow, max-snippet:-1, max-image-preview:large, max-video-preview:-1\" \/>\n<link rel=\"canonical\" href=\"https:\/\/talkpal.ai\/de\/deutsche-grammatik\/\" \/>\n<meta property=\"og:locale\" content=\"de_DE\" \/>\n<meta property=\"og:type\" content=\"article\" \/>\n<meta property=\"og:title\" content=\"Deutsche Grammatik\" \/>\n<meta property=\"og:description\" content=\"Die Feinheiten der deutschen Grammatik entr\u00e4tseln Deutsch zu lernen kann ein spannendes und lohnendes Unterfangen sein. Sie k\u00f6nnen nicht nur mit mehr als\" \/>\n<meta property=\"og:url\" content=\"https:\/\/talkpal.ai\/de\/deutsche-grammatik\/\" \/>\n<meta property=\"og:site_name\" content=\"Talkpal\" \/>\n<meta property=\"article:publisher\" content=\"https:\/\/www.facebook.com\/profile.php?id=100090733639311\" \/>\n<meta property=\"article:modified_time\" content=\"2025-05-22T19:23:05+00:00\" \/>\n<meta property=\"og:image\" content=\"https:\/\/talkpal.ai\/wp-content\/uploads\/2023\/03\/germany.png\" \/>\n\t<meta property=\"og:image:width\" content=\"512\" \/>\n\t<meta property=\"og:image:height\" content=\"512\" \/>\n\t<meta property=\"og:image:type\" content=\"image\/png\" \/>\n<meta name=\"twitter:card\" content=\"summary_large_image\" \/>\n<meta name=\"twitter:site\" content=\"@talkpalai\" \/>\n<meta name=\"twitter:label1\" content=\"Gesch\u00e4tzte Lesezeit\" \/>\n\t<meta name=\"twitter:data1\" content=\"4\u00a0Minuten\" \/>\n<script type=\"application\/ld+json\" class=\"yoast-schema-graph\">{\"@context\":\"https:\/\/schema.org\",\"@graph\":[{\"@type\":\"WebPage\",\"@id\":\"https:\/\/talkpal.ai\/de\/deutsche-grammatik\/\",\"url\":\"https:\/\/talkpal.ai\/de\/deutsche-grammatik\/\",\"name\":\"Deutsche Grammatik - Talkpal\",\"isPartOf\":{\"@id\":\"https:\/\/talkpal.ai\/de\/#website\"},\"primaryImageOfPage\":{\"@id\":\"https:\/\/talkpal.ai\/de\/deutsche-grammatik\/#primaryimage\"},\"image\":{\"@id\":\"https:\/\/talkpal.ai\/de\/deutsche-grammatik\/#primaryimage\"},\"thumbnailUrl\":\"https:\/\/talkpal.ai\/wp-content\/uploads\/2023\/03\/germany.png\",\"datePublished\":\"2023-03-26T11:40:15+00:00\",\"dateModified\":\"2025-05-22T19:23:05+00:00\",\"description\":\"Lernen Sie m\u00fchelos die deutsche Grammatik - verstehen Sie die wichtigsten Regeln, \u00fcben Sie den Satzbau und sprechen Sie deutlich mit der TalkpalKI-gest\u00fctzter Unterst\u00fctzung.\",\"breadcrumb\":{\"@id\":\"https:\/\/talkpal.ai\/de\/deutsche-grammatik\/#breadcrumb\"},\"inLanguage\":\"de\",\"potentialAction\":[{\"@type\":\"ReadAction\",\"target\":[\"https:\/\/talkpal.ai\/de\/deutsche-grammatik\/\"]}]},{\"@type\":\"ImageObject\",\"inLanguage\":\"de\",\"@id\":\"https:\/\/talkpal.ai\/de\/deutsche-grammatik\/#primaryimage\",\"url\":\"https:\/\/talkpal.ai\/wp-content\/uploads\/2023\/03\/germany.png\",\"contentUrl\":\"https:\/\/talkpal.ai\/wp-content\/uploads\/2023\/03\/germany.png\",\"width\":512,\"height\":512,\"caption\":\"TalkPal AI learn German\"},{\"@type\":\"BreadcrumbList\",\"@id\":\"https:\/\/talkpal.ai\/de\/deutsche-grammatik\/#breadcrumb\",\"itemListElement\":[{\"@type\":\"ListItem\",\"position\":1,\"name\":\"Homepage\",\"item\":\"https:\/\/talkpal.ai\/de\/\"},{\"@type\":\"ListItem\",\"position\":2,\"name\":\"Deutsche Grammatik\"}]},{\"@type\":\"WebSite\",\"@id\":\"https:\/\/talkpal.ai\/de\/#website\",\"url\":\"https:\/\/talkpal.ai\/de\/\",\"name\":\"Talkpal\",\"description\":\"AI Language Learning\",\"publisher\":{\"@id\":\"https:\/\/talkpal.ai\/de\/#organization\"},\"alternateName\":\"Talkpal AI\",\"potentialAction\":[{\"@type\":\"SearchAction\",\"target\":{\"@type\":\"EntryPoint\",\"urlTemplate\":\"https:\/\/talkpal.ai\/de\/?s={search_term_string}\"},\"query-input\":{\"@type\":\"PropertyValueSpecification\",\"valueRequired\":true,\"valueName\":\"search_term_string\"}}],\"inLanguage\":\"de\"},{\"@type\":\"Organization\",\"@id\":\"https:\/\/talkpal.ai\/de\/#organization\",\"name\":\"Talkpal, Inc.\",\"alternateName\":\"Talkpal AI\",\"url\":\"https:\/\/talkpal.ai\/de\/\",\"logo\":{\"@type\":\"ImageObject\",\"inLanguage\":\"de\",\"@id\":\"https:\/\/talkpal.ai\/de\/#\/schema\/logo\/image\/\",\"url\":\"https:\/\/talkpal.ai\/wp-content\/uploads\/2024\/03\/Talkpal-Logo-Icon.png\",\"contentUrl\":\"https:\/\/talkpal.ai\/wp-content\/uploads\/2024\/03\/Talkpal-Logo-Icon.png\",\"width\":2880,\"height\":2880,\"caption\":\"Talkpal, Inc.\"},\"image\":{\"@id\":\"https:\/\/talkpal.ai\/de\/#\/schema\/logo\/image\/\"},\"sameAs\":[\"https:\/\/www.facebook.com\/profile.php?id=100090733639311\",\"https:\/\/x.com\/talkpalai\",\"https:\/\/www.linkedin.com\/company\/talkpal\/\",\"https:\/\/www.youtube.com\/@TalkPal\/\",\"https:\/\/www.tiktok.com\/@talkpal\",\"https:\/\/www.instagram.com\/talkpal_ai\/\",\"https:\/\/www.crunchbase.com\/organization\/talkpal-9cde\",\"https:\/\/www.g2.com\/products\/talkpal-for-business\/\",\"https:\/\/www.trustpilot.com\/review\/talkpal.ai\",\"https:\/\/www.capterra.com\/p\/10006800\/TalkPal\/\"],\"description\":\"Talkpal is a language learning web and mobile education app, powered by the latest AI technologies, that provides engaging experiences to its customers in many different languages to help them improve their language skills. Users can chat about unlimited amount of topics with the app and use other modes to practice their language learning.\",\"email\":\"support@talkpal.ai\",\"legalName\":\"Talkpal, Inc.\",\"foundingDate\":\"2023-04-03\",\"duns\":\"118989042\",\"numberOfEmployees\":{\"@type\":\"QuantitativeValue\",\"minValue\":\"11\",\"maxValue\":\"50\"},\"publishingPrinciples\":\"https:\/\/talkpal.ai\/publishing-principles\/\",\"actionableFeedbackPolicy\":\"https:\/\/talkpal.ai\/actionable-feedback-policy\/\",\"correctionsPolicy\":\"https:\/\/talkpal.ai\/corrections-policy\/\",\"ethicsPolicy\":\"https:\/\/talkpal.ai\/ethics-policy\/\",\"diversityPolicy\":\"https:\/\/talkpal.ai\/diversity-policy\/\",\"diversityStaffingReport\":\"https:\/\/talkpal.ai\/diversity-policy\/\"}]}<\/script>\n<!-- \/ Yoast SEO Premium plugin. -->","yoast_head_json":{"title":"Deutsche Grammatik - Talkpal","description":"Lernen Sie m\u00fchelos die deutsche Grammatik - verstehen Sie die wichtigsten Regeln, \u00fcben Sie den Satzbau und sprechen Sie deutlich mit der TalkpalKI-gest\u00fctzter Unterst\u00fctzung.","robots":{"index":"index","follow":"follow","max-snippet":"max-snippet:-1","max-image-preview":"max-image-preview:large","max-video-preview":"max-video-preview:-1"},"canonical":"https:\/\/talkpal.ai\/de\/deutsche-grammatik\/","og_locale":"de_DE","og_type":"article","og_title":"Deutsche Grammatik","og_description":"Die Feinheiten der deutschen Grammatik entr\u00e4tseln Deutsch zu lernen kann ein spannendes und lohnendes Unterfangen sein. Sie k\u00f6nnen nicht nur mit mehr als","og_url":"https:\/\/talkpal.ai\/de\/deutsche-grammatik\/","og_site_name":"Talkpal","article_publisher":"https:\/\/www.facebook.com\/profile.php?id=100090733639311","article_modified_time":"2025-05-22T19:23:05+00:00","og_image":[{"width":512,"height":512,"url":"https:\/\/talkpal.ai\/wp-content\/uploads\/2023\/03\/germany.png","type":"image\/png"}],"twitter_card":"summary_large_image","twitter_site":"@talkpalai","twitter_misc":{"Gesch\u00e4tzte Lesezeit":"4\u00a0Minuten"},"schema":{"@context":"https:\/\/schema.org","@graph":[{"@type":"WebPage","@id":"https:\/\/talkpal.ai\/de\/deutsche-grammatik\/","url":"https:\/\/talkpal.ai\/de\/deutsche-grammatik\/","name":"Deutsche Grammatik - Talkpal","isPartOf":{"@id":"https:\/\/talkpal.ai\/de\/#website"},"primaryImageOfPage":{"@id":"https:\/\/talkpal.ai\/de\/deutsche-grammatik\/#primaryimage"},"image":{"@id":"https:\/\/talkpal.ai\/de\/deutsche-grammatik\/#primaryimage"},"thumbnailUrl":"https:\/\/talkpal.ai\/wp-content\/uploads\/2023\/03\/germany.png","datePublished":"2023-03-26T11:40:15+00:00","dateModified":"2025-05-22T19:23:05+00:00","description":"Lernen Sie m\u00fchelos die deutsche Grammatik - verstehen Sie die wichtigsten Regeln, \u00fcben Sie den Satzbau und sprechen Sie deutlich mit der TalkpalKI-gest\u00fctzter Unterst\u00fctzung.","breadcrumb":{"@id":"https:\/\/talkpal.ai\/de\/deutsche-grammatik\/#breadcrumb"},"inLanguage":"de","potentialAction":[{"@type":"ReadAction","target":["https:\/\/talkpal.ai\/de\/deutsche-grammatik\/"]}]},{"@type":"ImageObject","inLanguage":"de","@id":"https:\/\/talkpal.ai\/de\/deutsche-grammatik\/#primaryimage","url":"https:\/\/talkpal.ai\/wp-content\/uploads\/2023\/03\/germany.png","contentUrl":"https:\/\/talkpal.ai\/wp-content\/uploads\/2023\/03\/germany.png","width":512,"height":512,"caption":"TalkPal AI learn German"},{"@type":"BreadcrumbList","@id":"https:\/\/talkpal.ai\/de\/deutsche-grammatik\/#breadcrumb","itemListElement":[{"@type":"ListItem","position":1,"name":"Homepage","item":"https:\/\/talkpal.ai\/de\/"},{"@type":"ListItem","position":2,"name":"Deutsche Grammatik"}]},{"@type":"WebSite","@id":"https:\/\/talkpal.ai\/de\/#website","url":"https:\/\/talkpal.ai\/de\/","name":"Talkpal","description":"AI Language Learning","publisher":{"@id":"https:\/\/talkpal.ai\/de\/#organization"},"alternateName":"Talkpal AI","potentialAction":[{"@type":"SearchAction","target":{"@type":"EntryPoint","urlTemplate":"https:\/\/talkpal.ai\/de\/?s={search_term_string}"},"query-input":{"@type":"PropertyValueSpecification","valueRequired":true,"valueName":"search_term_string"}}],"inLanguage":"de"},{"@type":"Organization","@id":"https:\/\/talkpal.ai\/de\/#organization","name":"Talkpal, Inc.","alternateName":"Talkpal AI","url":"https:\/\/talkpal.ai\/de\/","logo":{"@type":"ImageObject","inLanguage":"de","@id":"https:\/\/talkpal.ai\/de\/#\/schema\/logo\/image\/","url":"https:\/\/talkpal.ai\/wp-content\/uploads\/2024\/03\/Talkpal-Logo-Icon.png","contentUrl":"https:\/\/talkpal.ai\/wp-content\/uploads\/2024\/03\/Talkpal-Logo-Icon.png","width":2880,"height":2880,"caption":"Talkpal, Inc."},"image":{"@id":"https:\/\/talkpal.ai\/de\/#\/schema\/logo\/image\/"},"sameAs":["https:\/\/www.facebook.com\/profile.php?id=100090733639311","https:\/\/x.com\/talkpalai","https:\/\/www.linkedin.com\/company\/talkpal\/","https:\/\/www.youtube.com\/@TalkPal\/","https:\/\/www.tiktok.com\/@talkpal","https:\/\/www.instagram.com\/talkpal_ai\/","https:\/\/www.crunchbase.com\/organization\/talkpal-9cde","https:\/\/www.g2.com\/products\/talkpal-for-business\/","https:\/\/www.trustpilot.com\/review\/talkpal.ai","https:\/\/www.capterra.com\/p\/10006800\/TalkPal\/"],"description":"Talkpal is a language learning web and mobile education app, powered by the latest AI technologies, that provides engaging experiences to its customers in many different languages to help them improve their language skills. Users can chat about unlimited amount of topics with the app and use other modes to practice their language learning.","email":"support@talkpal.ai","legalName":"Talkpal, Inc.","foundingDate":"2023-04-03","duns":"118989042","numberOfEmployees":{"@type":"QuantitativeValue","minValue":"11","maxValue":"50"},"publishingPrinciples":"https:\/\/talkpal.ai\/publishing-principles\/","actionableFeedbackPolicy":"https:\/\/talkpal.ai\/actionable-feedback-policy\/","correctionsPolicy":"https:\/\/talkpal.ai\/corrections-policy\/","ethicsPolicy":"https:\/\/talkpal.ai\/ethics-policy\/","diversityPolicy":"https:\/\/talkpal.ai\/diversity-policy\/","diversityStaffingReport":"https:\/\/talkpal.ai\/diversity-policy\/"}]}},"_links":{"self":[{"href":"https:\/\/talkpal.ai\/de\/wp-json\/wp\/v2\/pages\/2930","targetHints":{"allow":["GET"]}}],"collection":[{"href":"https:\/\/talkpal.ai\/de\/wp-json\/wp\/v2\/pages"}],"about":[{"href":"https:\/\/talkpal.ai\/de\/wp-json\/wp\/v2\/types\/page"}],"author":[{"embeddable":true,"href":"https:\/\/talkpal.ai\/de\/wp-json\/wp\/v2\/users\/1"}],"replies":[{"embeddable":true,"href":"https:\/\/talkpal.ai\/de\/wp-json\/wp\/v2\/comments?post=2930"}],"version-history":[{"count":0,"href":"https:\/\/talkpal.ai\/de\/wp-json\/wp\/v2\/pages\/2930\/revisions"}],"wp:featuredmedia":[{"embeddable":true,"href":"https:\/\/talkpal.ai\/de\/wp-json\/wp\/v2\/media\/371"}],"wp:attachment":[{"href":"https:\/\/talkpal.ai\/de\/wp-json\/wp\/v2\/media?parent=2930"}],"curies":[{"name":"wp","href":"https:\/\/api.w.org\/{rel}","templated":true}]}}