{"id":2925,"date":"2023-03-26T11:55:54","date_gmt":"2023-03-26T11:55:54","guid":{"rendered":"http:\/\/talkpal.ai\/spanische-grammatik\/"},"modified":"2025-05-22T18:51:13","modified_gmt":"2025-05-22T18:51:13","slug":"spanische-grammatik","status":"publish","type":"page","link":"https:\/\/talkpal.ai\/de\/spanische-grammatik\/","title":{"rendered":"Spanische Grammatik"},"content":{"rendered":"\r\n\r\n\r\n<section class=\"languageChallengeSection\">\r\n    <div class=\"languageInfoWrapper\">\r\n        \r\n        <h1>Spanische Grammatik<\/h1>\r\n        <p>Tauchen Sie ein in die lebendige Welt des Spanischen, indem Sie die wichtigsten Grammatikregeln beherrschen. Wenn Sie die spanische <a href=\"https:\/\/talkpal.ai\/fr\/les\/\">Grammatik<\/a> verstehen, k\u00f6nnen Sie selbstbewusst kommunizieren und neue Kontakte zu Millionen von Sprechern weltweit kn\u00fcpfen. Fangen Sie noch heute an, <a href=\"https:\/\/talkpal.ai\/spanish-grammar\/\">spanische Grammatik<\/a> zu lernen und machen Sie den ersten Schritt in Richtung flie\u00dfend sprechen!<\/p>\r\n\r\n                            <a class=\"getStartedHidden\" href=\"https:\/\/app.talkpal.ai\/de\/signup?lng=\">Leg los<\/a>\r\n        \r\n    <\/div>\r\n\r\n    <figure>\r\n    <img decoding=\"async\" width=\"768\" height=\"768\" src=\"https:\/\/talkpal.ai\/wp-content\/uploads\/2023\/06\/Spanish-768x768.png\" class=\"languageImage no-lazy\" alt=\"Default alt text\" fetchpriority=\"high\" sizes=\"(max-width: 768px) 150px, 768px\" srcset=\"https:\/\/talkpal.ai\/wp-content\/uploads\/2023\/06\/Spanish-768x768.png 768w, https:\/\/talkpal.ai\/wp-content\/uploads\/2023\/06\/Spanish-300x300.png 300w\" \/>\r\n    \r\n\r\n    <\/figure>\r\n\r\n            <a class=\"getStartedVisible\" href=\"https:\/\/app.talkpal.ai\/de\/signup?lng=\">Leg los<\/a>\r\n    \r\n<\/section>\r\n        <section class=\"grammarSection\">\r\n            <div class=\"grammarLinks\">\r\n                <a href=\"https:\/\/talkpal.ai\/de\/language\/adjektive-de-3\/\">Adjektive <\/a><a href=\"https:\/\/talkpal.ai\/de\/language\/adverbien-de-3\/\">Adverbien <\/a><a href=\"https:\/\/talkpal.ai\/de\/language\/artikel-de-2\/\">Artikel <\/a><a href=\"https:\/\/talkpal.ai\/de\/language\/zeiten-indikativ\/\">Indikativ der Zeitformen <\/a><a href=\"https:\/\/talkpal.ai\/de\/language\/praepositionen-de-3\/\">Pr\u00e4positionen <\/a><a href=\"https:\/\/talkpal.ai\/de\/language\/pronomen-de-2\/\">Pronomen <\/a><a href=\"https:\/\/talkpal.ai\/de\/language\/satzbau-de-3\/\">Satzbau <\/a><a href=\"https:\/\/talkpal.ai\/de\/language\/substantive\/\">Substantive <\/a><a href=\"https:\/\/talkpal.ai\/de\/language\/verben-de-3\/\">Verben <\/a><a href=\"https:\/\/talkpal.ai\/de\/language\/zeiten-subjuntivo\/\">Zeitformen Konjunktiv <\/a>            <\/div>\r\n        <\/section>\r\n    <section class=\"promotionalBanner\">\r\n    <p class=\"promotionalText\"><\/p>\r\n    <a class=\"promotionalLink\" href=\"https:\/\/app.talkpal.ai\/de\/signup?lng=\"><\/a>\r\n<\/section>\n<div class=\"wp-block-group pageContainerStyle\"><div class=\"wp-block-group__inner-container is-layout-constrained wp-block-group-is-layout-constrained\">\n<h2 class=\"wp-block-heading\" id=\"h-a-quick-guide-to-learning-spanish-grammar\">Eine Kurzanleitung zum Erlernen der spanischen Grammatik<\/h2>\n\n\n\n<p>Wenn Sie jemals dar\u00fcber nachgedacht haben, eine neue Sprache zu lernen, ist es sehr wahrscheinlich, dass Ihnen <a href=\"https:\/\/talkpal.ai\/learn-spanish\/\">Spanisch<\/a> in den Sinn gekommen ist. Als eine der weltweit am h\u00e4ufigsten <a href=\"https:\/\/talkpal.ai\/de\/was-sind-die-am-haeufigsten-gesprochenen-sprachen-in-den-usa\/\">gesprochenen Sprachen<\/a> bietet Spanisch zahlreiche Vorteile f\u00fcr die pers\u00f6nliche und berufliche Entwicklung. Das Erlernen der spanischen Sprache wird Ihnen <a href=\"https:\/\/talkpal.ai\/culture\/how-do-i-use-the-word-nicht-nur-sondern-auch\/\">nicht nur<\/a> Zugang zu neuen Kulturen verschaffen, sondern auch Ihre <a href=\"https:\/\/talkpal.ai\/de\/sprechen-und-verstehen-so-verbessern-sie-ihre-kommunikationsfahigkeiten-schnell\/\">Kommunikationsf\u00e4higkeiten verbessern<\/a>. Obwohl viele Menschen Angst davor haben, sich in Grammatikregeln zu verheddern, k\u00f6nnen Sie aufatmen, denn die spanische Grammatik ist relativ einfach. In diesem Artikel geben wir Ihnen einen kurzen Leitfaden an die Hand, mit dem Sie sich wie ein Profi durch die aufregende Welt der spanischen Grammatik bewegen k\u00f6nnen!<\/p>\n\n\n\n<h3 class=\"wp-block-heading\" id=\"h-1-understanding-spanish-nouns-and-articles\">1. Spanische Substantive und Artikel verstehen<\/h3>\n\n\n\n<p>Wie im Englischen werden auch im Spanischen Substantive verwendet, um Personen, Orte, Gegenst\u00e4nde, Ideen und Gef\u00fchle zu bezeichnen. Die erste Regel, die man sich bei spanischen Substantiven merken sollte, ist, dass sie ein Geschlecht haben. Spanische Substantive sind entweder maskulin oder feminin. Zum Beispiel ist &#8218;libro&#8216; (Buch) maskulin und &#8218;casa&#8216; (Haus) feminin. Oftmals sind Substantive, die auf &#8218;o&#8216; enden, m\u00e4nnlich, w\u00e4hrend solche, die auf &#8218;a&#8216; enden, weiblich sind.<\/p>\n\n\n\n<p>Spanische Artikel sind \u00e4hnlich wie das englische &#8218;the&#8216;, &#8218;a&#8216; oder &#8218;an&#8216;. Sie sind ein wichtiger Bestandteil der Sprache, da sie mit dem Geschlecht und der Zahl des Substantivs, das sie beschreiben, \u00fcbereinstimmen m\u00fcssen. <a href=\"https:\/\/talkpal.ai\/culture\/what-is-the-difference-between-es-gibt-and-da-ist\/\">Es gibt<\/a> vier Arten von spanischen Artikeln:<\/p>\n\n\n\n<p>&#8211; <strong>Bestimmte Artikel:<\/strong> el (der m\u00e4nnliche Singular), la (der weibliche Singular), los (der m\u00e4nnliche Plural) und las (der weibliche Plural).<br\/>&#8211; <strong>Unbestimmte Artikel:<\/strong> un (ein\/e m\u00e4nnliche\/r Singular), una (ein\/e weibliche\/r Singular), unos (einige m\u00e4nnliche Pluralformen) und unas (einige weibliche Pluralformen).<\/p>\n\n\n\n<h3 class=\"wp-block-heading\" id=\"h-2-slaying-spanish-verbs-conjugation-and-tenses\">2. Spanische Verben erschlagen: Konjugation und Zeitformen<\/h3>\n\n\n\n<p>Einer der wichtigsten Aspekte beim Erlernen der spanischen Grammatik ist das Verst\u00e4ndnis der Konjugation von Verben. Konjugation bedeutet einfach, dass die Stammform des Verbs ge\u00e4ndert wird, damit sie zu seinem Subjekt und seiner Zeitform passt. Im Spanischen sagt man zum Beispiel &#8218;Yo como&#8216; (ich esse) und &#8218;\u00e9l come&#8216; (er isst). Beachten Sie, dass das Verb comer (essen) seine Form \u00e4ndert, wenn Sie das Subjekt wechseln.<\/p>\n\n\n\n<p><strong>Einige h\u00e4ufige regelm\u00e4\u00dfige Verben im Spanischen sind:<\/strong><\/p>\n\n\n\n<p>&#8211; AR-Verben: hablar (sprechen), amar (lieben) und bailar (tanzen).<br\/>&#8211; ER-Verben: comer (essen), aprender (lernen) und vender (verkaufen).<br\/>&#8211; IR-Verben: vivir (leben), escribir (schreiben) und descubrir (entdecken).<\/p>\n\n\n\n<p>Genau wie im Englischen gibt es auch im Spanischen mehrere Verbformen, um den Zeitpunkt einer Handlung zu bezeichnen. Die wichtigsten davon sind:<\/p>\n\n\n\n<p><strong>&#8211; Anwesend<\/strong><br\/><strong>&#8211; Pr\u00e4teritum<\/strong><br\/><strong>&#8211; Unvollkommen<\/strong><br\/><strong>&#8211; Zukunft<\/strong><br\/><strong>&#8211; Bedingt<\/strong><br\/><strong>&#8211; Konjunktiv Pr\u00e4sens<\/strong><br\/><strong>&#8211; Imperfect Subjunctive<\/strong><\/p>\n\n\n\n<p>Machen Sie sich keinen Stress damit, alle Verbformen auf einmal zu lernen. Nehmen Sie sie nach und nach in Angriff und \u00fcben Sie, bis Sie sie sicher anwenden k\u00f6nnen.<\/p>\n\n\n\n<h3 class=\"wp-block-heading\" id=\"h-3-creating-sentences-with-spanish-adjectives-and-adverbs\">3. Bildung von S\u00e4tzen mit spanischen Adjektiven und Adverbien<\/h3>\n\n\n\n<p>Adjektive und Adverbien spielen eine wichtige Rolle beim Aufpeppen Ihrer spanischen S\u00e4tze. Adjektive beschreiben Eigenschaften oder Merkmale von Substantiven, w\u00e4hrend Adverbien Handlungen oder Verben beschreiben. Im Spanischen m\u00fcssen Adjektive mit dem Substantiv, das sie beschreiben, sowohl im Geschlecht als auch in der Zahl \u00fcbereinstimmen.<\/p>\n\n\n\n<p>Ein wesentlicher Unterschied zwischen dem Spanischen und dem Englischen ist die Reihenfolge der Adjektive. Spanische Adjektive stehen normalerweise nach dem Substantiv, z.B. &#8218;un coche rojo&#8216; (ein rotes Auto).<\/p>\n\n\n\n<p>Spanische Adverbien hingegen \u00e4ndern sich nie nach Geschlecht oder Zahl. Genau wie im Englischen stehen Adverbien in der Regel nach dem Verb, das sie modifizieren, z. B. &#8218;Ella habla r\u00e1pidamente&#8216; (Sie spricht schnell).<\/p>\n\n\n\n<h3 class=\"wp-block-heading\" id=\"h-conclusion\">Schlussfolgerung<\/h3>\n\n\n\n<p>Spanische Grammatik sollte Ihnen keine Angst einjagen! Zugegeben, es erfordert \u00dcbung, aber wenn Sie diese einfachen Richtlinien befolgen, werden Sie auf dem besten Weg sein, ein hervorragender Spanischsprecher zu werden. Denken Sie immer daran, sich mit der Sprache auf spielerische und unterhaltsame Weise zu besch\u00e4ftigen, w\u00e4hrend Sie Nomen, Verben, Adjektive und Adverbien erkunden. \u00dcben Sie weiter, lassen Sie sich auf die Kultur ein, und lassen Sie Ihre spanische Reise sich entfalten. \u00a1Buena suerte!<\/p>\n<\/div><\/div>\n\r\n<section class=\"learnNavigationSection\">\r\n            \r\n        <a href=\"https:\/\/talkpal.ai\/de\/spanisch-lernen\/\">\r\n            <div class=\"learnNavigationWrapper\">\r\n                <div class=\"learnNavigationContent\">\r\n                    <img decoding=\"async\" src=\"https:\/\/talkpal.ai\/wp-content\/uploads\/2024\/08\/Spanish.jpg\" alt=\"Spanish Flag\">\r\n                    <div>\r\n                        <h4>\u00dcber Spanisch lernen<\/h4>\r\n                        <p>Erfahren Sie alles \u00fcber die spanische Grammatik.<\/p>\r\n                    <\/div>\r\n                <\/div>\r\n            <\/div>\r\n        <\/a>\r\n\r\n        \r\n        <a href=\"https:\/\/talkpal.ai\/de\/uebungen-zur-spanischen-grammatik\/\">\r\n            <div class=\"learnNavigationWrapper\">\r\n                <div class=\"learnNavigationContent\">\r\n                    <img decoding=\"async\" src=\"https:\/\/talkpal.ai\/wp-content\/uploads\/2024\/08\/Spanish.jpg\" alt=\"Spanish Flag\">\r\n                    <div>\r\n                        <h4>\u00dcbung zur spanischen Grammatik<\/h4>\r\n                        <p>\u00dcbe die spanische Grammatik.<\/p>\r\n                    <\/div>\r\n                <\/div>\r\n            <\/div>\r\n        <\/a>\r\n\r\n        \r\n        <a href=\"https:\/\/talkpal.ai\/vocabulary_language\/spanish\/\">\r\n            <div class=\"learnNavigationWrapper\">\r\n                <div class=\"learnNavigationContent\">\r\n                    <img decoding=\"async\" src=\"https:\/\/talkpal.ai\/wp-content\/uploads\/2024\/08\/Spanish.jpg\" alt=\"Spanish Flag\">\r\n                    <div>\r\n                        <h4>Spanisch Vokabeln<\/h4>\r\n                        <p>Erweitern Sie Ihren spanischen Wortschatz.<\/p>\r\n                    <\/div>\r\n                <\/div>\r\n            <\/div>\r\n        <\/a>\r\n\r\n            <\/section>","protected":false},"excerpt":{"rendered":"<p>Eine Kurzanleitung zum Erlernen der spanischen Grammatik Wenn Sie jemals dar\u00fcber nachgedacht haben, eine neue Sprache zu lernen, ist es sehr wahrscheinlich, dass Ihnen Spanisch in den Sinn gekommen ist. Als eine der weltweit am h\u00e4ufigsten gesprochenen Sprachen bietet Spanisch zahlreiche Vorteile f\u00fcr die pers\u00f6nliche und berufliche Entwicklung. Das Erlernen der spanischen Sprache wird Ihnen [&hellip;]<\/p>\n","protected":false},"author":1,"featured_media":373,"parent":0,"menu_order":0,"comment_status":"closed","ping_status":"closed","template":"LearningContentPage.php","meta":{"_acf_changed":false,"footnotes":""},"class_list":["post-2925","page","type-page","status-publish","has-post-thumbnail","hentry"],"acf":[],"yoast_head":"<!-- This site is optimized with the Yoast SEO Premium plugin v27.2 (Yoast SEO v27.2) - https:\/\/yoast.com\/product\/yoast-seo-premium-wordpress\/ -->\n<title>Spanische Grammatik - Talkpal<\/title>\n<meta name=\"description\" content=\"Verbessern Sie Ihre spanischen Grammatikkenntnisse mit interaktiven \u00dcbungen, die f\u00fcr alle Sprachniveaus geeignet sind. \u00dcben Sie effektiv Spanisch!\" \/>\n<meta name=\"robots\" content=\"index, follow, max-snippet:-1, max-image-preview:large, max-video-preview:-1\" \/>\n<link rel=\"canonical\" href=\"https:\/\/talkpal.ai\/de\/spanische-grammatik\/\" \/>\n<meta property=\"og:locale\" content=\"de_DE\" \/>\n<meta property=\"og:type\" content=\"article\" \/>\n<meta property=\"og:title\" content=\"Spanische Grammatik\" \/>\n<meta property=\"og:description\" content=\"Eine Kurzanleitung zum Erlernen der spanischen Grammatik Wenn Sie jemals dar\u00fcber nachgedacht haben, eine neue Sprache zu lernen, ist es sehr\" \/>\n<meta property=\"og:url\" content=\"https:\/\/talkpal.ai\/de\/spanische-grammatik\/\" \/>\n<meta property=\"og:site_name\" content=\"Talkpal\" \/>\n<meta property=\"article:publisher\" content=\"https:\/\/www.facebook.com\/profile.php?id=100090733639311\" \/>\n<meta property=\"article:modified_time\" content=\"2025-05-22T18:51:13+00:00\" \/>\n<meta property=\"og:image\" content=\"https:\/\/talkpal.ai\/wp-content\/uploads\/2023\/03\/spain.png\" \/>\n\t<meta property=\"og:image:width\" content=\"512\" \/>\n\t<meta property=\"og:image:height\" content=\"512\" \/>\n\t<meta property=\"og:image:type\" content=\"image\/png\" \/>\n<meta name=\"twitter:card\" content=\"summary_large_image\" \/>\n<meta name=\"twitter:site\" content=\"@talkpalai\" \/>\n<meta name=\"twitter:label1\" content=\"Gesch\u00e4tzte Lesezeit\" \/>\n\t<meta name=\"twitter:data1\" content=\"3\u00a0Minuten\" \/>\n<script type=\"application\/ld+json\" class=\"yoast-schema-graph\">{\"@context\":\"https:\/\/schema.org\",\"@graph\":[{\"@type\":\"WebPage\",\"@id\":\"https:\/\/talkpal.ai\/de\/spanische-grammatik\/\",\"url\":\"https:\/\/talkpal.ai\/de\/spanische-grammatik\/\",\"name\":\"Spanische Grammatik - Talkpal\",\"isPartOf\":{\"@id\":\"https:\/\/talkpal.ai\/de\/#website\"},\"primaryImageOfPage\":{\"@id\":\"https:\/\/talkpal.ai\/de\/spanische-grammatik\/#primaryimage\"},\"image\":{\"@id\":\"https:\/\/talkpal.ai\/de\/spanische-grammatik\/#primaryimage\"},\"thumbnailUrl\":\"https:\/\/talkpal.ai\/wp-content\/uploads\/2023\/03\/spain.png\",\"datePublished\":\"2023-03-26T11:55:54+00:00\",\"dateModified\":\"2025-05-22T18:51:13+00:00\",\"description\":\"Verbessern Sie Ihre spanischen Grammatikkenntnisse mit interaktiven \u00dcbungen, die f\u00fcr alle Sprachniveaus geeignet sind. \u00dcben Sie effektiv Spanisch!\",\"breadcrumb\":{\"@id\":\"https:\/\/talkpal.ai\/de\/spanische-grammatik\/#breadcrumb\"},\"inLanguage\":\"de\",\"potentialAction\":[{\"@type\":\"ReadAction\",\"target\":[\"https:\/\/talkpal.ai\/de\/spanische-grammatik\/\"]}]},{\"@type\":\"ImageObject\",\"inLanguage\":\"de\",\"@id\":\"https:\/\/talkpal.ai\/de\/spanische-grammatik\/#primaryimage\",\"url\":\"https:\/\/talkpal.ai\/wp-content\/uploads\/2023\/03\/spain.png\",\"contentUrl\":\"https:\/\/talkpal.ai\/wp-content\/uploads\/2023\/03\/spain.png\",\"width\":512,\"height\":512,\"caption\":\"TalkPal AI learn Spanish\"},{\"@type\":\"BreadcrumbList\",\"@id\":\"https:\/\/talkpal.ai\/de\/spanische-grammatik\/#breadcrumb\",\"itemListElement\":[{\"@type\":\"ListItem\",\"position\":1,\"name\":\"Homepage\",\"item\":\"https:\/\/talkpal.ai\/de\/\"},{\"@type\":\"ListItem\",\"position\":2,\"name\":\"Spanische Grammatik\"}]},{\"@type\":\"WebSite\",\"@id\":\"https:\/\/talkpal.ai\/de\/#website\",\"url\":\"https:\/\/talkpal.ai\/de\/\",\"name\":\"Talkpal\",\"description\":\"AI Language Learning\",\"publisher\":{\"@id\":\"https:\/\/talkpal.ai\/de\/#organization\"},\"alternateName\":\"Talkpal AI\",\"potentialAction\":[{\"@type\":\"SearchAction\",\"target\":{\"@type\":\"EntryPoint\",\"urlTemplate\":\"https:\/\/talkpal.ai\/de\/?s={search_term_string}\"},\"query-input\":{\"@type\":\"PropertyValueSpecification\",\"valueRequired\":true,\"valueName\":\"search_term_string\"}}],\"inLanguage\":\"de\"},{\"@type\":\"Organization\",\"@id\":\"https:\/\/talkpal.ai\/de\/#organization\",\"name\":\"Talkpal, Inc.\",\"alternateName\":\"Talkpal AI\",\"url\":\"https:\/\/talkpal.ai\/de\/\",\"logo\":{\"@type\":\"ImageObject\",\"inLanguage\":\"de\",\"@id\":\"https:\/\/talkpal.ai\/de\/#\/schema\/logo\/image\/\",\"url\":\"https:\/\/talkpal.ai\/wp-content\/uploads\/2024\/03\/Talkpal-Logo-Icon.png\",\"contentUrl\":\"https:\/\/talkpal.ai\/wp-content\/uploads\/2024\/03\/Talkpal-Logo-Icon.png\",\"width\":2880,\"height\":2880,\"caption\":\"Talkpal, Inc.\"},\"image\":{\"@id\":\"https:\/\/talkpal.ai\/de\/#\/schema\/logo\/image\/\"},\"sameAs\":[\"https:\/\/www.facebook.com\/profile.php?id=100090733639311\",\"https:\/\/x.com\/talkpalai\",\"https:\/\/www.linkedin.com\/company\/talkpal\/\",\"https:\/\/www.youtube.com\/@TalkPal\/\",\"https:\/\/www.tiktok.com\/@talkpal\",\"https:\/\/www.instagram.com\/talkpal_ai\/\",\"https:\/\/www.crunchbase.com\/organization\/talkpal-9cde\",\"https:\/\/www.g2.com\/products\/talkpal-for-business\/\",\"https:\/\/www.trustpilot.com\/review\/talkpal.ai\",\"https:\/\/www.capterra.com\/p\/10006800\/TalkPal\/\"],\"description\":\"Talkpal is a language learning web and mobile education app, powered by the latest AI technologies, that provides engaging experiences to its customers in many different languages to help them improve their language skills. Users can chat about unlimited amount of topics with the app and use other modes to practice their language learning.\",\"email\":\"support@talkpal.ai\",\"legalName\":\"Talkpal, Inc.\",\"foundingDate\":\"2023-04-03\",\"duns\":\"118989042\",\"numberOfEmployees\":{\"@type\":\"QuantitativeValue\",\"minValue\":\"11\",\"maxValue\":\"50\"},\"publishingPrinciples\":\"https:\/\/talkpal.ai\/publishing-principles\/\",\"actionableFeedbackPolicy\":\"https:\/\/talkpal.ai\/actionable-feedback-policy\/\",\"correctionsPolicy\":\"https:\/\/talkpal.ai\/corrections-policy\/\",\"ethicsPolicy\":\"https:\/\/talkpal.ai\/ethics-policy\/\",\"diversityPolicy\":\"https:\/\/talkpal.ai\/diversity-policy\/\",\"diversityStaffingReport\":\"https:\/\/talkpal.ai\/diversity-policy\/\"}]}<\/script>\n<!-- \/ Yoast SEO Premium plugin. -->","yoast_head_json":{"title":"Spanische Grammatik - Talkpal","description":"Verbessern Sie Ihre spanischen Grammatikkenntnisse mit interaktiven \u00dcbungen, die f\u00fcr alle Sprachniveaus geeignet sind. \u00dcben Sie effektiv Spanisch!","robots":{"index":"index","follow":"follow","max-snippet":"max-snippet:-1","max-image-preview":"max-image-preview:large","max-video-preview":"max-video-preview:-1"},"canonical":"https:\/\/talkpal.ai\/de\/spanische-grammatik\/","og_locale":"de_DE","og_type":"article","og_title":"Spanische Grammatik","og_description":"Eine Kurzanleitung zum Erlernen der spanischen Grammatik Wenn Sie jemals dar\u00fcber nachgedacht haben, eine neue Sprache zu lernen, ist es sehr","og_url":"https:\/\/talkpal.ai\/de\/spanische-grammatik\/","og_site_name":"Talkpal","article_publisher":"https:\/\/www.facebook.com\/profile.php?id=100090733639311","article_modified_time":"2025-05-22T18:51:13+00:00","og_image":[{"width":512,"height":512,"url":"https:\/\/talkpal.ai\/wp-content\/uploads\/2023\/03\/spain.png","type":"image\/png"}],"twitter_card":"summary_large_image","twitter_site":"@talkpalai","twitter_misc":{"Gesch\u00e4tzte Lesezeit":"3\u00a0Minuten"},"schema":{"@context":"https:\/\/schema.org","@graph":[{"@type":"WebPage","@id":"https:\/\/talkpal.ai\/de\/spanische-grammatik\/","url":"https:\/\/talkpal.ai\/de\/spanische-grammatik\/","name":"Spanische Grammatik - Talkpal","isPartOf":{"@id":"https:\/\/talkpal.ai\/de\/#website"},"primaryImageOfPage":{"@id":"https:\/\/talkpal.ai\/de\/spanische-grammatik\/#primaryimage"},"image":{"@id":"https:\/\/talkpal.ai\/de\/spanische-grammatik\/#primaryimage"},"thumbnailUrl":"https:\/\/talkpal.ai\/wp-content\/uploads\/2023\/03\/spain.png","datePublished":"2023-03-26T11:55:54+00:00","dateModified":"2025-05-22T18:51:13+00:00","description":"Verbessern Sie Ihre spanischen Grammatikkenntnisse mit interaktiven \u00dcbungen, die f\u00fcr alle Sprachniveaus geeignet sind. \u00dcben Sie effektiv Spanisch!","breadcrumb":{"@id":"https:\/\/talkpal.ai\/de\/spanische-grammatik\/#breadcrumb"},"inLanguage":"de","potentialAction":[{"@type":"ReadAction","target":["https:\/\/talkpal.ai\/de\/spanische-grammatik\/"]}]},{"@type":"ImageObject","inLanguage":"de","@id":"https:\/\/talkpal.ai\/de\/spanische-grammatik\/#primaryimage","url":"https:\/\/talkpal.ai\/wp-content\/uploads\/2023\/03\/spain.png","contentUrl":"https:\/\/talkpal.ai\/wp-content\/uploads\/2023\/03\/spain.png","width":512,"height":512,"caption":"TalkPal AI learn Spanish"},{"@type":"BreadcrumbList","@id":"https:\/\/talkpal.ai\/de\/spanische-grammatik\/#breadcrumb","itemListElement":[{"@type":"ListItem","position":1,"name":"Homepage","item":"https:\/\/talkpal.ai\/de\/"},{"@type":"ListItem","position":2,"name":"Spanische Grammatik"}]},{"@type":"WebSite","@id":"https:\/\/talkpal.ai\/de\/#website","url":"https:\/\/talkpal.ai\/de\/","name":"Talkpal","description":"AI Language Learning","publisher":{"@id":"https:\/\/talkpal.ai\/de\/#organization"},"alternateName":"Talkpal AI","potentialAction":[{"@type":"SearchAction","target":{"@type":"EntryPoint","urlTemplate":"https:\/\/talkpal.ai\/de\/?s={search_term_string}"},"query-input":{"@type":"PropertyValueSpecification","valueRequired":true,"valueName":"search_term_string"}}],"inLanguage":"de"},{"@type":"Organization","@id":"https:\/\/talkpal.ai\/de\/#organization","name":"Talkpal, Inc.","alternateName":"Talkpal AI","url":"https:\/\/talkpal.ai\/de\/","logo":{"@type":"ImageObject","inLanguage":"de","@id":"https:\/\/talkpal.ai\/de\/#\/schema\/logo\/image\/","url":"https:\/\/talkpal.ai\/wp-content\/uploads\/2024\/03\/Talkpal-Logo-Icon.png","contentUrl":"https:\/\/talkpal.ai\/wp-content\/uploads\/2024\/03\/Talkpal-Logo-Icon.png","width":2880,"height":2880,"caption":"Talkpal, Inc."},"image":{"@id":"https:\/\/talkpal.ai\/de\/#\/schema\/logo\/image\/"},"sameAs":["https:\/\/www.facebook.com\/profile.php?id=100090733639311","https:\/\/x.com\/talkpalai","https:\/\/www.linkedin.com\/company\/talkpal\/","https:\/\/www.youtube.com\/@TalkPal\/","https:\/\/www.tiktok.com\/@talkpal","https:\/\/www.instagram.com\/talkpal_ai\/","https:\/\/www.crunchbase.com\/organization\/talkpal-9cde","https:\/\/www.g2.com\/products\/talkpal-for-business\/","https:\/\/www.trustpilot.com\/review\/talkpal.ai","https:\/\/www.capterra.com\/p\/10006800\/TalkPal\/"],"description":"Talkpal is a language learning web and mobile education app, powered by the latest AI technologies, that provides engaging experiences to its customers in many different languages to help them improve their language skills. Users can chat about unlimited amount of topics with the app and use other modes to practice their language learning.","email":"support@talkpal.ai","legalName":"Talkpal, Inc.","foundingDate":"2023-04-03","duns":"118989042","numberOfEmployees":{"@type":"QuantitativeValue","minValue":"11","maxValue":"50"},"publishingPrinciples":"https:\/\/talkpal.ai\/publishing-principles\/","actionableFeedbackPolicy":"https:\/\/talkpal.ai\/actionable-feedback-policy\/","correctionsPolicy":"https:\/\/talkpal.ai\/corrections-policy\/","ethicsPolicy":"https:\/\/talkpal.ai\/ethics-policy\/","diversityPolicy":"https:\/\/talkpal.ai\/diversity-policy\/","diversityStaffingReport":"https:\/\/talkpal.ai\/diversity-policy\/"}]}},"_links":{"self":[{"href":"https:\/\/talkpal.ai\/de\/wp-json\/wp\/v2\/pages\/2925","targetHints":{"allow":["GET"]}}],"collection":[{"href":"https:\/\/talkpal.ai\/de\/wp-json\/wp\/v2\/pages"}],"about":[{"href":"https:\/\/talkpal.ai\/de\/wp-json\/wp\/v2\/types\/page"}],"author":[{"embeddable":true,"href":"https:\/\/talkpal.ai\/de\/wp-json\/wp\/v2\/users\/1"}],"replies":[{"embeddable":true,"href":"https:\/\/talkpal.ai\/de\/wp-json\/wp\/v2\/comments?post=2925"}],"version-history":[{"count":0,"href":"https:\/\/talkpal.ai\/de\/wp-json\/wp\/v2\/pages\/2925\/revisions"}],"wp:featuredmedia":[{"embeddable":true,"href":"https:\/\/talkpal.ai\/de\/wp-json\/wp\/v2\/media\/373"}],"wp:attachment":[{"href":"https:\/\/talkpal.ai\/de\/wp-json\/wp\/v2\/media?parent=2925"}],"curies":[{"name":"wp","href":"https:\/\/api.w.org\/{rel}","templated":true}]}}