{"id":1693910,"date":"2026-05-15T07:42:33","date_gmt":"2026-05-15T07:42:33","guid":{"rendered":"https:\/\/talkpal.ai\/oromo-grammatik\/"},"modified":"2026-05-15T10:50:31","modified_gmt":"2026-05-15T10:50:31","slug":"oromo-grammatik","status":"publish","type":"page","link":"https:\/\/talkpal.ai\/de\/oromo-grammatik\/","title":{"rendered":"Oromo-Grammatik"},"content":{"rendered":"\r\n\r\n\r\n<section class=\"languageChallengeSection\">\r\n    <div class=\"languageInfoWrapper\">\r\n        \r\n        <h1>Oromo-Grammatik<\/h1>\r\n        <p>Die Oromo-Grammatik mag zun\u00e4chst herausfordernd erscheinen, aber ihre einzigartigen Merkmale machen das Erlernen der Sprache zu einer lohnenden Erfahrung. Durch die Erforschung des Alphabets, der Betonungen und der Grammatikregeln gewinnen Sie Einblicke in eine reiche sprachliche Tradition. Beginne deine Reise und entdecke die Sch\u00f6nheit von Oromo!<\/p>\r\n\r\n                            <a class=\"getStartedHidden\" href=\"https:\/\/app.talkpal.ai\/de\/signup?lng=\">Leg los<\/a>\r\n        \r\n    <\/div>\r\n\r\n    <figure>\r\n    <img decoding=\"async\" width=\"768\" height=\"768\" src=\"https:\/\/talkpal.ai\/wp-content\/uploads\/2026\/05\/learn-oromo-2x-768x768.webp\" class=\"languageImage no-lazy\" alt=\"A massive, ancient Odaa sycamore tree standing proudly in the green Ethiopian highlands under a golden sunset.\" fetchpriority=\"high\" sizes=\"(max-width: 768px) 150px, 768px\" srcset=\"https:\/\/talkpal.ai\/wp-content\/uploads\/2026\/05\/learn-oromo-2x-768x768.webp 768w, https:\/\/talkpal.ai\/wp-content\/uploads\/2026\/05\/learn-oromo-2x-300x300.webp 300w\" \/>\r\n    \r\n\r\n    <\/figure>\r\n\r\n            <a class=\"getStartedVisible\" href=\"https:\/\/app.talkpal.ai\/de\/signup?lng=\">Leg los<\/a>\r\n    \r\n<\/section><section class=\"promotionalBanner\">\r\n    <p class=\"promotionalText\">Der effizienteste Weg, eine Sprache zu lernen<\/p>\r\n    <a class=\"promotionalLink\" href=\"https:\/\/app.talkpal.ai\/de\/signup?lng=\">Talkpal kostenlos<\/a>\r\n<\/section>\n<div class=\"wp-block-group pageContainerStyle\"><div class=\"wp-block-group__inner-container is-layout-constrained wp-block-group-is-layout-constrained\">\n<h2 class=\"wp-block-heading\" id=\"h-navigating-the-intricacies-of-oromo-grammar\">Die Feinheiten der Oromo-Grammatik navigieren<\/h2>\n\n\n\n<p>Oromo, eine bedeutende kushitische Sprache der afroasiatischen Familie mit reicher Geschichte und kultureller Bedeutung, bietet eine spannende sprachliche Erfahrung f\u00fcr alle, die ihr einzigartiges Grammatiksystem erkunden m\u00f6chten. Wenn Sie sich in das Reich von Oromo begeben, bereichern Sie nicht nur Ihr sprachliches Repertoire, sondern erleben auch eine faszinierende kulturelle Reise. Auch wenn die Oromo-Grammatik anfangs kompliziert erscheinen mag, macht die Aufteilung in Kernkomponenten das Erlernen der Sprache zug\u00e4nglicher. In diesem Artikel werden wir die faszinierende Welt der Oromo-Grammatik erkunden und Tipps geben, wie man ihre Komplexit\u00e4t meistert.<\/p>\n\n\n\n<h3 class=\"wp-block-heading\" id=\"h-1-oromo-alphabet-and-phonetics\">1. Oromo-Alphabet und Phonetik<\/h3>\n\n\n\n<p>Das Oromo-Schriftsystem verwendet ein lateinisches Alphabet, das als Qubee bekannt ist, und stellt charakteristische Laute dar, einschlie\u00dflich ejektiver Konsonanten, die als c, q, x und ph geschrieben sind. Oromo unterscheidet zwischen kurzen und langen Vokalen (wie a versus aa) und setzt stark auf Konsonantengemination (Verdopplung), wobei die L\u00e4nge eines Lautes die Bedeutung eines Wortes komplett ver\u00e4ndern kann. Sie ist auch eine Tonh\u00f6henakzentsprache, bei der der Ton eine Rolle bei der Unterscheidung grammatischer Merkmale spielen kann, obwohl der Ton in der Standardorthographie \u00fcblicherweise nicht markiert wird. Um die Oromo-Grammatik zu erlernen, ist es entscheidend, sich mit diesem Klangsystem vertraut zu machen, indem man das Lesen, H\u00f6ren und Sprechen in Oromo \u00fcbt.<\/p>\n\n\n\n<h3 class=\"wp-block-heading\" id=\"h-2-noun-cases-and-gender-a-distinctive-oromo-feature\">2. Substantiv-Kasus und Geschlecht: Ein charakteristisches Oromo-Merkmal<\/h3>\n\n\n\n<p>Einer der auff\u00e4lligsten Aspekte der Oromo-Grammatik ist ihr System der grammatischen Kasus und des Geschlechts, das durch bestimmte Suffixe gekennzeichnet ist. Im Gegensatz zum Englischen \u00e4ndern Oromo-Substantive ihre Form je nach Rolle im Satz, wobei haupts\u00e4chlich zwischen einer Grundform (Absolutiv) und einer Subjektform (Nominativ) unterschieden wird. Das Geschlecht bestimmt auch die Zustimmung im gesamten Satz, beeinflusst Adjektive, Verben und Pronomen, wobei Maskulin als Standard dient. Zu verstehen, wann und wie diese Fallmarkierungen und Geschlechtsvereinbarungen erscheinen, ist entscheidend f\u00fcr eine genaue Kommunikation in Oromo.<\/p>\n\n\n\n<h3 class=\"wp-block-heading\" id=\"h-3-nouns-and-pronouns-gender-and-agreement\">3. Substantive und Pronomen: Geschlecht und \u00dcbereinstimmung<\/h3>\n\n\n\n<p>Oromo-Substantive geh\u00f6ren entweder zum m\u00e4nnlichen oder weiblichen grammatikalischen Geschlecht, und ihre Pluralformen werden durch das Anf\u00fcgen verschiedener Suffixe bestimmt (zum Beispiel nama, namoota). Pronomen im Oromo umfassen unabh\u00e4ngige Formen (ani, ati, inni, isheen, nuti, isin, isaan), Possessivformen wie koo, kee und saa, die dem Substantiv folgen (kitaaba koo, kitaaba kee), reflexive Formen, Demonstrative, die mit Geschlecht und Zahl \u00fcbereinstimmen (kana, tana, san) und Frageformen (eenyu, maal, eessa, yoom, akkam). Wenn Sie sich mit diesen Formen und ihren \u00dcbereinstimmung vertraut machen, verbessern Sie Ihr Verst\u00e4ndnis der Oromo-Grammatik erheblich.<\/p>\n\n\n\n<h3 class=\"wp-block-heading\" id=\"h-4-verbs-structure-and-conjugation\">4. Verben: Struktur und Konjugation<\/h3>\n\n\n\n<p>Oromo-Verben folgen einer strengen Subjekt-Objekt-Verb-Wortstellung und zeichnen sich durch eine reiche agglutinierende Struktur aus, die Person, Zahl, Geschlecht, Zeitform und Aspekt codiert. Kernformen umfassen die Pr\u00e4sens oder Zukunft, markiert mit -a (deema), und die Vergangenheit, markiert mit -e (deeme), sowie andere Formen wie die Infinitivendung auf -uu. Negation wird typischerweise mit dem Teilchen hin zusammen mit einer Endver\u00e4nderung (hin deemu) markiert. Das Erlernen der Verbkonjugationsvorlage und der g\u00e4ngigen Erweiterungen (kausal -siis, passiv -am, autobenefaktiv -adh) verbessert deine F\u00e4higkeit, effektiv in Oromo zu kommunizieren.<\/p>\n\n\n\n<h3 class=\"wp-block-heading\" id=\"h-5-adjectives-agreement-and-placement\">5. Adjektive: Vereinbarung und Platzierung<\/h3>\n\n\n\n<p>In der Oromo-Grammatik folgen Adjektive typischerweise dem Substantiv, das sie modifizieren, und m\u00fcssen mit dem Geschlecht und der Zahl des Substantivs durch spezifische Suffixe \u00fcbereinstimmen. Oromo hat eine reiche Auswahl an Adjektivst\u00e4mmen zur Beschreibung von Gr\u00f6\u00dfe, Farbe und Qualit\u00e4t (wie guddaa big, xinnoo small, gurraacha dark, dheeraa tall). Komparative und Superlative werden h\u00e4ufig mit Postpositionen gebildet, zum Beispiel mit dem Ablativmarker irra f\u00fcr &#8222;mehr als&#8220; und W\u00f6rtern wie hundumaa (alle) f\u00fcr &#8222;das meiste&#8220; ausdr\u00fccken.<\/p>\n\n\n\n<p><strong>Beispiele:<\/strong><\/p>\n\n\n\n<p><strong>\u2013 Jaalala Guddaa (Gro\u00dfe Liebe)<\/strong><\/p>\n\n\n\n<p><strong>\u2013Ijoollee Xixinnoo (Kleine Kinder)<\/strong><\/p>\n\n\n\n<h3 class=\"wp-block-heading\" id=\"h-6-engaging-with-the-language\">6. Sich mit der Sprache besch\u00e4ftigen<\/h3>\n\n\n\n<p>Der effektivste Weg, die Oromo-Grammatik vollst\u00e4ndig zu verstehen und zu verinnerlichen, ist, sich konsequent mit der Sprache auseinanderzusetzen. Indem Sie Oromo-Literatur lesen, Oromo-Filme oder Fernsehserien schauen, Radio und Musik auf Afaan Oromo h\u00f6ren und aktiv mit Muttersprachlern kommunizieren, werden Sie Ihr Verst\u00e4ndnis der Grammatik festigen und gleichzeitig Ihren Wortschatz erweitern.<\/p>\n\n\n\n<h3 class=\"wp-block-heading\" id=\"h-conclusion\">Schlussfolgerung<\/h3>\n\n\n\n<p>Obwohl die Oromo-Grammatik komplex erscheinen mag, k\u00f6nnen Sie diese sch\u00f6ne Sprache mit Hingabe, \u00dcbung und Begeisterung beherrschen. Indem du dich auf die grundlegenden Regeln konzentrierst und dich in verschiedenen Kontexten mit der Sprache auseinandersetzt, wirst du deine Oromo-Grammatik schnell verbessern. Carraa gaarii (viel Gl\u00fcck) auf deiner Oromo-Sprachreise und genie\u00dfe es, die r\u00e4tselhafte, aber fesselnde Welt der Oromo-Grammatik zu entschl\u00fcsseln!<\/p>\n<\/div><\/div>\n\r\n<section class=\"learnNavigationSection\">\r\n            \r\n        <a href=\"https:\/\/talkpal.ai\/de\/lerne-oromo-mit-ki\/\">\r\n            <div class=\"learnNavigationWrapper\">\r\n                <div class=\"learnNavigationContent\">\r\n                    <img decoding=\"async\" src=\"https:\/\/talkpal.ai\/wp-content\/uploads\/2026\/05\/Oromo.png\" alt=\"\">\r\n                    <div>\r\n                        <h4>\u00dcber das Oromo-Lernen<\/h4>\r\n                        <p>Erfahren Sie alles \u00fcber die Oromo-Grammatik.<\/p>\r\n                    <\/div>\r\n                <\/div>\r\n            <\/div>\r\n        <\/a>\r\n\r\n        \r\n        <a href=\"https:\/\/talkpal.ai\/de\/oromo-grammatikuebungen\/\">\r\n            <div class=\"learnNavigationWrapper\">\r\n                <div class=\"learnNavigationContent\">\r\n                    <img decoding=\"async\" src=\"https:\/\/talkpal.ai\/wp-content\/uploads\/2026\/05\/Oromo.png\" alt=\"\">\r\n                    <div>\r\n                        <h4>Oromo-Grammatik\u00fcbung<\/h4>\r\n                        <p>\u00dcbe die Oromo-Grammatik.<\/p>\r\n                    <\/div>\r\n                <\/div>\r\n            <\/div>\r\n        <\/a>\r\n\r\n            <\/section>","protected":false},"excerpt":{"rendered":"<p>Die Feinheiten der Oromo-Grammatik navigieren Oromo, eine bedeutende kushitische Sprache der afroasiatischen Familie mit reicher Geschichte und kultureller Bedeutung, bietet eine spannende sprachliche Erfahrung f\u00fcr alle, die ihr einzigartiges Grammatiksystem erkunden m\u00f6chten. Wenn Sie sich in das Reich von Oromo begeben, bereichern Sie nicht nur Ihr sprachliches Repertoire, sondern erleben auch eine faszinierende kulturelle Reise. [&hellip;]<\/p>\n","protected":false},"author":23,"featured_media":1693912,"parent":0,"menu_order":0,"comment_status":"closed","ping_status":"closed","template":"LearningContentPage.php","meta":{"_acf_changed":false,"footnotes":""},"class_list":["post-1693910","page","type-page","status-publish","has-post-thumbnail","hentry"],"acf":[],"yoast_head":"<!-- This site is optimized with the Yoast SEO Premium plugin v27.2 (Yoast SEO v27.2) - https:\/\/yoast.com\/product\/yoast-seo-premium-wordpress\/ -->\n<title>Oromo-Grammatik - Talkpal<\/title>\n<meta name=\"robots\" content=\"index, follow, max-snippet:-1, max-image-preview:large, max-video-preview:-1\" \/>\n<link rel=\"canonical\" href=\"https:\/\/talkpal.ai\/de\/oromo-grammatik\/\" \/>\n<meta property=\"og:locale\" content=\"de_DE\" \/>\n<meta property=\"og:type\" content=\"article\" \/>\n<meta property=\"og:title\" content=\"Oromo-Grammatik\" \/>\n<meta property=\"og:description\" content=\"Die Feinheiten der Oromo-Grammatik navigieren Oromo, eine bedeutende kushitische Sprache der afroasiatischen Familie mit reicher Geschichte und\" \/>\n<meta property=\"og:url\" content=\"https:\/\/talkpal.ai\/de\/oromo-grammatik\/\" \/>\n<meta property=\"og:site_name\" content=\"Talkpal\" \/>\n<meta property=\"article:publisher\" content=\"https:\/\/www.facebook.com\/profile.php?id=100090733639311\" \/>\n<meta property=\"article:modified_time\" content=\"2026-05-15T10:50:31+00:00\" \/>\n<meta property=\"og:image\" content=\"https:\/\/talkpal.ai\/wp-content\/uploads\/2026\/05\/Oromo.png\" \/>\n\t<meta property=\"og:image:width\" content=\"517\" \/>\n\t<meta property=\"og:image:height\" content=\"517\" \/>\n\t<meta property=\"og:image:type\" content=\"image\/png\" \/>\n<meta name=\"twitter:card\" content=\"summary_large_image\" \/>\n<meta name=\"twitter:site\" content=\"@talkpalai\" \/>\n<meta name=\"twitter:label1\" content=\"Gesch\u00e4tzte Lesezeit\" \/>\n\t<meta name=\"twitter:data1\" content=\"4\u00a0Minuten\" \/>\n<script type=\"application\/ld+json\" class=\"yoast-schema-graph\">{\"@context\":\"https:\/\/schema.org\",\"@graph\":[{\"@type\":\"WebPage\",\"@id\":\"https:\/\/talkpal.ai\/de\/oromo-grammatik\/\",\"url\":\"https:\/\/talkpal.ai\/de\/oromo-grammatik\/\",\"name\":\"Oromo-Grammatik - Talkpal\",\"isPartOf\":{\"@id\":\"https:\/\/talkpal.ai\/de\/#website\"},\"primaryImageOfPage\":{\"@id\":\"https:\/\/talkpal.ai\/de\/oromo-grammatik\/#primaryimage\"},\"image\":{\"@id\":\"https:\/\/talkpal.ai\/de\/oromo-grammatik\/#primaryimage\"},\"thumbnailUrl\":\"https:\/\/talkpal.ai\/wp-content\/uploads\/2026\/05\/Oromo.png\",\"datePublished\":\"2026-05-15T07:42:33+00:00\",\"dateModified\":\"2026-05-15T10:50:31+00:00\",\"breadcrumb\":{\"@id\":\"https:\/\/talkpal.ai\/de\/oromo-grammatik\/#breadcrumb\"},\"inLanguage\":\"de\",\"potentialAction\":[{\"@type\":\"ReadAction\",\"target\":[\"https:\/\/talkpal.ai\/de\/oromo-grammatik\/\"]}]},{\"@type\":\"ImageObject\",\"inLanguage\":\"de\",\"@id\":\"https:\/\/talkpal.ai\/de\/oromo-grammatik\/#primaryimage\",\"url\":\"https:\/\/talkpal.ai\/wp-content\/uploads\/2026\/05\/Oromo.png\",\"contentUrl\":\"https:\/\/talkpal.ai\/wp-content\/uploads\/2026\/05\/Oromo.png\",\"width\":517,\"height\":517},{\"@type\":\"BreadcrumbList\",\"@id\":\"https:\/\/talkpal.ai\/de\/oromo-grammatik\/#breadcrumb\",\"itemListElement\":[{\"@type\":\"ListItem\",\"position\":1,\"name\":\"Homepage\",\"item\":\"https:\/\/talkpal.ai\/de\/\"},{\"@type\":\"ListItem\",\"position\":2,\"name\":\"Oromo-Grammatik\"}]},{\"@type\":\"WebSite\",\"@id\":\"https:\/\/talkpal.ai\/de\/#website\",\"url\":\"https:\/\/talkpal.ai\/de\/\",\"name\":\"Talkpal\",\"description\":\"AI Language Learning\",\"publisher\":{\"@id\":\"https:\/\/talkpal.ai\/de\/#organization\"},\"alternateName\":\"Talkpal AI\",\"potentialAction\":[{\"@type\":\"SearchAction\",\"target\":{\"@type\":\"EntryPoint\",\"urlTemplate\":\"https:\/\/talkpal.ai\/de\/?s={search_term_string}\"},\"query-input\":{\"@type\":\"PropertyValueSpecification\",\"valueRequired\":true,\"valueName\":\"search_term_string\"}}],\"inLanguage\":\"de\"},{\"@type\":\"Organization\",\"@id\":\"https:\/\/talkpal.ai\/de\/#organization\",\"name\":\"Talkpal, Inc.\",\"alternateName\":\"Talkpal AI\",\"url\":\"https:\/\/talkpal.ai\/de\/\",\"logo\":{\"@type\":\"ImageObject\",\"inLanguage\":\"de\",\"@id\":\"https:\/\/talkpal.ai\/de\/#\/schema\/logo\/image\/\",\"url\":\"https:\/\/talkpal.ai\/wp-content\/uploads\/2024\/03\/Talkpal-Logo-Icon.png\",\"contentUrl\":\"https:\/\/talkpal.ai\/wp-content\/uploads\/2024\/03\/Talkpal-Logo-Icon.png\",\"width\":2880,\"height\":2880,\"caption\":\"Talkpal, Inc.\"},\"image\":{\"@id\":\"https:\/\/talkpal.ai\/de\/#\/schema\/logo\/image\/\"},\"sameAs\":[\"https:\/\/www.facebook.com\/profile.php?id=100090733639311\",\"https:\/\/x.com\/talkpalai\",\"https:\/\/www.linkedin.com\/company\/talkpal\/\",\"https:\/\/www.youtube.com\/@TalkPal\/\",\"https:\/\/www.tiktok.com\/@talkpal\",\"https:\/\/www.instagram.com\/talkpal_ai\/\",\"https:\/\/www.crunchbase.com\/organization\/talkpal-9cde\",\"https:\/\/www.g2.com\/products\/talkpal-for-business\/\",\"https:\/\/www.trustpilot.com\/review\/talkpal.ai\",\"https:\/\/www.capterra.com\/p\/10006800\/TalkPal\/\"],\"description\":\"Talkpal is a language learning web and mobile education app, powered by the latest AI technologies, that provides engaging experiences to its customers in many different languages to help them improve their language skills. Users can chat about unlimited amount of topics with the app and use other modes to practice their language learning.\",\"email\":\"support@talkpal.ai\",\"legalName\":\"Talkpal, Inc.\",\"foundingDate\":\"2023-04-03\",\"duns\":\"118989042\",\"numberOfEmployees\":{\"@type\":\"QuantitativeValue\",\"minValue\":\"11\",\"maxValue\":\"50\"},\"publishingPrinciples\":\"https:\/\/talkpal.ai\/publishing-principles\/\",\"actionableFeedbackPolicy\":\"https:\/\/talkpal.ai\/actionable-feedback-policy\/\",\"correctionsPolicy\":\"https:\/\/talkpal.ai\/corrections-policy\/\",\"ethicsPolicy\":\"https:\/\/talkpal.ai\/ethics-policy\/\",\"diversityPolicy\":\"https:\/\/talkpal.ai\/diversity-policy\/\",\"diversityStaffingReport\":\"https:\/\/talkpal.ai\/diversity-policy\/\"}]}<\/script>\n<!-- \/ Yoast SEO Premium plugin. -->","yoast_head_json":{"title":"Oromo-Grammatik - Talkpal","robots":{"index":"index","follow":"follow","max-snippet":"max-snippet:-1","max-image-preview":"max-image-preview:large","max-video-preview":"max-video-preview:-1"},"canonical":"https:\/\/talkpal.ai\/de\/oromo-grammatik\/","og_locale":"de_DE","og_type":"article","og_title":"Oromo-Grammatik","og_description":"Die Feinheiten der Oromo-Grammatik navigieren Oromo, eine bedeutende kushitische Sprache der afroasiatischen Familie mit reicher Geschichte und","og_url":"https:\/\/talkpal.ai\/de\/oromo-grammatik\/","og_site_name":"Talkpal","article_publisher":"https:\/\/www.facebook.com\/profile.php?id=100090733639311","article_modified_time":"2026-05-15T10:50:31+00:00","og_image":[{"width":517,"height":517,"url":"https:\/\/talkpal.ai\/wp-content\/uploads\/2026\/05\/Oromo.png","type":"image\/png"}],"twitter_card":"summary_large_image","twitter_site":"@talkpalai","twitter_misc":{"Gesch\u00e4tzte Lesezeit":"4\u00a0Minuten"},"schema":{"@context":"https:\/\/schema.org","@graph":[{"@type":"WebPage","@id":"https:\/\/talkpal.ai\/de\/oromo-grammatik\/","url":"https:\/\/talkpal.ai\/de\/oromo-grammatik\/","name":"Oromo-Grammatik - Talkpal","isPartOf":{"@id":"https:\/\/talkpal.ai\/de\/#website"},"primaryImageOfPage":{"@id":"https:\/\/talkpal.ai\/de\/oromo-grammatik\/#primaryimage"},"image":{"@id":"https:\/\/talkpal.ai\/de\/oromo-grammatik\/#primaryimage"},"thumbnailUrl":"https:\/\/talkpal.ai\/wp-content\/uploads\/2026\/05\/Oromo.png","datePublished":"2026-05-15T07:42:33+00:00","dateModified":"2026-05-15T10:50:31+00:00","breadcrumb":{"@id":"https:\/\/talkpal.ai\/de\/oromo-grammatik\/#breadcrumb"},"inLanguage":"de","potentialAction":[{"@type":"ReadAction","target":["https:\/\/talkpal.ai\/de\/oromo-grammatik\/"]}]},{"@type":"ImageObject","inLanguage":"de","@id":"https:\/\/talkpal.ai\/de\/oromo-grammatik\/#primaryimage","url":"https:\/\/talkpal.ai\/wp-content\/uploads\/2026\/05\/Oromo.png","contentUrl":"https:\/\/talkpal.ai\/wp-content\/uploads\/2026\/05\/Oromo.png","width":517,"height":517},{"@type":"BreadcrumbList","@id":"https:\/\/talkpal.ai\/de\/oromo-grammatik\/#breadcrumb","itemListElement":[{"@type":"ListItem","position":1,"name":"Homepage","item":"https:\/\/talkpal.ai\/de\/"},{"@type":"ListItem","position":2,"name":"Oromo-Grammatik"}]},{"@type":"WebSite","@id":"https:\/\/talkpal.ai\/de\/#website","url":"https:\/\/talkpal.ai\/de\/","name":"Talkpal","description":"AI Language Learning","publisher":{"@id":"https:\/\/talkpal.ai\/de\/#organization"},"alternateName":"Talkpal AI","potentialAction":[{"@type":"SearchAction","target":{"@type":"EntryPoint","urlTemplate":"https:\/\/talkpal.ai\/de\/?s={search_term_string}"},"query-input":{"@type":"PropertyValueSpecification","valueRequired":true,"valueName":"search_term_string"}}],"inLanguage":"de"},{"@type":"Organization","@id":"https:\/\/talkpal.ai\/de\/#organization","name":"Talkpal, Inc.","alternateName":"Talkpal AI","url":"https:\/\/talkpal.ai\/de\/","logo":{"@type":"ImageObject","inLanguage":"de","@id":"https:\/\/talkpal.ai\/de\/#\/schema\/logo\/image\/","url":"https:\/\/talkpal.ai\/wp-content\/uploads\/2024\/03\/Talkpal-Logo-Icon.png","contentUrl":"https:\/\/talkpal.ai\/wp-content\/uploads\/2024\/03\/Talkpal-Logo-Icon.png","width":2880,"height":2880,"caption":"Talkpal, Inc."},"image":{"@id":"https:\/\/talkpal.ai\/de\/#\/schema\/logo\/image\/"},"sameAs":["https:\/\/www.facebook.com\/profile.php?id=100090733639311","https:\/\/x.com\/talkpalai","https:\/\/www.linkedin.com\/company\/talkpal\/","https:\/\/www.youtube.com\/@TalkPal\/","https:\/\/www.tiktok.com\/@talkpal","https:\/\/www.instagram.com\/talkpal_ai\/","https:\/\/www.crunchbase.com\/organization\/talkpal-9cde","https:\/\/www.g2.com\/products\/talkpal-for-business\/","https:\/\/www.trustpilot.com\/review\/talkpal.ai","https:\/\/www.capterra.com\/p\/10006800\/TalkPal\/"],"description":"Talkpal is a language learning web and mobile education app, powered by the latest AI technologies, that provides engaging experiences to its customers in many different languages to help them improve their language skills. Users can chat about unlimited amount of topics with the app and use other modes to practice their language learning.","email":"support@talkpal.ai","legalName":"Talkpal, Inc.","foundingDate":"2023-04-03","duns":"118989042","numberOfEmployees":{"@type":"QuantitativeValue","minValue":"11","maxValue":"50"},"publishingPrinciples":"https:\/\/talkpal.ai\/publishing-principles\/","actionableFeedbackPolicy":"https:\/\/talkpal.ai\/actionable-feedback-policy\/","correctionsPolicy":"https:\/\/talkpal.ai\/corrections-policy\/","ethicsPolicy":"https:\/\/talkpal.ai\/ethics-policy\/","diversityPolicy":"https:\/\/talkpal.ai\/diversity-policy\/","diversityStaffingReport":"https:\/\/talkpal.ai\/diversity-policy\/"}]}},"_links":{"self":[{"href":"https:\/\/talkpal.ai\/de\/wp-json\/wp\/v2\/pages\/1693910","targetHints":{"allow":["GET"]}}],"collection":[{"href":"https:\/\/talkpal.ai\/de\/wp-json\/wp\/v2\/pages"}],"about":[{"href":"https:\/\/talkpal.ai\/de\/wp-json\/wp\/v2\/types\/page"}],"author":[{"embeddable":true,"href":"https:\/\/talkpal.ai\/de\/wp-json\/wp\/v2\/users\/23"}],"replies":[{"embeddable":true,"href":"https:\/\/talkpal.ai\/de\/wp-json\/wp\/v2\/comments?post=1693910"}],"version-history":[{"count":0,"href":"https:\/\/talkpal.ai\/de\/wp-json\/wp\/v2\/pages\/1693910\/revisions"}],"wp:featuredmedia":[{"embeddable":true,"href":"https:\/\/talkpal.ai\/de\/wp-json\/wp\/v2\/media\/1693912"}],"wp:attachment":[{"href":"https:\/\/talkpal.ai\/de\/wp-json\/wp\/v2\/media?parent=1693910"}],"curies":[{"name":"wp","href":"https:\/\/api.w.org\/{rel}","templated":true}]}}