{"id":1647908,"date":"2026-02-27T10:51:45","date_gmt":"2026-02-27T10:51:45","guid":{"rendered":"https:\/\/talkpal.ai\/professionelle-geschaeftskommunikation-mit-ki-meistern\/"},"modified":"2026-02-27T11:34:02","modified_gmt":"2026-02-27T11:34:02","slug":"professionelle-geschaeftskommunikation-mit-ki-meistern","status":"publish","type":"page","link":"https:\/\/talkpal.ai\/de\/professionelle-geschaeftskommunikation-mit-ki-meistern\/","title":{"rendered":"Professionelle Gesch\u00e4ftskommunikation mit KI meistern"},"content":{"rendered":"\r\n\r\n\r\n<section class=\"languageChallengeSection\">\r\n    <div class=\"languageInfoWrapper\">\r\n        \r\n        <h1>Professionelle Gesch\u00e4ftskommunikation mit KI meistern<\/h1>\r\n        <p>F\u00fchren Sie aufschlussreiche Gespr\u00e4che \u00fcber branchenspezifische Themen, die Sie f\u00fcr relevant halten, und erhalten Sie sofortiges Feedback, um Ihre professionellen Sprachkenntnisse zu verbessern. Schon 10 Minuten gezieltes \u00dcben pro Tag machen einen echten Unterschied in Ihrer Karriere!<\/p>\r\n\r\n                            <a class=\"getStartedHidden\" href=\"https:\/\/app.talkpal.ai\/de\/signup?lng=\">Leg los<\/a>\r\n        \r\n    <\/div>\r\n\r\n    <figure>\r\n    <img decoding=\"async\" width=\"768\" height=\"635\" src=\"https:\/\/talkpal.ai\/wp-content\/uploads\/2026\/02\/busniess_courses-768x635.webp\" class=\"languageImage no-lazy\" alt=\"Busniess Kurse\" fetchpriority=\"high\" sizes=\"(max-width: 768px) 150px, 768px\" srcset=\"https:\/\/talkpal.ai\/wp-content\/uploads\/2026\/02\/busniess_courses-768x635.webp 768w, https:\/\/talkpal.ai\/wp-content\/uploads\/2026\/02\/busniess_courses-300x248.webp 300w\" \/>\r\n    \r\n\r\n    <\/figure>\r\n\r\n            <a class=\"getStartedVisible\" href=\"https:\/\/app.talkpal.ai\/de\/signup?lng=\">Leg los<\/a>\r\n    \r\n<\/section><section class=\"promotionalBanner\">\r\n    <p class=\"promotionalText\">Der effizienteste Weg, eine Sprache zu lernen<\/p>\r\n    <a class=\"promotionalLink\" href=\"https:\/\/app.talkpal.ai\/de\/signup?lng=\">Talkpal kostenlos<\/a>\r\n<\/section>\n<div class=\"wp-block-group pageContainerStyle\"><div class=\"wp-block-group__inner-container is-layout-constrained wp-block-group-is-layout-constrained\">\n<h2 class=\"wp-block-heading\" id=\"h-we-are-talkpal\">Wir sind Talkpal<\/h2>\n\n\n\n<p>Das Erlernen einer neuen Gesch\u00e4ftssprache kann eine spannende und herausfordernde Erfahrung sein. Sie er\u00f6ffnet neue M\u00f6glichkeiten, sowohl pers\u00f6nlich als auch beruflich. <a href=\"https:\/\/talkpal.ai\/ko\/ai-%ec%96%b8%ec%96%b4-%ea%b5%90%ec%82%ac\/\">Talkpal<\/a> hat seine Algorithmen jahrelang entwickelt und trainiert, um den ultimativen KI-Tutor zu schaffen. Da sich der globale Markt weiterentwickelt, ist es wichtig, die Vorteile des Erlernens einer Gesch\u00e4ftssprache mit den neuesten Technologien zu verstehen.<\/p>\n\n\n\n<h2 class=\"wp-block-heading\" id=\"h-choosing-the-right-language-learning-platform\">Die Wahl der richtigen Sprachlernplattform<\/h2>\n\n\n\n<p>Bei so vielen verf\u00fcgbaren Plattformen ist es wichtig, Faktoren wie Lehrmethoden, Sprachoptionen und praktische <a href=\"https:\/\/talkpal.ai\/es\/descargar-la-aplicacion-talkpal-para-android-e-ios\/\">Anwendung<\/a> zu ber\u00fccksichtigen. Talkpal bietet eine Chat-basierte Methode, die sich auf reale berufliche Unterhaltungen konzentriert und <a href=\"https:\/\/talkpal.ai\/culture\/how-do-i-use-the-word-nicht-nur-sondern-auch\/\">nicht nur<\/a> auf Vokabeln auf Anf\u00e4ngerniveau. Talkpal ist in mehr als 80 Sprachen verf\u00fcgbar und f\u00fcr alle Niveaus geeignet. Mit Talkpal k\u00f6nnen unsere Kunden die Langeweile in der Unternehmensschulung beseitigen. Noch nie war es so einfach und unterhaltsam, mit einem KI-Modell durch eine Gesch\u00e4ftsverhandlung zu navigieren. Probieren Sie es noch heute kostenlos aus.<\/p>\n<\/div><\/div>\n\r\n\r\n\r\n<section class=\"smartFunSection\">\r\n            \r\n            <div class=\"smartFunCard\">\r\n                <div class=\"smartFunWrapper\"><img decoding=\"async\" src=\"https:\/\/talkpal.ai\/wp-content\/uploads\/2025\/05\/1.png\" alt=\"Learning Stats Screenshot\"><\/div>\r\n                <h3>Personalisiertes Lernen<\/h3>\r\n                <p>Indem wir die St\u00e4rken der KI und der Sprachwissenschaft nutzen, werden unsere Business-Kurse personalisiert, damit Sie auf dem optimalen Niveau und in der optimalen Geschwindigkeit lernen k\u00f6nnen, und bieten branchenspezifische Inhalte, die auf Ihren Karriereweg zugeschnitten sind.<\/p>\r\n            <\/div>\r\n\r\n        \r\n            <div class=\"smartFunCard\">\r\n                <div class=\"smartFunWrapper\"><img decoding=\"async\" src=\"https:\/\/talkpal.ai\/wp-content\/uploads\/2025\/05\/2.png\" alt=\"Pronunciation Score Screenshot\"><\/div>\r\n                <h3>Effektiv &amp; Effizient<\/h3>\r\n                <p>Mit Talkpal k\u00f6nnen Sie das Lesen von Berichten, das Anh\u00f6ren von Pr\u00e4sentationen und das Sprechen in Meetings effizient \u00fcben. Werfen Sie einen Blick auf unseren neuen professionellen Business-Kurs!<\/p>\r\n            <\/div>\r\n\r\n        \r\n            <div class=\"smartFunCard\">\r\n                <div class=\"smartFunWrapper\"><img decoding=\"async\" src=\"https:\/\/talkpal.ai\/wp-content\/uploads\/2025\/05\/3.png\" alt=\"Chat Topics Screenshot\"><\/div>\r\n                <h3>Engagiert bleiben<\/h3>\r\n                <p>Wir f\u00f6rdern die Entwicklung einer Lerngewohnheit, indem wir unterhaltsame Herausforderungen und aufschlussreiche Fachfragen einbauen, um Sie nach einem langen Arbeitstag zu motivieren und zu besch\u00e4ftigen.<\/p>\r\n            <\/div>\r\n\r\n        \r\n            <div class=\"smartFunCard\">\r\n                <div class=\"smartFunWrapper\"><img decoding=\"async\" src=\"https:\/\/talkpal.ai\/wp-content\/uploads\/2025\/05\/4.png\" alt=\"Dashboard Screenshot\"><\/div>\r\n                <h3>Spa\u00df haben<\/h3>\r\n                <p>Berufliche Weiterbildung muss nicht langweilig und eint\u00f6nig sein! Verbessern Sie Ihre beruflichen F\u00e4higkeiten jeden Tag mit fesselnden \u00dcbungen. Stellen Sie komplexe oder ungew\u00f6hnliche gesch\u00e4ftliche Fragen und sehen Sie, wie die Talkpal KI darauf reagiert.<\/p>\r\n            <\/div>\r\n\r\n            \r\n<\/section>\n<div class=\"wp-block-group pageContainerStyle\"><div class=\"wp-block-group__inner-container is-layout-constrained wp-block-group-is-layout-constrained\">\n<h2 class=\"wp-block-heading\" id=\"h-why-learn-a-business-language\"><strong>Warum eine Gesch\u00e4ftssprache lernen?<\/strong><\/h2>\n\n\n\n<p>In unserer vernetzten Welt ist die F\u00e4higkeit, professionell \u00fcber Grenzen hinweg zu kommunizieren, der universelle Schl\u00fcssel zu Wirtschaft, <a href=\"https:\/\/talkpal.ai\/ar\/grammar_exercises\/bildung-%d8%aa%d9%85%d8%a7%d8%b1%d9%8a%d9%86-%d9%84%d9%84%d9%82%d9%88%d8%a7%d8%b9%d8%af-%d8%a7%d9%84%d8%a3%d9%84%d9%85%d8%a7%d9%86%d9%8a%d8%a9\/\">Bildung<\/a> und globalem Handel. Das Erlernen der formalen Feinheiten einer neuen Sprache kann jedoch zeitaufwendig sein. Mit dem Fortschritt der Technologie ist die Beherrschung der Gesch\u00e4ftskommunikation viel einfacher geworden. In diesem Artikel erfahren Sie, warum das Lernen per <a href=\"https:\/\/talkpal.ai\/lt\/talkpal-verslui\/\">Talkpal AI<\/a> Chat der effektivste Weg ist, Ihre beruflichen F\u00e4higkeiten zu verbessern.<\/p>\n<\/div><\/div>\n\n<div class=\"wp-block-group pageContainerStyle\"><div class=\"wp-block-group__inner-container is-layout-constrained wp-block-group-is-layout-constrained\">\n<h2 class=\"wp-block-heading\" id=\"h-why-is-business-language-difficult\"><strong>Warum ist Gesch\u00e4ftssprache so schwierig?<\/strong><\/h2>\n\n\n\n<p>Die Beherrschung einer Sprache f\u00fcr den Arbeitsplatz ist eine besondere Herausforderung im Vergleich zur Umgangssprache:<\/p>\n\n\n\n<h3 class=\"wp-block-heading\" id=\"h-professional-tone-and-pronunciation\"><strong>Professioneller Tonfall und Aussprache<\/strong><\/h3>\n\n\n\n<p>Eine klare Formulierung ist in Besprechungen unerl\u00e4sslich. Die Lernenden m\u00fcssen bestimmte Laute und Betonungsmuster beherrschen, um sicherzustellen, dass sie von internationalen Kunden und Kollegen perfekt verstanden werden.<\/p>\n\n\n\n<h3 class=\"wp-block-heading\" id=\"h-grammar-and-syntax\"><strong><strong>Grammatik und Syntax<\/strong><\/strong><\/h3>\n\n\n\n<p>Die Gesch\u00e4ftsgrammatik erfordert ein hohes Ma\u00df an H\u00f6flichkeit und formaler Struktur. Die Formatierung von Anfragen, Angeboten und offizieller Korrespondenz kann sehr komplex sein.<\/p>\n\n\n\n<h3 class=\"wp-block-heading\" id=\"h-vocabulary-and-corporate-jargon\"><strong><strong><strong>Vokabular und Firmenjargon<\/strong><\/strong><\/strong><\/h3>\n\n\n\n<p>Jede Branche verf\u00fcgt \u00fcber ein umfangreiches Vokabular an Fachbegriffen, Akronymen und Redewendungen. Die Navigation in diesem Unternehmensjargon kann f\u00fcr Lernende \u00fcberw\u00e4ltigend sein.<\/p>\n\n\n\n<h3 class=\"wp-block-heading\" id=\"h-written-communication\"><strong><strong><strong><strong>Schriftliche Kommunikation<\/strong><\/strong><\/strong><\/strong><\/h3>\n\n\n\n<p>Das Verfassen von professionellen E-Mails, Berichten und Vertr\u00e4gen erfordert andere F\u00e4higkeiten als das gelegentliche Schreiben von Texten und erfordert ein gutes Verst\u00e4ndnis f\u00fcr formale Rechtschreibung und Formulierungen.<\/p>\n\n\n\n<h3 class=\"wp-block-heading\" id=\"h-business-language-learning-strategies\"><strong>Strategien zum Erlernen von Gesch\u00e4ftssprachen<\/strong><\/h3>\n\n\n\n<h4 class=\"wp-block-heading\" id=\"h-listening-and-speaking\">Zuh\u00f6ren und Sprechen<\/h4>\n\n\n\n<p>Um den Redefluss in Meetings zu verbessern, sollten die Lernenden \u00fcben, Branchenexperten zuzuh\u00f6ren und sich mit Hilfe von mobilen Apps wie Talkpal an simulierten Unternehmensgespr\u00e4chen zu beteiligen.<\/p>\n\n\n\n<h4 class=\"wp-block-heading\" id=\"h-reading\">Lesen<\/h4>\n\n\n\n<p>Das Lesen von Finanzberichten, Branchennachrichten und beruflichen E-Mails ist unerl\u00e4sslich, um den Wortschatz des Unternehmens zu erweitern und das Verst\u00e4ndnis zu verbessern.<\/p>\n\n\n\n<h4 class=\"wp-block-heading\" id=\"h-writing\">Schreiben<\/h4>\n\n\n\n<p>Schreiben ist wichtig f\u00fcr den Arbeitsplatz. Die Lernenden sollten das Verfassen von formellen E-Mails, Projekt-Updates und Gesch\u00e4ftsvorschl\u00e4gen regelm\u00e4\u00dfig \u00fcben.<\/p>\n\n\n\n<h4 class=\"wp-block-heading\" id=\"h-grammar-and-vocabulary\">Grammatik und Wortschatz<\/h4>\n\n\n\n<p>Wenn Sie sich die Zeit nehmen, formale Grammatikregeln und branchenspezifische Begriffe zu studieren, k\u00f6nnen Sie professionell und verbindlich klingen.<\/p>\n\n\n\n<h2 class=\"wp-block-heading\" id=\"h-conclusion\">Schlussfolgerung<\/h2>\n\n\n\n<p>Das Erlernen einer Sprache f\u00fcr die Berufswelt stellt einzigartige Herausforderungen dar, von der Beherrschung der formalen <a href=\"https:\/\/talkpal.ai\/fr\/les\/\">Grammatik<\/a> bis hin zum Umgang mit der kulturellen Etikette. Mit den richtigen Strategien und der Unterst\u00fctzung eines KI-Tutors k\u00f6nnen Fachleute aller Ebenen diese Hindernisse jedoch \u00fcberwinden und von den karrierebestimmenden Vorteilen der globalen Kommunikation profitieren.<\/p>\n<\/div><\/div>\n<section class=\"promotionalBanner\">\r\n    <p class=\"promotionalText\">Der effizienteste Weg, eine Sprache zu lernen<\/p>\r\n    <a class=\"promotionalLink\" href=\"https:\/\/app.talkpal.ai\/de\/signup?lng=\">Talkpal kostenlos<\/a>\r\n<\/section>","protected":false},"excerpt":{"rendered":"<p>Wir sind Talkpal Das Erlernen einer neuen Gesch\u00e4ftssprache kann eine spannende und herausfordernde Erfahrung sein. Sie er\u00f6ffnet neue M\u00f6glichkeiten, sowohl pers\u00f6nlich als auch beruflich. Talkpal hat seine Algorithmen jahrelang entwickelt und trainiert, um den ultimativen KI-Tutor zu schaffen. Da sich der globale Markt weiterentwickelt, ist es wichtig, die Vorteile des Erlernens einer Gesch\u00e4ftssprache mit den [&hellip;]<\/p>\n","protected":false},"author":20,"featured_media":1647909,"parent":0,"menu_order":0,"comment_status":"closed","ping_status":"closed","template":"LearningContentPage.php","meta":{"_acf_changed":false,"footnotes":""},"class_list":["post-1647908","page","type-page","status-publish","has-post-thumbnail","hentry"],"acf":[],"yoast_head":"<!-- This site is optimized with the Yoast SEO Premium plugin v27.2 (Yoast SEO v27.2) - https:\/\/yoast.com\/product\/yoast-seo-premium-wordpress\/ -->\n<title>Professionelle Gesch\u00e4ftskommunikation mit KI meistern - Talkpal<\/title>\n<meta name=\"description\" content=\"Steigern Sie Ihre Karriere mit dem neuen Business-Sprachkurs von Talkpal. \u00dcben Sie mit unserem KI-Tutor jederzeit und \u00fcberall reale berufliche Szenarien in \u00fcber 80 Sprachen!\" \/>\n<meta name=\"robots\" content=\"index, follow, max-snippet:-1, max-image-preview:large, max-video-preview:-1\" \/>\n<link rel=\"canonical\" href=\"https:\/\/talkpal.ai\/de\/professionelle-geschaeftskommunikation-mit-ki-meistern\/\" \/>\n<meta property=\"og:locale\" content=\"de_DE\" \/>\n<meta property=\"og:type\" content=\"article\" \/>\n<meta property=\"og:title\" content=\"Professionelle Gesch\u00e4ftskommunikation mit KI meistern\" \/>\n<meta property=\"og:description\" content=\"Wir sind Talkpal Das Erlernen einer neuen Gesch\u00e4ftssprache kann eine spannende und herausfordernde Erfahrung sein. Sie er\u00f6ffnet neue M\u00f6glichkeiten, sowohl\" \/>\n<meta property=\"og:url\" content=\"https:\/\/talkpal.ai\/de\/professionelle-geschaeftskommunikation-mit-ki-meistern\/\" \/>\n<meta property=\"og:site_name\" content=\"Talkpal\" \/>\n<meta property=\"article:publisher\" content=\"https:\/\/www.facebook.com\/profile.php?id=100090733639311\" \/>\n<meta property=\"article:modified_time\" content=\"2026-02-27T11:34:02+00:00\" \/>\n<meta property=\"og:image\" content=\"https:\/\/talkpal.ai\/wp-content\/uploads\/2026\/02\/busniess_courses.webp\" \/>\n\t<meta property=\"og:image:width\" content=\"1200\" \/>\n\t<meta property=\"og:image:height\" content=\"992\" \/>\n\t<meta property=\"og:image:type\" content=\"image\/webp\" \/>\n<meta name=\"twitter:card\" content=\"summary_large_image\" \/>\n<meta name=\"twitter:site\" content=\"@talkpalai\" \/>\n<meta name=\"twitter:label1\" content=\"Gesch\u00e4tzte Lesezeit\" \/>\n\t<meta name=\"twitter:data1\" content=\"3\u00a0Minuten\" \/>\n<script type=\"application\/ld+json\" class=\"yoast-schema-graph\">{\"@context\":\"https:\/\/schema.org\",\"@graph\":[{\"@type\":\"WebPage\",\"@id\":\"https:\/\/talkpal.ai\/de\/professionelle-geschaeftskommunikation-mit-ki-meistern\/\",\"url\":\"https:\/\/talkpal.ai\/de\/professionelle-geschaeftskommunikation-mit-ki-meistern\/\",\"name\":\"Professionelle Gesch\u00e4ftskommunikation mit KI meistern - Talkpal\",\"isPartOf\":{\"@id\":\"https:\/\/talkpal.ai\/de\/#website\"},\"primaryImageOfPage\":{\"@id\":\"https:\/\/talkpal.ai\/de\/professionelle-geschaeftskommunikation-mit-ki-meistern\/#primaryimage\"},\"image\":{\"@id\":\"https:\/\/talkpal.ai\/de\/professionelle-geschaeftskommunikation-mit-ki-meistern\/#primaryimage\"},\"thumbnailUrl\":\"https:\/\/talkpal.ai\/wp-content\/uploads\/2026\/02\/busniess_courses.webp\",\"datePublished\":\"2026-02-27T10:51:45+00:00\",\"dateModified\":\"2026-02-27T11:34:02+00:00\",\"description\":\"Steigern Sie Ihre Karriere mit dem neuen Business-Sprachkurs von Talkpal. \u00dcben Sie mit unserem KI-Tutor jederzeit und \u00fcberall reale berufliche Szenarien in \u00fcber 80 Sprachen!\",\"breadcrumb\":{\"@id\":\"https:\/\/talkpal.ai\/de\/professionelle-geschaeftskommunikation-mit-ki-meistern\/#breadcrumb\"},\"inLanguage\":\"de\",\"potentialAction\":[{\"@type\":\"ReadAction\",\"target\":[\"https:\/\/talkpal.ai\/de\/professionelle-geschaeftskommunikation-mit-ki-meistern\/\"]}]},{\"@type\":\"ImageObject\",\"inLanguage\":\"de\",\"@id\":\"https:\/\/talkpal.ai\/de\/professionelle-geschaeftskommunikation-mit-ki-meistern\/#primaryimage\",\"url\":\"https:\/\/talkpal.ai\/wp-content\/uploads\/2026\/02\/busniess_courses.webp\",\"contentUrl\":\"https:\/\/talkpal.ai\/wp-content\/uploads\/2026\/02\/busniess_courses.webp\",\"width\":1200,\"height\":992,\"caption\":\"Busniess Kurse\"},{\"@type\":\"BreadcrumbList\",\"@id\":\"https:\/\/talkpal.ai\/de\/professionelle-geschaeftskommunikation-mit-ki-meistern\/#breadcrumb\",\"itemListElement\":[{\"@type\":\"ListItem\",\"position\":1,\"name\":\"Homepage\",\"item\":\"https:\/\/talkpal.ai\/de\/\"},{\"@type\":\"ListItem\",\"position\":2,\"name\":\"Professionelle Gesch\u00e4ftskommunikation mit KI meistern\"}]},{\"@type\":\"WebSite\",\"@id\":\"https:\/\/talkpal.ai\/de\/#website\",\"url\":\"https:\/\/talkpal.ai\/de\/\",\"name\":\"Talkpal\",\"description\":\"AI Language Learning\",\"publisher\":{\"@id\":\"https:\/\/talkpal.ai\/de\/#organization\"},\"alternateName\":\"Talkpal AI\",\"potentialAction\":[{\"@type\":\"SearchAction\",\"target\":{\"@type\":\"EntryPoint\",\"urlTemplate\":\"https:\/\/talkpal.ai\/de\/?s={search_term_string}\"},\"query-input\":{\"@type\":\"PropertyValueSpecification\",\"valueRequired\":true,\"valueName\":\"search_term_string\"}}],\"inLanguage\":\"de\"},{\"@type\":\"Organization\",\"@id\":\"https:\/\/talkpal.ai\/de\/#organization\",\"name\":\"Talkpal, Inc.\",\"alternateName\":\"Talkpal AI\",\"url\":\"https:\/\/talkpal.ai\/de\/\",\"logo\":{\"@type\":\"ImageObject\",\"inLanguage\":\"de\",\"@id\":\"https:\/\/talkpal.ai\/de\/#\/schema\/logo\/image\/\",\"url\":\"https:\/\/talkpal.ai\/wp-content\/uploads\/2024\/03\/Talkpal-Logo-Icon.png\",\"contentUrl\":\"https:\/\/talkpal.ai\/wp-content\/uploads\/2024\/03\/Talkpal-Logo-Icon.png\",\"width\":2880,\"height\":2880,\"caption\":\"Talkpal, Inc.\"},\"image\":{\"@id\":\"https:\/\/talkpal.ai\/de\/#\/schema\/logo\/image\/\"},\"sameAs\":[\"https:\/\/www.facebook.com\/profile.php?id=100090733639311\",\"https:\/\/x.com\/talkpalai\",\"https:\/\/www.linkedin.com\/company\/talkpal\/\",\"https:\/\/www.youtube.com\/@TalkPal\/\",\"https:\/\/www.tiktok.com\/@talkpal\",\"https:\/\/www.instagram.com\/talkpal_ai\/\",\"https:\/\/www.crunchbase.com\/organization\/talkpal-9cde\",\"https:\/\/www.g2.com\/products\/talkpal-for-business\/\",\"https:\/\/www.trustpilot.com\/review\/talkpal.ai\",\"https:\/\/www.capterra.com\/p\/10006800\/TalkPal\/\"],\"description\":\"Talkpal is a language learning web and mobile education app, powered by the latest AI technologies, that provides engaging experiences to its customers in many different languages to help them improve their language skills. Users can chat about unlimited amount of topics with the app and use other modes to practice their language learning.\",\"email\":\"support@talkpal.ai\",\"legalName\":\"Talkpal, Inc.\",\"foundingDate\":\"2023-04-03\",\"duns\":\"118989042\",\"numberOfEmployees\":{\"@type\":\"QuantitativeValue\",\"minValue\":\"11\",\"maxValue\":\"50\"},\"publishingPrinciples\":\"https:\/\/talkpal.ai\/publishing-principles\/\",\"actionableFeedbackPolicy\":\"https:\/\/talkpal.ai\/actionable-feedback-policy\/\",\"correctionsPolicy\":\"https:\/\/talkpal.ai\/corrections-policy\/\",\"ethicsPolicy\":\"https:\/\/talkpal.ai\/ethics-policy\/\",\"diversityPolicy\":\"https:\/\/talkpal.ai\/diversity-policy\/\",\"diversityStaffingReport\":\"https:\/\/talkpal.ai\/diversity-policy\/\"}]}<\/script>\n<!-- \/ Yoast SEO Premium plugin. -->","yoast_head_json":{"title":"Professionelle Gesch\u00e4ftskommunikation mit KI meistern - Talkpal","description":"Steigern Sie Ihre Karriere mit dem neuen Business-Sprachkurs von Talkpal. \u00dcben Sie mit unserem KI-Tutor jederzeit und \u00fcberall reale berufliche Szenarien in \u00fcber 80 Sprachen!","robots":{"index":"index","follow":"follow","max-snippet":"max-snippet:-1","max-image-preview":"max-image-preview:large","max-video-preview":"max-video-preview:-1"},"canonical":"https:\/\/talkpal.ai\/de\/professionelle-geschaeftskommunikation-mit-ki-meistern\/","og_locale":"de_DE","og_type":"article","og_title":"Professionelle Gesch\u00e4ftskommunikation mit KI meistern","og_description":"Wir sind Talkpal Das Erlernen einer neuen Gesch\u00e4ftssprache kann eine spannende und herausfordernde Erfahrung sein. Sie er\u00f6ffnet neue M\u00f6glichkeiten, sowohl","og_url":"https:\/\/talkpal.ai\/de\/professionelle-geschaeftskommunikation-mit-ki-meistern\/","og_site_name":"Talkpal","article_publisher":"https:\/\/www.facebook.com\/profile.php?id=100090733639311","article_modified_time":"2026-02-27T11:34:02+00:00","og_image":[{"width":1200,"height":992,"url":"https:\/\/talkpal.ai\/wp-content\/uploads\/2026\/02\/busniess_courses.webp","type":"image\/webp"}],"twitter_card":"summary_large_image","twitter_site":"@talkpalai","twitter_misc":{"Gesch\u00e4tzte Lesezeit":"3\u00a0Minuten"},"schema":{"@context":"https:\/\/schema.org","@graph":[{"@type":"WebPage","@id":"https:\/\/talkpal.ai\/de\/professionelle-geschaeftskommunikation-mit-ki-meistern\/","url":"https:\/\/talkpal.ai\/de\/professionelle-geschaeftskommunikation-mit-ki-meistern\/","name":"Professionelle Gesch\u00e4ftskommunikation mit KI meistern - Talkpal","isPartOf":{"@id":"https:\/\/talkpal.ai\/de\/#website"},"primaryImageOfPage":{"@id":"https:\/\/talkpal.ai\/de\/professionelle-geschaeftskommunikation-mit-ki-meistern\/#primaryimage"},"image":{"@id":"https:\/\/talkpal.ai\/de\/professionelle-geschaeftskommunikation-mit-ki-meistern\/#primaryimage"},"thumbnailUrl":"https:\/\/talkpal.ai\/wp-content\/uploads\/2026\/02\/busniess_courses.webp","datePublished":"2026-02-27T10:51:45+00:00","dateModified":"2026-02-27T11:34:02+00:00","description":"Steigern Sie Ihre Karriere mit dem neuen Business-Sprachkurs von Talkpal. \u00dcben Sie mit unserem KI-Tutor jederzeit und \u00fcberall reale berufliche Szenarien in \u00fcber 80 Sprachen!","breadcrumb":{"@id":"https:\/\/talkpal.ai\/de\/professionelle-geschaeftskommunikation-mit-ki-meistern\/#breadcrumb"},"inLanguage":"de","potentialAction":[{"@type":"ReadAction","target":["https:\/\/talkpal.ai\/de\/professionelle-geschaeftskommunikation-mit-ki-meistern\/"]}]},{"@type":"ImageObject","inLanguage":"de","@id":"https:\/\/talkpal.ai\/de\/professionelle-geschaeftskommunikation-mit-ki-meistern\/#primaryimage","url":"https:\/\/talkpal.ai\/wp-content\/uploads\/2026\/02\/busniess_courses.webp","contentUrl":"https:\/\/talkpal.ai\/wp-content\/uploads\/2026\/02\/busniess_courses.webp","width":1200,"height":992,"caption":"Busniess Kurse"},{"@type":"BreadcrumbList","@id":"https:\/\/talkpal.ai\/de\/professionelle-geschaeftskommunikation-mit-ki-meistern\/#breadcrumb","itemListElement":[{"@type":"ListItem","position":1,"name":"Homepage","item":"https:\/\/talkpal.ai\/de\/"},{"@type":"ListItem","position":2,"name":"Professionelle Gesch\u00e4ftskommunikation mit KI meistern"}]},{"@type":"WebSite","@id":"https:\/\/talkpal.ai\/de\/#website","url":"https:\/\/talkpal.ai\/de\/","name":"Talkpal","description":"AI Language Learning","publisher":{"@id":"https:\/\/talkpal.ai\/de\/#organization"},"alternateName":"Talkpal AI","potentialAction":[{"@type":"SearchAction","target":{"@type":"EntryPoint","urlTemplate":"https:\/\/talkpal.ai\/de\/?s={search_term_string}"},"query-input":{"@type":"PropertyValueSpecification","valueRequired":true,"valueName":"search_term_string"}}],"inLanguage":"de"},{"@type":"Organization","@id":"https:\/\/talkpal.ai\/de\/#organization","name":"Talkpal, Inc.","alternateName":"Talkpal AI","url":"https:\/\/talkpal.ai\/de\/","logo":{"@type":"ImageObject","inLanguage":"de","@id":"https:\/\/talkpal.ai\/de\/#\/schema\/logo\/image\/","url":"https:\/\/talkpal.ai\/wp-content\/uploads\/2024\/03\/Talkpal-Logo-Icon.png","contentUrl":"https:\/\/talkpal.ai\/wp-content\/uploads\/2024\/03\/Talkpal-Logo-Icon.png","width":2880,"height":2880,"caption":"Talkpal, Inc."},"image":{"@id":"https:\/\/talkpal.ai\/de\/#\/schema\/logo\/image\/"},"sameAs":["https:\/\/www.facebook.com\/profile.php?id=100090733639311","https:\/\/x.com\/talkpalai","https:\/\/www.linkedin.com\/company\/talkpal\/","https:\/\/www.youtube.com\/@TalkPal\/","https:\/\/www.tiktok.com\/@talkpal","https:\/\/www.instagram.com\/talkpal_ai\/","https:\/\/www.crunchbase.com\/organization\/talkpal-9cde","https:\/\/www.g2.com\/products\/talkpal-for-business\/","https:\/\/www.trustpilot.com\/review\/talkpal.ai","https:\/\/www.capterra.com\/p\/10006800\/TalkPal\/"],"description":"Talkpal is a language learning web and mobile education app, powered by the latest AI technologies, that provides engaging experiences to its customers in many different languages to help them improve their language skills. Users can chat about unlimited amount of topics with the app and use other modes to practice their language learning.","email":"support@talkpal.ai","legalName":"Talkpal, Inc.","foundingDate":"2023-04-03","duns":"118989042","numberOfEmployees":{"@type":"QuantitativeValue","minValue":"11","maxValue":"50"},"publishingPrinciples":"https:\/\/talkpal.ai\/publishing-principles\/","actionableFeedbackPolicy":"https:\/\/talkpal.ai\/actionable-feedback-policy\/","correctionsPolicy":"https:\/\/talkpal.ai\/corrections-policy\/","ethicsPolicy":"https:\/\/talkpal.ai\/ethics-policy\/","diversityPolicy":"https:\/\/talkpal.ai\/diversity-policy\/","diversityStaffingReport":"https:\/\/talkpal.ai\/diversity-policy\/"}]}},"_links":{"self":[{"href":"https:\/\/talkpal.ai\/de\/wp-json\/wp\/v2\/pages\/1647908","targetHints":{"allow":["GET"]}}],"collection":[{"href":"https:\/\/talkpal.ai\/de\/wp-json\/wp\/v2\/pages"}],"about":[{"href":"https:\/\/talkpal.ai\/de\/wp-json\/wp\/v2\/types\/page"}],"author":[{"embeddable":true,"href":"https:\/\/talkpal.ai\/de\/wp-json\/wp\/v2\/users\/20"}],"replies":[{"embeddable":true,"href":"https:\/\/talkpal.ai\/de\/wp-json\/wp\/v2\/comments?post=1647908"}],"version-history":[{"count":0,"href":"https:\/\/talkpal.ai\/de\/wp-json\/wp\/v2\/pages\/1647908\/revisions"}],"wp:featuredmedia":[{"embeddable":true,"href":"https:\/\/talkpal.ai\/de\/wp-json\/wp\/v2\/media\/1647909"}],"wp:attachment":[{"href":"https:\/\/talkpal.ai\/de\/wp-json\/wp\/v2\/media?parent=1647908"}],"curies":[{"name":"wp","href":"https:\/\/api.w.org\/{rel}","templated":true}]}}