{"id":1647856,"date":"2026-02-27T11:07:24","date_gmt":"2026-02-27T11:07:24","guid":{"rendered":"https:\/\/talkpal.ai\/medizinische-sprache-mit-ki-lernen\/"},"modified":"2026-02-27T11:29:20","modified_gmt":"2026-02-27T11:29:20","slug":"medizinische-sprache-mit-ki-lernen","status":"publish","type":"page","link":"https:\/\/talkpal.ai\/de\/medizinische-sprache-mit-ki-lernen\/","title":{"rendered":"Medizinische Sprache mit KI lernen"},"content":{"rendered":"\r\n\r\n\r\n<section class=\"languageChallengeSection\">\r\n    <div class=\"languageInfoWrapper\">\r\n        \r\n        <h1>Medizinische Sprache mit KI lernen<\/h1>\r\n        <p>F\u00fchren Sie aufschlussreiche Gespr\u00e4che \u00fcber komplexe Gesundheitsthemen, \u00fcben Sie Patientengespr\u00e4che und erhalten Sie sofortiges Feedback, um Ihre klinischen Sprachkenntnisse zu verbessern. Schon 10 Minuten \u00dcbung pro Tag machen f\u00fcr medizinische Fachkr\u00e4fte einen echten Unterschied!<\/p>\r\n\r\n                            <a class=\"getStartedHidden\" href=\"https:\/\/app.talkpal.ai\/de\/signup?lng=\">Leg los<\/a>\r\n        \r\n    <\/div>\r\n\r\n    <figure>\r\n    <img decoding=\"async\" width=\"768\" height=\"619\" src=\"https:\/\/talkpal.ai\/wp-content\/uploads\/2026\/02\/medicine_courses-768x619.webp\" class=\"languageImage no-lazy\" alt=\"Medizin Kurse\" fetchpriority=\"high\" sizes=\"(max-width: 768px) 150px, 768px\" srcset=\"https:\/\/talkpal.ai\/wp-content\/uploads\/2026\/02\/medicine_courses-768x619.webp 768w, https:\/\/talkpal.ai\/wp-content\/uploads\/2026\/02\/medicine_courses-300x242.webp 300w\" \/>\r\n    \r\n\r\n    <\/figure>\r\n\r\n            <a class=\"getStartedVisible\" href=\"https:\/\/app.talkpal.ai\/de\/signup?lng=\">Leg los<\/a>\r\n    \r\n<\/section><section class=\"promotionalBanner\">\r\n    <p class=\"promotionalText\">Der effizienteste Weg, eine Sprache zu lernen<\/p>\r\n    <a class=\"promotionalLink\" href=\"https:\/\/app.talkpal.ai\/de\/signup?lng=\">Talkpal kostenlos<\/a>\r\n<\/section>\n<div class=\"wp-block-group pageContainerStyle\"><div class=\"wp-block-group__inner-container is-layout-constrained wp-block-group-is-layout-constrained\">\n<h2 class=\"wp-block-heading\" id=\"h-we-are-talkpal\">Wir sind Talkpal<\/h2>\n\n\n\n<p>Das Erlernen einer neuen Sprache kann eine spannende und herausfordernde Erfahrung sein. Sie er\u00f6ffnet neue M\u00f6glichkeiten, sowohl pers\u00f6nlich als auch beruflich. <a href=\"https:\/\/talkpal.ai\/ko\/ai-%ec%96%b8%ec%96%b4-%ea%b5%90%ec%82%ac\/\">Talkpal<\/a>, eine Sprachlernplattform, die \u00fcber 80 Sprachen unterrichtet, entwickelt und trainiert seine Algorithmen seit Jahren. Da sich Technologie und <a href=\"https:\/\/talkpal.ai\/de\/effektives-sprachenlernen-so-gelingt-ihnen-das-schnelle-erlernen-neuer-sprachen\/\">Sprachenlernen<\/a> st\u00e4ndig weiterentwickeln, ist es wichtig, die Vorteile des Lernens einer neuen Sprache mit den neuesten Technologien zu verstehen.<\/p>\n\n\n\n<h2 class=\"wp-block-heading\" id=\"h-choosing-the-right-language-learning-platform\">Die Wahl der richtigen Sprachlernplattform<\/h2>\n\n\n\n<p>Bei der Vielzahl der verf\u00fcgbaren Sprachlernplattformen kann es schwierig sein, die richtige auszuw\u00e4hlen. Es ist wichtig, Faktoren wie die Lehrmethodik der Plattform, die Sprachoptionen und die Kosten zu ber\u00fccksichtigen. Talkpal zum Beispiel bietet eine Chat-basierte Methodik, die sich auf Gespr\u00e4che aus dem wirklichen Leben und praktische medizinische Erkenntnisse konzentriert. Talkpal ist in \u00fcber 80 Sprachen verf\u00fcgbar und wird von unseren Kunden sehr gesch\u00e4tzt. Noch nie war es so einfach und unterhaltsam, durch ein echtes Gespr\u00e4ch mit einem KI-Modell zu lernen, wie man mit Patienten spricht. Dies erm\u00f6glicht unseren Kunden, die Langeweile und die l\u00e4stige Arbeit aus dem Sprachlernprozess zu verbannen.<\/p>\n<\/div><\/div>\n\r\n\r\n\r\n<section class=\"smartFunSection\">\r\n            \r\n            <div class=\"smartFunCard\">\r\n                <div class=\"smartFunWrapper\"><img decoding=\"async\" src=\"https:\/\/talkpal.ai\/wp-content\/uploads\/2025\/05\/1.png\" alt=\"Learning Stats Screenshot\"><\/div>\r\n                <h3>Personalisiertes Lernen<\/h3>\r\n                <p>Indem wir die St\u00e4rken der KI und der Sprachwissenschaft nutzen, werden unsere Medizin-Kurse personalisiert, damit Sie auf dem optimalen Niveau und in der optimalen Geschwindigkeit lernen k\u00f6nnen, und bieten medizinische Inhalte, die auf Ihr Fachgebiet und Ihre Interessen zugeschnitten sind.<\/p>\r\n            <\/div>\r\n\r\n        \r\n            <div class=\"smartFunCard\">\r\n                <div class=\"smartFunWrapper\"><img decoding=\"async\" src=\"https:\/\/talkpal.ai\/wp-content\/uploads\/2025\/05\/2.png\" alt=\"Pronunciation Score Screenshot\"><\/div>\r\n                <h3>Effektiv &amp; Effizient<\/h3>\r\n                <p>Mit Talkpal k\u00f6nnen Sie das Lesen von Krankenbl\u00e4ttern, das Abh\u00f6ren von Symptomen und das Sprechen mit Kollegen auf effiziente und effektive Weise \u00fcben. Bitte werfen Sie einen Blick auf unser neuestes Produkt!<\/p>\r\n            <\/div>\r\n\r\n        \r\n            <div class=\"smartFunCard\">\r\n                <div class=\"smartFunWrapper\"><img decoding=\"async\" src=\"https:\/\/talkpal.ai\/wp-content\/uploads\/2025\/05\/3.png\" alt=\"Chat Topics Screenshot\"><\/div>\r\n                <h3>Engagiert bleiben<\/h3>\r\n                <p>Wir f\u00f6rdern die Entwicklung einer Sprachlerngewohnheit, indem wir spielerische Merkmale, unterhaltsame diagnostische Herausforderungen und aufschlussreiche medizinische Fragen einbauen, um Sie zu motivieren und zu besch\u00e4ftigen.<\/p>\r\n            <\/div>\r\n\r\n        \r\n            <div class=\"smartFunCard\">\r\n                <div class=\"smartFunWrapper\"><img decoding=\"async\" src=\"https:\/\/talkpal.ai\/wp-content\/uploads\/2025\/05\/4.png\" alt=\"Dashboard Screenshot\"><\/div>\r\n                <h3>Spa\u00df haben<\/h3>\r\n                <p>Lernen muss nicht langweilig und eint\u00f6nig sein! Verbessern Sie Ihre klinischen F\u00e4higkeiten jeden Tag mit fesselnden \u00dcbungen und liebenswerten Patientencharakteren. Stellen Sie lustige oder unlogische Diagnosefragen und sehen Sie, wie die Talkpal-KI reagiert.<\/p>\r\n            <\/div>\r\n\r\n            \r\n<\/section>\n<div class=\"wp-block-group pageContainerStyle\"><div class=\"wp-block-group__inner-container is-layout-constrained wp-block-group-is-layout-constrained\">\n<h2 class=\"wp-block-heading\" id=\"h-why-focus-on-medical-language\"><strong><strong><strong>Warum sich auf medizinische Sprache konzentrieren?<\/strong><\/strong><\/strong><\/h2>\n\n\n\n<p>In einer zunehmend globalisierten Welt haben Mediziner mit Patienten aus unz\u00e4hligen verschiedenen L\u00e4ndern zu tun. Die M\u00f6glichkeit, direkt mit den Patienten in ihrer Muttersprache zu kommunizieren, schafft Vertrauen, reduziert Diagnosefehler und verbessert die Pflege insgesamt. Das Erlernen der klinischen Terminologie in einer neuen Sprache kann jedoch ein schwieriger und zeitaufw\u00e4ndiger Prozess sein. Mit dem Fortschritt der Technologie ist es viel einfacher geworden, die Kommunikation im Gesundheitswesen zu meistern, und <a href=\"https:\/\/talkpal.ai\/lt\/talkpal-verslui\/\">Talkpal AI<\/a> Chat ist eine der besten M\u00f6glichkeiten, dies zu tun. In diesem Artikel erfahren Sie, warum unser Medizin-Kurs \u00fcber Talkpal AI Chat ein effektiver und effizienter Weg ist, um Ihre F\u00e4higkeiten zu verbessern.<\/p>\n<\/div><\/div>\n\n<div class=\"wp-block-group pageContainerStyle\"><div class=\"wp-block-group__inner-container is-layout-constrained wp-block-group-is-layout-constrained\">\n<h2 class=\"wp-block-heading\" id=\"h-why-is-medical-language-difficult\"><strong><strong><strong>Warum ist die medizinische Sprache so schwierig?<\/strong><\/strong><\/strong><\/h2>\n\n\n\n<h3 class=\"wp-block-heading\" id=\"h-pronunciation\"><strong>Aussprache<\/strong><\/h3>\n\n\n\n<p>Die Beherrschung der Aussprache ist eine gro\u00dfe H\u00fcrde f\u00fcr Lernende von medizinischen Sprachen. Komplexe anatomische Begriffe und pharmazeutische Namen enthalten oft Lautkombinationen, deren genaue Artikulation eine gro\u00dfe Herausforderung darstellt.<\/p>\n\n\n\n<h3 class=\"wp-block-heading\" id=\"h-grammar-and-syntax\"><strong><strong>Grammatik und Syntax<\/strong><\/strong><\/h3>\n\n\n\n<p>Die <a href=\"https:\/\/talkpal.ai\/fr\/les\/\">Grammatik<\/a> in einer klinischen Umgebung muss pr\u00e4zise sein, um medizinische Fehler zu vermeiden. Die Lernenden m\u00fcssen wissen, wie sie symptombezogene Fragen richtig stellen, klare Anweisungen f\u00fcr Behandlungen geben und pr\u00e4zise <a href=\"https:\/\/talkpal.ai\/zh-hans\/grammar_exercises\/zeitformen-%e5%be%b7%e5%9b%bd%e8%af%ad%e6%b3%95%e7%bb%83%e4%b9%a0\/\">Zeitformen<\/a> verwenden, um die Krankengeschichte eines Patienten zu verstehen.<\/p>\n\n\n\n<h3 class=\"wp-block-heading\" id=\"h-vocabulary-and-idioms\"><strong><strong><strong>Wortschatz und Redewendungen<\/strong><\/strong><\/strong><\/h3>\n\n\n\n<p>Das Gesundheitswesen erfordert ein umfangreiches, hochspezialisiertes Vokabular. Diese riesige Auswahl an W\u00f6rtern kann f\u00fcr Lernende \u00fcberw\u00e4ltigend sein, die sich auch mit der Umgangssprache auseinandersetzen m\u00fcssen, die Patienten verwenden, um ihre Schmerzen oder Symptome zu beschreiben. Idiome k\u00f6nnen besonders schwierig zu verstehen sein, wenn ein Patient versucht zu erkl\u00e4ren, wie er sich f\u00fchlt.<\/p>\n\n\n\n<h3 class=\"wp-block-heading\" id=\"h-spelling\"><strong><strong><strong><strong>Rechtschreibung<\/strong><\/strong><\/strong><\/strong><\/h3>\n\n\n\n<p>Die Rechtschreibung der medizinischen Terminologie ist notorisch uneinheitlich und beruht oft auf komplexen lateinischen oder griechischen Wurzeln. Dies kann es Lernenden erschweren, sich Notizen zu machen oder Rezepte auf der Grundlage von gesprochenen Worten zu schreiben.<\/p>\n\n\n\n<h3 class=\"wp-block-heading\" id=\"h-medical-language-learning-strategies\"><strong><strong><strong>Lernstrategien f\u00fcr medizinische Sprachen<\/strong><\/strong><\/strong><\/h3>\n\n\n\n<h4 class=\"wp-block-heading\" id=\"h-listening-and-speaking\">Zuh\u00f6ren und Sprechen<\/h4>\n\n\n\n<p>Um die Aussprache und den Redefluss zu verbessern, sollten die Lernenden \u00fcben, Muttersprachlern zuzuh\u00f6ren und sich wann immer m\u00f6glich an medizinischen Gespr\u00e4chen zu beteiligen. Mit Talkpal erhalten Sie echte Sprech\u00fcbungen, die diese wichtigen Interaktionen simulieren.<\/p>\n\n\n\n<h4 class=\"wp-block-heading\" id=\"h-reading\">Lesen<\/h4>\n\n\n\n<p>Lesen ist ein wichtiges Instrument zur Erweiterung des klinischen Wortschatzes und zur Verbesserung des Verst\u00e4ndnisses. Die Lernenden sollten eine Vielzahl von Texten lesen, von medizinischen Fachzeitschriften bis hin zu Patientenfallstudien.<\/p>\n\n\n\n<h4 class=\"wp-block-heading\" id=\"h-writing\">Schreiben<\/h4>\n\n\n\n<p>Schreiben ist eine wichtige F\u00e4higkeit f\u00fcr Lernende im Gesundheitswesen, da es hilft, die Grammatik f\u00fcr Diagramme und Berichte zu festigen. Die Lernenden sollten sich regelm\u00e4\u00dfig im Schreiben \u00fcben und Symptome und Behandlungspl\u00e4ne \u00fcbersetzen.<\/p>\n\n\n\n<h4 class=\"wp-block-heading\" id=\"h-grammar-and-vocabulary\">Grammatik und Wortschatz<\/h4>\n\n\n\n<p>Die Lernenden sollten sich Zeit nehmen, um die Grammatikregeln zu lernen und ihr klinisches Vokabular zu erweitern. Dies kann durch unsere speziellen KI-Szenarien erreicht werden.<\/p>\n\n\n\n<h2 class=\"wp-block-heading\" id=\"h-conclusion\">Schlussfolgerung<\/h2>\n\n\n\n<p>Das Erlernen einer medizinischen Sprache stellt eine besondere Herausforderung dar, vom komplexen klinischen Vokabular und der strengen Grammatik bis hin zu den kulturellen Nuancen in der Patientenbetreuung. Mit den richtigen Strategien, Hilfsmitteln wie Talkpal und konsequenter \u00dcbung k\u00f6nnen medizinische Fachkr\u00e4fte diese Hindernisse jedoch \u00fcberwinden und die vielen Vorteile nutzen, die das Beherrschen einer neuen Sprache mit sich bringt.<\/p>\n<\/div><\/div>\n<section class=\"promotionalBanner\">\r\n    <p class=\"promotionalText\">Der effizienteste Weg, eine Sprache zu lernen<\/p>\r\n    <a class=\"promotionalLink\" href=\"https:\/\/app.talkpal.ai\/de\/signup?lng=\">Talkpal kostenlos<\/a>\r\n<\/section>","protected":false},"excerpt":{"rendered":"<p>Wir sind Talkpal Das Erlernen einer neuen Sprache kann eine spannende und herausfordernde Erfahrung sein. Sie er\u00f6ffnet neue M\u00f6glichkeiten, sowohl pers\u00f6nlich als auch beruflich. Talkpal, eine Sprachlernplattform, die \u00fcber 80 Sprachen unterrichtet, entwickelt und trainiert seine Algorithmen seit Jahren. Da sich Technologie und Sprachenlernen st\u00e4ndig weiterentwickeln, ist es wichtig, die Vorteile des Lernens einer neuen [&hellip;]<\/p>\n","protected":false},"author":20,"featured_media":1647857,"parent":0,"menu_order":0,"comment_status":"closed","ping_status":"closed","template":"LearningContentPage.php","meta":{"_acf_changed":false,"footnotes":""},"class_list":["post-1647856","page","type-page","status-publish","has-post-thumbnail","hentry"],"acf":[],"yoast_head":"<!-- This site is optimized with the Yoast SEO Premium plugin v27.2 (Yoast SEO v27.2) - https:\/\/yoast.com\/product\/yoast-seo-premium-wordpress\/ -->\n<title>Medizinische Sprache mit KI lernen - Talkpal<\/title>\n<meta name=\"description\" content=\"Verbessern Sie Ihre Karriere im Gesundheitswesen mit dem neuen Medizin-Kurs von Talkpal. Lernen Sie mit Hilfe unseres personalisierten KI-Tutors, effektiv mit Patienten in \u00fcber 80 Sprachen zu kommunizieren.\" \/>\n<meta name=\"robots\" content=\"index, follow, max-snippet:-1, max-image-preview:large, max-video-preview:-1\" \/>\n<link rel=\"canonical\" href=\"https:\/\/talkpal.ai\/de\/medizinische-sprache-mit-ki-lernen\/\" \/>\n<meta property=\"og:locale\" content=\"de_DE\" \/>\n<meta property=\"og:type\" content=\"article\" \/>\n<meta property=\"og:title\" content=\"Medizinische Sprache mit KI lernen\" \/>\n<meta property=\"og:description\" content=\"Wir sind Talkpal Das Erlernen einer neuen Sprache kann eine spannende und herausfordernde Erfahrung sein. Sie er\u00f6ffnet neue M\u00f6glichkeiten, sowohl\" \/>\n<meta property=\"og:url\" content=\"https:\/\/talkpal.ai\/de\/medizinische-sprache-mit-ki-lernen\/\" \/>\n<meta property=\"og:site_name\" content=\"Talkpal\" \/>\n<meta property=\"article:publisher\" content=\"https:\/\/www.facebook.com\/profile.php?id=100090733639311\" \/>\n<meta property=\"article:modified_time\" content=\"2026-02-27T11:29:20+00:00\" \/>\n<meta property=\"og:image\" content=\"https:\/\/talkpal.ai\/wp-content\/uploads\/2026\/02\/medicine_courses.webp\" \/>\n\t<meta property=\"og:image:width\" content=\"1200\" \/>\n\t<meta property=\"og:image:height\" content=\"967\" \/>\n\t<meta property=\"og:image:type\" content=\"image\/webp\" \/>\n<meta name=\"twitter:card\" content=\"summary_large_image\" \/>\n<meta name=\"twitter:site\" content=\"@talkpalai\" \/>\n<meta name=\"twitter:label1\" content=\"Gesch\u00e4tzte Lesezeit\" \/>\n\t<meta name=\"twitter:data1\" content=\"3\u00a0Minuten\" \/>\n<script type=\"application\/ld+json\" class=\"yoast-schema-graph\">{\"@context\":\"https:\/\/schema.org\",\"@graph\":[{\"@type\":\"WebPage\",\"@id\":\"https:\/\/talkpal.ai\/de\/medizinische-sprache-mit-ki-lernen\/\",\"url\":\"https:\/\/talkpal.ai\/de\/medizinische-sprache-mit-ki-lernen\/\",\"name\":\"Medizinische Sprache mit KI lernen - Talkpal\",\"isPartOf\":{\"@id\":\"https:\/\/talkpal.ai\/de\/#website\"},\"primaryImageOfPage\":{\"@id\":\"https:\/\/talkpal.ai\/de\/medizinische-sprache-mit-ki-lernen\/#primaryimage\"},\"image\":{\"@id\":\"https:\/\/talkpal.ai\/de\/medizinische-sprache-mit-ki-lernen\/#primaryimage\"},\"thumbnailUrl\":\"https:\/\/talkpal.ai\/wp-content\/uploads\/2026\/02\/medicine_courses.webp\",\"datePublished\":\"2026-02-27T11:07:24+00:00\",\"dateModified\":\"2026-02-27T11:29:20+00:00\",\"description\":\"Verbessern Sie Ihre Karriere im Gesundheitswesen mit dem neuen Medizin-Kurs von Talkpal. Lernen Sie mit Hilfe unseres personalisierten KI-Tutors, effektiv mit Patienten in \u00fcber 80 Sprachen zu kommunizieren.\",\"breadcrumb\":{\"@id\":\"https:\/\/talkpal.ai\/de\/medizinische-sprache-mit-ki-lernen\/#breadcrumb\"},\"inLanguage\":\"de\",\"potentialAction\":[{\"@type\":\"ReadAction\",\"target\":[\"https:\/\/talkpal.ai\/de\/medizinische-sprache-mit-ki-lernen\/\"]}]},{\"@type\":\"ImageObject\",\"inLanguage\":\"de\",\"@id\":\"https:\/\/talkpal.ai\/de\/medizinische-sprache-mit-ki-lernen\/#primaryimage\",\"url\":\"https:\/\/talkpal.ai\/wp-content\/uploads\/2026\/02\/medicine_courses.webp\",\"contentUrl\":\"https:\/\/talkpal.ai\/wp-content\/uploads\/2026\/02\/medicine_courses.webp\",\"width\":1200,\"height\":967,\"caption\":\"Medizin Kurse\"},{\"@type\":\"BreadcrumbList\",\"@id\":\"https:\/\/talkpal.ai\/de\/medizinische-sprache-mit-ki-lernen\/#breadcrumb\",\"itemListElement\":[{\"@type\":\"ListItem\",\"position\":1,\"name\":\"Homepage\",\"item\":\"https:\/\/talkpal.ai\/de\/\"},{\"@type\":\"ListItem\",\"position\":2,\"name\":\"Medizinische Sprache mit KI lernen\"}]},{\"@type\":\"WebSite\",\"@id\":\"https:\/\/talkpal.ai\/de\/#website\",\"url\":\"https:\/\/talkpal.ai\/de\/\",\"name\":\"Talkpal\",\"description\":\"AI Language Learning\",\"publisher\":{\"@id\":\"https:\/\/talkpal.ai\/de\/#organization\"},\"alternateName\":\"Talkpal AI\",\"potentialAction\":[{\"@type\":\"SearchAction\",\"target\":{\"@type\":\"EntryPoint\",\"urlTemplate\":\"https:\/\/talkpal.ai\/de\/?s={search_term_string}\"},\"query-input\":{\"@type\":\"PropertyValueSpecification\",\"valueRequired\":true,\"valueName\":\"search_term_string\"}}],\"inLanguage\":\"de\"},{\"@type\":\"Organization\",\"@id\":\"https:\/\/talkpal.ai\/de\/#organization\",\"name\":\"Talkpal, Inc.\",\"alternateName\":\"Talkpal AI\",\"url\":\"https:\/\/talkpal.ai\/de\/\",\"logo\":{\"@type\":\"ImageObject\",\"inLanguage\":\"de\",\"@id\":\"https:\/\/talkpal.ai\/de\/#\/schema\/logo\/image\/\",\"url\":\"https:\/\/talkpal.ai\/wp-content\/uploads\/2024\/03\/Talkpal-Logo-Icon.png\",\"contentUrl\":\"https:\/\/talkpal.ai\/wp-content\/uploads\/2024\/03\/Talkpal-Logo-Icon.png\",\"width\":2880,\"height\":2880,\"caption\":\"Talkpal, Inc.\"},\"image\":{\"@id\":\"https:\/\/talkpal.ai\/de\/#\/schema\/logo\/image\/\"},\"sameAs\":[\"https:\/\/www.facebook.com\/profile.php?id=100090733639311\",\"https:\/\/x.com\/talkpalai\",\"https:\/\/www.linkedin.com\/company\/talkpal\/\",\"https:\/\/www.youtube.com\/@TalkPal\/\",\"https:\/\/www.tiktok.com\/@talkpal\",\"https:\/\/www.instagram.com\/talkpal_ai\/\",\"https:\/\/www.crunchbase.com\/organization\/talkpal-9cde\",\"https:\/\/www.g2.com\/products\/talkpal-for-business\/\",\"https:\/\/www.trustpilot.com\/review\/talkpal.ai\",\"https:\/\/www.capterra.com\/p\/10006800\/TalkPal\/\"],\"description\":\"Talkpal is a language learning web and mobile education app, powered by the latest AI technologies, that provides engaging experiences to its customers in many different languages to help them improve their language skills. Users can chat about unlimited amount of topics with the app and use other modes to practice their language learning.\",\"email\":\"support@talkpal.ai\",\"legalName\":\"Talkpal, Inc.\",\"foundingDate\":\"2023-04-03\",\"duns\":\"118989042\",\"numberOfEmployees\":{\"@type\":\"QuantitativeValue\",\"minValue\":\"11\",\"maxValue\":\"50\"},\"publishingPrinciples\":\"https:\/\/talkpal.ai\/publishing-principles\/\",\"actionableFeedbackPolicy\":\"https:\/\/talkpal.ai\/actionable-feedback-policy\/\",\"correctionsPolicy\":\"https:\/\/talkpal.ai\/corrections-policy\/\",\"ethicsPolicy\":\"https:\/\/talkpal.ai\/ethics-policy\/\",\"diversityPolicy\":\"https:\/\/talkpal.ai\/diversity-policy\/\",\"diversityStaffingReport\":\"https:\/\/talkpal.ai\/diversity-policy\/\"}]}<\/script>\n<!-- \/ Yoast SEO Premium plugin. -->","yoast_head_json":{"title":"Medizinische Sprache mit KI lernen - Talkpal","description":"Verbessern Sie Ihre Karriere im Gesundheitswesen mit dem neuen Medizin-Kurs von Talkpal. Lernen Sie mit Hilfe unseres personalisierten KI-Tutors, effektiv mit Patienten in \u00fcber 80 Sprachen zu kommunizieren.","robots":{"index":"index","follow":"follow","max-snippet":"max-snippet:-1","max-image-preview":"max-image-preview:large","max-video-preview":"max-video-preview:-1"},"canonical":"https:\/\/talkpal.ai\/de\/medizinische-sprache-mit-ki-lernen\/","og_locale":"de_DE","og_type":"article","og_title":"Medizinische Sprache mit KI lernen","og_description":"Wir sind Talkpal Das Erlernen einer neuen Sprache kann eine spannende und herausfordernde Erfahrung sein. Sie er\u00f6ffnet neue M\u00f6glichkeiten, sowohl","og_url":"https:\/\/talkpal.ai\/de\/medizinische-sprache-mit-ki-lernen\/","og_site_name":"Talkpal","article_publisher":"https:\/\/www.facebook.com\/profile.php?id=100090733639311","article_modified_time":"2026-02-27T11:29:20+00:00","og_image":[{"width":1200,"height":967,"url":"https:\/\/talkpal.ai\/wp-content\/uploads\/2026\/02\/medicine_courses.webp","type":"image\/webp"}],"twitter_card":"summary_large_image","twitter_site":"@talkpalai","twitter_misc":{"Gesch\u00e4tzte Lesezeit":"3\u00a0Minuten"},"schema":{"@context":"https:\/\/schema.org","@graph":[{"@type":"WebPage","@id":"https:\/\/talkpal.ai\/de\/medizinische-sprache-mit-ki-lernen\/","url":"https:\/\/talkpal.ai\/de\/medizinische-sprache-mit-ki-lernen\/","name":"Medizinische Sprache mit KI lernen - Talkpal","isPartOf":{"@id":"https:\/\/talkpal.ai\/de\/#website"},"primaryImageOfPage":{"@id":"https:\/\/talkpal.ai\/de\/medizinische-sprache-mit-ki-lernen\/#primaryimage"},"image":{"@id":"https:\/\/talkpal.ai\/de\/medizinische-sprache-mit-ki-lernen\/#primaryimage"},"thumbnailUrl":"https:\/\/talkpal.ai\/wp-content\/uploads\/2026\/02\/medicine_courses.webp","datePublished":"2026-02-27T11:07:24+00:00","dateModified":"2026-02-27T11:29:20+00:00","description":"Verbessern Sie Ihre Karriere im Gesundheitswesen mit dem neuen Medizin-Kurs von Talkpal. Lernen Sie mit Hilfe unseres personalisierten KI-Tutors, effektiv mit Patienten in \u00fcber 80 Sprachen zu kommunizieren.","breadcrumb":{"@id":"https:\/\/talkpal.ai\/de\/medizinische-sprache-mit-ki-lernen\/#breadcrumb"},"inLanguage":"de","potentialAction":[{"@type":"ReadAction","target":["https:\/\/talkpal.ai\/de\/medizinische-sprache-mit-ki-lernen\/"]}]},{"@type":"ImageObject","inLanguage":"de","@id":"https:\/\/talkpal.ai\/de\/medizinische-sprache-mit-ki-lernen\/#primaryimage","url":"https:\/\/talkpal.ai\/wp-content\/uploads\/2026\/02\/medicine_courses.webp","contentUrl":"https:\/\/talkpal.ai\/wp-content\/uploads\/2026\/02\/medicine_courses.webp","width":1200,"height":967,"caption":"Medizin Kurse"},{"@type":"BreadcrumbList","@id":"https:\/\/talkpal.ai\/de\/medizinische-sprache-mit-ki-lernen\/#breadcrumb","itemListElement":[{"@type":"ListItem","position":1,"name":"Homepage","item":"https:\/\/talkpal.ai\/de\/"},{"@type":"ListItem","position":2,"name":"Medizinische Sprache mit KI lernen"}]},{"@type":"WebSite","@id":"https:\/\/talkpal.ai\/de\/#website","url":"https:\/\/talkpal.ai\/de\/","name":"Talkpal","description":"AI Language Learning","publisher":{"@id":"https:\/\/talkpal.ai\/de\/#organization"},"alternateName":"Talkpal AI","potentialAction":[{"@type":"SearchAction","target":{"@type":"EntryPoint","urlTemplate":"https:\/\/talkpal.ai\/de\/?s={search_term_string}"},"query-input":{"@type":"PropertyValueSpecification","valueRequired":true,"valueName":"search_term_string"}}],"inLanguage":"de"},{"@type":"Organization","@id":"https:\/\/talkpal.ai\/de\/#organization","name":"Talkpal, Inc.","alternateName":"Talkpal AI","url":"https:\/\/talkpal.ai\/de\/","logo":{"@type":"ImageObject","inLanguage":"de","@id":"https:\/\/talkpal.ai\/de\/#\/schema\/logo\/image\/","url":"https:\/\/talkpal.ai\/wp-content\/uploads\/2024\/03\/Talkpal-Logo-Icon.png","contentUrl":"https:\/\/talkpal.ai\/wp-content\/uploads\/2024\/03\/Talkpal-Logo-Icon.png","width":2880,"height":2880,"caption":"Talkpal, Inc."},"image":{"@id":"https:\/\/talkpal.ai\/de\/#\/schema\/logo\/image\/"},"sameAs":["https:\/\/www.facebook.com\/profile.php?id=100090733639311","https:\/\/x.com\/talkpalai","https:\/\/www.linkedin.com\/company\/talkpal\/","https:\/\/www.youtube.com\/@TalkPal\/","https:\/\/www.tiktok.com\/@talkpal","https:\/\/www.instagram.com\/talkpal_ai\/","https:\/\/www.crunchbase.com\/organization\/talkpal-9cde","https:\/\/www.g2.com\/products\/talkpal-for-business\/","https:\/\/www.trustpilot.com\/review\/talkpal.ai","https:\/\/www.capterra.com\/p\/10006800\/TalkPal\/"],"description":"Talkpal is a language learning web and mobile education app, powered by the latest AI technologies, that provides engaging experiences to its customers in many different languages to help them improve their language skills. Users can chat about unlimited amount of topics with the app and use other modes to practice their language learning.","email":"support@talkpal.ai","legalName":"Talkpal, Inc.","foundingDate":"2023-04-03","duns":"118989042","numberOfEmployees":{"@type":"QuantitativeValue","minValue":"11","maxValue":"50"},"publishingPrinciples":"https:\/\/talkpal.ai\/publishing-principles\/","actionableFeedbackPolicy":"https:\/\/talkpal.ai\/actionable-feedback-policy\/","correctionsPolicy":"https:\/\/talkpal.ai\/corrections-policy\/","ethicsPolicy":"https:\/\/talkpal.ai\/ethics-policy\/","diversityPolicy":"https:\/\/talkpal.ai\/diversity-policy\/","diversityStaffingReport":"https:\/\/talkpal.ai\/diversity-policy\/"}]}},"_links":{"self":[{"href":"https:\/\/talkpal.ai\/de\/wp-json\/wp\/v2\/pages\/1647856","targetHints":{"allow":["GET"]}}],"collection":[{"href":"https:\/\/talkpal.ai\/de\/wp-json\/wp\/v2\/pages"}],"about":[{"href":"https:\/\/talkpal.ai\/de\/wp-json\/wp\/v2\/types\/page"}],"author":[{"embeddable":true,"href":"https:\/\/talkpal.ai\/de\/wp-json\/wp\/v2\/users\/20"}],"replies":[{"embeddable":true,"href":"https:\/\/talkpal.ai\/de\/wp-json\/wp\/v2\/comments?post=1647856"}],"version-history":[{"count":0,"href":"https:\/\/talkpal.ai\/de\/wp-json\/wp\/v2\/pages\/1647856\/revisions"}],"wp:featuredmedia":[{"embeddable":true,"href":"https:\/\/talkpal.ai\/de\/wp-json\/wp\/v2\/media\/1647857"}],"wp:attachment":[{"href":"https:\/\/talkpal.ai\/de\/wp-json\/wp\/v2\/media?parent=1647856"}],"curies":[{"name":"wp","href":"https:\/\/api.w.org\/{rel}","templated":true}]}}