{"id":1647844,"date":"2026-02-27T11:00:49","date_gmt":"2026-02-27T11:00:49","guid":{"rendered":"https:\/\/talkpal.ai\/lernen-sie-professionelle-rechtssprache-mit-ai\/"},"modified":"2026-02-27T11:28:49","modified_gmt":"2026-02-27T11:28:49","slug":"lernen-sie-professionelle-rechtssprache-mit-ai","status":"publish","type":"page","link":"https:\/\/talkpal.ai\/de\/lernen-sie-professionelle-rechtssprache-mit-ai\/","title":{"rendered":"Lernen Sie professionelle Rechtssprache mit AI"},"content":{"rendered":"\r\n\r\n\r\n<section class=\"languageChallengeSection\">\r\n    <div class=\"languageInfoWrapper\">\r\n        \r\n        <h1>Lernen Sie professionelle Rechtssprache mit AI<\/h1>\r\n        <p>F\u00fchren Sie aufschlussreiche Gespr\u00e4che \u00fcber komplexe juristische Themen, die Sie interessieren, und erhalten Sie sofortiges Feedback, um Ihre professionellen Kommunikationsf\u00e4higkeiten zu verbessern. Schon 10 Minuten \u00dcbung pro Tag machen einen echten Unterschied in Ihrer Karriere!<\/p>\r\n\r\n                            <a class=\"getStartedHidden\" href=\"https:\/\/app.talkpal.ai\/de\/signup?lng=\">Leg los<\/a>\r\n        \r\n    <\/div>\r\n\r\n    <figure>\r\n    <img decoding=\"async\" width=\"768\" height=\"635\" src=\"https:\/\/talkpal.ai\/wp-content\/uploads\/2026\/02\/law_courses-768x635.webp\" class=\"languageImage no-lazy\" alt=\"Jura-Kurse\" fetchpriority=\"high\" sizes=\"(max-width: 768px) 150px, 768px\" srcset=\"https:\/\/talkpal.ai\/wp-content\/uploads\/2026\/02\/law_courses-768x635.webp 768w, https:\/\/talkpal.ai\/wp-content\/uploads\/2026\/02\/law_courses-300x248.webp 300w\" \/>\r\n    \r\n\r\n    <\/figure>\r\n\r\n            <a class=\"getStartedVisible\" href=\"https:\/\/app.talkpal.ai\/de\/signup?lng=\">Leg los<\/a>\r\n    \r\n<\/section><section class=\"promotionalBanner\">\r\n    <p class=\"promotionalText\">Der effizienteste Weg, eine Sprache zu lernen<\/p>\r\n    <a class=\"promotionalLink\" href=\"https:\/\/app.talkpal.ai\/de\/signup?lng=\">Talkpal kostenlos<\/a>\r\n<\/section>\n<div class=\"wp-block-group pageContainerStyle\"><div class=\"wp-block-group__inner-container is-layout-constrained wp-block-group-is-layout-constrained\">\n<h2 class=\"wp-block-heading\" id=\"h-we-are-talkpal\">Wir sind Talkpal<\/h2>\n\n\n\n<p>Die Sprache des Rechts zu lernen, kann eine spannende und herausfordernde Erfahrung sein. Es \u00f6ffnet neue T\u00fcren zu internationalen Karrierem\u00f6glichkeiten. <a href=\"https:\/\/talkpal.ai\/ko\/ai-%ec%96%b8%ec%96%b4-%ea%b5%90%ec%82%ac\/\">Talkpal<\/a> entwickelt und trainiert seine Algorithmen seit Jahren, um mehr als 80 Sprachen zu unterrichten. Da sich die Technologie weiterentwickelt, ist es wichtig, die Vorteile der Weiterentwicklung Ihrer beruflichen F\u00e4higkeiten mit den neuesten KI-Tools zu verstehen.<\/p>\n\n\n\n<h2 class=\"wp-block-heading\" id=\"h-choosing-the-right-language-learning-platform\">Die Wahl der richtigen Sprachlernplattform<\/h2>\n\n\n\n<p>Bei so vielen verf\u00fcgbaren Plattformen ist es wichtig, Faktoren wie Lehrmethoden, Sprachoptionen und praktische <a href=\"https:\/\/talkpal.ai\/es\/descargar-la-aplicacion-talkpal-para-android-e-ios\/\">Anwendung<\/a> zu ber\u00fccksichtigen. Talkpal bietet eine chatbasierte Methode, die sich auf reale juristische Situationen ohne Stress konzentriert. Unser KI-Modell ist in \u00fcber 80 Sprachen verf\u00fcgbar und macht das Sprechenlernen in einer echten Konversation zu einer langweiligen und l\u00e4stigen Angelegenheit. Probieren Sie es noch heute kostenlos aus!<\/p>\n<\/div><\/div>\n\r\n\r\n\r\n<section class=\"smartFunSection\">\r\n            \r\n            <div class=\"smartFunCard\">\r\n                <div class=\"smartFunWrapper\"><img decoding=\"async\" src=\"https:\/\/talkpal.ai\/wp-content\/uploads\/2025\/05\/1.png\" alt=\"Learning Stats Screenshot\"><\/div>\r\n                <h3>Personalisiertes Lernen<\/h3>\r\n                <p>Indem wir die St\u00e4rken der KI und der Sprachwissenschaft nutzen, werden unsere Jura-Kurse personalisiert, damit Sie auf dem optimalen Niveau und in der optimalen Geschwindigkeit lernen k\u00f6nnen und juristische Inhalte erhalten, die auf Sie zugeschnitten sind.<\/p>\r\n            <\/div>\r\n\r\n        \r\n            <div class=\"smartFunCard\">\r\n                <div class=\"smartFunWrapper\"><img decoding=\"async\" src=\"https:\/\/talkpal.ai\/wp-content\/uploads\/2025\/05\/2.png\" alt=\"Pronunciation Score Screenshot\"><\/div>\r\n                <h3>Effektiv &amp; Effizient<\/h3>\r\n                <p>Mit Talkpal k\u00f6nnen Sie das Lesen von Vertr\u00e4gen, das H\u00f6ren von Zeugenaussagen und das Sprechen in Scheinprozessen auf effiziente und effektive Weise \u00fcben.<\/p>\r\n            <\/div>\r\n\r\n        \r\n            <div class=\"smartFunCard\">\r\n                <div class=\"smartFunWrapper\"><img decoding=\"async\" src=\"https:\/\/talkpal.ai\/wp-content\/uploads\/2025\/05\/3.png\" alt=\"Chat Topics Screenshot\"><\/div>\r\n                <h3>Engagiert bleiben<\/h3>\r\n                <p>Wir f\u00f6rdern die Entwicklung einer Lerngewohnheit, indem wir unterhaltsame Herausforderungen und aufschlussreiche, fallspezifische Fragen einbauen, damit Sie motiviert und engagiert bleiben.<\/p>\r\n            <\/div>\r\n\r\n        \r\n            <div class=\"smartFunCard\">\r\n                <div class=\"smartFunWrapper\"><img decoding=\"async\" src=\"https:\/\/talkpal.ai\/wp-content\/uploads\/2025\/05\/4.png\" alt=\"Dashboard Screenshot\"><\/div>\r\n                <h3>Spa\u00df haben<\/h3>\r\n                <p>Ein Jurastudium muss nicht langweilig und eint\u00f6nig sein! Verbessern Sie Ihre beruflichen F\u00e4higkeiten jeden Tag mit fesselnden \u00dcbungen. Stellen Sie komplexe oder ungew\u00f6hnliche juristische Fragen und sehen Sie, wie der KI-Tutor von Talkpal darauf reagiert.<\/p>\r\n            <\/div>\r\n\r\n            \r\n<\/section>\n<div class=\"wp-block-group pageContainerStyle\"><div class=\"wp-block-group__inner-container is-layout-constrained wp-block-group-is-layout-constrained\">\n<h2 class=\"wp-block-heading\" id=\"h-why-the-professional-law-course\"><strong><strong>Warum der Kurs Berufsrecht?<\/strong><\/strong><\/h2>\n\n\n\n<p>Der Rechtssektor ist eine der wichtigsten und am st\u00e4rksten global vernetzten Branchen der Welt. Die F\u00e4higkeit, juristische Konzepte klar zu kommunizieren, ist f\u00fcr die internationale Wirtschaft, das Eintreten f\u00fcr die Menschenrechte und die globale Diplomatie unerl\u00e4sslich. Allerdings kann das Erlernen des spezifischen Jargons und des formalen Tons ein zeitaufw\u00e4ndiger Prozess sein. Mit dem Fortschritt der Technologie ist es viel einfacher geworden, diese Nische zu beherrschen. In diesem Artikel erfahren Sie, warum der Einsatz von <a href=\"https:\/\/talkpal.ai\/lt\/talkpal-verslui\/\">Talkpal AI<\/a> Chat f\u00fcr Ihren Jura-Kurs der effizienteste Weg ist, um Ihre beruflichen F\u00e4higkeiten zu verbessern.<\/p>\n<\/div><\/div>\n\n<div class=\"wp-block-group pageContainerStyle\"><div class=\"wp-block-group__inner-container is-layout-constrained wp-block-group-is-layout-constrained\">\n<h2 class=\"wp-block-heading\" id=\"h-why-is-legal-language-difficult\"><strong><strong>Warum ist Rechtssprache so schwierig?<\/strong><\/strong><\/h2>\n\n\n\n<h3 class=\"wp-block-heading\" id=\"h-pronunciation\"><strong>Aussprache<\/strong><\/h3>\n\n\n\n<p>Eine der gr\u00f6\u00dften H\u00fcrden ist die Beherrschung der Aussprache der komplexen, oft auf Latein basierenden Rechtsterminologie. Das formale Register erfordert eine pr\u00e4zise Artikulation, was f\u00fcr Lernende einsch\u00fcchternd sein kann.<\/p>\n\n\n\n<h3 class=\"wp-block-heading\" id=\"h-grammar-and-syntax\"><strong><strong>Grammatik und Syntax<\/strong><\/strong><\/h3>\n\n\n\n<p>Die juristische <a href=\"https:\/\/talkpal.ai\/fr\/les\/\">Grammatik<\/a> ist notorisch komplex, mit <a href=\"https:\/\/talkpal.ai\/locations\/language-courses-in-langen\/\">langen<\/a>, konditionierten S\u00e4tzen, zahlreichen Regeln und strenger Formatierung. Die Lernenden m\u00fcssen hochformale Strukturen verstehen, die sich stark von der allt\u00e4glichen Umgangssprache unterscheiden.<\/p>\n\n\n\n<h3 class=\"wp-block-heading\" id=\"h-vocabulary-and-idioms\"><strong><strong><strong>Wortschatz und Redewendungen<\/strong><\/strong><\/strong><\/h3>\n\n\n\n<p>Der juristische Bereich verf\u00fcgt \u00fcber ein umfangreiches, sehr spezifisches Vokabular. Diese gro\u00dfe Anzahl von W\u00f6rtern kann \u00fcberw\u00e4ltigend sein, insbesondere wenn Sie sich durch juristische Redewendungen, Vertragsklauseln und branchenspezifischen Jargon bewegen, deren Bedeutung nicht w\u00f6rtlich abgeleitet werden kann.<\/p>\n\n\n\n<h3 class=\"wp-block-heading\" id=\"h-spelling\"><strong><strong><strong><strong>Rechtschreibung<\/strong><\/strong><\/strong><\/strong><\/h3>\n\n\n\n<p>Eine korrekte Rechtschreibung ist in juristischen Dokumenten nicht verhandelbar. Ein einziger falsch gesetzter Buchstabe kann die Bedeutung eines Vertrages ver\u00e4ndern, was diesen Bereich f\u00fcr Lernende zu einem Hochdruckgebiet macht.<\/p>\n\n\n\n<h3 class=\"wp-block-heading\" id=\"h-language-learning-strategies-for-law\"><strong><strong>Sprachlernstrategien f\u00fcr Jura<\/strong><\/strong><\/h3>\n\n\n\n<h4 class=\"wp-block-heading\" id=\"h-listening-and-speaking\">Zuh\u00f6ren und Sprechen<\/h4>\n\n\n\n<p>Um die Sprachgewandtheit zu verbessern, sollten die Lernenden Scheinverhandlungen und Kundengespr\u00e4che \u00fcben. Talkpal bietet daf\u00fcr die perfekte, stressfreie Umgebung.<\/p>\n\n\n\n<h4 class=\"wp-block-heading\" id=\"h-reading\">Lesen<\/h4>\n\n\n\n<p>Lesen ist wichtig, um den Wortschatz zu erweitern. Die Lernenden sollten eine Vielzahl von Texten lesen, von Unternehmensvertr\u00e4gen bis hin zur Rechtsprechung, um sich mit verschiedenen juristischen Schreibstilen vertraut zu machen.<\/p>\n\n\n\n<h4 class=\"wp-block-heading\" id=\"h-writing\">Schreiben<\/h4>\n\n\n\n<p>Schreiben ist eine entscheidende F\u00e4higkeit f\u00fcr die Erstellung von Dokumenten. Die Lernenden sollten sich regelm\u00e4\u00dfig im Schreiben \u00fcben, juristische Schrifts\u00e4tze formulieren und Fallstudien zusammenfassen.<\/p>\n\n\n\n<h4 class=\"wp-block-heading\" id=\"h-grammar-and-vocabulary\">Grammatik und Wortschatz<\/h4>\n\n\n\n<p>Um in Ihrer Zielsprache Autorit\u00e4t und Professionalit\u00e4t auszustrahlen, m\u00fcssen Sie sich die Zeit nehmen, die spezifischen Regeln der formalen Sprache zu studieren.<\/p>\n\n\n\n<h2 class=\"wp-block-heading\" id=\"h-conclusion\">Schlussfolgerung<\/h2>\n\n\n\n<p>Das Erlernen der juristischen Fachsprache stellt eine besondere Herausforderung dar, von der starren Grammatik bis zum dichten Vokabular. Mit den richtigen Strategien und der Unterst\u00fctzung der KI von Talkpal k\u00f6nnen Lernende aller Niveaus diese Hindernisse jedoch \u00fcberwinden und von den enormen Karrierevorteilen profitieren, die sich aus der Beherrschung der Rechtssprache ergeben.<\/p>\n<\/div><\/div>\n<section class=\"promotionalBanner\">\r\n    <p class=\"promotionalText\">Der effizienteste Weg, eine Sprache zu lernen<\/p>\r\n    <a class=\"promotionalLink\" href=\"https:\/\/app.talkpal.ai\/de\/signup?lng=\">Talkpal kostenlos<\/a>\r\n<\/section>","protected":false},"excerpt":{"rendered":"<p>Wir sind Talkpal Die Sprache des Rechts zu lernen, kann eine spannende und herausfordernde Erfahrung sein. Es \u00f6ffnet neue T\u00fcren zu internationalen Karrierem\u00f6glichkeiten. Talkpal entwickelt und trainiert seine Algorithmen seit Jahren, um mehr als 80 Sprachen zu unterrichten. Da sich die Technologie weiterentwickelt, ist es wichtig, die Vorteile der Weiterentwicklung Ihrer beruflichen F\u00e4higkeiten mit den [&hellip;]<\/p>\n","protected":false},"author":20,"featured_media":1647845,"parent":0,"menu_order":0,"comment_status":"closed","ping_status":"closed","template":"LearningContentPage.php","meta":{"_acf_changed":false,"footnotes":""},"class_list":["post-1647844","page","type-page","status-publish","has-post-thumbnail","hentry"],"acf":[],"yoast_head":"<!-- This site is optimized with the Yoast SEO Premium plugin v27.2 (Yoast SEO v27.2) - https:\/\/yoast.com\/product\/yoast-seo-premium-wordpress\/ -->\n<title>Lernen Sie professionelle Rechtssprache mit AI - Talkpal<\/title>\n<meta name=\"description\" content=\"Steigern Sie Ihre Karriere mit Talkpals Kurs Berufsrecht. Beherrschen Sie die juristische Terminologie und \u00fcben Sie mit unserem KI-Tutor reale berufliche Szenarien in \u00fcber 80 Sprachen.\" \/>\n<meta name=\"robots\" content=\"index, follow, max-snippet:-1, max-image-preview:large, max-video-preview:-1\" \/>\n<link rel=\"canonical\" href=\"https:\/\/talkpal.ai\/de\/lernen-sie-professionelle-rechtssprache-mit-ai\/\" \/>\n<meta property=\"og:locale\" content=\"de_DE\" \/>\n<meta property=\"og:type\" content=\"article\" \/>\n<meta property=\"og:title\" content=\"Lernen Sie professionelle Rechtssprache mit AI\" \/>\n<meta property=\"og:description\" content=\"Wir sind Talkpal Die Sprache des Rechts zu lernen, kann eine spannende und herausfordernde Erfahrung sein. Es \u00f6ffnet neue T\u00fcren zu internationalen\" \/>\n<meta property=\"og:url\" content=\"https:\/\/talkpal.ai\/de\/lernen-sie-professionelle-rechtssprache-mit-ai\/\" \/>\n<meta property=\"og:site_name\" content=\"Talkpal\" \/>\n<meta property=\"article:publisher\" content=\"https:\/\/www.facebook.com\/profile.php?id=100090733639311\" \/>\n<meta property=\"article:modified_time\" content=\"2026-02-27T11:28:49+00:00\" \/>\n<meta property=\"og:image\" content=\"https:\/\/talkpal.ai\/wp-content\/uploads\/2026\/02\/law_courses.webp\" \/>\n\t<meta property=\"og:image:width\" content=\"1200\" \/>\n\t<meta property=\"og:image:height\" content=\"992\" \/>\n\t<meta property=\"og:image:type\" content=\"image\/webp\" \/>\n<meta name=\"twitter:card\" content=\"summary_large_image\" \/>\n<meta name=\"twitter:site\" content=\"@talkpalai\" \/>\n<meta name=\"twitter:label1\" content=\"Gesch\u00e4tzte Lesezeit\" \/>\n\t<meta name=\"twitter:data1\" content=\"3\u00a0Minuten\" \/>\n<script type=\"application\/ld+json\" class=\"yoast-schema-graph\">{\"@context\":\"https:\/\/schema.org\",\"@graph\":[{\"@type\":\"WebPage\",\"@id\":\"https:\/\/talkpal.ai\/de\/lernen-sie-professionelle-rechtssprache-mit-ai\/\",\"url\":\"https:\/\/talkpal.ai\/de\/lernen-sie-professionelle-rechtssprache-mit-ai\/\",\"name\":\"Lernen Sie professionelle Rechtssprache mit AI - Talkpal\",\"isPartOf\":{\"@id\":\"https:\/\/talkpal.ai\/de\/#website\"},\"primaryImageOfPage\":{\"@id\":\"https:\/\/talkpal.ai\/de\/lernen-sie-professionelle-rechtssprache-mit-ai\/#primaryimage\"},\"image\":{\"@id\":\"https:\/\/talkpal.ai\/de\/lernen-sie-professionelle-rechtssprache-mit-ai\/#primaryimage\"},\"thumbnailUrl\":\"https:\/\/talkpal.ai\/wp-content\/uploads\/2026\/02\/law_courses.webp\",\"datePublished\":\"2026-02-27T11:00:49+00:00\",\"dateModified\":\"2026-02-27T11:28:49+00:00\",\"description\":\"Steigern Sie Ihre Karriere mit Talkpals Kurs Berufsrecht. Beherrschen Sie die juristische Terminologie und \u00fcben Sie mit unserem KI-Tutor reale berufliche Szenarien in \u00fcber 80 Sprachen.\",\"breadcrumb\":{\"@id\":\"https:\/\/talkpal.ai\/de\/lernen-sie-professionelle-rechtssprache-mit-ai\/#breadcrumb\"},\"inLanguage\":\"de\",\"potentialAction\":[{\"@type\":\"ReadAction\",\"target\":[\"https:\/\/talkpal.ai\/de\/lernen-sie-professionelle-rechtssprache-mit-ai\/\"]}]},{\"@type\":\"ImageObject\",\"inLanguage\":\"de\",\"@id\":\"https:\/\/talkpal.ai\/de\/lernen-sie-professionelle-rechtssprache-mit-ai\/#primaryimage\",\"url\":\"https:\/\/talkpal.ai\/wp-content\/uploads\/2026\/02\/law_courses.webp\",\"contentUrl\":\"https:\/\/talkpal.ai\/wp-content\/uploads\/2026\/02\/law_courses.webp\",\"width\":1200,\"height\":992,\"caption\":\"Jura-Kurse\"},{\"@type\":\"BreadcrumbList\",\"@id\":\"https:\/\/talkpal.ai\/de\/lernen-sie-professionelle-rechtssprache-mit-ai\/#breadcrumb\",\"itemListElement\":[{\"@type\":\"ListItem\",\"position\":1,\"name\":\"Homepage\",\"item\":\"https:\/\/talkpal.ai\/de\/\"},{\"@type\":\"ListItem\",\"position\":2,\"name\":\"Lernen Sie professionelle Rechtssprache mit AI\"}]},{\"@type\":\"WebSite\",\"@id\":\"https:\/\/talkpal.ai\/de\/#website\",\"url\":\"https:\/\/talkpal.ai\/de\/\",\"name\":\"Talkpal\",\"description\":\"AI Language Learning\",\"publisher\":{\"@id\":\"https:\/\/talkpal.ai\/de\/#organization\"},\"alternateName\":\"Talkpal AI\",\"potentialAction\":[{\"@type\":\"SearchAction\",\"target\":{\"@type\":\"EntryPoint\",\"urlTemplate\":\"https:\/\/talkpal.ai\/de\/?s={search_term_string}\"},\"query-input\":{\"@type\":\"PropertyValueSpecification\",\"valueRequired\":true,\"valueName\":\"search_term_string\"}}],\"inLanguage\":\"de\"},{\"@type\":\"Organization\",\"@id\":\"https:\/\/talkpal.ai\/de\/#organization\",\"name\":\"Talkpal, Inc.\",\"alternateName\":\"Talkpal AI\",\"url\":\"https:\/\/talkpal.ai\/de\/\",\"logo\":{\"@type\":\"ImageObject\",\"inLanguage\":\"de\",\"@id\":\"https:\/\/talkpal.ai\/de\/#\/schema\/logo\/image\/\",\"url\":\"https:\/\/talkpal.ai\/wp-content\/uploads\/2024\/03\/Talkpal-Logo-Icon.png\",\"contentUrl\":\"https:\/\/talkpal.ai\/wp-content\/uploads\/2024\/03\/Talkpal-Logo-Icon.png\",\"width\":2880,\"height\":2880,\"caption\":\"Talkpal, Inc.\"},\"image\":{\"@id\":\"https:\/\/talkpal.ai\/de\/#\/schema\/logo\/image\/\"},\"sameAs\":[\"https:\/\/www.facebook.com\/profile.php?id=100090733639311\",\"https:\/\/x.com\/talkpalai\",\"https:\/\/www.linkedin.com\/company\/talkpal\/\",\"https:\/\/www.youtube.com\/@TalkPal\/\",\"https:\/\/www.tiktok.com\/@talkpal\",\"https:\/\/www.instagram.com\/talkpal_ai\/\",\"https:\/\/www.crunchbase.com\/organization\/talkpal-9cde\",\"https:\/\/www.g2.com\/products\/talkpal-for-business\/\",\"https:\/\/www.trustpilot.com\/review\/talkpal.ai\",\"https:\/\/www.capterra.com\/p\/10006800\/TalkPal\/\"],\"description\":\"Talkpal is a language learning web and mobile education app, powered by the latest AI technologies, that provides engaging experiences to its customers in many different languages to help them improve their language skills. Users can chat about unlimited amount of topics with the app and use other modes to practice their language learning.\",\"email\":\"support@talkpal.ai\",\"legalName\":\"Talkpal, Inc.\",\"foundingDate\":\"2023-04-03\",\"duns\":\"118989042\",\"numberOfEmployees\":{\"@type\":\"QuantitativeValue\",\"minValue\":\"11\",\"maxValue\":\"50\"},\"publishingPrinciples\":\"https:\/\/talkpal.ai\/publishing-principles\/\",\"actionableFeedbackPolicy\":\"https:\/\/talkpal.ai\/actionable-feedback-policy\/\",\"correctionsPolicy\":\"https:\/\/talkpal.ai\/corrections-policy\/\",\"ethicsPolicy\":\"https:\/\/talkpal.ai\/ethics-policy\/\",\"diversityPolicy\":\"https:\/\/talkpal.ai\/diversity-policy\/\",\"diversityStaffingReport\":\"https:\/\/talkpal.ai\/diversity-policy\/\"}]}<\/script>\n<!-- \/ Yoast SEO Premium plugin. -->","yoast_head_json":{"title":"Lernen Sie professionelle Rechtssprache mit AI - Talkpal","description":"Steigern Sie Ihre Karriere mit Talkpals Kurs Berufsrecht. Beherrschen Sie die juristische Terminologie und \u00fcben Sie mit unserem KI-Tutor reale berufliche Szenarien in \u00fcber 80 Sprachen.","robots":{"index":"index","follow":"follow","max-snippet":"max-snippet:-1","max-image-preview":"max-image-preview:large","max-video-preview":"max-video-preview:-1"},"canonical":"https:\/\/talkpal.ai\/de\/lernen-sie-professionelle-rechtssprache-mit-ai\/","og_locale":"de_DE","og_type":"article","og_title":"Lernen Sie professionelle Rechtssprache mit AI","og_description":"Wir sind Talkpal Die Sprache des Rechts zu lernen, kann eine spannende und herausfordernde Erfahrung sein. Es \u00f6ffnet neue T\u00fcren zu internationalen","og_url":"https:\/\/talkpal.ai\/de\/lernen-sie-professionelle-rechtssprache-mit-ai\/","og_site_name":"Talkpal","article_publisher":"https:\/\/www.facebook.com\/profile.php?id=100090733639311","article_modified_time":"2026-02-27T11:28:49+00:00","og_image":[{"width":1200,"height":992,"url":"https:\/\/talkpal.ai\/wp-content\/uploads\/2026\/02\/law_courses.webp","type":"image\/webp"}],"twitter_card":"summary_large_image","twitter_site":"@talkpalai","twitter_misc":{"Gesch\u00e4tzte Lesezeit":"3\u00a0Minuten"},"schema":{"@context":"https:\/\/schema.org","@graph":[{"@type":"WebPage","@id":"https:\/\/talkpal.ai\/de\/lernen-sie-professionelle-rechtssprache-mit-ai\/","url":"https:\/\/talkpal.ai\/de\/lernen-sie-professionelle-rechtssprache-mit-ai\/","name":"Lernen Sie professionelle Rechtssprache mit AI - Talkpal","isPartOf":{"@id":"https:\/\/talkpal.ai\/de\/#website"},"primaryImageOfPage":{"@id":"https:\/\/talkpal.ai\/de\/lernen-sie-professionelle-rechtssprache-mit-ai\/#primaryimage"},"image":{"@id":"https:\/\/talkpal.ai\/de\/lernen-sie-professionelle-rechtssprache-mit-ai\/#primaryimage"},"thumbnailUrl":"https:\/\/talkpal.ai\/wp-content\/uploads\/2026\/02\/law_courses.webp","datePublished":"2026-02-27T11:00:49+00:00","dateModified":"2026-02-27T11:28:49+00:00","description":"Steigern Sie Ihre Karriere mit Talkpals Kurs Berufsrecht. Beherrschen Sie die juristische Terminologie und \u00fcben Sie mit unserem KI-Tutor reale berufliche Szenarien in \u00fcber 80 Sprachen.","breadcrumb":{"@id":"https:\/\/talkpal.ai\/de\/lernen-sie-professionelle-rechtssprache-mit-ai\/#breadcrumb"},"inLanguage":"de","potentialAction":[{"@type":"ReadAction","target":["https:\/\/talkpal.ai\/de\/lernen-sie-professionelle-rechtssprache-mit-ai\/"]}]},{"@type":"ImageObject","inLanguage":"de","@id":"https:\/\/talkpal.ai\/de\/lernen-sie-professionelle-rechtssprache-mit-ai\/#primaryimage","url":"https:\/\/talkpal.ai\/wp-content\/uploads\/2026\/02\/law_courses.webp","contentUrl":"https:\/\/talkpal.ai\/wp-content\/uploads\/2026\/02\/law_courses.webp","width":1200,"height":992,"caption":"Jura-Kurse"},{"@type":"BreadcrumbList","@id":"https:\/\/talkpal.ai\/de\/lernen-sie-professionelle-rechtssprache-mit-ai\/#breadcrumb","itemListElement":[{"@type":"ListItem","position":1,"name":"Homepage","item":"https:\/\/talkpal.ai\/de\/"},{"@type":"ListItem","position":2,"name":"Lernen Sie professionelle Rechtssprache mit AI"}]},{"@type":"WebSite","@id":"https:\/\/talkpal.ai\/de\/#website","url":"https:\/\/talkpal.ai\/de\/","name":"Talkpal","description":"AI Language Learning","publisher":{"@id":"https:\/\/talkpal.ai\/de\/#organization"},"alternateName":"Talkpal AI","potentialAction":[{"@type":"SearchAction","target":{"@type":"EntryPoint","urlTemplate":"https:\/\/talkpal.ai\/de\/?s={search_term_string}"},"query-input":{"@type":"PropertyValueSpecification","valueRequired":true,"valueName":"search_term_string"}}],"inLanguage":"de"},{"@type":"Organization","@id":"https:\/\/talkpal.ai\/de\/#organization","name":"Talkpal, Inc.","alternateName":"Talkpal AI","url":"https:\/\/talkpal.ai\/de\/","logo":{"@type":"ImageObject","inLanguage":"de","@id":"https:\/\/talkpal.ai\/de\/#\/schema\/logo\/image\/","url":"https:\/\/talkpal.ai\/wp-content\/uploads\/2024\/03\/Talkpal-Logo-Icon.png","contentUrl":"https:\/\/talkpal.ai\/wp-content\/uploads\/2024\/03\/Talkpal-Logo-Icon.png","width":2880,"height":2880,"caption":"Talkpal, Inc."},"image":{"@id":"https:\/\/talkpal.ai\/de\/#\/schema\/logo\/image\/"},"sameAs":["https:\/\/www.facebook.com\/profile.php?id=100090733639311","https:\/\/x.com\/talkpalai","https:\/\/www.linkedin.com\/company\/talkpal\/","https:\/\/www.youtube.com\/@TalkPal\/","https:\/\/www.tiktok.com\/@talkpal","https:\/\/www.instagram.com\/talkpal_ai\/","https:\/\/www.crunchbase.com\/organization\/talkpal-9cde","https:\/\/www.g2.com\/products\/talkpal-for-business\/","https:\/\/www.trustpilot.com\/review\/talkpal.ai","https:\/\/www.capterra.com\/p\/10006800\/TalkPal\/"],"description":"Talkpal is a language learning web and mobile education app, powered by the latest AI technologies, that provides engaging experiences to its customers in many different languages to help them improve their language skills. Users can chat about unlimited amount of topics with the app and use other modes to practice their language learning.","email":"support@talkpal.ai","legalName":"Talkpal, Inc.","foundingDate":"2023-04-03","duns":"118989042","numberOfEmployees":{"@type":"QuantitativeValue","minValue":"11","maxValue":"50"},"publishingPrinciples":"https:\/\/talkpal.ai\/publishing-principles\/","actionableFeedbackPolicy":"https:\/\/talkpal.ai\/actionable-feedback-policy\/","correctionsPolicy":"https:\/\/talkpal.ai\/corrections-policy\/","ethicsPolicy":"https:\/\/talkpal.ai\/ethics-policy\/","diversityPolicy":"https:\/\/talkpal.ai\/diversity-policy\/","diversityStaffingReport":"https:\/\/talkpal.ai\/diversity-policy\/"}]}},"_links":{"self":[{"href":"https:\/\/talkpal.ai\/de\/wp-json\/wp\/v2\/pages\/1647844","targetHints":{"allow":["GET"]}}],"collection":[{"href":"https:\/\/talkpal.ai\/de\/wp-json\/wp\/v2\/pages"}],"about":[{"href":"https:\/\/talkpal.ai\/de\/wp-json\/wp\/v2\/types\/page"}],"author":[{"embeddable":true,"href":"https:\/\/talkpal.ai\/de\/wp-json\/wp\/v2\/users\/20"}],"replies":[{"embeddable":true,"href":"https:\/\/talkpal.ai\/de\/wp-json\/wp\/v2\/comments?post=1647844"}],"version-history":[{"count":0,"href":"https:\/\/talkpal.ai\/de\/wp-json\/wp\/v2\/pages\/1647844\/revisions"}],"wp:featuredmedia":[{"embeddable":true,"href":"https:\/\/talkpal.ai\/de\/wp-json\/wp\/v2\/media\/1647845"}],"wp:attachment":[{"href":"https:\/\/talkpal.ai\/de\/wp-json\/wp\/v2\/media?parent=1647844"}],"curies":[{"name":"wp","href":"https:\/\/api.w.org\/{rel}","templated":true}]}}