{"id":1647840,"date":"2026-02-27T11:12:20","date_gmt":"2026-02-27T11:12:20","guid":{"rendered":"https:\/\/talkpal.ai\/meistern-sie-den-professional-engineering-kurs-mit-ai\/"},"modified":"2026-02-27T11:28:33","modified_gmt":"2026-02-27T11:28:33","slug":"meistern-sie-den-professional-engineering-kurs-mit-ai","status":"publish","type":"page","link":"https:\/\/talkpal.ai\/de\/meistern-sie-den-professional-engineering-kurs-mit-ai\/","title":{"rendered":"Meistern Sie den Professional Engineering Kurs mit AI"},"content":{"rendered":"\r\n\r\n\r\n<section class=\"languageChallengeSection\">\r\n    <div class=\"languageInfoWrapper\">\r\n        \r\n        <h1>Meistern Sie den Professional Engineering Kurs mit AI<\/h1>\r\n        <p>F\u00fchren Sie aufschlussreiche Gespr\u00e4che \u00fcber jedes technische Thema, das Sie interessiert, und erhalten Sie sofortiges Feedback, um Ihre professionellen Kommunikationsf\u00e4higkeiten zu verbessern. Schon 10 Minuten \u00dcbung pro Tag machen einen gro\u00dfen Unterschied bei der Bew\u00e4ltigung Ihres Professional Engineering Kurses!<\/p>\r\n\r\n                            <a class=\"getStartedHidden\" href=\"https:\/\/app.talkpal.ai\/de\/signup?lng=\">Leg los<\/a>\r\n        \r\n    <\/div>\r\n\r\n    <figure>\r\n    <img decoding=\"async\" width=\"768\" height=\"635\" src=\"https:\/\/talkpal.ai\/wp-content\/uploads\/2026\/02\/engineering_courses-768x635.webp\" class=\"languageImage no-lazy\" alt=\"Ingenieurwesen Kurse\" fetchpriority=\"high\" sizes=\"(max-width: 768px) 150px, 768px\" srcset=\"https:\/\/talkpal.ai\/wp-content\/uploads\/2026\/02\/engineering_courses-768x635.webp 768w, https:\/\/talkpal.ai\/wp-content\/uploads\/2026\/02\/engineering_courses-300x248.webp 300w\" \/>\r\n    \r\n\r\n    <\/figure>\r\n\r\n            <a class=\"getStartedVisible\" href=\"https:\/\/app.talkpal.ai\/de\/signup?lng=\">Leg los<\/a>\r\n    \r\n<\/section><section class=\"promotionalBanner\">\r\n    <p class=\"promotionalText\">Der effizienteste Weg, eine Sprache zu lernen<\/p>\r\n    <a class=\"promotionalLink\" href=\"https:\/\/app.talkpal.ai\/de\/signup?lng=\">Talkpal kostenlos<\/a>\r\n<\/section>\n<div class=\"wp-block-group pageContainerStyle\"><div class=\"wp-block-group__inner-container is-layout-constrained wp-block-group-is-layout-constrained\">\n<h2 class=\"wp-block-heading\" id=\"h-we-are-talkpal\">Wir sind Talkpal<\/h2>\n\n\n\n<p>Ihre Karriere durch einen spezialisierten <a href=\"https:\/\/talkpal.ai\/courses\/\">Kurs<\/a> voranzutreiben, kann eine spannende und herausfordernde Erfahrung sein. Sie er\u00f6ffnet neue M\u00f6glichkeiten, sowohl pers\u00f6nlich als auch beruflich. <a href=\"https:\/\/talkpal.ai\/ko\/ai-%ec%96%b8%ec%96%b4-%ea%b5%90%ec%82%ac\/\">Talkpal<\/a>, eine KI-gest\u00fctzte <a href=\"https:\/\/talkpal.ai\/it\/la-migliore-app-per-imparare\/\">Lern-App<\/a>, die mehr als 80 Sprachen unterrichtet, entwickelt und trainiert seine Algorithmen seit Jahren. Mit unserem Kurs Professional Engineering ist es jetzt einfacher denn je, praktische Kommunikation unter Verwendung der neuesten Technologien zu erlernen.<\/p>\n\n\n\n<h2 class=\"wp-block-heading\" id=\"h-choosing-the-right-language-learning-platform\">Die Wahl der richtigen Sprachlernplattform<\/h2>\n\n\n\n<p>Bei der Vielzahl der verf\u00fcgbaren Bildungsplattformen kann es schwierig sein, die richtige auszuw\u00e4hlen. Es ist wichtig, Faktoren wie Lehrmethoden, Zug\u00e4nglichkeit und Kosten zu ber\u00fccksichtigen. Talkpal zum Beispiel bietet eine Chat-basierte Methodik, die sich auf reale berufliche Gespr\u00e4che konzentriert und <a href=\"https:\/\/talkpal.ai\/culture\/how-do-i-use-the-word-nicht-nur-sondern-auch\/\">nicht nur<\/a> auf das Auswendiglernen von Lehrb\u00fcchern. Talkpal bringt Ihnen bei, wie Sie in praktischen Situationen am Arbeitsplatz sprechen k\u00f6nnen, und zwar auf <a href=\"https:\/\/talkpal.ai\/locations\/learn-english-in-allen\/\">allen<\/a> Ebenen. Technische Kommunikation mit einem echten Gespr\u00e4ch \u00fcber ein KI-Modell zu lernen, war noch nie so einfach und macht Spa\u00df. Dies erm\u00f6glicht unseren Kunden, die Langeweile aus dem Studium zu nehmen.<\/p>\n\n\n\n<p>Talkpal ist ein erg\u00e4nzendes Produkt und kann in Kombination mit oder zus\u00e4tzlich zu anderen Trainingsmethoden Ihrer Wahl verwendet werden. Probieren Sie es noch heute kostenlos aus.<\/p>\n<\/div><\/div>\n\r\n\r\n\r\n<section class=\"smartFunSection\">\r\n            \r\n            <div class=\"smartFunCard\">\r\n                <div class=\"smartFunWrapper\"><img decoding=\"async\" src=\"https:\/\/talkpal.ai\/wp-content\/uploads\/2025\/05\/1.png\" alt=\"Learning Stats Screenshot\"><\/div>\r\n                <h3>Personalisiertes Lernen<\/h3>\r\n                <p>Indem wir die St\u00e4rken der KI nutzen, werden unsere Sitzungen personalisiert, damit Sie auf dem optimalen Niveau und in der optimalen Geschwindigkeit lernen k\u00f6nnen, und bieten Ihnen technische Inhalte, die auf Sie zugeschnitten sind.<\/p>\r\n            <\/div>\r\n\r\n        \r\n            <div class=\"smartFunCard\">\r\n                <div class=\"smartFunWrapper\"><img decoding=\"async\" src=\"https:\/\/talkpal.ai\/wp-content\/uploads\/2025\/05\/2.png\" alt=\"Pronunciation Score Screenshot\"><\/div>\r\n                <h3>Effektiv &amp; Effizient<\/h3>\r\n                <p>Mit Talkpal k\u00f6nnen Sie das Lesen, H\u00f6ren und Sprechen auf effiziente und effektive Weise \u00fcben. Bitte werfen Sie einen Blick auf unser neuestes Produkt!<\/p>\r\n            <\/div>\r\n\r\n        \r\n            <div class=\"smartFunCard\">\r\n                <div class=\"smartFunWrapper\"><img decoding=\"async\" src=\"https:\/\/talkpal.ai\/wp-content\/uploads\/2025\/05\/3.png\" alt=\"Chat Topics Screenshot\"><\/div>\r\n                <h3>Engagiert bleiben<\/h3>\r\n                <p>Wir f\u00f6rdern die Entwicklung einer Lerngewohnheit, indem wir spielerische Merkmale, unterhaltsame Herausforderungen und aufschlussreiche technische Fragen einbauen, um Sie zu motivieren und zu besch\u00e4ftigen.<\/p>\r\n            <\/div>\r\n\r\n        \r\n            <div class=\"smartFunCard\">\r\n                <div class=\"smartFunWrapper\"><img decoding=\"async\" src=\"https:\/\/talkpal.ai\/wp-content\/uploads\/2025\/05\/4.png\" alt=\"Dashboard Screenshot\"><\/div>\r\n                <h3>Spa\u00df haben<\/h3>\r\n                <p>Lernen muss nicht langweilig und eint\u00f6nig sein! Verbessern Sie Ihre technischen F\u00e4higkeiten jeden Tag mit fesselnden \u00dcbungen. Stellen Sie komplexe oder hypothetische technische Fragen und sehen Sie, wie der KI-Tutor von Talkpal reagiert.<\/p>\r\n            <\/div>\r\n\r\n            \r\n<\/section>\n<div class=\"wp-block-group pageContainerStyle\"><div class=\"wp-block-group__inner-container is-layout-constrained wp-block-group-is-layout-constrained\">\n<h2 class=\"wp-block-heading\" id=\"h-why-the-professional-engineering-course\"><strong><strong><strong><strong>Warum der Professional Engineering Kurs?<\/strong><\/strong><\/strong><\/strong><\/h2>\n\n\n\n<p>Technische Prinzipien sind die universelle Sprache der Innovation, der Technologie und der globalen Infrastruktur. Die Beherrschung der professionellen Kommunikation, die in diesem Bereich erforderlich ist, kann jedoch ein schwieriger und zeitaufw\u00e4ndiger Prozess sein. Mit dem Fortschritt der Technologie ist es viel einfacher geworden, diese F\u00e4higkeiten zu beherrschen, und <a href=\"https:\/\/talkpal.ai\/lt\/talkpal-verslui\/\">Talkpal AI<\/a> Chat ist eine der besten M\u00f6glichkeiten, dies zu tun. In diesem Artikel erfahren Sie, warum der Professional Engineering-Kurs \u00fcber Talkpal AI Chat ein effektiver und effizienter Weg zur Verbesserung Ihrer beruflichen F\u00e4higkeiten ist.<\/p>\n<\/div><\/div>\n\n<div class=\"wp-block-group pageContainerStyle\"><div class=\"wp-block-group__inner-container is-layout-constrained wp-block-group-is-layout-constrained\">\n<h2 class=\"wp-block-heading\" id=\"h-why-is-professional-engineering-communication-difficult\"><strong><strong><strong><strong>Warum ist professionelle technische Kommunikation so schwierig?<\/strong><\/strong><\/strong><\/strong><\/h2>\n\n\n\n<p>Die Beherrschung der technischen Kommunikation erfordert das Erlernen einer sehr spezifischen Terminologie. In diesem Bereich gibt es eine Vielzahl komplexer Fachausdr\u00fccke und Akronyme, von denen einige auf Nischenbranchen beschr\u00e4nkt sind. Au\u00dferdem wird in beruflichen Kontexten oft ein f\u00f6rmlicher Ton verlangt, so dass es f\u00fcr die Lernenden schwierig ist, ihre allt\u00e4glichen Sprechgewohnheiten anzupassen.<\/p>\n\n\n\n<h3 class=\"wp-block-heading\" id=\"h-complex-concepts-and-syntax\"><strong><strong>Komplexe Konzepte und Syntax<\/strong><\/strong><\/h3>\n\n\n\n<p>Die technische Kommunikation kann recht komplex sein und erfordert die F\u00e4higkeit, komplizierte mathematische oder wissenschaftliche Regeln klar zu erkl\u00e4ren. Die Lernenden m\u00fcssen verstehen, wie sie Prozesse, Sicherheitsvorschriften und technische Spezifikationen formulieren k\u00f6nnen, was ohne \u00dcbung verwirrend sein kann.<\/p>\n\n\n\n<h3 class=\"wp-block-heading\" id=\"h-technical-vocabulary-and-specifications\"><strong><strong><strong>Technisches Vokabular und Spezifikationen<\/strong><\/strong><\/strong><\/h3>\n\n\n\n<p>Der Ingenieursektor verf\u00fcgt \u00fcber ein umfangreiches, hochspezialisiertes Vokabular. Diese gro\u00dfe Anzahl von W\u00f6rtern kann f\u00fcr Lernende, die sich auch mit branchenspezifischen Ausdr\u00fccken auseinandersetzen m\u00fcssen, \u00fcberw\u00e4ltigend sein. Diese Begriffe k\u00f6nnen schwer zu verstehen sein, da ihre Bedeutungen oft mit komplexen physikalischen Prozessen verbunden sind.<\/p>\n\n\n\n<h3 class=\"wp-block-heading\" id=\"h-accuracy-and-precision\"><strong><strong><strong><strong>Genauigkeit und Pr\u00e4zision<\/strong><\/strong><\/strong><\/strong><\/h3>\n\n\n\n<p>Technische Dokumentation und Sprache erfordern notorisch strenge Genauigkeit. Ein kleiner Kommunikationsfehler kann zu gro\u00dfen Projektfehlern f\u00fchren. Daher ist es f\u00fcr Lernende entscheidend, ihre Ideen auf der Grundlage exakter Industriestandards genau auszudr\u00fccken.<\/p>\n\n\n\n<h3 class=\"wp-block-heading\" id=\"h-understanding-industry-nuances\"><strong><strong><strong><strong><strong>Die Nuancen der Branche verstehen<\/strong><\/strong><\/strong><\/strong><\/strong><\/h3>\n\n\n\n<p>Zum Erlernen professioneller Technik geh\u00f6rt auch das Verstehen der Unternehmensnuancen und der Normen f\u00fcr die Zusammenarbeit in technischen und Produktionsumgebungen. Dies kann f\u00fcr Lernende, die in das Berufsleben einsteigen, eine Herausforderung sein, da sie sich an die neuen Gewohnheiten am Arbeitsplatz anpassen m\u00fcssen.<\/p>\n\n\n\n<h3 class=\"wp-block-heading\" id=\"h-professional-engineering-course-learning-strategies\"><strong><strong><strong><strong>Lernstrategien f\u00fcr professionelle Ingenieurkurse<\/strong><\/strong><\/strong><\/strong><\/h3>\n\n\n\n<h4 class=\"wp-block-heading\" id=\"h-listening-and-speaking\">Zuh\u00f6ren und Sprechen<\/h4>\n\n\n\n<p>Um den Redefluss in Besprechungen zu verbessern, sollten die Lernenden \u00fcben, Branchenf\u00fchrern zuzuh\u00f6ren und sich wann immer m\u00f6glich an technischen Diskussionen zu beteiligen. Dies kann \u00fcber professionelle Netzwerke oder mobile Apps wie Talkpal geschehen.<\/p>\n\n\n\n<h4 class=\"wp-block-heading\" id=\"h-reading\">Lesen<\/h4>\n\n\n\n<p>Lesen ist ein unverzichtbares Mittel zur Erweiterung des Fachwortschatzes und zur Verbesserung des Verst\u00e4ndnisses. Die Lernenden sollten eine Vielzahl von Texten lesen, von Projektpl\u00e4nen bis hin zu technischen Whitepapers, um sich mit verschiedenen professionellen Schreibstilen vertraut zu machen.<\/p>\n\n\n\n<h4 class=\"wp-block-heading\" id=\"h-writing\">Schreiben<\/h4>\n\n\n\n<p>Schreiben ist eine wichtige F\u00e4higkeit f\u00fcr Ingenieure, da es die F\u00e4higkeit zum Verfassen von Berichten und Dokumentationen st\u00e4rkt. Die Lernenden sollten sich regelm\u00e4\u00dfig im Schreiben \u00fcben, sei es beim Verfassen von E-Mails, beim Erstellen von Projektvorschl\u00e4gen oder beim Protokollieren von Daten.<\/p>\n\n\n\n<h4 class=\"wp-block-heading\" id=\"h-theory-and-vocabulary\">Theorie und Vokabular<\/h4>\n\n\n\n<p>Die Lernenden sollten sich Zeit nehmen, um grundlegende Prinzipien zu studieren und ihr Fachvokabular zu erweitern. Dies kann durch unsere KI-Szenarien, Online-Ressourcen oder spezielle technische Module erreicht werden.<\/p>\n\n\n\n<h2 class=\"wp-block-heading\" id=\"h-conclusion\">Schlussfolgerung<\/h2>\n\n\n\n<p>Das Meistern des Professional Engineering Kurses stellt einzigartige Herausforderungen dar, von komplexer Terminologie bis hin zu Pr\u00e4zision und Branchennuancen. Mit den richtigen Strategien, Hilfsmitteln und der Unterst\u00fctzung durch einen engagierten KI-Tutor k\u00f6nnen Lernende aller Niveaus diese Hindernisse jedoch \u00fcberwinden und die vielen Vorteile nutzen, die sich aus der Verbesserung ihrer beruflichen Laufbahn ergeben.<\/p>\n<\/div><\/div>\n<section class=\"promotionalBanner\">\r\n    <p class=\"promotionalText\">Der effizienteste Weg, eine Sprache zu lernen<\/p>\r\n    <a class=\"promotionalLink\" href=\"https:\/\/app.talkpal.ai\/de\/signup?lng=\">Talkpal kostenlos<\/a>\r\n<\/section>","protected":false},"excerpt":{"rendered":"<p>Wir sind Talkpal Ihre Karriere durch einen spezialisierten Kurs voranzutreiben, kann eine spannende und herausfordernde Erfahrung sein. Sie er\u00f6ffnet neue M\u00f6glichkeiten, sowohl pers\u00f6nlich als auch beruflich. Talkpal, eine KI-gest\u00fctzte Lern-App, die mehr als 80 Sprachen unterrichtet, entwickelt und trainiert seine Algorithmen seit Jahren. Mit unserem Kurs Professional Engineering ist es jetzt einfacher denn je, praktische [&hellip;]<\/p>\n","protected":false},"author":20,"featured_media":1647841,"parent":0,"menu_order":0,"comment_status":"closed","ping_status":"closed","template":"LearningContentPage.php","meta":{"_acf_changed":false,"footnotes":""},"class_list":["post-1647840","page","type-page","status-publish","has-post-thumbnail","hentry"],"acf":[],"yoast_head":"<!-- This site is optimized with the Yoast SEO Premium plugin v27.2 (Yoast SEO v27.2) - https:\/\/yoast.com\/product\/yoast-seo-premium-wordpress\/ -->\n<title>Meistern Sie den Professional Engineering Kurs mit AI - Talkpal<\/title>\n<meta name=\"description\" content=\"Steigern Sie Ihre Karriere mit Talkpals Professional Engineering Kurs. Lernen Sie technische Terminologie und \u00fcben Sie reale technische Szenarien mit unserem KI-Tutor.\" \/>\n<meta name=\"robots\" content=\"index, follow, max-snippet:-1, max-image-preview:large, max-video-preview:-1\" \/>\n<link rel=\"canonical\" href=\"https:\/\/talkpal.ai\/de\/meistern-sie-den-professional-engineering-kurs-mit-ai\/\" \/>\n<meta property=\"og:locale\" content=\"de_DE\" \/>\n<meta property=\"og:type\" content=\"article\" \/>\n<meta property=\"og:title\" content=\"Meistern Sie den Professional Engineering Kurs mit AI\" \/>\n<meta property=\"og:description\" content=\"Wir sind Talkpal Ihre Karriere durch einen spezialisierten Kurs voranzutreiben, kann eine spannende und herausfordernde Erfahrung sein. Sie er\u00f6ffnet neue\" \/>\n<meta property=\"og:url\" content=\"https:\/\/talkpal.ai\/de\/meistern-sie-den-professional-engineering-kurs-mit-ai\/\" \/>\n<meta property=\"og:site_name\" content=\"Talkpal\" \/>\n<meta property=\"article:publisher\" content=\"https:\/\/www.facebook.com\/profile.php?id=100090733639311\" \/>\n<meta property=\"article:modified_time\" content=\"2026-02-27T11:28:33+00:00\" \/>\n<meta property=\"og:image\" content=\"https:\/\/talkpal.ai\/wp-content\/uploads\/2026\/02\/engineering_courses.webp\" \/>\n\t<meta property=\"og:image:width\" content=\"1200\" \/>\n\t<meta property=\"og:image:height\" content=\"992\" \/>\n\t<meta property=\"og:image:type\" content=\"image\/webp\" \/>\n<meta name=\"twitter:card\" content=\"summary_large_image\" \/>\n<meta name=\"twitter:site\" content=\"@talkpalai\" \/>\n<meta name=\"twitter:label1\" content=\"Gesch\u00e4tzte Lesezeit\" \/>\n\t<meta name=\"twitter:data1\" content=\"4\u00a0Minuten\" \/>\n<script type=\"application\/ld+json\" class=\"yoast-schema-graph\">{\"@context\":\"https:\/\/schema.org\",\"@graph\":[{\"@type\":\"WebPage\",\"@id\":\"https:\/\/talkpal.ai\/de\/meistern-sie-den-professional-engineering-kurs-mit-ai\/\",\"url\":\"https:\/\/talkpal.ai\/de\/meistern-sie-den-professional-engineering-kurs-mit-ai\/\",\"name\":\"Meistern Sie den Professional Engineering Kurs mit AI - Talkpal\",\"isPartOf\":{\"@id\":\"https:\/\/talkpal.ai\/de\/#website\"},\"primaryImageOfPage\":{\"@id\":\"https:\/\/talkpal.ai\/de\/meistern-sie-den-professional-engineering-kurs-mit-ai\/#primaryimage\"},\"image\":{\"@id\":\"https:\/\/talkpal.ai\/de\/meistern-sie-den-professional-engineering-kurs-mit-ai\/#primaryimage\"},\"thumbnailUrl\":\"https:\/\/talkpal.ai\/wp-content\/uploads\/2026\/02\/engineering_courses.webp\",\"datePublished\":\"2026-02-27T11:12:20+00:00\",\"dateModified\":\"2026-02-27T11:28:33+00:00\",\"description\":\"Steigern Sie Ihre Karriere mit Talkpals Professional Engineering Kurs. Lernen Sie technische Terminologie und \u00fcben Sie reale technische Szenarien mit unserem KI-Tutor.\",\"breadcrumb\":{\"@id\":\"https:\/\/talkpal.ai\/de\/meistern-sie-den-professional-engineering-kurs-mit-ai\/#breadcrumb\"},\"inLanguage\":\"de\",\"potentialAction\":[{\"@type\":\"ReadAction\",\"target\":[\"https:\/\/talkpal.ai\/de\/meistern-sie-den-professional-engineering-kurs-mit-ai\/\"]}]},{\"@type\":\"ImageObject\",\"inLanguage\":\"de\",\"@id\":\"https:\/\/talkpal.ai\/de\/meistern-sie-den-professional-engineering-kurs-mit-ai\/#primaryimage\",\"url\":\"https:\/\/talkpal.ai\/wp-content\/uploads\/2026\/02\/engineering_courses.webp\",\"contentUrl\":\"https:\/\/talkpal.ai\/wp-content\/uploads\/2026\/02\/engineering_courses.webp\",\"width\":1200,\"height\":992,\"caption\":\"Ingenieurwesen Kurse\"},{\"@type\":\"BreadcrumbList\",\"@id\":\"https:\/\/talkpal.ai\/de\/meistern-sie-den-professional-engineering-kurs-mit-ai\/#breadcrumb\",\"itemListElement\":[{\"@type\":\"ListItem\",\"position\":1,\"name\":\"Homepage\",\"item\":\"https:\/\/talkpal.ai\/de\/\"},{\"@type\":\"ListItem\",\"position\":2,\"name\":\"Meistern Sie den Professional Engineering Kurs mit AI\"}]},{\"@type\":\"WebSite\",\"@id\":\"https:\/\/talkpal.ai\/de\/#website\",\"url\":\"https:\/\/talkpal.ai\/de\/\",\"name\":\"Talkpal\",\"description\":\"AI Language Learning\",\"publisher\":{\"@id\":\"https:\/\/talkpal.ai\/de\/#organization\"},\"alternateName\":\"Talkpal AI\",\"potentialAction\":[{\"@type\":\"SearchAction\",\"target\":{\"@type\":\"EntryPoint\",\"urlTemplate\":\"https:\/\/talkpal.ai\/de\/?s={search_term_string}\"},\"query-input\":{\"@type\":\"PropertyValueSpecification\",\"valueRequired\":true,\"valueName\":\"search_term_string\"}}],\"inLanguage\":\"de\"},{\"@type\":\"Organization\",\"@id\":\"https:\/\/talkpal.ai\/de\/#organization\",\"name\":\"Talkpal, Inc.\",\"alternateName\":\"Talkpal AI\",\"url\":\"https:\/\/talkpal.ai\/de\/\",\"logo\":{\"@type\":\"ImageObject\",\"inLanguage\":\"de\",\"@id\":\"https:\/\/talkpal.ai\/de\/#\/schema\/logo\/image\/\",\"url\":\"https:\/\/talkpal.ai\/wp-content\/uploads\/2024\/03\/Talkpal-Logo-Icon.png\",\"contentUrl\":\"https:\/\/talkpal.ai\/wp-content\/uploads\/2024\/03\/Talkpal-Logo-Icon.png\",\"width\":2880,\"height\":2880,\"caption\":\"Talkpal, Inc.\"},\"image\":{\"@id\":\"https:\/\/talkpal.ai\/de\/#\/schema\/logo\/image\/\"},\"sameAs\":[\"https:\/\/www.facebook.com\/profile.php?id=100090733639311\",\"https:\/\/x.com\/talkpalai\",\"https:\/\/www.linkedin.com\/company\/talkpal\/\",\"https:\/\/www.youtube.com\/@TalkPal\/\",\"https:\/\/www.tiktok.com\/@talkpal\",\"https:\/\/www.instagram.com\/talkpal_ai\/\",\"https:\/\/www.crunchbase.com\/organization\/talkpal-9cde\",\"https:\/\/www.g2.com\/products\/talkpal-for-business\/\",\"https:\/\/www.trustpilot.com\/review\/talkpal.ai\",\"https:\/\/www.capterra.com\/p\/10006800\/TalkPal\/\"],\"description\":\"Talkpal is a language learning web and mobile education app, powered by the latest AI technologies, that provides engaging experiences to its customers in many different languages to help them improve their language skills. Users can chat about unlimited amount of topics with the app and use other modes to practice their language learning.\",\"email\":\"support@talkpal.ai\",\"legalName\":\"Talkpal, Inc.\",\"foundingDate\":\"2023-04-03\",\"duns\":\"118989042\",\"numberOfEmployees\":{\"@type\":\"QuantitativeValue\",\"minValue\":\"11\",\"maxValue\":\"50\"},\"publishingPrinciples\":\"https:\/\/talkpal.ai\/publishing-principles\/\",\"actionableFeedbackPolicy\":\"https:\/\/talkpal.ai\/actionable-feedback-policy\/\",\"correctionsPolicy\":\"https:\/\/talkpal.ai\/corrections-policy\/\",\"ethicsPolicy\":\"https:\/\/talkpal.ai\/ethics-policy\/\",\"diversityPolicy\":\"https:\/\/talkpal.ai\/diversity-policy\/\",\"diversityStaffingReport\":\"https:\/\/talkpal.ai\/diversity-policy\/\"}]}<\/script>\n<!-- \/ Yoast SEO Premium plugin. -->","yoast_head_json":{"title":"Meistern Sie den Professional Engineering Kurs mit AI - Talkpal","description":"Steigern Sie Ihre Karriere mit Talkpals Professional Engineering Kurs. Lernen Sie technische Terminologie und \u00fcben Sie reale technische Szenarien mit unserem KI-Tutor.","robots":{"index":"index","follow":"follow","max-snippet":"max-snippet:-1","max-image-preview":"max-image-preview:large","max-video-preview":"max-video-preview:-1"},"canonical":"https:\/\/talkpal.ai\/de\/meistern-sie-den-professional-engineering-kurs-mit-ai\/","og_locale":"de_DE","og_type":"article","og_title":"Meistern Sie den Professional Engineering Kurs mit AI","og_description":"Wir sind Talkpal Ihre Karriere durch einen spezialisierten Kurs voranzutreiben, kann eine spannende und herausfordernde Erfahrung sein. Sie er\u00f6ffnet neue","og_url":"https:\/\/talkpal.ai\/de\/meistern-sie-den-professional-engineering-kurs-mit-ai\/","og_site_name":"Talkpal","article_publisher":"https:\/\/www.facebook.com\/profile.php?id=100090733639311","article_modified_time":"2026-02-27T11:28:33+00:00","og_image":[{"width":1200,"height":992,"url":"https:\/\/talkpal.ai\/wp-content\/uploads\/2026\/02\/engineering_courses.webp","type":"image\/webp"}],"twitter_card":"summary_large_image","twitter_site":"@talkpalai","twitter_misc":{"Gesch\u00e4tzte Lesezeit":"4\u00a0Minuten"},"schema":{"@context":"https:\/\/schema.org","@graph":[{"@type":"WebPage","@id":"https:\/\/talkpal.ai\/de\/meistern-sie-den-professional-engineering-kurs-mit-ai\/","url":"https:\/\/talkpal.ai\/de\/meistern-sie-den-professional-engineering-kurs-mit-ai\/","name":"Meistern Sie den Professional Engineering Kurs mit AI - Talkpal","isPartOf":{"@id":"https:\/\/talkpal.ai\/de\/#website"},"primaryImageOfPage":{"@id":"https:\/\/talkpal.ai\/de\/meistern-sie-den-professional-engineering-kurs-mit-ai\/#primaryimage"},"image":{"@id":"https:\/\/talkpal.ai\/de\/meistern-sie-den-professional-engineering-kurs-mit-ai\/#primaryimage"},"thumbnailUrl":"https:\/\/talkpal.ai\/wp-content\/uploads\/2026\/02\/engineering_courses.webp","datePublished":"2026-02-27T11:12:20+00:00","dateModified":"2026-02-27T11:28:33+00:00","description":"Steigern Sie Ihre Karriere mit Talkpals Professional Engineering Kurs. Lernen Sie technische Terminologie und \u00fcben Sie reale technische Szenarien mit unserem KI-Tutor.","breadcrumb":{"@id":"https:\/\/talkpal.ai\/de\/meistern-sie-den-professional-engineering-kurs-mit-ai\/#breadcrumb"},"inLanguage":"de","potentialAction":[{"@type":"ReadAction","target":["https:\/\/talkpal.ai\/de\/meistern-sie-den-professional-engineering-kurs-mit-ai\/"]}]},{"@type":"ImageObject","inLanguage":"de","@id":"https:\/\/talkpal.ai\/de\/meistern-sie-den-professional-engineering-kurs-mit-ai\/#primaryimage","url":"https:\/\/talkpal.ai\/wp-content\/uploads\/2026\/02\/engineering_courses.webp","contentUrl":"https:\/\/talkpal.ai\/wp-content\/uploads\/2026\/02\/engineering_courses.webp","width":1200,"height":992,"caption":"Ingenieurwesen Kurse"},{"@type":"BreadcrumbList","@id":"https:\/\/talkpal.ai\/de\/meistern-sie-den-professional-engineering-kurs-mit-ai\/#breadcrumb","itemListElement":[{"@type":"ListItem","position":1,"name":"Homepage","item":"https:\/\/talkpal.ai\/de\/"},{"@type":"ListItem","position":2,"name":"Meistern Sie den Professional Engineering Kurs mit AI"}]},{"@type":"WebSite","@id":"https:\/\/talkpal.ai\/de\/#website","url":"https:\/\/talkpal.ai\/de\/","name":"Talkpal","description":"AI Language Learning","publisher":{"@id":"https:\/\/talkpal.ai\/de\/#organization"},"alternateName":"Talkpal AI","potentialAction":[{"@type":"SearchAction","target":{"@type":"EntryPoint","urlTemplate":"https:\/\/talkpal.ai\/de\/?s={search_term_string}"},"query-input":{"@type":"PropertyValueSpecification","valueRequired":true,"valueName":"search_term_string"}}],"inLanguage":"de"},{"@type":"Organization","@id":"https:\/\/talkpal.ai\/de\/#organization","name":"Talkpal, Inc.","alternateName":"Talkpal AI","url":"https:\/\/talkpal.ai\/de\/","logo":{"@type":"ImageObject","inLanguage":"de","@id":"https:\/\/talkpal.ai\/de\/#\/schema\/logo\/image\/","url":"https:\/\/talkpal.ai\/wp-content\/uploads\/2024\/03\/Talkpal-Logo-Icon.png","contentUrl":"https:\/\/talkpal.ai\/wp-content\/uploads\/2024\/03\/Talkpal-Logo-Icon.png","width":2880,"height":2880,"caption":"Talkpal, Inc."},"image":{"@id":"https:\/\/talkpal.ai\/de\/#\/schema\/logo\/image\/"},"sameAs":["https:\/\/www.facebook.com\/profile.php?id=100090733639311","https:\/\/x.com\/talkpalai","https:\/\/www.linkedin.com\/company\/talkpal\/","https:\/\/www.youtube.com\/@TalkPal\/","https:\/\/www.tiktok.com\/@talkpal","https:\/\/www.instagram.com\/talkpal_ai\/","https:\/\/www.crunchbase.com\/organization\/talkpal-9cde","https:\/\/www.g2.com\/products\/talkpal-for-business\/","https:\/\/www.trustpilot.com\/review\/talkpal.ai","https:\/\/www.capterra.com\/p\/10006800\/TalkPal\/"],"description":"Talkpal is a language learning web and mobile education app, powered by the latest AI technologies, that provides engaging experiences to its customers in many different languages to help them improve their language skills. Users can chat about unlimited amount of topics with the app and use other modes to practice their language learning.","email":"support@talkpal.ai","legalName":"Talkpal, Inc.","foundingDate":"2023-04-03","duns":"118989042","numberOfEmployees":{"@type":"QuantitativeValue","minValue":"11","maxValue":"50"},"publishingPrinciples":"https:\/\/talkpal.ai\/publishing-principles\/","actionableFeedbackPolicy":"https:\/\/talkpal.ai\/actionable-feedback-policy\/","correctionsPolicy":"https:\/\/talkpal.ai\/corrections-policy\/","ethicsPolicy":"https:\/\/talkpal.ai\/ethics-policy\/","diversityPolicy":"https:\/\/talkpal.ai\/diversity-policy\/","diversityStaffingReport":"https:\/\/talkpal.ai\/diversity-policy\/"}]}},"_links":{"self":[{"href":"https:\/\/talkpal.ai\/de\/wp-json\/wp\/v2\/pages\/1647840","targetHints":{"allow":["GET"]}}],"collection":[{"href":"https:\/\/talkpal.ai\/de\/wp-json\/wp\/v2\/pages"}],"about":[{"href":"https:\/\/talkpal.ai\/de\/wp-json\/wp\/v2\/types\/page"}],"author":[{"embeddable":true,"href":"https:\/\/talkpal.ai\/de\/wp-json\/wp\/v2\/users\/20"}],"replies":[{"embeddable":true,"href":"https:\/\/talkpal.ai\/de\/wp-json\/wp\/v2\/comments?post=1647840"}],"version-history":[{"count":0,"href":"https:\/\/talkpal.ai\/de\/wp-json\/wp\/v2\/pages\/1647840\/revisions"}],"wp:featuredmedia":[{"embeddable":true,"href":"https:\/\/talkpal.ai\/de\/wp-json\/wp\/v2\/media\/1647841"}],"wp:attachment":[{"href":"https:\/\/talkpal.ai\/de\/wp-json\/wp\/v2\/media?parent=1647840"}],"curies":[{"name":"wp","href":"https:\/\/api.w.org\/{rel}","templated":true}]}}