{"id":1464801,"date":"2025-11-12T16:31:52","date_gmt":"2025-11-12T16:31:52","guid":{"rendered":"https:\/\/talkpal.ai\/punjabi-grammatik\/"},"modified":"2025-12-30T11:37:58","modified_gmt":"2025-12-30T11:37:58","slug":"punjabi-grammatik","status":"publish","type":"page","link":"https:\/\/talkpal.ai\/de\/punjabi-grammatik\/","title":{"rendered":"Punjabi-Grammatik"},"content":{"rendered":"\r\n\r\n\r\n<section class=\"languageChallengeSection\">\r\n    <div class=\"languageInfoWrapper\">\r\n        \r\n        <h1>Punjabi-Grammatik<\/h1>\r\n        <p>Die <a href=\"https:\/\/talkpal.ai\/punjabi-grammar\/\">Punjabi-Grammatik<\/a> mag auf den ersten Blick herausfordernd erscheinen, aber ihre einzigartigen Eigenschaften machen das Erlernen der Sprache zu einer lohnenden Erfahrung. Durch die Erforschung des Alphabets, der Mutationen und der Grammatikregeln erhalten Sie einen Einblick in eine reiche sprachliche Tradition. Beginnen Sie Ihre Reise und entdecken Sie die Sch\u00f6nheit des <a href=\"https:\/\/talkpal.ai\/learn-punjabi\/\">Punjabi<\/a>!<\/p>\r\n\r\n                            <a class=\"getStartedHidden\" href=\"https:\/\/app.talkpal.ai\/de\/signup?lng=\">Leg los<\/a>\r\n        \r\n    <\/div>\r\n\r\n    <figure>\r\n    <img decoding=\"async\" width=\"768\" height=\"768\" src=\"https:\/\/talkpal.ai\/wp-content\/uploads\/2023\/06\/welsh-768x768.png\" class=\"languageImage no-lazy\" alt=\"Default alt text\" fetchpriority=\"high\" sizes=\"(max-width: 768px) 150px, 768px\" srcset=\"https:\/\/talkpal.ai\/wp-content\/uploads\/2023\/06\/welsh-768x768.png 768w, https:\/\/talkpal.ai\/wp-content\/uploads\/2023\/06\/welsh-300x300.png 300w\" \/>\r\n    \r\n\r\n    <\/figure>\r\n\r\n            <a class=\"getStartedVisible\" href=\"https:\/\/app.talkpal.ai\/de\/signup?lng=\">Leg los<\/a>\r\n    \r\n<\/section><section class=\"promotionalBanner\">\r\n    <p class=\"promotionalText\">Der effizienteste Weg, eine Sprache zu lernen<\/p>\r\n    <a class=\"promotionalLink\" href=\"https:\/\/app.talkpal.ai\/de\/signup?lng=\">Talkpal kostenlos<\/a>\r\n<\/section>\n<div class=\"wp-block-group pageContainerStyle\"><div class=\"wp-block-group__inner-container is-layout-constrained wp-block-group-is-layout-constrained\">\n<h2 class=\"wp-block-heading\" id=\"h-navigating-the-intricacies-of-punjabi-grammar\">Navigieren in den Feinheiten der Punjabi-Grammatik<\/h2>\n\n\n\n<p><a href=\"https:\/\/talkpal.ai\/de\/punjabi-lernen\/\">Punjabi<\/a>, eine indoarische Sprache mit einer reichen Geschichte und kulturellen Bedeutung, bietet ein aufregendes sprachliches Erlebnis f\u00fcr diejenigen, die ihr einzigartiges Grammatiksystem erkunden m\u00f6chten. Wenn Sie sich in das Reich des Punjabi wagen, werden Sie <a href=\"https:\/\/talkpal.ai\/culture\/how-do-i-use-the-word-nicht-nur-sondern-auch\/\">nicht nur<\/a> Ihr sprachliches Repertoire bereichern, sondern auch eine faszinierende kulturelle Reise unternehmen. W\u00e4hrend die Punjabi-Grammatik auf den ersten Blick kompliziert erscheinen mag, macht die Aufteilung in Kernkomponenten das Erlernen der Sprache zug\u00e4nglicher. In diesem Artikel erkunden wir die faszinierende Welt der Punjabi-Grammatik und geben Tipps, wie Sie ihre Komplexit\u00e4t meistern k\u00f6nnen.<\/p>\n\n\n\n<h3 class=\"wp-block-heading\" id=\"h-1-punjabi-alphabet-and-phonetics\">1. Punjabi-Alphabet und Phonetik<\/h3>\n\n\n\n<p>Das Punjabi-Schriftsystem verwendet haupts\u00e4chlich die Gurmukhi-Schrift, die unabh\u00e4ngige Vokale, Konsonanten, Vokalzeichen, die Matras genannt werden, Nasalisierungszeichen wie bind\u012b und \u1e6dipp\u012b und den Addhak, <a href=\"https:\/\/talkpal.ai\/culture\/what-is-the-difference-between-der-see-and-die-see\/\">der die<\/a> Konsonantenverdopplung anzeigt, enth\u00e4lt. Punjabi wird in Pakistan auch in der Shahmukhi-Schrift geschrieben. Um die Punjabi-Grammatik zu lernen, ist es wichtig, sich mit Gurmukhi vertraut zu machen, indem man Lesen und Schreiben in Punjabi \u00fcbt.<\/p>\n\n\n\n<h3 class=\"wp-block-heading\" id=\"h-2-tones-a-distinctive-punjabi-feature\">2. T\u00f6ne: Ein charakteristisches Merkmal des Punjabi<\/h3>\n\n\n\n<p>Einer der auff\u00e4lligsten Aspekte des Punjabi ist die Verwendung des Tons, der die Bedeutung von W\u00f6rtern ver\u00e4ndern kann. Punjabi wird allgemein als dreistimmig beschrieben, und sie stehen oft im Zusammenhang mit historischen Laut\u00e4nderungen, die in der modernen Rechtschreibung nicht direkt gekennzeichnet sind. Zu verstehen, wie der Ton funktioniert, und eine genaue Aussprache zu \u00fcben, ist entscheidend f\u00fcr eine klare und genaue Kommunikation in Punjabi.<\/p>\n\n\n\n<h3 class=\"wp-block-heading\" id=\"h-3-nouns-and-pronouns-gender-and-cases\">3. Substantive und Pronomen: Geschlecht und Kasus<\/h3>\n\n\n\n<p>Punjabi-Substantive haben ein grammatikalisches Geschlecht, m\u00e4nnlich oder weiblich, und <a href=\"https:\/\/talkpal.ai\/zh-hans\/grammar_exercises\/plurale-%e6%84%8f%e5%a4%a7%e5%88%a9%e8%af%ad%e6%b3%95%e7%bb%83%e4%b9%a0\/\">Plurale<\/a> folgen Mustern, die je nach Substantivtyp variieren. Viele m\u00e4nnliche Substantive bilden den Plural in -e und viele weibliche Substantive in -\u0101\u1e41, obwohl es Unregelm\u00e4\u00dfigkeiten gibt. Punjabi verwendet einen schr\u00e4gen Fall vor Postpositionen, die auf das Substantiv oder Pronomen folgen. Zu den Pronomen geh\u00f6ren Personal-, Possessiv-, Reflexiv-, Demonstrativ- und Frages\u00e4tze wie \u0a2e\u0a48\u0a02, \u0a24\u0a42\u0a70, \u0a09\u0a39, \u0a2e\u0a47\u0a30\u0a3e, \u0a06\u0a2a\u0a23\u0a3e, \u0a07\u0a39, \u0a09\u0a39, \u0a15\u0a4c\u0a23 und \u0a15\u0a40. Wenn du dich mit diesen Pronomen und ihren Formen vertraut machst, wird sich dein Verst\u00e4ndnis der Punjabi-Grammatik erheblich verbessern.<\/p>\n\n\n\n<h3 class=\"wp-block-heading\" id=\"h-4-verbs-structure-and-conjugation\">4. Verben: Struktur und Konjugation<\/h3>\n\n\n\n<p>Punjabi-Verben zeigen Aspekt und \u00dcbereinstimmung und verwenden typischerweise Partizipien in Kombination mit dem Hilfsverb \u0a39\u0a4b\u0a23\u0a3e, um Zeitform und Stimmung auszudr\u00fccken. Zu den Kernunterscheidungen geh\u00f6ren die Gewohnheit der Gegenwart, der Vergangenheit, des Perfektivs und der Zukunft sowie bedingte und imperative Stimmungen. Die \u00dcbereinstimmung h\u00e4ngt oft vom Geschlecht und der Zahl ab, und in vielen perfektiven Transitivs\u00e4tzen markiert Punjabi das Subjekt mit \u0a28\u0a47, w\u00e4hrend das Verb mit dem Objekt \u00fcbereinstimmt. Das Erlernen der wichtigsten Konjugationsmuster und der Hilfsverwendung wird Ihre F\u00e4higkeit verbessern, effektiv auf Punjabi zu kommunizieren.<\/p>\n\n\n\n<h3 class=\"wp-block-heading\" id=\"h-5-adjectives-agreement-and-placement\">5. Adjektive: Vereinbarung und Platzierung<\/h3>\n\n\n\n<p>In der Punjabi-Grammatik gehen Adjektive in der Regel dem Substantiv voraus, das sie modifizieren, und wenn sie markiert sind, stimmen sie in Geschlecht und Zahl mit dem Substantiv \u00fcberein. Viele Adjektive sind unver\u00e4nderlich, aber gebr\u00e4uchliche beschreibende Adjektive zeigen m\u00e4nnliche, weibliche und plurale Formen. Komparative und Superlative werden oft analytisch gebildet, wobei \u0a39\u0a4b\u0a30 f\u00fcr mehr und \u0a38\u0a2d \u0a24\u0a4b\u0a02 f\u00fcr die meisten steht.<\/p>\n\n\n\n<p><strong>Beispiele:<\/strong><\/p>\n\n\n\n<p><strong>\u2013 \u0a35\u0a71\u0a21\u0a3e \u0a2a\u0a3f\u0a06\u0a30 (gro\u00dfe Liebe)<\/strong><\/p>\n\n\n\n<p><strong>\u2013 \u0a1b\u0a4b\u0a1f\u0a47 \u0a2c\u0a71\u0a1a\u0a47 (kleine Kinder)<\/strong><\/p>\n\n\n\n<h3 class=\"wp-block-heading\" id=\"h-6-engaging-with-the-language\">6. Sich mit der Sprache besch\u00e4ftigen<\/h3>\n\n\n\n<p>Der effektivste Weg, die Punjabi-Grammatik vollst\u00e4ndig zu verstehen und zu verinnerlichen, besteht darin, sich konsequent mit der Sprache auseinanderzusetzen. Durch das Lesen von Punjabi-Literatur, das Anschauen von Punjabi-Filmen oder Fernsehserien, das H\u00f6ren von Musik und Gedichten und die aktive Kommunikation mit Muttersprachlern st\u00e4rken Sie Ihr Verst\u00e4ndnis der <a href=\"https:\/\/talkpal.ai\/fr\/les\/\">Grammatik<\/a> und erweitern gleichzeitig Ihren Wortschatz.<\/p>\n\n\n\n<h3 class=\"wp-block-heading\" id=\"h-conclusion\">Schlussfolgerung<\/h3>\n\n\n\n<p>Obwohl die Punjabi-Grammatik kompliziert erscheinen mag, k\u00f6nnen Sie diese sch\u00f6ne Sprache mit Hingabe, \u00dcbung und Begeisterung beherrschen. Indem Sie sich auf die grundlegenden Regeln konzentrieren und sich mit der Sprache in verschiedenen Kontexten auseinandersetzen, werden Sie Ihre <a href=\"https:\/\/talkpal.ai\/de\/grammatik\/\">Punjabi-Grammatikkenntnisse<\/a> schnell verbessern. \u0a38\u0a3c\u0a41\u0a2d \u0a15\u0a3e\u0a2e\u0a28\u0a3e\u0a35\u0a3e\u0a02 (viel Gl\u00fcck) bei Ihrer Punjabi-Sprachreise und genie\u00dfen Sie es, die dynamische und fesselnde Welt der Punjabi-Grammatik zu entr\u00e4tseln!<\/p>\n<\/div><\/div>\n\r\n<section class=\"learnNavigationSection\">\r\n            \r\n        <a href=\"https:\/\/talkpal.ai\/de\/punjabi-lernen\/\">\r\n            <div class=\"learnNavigationWrapper\">\r\n                <div class=\"learnNavigationContent\">\r\n                    <img decoding=\"async\" src=\"https:\/\/talkpal.ai\/wp-content\/uploads\/2025\/11\/Punjabi.png\" alt=\"Indian Simplified Flag\">\r\n                    <div>\r\n                        <h4>\u00dcber Punjabi Learning<\/h4>\r\n                        <p>Erfahren Sie alles \u00fcber die Punjabi-Grammatik.<\/p>\r\n                    <\/div>\r\n                <\/div>\r\n            <\/div>\r\n        <\/a>\r\n\r\n        \r\n        <a href=\"https:\/\/talkpal.ai\/de\/punjabi-grammatikuebungen\/\">\r\n            <div class=\"learnNavigationWrapper\">\r\n                <div class=\"learnNavigationContent\">\r\n                    <img decoding=\"async\" src=\"https:\/\/talkpal.ai\/wp-content\/uploads\/2025\/11\/Punjabi.png\" alt=\"Indian Simplified Flag\">\r\n                    <div>\r\n                        <h4>Punjabi Grammatik\u00fcbung<\/h4>\r\n                        <p>\u00dcben Sie die Punjabi-Grammatik.<\/p>\r\n                    <\/div>\r\n                <\/div>\r\n            <\/div>\r\n        <\/a>\r\n\r\n            <\/section>","protected":false},"excerpt":{"rendered":"<p>Navigieren in den Feinheiten der Punjabi-Grammatik Punjabi, eine indoarische Sprache mit einer reichen Geschichte und kulturellen Bedeutung, bietet ein aufregendes sprachliches Erlebnis f\u00fcr diejenigen, die ihr einzigartiges Grammatiksystem erkunden m\u00f6chten. Wenn Sie sich in das Reich des Punjabi wagen, werden Sie nicht nur Ihr sprachliches Repertoire bereichern, sondern auch eine faszinierende kulturelle Reise unternehmen. W\u00e4hrend [&hellip;]<\/p>\n","protected":false},"author":20,"featured_media":0,"parent":0,"menu_order":0,"comment_status":"closed","ping_status":"closed","template":"LearningContentPage.php","meta":{"_acf_changed":false,"footnotes":""},"class_list":["post-1464801","page","type-page","status-publish","hentry"],"acf":[],"yoast_head":"<!-- This site is optimized with the Yoast SEO Premium plugin v27.2 (Yoast SEO v27.2) - https:\/\/yoast.com\/product\/yoast-seo-premium-wordpress\/ -->\n<title>Punjabi-Grammatik - Talkpal<\/title>\n<meta name=\"description\" content=\"Beherrschen Sie die Grundlagen der Punjabi-Grammatik mit unserem umfassenden Leitfaden und verbessern Sie noch heute Ihre Sprachkenntnisse.\" \/>\n<meta name=\"robots\" content=\"index, follow, max-snippet:-1, max-image-preview:large, max-video-preview:-1\" \/>\n<link rel=\"canonical\" href=\"https:\/\/talkpal.ai\/de\/punjabi-grammatik\/\" \/>\n<meta property=\"og:locale\" content=\"de_DE\" \/>\n<meta property=\"og:type\" content=\"article\" \/>\n<meta property=\"og:title\" content=\"Punjabi-Grammatik\" \/>\n<meta property=\"og:description\" content=\"Navigieren in den Feinheiten der Punjabi-Grammatik Punjabi, eine indoarische Sprache mit einer reichen Geschichte und kulturellen Bedeutung, bietet ein\" \/>\n<meta property=\"og:url\" content=\"https:\/\/talkpal.ai\/de\/punjabi-grammatik\/\" \/>\n<meta property=\"og:site_name\" content=\"Talkpal\" \/>\n<meta property=\"article:publisher\" content=\"https:\/\/www.facebook.com\/profile.php?id=100090733639311\" \/>\n<meta property=\"article:modified_time\" content=\"2025-12-30T11:37:58+00:00\" \/>\n<meta property=\"og:image\" content=\"https:\/\/talkpal.ai\/wp-content\/uploads\/2025\/02\/Progress-tab-16_9.png\" \/>\n\t<meta property=\"og:image:width\" content=\"2880\" \/>\n\t<meta property=\"og:image:height\" content=\"1620\" \/>\n\t<meta property=\"og:image:type\" content=\"image\/png\" \/>\n<meta name=\"twitter:card\" content=\"summary_large_image\" \/>\n<meta name=\"twitter:site\" content=\"@talkpalai\" \/>\n<meta name=\"twitter:label1\" content=\"Gesch\u00e4tzte Lesezeit\" \/>\n\t<meta name=\"twitter:data1\" content=\"3\u00a0Minuten\" \/>\n<script type=\"application\/ld+json\" class=\"yoast-schema-graph\">{\"@context\":\"https:\/\/schema.org\",\"@graph\":[{\"@type\":\"WebPage\",\"@id\":\"https:\/\/talkpal.ai\/de\/punjabi-grammatik\/\",\"url\":\"https:\/\/talkpal.ai\/de\/punjabi-grammatik\/\",\"name\":\"Punjabi-Grammatik - Talkpal\",\"isPartOf\":{\"@id\":\"https:\/\/talkpal.ai\/de\/#website\"},\"datePublished\":\"2025-11-12T16:31:52+00:00\",\"dateModified\":\"2025-12-30T11:37:58+00:00\",\"description\":\"Beherrschen Sie die Grundlagen der Punjabi-Grammatik mit unserem umfassenden Leitfaden und verbessern Sie noch heute Ihre Sprachkenntnisse.\",\"breadcrumb\":{\"@id\":\"https:\/\/talkpal.ai\/de\/punjabi-grammatik\/#breadcrumb\"},\"inLanguage\":\"de\",\"potentialAction\":[{\"@type\":\"ReadAction\",\"target\":[\"https:\/\/talkpal.ai\/de\/punjabi-grammatik\/\"]}]},{\"@type\":\"BreadcrumbList\",\"@id\":\"https:\/\/talkpal.ai\/de\/punjabi-grammatik\/#breadcrumb\",\"itemListElement\":[{\"@type\":\"ListItem\",\"position\":1,\"name\":\"Homepage\",\"item\":\"https:\/\/talkpal.ai\/de\/\"},{\"@type\":\"ListItem\",\"position\":2,\"name\":\"Punjabi-Grammatik\"}]},{\"@type\":\"WebSite\",\"@id\":\"https:\/\/talkpal.ai\/de\/#website\",\"url\":\"https:\/\/talkpal.ai\/de\/\",\"name\":\"Talkpal\",\"description\":\"AI Language Learning\",\"publisher\":{\"@id\":\"https:\/\/talkpal.ai\/de\/#organization\"},\"alternateName\":\"Talkpal AI\",\"potentialAction\":[{\"@type\":\"SearchAction\",\"target\":{\"@type\":\"EntryPoint\",\"urlTemplate\":\"https:\/\/talkpal.ai\/de\/?s={search_term_string}\"},\"query-input\":{\"@type\":\"PropertyValueSpecification\",\"valueRequired\":true,\"valueName\":\"search_term_string\"}}],\"inLanguage\":\"de\"},{\"@type\":\"Organization\",\"@id\":\"https:\/\/talkpal.ai\/de\/#organization\",\"name\":\"Talkpal, Inc.\",\"alternateName\":\"Talkpal AI\",\"url\":\"https:\/\/talkpal.ai\/de\/\",\"logo\":{\"@type\":\"ImageObject\",\"inLanguage\":\"de\",\"@id\":\"https:\/\/talkpal.ai\/de\/#\/schema\/logo\/image\/\",\"url\":\"https:\/\/talkpal.ai\/wp-content\/uploads\/2024\/03\/Talkpal-Logo-Icon.png\",\"contentUrl\":\"https:\/\/talkpal.ai\/wp-content\/uploads\/2024\/03\/Talkpal-Logo-Icon.png\",\"width\":2880,\"height\":2880,\"caption\":\"Talkpal, Inc.\"},\"image\":{\"@id\":\"https:\/\/talkpal.ai\/de\/#\/schema\/logo\/image\/\"},\"sameAs\":[\"https:\/\/www.facebook.com\/profile.php?id=100090733639311\",\"https:\/\/x.com\/talkpalai\",\"https:\/\/www.linkedin.com\/company\/talkpal\/\",\"https:\/\/www.youtube.com\/@TalkPal\/\",\"https:\/\/www.tiktok.com\/@talkpal\",\"https:\/\/www.instagram.com\/talkpal_ai\/\",\"https:\/\/www.crunchbase.com\/organization\/talkpal-9cde\",\"https:\/\/www.g2.com\/products\/talkpal-for-business\/\",\"https:\/\/www.trustpilot.com\/review\/talkpal.ai\",\"https:\/\/www.capterra.com\/p\/10006800\/TalkPal\/\"],\"description\":\"Talkpal is a language learning web and mobile education app, powered by the latest AI technologies, that provides engaging experiences to its customers in many different languages to help them improve their language skills. Users can chat about unlimited amount of topics with the app and use other modes to practice their language learning.\",\"email\":\"support@talkpal.ai\",\"legalName\":\"Talkpal, Inc.\",\"foundingDate\":\"2023-04-03\",\"duns\":\"118989042\",\"numberOfEmployees\":{\"@type\":\"QuantitativeValue\",\"minValue\":\"11\",\"maxValue\":\"50\"},\"publishingPrinciples\":\"https:\/\/talkpal.ai\/publishing-principles\/\",\"actionableFeedbackPolicy\":\"https:\/\/talkpal.ai\/actionable-feedback-policy\/\",\"correctionsPolicy\":\"https:\/\/talkpal.ai\/corrections-policy\/\",\"ethicsPolicy\":\"https:\/\/talkpal.ai\/ethics-policy\/\",\"diversityPolicy\":\"https:\/\/talkpal.ai\/diversity-policy\/\",\"diversityStaffingReport\":\"https:\/\/talkpal.ai\/diversity-policy\/\"}]}<\/script>\n<!-- \/ Yoast SEO Premium plugin. -->","yoast_head_json":{"title":"Punjabi-Grammatik - Talkpal","description":"Beherrschen Sie die Grundlagen der Punjabi-Grammatik mit unserem umfassenden Leitfaden und verbessern Sie noch heute Ihre Sprachkenntnisse.","robots":{"index":"index","follow":"follow","max-snippet":"max-snippet:-1","max-image-preview":"max-image-preview:large","max-video-preview":"max-video-preview:-1"},"canonical":"https:\/\/talkpal.ai\/de\/punjabi-grammatik\/","og_locale":"de_DE","og_type":"article","og_title":"Punjabi-Grammatik","og_description":"Navigieren in den Feinheiten der Punjabi-Grammatik Punjabi, eine indoarische Sprache mit einer reichen Geschichte und kulturellen Bedeutung, bietet ein","og_url":"https:\/\/talkpal.ai\/de\/punjabi-grammatik\/","og_site_name":"Talkpal","article_publisher":"https:\/\/www.facebook.com\/profile.php?id=100090733639311","article_modified_time":"2025-12-30T11:37:58+00:00","og_image":[{"width":2880,"height":1620,"url":"https:\/\/talkpal.ai\/wp-content\/uploads\/2025\/02\/Progress-tab-16_9.png","type":"image\/png"}],"twitter_card":"summary_large_image","twitter_site":"@talkpalai","twitter_misc":{"Gesch\u00e4tzte Lesezeit":"3\u00a0Minuten"},"schema":{"@context":"https:\/\/schema.org","@graph":[{"@type":"WebPage","@id":"https:\/\/talkpal.ai\/de\/punjabi-grammatik\/","url":"https:\/\/talkpal.ai\/de\/punjabi-grammatik\/","name":"Punjabi-Grammatik - Talkpal","isPartOf":{"@id":"https:\/\/talkpal.ai\/de\/#website"},"datePublished":"2025-11-12T16:31:52+00:00","dateModified":"2025-12-30T11:37:58+00:00","description":"Beherrschen Sie die Grundlagen der Punjabi-Grammatik mit unserem umfassenden Leitfaden und verbessern Sie noch heute Ihre Sprachkenntnisse.","breadcrumb":{"@id":"https:\/\/talkpal.ai\/de\/punjabi-grammatik\/#breadcrumb"},"inLanguage":"de","potentialAction":[{"@type":"ReadAction","target":["https:\/\/talkpal.ai\/de\/punjabi-grammatik\/"]}]},{"@type":"BreadcrumbList","@id":"https:\/\/talkpal.ai\/de\/punjabi-grammatik\/#breadcrumb","itemListElement":[{"@type":"ListItem","position":1,"name":"Homepage","item":"https:\/\/talkpal.ai\/de\/"},{"@type":"ListItem","position":2,"name":"Punjabi-Grammatik"}]},{"@type":"WebSite","@id":"https:\/\/talkpal.ai\/de\/#website","url":"https:\/\/talkpal.ai\/de\/","name":"Talkpal","description":"AI Language Learning","publisher":{"@id":"https:\/\/talkpal.ai\/de\/#organization"},"alternateName":"Talkpal AI","potentialAction":[{"@type":"SearchAction","target":{"@type":"EntryPoint","urlTemplate":"https:\/\/talkpal.ai\/de\/?s={search_term_string}"},"query-input":{"@type":"PropertyValueSpecification","valueRequired":true,"valueName":"search_term_string"}}],"inLanguage":"de"},{"@type":"Organization","@id":"https:\/\/talkpal.ai\/de\/#organization","name":"Talkpal, Inc.","alternateName":"Talkpal AI","url":"https:\/\/talkpal.ai\/de\/","logo":{"@type":"ImageObject","inLanguage":"de","@id":"https:\/\/talkpal.ai\/de\/#\/schema\/logo\/image\/","url":"https:\/\/talkpal.ai\/wp-content\/uploads\/2024\/03\/Talkpal-Logo-Icon.png","contentUrl":"https:\/\/talkpal.ai\/wp-content\/uploads\/2024\/03\/Talkpal-Logo-Icon.png","width":2880,"height":2880,"caption":"Talkpal, Inc."},"image":{"@id":"https:\/\/talkpal.ai\/de\/#\/schema\/logo\/image\/"},"sameAs":["https:\/\/www.facebook.com\/profile.php?id=100090733639311","https:\/\/x.com\/talkpalai","https:\/\/www.linkedin.com\/company\/talkpal\/","https:\/\/www.youtube.com\/@TalkPal\/","https:\/\/www.tiktok.com\/@talkpal","https:\/\/www.instagram.com\/talkpal_ai\/","https:\/\/www.crunchbase.com\/organization\/talkpal-9cde","https:\/\/www.g2.com\/products\/talkpal-for-business\/","https:\/\/www.trustpilot.com\/review\/talkpal.ai","https:\/\/www.capterra.com\/p\/10006800\/TalkPal\/"],"description":"Talkpal is a language learning web and mobile education app, powered by the latest AI technologies, that provides engaging experiences to its customers in many different languages to help them improve their language skills. Users can chat about unlimited amount of topics with the app and use other modes to practice their language learning.","email":"support@talkpal.ai","legalName":"Talkpal, Inc.","foundingDate":"2023-04-03","duns":"118989042","numberOfEmployees":{"@type":"QuantitativeValue","minValue":"11","maxValue":"50"},"publishingPrinciples":"https:\/\/talkpal.ai\/publishing-principles\/","actionableFeedbackPolicy":"https:\/\/talkpal.ai\/actionable-feedback-policy\/","correctionsPolicy":"https:\/\/talkpal.ai\/corrections-policy\/","ethicsPolicy":"https:\/\/talkpal.ai\/ethics-policy\/","diversityPolicy":"https:\/\/talkpal.ai\/diversity-policy\/","diversityStaffingReport":"https:\/\/talkpal.ai\/diversity-policy\/"}]}},"_links":{"self":[{"href":"https:\/\/talkpal.ai\/de\/wp-json\/wp\/v2\/pages\/1464801","targetHints":{"allow":["GET"]}}],"collection":[{"href":"https:\/\/talkpal.ai\/de\/wp-json\/wp\/v2\/pages"}],"about":[{"href":"https:\/\/talkpal.ai\/de\/wp-json\/wp\/v2\/types\/page"}],"author":[{"embeddable":true,"href":"https:\/\/talkpal.ai\/de\/wp-json\/wp\/v2\/users\/20"}],"replies":[{"embeddable":true,"href":"https:\/\/talkpal.ai\/de\/wp-json\/wp\/v2\/comments?post=1464801"}],"version-history":[{"count":0,"href":"https:\/\/talkpal.ai\/de\/wp-json\/wp\/v2\/pages\/1464801\/revisions"}],"wp:attachment":[{"href":"https:\/\/talkpal.ai\/de\/wp-json\/wp\/v2\/media?parent=1464801"}],"curies":[{"name":"wp","href":"https:\/\/api.w.org\/{rel}","templated":true}]}}