{"id":1464644,"date":"2025-11-12T16:44:57","date_gmt":"2025-11-12T16:44:57","guid":{"rendered":"https:\/\/talkpal.ai\/singhalesische-grammatik\/"},"modified":"2025-12-30T11:18:07","modified_gmt":"2025-12-30T11:18:07","slug":"singhalesische-grammatik","status":"publish","type":"page","link":"https:\/\/talkpal.ai\/de\/singhalesische-grammatik\/","title":{"rendered":"Singhalesische Grammatik"},"content":{"rendered":"\r\n\r\n\r\n<section class=\"languageChallengeSection\">\r\n    <div class=\"languageInfoWrapper\">\r\n        \r\n        <h1>Singhalesische Grammatik<\/h1>\r\n        <p>Die singhalesische <a href=\"https:\/\/talkpal.ai\/fr\/les\/\">Grammatik<\/a> mag auf den ersten Blick herausfordernd erscheinen, aber ihre einzigartigen Eigenschaften machen das Erlernen der Sprache zu einer lohnenden Erfahrung. Durch die Erforschung des Alphabets, der Mutationen und der Grammatikregeln erhalten Sie einen Einblick in eine reiche sprachliche Tradition. Beginnen Sie Ihre Reise und entdecken Sie die Sch\u00f6nheit Singhalesisches!<\/p>\r\n\r\n                            <a class=\"getStartedHidden\" href=\"https:\/\/app.talkpal.ai\/de\/signup?lng=\">Leg los<\/a>\r\n        \r\n    <\/div>\r\n\r\n    <figure>\r\n    <img decoding=\"async\" width=\"768\" height=\"768\" src=\"https:\/\/talkpal.ai\/wp-content\/uploads\/2023\/06\/welsh-768x768.png\" class=\"languageImage no-lazy\" alt=\"Default alt text\" fetchpriority=\"high\" sizes=\"(max-width: 768px) 150px, 768px\" srcset=\"https:\/\/talkpal.ai\/wp-content\/uploads\/2023\/06\/welsh-768x768.png 768w, https:\/\/talkpal.ai\/wp-content\/uploads\/2023\/06\/welsh-300x300.png 300w\" \/>\r\n    \r\n\r\n    <\/figure>\r\n\r\n            <a class=\"getStartedVisible\" href=\"https:\/\/app.talkpal.ai\/de\/signup?lng=\">Leg los<\/a>\r\n    \r\n<\/section><section class=\"promotionalBanner\">\r\n    <p class=\"promotionalText\">Der effizienteste Weg, eine Sprache zu lernen<\/p>\r\n    <a class=\"promotionalLink\" href=\"https:\/\/app.talkpal.ai\/de\/signup?lng=\">Talkpal kostenlos<\/a>\r\n<\/section>\n<div class=\"wp-block-group pageContainerStyle\"><div class=\"wp-block-group__inner-container is-layout-constrained wp-block-group-is-layout-constrained\">\n<h2 class=\"wp-block-heading\" id=\"h-navigating-the-intricacies-of-sinhala-grammar\">Navigieren in den Feinheiten der singhalesischen Grammatik<\/h2>\n\n\n\n<p><a href=\"https:\/\/talkpal.ai\/de\/singhalesisch-lernen\/\">Singhalesisch<\/a>, eine indoarische Sprache Sri Lankas mit einer reichen Geschichte und kulturellen Bedeutung, bietet ein aufregendes sprachliches Erlebnis f\u00fcr diejenigen, die ihr einzigartiges Grammatiksystem erkunden m\u00f6chten. Wenn Sie sich in die Welt des Singhalesischen wagen, werden Sie <a href=\"https:\/\/talkpal.ai\/culture\/how-do-i-use-the-word-nicht-nur-sondern-auch\/\">nicht nur<\/a> Ihr sprachliches Repertoire bereichern, sondern auch eine faszinierende kulturelle Reise unternehmen. W\u00e4hrend die <a href=\"https:\/\/talkpal.ai\/sinhala-grammar\/\">singhalesische Grammatik<\/a> auf den ersten Blick kompliziert erscheinen mag, macht die Zerlegung in Kernkomponenten das Erlernen der Sprache zug\u00e4nglicher. In diesem Artikel erkunden wir die faszinierende Welt der singhalesischen Grammatik und geben Tipps, wie Sie ihre Komplexit\u00e4t meistern k\u00f6nnen.<\/p>\n\n\n\n<h3 class=\"wp-block-heading\" id=\"h-1-sinhala-alphabet-and-phonetics\">1. Singhalesisches Alphabet und Phonetik<\/h3>\n\n\n\n<p>Das singhalesische Schriftsystem ist eine Abugida mit einem eigenen Satz von Konsonanten und Vokalen, die von links nach rechts geschrieben werden. Konsonanten tragen einen inh\u00e4renten Vokal, der durch diakritische Zeichen modifiziert wird, und die Schrift weist charakteristische Elemente wie Rakaransaya und Yansaya sowie pr\u00e4nasalisierte und retroflexe Konsonanten auf, die f\u00fcr die Sprache einzigartig sind. Um die singhalesische Grammatik zu lernen, ist es wichtig, sich mit diesem unverwechselbaren Schriftsystem vertraut zu machen, indem man das Lesen und Schreiben auf <a href=\"https:\/\/talkpal.ai\/learn-sinhala\/\">Singhalesisch<\/a> \u00fcbt.<\/p>\n\n\n\n<h3 class=\"wp-block-heading\" id=\"h-2-mutations-a-peculiar-sinhala-feature\">2. Mutationen: Ein eigent\u00fcmliches singhalesisches Merkmal<\/h3>\n\n\n\n<p>Singhalesisch verwendet keine anf\u00e4nglichen Konsonantenmutationen. Stattdessen ist ein bemerkenswertes Merkmal das phonologische Sandhi und die Assimilation, einschlie\u00dflich der Vokalverschmelzung und der Konsonantengemination \u00fcber Morphem- und Wortgrenzen hinweg. Sie werden auch auf konjunktive Buchstaben und systematische Ver\u00e4nderungen im gesprochenen Singhalesisch sto\u00dfen, die die Aussprache und den Rhythmus beeinflussen. Zu verstehen, wann und wie diese Klangver\u00e4nderungen auftreten, ist f\u00fcr eine genaue Kommunikation auf Singhalesisch von entscheidender Bedeutung.<\/p>\n\n\n\n<h3 class=\"wp-block-heading\" id=\"h-3-nouns-and-pronouns-gender-and-cases\">3. Substantive und Pronomen: Geschlecht und Kasus<\/h3>\n\n\n\n<p>Singhalesische Substantive kennzeichnen das grammatikalische Geschlecht nicht, wie es viele europ\u00e4ische Sprachen tun, aber sie unterscheiden die Lebendigkeit und verwenden unterschiedliche Pluralstrategien, wie z.B. -l\u0101 f\u00fcr Belebte und -val f\u00fcr viele Unbelebte. Kasusbeziehungen werden durch Suffixe und Postpositionen ausgedr\u00fcckt, z. B. -\u1e6da f\u00fcr Dativ, -ge f\u00fcr Genitiv und -in f\u00fcr instrumentelle oder ablative Funktionen. Zu den Pronomen im Singhalesischen geh\u00f6ren Personalformen mit einem gewissen Grad an Formalit\u00e4t und Respekt (z. B. mama ich, oy\u0101 oder ob\u0101 du), Possessivformen (mage my, ob\u0113 your), Reflexive (tamange one&#8217;s own), Demonstrative (me this, e that) und Interrogative (kavuda who, mokakda what). Wenn du dich mit diesen Pronomen und ihren Formen vertraut machst, wird sich dein Verst\u00e4ndnis der singhalesischen Grammatik erheblich verbessern.<\/p>\n\n\n\n<h3 class=\"wp-block-heading\" id=\"h-4-verbs-structure-and-conjugation\">4. Verben: Struktur und Konjugation<\/h3>\n\n\n\n<p>Singhalesisch ist in erster Linie SOV, und Verben konjugieren in der Umgangssprache eher f\u00fcr Zeitform und Polarit\u00e4t als f\u00fcr Person oder Zahl. Zu den Kernformen geh\u00f6ren Gegenwart-Gewohnheit, Vergangenheit und Zukunft sowie bedingte und imperative Stimmungen. Das Pr\u00e4sens wird \u00fcblicherweise mit -nava gebildet, viele Vergangenheitsformen basieren auf St\u00e4mmen und Negative werden analytisch aufgebaut. Das Erlernen der Konjugationsmuster von Verben und der Rolle von Partizipien und Hilfsw\u00f6rtern wird Ihre F\u00e4higkeit verbessern, effektiv auf Singhalesisch zu kommunizieren.<\/p>\n\n\n\n<h3 class=\"wp-block-heading\" id=\"h-5-adjectives-agreement-and-placement\">5. Adjektive: Vereinbarung und Platzierung<\/h3>\n\n\n\n<p>In der singhalesischen Grammatik gehen Adjektive in der Regel dem Substantiv voraus, das sie modifizieren, und stimmen weder in Anzahl noch Geschlecht mit dem Substantiv \u00fcberein. Komparative werden oft mehr mit vada gebildet und Superlative mit dem klitischen -ma, die wichtig sind, um zu lernen, nat\u00fcrlicher zu kommunizieren.<\/p>\n\n\n\n<p><strong>Beispiele:<\/strong><\/p>\n\n\n\n<p><strong>\u2013 Loku Ad\u0101re (Gro\u00dfe Liebe)<\/strong><\/p>\n\n\n\n<p><strong>\u2013 Podi Lamayi (kleine Kinder)<\/strong><\/p>\n\n\n\n<h3 class=\"wp-block-heading\" id=\"h-6-engaging-with-the-language\">6. Sich mit der Sprache besch\u00e4ftigen<\/h3>\n\n\n\n<p>Der effektivste Weg, die singhalesische Grammatik vollst\u00e4ndig zu verstehen und zu verinnerlichen, besteht darin, sich konsequent mit der Sprache auseinanderzusetzen. Indem Sie singhalesische Literatur lesen, singhalesische Filme oder Fernsehserien ansehen und aktiv mit Muttersprachlern kommunizieren, werden Sie Ihr Verst\u00e4ndnis der Grammatik st\u00e4rken und gleichzeitig Ihren <a href=\"https:\/\/talkpal.ai\/de\/wortschatz-erweitern-effektive-strategien-fur-mehr-sprachvielfalt\/\">Wortschatz erweitern<\/a>.<\/p>\n\n\n\n<h3 class=\"wp-block-heading\" id=\"h-conclusion\">Schlussfolgerung<\/h3>\n\n\n\n<p>Obwohl die singhalesische Grammatik kompliziert erscheinen mag, k\u00f6nnen Sie diese sch\u00f6ne Sprache mit Hingabe, \u00dcbung und Begeisterung beherrschen. Indem Sie sich auf die Grundregeln konzentrieren und sich mit der Sprache in verschiedenen Kontexten auseinandersetzen, werden Sie Ihre <a href=\"https:\/\/talkpal.ai\/de\/grammatik\/\">singhalesischen Grammatikkenntnisse<\/a> schnell verbessern. Viel Gl\u00fcck bei Ihrer Singhalesisch Sprachreise und genie\u00dfen Sie es, die r\u00e4tselhafte und doch fesselnde Welt der singhalesischen Grammatik zu entr\u00e4tseln!<\/p>\n<\/div><\/div>\n\r\n<section class=\"learnNavigationSection\">\r\n            \r\n        <a href=\"https:\/\/talkpal.ai\/de\/singhalesisch-lernen\/\">\r\n            <div class=\"learnNavigationWrapper\">\r\n                <div class=\"learnNavigationContent\">\r\n                    <img decoding=\"async\" src=\"https:\/\/talkpal.ai\/wp-content\/uploads\/2025\/11\/Sinhala.png\" alt=\"Sri Lankan Flag\">\r\n                    <div>\r\n                        <h4>\u00dcber Singhalesisch lernen<\/h4>\r\n                        <p>Erfahren Sie alles \u00fcber die singhalesische Grammatik.<\/p>\r\n                    <\/div>\r\n                <\/div>\r\n            <\/div>\r\n        <\/a>\r\n\r\n        \r\n        <a href=\"https:\/\/talkpal.ai\/de\/singhalesische-grammatikuebungen\/\">\r\n            <div class=\"learnNavigationWrapper\">\r\n                <div class=\"learnNavigationContent\">\r\n                    <img decoding=\"async\" src=\"https:\/\/talkpal.ai\/wp-content\/uploads\/2025\/11\/Sinhala.png\" alt=\"Sri Lankan Flag\">\r\n                    <div>\r\n                        <h4>Singhalesische Grammatik\u00fcbung<\/h4>\r\n                        <p>\u00dcben Sie die singhalesische Grammatik.<\/p>\r\n                    <\/div>\r\n                <\/div>\r\n            <\/div>\r\n        <\/a>\r\n\r\n            <\/section>","protected":false},"excerpt":{"rendered":"<p>Navigieren in den Feinheiten der singhalesischen Grammatik Singhalesisch, eine indoarische Sprache Sri Lankas mit einer reichen Geschichte und kulturellen Bedeutung, bietet ein aufregendes sprachliches Erlebnis f\u00fcr diejenigen, die ihr einzigartiges Grammatiksystem erkunden m\u00f6chten. Wenn Sie sich in die Welt des Singhalesischen wagen, werden Sie nicht nur Ihr sprachliches Repertoire bereichern, sondern auch eine faszinierende kulturelle [&hellip;]<\/p>\n","protected":false},"author":20,"featured_media":0,"parent":0,"menu_order":0,"comment_status":"closed","ping_status":"closed","template":"LearningContentPage.php","meta":{"_acf_changed":false,"footnotes":""},"class_list":["post-1464644","page","type-page","status-publish","hentry"],"acf":[],"yoast_head":"<!-- This site is optimized with the Yoast SEO Premium plugin v27.2 (Yoast SEO v27.2) - https:\/\/yoast.com\/product\/yoast-seo-premium-wordpress\/ -->\n<title>Singhalesische Grammatik - Talkpal<\/title>\n<meta name=\"description\" content=\"Beherrschen Sie die singhalesischen Grammatikregeln und verbessern Sie Ihre Sprachfertigkeit mit dem umfassenden und interaktiven Sprachf\u00fchrer von Talkpal AI.\" \/>\n<meta name=\"robots\" content=\"index, follow, max-snippet:-1, max-image-preview:large, max-video-preview:-1\" \/>\n<link rel=\"canonical\" href=\"https:\/\/talkpal.ai\/de\/singhalesische-grammatik\/\" \/>\n<meta property=\"og:locale\" content=\"de_DE\" \/>\n<meta property=\"og:type\" content=\"article\" \/>\n<meta property=\"og:title\" content=\"Singhalesische Grammatik\" \/>\n<meta property=\"og:description\" content=\"Navigieren in den Feinheiten der singhalesischen Grammatik Singhalesisch, eine indoarische Sprache Sri Lankas mit einer reichen Geschichte und kulturellen\" \/>\n<meta property=\"og:url\" content=\"https:\/\/talkpal.ai\/de\/singhalesische-grammatik\/\" \/>\n<meta property=\"og:site_name\" content=\"Talkpal\" \/>\n<meta property=\"article:publisher\" content=\"https:\/\/www.facebook.com\/profile.php?id=100090733639311\" \/>\n<meta property=\"article:modified_time\" content=\"2025-12-30T11:18:07+00:00\" \/>\n<meta property=\"og:image\" content=\"https:\/\/talkpal.ai\/wp-content\/uploads\/2025\/02\/Progress-tab-16_9.png\" \/>\n\t<meta property=\"og:image:width\" content=\"2880\" \/>\n\t<meta property=\"og:image:height\" content=\"1620\" \/>\n\t<meta property=\"og:image:type\" content=\"image\/png\" \/>\n<meta name=\"twitter:card\" content=\"summary_large_image\" \/>\n<meta name=\"twitter:site\" content=\"@talkpalai\" \/>\n<meta name=\"twitter:label1\" content=\"Gesch\u00e4tzte Lesezeit\" \/>\n\t<meta name=\"twitter:data1\" content=\"3\u00a0Minuten\" \/>\n<script type=\"application\/ld+json\" class=\"yoast-schema-graph\">{\"@context\":\"https:\/\/schema.org\",\"@graph\":[{\"@type\":\"WebPage\",\"@id\":\"https:\/\/talkpal.ai\/de\/singhalesische-grammatik\/\",\"url\":\"https:\/\/talkpal.ai\/de\/singhalesische-grammatik\/\",\"name\":\"Singhalesische Grammatik - Talkpal\",\"isPartOf\":{\"@id\":\"https:\/\/talkpal.ai\/de\/#website\"},\"datePublished\":\"2025-11-12T16:44:57+00:00\",\"dateModified\":\"2025-12-30T11:18:07+00:00\",\"description\":\"Beherrschen Sie die singhalesischen Grammatikregeln und verbessern Sie Ihre Sprachfertigkeit mit dem umfassenden und interaktiven Sprachf\u00fchrer von Talkpal AI.\",\"breadcrumb\":{\"@id\":\"https:\/\/talkpal.ai\/de\/singhalesische-grammatik\/#breadcrumb\"},\"inLanguage\":\"de\",\"potentialAction\":[{\"@type\":\"ReadAction\",\"target\":[\"https:\/\/talkpal.ai\/de\/singhalesische-grammatik\/\"]}]},{\"@type\":\"BreadcrumbList\",\"@id\":\"https:\/\/talkpal.ai\/de\/singhalesische-grammatik\/#breadcrumb\",\"itemListElement\":[{\"@type\":\"ListItem\",\"position\":1,\"name\":\"Homepage\",\"item\":\"https:\/\/talkpal.ai\/de\/\"},{\"@type\":\"ListItem\",\"position\":2,\"name\":\"Singhalesische Grammatik\"}]},{\"@type\":\"WebSite\",\"@id\":\"https:\/\/talkpal.ai\/de\/#website\",\"url\":\"https:\/\/talkpal.ai\/de\/\",\"name\":\"Talkpal\",\"description\":\"AI Language Learning\",\"publisher\":{\"@id\":\"https:\/\/talkpal.ai\/de\/#organization\"},\"alternateName\":\"Talkpal AI\",\"potentialAction\":[{\"@type\":\"SearchAction\",\"target\":{\"@type\":\"EntryPoint\",\"urlTemplate\":\"https:\/\/talkpal.ai\/de\/?s={search_term_string}\"},\"query-input\":{\"@type\":\"PropertyValueSpecification\",\"valueRequired\":true,\"valueName\":\"search_term_string\"}}],\"inLanguage\":\"de\"},{\"@type\":\"Organization\",\"@id\":\"https:\/\/talkpal.ai\/de\/#organization\",\"name\":\"Talkpal, Inc.\",\"alternateName\":\"Talkpal AI\",\"url\":\"https:\/\/talkpal.ai\/de\/\",\"logo\":{\"@type\":\"ImageObject\",\"inLanguage\":\"de\",\"@id\":\"https:\/\/talkpal.ai\/de\/#\/schema\/logo\/image\/\",\"url\":\"https:\/\/talkpal.ai\/wp-content\/uploads\/2024\/03\/Talkpal-Logo-Icon.png\",\"contentUrl\":\"https:\/\/talkpal.ai\/wp-content\/uploads\/2024\/03\/Talkpal-Logo-Icon.png\",\"width\":2880,\"height\":2880,\"caption\":\"Talkpal, Inc.\"},\"image\":{\"@id\":\"https:\/\/talkpal.ai\/de\/#\/schema\/logo\/image\/\"},\"sameAs\":[\"https:\/\/www.facebook.com\/profile.php?id=100090733639311\",\"https:\/\/x.com\/talkpalai\",\"https:\/\/www.linkedin.com\/company\/talkpal\/\",\"https:\/\/www.youtube.com\/@TalkPal\/\",\"https:\/\/www.tiktok.com\/@talkpal\",\"https:\/\/www.instagram.com\/talkpal_ai\/\",\"https:\/\/www.crunchbase.com\/organization\/talkpal-9cde\",\"https:\/\/www.g2.com\/products\/talkpal-for-business\/\",\"https:\/\/www.trustpilot.com\/review\/talkpal.ai\",\"https:\/\/www.capterra.com\/p\/10006800\/TalkPal\/\"],\"description\":\"Talkpal is a language learning web and mobile education app, powered by the latest AI technologies, that provides engaging experiences to its customers in many different languages to help them improve their language skills. Users can chat about unlimited amount of topics with the app and use other modes to practice their language learning.\",\"email\":\"support@talkpal.ai\",\"legalName\":\"Talkpal, Inc.\",\"foundingDate\":\"2023-04-03\",\"duns\":\"118989042\",\"numberOfEmployees\":{\"@type\":\"QuantitativeValue\",\"minValue\":\"11\",\"maxValue\":\"50\"},\"publishingPrinciples\":\"https:\/\/talkpal.ai\/publishing-principles\/\",\"actionableFeedbackPolicy\":\"https:\/\/talkpal.ai\/actionable-feedback-policy\/\",\"correctionsPolicy\":\"https:\/\/talkpal.ai\/corrections-policy\/\",\"ethicsPolicy\":\"https:\/\/talkpal.ai\/ethics-policy\/\",\"diversityPolicy\":\"https:\/\/talkpal.ai\/diversity-policy\/\",\"diversityStaffingReport\":\"https:\/\/talkpal.ai\/diversity-policy\/\"}]}<\/script>\n<!-- \/ Yoast SEO Premium plugin. -->","yoast_head_json":{"title":"Singhalesische Grammatik - Talkpal","description":"Beherrschen Sie die singhalesischen Grammatikregeln und verbessern Sie Ihre Sprachfertigkeit mit dem umfassenden und interaktiven Sprachf\u00fchrer von Talkpal AI.","robots":{"index":"index","follow":"follow","max-snippet":"max-snippet:-1","max-image-preview":"max-image-preview:large","max-video-preview":"max-video-preview:-1"},"canonical":"https:\/\/talkpal.ai\/de\/singhalesische-grammatik\/","og_locale":"de_DE","og_type":"article","og_title":"Singhalesische Grammatik","og_description":"Navigieren in den Feinheiten der singhalesischen Grammatik Singhalesisch, eine indoarische Sprache Sri Lankas mit einer reichen Geschichte und kulturellen","og_url":"https:\/\/talkpal.ai\/de\/singhalesische-grammatik\/","og_site_name":"Talkpal","article_publisher":"https:\/\/www.facebook.com\/profile.php?id=100090733639311","article_modified_time":"2025-12-30T11:18:07+00:00","og_image":[{"width":2880,"height":1620,"url":"https:\/\/talkpal.ai\/wp-content\/uploads\/2025\/02\/Progress-tab-16_9.png","type":"image\/png"}],"twitter_card":"summary_large_image","twitter_site":"@talkpalai","twitter_misc":{"Gesch\u00e4tzte Lesezeit":"3\u00a0Minuten"},"schema":{"@context":"https:\/\/schema.org","@graph":[{"@type":"WebPage","@id":"https:\/\/talkpal.ai\/de\/singhalesische-grammatik\/","url":"https:\/\/talkpal.ai\/de\/singhalesische-grammatik\/","name":"Singhalesische Grammatik - Talkpal","isPartOf":{"@id":"https:\/\/talkpal.ai\/de\/#website"},"datePublished":"2025-11-12T16:44:57+00:00","dateModified":"2025-12-30T11:18:07+00:00","description":"Beherrschen Sie die singhalesischen Grammatikregeln und verbessern Sie Ihre Sprachfertigkeit mit dem umfassenden und interaktiven Sprachf\u00fchrer von Talkpal AI.","breadcrumb":{"@id":"https:\/\/talkpal.ai\/de\/singhalesische-grammatik\/#breadcrumb"},"inLanguage":"de","potentialAction":[{"@type":"ReadAction","target":["https:\/\/talkpal.ai\/de\/singhalesische-grammatik\/"]}]},{"@type":"BreadcrumbList","@id":"https:\/\/talkpal.ai\/de\/singhalesische-grammatik\/#breadcrumb","itemListElement":[{"@type":"ListItem","position":1,"name":"Homepage","item":"https:\/\/talkpal.ai\/de\/"},{"@type":"ListItem","position":2,"name":"Singhalesische Grammatik"}]},{"@type":"WebSite","@id":"https:\/\/talkpal.ai\/de\/#website","url":"https:\/\/talkpal.ai\/de\/","name":"Talkpal","description":"AI Language Learning","publisher":{"@id":"https:\/\/talkpal.ai\/de\/#organization"},"alternateName":"Talkpal AI","potentialAction":[{"@type":"SearchAction","target":{"@type":"EntryPoint","urlTemplate":"https:\/\/talkpal.ai\/de\/?s={search_term_string}"},"query-input":{"@type":"PropertyValueSpecification","valueRequired":true,"valueName":"search_term_string"}}],"inLanguage":"de"},{"@type":"Organization","@id":"https:\/\/talkpal.ai\/de\/#organization","name":"Talkpal, Inc.","alternateName":"Talkpal AI","url":"https:\/\/talkpal.ai\/de\/","logo":{"@type":"ImageObject","inLanguage":"de","@id":"https:\/\/talkpal.ai\/de\/#\/schema\/logo\/image\/","url":"https:\/\/talkpal.ai\/wp-content\/uploads\/2024\/03\/Talkpal-Logo-Icon.png","contentUrl":"https:\/\/talkpal.ai\/wp-content\/uploads\/2024\/03\/Talkpal-Logo-Icon.png","width":2880,"height":2880,"caption":"Talkpal, Inc."},"image":{"@id":"https:\/\/talkpal.ai\/de\/#\/schema\/logo\/image\/"},"sameAs":["https:\/\/www.facebook.com\/profile.php?id=100090733639311","https:\/\/x.com\/talkpalai","https:\/\/www.linkedin.com\/company\/talkpal\/","https:\/\/www.youtube.com\/@TalkPal\/","https:\/\/www.tiktok.com\/@talkpal","https:\/\/www.instagram.com\/talkpal_ai\/","https:\/\/www.crunchbase.com\/organization\/talkpal-9cde","https:\/\/www.g2.com\/products\/talkpal-for-business\/","https:\/\/www.trustpilot.com\/review\/talkpal.ai","https:\/\/www.capterra.com\/p\/10006800\/TalkPal\/"],"description":"Talkpal is a language learning web and mobile education app, powered by the latest AI technologies, that provides engaging experiences to its customers in many different languages to help them improve their language skills. Users can chat about unlimited amount of topics with the app and use other modes to practice their language learning.","email":"support@talkpal.ai","legalName":"Talkpal, Inc.","foundingDate":"2023-04-03","duns":"118989042","numberOfEmployees":{"@type":"QuantitativeValue","minValue":"11","maxValue":"50"},"publishingPrinciples":"https:\/\/talkpal.ai\/publishing-principles\/","actionableFeedbackPolicy":"https:\/\/talkpal.ai\/actionable-feedback-policy\/","correctionsPolicy":"https:\/\/talkpal.ai\/corrections-policy\/","ethicsPolicy":"https:\/\/talkpal.ai\/ethics-policy\/","diversityPolicy":"https:\/\/talkpal.ai\/diversity-policy\/","diversityStaffingReport":"https:\/\/talkpal.ai\/diversity-policy\/"}]}},"_links":{"self":[{"href":"https:\/\/talkpal.ai\/de\/wp-json\/wp\/v2\/pages\/1464644","targetHints":{"allow":["GET"]}}],"collection":[{"href":"https:\/\/talkpal.ai\/de\/wp-json\/wp\/v2\/pages"}],"about":[{"href":"https:\/\/talkpal.ai\/de\/wp-json\/wp\/v2\/types\/page"}],"author":[{"embeddable":true,"href":"https:\/\/talkpal.ai\/de\/wp-json\/wp\/v2\/users\/20"}],"replies":[{"embeddable":true,"href":"https:\/\/talkpal.ai\/de\/wp-json\/wp\/v2\/comments?post=1464644"}],"version-history":[{"count":0,"href":"https:\/\/talkpal.ai\/de\/wp-json\/wp\/v2\/pages\/1464644\/revisions"}],"wp:attachment":[{"href":"https:\/\/talkpal.ai\/de\/wp-json\/wp\/v2\/media?parent=1464644"}],"curies":[{"name":"wp","href":"https:\/\/api.w.org\/{rel}","templated":true}]}}