{"id":1464637,"date":"2025-11-12T16:07:26","date_gmt":"2025-11-12T16:07:26","guid":{"rendered":"https:\/\/talkpal.ai\/oriya-grammatik\/"},"modified":"2025-12-30T12:45:22","modified_gmt":"2025-12-30T12:45:22","slug":"oriya-grammatik","status":"publish","type":"page","link":"https:\/\/talkpal.ai\/de\/oriya-grammatik\/","title":{"rendered":"Odia-Grammatik"},"content":{"rendered":"\r\n\r\n\r\n<section class=\"languageChallengeSection\">\r\n    <div class=\"languageInfoWrapper\">\r\n        \r\n        <h1>Odia-Grammatik<\/h1>\r\n        <p>Die <a href=\"https:\/\/talkpal.ai\/odia-grammar\/\">Odia-Grammatik<\/a> mag anfangs herausfordernd erscheinen, aber ihre einzigartigen Eigenschaften machen das Erlernen der Sprache zu einer lohnenden Erfahrung. Durch die Erforschung des Alphabets, der Mutationen und der Grammatikregeln erhalten Sie einen Einblick in eine reiche sprachliche Tradition. Beginnen Sie Ihre Reise und entdecken Sie die Sch\u00f6nheit von <a href=\"https:\/\/talkpal.ai\/learn-odia\/\">Odia<\/a>!<\/p>\r\n\r\n                            <a class=\"getStartedHidden\" href=\"https:\/\/app.talkpal.ai\/de\/signup?lng=\">Leg los<\/a>\r\n        \r\n    <\/div>\r\n\r\n    <figure>\r\n    <img decoding=\"async\" width=\"768\" height=\"768\" src=\"https:\/\/talkpal.ai\/wp-content\/uploads\/2023\/06\/welsh-768x768.png\" class=\"languageImage no-lazy\" alt=\"Default alt text\" fetchpriority=\"high\" sizes=\"(max-width: 768px) 150px, 768px\" srcset=\"https:\/\/talkpal.ai\/wp-content\/uploads\/2023\/06\/welsh-768x768.png 768w, https:\/\/talkpal.ai\/wp-content\/uploads\/2023\/06\/welsh-300x300.png 300w\" \/>\r\n    \r\n\r\n    <\/figure>\r\n\r\n            <a class=\"getStartedVisible\" href=\"https:\/\/app.talkpal.ai\/de\/signup?lng=\">Leg los<\/a>\r\n    \r\n<\/section><section class=\"promotionalBanner\">\r\n    <p class=\"promotionalText\">Der effizienteste Weg, eine Sprache zu lernen<\/p>\r\n    <a class=\"promotionalLink\" href=\"https:\/\/app.talkpal.ai\/de\/signup?lng=\">Talkpal kostenlos<\/a>\r\n<\/section>\n<div class=\"wp-block-group pageContainerStyle\"><div class=\"wp-block-group__inner-container is-layout-constrained wp-block-group-is-layout-constrained\">\n<h2 class=\"wp-block-heading\" id=\"h-navigating-the-intricacies-of-odia-grammar\">Die Feinheiten der Odia-Grammatik navigieren<\/h2>\n\n\n\n<p><a href=\"https:\/\/talkpal.ai\/learn-oriya\/\">Odia<\/a>, auch bekannt als Odia, ist eine indoarische Sprache mit einer reichen literarischen Tradition und tiefen kulturellen Wurzeln im Osten Indiens. Es bietet eine aufregende sprachliche Erfahrung f\u00fcr Lernende, die das unverwechselbare Grammatiksystem erkunden m\u00f6chten. Wenn Sie sich in das Reich Odia begeben, bereichern Sie <a href=\"https:\/\/talkpal.ai\/culture\/how-do-i-use-the-word-nicht-nur-sondern-auch\/\">nicht nur<\/a> Ihr sprachliches Repertoire, sondern erleben auch eine faszinierende kulturelle Reise. Auch wenn die Odia-Grammatik zun\u00e4chst kompliziert erscheinen mag, macht die Aufteilung in Kernkomponenten das Erlernen der Sprache zug\u00e4nglicher. In diesem Artikel werden wir die faszinierende Welt der Odia-Grammatik erkunden und Tipps geben, wie man ihre Komplexit\u00e4t meistert.<\/p>\n\n\n\n<h3 class=\"wp-block-heading\" id=\"h-1-odia-alphabet-and-phonetics\">1. Odia-Alphabet und Phonetik<\/h3>\n\n\n\n<p>Die Odia-Schrift ist eine Abugida mit 11 Vokalen und etwa 35 Konsonanten sowie Diakritika und Konjunktkonsonanten. Es enth\u00e4lt retroflexe und aspirierte Laute, die f\u00fcr indoarische Sprachen charakteristisch sind. Die Vertrautheit mit der Schrift, den Vokalzeichen und den Konjunktivclustern ist entscheidend f\u00fcr die Beherrschung der Aussprache und des Lesens. \u00dcbe durch Lesen und Schreiben in Odia, um die Klang-Symbol-Korrespondenz zu verinnerlichen.<\/p>\n\n\n\n<h3 class=\"wp-block-heading\" id=\"h-2-case-markers-and-postpositions-a-distinctive-odia-feature\">2. Koffermarkierungen und Postpositionen: Ein charakteristisches Odia-Merkmal<\/h3>\n\n\n\n<p>Ein auff\u00e4lliges Merkmal der Odia-Grammatik ist die Verwendung von Kasusmarkern und Postpositionen anstelle von <a href=\"https:\/\/talkpal.ai\/ar\/grammar_exercises\/prapositionen-%d8%aa%d9%85%d8%a7%d8%b1%d9%8a%d9%86-%d9%84%d9%84%d9%82%d9%88%d8%a7%d8%b9%d8%af-%d8%a7%d9%84%d8%a3%d9%84%d9%85%d8%a7%d9%86%d9%8a%d8%a9\/\">Pr\u00e4positionen<\/a>. H\u00e4ufige Marker sind ku f\u00fcr Akkusativ und Dativ, ra f\u00fcr Genitiv, re f\u00fcr Lokativ, ru f\u00fcr Ablativ, saha f\u00fcr Komitativ, dwara f\u00fcr instrumental oder agentiv und pain f\u00fcr purpose. Zu verstehen, wie diese Marker an Substantive und Pronomen anh\u00e4ngen, ist entscheidend f\u00fcr eine genaue Kommunikation in Odia.<\/p>\n\n\n\n<h3 class=\"wp-block-heading\" id=\"h-3-nouns-and-pronouns-gender-and-cases\">3. Substantive und Pronomen: Geschlecht und Kasus<\/h3>\n\n\n\n<p>Odia-Substantive haben kein grammatikalisches Geschlecht, und die Pluralisierung variiert je nach Substantivtyp und Kontext. Menschliche und belebte Substantive haben oft das Pluralsuffix -mane, w\u00e4hrend unbelebte Substantive -gudika verwenden oder unmarkiert bleiben, wenn die Pluralit\u00e4t aus dem Kontext klar hervorgeht. Zu den Pronomen geh\u00f6ren Personal-, Possessiv-, Reflex-, Demonstrativ- und Interrogativs\u00e4tze mit ehrenvollen Unterscheidungen: mu I, tume you informell, apana you polite, se he or she, semane they. Zu den Possessivw\u00f6rtern geh\u00f6ren <a href=\"https:\/\/talkpal.ai\/locations\/language-courses-in-mora\/\">mora<\/a> my, tora your, apanangkara your h\u00f6flich, tara his oder her. Wenn Sie sich mit diesen Formen und ihren kasusartigen Varianten vertraut machen, verbessern Sie Ihr Verst\u00e4ndnis der Odia-Grammatik erheblich.<\/p>\n\n\n\n<h3 class=\"wp-block-heading\" id=\"h-4-verbs-structure-and-conjugation\">4. Verben: Struktur und Konjugation<\/h3>\n\n\n\n<p>Odia-Verben flektieren f\u00fcr Zeitform, Aspekt, Modus und \u00dcbereinstimmung, wobei Ehrentitelstufen die Verbformen beeinflussen. Zu den Kernformen des Tempusaspekts geh\u00f6ren die Gegenwart progressiv in -uchi, die einfache Vergangenheit in -ila und die Zukunft in -iba, neben zusammengesetzten Konstruktionen und Hilfsformen. Bedingte und imperative Stimmungen werden aktiv genutzt. Das Erlernen der Konjugationsmuster und deren Interaktion mit Person und H\u00f6flichkeit verbessert deine F\u00e4higkeit, effektiv in Odia zu kommunizieren.<\/p>\n\n\n\n<h3 class=\"wp-block-heading\" id=\"h-5-adjectives-agreement-and-placement\">5. Adjektive: Vereinbarung und Platzierung<\/h3>\n\n\n\n<p>In der Odia-Grammatik stehen Adjektive typischerweise vor dem Substantiv, das sie modifizieren, und \u00e4ndern sich im Allgemeinen nicht f\u00fcr Zahl oder Geschlecht. Komparative und Superlative werden h\u00e4ufig mit Adverbien wie adhika more und sabutharu most gebildet, obwohl Tatsama-Formen auch Suffixe in formalen Registern verwenden k\u00f6nnen. Die Beherrschung dieser Muster tr\u00e4gt dazu bei, dass Sprache nat\u00fcrlich und idiomatisch klingt.<\/p>\n\n\n\n<p><strong>Beispiele:<\/strong><\/p>\n\n\n\n<p><strong>\u2013 Bada Prema (Gro\u00dfe Liebe)  <\/strong><\/p>\n\n\n\n<p><strong>\u2013 Chhota Pilamane (kleine Kinder)<\/strong><\/p>\n\n\n\n<h3 class=\"wp-block-heading\" id=\"h-6-engaging-with-the-language\">6. Sich mit der Sprache besch\u00e4ftigen<\/h3>\n\n\n\n<p>Der effektivste Weg, die Odia-Grammatik vollst\u00e4ndig zu verstehen und zu verinnerlichen, ist, sich konsequent mit der Sprache auseinanderzusetzen. Indem Sie Odia-Literatur lesen, Odia-Filme oder -Fernsehserien schauen, Odia-Nachrichten verfolgen und aktiv mit Muttersprachlern kommunizieren, werden Sie Ihr Verst\u00e4ndnis der <a href=\"https:\/\/talkpal.ai\/fr\/les\/\">Grammatik<\/a> vertiefen und gleichzeitig Ihren Wortschatz erweitern.<\/p>\n\n\n\n<h3 class=\"wp-block-heading\" id=\"h-conclusion\">Schlussfolgerung<\/h3>\n\n\n\n<p>Obwohl die Odia-Grammatik komplex erscheinen mag, k\u00f6nnen Sie diese sch\u00f6ne Sprache mit Hingabe, \u00dcbung und Begeisterung beherrschen. Indem du dich auf die grundlegenden Regeln konzentrierst und dich in verschiedenen Kontexten mit der Sprache auseinandersetzt, wirst du deine <a href=\"https:\/\/talkpal.ai\/de\/grammatik\/\">Odia-Grammatik<\/a> schnell verbessern. Subha kamana (viel Gl\u00fcck) auf deiner Odia-Sprachreise und genie\u00dfe es, die elegante, aber fesselnde Welt der Odia-Grammatik zu entdecken!<\/p>\n<\/div><\/div>\n\r\n<section class=\"learnNavigationSection\">\r\n            \r\n        <a href=\"https:\/\/talkpal.ai\/de\/oriya-lernen\/\">\r\n            <div class=\"learnNavigationWrapper\">\r\n                <div class=\"learnNavigationContent\">\r\n                    <img decoding=\"async\" src=\"https:\/\/talkpal.ai\/wp-content\/uploads\/2025\/11\/Oriya.png\" alt=\"Indian Simplified Flag\">\r\n                    <div>\r\n                        <h4>\u00dcber Odia-Lernen<\/h4>\r\n                        <p>Erfahren Sie alles \u00fcber Odia-Grammatik.<\/p>\r\n                    <\/div>\r\n                <\/div>\r\n            <\/div>\r\n        <\/a>\r\n\r\n        \r\n        <a href=\"https:\/\/talkpal.ai\/de\/oriya-grammatik-uebungen\/\">\r\n            <div class=\"learnNavigationWrapper\">\r\n                <div class=\"learnNavigationContent\">\r\n                    <img decoding=\"async\" src=\"https:\/\/talkpal.ai\/wp-content\/uploads\/2025\/11\/Oriya.png\" alt=\"Indian Simplified Flag\">\r\n                    <div>\r\n                        <h4>Odia-Grammatik\u00fcbung<\/h4>\r\n                        <p>\u00dcbe Odia-Grammatik.<\/p>\r\n                    <\/div>\r\n                <\/div>\r\n            <\/div>\r\n        <\/a>\r\n\r\n            <\/section>","protected":false},"excerpt":{"rendered":"<p>Die Feinheiten der Odia-Grammatik navigieren Odia, auch bekannt als Odia, ist eine indoarische Sprache mit einer reichen literarischen Tradition und tiefen kulturellen Wurzeln im Osten Indiens. Es bietet eine aufregende sprachliche Erfahrung f\u00fcr Lernende, die das unverwechselbare Grammatiksystem erkunden m\u00f6chten. Wenn Sie sich in das Reich Odia begeben, bereichern Sie nicht nur Ihr sprachliches Repertoire, [&hellip;]<\/p>\n","protected":false},"author":20,"featured_media":0,"parent":0,"menu_order":0,"comment_status":"closed","ping_status":"closed","template":"LearningContentPage.php","meta":{"_acf_changed":false,"footnotes":""},"class_list":["post-1464637","page","type-page","status-publish","hentry"],"acf":[],"yoast_head":"<!-- This site is optimized with the Yoast SEO Premium plugin v27.2 (Yoast SEO v27.2) - https:\/\/yoast.com\/product\/yoast-seo-premium-wordpress\/ -->\n<title>Odia-Grammatik - Talkpal<\/title>\n<meta name=\"description\" content=\"Beherrschen Sie die Grundlagen der Odia-Grammatik, einschlie\u00dflich des Alphabets, der Gro\u00df- und Kleinschreibung und der Verben mit unserem umfassenden Sprachlernf\u00fchrer.\" \/>\n<meta name=\"robots\" content=\"index, follow, max-snippet:-1, max-image-preview:large, max-video-preview:-1\" \/>\n<link rel=\"canonical\" href=\"https:\/\/talkpal.ai\/de\/oriya-grammatik\/\" \/>\n<meta property=\"og:locale\" content=\"de_DE\" \/>\n<meta property=\"og:type\" content=\"article\" \/>\n<meta property=\"og:title\" content=\"Odia-Grammatik\" \/>\n<meta property=\"og:description\" content=\"Die Feinheiten der Odia-Grammatik navigieren Odia, auch bekannt als Odia, ist eine indoarische Sprache mit einer reichen literarischen Tradition und\" \/>\n<meta property=\"og:url\" content=\"https:\/\/talkpal.ai\/de\/oriya-grammatik\/\" \/>\n<meta property=\"og:site_name\" content=\"Talkpal\" \/>\n<meta property=\"article:publisher\" content=\"https:\/\/www.facebook.com\/profile.php?id=100090733639311\" \/>\n<meta property=\"article:modified_time\" content=\"2025-12-30T12:45:22+00:00\" \/>\n<meta property=\"og:image\" content=\"https:\/\/talkpal.ai\/wp-content\/uploads\/2025\/02\/Progress-tab-16_9.png\" \/>\n\t<meta property=\"og:image:width\" content=\"2880\" \/>\n\t<meta property=\"og:image:height\" content=\"1620\" \/>\n\t<meta property=\"og:image:type\" content=\"image\/png\" \/>\n<meta name=\"twitter:card\" content=\"summary_large_image\" \/>\n<meta name=\"twitter:site\" content=\"@talkpalai\" \/>\n<meta name=\"twitter:label1\" content=\"Gesch\u00e4tzte Lesezeit\" \/>\n\t<meta name=\"twitter:data1\" content=\"3\u00a0Minuten\" \/>\n<script type=\"application\/ld+json\" class=\"yoast-schema-graph\">{\"@context\":\"https:\/\/schema.org\",\"@graph\":[{\"@type\":\"WebPage\",\"@id\":\"https:\/\/talkpal.ai\/de\/oriya-grammatik\/\",\"url\":\"https:\/\/talkpal.ai\/de\/oriya-grammatik\/\",\"name\":\"Odia-Grammatik - Talkpal\",\"isPartOf\":{\"@id\":\"https:\/\/talkpal.ai\/de\/#website\"},\"datePublished\":\"2025-11-12T16:07:26+00:00\",\"dateModified\":\"2025-12-30T12:45:22+00:00\",\"description\":\"Beherrschen Sie die Grundlagen der Odia-Grammatik, einschlie\u00dflich des Alphabets, der Gro\u00df- und Kleinschreibung und der Verben mit unserem umfassenden Sprachlernf\u00fchrer.\",\"breadcrumb\":{\"@id\":\"https:\/\/talkpal.ai\/de\/oriya-grammatik\/#breadcrumb\"},\"inLanguage\":\"de\",\"potentialAction\":[{\"@type\":\"ReadAction\",\"target\":[\"https:\/\/talkpal.ai\/de\/oriya-grammatik\/\"]}]},{\"@type\":\"BreadcrumbList\",\"@id\":\"https:\/\/talkpal.ai\/de\/oriya-grammatik\/#breadcrumb\",\"itemListElement\":[{\"@type\":\"ListItem\",\"position\":1,\"name\":\"Homepage\",\"item\":\"https:\/\/talkpal.ai\/de\/\"},{\"@type\":\"ListItem\",\"position\":2,\"name\":\"Odia-Grammatik\"}]},{\"@type\":\"WebSite\",\"@id\":\"https:\/\/talkpal.ai\/de\/#website\",\"url\":\"https:\/\/talkpal.ai\/de\/\",\"name\":\"Talkpal\",\"description\":\"AI Language Learning\",\"publisher\":{\"@id\":\"https:\/\/talkpal.ai\/de\/#organization\"},\"alternateName\":\"Talkpal AI\",\"potentialAction\":[{\"@type\":\"SearchAction\",\"target\":{\"@type\":\"EntryPoint\",\"urlTemplate\":\"https:\/\/talkpal.ai\/de\/?s={search_term_string}\"},\"query-input\":{\"@type\":\"PropertyValueSpecification\",\"valueRequired\":true,\"valueName\":\"search_term_string\"}}],\"inLanguage\":\"de\"},{\"@type\":\"Organization\",\"@id\":\"https:\/\/talkpal.ai\/de\/#organization\",\"name\":\"Talkpal, Inc.\",\"alternateName\":\"Talkpal AI\",\"url\":\"https:\/\/talkpal.ai\/de\/\",\"logo\":{\"@type\":\"ImageObject\",\"inLanguage\":\"de\",\"@id\":\"https:\/\/talkpal.ai\/de\/#\/schema\/logo\/image\/\",\"url\":\"https:\/\/talkpal.ai\/wp-content\/uploads\/2024\/03\/Talkpal-Logo-Icon.png\",\"contentUrl\":\"https:\/\/talkpal.ai\/wp-content\/uploads\/2024\/03\/Talkpal-Logo-Icon.png\",\"width\":2880,\"height\":2880,\"caption\":\"Talkpal, Inc.\"},\"image\":{\"@id\":\"https:\/\/talkpal.ai\/de\/#\/schema\/logo\/image\/\"},\"sameAs\":[\"https:\/\/www.facebook.com\/profile.php?id=100090733639311\",\"https:\/\/x.com\/talkpalai\",\"https:\/\/www.linkedin.com\/company\/talkpal\/\",\"https:\/\/www.youtube.com\/@TalkPal\/\",\"https:\/\/www.tiktok.com\/@talkpal\",\"https:\/\/www.instagram.com\/talkpal_ai\/\",\"https:\/\/www.crunchbase.com\/organization\/talkpal-9cde\",\"https:\/\/www.g2.com\/products\/talkpal-for-business\/\",\"https:\/\/www.trustpilot.com\/review\/talkpal.ai\",\"https:\/\/www.capterra.com\/p\/10006800\/TalkPal\/\"],\"description\":\"Talkpal is a language learning web and mobile education app, powered by the latest AI technologies, that provides engaging experiences to its customers in many different languages to help them improve their language skills. Users can chat about unlimited amount of topics with the app and use other modes to practice their language learning.\",\"email\":\"support@talkpal.ai\",\"legalName\":\"Talkpal, Inc.\",\"foundingDate\":\"2023-04-03\",\"duns\":\"118989042\",\"numberOfEmployees\":{\"@type\":\"QuantitativeValue\",\"minValue\":\"11\",\"maxValue\":\"50\"},\"publishingPrinciples\":\"https:\/\/talkpal.ai\/publishing-principles\/\",\"actionableFeedbackPolicy\":\"https:\/\/talkpal.ai\/actionable-feedback-policy\/\",\"correctionsPolicy\":\"https:\/\/talkpal.ai\/corrections-policy\/\",\"ethicsPolicy\":\"https:\/\/talkpal.ai\/ethics-policy\/\",\"diversityPolicy\":\"https:\/\/talkpal.ai\/diversity-policy\/\",\"diversityStaffingReport\":\"https:\/\/talkpal.ai\/diversity-policy\/\"}]}<\/script>\n<!-- \/ Yoast SEO Premium plugin. -->","yoast_head_json":{"title":"Odia-Grammatik - Talkpal","description":"Beherrschen Sie die Grundlagen der Odia-Grammatik, einschlie\u00dflich des Alphabets, der Gro\u00df- und Kleinschreibung und der Verben mit unserem umfassenden Sprachlernf\u00fchrer.","robots":{"index":"index","follow":"follow","max-snippet":"max-snippet:-1","max-image-preview":"max-image-preview:large","max-video-preview":"max-video-preview:-1"},"canonical":"https:\/\/talkpal.ai\/de\/oriya-grammatik\/","og_locale":"de_DE","og_type":"article","og_title":"Odia-Grammatik","og_description":"Die Feinheiten der Odia-Grammatik navigieren Odia, auch bekannt als Odia, ist eine indoarische Sprache mit einer reichen literarischen Tradition und","og_url":"https:\/\/talkpal.ai\/de\/oriya-grammatik\/","og_site_name":"Talkpal","article_publisher":"https:\/\/www.facebook.com\/profile.php?id=100090733639311","article_modified_time":"2025-12-30T12:45:22+00:00","og_image":[{"width":2880,"height":1620,"url":"https:\/\/talkpal.ai\/wp-content\/uploads\/2025\/02\/Progress-tab-16_9.png","type":"image\/png"}],"twitter_card":"summary_large_image","twitter_site":"@talkpalai","twitter_misc":{"Gesch\u00e4tzte Lesezeit":"3\u00a0Minuten"},"schema":{"@context":"https:\/\/schema.org","@graph":[{"@type":"WebPage","@id":"https:\/\/talkpal.ai\/de\/oriya-grammatik\/","url":"https:\/\/talkpal.ai\/de\/oriya-grammatik\/","name":"Odia-Grammatik - Talkpal","isPartOf":{"@id":"https:\/\/talkpal.ai\/de\/#website"},"datePublished":"2025-11-12T16:07:26+00:00","dateModified":"2025-12-30T12:45:22+00:00","description":"Beherrschen Sie die Grundlagen der Odia-Grammatik, einschlie\u00dflich des Alphabets, der Gro\u00df- und Kleinschreibung und der Verben mit unserem umfassenden Sprachlernf\u00fchrer.","breadcrumb":{"@id":"https:\/\/talkpal.ai\/de\/oriya-grammatik\/#breadcrumb"},"inLanguage":"de","potentialAction":[{"@type":"ReadAction","target":["https:\/\/talkpal.ai\/de\/oriya-grammatik\/"]}]},{"@type":"BreadcrumbList","@id":"https:\/\/talkpal.ai\/de\/oriya-grammatik\/#breadcrumb","itemListElement":[{"@type":"ListItem","position":1,"name":"Homepage","item":"https:\/\/talkpal.ai\/de\/"},{"@type":"ListItem","position":2,"name":"Odia-Grammatik"}]},{"@type":"WebSite","@id":"https:\/\/talkpal.ai\/de\/#website","url":"https:\/\/talkpal.ai\/de\/","name":"Talkpal","description":"AI Language Learning","publisher":{"@id":"https:\/\/talkpal.ai\/de\/#organization"},"alternateName":"Talkpal AI","potentialAction":[{"@type":"SearchAction","target":{"@type":"EntryPoint","urlTemplate":"https:\/\/talkpal.ai\/de\/?s={search_term_string}"},"query-input":{"@type":"PropertyValueSpecification","valueRequired":true,"valueName":"search_term_string"}}],"inLanguage":"de"},{"@type":"Organization","@id":"https:\/\/talkpal.ai\/de\/#organization","name":"Talkpal, Inc.","alternateName":"Talkpal AI","url":"https:\/\/talkpal.ai\/de\/","logo":{"@type":"ImageObject","inLanguage":"de","@id":"https:\/\/talkpal.ai\/de\/#\/schema\/logo\/image\/","url":"https:\/\/talkpal.ai\/wp-content\/uploads\/2024\/03\/Talkpal-Logo-Icon.png","contentUrl":"https:\/\/talkpal.ai\/wp-content\/uploads\/2024\/03\/Talkpal-Logo-Icon.png","width":2880,"height":2880,"caption":"Talkpal, Inc."},"image":{"@id":"https:\/\/talkpal.ai\/de\/#\/schema\/logo\/image\/"},"sameAs":["https:\/\/www.facebook.com\/profile.php?id=100090733639311","https:\/\/x.com\/talkpalai","https:\/\/www.linkedin.com\/company\/talkpal\/","https:\/\/www.youtube.com\/@TalkPal\/","https:\/\/www.tiktok.com\/@talkpal","https:\/\/www.instagram.com\/talkpal_ai\/","https:\/\/www.crunchbase.com\/organization\/talkpal-9cde","https:\/\/www.g2.com\/products\/talkpal-for-business\/","https:\/\/www.trustpilot.com\/review\/talkpal.ai","https:\/\/www.capterra.com\/p\/10006800\/TalkPal\/"],"description":"Talkpal is a language learning web and mobile education app, powered by the latest AI technologies, that provides engaging experiences to its customers in many different languages to help them improve their language skills. Users can chat about unlimited amount of topics with the app and use other modes to practice their language learning.","email":"support@talkpal.ai","legalName":"Talkpal, Inc.","foundingDate":"2023-04-03","duns":"118989042","numberOfEmployees":{"@type":"QuantitativeValue","minValue":"11","maxValue":"50"},"publishingPrinciples":"https:\/\/talkpal.ai\/publishing-principles\/","actionableFeedbackPolicy":"https:\/\/talkpal.ai\/actionable-feedback-policy\/","correctionsPolicy":"https:\/\/talkpal.ai\/corrections-policy\/","ethicsPolicy":"https:\/\/talkpal.ai\/ethics-policy\/","diversityPolicy":"https:\/\/talkpal.ai\/diversity-policy\/","diversityStaffingReport":"https:\/\/talkpal.ai\/diversity-policy\/"}]}},"_links":{"self":[{"href":"https:\/\/talkpal.ai\/de\/wp-json\/wp\/v2\/pages\/1464637","targetHints":{"allow":["GET"]}}],"collection":[{"href":"https:\/\/talkpal.ai\/de\/wp-json\/wp\/v2\/pages"}],"about":[{"href":"https:\/\/talkpal.ai\/de\/wp-json\/wp\/v2\/types\/page"}],"author":[{"embeddable":true,"href":"https:\/\/talkpal.ai\/de\/wp-json\/wp\/v2\/users\/20"}],"replies":[{"embeddable":true,"href":"https:\/\/talkpal.ai\/de\/wp-json\/wp\/v2\/comments?post=1464637"}],"version-history":[{"count":0,"href":"https:\/\/talkpal.ai\/de\/wp-json\/wp\/v2\/pages\/1464637\/revisions"}],"wp:attachment":[{"href":"https:\/\/talkpal.ai\/de\/wp-json\/wp\/v2\/media?parent=1464637"}],"curies":[{"name":"wp","href":"https:\/\/api.w.org\/{rel}","templated":true}]}}