{"id":1464620,"date":"2025-11-12T15:57:33","date_gmt":"2025-11-12T15:57:33","guid":{"rendered":"https:\/\/talkpal.ai\/mongolische-grammatikuebungen\/"},"modified":"2025-12-30T12:41:00","modified_gmt":"2025-12-30T12:41:00","slug":"mongolische-grammatikuebungen","status":"publish","type":"page","link":"https:\/\/talkpal.ai\/de\/mongolische-grammatikuebungen\/","title":{"rendered":"Mongolische Grammatik\u00fcbungen"},"content":{"rendered":"\r\n\r\n\r\n<section class=\"languageChallengeSection\">\r\n    <div class=\"languageInfoWrapper\">\r\n        \r\n        <h1>Mongolische Grammatik\u00fcbungen<\/h1>\r\n        <p>Sind Sie bereit, in die mongolische <a href=\"https:\/\/talkpal.ai\/fr\/les\/\">Grammatik<\/a> einzutauchen? Das \u00dcben einiger Grundlagen wird Ihnen helfen, sich mit dieser einzigartigen und sch\u00f6nen Sprache vertraut zu machen. Probieren Sie diese \u00dcbungen aus, um Ihr Selbstvertrauen zu st\u00e4rken und dabei auch noch Spa\u00df zu haben!<\/p>\r\n\r\n                            <a class=\"getStartedHidden\" href=\"https:\/\/app.talkpal.ai\/de\/signup?lng=\">Leg los<\/a>\r\n        \r\n    <\/div>\r\n\r\n    <figure>\r\n    <img decoding=\"async\" width=\"768\" height=\"768\" src=\"https:\/\/talkpal.ai\/wp-content\/uploads\/2023\/06\/welsh-768x768.png\" class=\"languageImage no-lazy\" alt=\"Default alt text\" fetchpriority=\"high\" sizes=\"(max-width: 768px) 150px, 768px\" srcset=\"https:\/\/talkpal.ai\/wp-content\/uploads\/2023\/06\/welsh-768x768.png 768w, https:\/\/talkpal.ai\/wp-content\/uploads\/2023\/06\/welsh-300x300.png 300w\" \/>\r\n    \r\n\r\n    <\/figure>\r\n\r\n            <a class=\"getStartedVisible\" href=\"https:\/\/app.talkpal.ai\/de\/signup?lng=\">Leg los<\/a>\r\n    \r\n<\/section><section class=\"promotionalBanner\">\r\n    <p class=\"promotionalText\">Der effizienteste Weg, eine Sprache zu lernen<\/p>\r\n    <a class=\"promotionalLink\" href=\"https:\/\/app.talkpal.ai\/de\/signup?lng=\">Talkpal kostenlos<\/a>\r\n<\/section>\n<div class=\"wp-block-group pageContainerStyle\"><div class=\"wp-block-group__inner-container is-layout-constrained wp-block-group-is-layout-constrained\">\n<h2 class=\"wp-block-heading\" id=\"h-mongolian-grammar-topics\">Themen der mongolischen Grammatik<\/h2>\n\n\n\n<p><a href=\"https:\/\/talkpal.ai\/de\/die-groessten-fehler-die-sie-beim-erlernen-einer-neuen-sprache-vermeiden-sollten\/\">Das Erlernen einer neuen Sprache<\/a> kann eine herausfordernde, aber lohnende Aufgabe sein. <a href=\"https:\/\/talkpal.ai\/learn-mongolian\/\">Mongolisch<\/a>, eine mongolische Sprache, die haupts\u00e4chlich in der Mongolei und in Teilen Nordchinas gesprochen wird, ist da keine Ausnahme. Mit seinen einzigartigen Merkmalen und Strukturen wie Vokalharmonie, agglutinierender Morphologie, reichhaltiger Kasusmarkierung und Postpositionen erfordert <a href=\"https:\/\/talkpal.ai\/de\/talkpal-fuer-bildung\/\">das Erlernen<\/a> des Mongolischen einen systematischen Ansatz zum Verst\u00e4ndnis der Grammatik. Dieser Leitfaden skizziert die Schl\u00fcsselbereiche der <a href=\"https:\/\/talkpal.ai\/de\/mongolische-grammatik\/\">mongolischen Grammatik<\/a> in einer logischen Abfolge f\u00fcr das <a href=\"https:\/\/talkpal.ai\/de\/talkpal-fuer-bildung\/\">Sprachenlernen<\/a>, beginnend mit den Grundlagen wie Substantiven und Artikeln, bis hin zu komplexeren Bereichen wie <a href=\"https:\/\/talkpal.ai\/zh-hans\/grammar_exercises\/zeitformen-%e5%be%b7%e5%9b%bd%e8%af%ad%e6%b3%95%e7%bb%83%e4%b9%a0\/\">Zeitformen<\/a> und Satzbau.<\/p>\n\n\n\n<h3 class=\"wp-block-heading\" id=\"h-1-nouns\">1. Substantive:<\/h3>\n\n\n\n<p>Beginnen Sie Ihre Reise durch die mongolische Sprache mit dem Erlernen der Substantive. Dazu geh\u00f6rt auch das Verst\u00e4ndnis der verschiedenen Kategorien von Substantiven, wie z.B. Gemein- und Eigennamen sowie deren Pluralformen. Sie werden auch auf Kasusendungen sto\u00dfen, die grammatikalische Rollen wie Subjekt, Objekt, Ort und Richtung markieren.<\/p>\n\n\n\n<h3 class=\"wp-block-heading\" id=\"h-2-articles\">2. Artikel:<\/h3>\n\n\n\n<p>Artikel in mongolischer Sprache werden nicht so verwendet wie im <a href=\"https:\/\/talkpal.ai\/de\/ki-englischsprachige-praxis\/\">Englischen<\/a>. Im Mongolischen gibt es keine bestimmten oder <a href=\"https:\/\/talkpal.ai\/de\/grammar_exercises\/ubungen-zum-unbestimmten-artikel-fur-die-vietnamesische-grammatik\/\">unbestimmten Artikel<\/a>. Stattdessen wird Bestimmtheit durch Kontext, Wortstellung, Demonstrative wie dieses und jenes und manchmal durch Kasusmarkierungen wie den Akkusativ f\u00fcr bestimmte direkte Objekte ausgedr\u00fcckt.<\/p>\n\n\n\n<h3 class=\"wp-block-heading\" id=\"h-3-adjectives\">3. Adjektive:<\/h3>\n\n\n\n<p>Adjektive im Mongolischen stehen in der Regel vor ihren Substantiven, was sich f\u00fcr einige Lernende vom Englischen unterscheidet. Sie stimmen weder in Bezug auf das Geschlecht noch in der Anzahl \u00fcberein. Sie m\u00fcssen auch lernen, Komparative und Superlative zu bilden, oft mit W\u00f6rtern wie mehr und am meisten oder mit vergleichenden Konstruktionen mit than.<\/p>\n\n\n\n<h3 class=\"wp-block-heading\" id=\"h-4-pronouns-determiners\">4. Pronomen\/Determinanten:<\/h3>\n\n\n\n<p>Pronomen und Determinanten sind im Mongolischen essentiell; Sie ersetzen Substantive und geben Auskunft \u00fcber Menge, Besitz und mehr. Besitz wird h\u00e4ufig mit Genitivformen und Possessivpronomen dargestellt, und Subjektpronomen k\u00f6nnen weggelassen werden, wenn sie aus dem Kontext heraus verstanden werden. Demonstrative wie dieses und das, Zahlen und Quantoren sind wichtige Determinanten, die es zu meistern gilt.<\/p>\n\n\n\n<h3 class=\"wp-block-heading\" id=\"h-5-verbs\">5. Verben:<\/h3>\n\n\n\n<p>Mongolische Verben haben je nach Zeit, Aspekt und Stimmung unterschiedliche Formen, die oft mit Suffixen und Hilfsw\u00f6rtern gebildet werden. Die Zustimmung der Person ist begrenzt, und Themen werden h\u00e4ufig weggelassen, wenn sie klar sind. Beginnen Sie mit den grundlegenden Formen der Nichtvergangenheit und der Vergangenheit und erforschen Sie dann gewohnheitsm\u00e4\u00dfige, zukunftsabsichtliche und modale Verwendungen.<\/p>\n\n\n\n<h3 class=\"wp-block-heading\" id=\"h-6-tenses\">6. Zeitformen:<\/h3>\n\n\n\n<p>Nachdem du die Verbst\u00e4mme und Grundformen gemeistert hast, tauchst du tiefer in die mongolische Zeitform und den mongolischen Aspekt ein. Dazu geh\u00f6rt das Verst\u00e4ndnis der Unterschiede zwischen der gewohnheitsm\u00e4\u00dfigen Gegenwart, der progressiven Gegenwart, der einfachen Vergangenheit, der Vergangenheit, dem Perfektiv und der nicht-vergangenen oder zuk\u00fcnftigen Lesart und wie sie in verschiedenen Kontexten verwendet werden.<\/p>\n\n\n\n<h3 class=\"wp-block-heading\" id=\"h-7-tense-comparison\">7. Spannender Vergleich:<\/h3>\n\n\n\n<p>Der Vergleich der Zeitformen im Mongolischen hilft dabei, die Abfolge und Nuancen von Handlungen zu verstehen. Der Vergleich desselben Verbs in gewohnheitsm\u00e4\u00dfigen, progressiven, vergangenen und nicht-vergangenen Formen wird ein besseres Verst\u00e4ndnis der Bedeutungsunterschiede und des Gebrauchs erm\u00f6glichen.<\/p>\n\n\n\n<h3 class=\"wp-block-heading\" id=\"h-8-progressive\">8. Progressiv:<\/h3>\n\n\n\n<p>Das Progressive wird im Mongolischen verwendet, um laufende Handlungen auszudr\u00fccken. Es wird gebildet, indem der Verbstamm mit dem Konverbsuffix und dem Hilfswort <a href=\"https:\/\/talkpal.ai\/culture\/how-do-you-conjugate-the-verb-to-be-in-the-past-tense-in-somali\/\">to be<\/a> verwendet wird, das \u00fcblicherweise mit einer Form ausgedr\u00fcckt wird, die dem Tun entspricht.<\/p>\n\n\n\n<h3 class=\"wp-block-heading\" id=\"h-9-perfect-progressive\">9. Perfekt progressiv:<\/h3>\n\n\n\n<p>Diese Bedeutung wird verwendet, um Handlungen auszudr\u00fccken, die bis zu einem bestimmten Punkt andauern. Im Mongolischen wird es mit einem Konverb plus Hilfsw\u00f6rtern wie to have come oder to have been ausgedr\u00fcckt, die eine Fortsetzung bis heute oder bis zu einem vergangenen Bezugspunkt vermitteln.<\/p>\n\n\n\n<h3 class=\"wp-block-heading\" id=\"h-10-conditionals\">10. Bedingungen:<\/h3>\n\n\n\n<p>Konditionale dr\u00fccken hypothetische Situationen und ihre m\u00f6glichen Ergebnisse aus. Sie sind ein wichtiger Bestandteil der mongolischen Grammatik und werden typischerweise mit bedingten Suffixen gebildet, die dem if entsprechen, zusammen mit Konstruktionen, die reale, potentielle oder kontrafaktische Situationen ausdr\u00fccken.<\/p>\n\n\n\n<h3 class=\"wp-block-heading\" id=\"h-11-adverbs\">11. Adverbien:<\/h3>\n\n\n\n<p><a href=\"https:\/\/talkpal.ai\/ar\/grammar_exercises\/adverbien-%d8%aa%d9%85%d8%a7%d8%b1%d9%8a%d9%86-%d9%84%d9%84%d9%82%d9%88%d8%a7%d8%b9%d8%af-%d8%a7%d9%84%d8%a3%d9%84%d9%85%d8%a7%d9%86%d9%8a%d8%a9\/\">Adverbien<\/a> im Mongolischen modifizieren Verben, Adjektive oder andere Adverbien. Sie geben Auskunft \u00fcber Art, Ort, Zeit, Grad und mehr. Viele Adverbien leiten sich von Adjektiven mit adverbialen Suffixen ab, und <a href=\"https:\/\/talkpal.ai\/culture\/what-is-the-difference-between-es-gibt-and-da-ist\/\">es gibt<\/a> viele gebr\u00e4uchliche Adverbien f\u00fcr Zeit und H\u00e4ufigkeit.<\/p>\n\n\n\n<h3 class=\"wp-block-heading\" id=\"h-12-prepositions\">12. Pr\u00e4positionen:<\/h3>\n\n\n\n<p>Pr\u00e4positionen werden im Mongolischen vor allem als Postpositionen und Kasusendungen realisiert. Sie verkn\u00fcpfen W\u00f6rter und S\u00e4tze miteinander und dr\u00fccken Beziehungen von Zeit, Ort, Richtung, Zweck, Ursache und mehr aus. Das Erlernen g\u00e4ngiger Postpositionen und der Funktionen des Kasussystems ist unerl\u00e4sslich.<\/p>\n\n\n\n<h3 class=\"wp-block-heading\" id=\"h-13-sentences\">13. S\u00e4tze:<\/h3>\n\n\n\n<p>Zum Schluss \u00fcbst du, S\u00e4tze zu bilden. Das Mongolische folgt in der Regel der Wortstellung eines Subjekt-Objekt-Verbs, verwendet die Themenhervorhebung mit Partikeln und bildet Fragen mit Fragepartikeln und Intonation. Dabei werden alle zuvor gelernten Grammatikpunkte im Kontext verwendet, um ein umfassendes Verst\u00e4ndnis der mongolischen Sprache zu gew\u00e4hrleisten.<\/p>\n<\/div><\/div>\n\r\n<section class=\"learnNavigationSection\">\r\n            \r\n        <a href=\"https:\/\/talkpal.ai\/de\/mongolisch-lernen\/\">\r\n            <div class=\"learnNavigationWrapper\">\r\n                <div class=\"learnNavigationContent\">\r\n                    <img decoding=\"async\" src=\"https:\/\/talkpal.ai\/wp-content\/uploads\/2025\/11\/Mongolian.png\" alt=\"Mongolian Flag\">\r\n                    <div>\r\n                        <h4>\u00dcber Mongolisch lernen<\/h4>\r\n                        <p>Erfahren Sie alles \u00fcber die mongolische Grammatik.<\/p>\r\n                    <\/div>\r\n                <\/div>\r\n            <\/div>\r\n        <\/a>\r\n\r\n        \r\n        <a href=\"https:\/\/talkpal.ai\/de\/mongolische-grammatik\/\">\r\n            <div class=\"learnNavigationWrapper\">\r\n                <div class=\"learnNavigationContent\">\r\n                    <img decoding=\"async\" src=\"https:\/\/talkpal.ai\/wp-content\/uploads\/2025\/11\/Mongolian.png\" alt=\"Mongolian Flag\">\r\n                    <div>\r\n                        <h4>Mongolische Grammatik Lektionen<\/h4>\r\n                        <p>\u00dcben Sie die mongolische Grammatik.<\/p>\r\n                    <\/div>\r\n                <\/div>\r\n            <\/div>\r\n        <\/a>\r\n\r\n            <\/section>","protected":false},"excerpt":{"rendered":"<p>Themen der mongolischen Grammatik Das Erlernen einer neuen Sprache kann eine herausfordernde, aber lohnende Aufgabe sein. Mongolisch, eine mongolische Sprache, die haupts\u00e4chlich in der Mongolei und in Teilen Nordchinas gesprochen wird, ist da keine Ausnahme. Mit seinen einzigartigen Merkmalen und Strukturen wie Vokalharmonie, agglutinierender Morphologie, reichhaltiger Kasusmarkierung und Postpositionen erfordert das Erlernen des Mongolischen einen [&hellip;]<\/p>\n","protected":false},"author":20,"featured_media":0,"parent":0,"menu_order":0,"comment_status":"closed","ping_status":"closed","template":"LearningContentPage.php","meta":{"_acf_changed":false,"footnotes":""},"class_list":["post-1464620","page","type-page","status-publish","hentry"],"acf":[],"yoast_head":"<!-- This site is optimized with the Yoast SEO Premium plugin v27.2 (Yoast SEO v27.2) - https:\/\/yoast.com\/product\/yoast-seo-premium-wordpress\/ -->\n<title>Mongolische Grammatik\u00fcbungen - Talkpal<\/title>\n<meta name=\"description\" content=\"Beherrschen Sie die mongolische Grammatik mit interaktiven \u00dcbungen und KI-gesteuerten Lektionen, die Ihre Sprachfertigkeit und Ihr Sprachverst\u00e4ndnis verbessern.\" \/>\n<meta name=\"robots\" content=\"index, follow, max-snippet:-1, max-image-preview:large, max-video-preview:-1\" \/>\n<link rel=\"canonical\" href=\"https:\/\/talkpal.ai\/de\/mongolische-grammatikuebungen\/\" \/>\n<meta property=\"og:locale\" content=\"de_DE\" \/>\n<meta property=\"og:type\" content=\"article\" \/>\n<meta property=\"og:title\" content=\"Mongolische Grammatik\u00fcbungen\" \/>\n<meta property=\"og:description\" content=\"Themen der mongolischen Grammatik Das Erlernen einer neuen Sprache kann eine herausfordernde, aber lohnende Aufgabe sein. Mongolisch, eine mongolische\" \/>\n<meta property=\"og:url\" content=\"https:\/\/talkpal.ai\/de\/mongolische-grammatikuebungen\/\" \/>\n<meta property=\"og:site_name\" content=\"Talkpal\" \/>\n<meta property=\"article:publisher\" content=\"https:\/\/www.facebook.com\/profile.php?id=100090733639311\" \/>\n<meta property=\"article:modified_time\" content=\"2025-12-30T12:41:00+00:00\" \/>\n<meta property=\"og:image\" content=\"https:\/\/talkpal.ai\/wp-content\/uploads\/2025\/02\/Progress-tab-16_9.png\" \/>\n\t<meta property=\"og:image:width\" content=\"2880\" \/>\n\t<meta property=\"og:image:height\" content=\"1620\" \/>\n\t<meta property=\"og:image:type\" content=\"image\/png\" \/>\n<meta name=\"twitter:card\" content=\"summary_large_image\" \/>\n<meta name=\"twitter:site\" content=\"@talkpalai\" \/>\n<meta name=\"twitter:label1\" content=\"Gesch\u00e4tzte Lesezeit\" \/>\n\t<meta name=\"twitter:data1\" content=\"4\u00a0Minuten\" \/>\n<script type=\"application\/ld+json\" class=\"yoast-schema-graph\">{\"@context\":\"https:\/\/schema.org\",\"@graph\":[{\"@type\":\"WebPage\",\"@id\":\"https:\/\/talkpal.ai\/de\/mongolische-grammatikuebungen\/\",\"url\":\"https:\/\/talkpal.ai\/de\/mongolische-grammatikuebungen\/\",\"name\":\"Mongolische Grammatik\u00fcbungen - Talkpal\",\"isPartOf\":{\"@id\":\"https:\/\/talkpal.ai\/de\/#website\"},\"datePublished\":\"2025-11-12T15:57:33+00:00\",\"dateModified\":\"2025-12-30T12:41:00+00:00\",\"description\":\"Beherrschen Sie die mongolische Grammatik mit interaktiven \u00dcbungen und KI-gesteuerten Lektionen, die Ihre Sprachfertigkeit und Ihr Sprachverst\u00e4ndnis verbessern.\",\"breadcrumb\":{\"@id\":\"https:\/\/talkpal.ai\/de\/mongolische-grammatikuebungen\/#breadcrumb\"},\"inLanguage\":\"de\",\"potentialAction\":[{\"@type\":\"ReadAction\",\"target\":[\"https:\/\/talkpal.ai\/de\/mongolische-grammatikuebungen\/\"]}]},{\"@type\":\"BreadcrumbList\",\"@id\":\"https:\/\/talkpal.ai\/de\/mongolische-grammatikuebungen\/#breadcrumb\",\"itemListElement\":[{\"@type\":\"ListItem\",\"position\":1,\"name\":\"Homepage\",\"item\":\"https:\/\/talkpal.ai\/de\/\"},{\"@type\":\"ListItem\",\"position\":2,\"name\":\"Mongolische Grammatik\u00fcbungen\"}]},{\"@type\":\"WebSite\",\"@id\":\"https:\/\/talkpal.ai\/de\/#website\",\"url\":\"https:\/\/talkpal.ai\/de\/\",\"name\":\"Talkpal\",\"description\":\"AI Language Learning\",\"publisher\":{\"@id\":\"https:\/\/talkpal.ai\/de\/#organization\"},\"alternateName\":\"Talkpal AI\",\"potentialAction\":[{\"@type\":\"SearchAction\",\"target\":{\"@type\":\"EntryPoint\",\"urlTemplate\":\"https:\/\/talkpal.ai\/de\/?s={search_term_string}\"},\"query-input\":{\"@type\":\"PropertyValueSpecification\",\"valueRequired\":true,\"valueName\":\"search_term_string\"}}],\"inLanguage\":\"de\"},{\"@type\":\"Organization\",\"@id\":\"https:\/\/talkpal.ai\/de\/#organization\",\"name\":\"Talkpal, Inc.\",\"alternateName\":\"Talkpal AI\",\"url\":\"https:\/\/talkpal.ai\/de\/\",\"logo\":{\"@type\":\"ImageObject\",\"inLanguage\":\"de\",\"@id\":\"https:\/\/talkpal.ai\/de\/#\/schema\/logo\/image\/\",\"url\":\"https:\/\/talkpal.ai\/wp-content\/uploads\/2024\/03\/Talkpal-Logo-Icon.png\",\"contentUrl\":\"https:\/\/talkpal.ai\/wp-content\/uploads\/2024\/03\/Talkpal-Logo-Icon.png\",\"width\":2880,\"height\":2880,\"caption\":\"Talkpal, Inc.\"},\"image\":{\"@id\":\"https:\/\/talkpal.ai\/de\/#\/schema\/logo\/image\/\"},\"sameAs\":[\"https:\/\/www.facebook.com\/profile.php?id=100090733639311\",\"https:\/\/x.com\/talkpalai\",\"https:\/\/www.linkedin.com\/company\/talkpal\/\",\"https:\/\/www.youtube.com\/@TalkPal\/\",\"https:\/\/www.tiktok.com\/@talkpal\",\"https:\/\/www.instagram.com\/talkpal_ai\/\",\"https:\/\/www.crunchbase.com\/organization\/talkpal-9cde\",\"https:\/\/www.g2.com\/products\/talkpal-for-business\/\",\"https:\/\/www.trustpilot.com\/review\/talkpal.ai\",\"https:\/\/www.capterra.com\/p\/10006800\/TalkPal\/\"],\"description\":\"Talkpal is a language learning web and mobile education app, powered by the latest AI technologies, that provides engaging experiences to its customers in many different languages to help them improve their language skills. Users can chat about unlimited amount of topics with the app and use other modes to practice their language learning.\",\"email\":\"support@talkpal.ai\",\"legalName\":\"Talkpal, Inc.\",\"foundingDate\":\"2023-04-03\",\"duns\":\"118989042\",\"numberOfEmployees\":{\"@type\":\"QuantitativeValue\",\"minValue\":\"11\",\"maxValue\":\"50\"},\"publishingPrinciples\":\"https:\/\/talkpal.ai\/publishing-principles\/\",\"actionableFeedbackPolicy\":\"https:\/\/talkpal.ai\/actionable-feedback-policy\/\",\"correctionsPolicy\":\"https:\/\/talkpal.ai\/corrections-policy\/\",\"ethicsPolicy\":\"https:\/\/talkpal.ai\/ethics-policy\/\",\"diversityPolicy\":\"https:\/\/talkpal.ai\/diversity-policy\/\",\"diversityStaffingReport\":\"https:\/\/talkpal.ai\/diversity-policy\/\"}]}<\/script>\n<!-- \/ Yoast SEO Premium plugin. -->","yoast_head_json":{"title":"Mongolische Grammatik\u00fcbungen - Talkpal","description":"Beherrschen Sie die mongolische Grammatik mit interaktiven \u00dcbungen und KI-gesteuerten Lektionen, die Ihre Sprachfertigkeit und Ihr Sprachverst\u00e4ndnis verbessern.","robots":{"index":"index","follow":"follow","max-snippet":"max-snippet:-1","max-image-preview":"max-image-preview:large","max-video-preview":"max-video-preview:-1"},"canonical":"https:\/\/talkpal.ai\/de\/mongolische-grammatikuebungen\/","og_locale":"de_DE","og_type":"article","og_title":"Mongolische Grammatik\u00fcbungen","og_description":"Themen der mongolischen Grammatik Das Erlernen einer neuen Sprache kann eine herausfordernde, aber lohnende Aufgabe sein. Mongolisch, eine mongolische","og_url":"https:\/\/talkpal.ai\/de\/mongolische-grammatikuebungen\/","og_site_name":"Talkpal","article_publisher":"https:\/\/www.facebook.com\/profile.php?id=100090733639311","article_modified_time":"2025-12-30T12:41:00+00:00","og_image":[{"width":2880,"height":1620,"url":"https:\/\/talkpal.ai\/wp-content\/uploads\/2025\/02\/Progress-tab-16_9.png","type":"image\/png"}],"twitter_card":"summary_large_image","twitter_site":"@talkpalai","twitter_misc":{"Gesch\u00e4tzte Lesezeit":"4\u00a0Minuten"},"schema":{"@context":"https:\/\/schema.org","@graph":[{"@type":"WebPage","@id":"https:\/\/talkpal.ai\/de\/mongolische-grammatikuebungen\/","url":"https:\/\/talkpal.ai\/de\/mongolische-grammatikuebungen\/","name":"Mongolische Grammatik\u00fcbungen - Talkpal","isPartOf":{"@id":"https:\/\/talkpal.ai\/de\/#website"},"datePublished":"2025-11-12T15:57:33+00:00","dateModified":"2025-12-30T12:41:00+00:00","description":"Beherrschen Sie die mongolische Grammatik mit interaktiven \u00dcbungen und KI-gesteuerten Lektionen, die Ihre Sprachfertigkeit und Ihr Sprachverst\u00e4ndnis verbessern.","breadcrumb":{"@id":"https:\/\/talkpal.ai\/de\/mongolische-grammatikuebungen\/#breadcrumb"},"inLanguage":"de","potentialAction":[{"@type":"ReadAction","target":["https:\/\/talkpal.ai\/de\/mongolische-grammatikuebungen\/"]}]},{"@type":"BreadcrumbList","@id":"https:\/\/talkpal.ai\/de\/mongolische-grammatikuebungen\/#breadcrumb","itemListElement":[{"@type":"ListItem","position":1,"name":"Homepage","item":"https:\/\/talkpal.ai\/de\/"},{"@type":"ListItem","position":2,"name":"Mongolische Grammatik\u00fcbungen"}]},{"@type":"WebSite","@id":"https:\/\/talkpal.ai\/de\/#website","url":"https:\/\/talkpal.ai\/de\/","name":"Talkpal","description":"AI Language Learning","publisher":{"@id":"https:\/\/talkpal.ai\/de\/#organization"},"alternateName":"Talkpal AI","potentialAction":[{"@type":"SearchAction","target":{"@type":"EntryPoint","urlTemplate":"https:\/\/talkpal.ai\/de\/?s={search_term_string}"},"query-input":{"@type":"PropertyValueSpecification","valueRequired":true,"valueName":"search_term_string"}}],"inLanguage":"de"},{"@type":"Organization","@id":"https:\/\/talkpal.ai\/de\/#organization","name":"Talkpal, Inc.","alternateName":"Talkpal AI","url":"https:\/\/talkpal.ai\/de\/","logo":{"@type":"ImageObject","inLanguage":"de","@id":"https:\/\/talkpal.ai\/de\/#\/schema\/logo\/image\/","url":"https:\/\/talkpal.ai\/wp-content\/uploads\/2024\/03\/Talkpal-Logo-Icon.png","contentUrl":"https:\/\/talkpal.ai\/wp-content\/uploads\/2024\/03\/Talkpal-Logo-Icon.png","width":2880,"height":2880,"caption":"Talkpal, Inc."},"image":{"@id":"https:\/\/talkpal.ai\/de\/#\/schema\/logo\/image\/"},"sameAs":["https:\/\/www.facebook.com\/profile.php?id=100090733639311","https:\/\/x.com\/talkpalai","https:\/\/www.linkedin.com\/company\/talkpal\/","https:\/\/www.youtube.com\/@TalkPal\/","https:\/\/www.tiktok.com\/@talkpal","https:\/\/www.instagram.com\/talkpal_ai\/","https:\/\/www.crunchbase.com\/organization\/talkpal-9cde","https:\/\/www.g2.com\/products\/talkpal-for-business\/","https:\/\/www.trustpilot.com\/review\/talkpal.ai","https:\/\/www.capterra.com\/p\/10006800\/TalkPal\/"],"description":"Talkpal is a language learning web and mobile education app, powered by the latest AI technologies, that provides engaging experiences to its customers in many different languages to help them improve their language skills. Users can chat about unlimited amount of topics with the app and use other modes to practice their language learning.","email":"support@talkpal.ai","legalName":"Talkpal, Inc.","foundingDate":"2023-04-03","duns":"118989042","numberOfEmployees":{"@type":"QuantitativeValue","minValue":"11","maxValue":"50"},"publishingPrinciples":"https:\/\/talkpal.ai\/publishing-principles\/","actionableFeedbackPolicy":"https:\/\/talkpal.ai\/actionable-feedback-policy\/","correctionsPolicy":"https:\/\/talkpal.ai\/corrections-policy\/","ethicsPolicy":"https:\/\/talkpal.ai\/ethics-policy\/","diversityPolicy":"https:\/\/talkpal.ai\/diversity-policy\/","diversityStaffingReport":"https:\/\/talkpal.ai\/diversity-policy\/"}]}},"_links":{"self":[{"href":"https:\/\/talkpal.ai\/de\/wp-json\/wp\/v2\/pages\/1464620","targetHints":{"allow":["GET"]}}],"collection":[{"href":"https:\/\/talkpal.ai\/de\/wp-json\/wp\/v2\/pages"}],"about":[{"href":"https:\/\/talkpal.ai\/de\/wp-json\/wp\/v2\/types\/page"}],"author":[{"embeddable":true,"href":"https:\/\/talkpal.ai\/de\/wp-json\/wp\/v2\/users\/20"}],"replies":[{"embeddable":true,"href":"https:\/\/talkpal.ai\/de\/wp-json\/wp\/v2\/comments?post=1464620"}],"version-history":[{"count":0,"href":"https:\/\/talkpal.ai\/de\/wp-json\/wp\/v2\/pages\/1464620\/revisions"}],"wp:attachment":[{"href":"https:\/\/talkpal.ai\/de\/wp-json\/wp\/v2\/media?parent=1464620"}],"curies":[{"name":"wp","href":"https:\/\/api.w.org\/{rel}","templated":true}]}}