{"id":1464479,"date":"2025-11-12T16:46:50","date_gmt":"2025-11-12T16:46:50","guid":{"rendered":"https:\/\/talkpal.ai\/singhalesische-grammatikuebungen\/"},"modified":"2025-12-30T11:07:52","modified_gmt":"2025-12-30T11:07:52","slug":"singhalesische-grammatikuebungen","status":"publish","type":"page","link":"https:\/\/talkpal.ai\/de\/singhalesische-grammatikuebungen\/","title":{"rendered":"Singhalesische Grammatik\u00fcbungen"},"content":{"rendered":"\r\n\r\n\r\n<section class=\"languageChallengeSection\">\r\n    <div class=\"languageInfoWrapper\">\r\n        \r\n        <h1>Singhalesische Grammatik\u00fcbungen<\/h1>\r\n        <p>Sind Sie bereit, in die <a href=\"https:\/\/talkpal.ai\/sinhala-grammar\/\">singhalesische Grammatik<\/a> einzutauchen? Das \u00dcben einiger Grundlagen wird Ihnen helfen, sich mit dieser einzigartigen und sch\u00f6nen Sprache vertraut zu machen. Probieren Sie diese \u00dcbungen aus, um Ihr Selbstvertrauen zu st\u00e4rken und dabei auch noch Spa\u00df zu haben!<\/p>\r\n\r\n                            <a class=\"getStartedHidden\" href=\"https:\/\/app.talkpal.ai\/de\/signup?lng=\">Leg los<\/a>\r\n        \r\n    <\/div>\r\n\r\n    <figure>\r\n    <img decoding=\"async\" width=\"768\" height=\"768\" src=\"https:\/\/talkpal.ai\/wp-content\/uploads\/2023\/06\/welsh-768x768.png\" class=\"languageImage no-lazy\" alt=\"Default alt text\" fetchpriority=\"high\" sizes=\"(max-width: 768px) 150px, 768px\" srcset=\"https:\/\/talkpal.ai\/wp-content\/uploads\/2023\/06\/welsh-768x768.png 768w, https:\/\/talkpal.ai\/wp-content\/uploads\/2023\/06\/welsh-300x300.png 300w\" \/>\r\n    \r\n\r\n    <\/figure>\r\n\r\n            <a class=\"getStartedVisible\" href=\"https:\/\/app.talkpal.ai\/de\/signup?lng=\">Leg los<\/a>\r\n    \r\n<\/section><section class=\"promotionalBanner\">\r\n    <p class=\"promotionalText\">Der effizienteste Weg, eine Sprache zu lernen<\/p>\r\n    <a class=\"promotionalLink\" href=\"https:\/\/app.talkpal.ai\/de\/signup?lng=\">Talkpal kostenlos<\/a>\r\n<\/section>\n<div class=\"wp-block-group pageContainerStyle\"><div class=\"wp-block-group__inner-container is-layout-constrained wp-block-group-is-layout-constrained\">\n<h2 class=\"wp-block-heading\" id=\"h-sinhala-grammar-topics\">Singhalesische Grammatik Themen<\/h2>\n\n\n\n<p><a href=\"https:\/\/talkpal.ai\/de\/die-groessten-fehler-die-sie-beim-erlernen-einer-neuen-sprache-vermeiden-sollten\/\">Das Erlernen einer neuen Sprache<\/a> kann eine herausfordernde, aber lohnende Aufgabe sein. <a href=\"https:\/\/talkpal.ai\/learn-sinhala\/\">Singhalesisch<\/a>, eine indoarische Sprache, die haupts\u00e4chlich in Sri Lanka gesprochen wird, ist da keine Ausnahme. Mit seinen einzigartigen Merkmalen und Strukturen erfordert das <a href=\"https:\/\/talkpal.ai\/de\/talkpal-fuer-bildung\/\">Erlernen<\/a> des Singhalesischen einen systematischen Ansatz, um seine <a href=\"https:\/\/talkpal.ai\/fr\/les\/\">Grammatik<\/a> zu verstehen. Dieser Leitfaden skizziert die Schl\u00fcsselbereiche der <a href=\"https:\/\/talkpal.ai\/de\/singhalesische-grammatik\/\">singhalesischen Grammatik<\/a> in einer logischen Abfolge f\u00fcr das <a href=\"https:\/\/talkpal.ai\/de\/talkpal-fuer-bildung\/\">Sprachenlernen<\/a>, beginnend mit den Grundlagen wie Substantiven und Artikeln, bis hin zu komplexeren Bereichen wie <a href=\"https:\/\/talkpal.ai\/zh-hans\/grammar_exercises\/zeitformen-%e5%be%b7%e5%9b%bd%e8%af%ad%e6%b3%95%e7%bb%83%e4%b9%a0\/\">Zeitformen<\/a> und Satzbau.<\/p>\n\n\n\n<h3 class=\"wp-block-heading\" id=\"h-1-nouns\">1. Substantive:<\/h3>\n\n\n\n<p>Beginne deine Reise in die singhalesische Sprache, indem du die Substantive lernst. Dazu geh\u00f6rt das Verst\u00e4ndnis der verschiedenen Kategorien von Substantiven, wie z.B. gebr\u00e4uchliche und Eigennamen sowie deren Pluralformen und wie Zahl und Bestimmtheit im Kontext ausgedr\u00fcckt werden.<\/p>\n\n\n\n<h3 class=\"wp-block-heading\" id=\"h-2-articles\">2. Artikel:<\/h3>\n\n\n\n<p>Singhalesisch verwendet bestimmte oder <a href=\"https:\/\/talkpal.ai\/de\/grammar\/unbestimmte-artikel-in-der-malaiischen-grammatik\/\">unbestimmte Artikel<\/a> nicht auf die gleiche Weise wie <a href=\"https:\/\/talkpal.ai\/de\/ki-englischsprachige-praxis\/\">im Englischen<\/a>. Die Unbestimmtheit bei Z\u00e4hlsubstantiven wird oft durch ein Suffix wie -ek oder -ak angezeigt, w\u00e4hrend die Bestimmtheit in der Regel durch den Kontext und <a href=\"https:\/\/talkpal.ai\/ja\/grammar\/%e7%b2%92%e5%ad%90%e3%81%b8\/\">Partikel<\/a> wie die spezifische Objektmarkierung -wa angezeigt wird.<\/p>\n\n\n\n<h3 class=\"wp-block-heading\" id=\"h-3-adjectives\">3. Adjektive:<\/h3>\n\n\n\n<p>Adjektive im Singhalesischen stehen normalerweise vor den Substantiven, die sie modifizieren. Sie \u00e4ndern sich in der Regel nicht in Bezug auf Anzahl oder Geschlecht. Lernen Sie, wie man Komparative bildet, wobei wada mehr bedeutet und wie man den Superlativ ausdr\u00fcckt, oft mit <a href=\"https:\/\/talkpal.ai\/locations\/language-courses-in-tama\/\">Tama<\/a> und Betonungsmarkierungen.<\/p>\n\n\n\n<h3 class=\"wp-block-heading\" id=\"h-4-pronouns-determiners\">4. Pronomen\/Determinanten:<\/h3>\n\n\n\n<p>Pronomen und Determinanten sind im Singhalesischen essentiell; Sie spiegeln die Person, die Anzahl und den Grad der H\u00f6flichkeit oder H\u00f6flichkeit wider. Possession wird \u00fcblicherweise mit dem Genitivmarker -ge dargestellt. Demonstrative wie dieses und das und Quantoren helfen bei der Spezifizierung von Referenz und Menge.<\/p>\n\n\n\n<h3 class=\"wp-block-heading\" id=\"h-5-verbs\">5. Verben:<\/h3>\n\n\n\n<p>Singhalesische Verben \u00e4ndern ihre Form je nach Zeitform, Polarit\u00e4t und manchmal H\u00f6flichkeit und nicht nach Person oder Zahl. Beginnen Sie mit den Gegenwartsformen, die in der Alltagssprache verwendet werden, und erforschen Sie dann Vergangenheit und Zukunft sowie Imperative und Verneinungen.<\/p>\n\n\n\n<h3 class=\"wp-block-heading\" id=\"h-6-tenses\">6. Zeitformen:<\/h3>\n\n\n\n<p>Nachdem du die Verbformen gemeistert hast, tauchst du tiefer in die singhalesischen Zeitformen ein. Konzentrieren Sie sich auf Gegenwart, Vergangenheit und Zukunft und lernen Sie, wie perfekte Bedeutungen mit Hilfsmitteln wie tiyenawa have und inna be im umgangssprachlichen Gebrauch aufgebaut werden.<\/p>\n\n\n\n<h3 class=\"wp-block-heading\" id=\"h-7-tense-comparison\">7. Spannender Vergleich:<\/h3>\n\n\n\n<p>Der Vergleich der Zeitformen auf Singhalesisch hilft dabei, die Abfolge und den Aspekt von Ereignissen zu verstehen. Die Verwendung desselben Verbs in Gegenwart, Vergangenheit, Zukunft und perfektartigen Konstruktionen verdeutlicht, wie Singhalesisch Zeit und Vollendung ausdr\u00fcckt.<\/p>\n\n\n\n<h3 class=\"wp-block-heading\" id=\"h-8-progressive\">8. Progressiv:<\/h3>\n\n\n\n<p>Das Progressive dr\u00fcckt auf Singhalesisch fortlaufende Handlungen aus. Es wird h\u00e4ufig mit dem Partizip -min plus dem Verb inna <a href=\"https:\/\/talkpal.ai\/culture\/how-do-you-conjugate-the-verb-to-be-in-the-past-tense-in-somali\/\">to be<\/a> gebildet, und in der Alltagssprache vermittelt die Pr\u00e4sensform mit -nawa oft auch eine fortlaufende Bedeutung.<\/p>\n\n\n\n<h3 class=\"wp-block-heading\" id=\"h-9-perfect-progressive\">9. Perfekt progressiv:<\/h3>\n\n\n\n<p>Dies wird verwendet, um Aktionen auszudr\u00fccken, die bis zu einem bestimmten Punkt ausgef\u00fchrt wurden. Das Singhalesische vermittelt dies oft mit Kombinationen wie dem Partizip Perfekt + inna f\u00fcr ein fortlaufendes Ergebnis oder dem Partizip Perfekt + tiyenawa, um je nach Kontext einen bis heute andauernden Zustand anzuzeigen.<\/p>\n\n\n\n<h3 class=\"wp-block-heading\" id=\"h-10-conditionals\">10. Bedingungen:<\/h3>\n\n\n\n<p>Konditionale dr\u00fccken hypothetische Situationen und ihre m\u00f6glichen Ergebnisse aus. Singhalesisch verwendet Partikel wie nam oder nang und bedingte Verbmuster, um reale, hypothetische und kontrafaktische Bedingungen zu markieren.<\/p>\n\n\n\n<h3 class=\"wp-block-heading\" id=\"h-11-adverbs\">11. Adverbien:<\/h3>\n\n\n\n<p>Adverbien im Singhalesischen modifizieren Verben, Adjektive oder andere Adverbien. Viele werden mit dem instrumentalen Marker -in gebildet, um die Art und Weise anzuzeigen, und es gibt spezielle W\u00f6rter f\u00fcr Zeit, Ort, Grad und Frequenz.<\/p>\n\n\n\n<h3 class=\"wp-block-heading\" id=\"h-12-prepositions\">12. Pr\u00e4positionen:<\/h3>\n\n\n\n<p>Im Singhalesischen werden haupts\u00e4chlich Postpositionen und Kasuspartikel anstelle von Pr\u00e4positionen verwendet. Beziehungen von Zeit, Ort, Richtung und anderen Verkn\u00fcpfungen werden mit Markern wie -\u1e6da Dativ, -ge Genitiv, -in Instrumental- und Lokativformen ausgedr\u00fcckt.<\/p>\n\n\n\n<h3 class=\"wp-block-heading\" id=\"h-13-sentences\">13. S\u00e4tze:<\/h3>\n\n\n\n<p>Zum Schluss \u00fcbst du, S\u00e4tze zu bilden. Singhalesisch folgt in der Regel der Wortstellung eines Subjektobjekt-Verbs und verl\u00e4sst sich bei Fragen und Betonung auf Partikel. Dabei werden alle zuvor gelernten Grammatikpunkte im Kontext verwendet, um ein umfassendes Verst\u00e4ndnis der singhalesischen Sprache zu gew\u00e4hrleisten.<\/p>\n<\/div><\/div>\n\r\n<section class=\"learnNavigationSection\">\r\n            \r\n        <a href=\"https:\/\/talkpal.ai\/de\/singhalesisch-lernen\/\">\r\n            <div class=\"learnNavigationWrapper\">\r\n                <div class=\"learnNavigationContent\">\r\n                    <img decoding=\"async\" src=\"https:\/\/talkpal.ai\/wp-content\/uploads\/2025\/11\/Sinhala.png\" alt=\"Sri Lankan Flag\">\r\n                    <div>\r\n                        <h4>\u00dcber Singhalesisch lernen<\/h4>\r\n                        <p>Erfahren Sie alles \u00fcber die singhalesische Grammatik.<\/p>\r\n                    <\/div>\r\n                <\/div>\r\n            <\/div>\r\n        <\/a>\r\n\r\n        \r\n        <a href=\"https:\/\/talkpal.ai\/de\/singhalesische-grammatik\/\">\r\n            <div class=\"learnNavigationWrapper\">\r\n                <div class=\"learnNavigationContent\">\r\n                    <img decoding=\"async\" src=\"https:\/\/talkpal.ai\/wp-content\/uploads\/2025\/11\/Sinhala.png\" alt=\"Sri Lankan Flag\">\r\n                    <div>\r\n                        <h4>Lektionen in singhalesischer Grammatik<\/h4>\r\n                        <p>\u00dcben Sie die singhalesische Grammatik.<\/p>\r\n                    <\/div>\r\n                <\/div>\r\n            <\/div>\r\n        <\/a>\r\n\r\n            <\/section>","protected":false},"excerpt":{"rendered":"<p>Singhalesische Grammatik Themen Das Erlernen einer neuen Sprache kann eine herausfordernde, aber lohnende Aufgabe sein. Singhalesisch, eine indoarische Sprache, die haupts\u00e4chlich in Sri Lanka gesprochen wird, ist da keine Ausnahme. Mit seinen einzigartigen Merkmalen und Strukturen erfordert das Erlernen des Singhalesischen einen systematischen Ansatz, um seine Grammatik zu verstehen. Dieser Leitfaden skizziert die Schl\u00fcsselbereiche der [&hellip;]<\/p>\n","protected":false},"author":20,"featured_media":0,"parent":0,"menu_order":0,"comment_status":"closed","ping_status":"closed","template":"LearningContentPage.php","meta":{"_acf_changed":false,"footnotes":""},"class_list":["post-1464479","page","type-page","status-publish","hentry"],"acf":[],"yoast_head":"<!-- This site is optimized with the Yoast SEO Premium plugin v27.2 (Yoast SEO v27.2) - https:\/\/yoast.com\/product\/yoast-seo-premium-wordpress\/ -->\n<title>Singhalesische Grammatik\u00fcbungen - Talkpal<\/title>\n<meta name=\"description\" content=\"Beherrschen Sie die singhalesische Grammatik mit interaktiven \u00dcbungen zu Substantiven, Verben und Zeitformen, um Ihre Sprachfertigkeit effektiv zu verbessern.\" \/>\n<meta name=\"robots\" content=\"index, follow, max-snippet:-1, max-image-preview:large, max-video-preview:-1\" \/>\n<link rel=\"canonical\" href=\"https:\/\/talkpal.ai\/de\/singhalesische-grammatikuebungen\/\" \/>\n<meta property=\"og:locale\" content=\"de_DE\" \/>\n<meta property=\"og:type\" content=\"article\" \/>\n<meta property=\"og:title\" content=\"Singhalesische Grammatik\u00fcbungen\" \/>\n<meta property=\"og:description\" content=\"Singhalesische Grammatik Themen Das Erlernen einer neuen Sprache kann eine herausfordernde, aber lohnende Aufgabe sein. Singhalesisch, eine indoarische\" \/>\n<meta property=\"og:url\" content=\"https:\/\/talkpal.ai\/de\/singhalesische-grammatikuebungen\/\" \/>\n<meta property=\"og:site_name\" content=\"Talkpal\" \/>\n<meta property=\"article:publisher\" content=\"https:\/\/www.facebook.com\/profile.php?id=100090733639311\" \/>\n<meta property=\"article:modified_time\" content=\"2025-12-30T11:07:52+00:00\" \/>\n<meta property=\"og:image\" content=\"https:\/\/talkpal.ai\/wp-content\/uploads\/2025\/02\/Progress-tab-16_9.png\" \/>\n\t<meta property=\"og:image:width\" content=\"2880\" \/>\n\t<meta property=\"og:image:height\" content=\"1620\" \/>\n\t<meta property=\"og:image:type\" content=\"image\/png\" \/>\n<meta name=\"twitter:card\" content=\"summary_large_image\" \/>\n<meta name=\"twitter:site\" content=\"@talkpalai\" \/>\n<meta name=\"twitter:label1\" content=\"Gesch\u00e4tzte Lesezeit\" \/>\n\t<meta name=\"twitter:data1\" content=\"3\u00a0Minuten\" \/>\n<script type=\"application\/ld+json\" class=\"yoast-schema-graph\">{\"@context\":\"https:\/\/schema.org\",\"@graph\":[{\"@type\":\"WebPage\",\"@id\":\"https:\/\/talkpal.ai\/de\/singhalesische-grammatikuebungen\/\",\"url\":\"https:\/\/talkpal.ai\/de\/singhalesische-grammatikuebungen\/\",\"name\":\"Singhalesische Grammatik\u00fcbungen - Talkpal\",\"isPartOf\":{\"@id\":\"https:\/\/talkpal.ai\/de\/#website\"},\"datePublished\":\"2025-11-12T16:46:50+00:00\",\"dateModified\":\"2025-12-30T11:07:52+00:00\",\"description\":\"Beherrschen Sie die singhalesische Grammatik mit interaktiven \u00dcbungen zu Substantiven, Verben und Zeitformen, um Ihre Sprachfertigkeit effektiv zu verbessern.\",\"breadcrumb\":{\"@id\":\"https:\/\/talkpal.ai\/de\/singhalesische-grammatikuebungen\/#breadcrumb\"},\"inLanguage\":\"de\",\"potentialAction\":[{\"@type\":\"ReadAction\",\"target\":[\"https:\/\/talkpal.ai\/de\/singhalesische-grammatikuebungen\/\"]}]},{\"@type\":\"BreadcrumbList\",\"@id\":\"https:\/\/talkpal.ai\/de\/singhalesische-grammatikuebungen\/#breadcrumb\",\"itemListElement\":[{\"@type\":\"ListItem\",\"position\":1,\"name\":\"Homepage\",\"item\":\"https:\/\/talkpal.ai\/de\/\"},{\"@type\":\"ListItem\",\"position\":2,\"name\":\"Singhalesische Grammatik\u00fcbungen\"}]},{\"@type\":\"WebSite\",\"@id\":\"https:\/\/talkpal.ai\/de\/#website\",\"url\":\"https:\/\/talkpal.ai\/de\/\",\"name\":\"Talkpal\",\"description\":\"AI Language Learning\",\"publisher\":{\"@id\":\"https:\/\/talkpal.ai\/de\/#organization\"},\"alternateName\":\"Talkpal AI\",\"potentialAction\":[{\"@type\":\"SearchAction\",\"target\":{\"@type\":\"EntryPoint\",\"urlTemplate\":\"https:\/\/talkpal.ai\/de\/?s={search_term_string}\"},\"query-input\":{\"@type\":\"PropertyValueSpecification\",\"valueRequired\":true,\"valueName\":\"search_term_string\"}}],\"inLanguage\":\"de\"},{\"@type\":\"Organization\",\"@id\":\"https:\/\/talkpal.ai\/de\/#organization\",\"name\":\"Talkpal, Inc.\",\"alternateName\":\"Talkpal AI\",\"url\":\"https:\/\/talkpal.ai\/de\/\",\"logo\":{\"@type\":\"ImageObject\",\"inLanguage\":\"de\",\"@id\":\"https:\/\/talkpal.ai\/de\/#\/schema\/logo\/image\/\",\"url\":\"https:\/\/talkpal.ai\/wp-content\/uploads\/2024\/03\/Talkpal-Logo-Icon.png\",\"contentUrl\":\"https:\/\/talkpal.ai\/wp-content\/uploads\/2024\/03\/Talkpal-Logo-Icon.png\",\"width\":2880,\"height\":2880,\"caption\":\"Talkpal, Inc.\"},\"image\":{\"@id\":\"https:\/\/talkpal.ai\/de\/#\/schema\/logo\/image\/\"},\"sameAs\":[\"https:\/\/www.facebook.com\/profile.php?id=100090733639311\",\"https:\/\/x.com\/talkpalai\",\"https:\/\/www.linkedin.com\/company\/talkpal\/\",\"https:\/\/www.youtube.com\/@TalkPal\/\",\"https:\/\/www.tiktok.com\/@talkpal\",\"https:\/\/www.instagram.com\/talkpal_ai\/\",\"https:\/\/www.crunchbase.com\/organization\/talkpal-9cde\",\"https:\/\/www.g2.com\/products\/talkpal-for-business\/\",\"https:\/\/www.trustpilot.com\/review\/talkpal.ai\",\"https:\/\/www.capterra.com\/p\/10006800\/TalkPal\/\"],\"description\":\"Talkpal is a language learning web and mobile education app, powered by the latest AI technologies, that provides engaging experiences to its customers in many different languages to help them improve their language skills. Users can chat about unlimited amount of topics with the app and use other modes to practice their language learning.\",\"email\":\"support@talkpal.ai\",\"legalName\":\"Talkpal, Inc.\",\"foundingDate\":\"2023-04-03\",\"duns\":\"118989042\",\"numberOfEmployees\":{\"@type\":\"QuantitativeValue\",\"minValue\":\"11\",\"maxValue\":\"50\"},\"publishingPrinciples\":\"https:\/\/talkpal.ai\/publishing-principles\/\",\"actionableFeedbackPolicy\":\"https:\/\/talkpal.ai\/actionable-feedback-policy\/\",\"correctionsPolicy\":\"https:\/\/talkpal.ai\/corrections-policy\/\",\"ethicsPolicy\":\"https:\/\/talkpal.ai\/ethics-policy\/\",\"diversityPolicy\":\"https:\/\/talkpal.ai\/diversity-policy\/\",\"diversityStaffingReport\":\"https:\/\/talkpal.ai\/diversity-policy\/\"}]}<\/script>\n<!-- \/ Yoast SEO Premium plugin. -->","yoast_head_json":{"title":"Singhalesische Grammatik\u00fcbungen - Talkpal","description":"Beherrschen Sie die singhalesische Grammatik mit interaktiven \u00dcbungen zu Substantiven, Verben und Zeitformen, um Ihre Sprachfertigkeit effektiv zu verbessern.","robots":{"index":"index","follow":"follow","max-snippet":"max-snippet:-1","max-image-preview":"max-image-preview:large","max-video-preview":"max-video-preview:-1"},"canonical":"https:\/\/talkpal.ai\/de\/singhalesische-grammatikuebungen\/","og_locale":"de_DE","og_type":"article","og_title":"Singhalesische Grammatik\u00fcbungen","og_description":"Singhalesische Grammatik Themen Das Erlernen einer neuen Sprache kann eine herausfordernde, aber lohnende Aufgabe sein. Singhalesisch, eine indoarische","og_url":"https:\/\/talkpal.ai\/de\/singhalesische-grammatikuebungen\/","og_site_name":"Talkpal","article_publisher":"https:\/\/www.facebook.com\/profile.php?id=100090733639311","article_modified_time":"2025-12-30T11:07:52+00:00","og_image":[{"width":2880,"height":1620,"url":"https:\/\/talkpal.ai\/wp-content\/uploads\/2025\/02\/Progress-tab-16_9.png","type":"image\/png"}],"twitter_card":"summary_large_image","twitter_site":"@talkpalai","twitter_misc":{"Gesch\u00e4tzte Lesezeit":"3\u00a0Minuten"},"schema":{"@context":"https:\/\/schema.org","@graph":[{"@type":"WebPage","@id":"https:\/\/talkpal.ai\/de\/singhalesische-grammatikuebungen\/","url":"https:\/\/talkpal.ai\/de\/singhalesische-grammatikuebungen\/","name":"Singhalesische Grammatik\u00fcbungen - Talkpal","isPartOf":{"@id":"https:\/\/talkpal.ai\/de\/#website"},"datePublished":"2025-11-12T16:46:50+00:00","dateModified":"2025-12-30T11:07:52+00:00","description":"Beherrschen Sie die singhalesische Grammatik mit interaktiven \u00dcbungen zu Substantiven, Verben und Zeitformen, um Ihre Sprachfertigkeit effektiv zu verbessern.","breadcrumb":{"@id":"https:\/\/talkpal.ai\/de\/singhalesische-grammatikuebungen\/#breadcrumb"},"inLanguage":"de","potentialAction":[{"@type":"ReadAction","target":["https:\/\/talkpal.ai\/de\/singhalesische-grammatikuebungen\/"]}]},{"@type":"BreadcrumbList","@id":"https:\/\/talkpal.ai\/de\/singhalesische-grammatikuebungen\/#breadcrumb","itemListElement":[{"@type":"ListItem","position":1,"name":"Homepage","item":"https:\/\/talkpal.ai\/de\/"},{"@type":"ListItem","position":2,"name":"Singhalesische Grammatik\u00fcbungen"}]},{"@type":"WebSite","@id":"https:\/\/talkpal.ai\/de\/#website","url":"https:\/\/talkpal.ai\/de\/","name":"Talkpal","description":"AI Language Learning","publisher":{"@id":"https:\/\/talkpal.ai\/de\/#organization"},"alternateName":"Talkpal AI","potentialAction":[{"@type":"SearchAction","target":{"@type":"EntryPoint","urlTemplate":"https:\/\/talkpal.ai\/de\/?s={search_term_string}"},"query-input":{"@type":"PropertyValueSpecification","valueRequired":true,"valueName":"search_term_string"}}],"inLanguage":"de"},{"@type":"Organization","@id":"https:\/\/talkpal.ai\/de\/#organization","name":"Talkpal, Inc.","alternateName":"Talkpal AI","url":"https:\/\/talkpal.ai\/de\/","logo":{"@type":"ImageObject","inLanguage":"de","@id":"https:\/\/talkpal.ai\/de\/#\/schema\/logo\/image\/","url":"https:\/\/talkpal.ai\/wp-content\/uploads\/2024\/03\/Talkpal-Logo-Icon.png","contentUrl":"https:\/\/talkpal.ai\/wp-content\/uploads\/2024\/03\/Talkpal-Logo-Icon.png","width":2880,"height":2880,"caption":"Talkpal, Inc."},"image":{"@id":"https:\/\/talkpal.ai\/de\/#\/schema\/logo\/image\/"},"sameAs":["https:\/\/www.facebook.com\/profile.php?id=100090733639311","https:\/\/x.com\/talkpalai","https:\/\/www.linkedin.com\/company\/talkpal\/","https:\/\/www.youtube.com\/@TalkPal\/","https:\/\/www.tiktok.com\/@talkpal","https:\/\/www.instagram.com\/talkpal_ai\/","https:\/\/www.crunchbase.com\/organization\/talkpal-9cde","https:\/\/www.g2.com\/products\/talkpal-for-business\/","https:\/\/www.trustpilot.com\/review\/talkpal.ai","https:\/\/www.capterra.com\/p\/10006800\/TalkPal\/"],"description":"Talkpal is a language learning web and mobile education app, powered by the latest AI technologies, that provides engaging experiences to its customers in many different languages to help them improve their language skills. Users can chat about unlimited amount of topics with the app and use other modes to practice their language learning.","email":"support@talkpal.ai","legalName":"Talkpal, Inc.","foundingDate":"2023-04-03","duns":"118989042","numberOfEmployees":{"@type":"QuantitativeValue","minValue":"11","maxValue":"50"},"publishingPrinciples":"https:\/\/talkpal.ai\/publishing-principles\/","actionableFeedbackPolicy":"https:\/\/talkpal.ai\/actionable-feedback-policy\/","correctionsPolicy":"https:\/\/talkpal.ai\/corrections-policy\/","ethicsPolicy":"https:\/\/talkpal.ai\/ethics-policy\/","diversityPolicy":"https:\/\/talkpal.ai\/diversity-policy\/","diversityStaffingReport":"https:\/\/talkpal.ai\/diversity-policy\/"}]}},"_links":{"self":[{"href":"https:\/\/talkpal.ai\/de\/wp-json\/wp\/v2\/pages\/1464479","targetHints":{"allow":["GET"]}}],"collection":[{"href":"https:\/\/talkpal.ai\/de\/wp-json\/wp\/v2\/pages"}],"about":[{"href":"https:\/\/talkpal.ai\/de\/wp-json\/wp\/v2\/types\/page"}],"author":[{"embeddable":true,"href":"https:\/\/talkpal.ai\/de\/wp-json\/wp\/v2\/users\/20"}],"replies":[{"embeddable":true,"href":"https:\/\/talkpal.ai\/de\/wp-json\/wp\/v2\/comments?post=1464479"}],"version-history":[{"count":0,"href":"https:\/\/talkpal.ai\/de\/wp-json\/wp\/v2\/pages\/1464479\/revisions"}],"wp:attachment":[{"href":"https:\/\/talkpal.ai\/de\/wp-json\/wp\/v2\/media?parent=1464479"}],"curies":[{"name":"wp","href":"https:\/\/api.w.org\/{rel}","templated":true}]}}