{"id":1463557,"date":"2025-11-11T15:55:06","date_gmt":"2025-11-11T15:55:06","guid":{"rendered":"https:\/\/talkpal.ai\/bengalische-grammatikuebungen\/"},"modified":"2025-12-30T15:16:06","modified_gmt":"2025-12-30T15:16:06","slug":"bengalische-grammatikuebungen","status":"publish","type":"page","link":"https:\/\/talkpal.ai\/de\/bengalische-grammatikuebungen\/","title":{"rendered":"Bengalische Grammatik\u00fcbungen"},"content":{"rendered":"\r\n\r\n\r\n<section class=\"languageChallengeSection\">\r\n    <div class=\"languageInfoWrapper\">\r\n        \r\n        <h1>Bengalische Grammatik\u00fcbungen<\/h1>\r\n        <p>Sind Sie bereit, in die bengalische <a href=\"https:\/\/talkpal.ai\/fr\/les\/\">Grammatik<\/a> einzutauchen? Das \u00dcben einiger Grundlagen wird Ihnen helfen, sich mit dieser einzigartigen und sch\u00f6nen Sprache vertraut zu machen. Probieren Sie diese \u00dcbungen aus, um Ihr Selbstvertrauen zu st\u00e4rken und dabei auch noch Spa\u00df zu haben!<\/p>\r\n\r\n                            <a class=\"getStartedHidden\" href=\"https:\/\/app.talkpal.ai\/de\/signup?lng=\">Leg los<\/a>\r\n        \r\n    <\/div>\r\n\r\n    <figure>\r\n    <img decoding=\"async\" width=\"768\" height=\"768\" src=\"https:\/\/talkpal.ai\/wp-content\/uploads\/2023\/06\/welsh-768x768.png\" class=\"languageImage no-lazy\" alt=\"Default alt text\" fetchpriority=\"high\" sizes=\"(max-width: 768px) 150px, 768px\" srcset=\"https:\/\/talkpal.ai\/wp-content\/uploads\/2023\/06\/welsh-768x768.png 768w, https:\/\/talkpal.ai\/wp-content\/uploads\/2023\/06\/welsh-300x300.png 300w\" \/>\r\n    \r\n\r\n    <\/figure>\r\n\r\n            <a class=\"getStartedVisible\" href=\"https:\/\/app.talkpal.ai\/de\/signup?lng=\">Leg los<\/a>\r\n    \r\n<\/section><section class=\"promotionalBanner\">\r\n    <p class=\"promotionalText\">Der effizienteste Weg, eine Sprache zu lernen<\/p>\r\n    <a class=\"promotionalLink\" href=\"https:\/\/app.talkpal.ai\/de\/signup?lng=\">Talkpal kostenlos<\/a>\r\n<\/section>\n<div class=\"wp-block-group pageContainerStyle\"><div class=\"wp-block-group__inner-container is-layout-constrained wp-block-group-is-layout-constrained\">\n<h2 class=\"wp-block-heading\" id=\"h-bengali-grammar-topics\">Themen der bengalischen Grammatik<\/h2>\n\n\n\n<p><a href=\"https:\/\/talkpal.ai\/de\/die-groessten-fehler-die-sie-beim-erlernen-einer-neuen-sprache-vermeiden-sollten\/\">Das Erlernen einer neuen Sprache<\/a> kann eine herausfordernde, aber lohnende Aufgabe sein. Bengalisch, eine indoarische Sprache, die vor allem in Bangladesch und im indischen Bundesstaat Westbengalen gesprochen wird, bildet da keine Ausnahme. Mit seinen einzigartigen Merkmalen und Strukturen erfordert das <a href=\"https:\/\/talkpal.ai\/de\/talkpal-fuer-bildung\/\">Erlernen<\/a> des Bengalischen einen systematischen Ansatz zum Verst\u00e4ndnis der Grammatik. Dieser Leitfaden skizziert die Schl\u00fcsselbereiche der <a href=\"https:\/\/talkpal.ai\/de\/bengalische-grammatik\/\">bengalischen Grammatik<\/a> in einer logischen Abfolge f\u00fcr das <a href=\"https:\/\/talkpal.ai\/de\/ki-chatbot-zum-sprachenlernen\/\">Sprachenlernen<\/a>, beginnend mit den Grundlagen wie Substantiven und Artikeln bis hin zu komplexeren Bereichen wie <a href=\"https:\/\/talkpal.ai\/zh-hans\/grammar_exercises\/zeitformen-%e5%be%b7%e5%9b%bd%e8%af%ad%e6%b3%95%e7%bb%83%e4%b9%a0\/\">Zeitformen<\/a> und Satzbau.<\/p>\n\n\n\n<h3 class=\"wp-block-heading\" id=\"h-1-nouns\">1. Substantive:<\/h3>\n\n\n\n<p>Beginnen Sie Ihre Reise durch die Bengalische Sprache, indem Sie die Substantive lernen. Dazu geh\u00f6rt das Verst\u00e4ndnis von gebr\u00e4uchlichen und Eigennamen, wie Pluralit\u00e4t mit Formen wie -ra f\u00fcr Menschen und -gulo oder -guli f\u00fcr Dinge ausgedr\u00fcckt wird, und die Rolle von Klassifikatoren mit Zahlen.<\/p>\n\n\n\n<h3 class=\"wp-block-heading\" id=\"h-2-articles\">2. Artikel:<\/h3>\n\n\n\n<p><a href=\"https:\/\/talkpal.ai\/learn-bengali\/\">Bengali<\/a> hat keine bestimmten oder <a href=\"https:\/\/talkpal.ai\/de\/grammar_exercises\/ubungen-zum-unbestimmten-artikel-fur-die-vietnamesische-grammatik\/\">unbestimmten Artikel<\/a> wie <a href=\"https:\/\/talkpal.ai\/de\/ki-englischsprachige-praxis\/\">Englisch<\/a>. Stattdessen werden Bestimmtheit und Unbestimmtheit durch Kontext, Demonstrative, Ziffern und Klassifikatoren wie -ta, -ti, -khana und Pluralmarker wie -gulo ausgedr\u00fcckt.<\/p>\n\n\n\n<h3 class=\"wp-block-heading\" id=\"h-3-adjectives\">3. Adjektive:<\/h3>\n\n\n\n<p>Adjektive im Bengalischen stehen in der Regel vor ihren Substantiven. Sie \u00e4ndern sich in der Regel nicht nach Geschlecht oder Anzahl. Erfahren Sie, wie Sie substantiv\u00e4hnliche Modifikatoren mit dem Genitiv -er verkn\u00fcpfen und wie Sie Komparative und Superlative bilden, indem Sie aro f\u00fcr Komparativ und shobcheye f\u00fcr Superlative sowie die literarischen Suffixe -tar und -tam verwenden.<\/p>\n\n\n\n<h3 class=\"wp-block-heading\" id=\"h-4-pronouns-determiners\">4. Pronomen\/Determinanten:<\/h3>\n\n\n\n<p>Pronomen und Determinanten sind im Bengalischen unerl\u00e4sslich. Beherrschen Sie <a href=\"https:\/\/talkpal.ai\/de\/grammar\/englische-grammatik-personalpronomen\/\">Personalpronomen<\/a> \u00fcber Formalit\u00e4tsebenen und N\u00e4he hinweg, wie z. B. <a href=\"https:\/\/talkpal.ai\/locations\/language-courses-in-ami\/\">ami<\/a>, tumi, apni, tui, eta, ota, seta. Lernen Sie Possessiva mit dem Genitiv -er und Mengenw\u00f6rtern wie onek, kichu, koyek und wie Klassifikatoren nach Ziffern und vielen Determinanten erforderlich sind.<\/p>\n\n\n\n<h3 class=\"wp-block-heading\" id=\"h-5-verbs\">5. Verben:<\/h3>\n\n\n\n<p>Bengalische Verben \u00e4ndern ihre Form f\u00fcr Zeitform, Aspekt, Person und Grad der Formalit\u00e4t. Beginnen Sie mit den gegenw\u00e4rtigen Formen und bewegen Sie sich in die Vergangenheit und Zukunft. Erfahren Sie, wie sich Verbst\u00e4mme mit Aspektmarkierungen und Personalendungen sowie mit Imperativen und Konjunktiven kombinieren lassen.<\/p>\n\n\n\n<h3 class=\"wp-block-heading\" id=\"h-6-tenses\">6. Zeitformen:<\/h3>\n\n\n\n<p>Nachdem du die Verbmuster gemeistert hast, tauchst du tiefer in die bengalische Zeitform und den Aspekt ein. Verstehen Sie die Gegenwart, Vergangenheit und Zukunft zusammen mit aspektuellen Unterscheidungen wie einfach, progressiv und perfekt und wie Formalit\u00e4t das Ende beeinflusst.<\/p>\n\n\n\n<h3 class=\"wp-block-heading\" id=\"h-7-tense-comparison\">7. Spannender Vergleich:<\/h3>\n\n\n\n<p>Der Vergleich von Zeitformen und Aspekten im Bengalischen hilft dabei, die Abfolge und Nuancen der Ereignisse zu verstehen. Wenn du das gleiche Verb \u00fcber Gegenwart, Vergangenheit, Zukunft und Formalit\u00e4t hinweg vergleichst, wird das dein Verst\u00e4ndnis f\u00fcr den Gebrauch gest\u00e4rkt.<\/p>\n\n\n\n<h3 class=\"wp-block-heading\" id=\"h-8-progressive\">8. Progressiv:<\/h3>\n\n\n\n<p>Der Progressive dr\u00fcckt auf Bengali seine anhaltenden Aktionen aus. Es wird typischerweise mit dem progressiven Marker -chh- gebildet, der an den Verbstamm und pers\u00f6nliche Endungen angeh\u00e4ngt ist, z. B. korchhi f\u00fcr ich tue, und kann in einigen Registern auch in periphrastischen Formen wie korte achhi auftreten.<\/p>\n\n\n\n<h3 class=\"wp-block-heading\" id=\"h-9-perfect-progressive\">9. Perfekt progressiv:<\/h3>\n\n\n\n<p>Dies dr\u00fcckt Handlungen aus, die bis zu einem bestimmten Punkt andauern. Im Bengalischen wird es h\u00e4ufig mit Partizipien und Hilfsw\u00f6rtern wie kore aschi f\u00fcr have been doing und korte chhilam f\u00fcr was doing vermittelt, mit Varianten, die thaka verwenden, um die Kontinuit\u00e4t zu betonen.<\/p>\n\n\n\n<h3 class=\"wp-block-heading\" id=\"h-10-conditionals\">10. Bedingungen:<\/h3>\n\n\n\n<p>Konditionale dr\u00fccken hypothetische Situationen und Ergebnisse aus. Im Bengalischen werden sie mit der <a href=\"https:\/\/talkpal.ai\/ja\/grammar\/%e7%b2%92%e5%ad%90%e3%81%b8\/\">Partikel<\/a> jodi und oft tahole gebildet, sowie mit bedingten Suffixen wie -le auf dem Verb und kontrafaktischen mit hoto f\u00fcr would have.<\/p>\n\n\n\n<h3 class=\"wp-block-heading\" id=\"h-11-adverbs\">11. Adverbien:<\/h3>\n\n\n\n<p>Adverbien in Bengali modifizieren Verben, Adjektive oder andere Adverbien. Lernen Sie Manieradverbien kennen, die mit -bhabe gebildet werden, sowie g\u00e4ngige unver\u00e4nderliche Adverbien von Ort, Zeit und Grad wie ekhane, ekhon, beshi und khub.<\/p>\n\n\n\n<h3 class=\"wp-block-heading\" id=\"h-12-prepositions\">12. Pr\u00e4positionen:<\/h3>\n\n\n\n<p>Bengalisch verwendet Postpositionen anstelle von Pr\u00e4positionen. Sie folgen dem Substantiv und erfordern oft eine Kasus- oder Genitivverkn\u00fcpfung, z. B. ghore, ghar theke, boi er upor, bandhuder shathe, kal porjonto, und dr\u00fccken Beziehungen von Zeit, Ort und Richtung aus.<\/p>\n\n\n\n<h3 class=\"wp-block-heading\" id=\"h-13-sentences\">13. S\u00e4tze:<\/h3>\n\n\n\n<p>Zum Schluss \u00fcbst du, S\u00e4tze zu bilden. Dabei werden alle zuvor gelernten Grammatikpunkte im Kontext verwendet, einschlie\u00dflich der typischen SOV-Wortstellung, der Negation mit na, der oft null Kopula im Pr\u00e4sens und der Fragebildung mit ki- und wh-W\u00f6rtern, um ein umfassendes Verst\u00e4ndnis der bengalischen Sprache zu gew\u00e4hrleisten.<\/p>\n<\/div><\/div>\n\r\n<section class=\"learnNavigationSection\">\r\n            \r\n        <a href=\"https:\/\/talkpal.ai\/de\/bengali-lernen\/\">\r\n            <div class=\"learnNavigationWrapper\">\r\n                <div class=\"learnNavigationContent\">\r\n                    <img decoding=\"async\" src=\"https:\/\/talkpal.ai\/wp-content\/uploads\/2025\/11\/Bengali.png\" alt=\"Bengali Flag\">\r\n                    <div>\r\n                        <h4>\u00dcber Bengali Learning<\/h4>\r\n                        <p>Erfahren Sie alles \u00fcber die bengalische Grammatik.<\/p>\r\n                    <\/div>\r\n                <\/div>\r\n            <\/div>\r\n        <\/a>\r\n\r\n        \r\n        <a href=\"https:\/\/talkpal.ai\/de\/bengalische-grammatik\/\">\r\n            <div class=\"learnNavigationWrapper\">\r\n                <div class=\"learnNavigationContent\">\r\n                    <img decoding=\"async\" src=\"https:\/\/talkpal.ai\/wp-content\/uploads\/2025\/11\/Bengali.png\" alt=\"Bengali Flag\">\r\n                    <div>\r\n                        <h4>Bengalische Grammatik Lektionen<\/h4>\r\n                        <p>\u00dcben Sie die bengalische Grammatik.<\/p>\r\n                    <\/div>\r\n                <\/div>\r\n            <\/div>\r\n        <\/a>\r\n\r\n            <\/section>","protected":false},"excerpt":{"rendered":"<p>Themen der bengalischen Grammatik Das Erlernen einer neuen Sprache kann eine herausfordernde, aber lohnende Aufgabe sein. Bengalisch, eine indoarische Sprache, die vor allem in Bangladesch und im indischen Bundesstaat Westbengalen gesprochen wird, bildet da keine Ausnahme. Mit seinen einzigartigen Merkmalen und Strukturen erfordert das Erlernen des Bengalischen einen systematischen Ansatz zum Verst\u00e4ndnis der Grammatik. Dieser [&hellip;]<\/p>\n","protected":false},"author":20,"featured_media":0,"parent":0,"menu_order":0,"comment_status":"closed","ping_status":"closed","template":"LearningContentPage.php","meta":{"_acf_changed":false,"footnotes":""},"class_list":["post-1463557","page","type-page","status-publish","hentry"],"acf":[],"yoast_head":"<!-- This site is optimized with the Yoast SEO Premium plugin v27.2 (Yoast SEO v27.2) - https:\/\/yoast.com\/product\/yoast-seo-premium-wordpress\/ -->\n<title>Bengalische Grammatik\u00fcbungen - Talkpal<\/title>\n<meta name=\"description\" content=\"Meistern Sie die Grundlagen der bengalischen Grammatik mit interaktiven \u00dcbungen zu Substantiven, Verben und Zeitformen, um Ihre Sprachkenntnisse zu verbessern.\" \/>\n<meta name=\"robots\" content=\"index, follow, max-snippet:-1, max-image-preview:large, max-video-preview:-1\" \/>\n<link rel=\"canonical\" href=\"https:\/\/talkpal.ai\/de\/bengalische-grammatikuebungen\/\" \/>\n<meta property=\"og:locale\" content=\"de_DE\" \/>\n<meta property=\"og:type\" content=\"article\" \/>\n<meta property=\"og:title\" content=\"Bengalische Grammatik\u00fcbungen\" \/>\n<meta property=\"og:description\" content=\"Themen der bengalischen Grammatik Das Erlernen einer neuen Sprache kann eine herausfordernde, aber lohnende Aufgabe sein. Bengalisch, eine indoarische\" \/>\n<meta property=\"og:url\" content=\"https:\/\/talkpal.ai\/de\/bengalische-grammatikuebungen\/\" \/>\n<meta property=\"og:site_name\" content=\"Talkpal\" \/>\n<meta property=\"article:publisher\" content=\"https:\/\/www.facebook.com\/profile.php?id=100090733639311\" \/>\n<meta property=\"article:modified_time\" content=\"2025-12-30T15:16:06+00:00\" \/>\n<meta property=\"og:image\" content=\"https:\/\/talkpal.ai\/wp-content\/uploads\/2025\/02\/Progress-tab-16_9.png\" \/>\n\t<meta property=\"og:image:width\" content=\"2880\" \/>\n\t<meta property=\"og:image:height\" content=\"1620\" \/>\n\t<meta property=\"og:image:type\" content=\"image\/png\" \/>\n<meta name=\"twitter:card\" content=\"summary_large_image\" \/>\n<meta name=\"twitter:site\" content=\"@talkpalai\" \/>\n<meta name=\"twitter:label1\" content=\"Gesch\u00e4tzte Lesezeit\" \/>\n\t<meta name=\"twitter:data1\" content=\"3\u00a0Minuten\" \/>\n<script type=\"application\/ld+json\" class=\"yoast-schema-graph\">{\"@context\":\"https:\/\/schema.org\",\"@graph\":[{\"@type\":\"WebPage\",\"@id\":\"https:\/\/talkpal.ai\/de\/bengalische-grammatikuebungen\/\",\"url\":\"https:\/\/talkpal.ai\/de\/bengalische-grammatikuebungen\/\",\"name\":\"Bengalische Grammatik\u00fcbungen - Talkpal\",\"isPartOf\":{\"@id\":\"https:\/\/talkpal.ai\/de\/#website\"},\"datePublished\":\"2025-11-11T15:55:06+00:00\",\"dateModified\":\"2025-12-30T15:16:06+00:00\",\"description\":\"Meistern Sie die Grundlagen der bengalischen Grammatik mit interaktiven \u00dcbungen zu Substantiven, Verben und Zeitformen, um Ihre Sprachkenntnisse zu verbessern.\",\"breadcrumb\":{\"@id\":\"https:\/\/talkpal.ai\/de\/bengalische-grammatikuebungen\/#breadcrumb\"},\"inLanguage\":\"de\",\"potentialAction\":[{\"@type\":\"ReadAction\",\"target\":[\"https:\/\/talkpal.ai\/de\/bengalische-grammatikuebungen\/\"]}]},{\"@type\":\"BreadcrumbList\",\"@id\":\"https:\/\/talkpal.ai\/de\/bengalische-grammatikuebungen\/#breadcrumb\",\"itemListElement\":[{\"@type\":\"ListItem\",\"position\":1,\"name\":\"Homepage\",\"item\":\"https:\/\/talkpal.ai\/de\/\"},{\"@type\":\"ListItem\",\"position\":2,\"name\":\"Bengalische Grammatik\u00fcbungen\"}]},{\"@type\":\"WebSite\",\"@id\":\"https:\/\/talkpal.ai\/de\/#website\",\"url\":\"https:\/\/talkpal.ai\/de\/\",\"name\":\"Talkpal\",\"description\":\"AI Language Learning\",\"publisher\":{\"@id\":\"https:\/\/talkpal.ai\/de\/#organization\"},\"alternateName\":\"Talkpal AI\",\"potentialAction\":[{\"@type\":\"SearchAction\",\"target\":{\"@type\":\"EntryPoint\",\"urlTemplate\":\"https:\/\/talkpal.ai\/de\/?s={search_term_string}\"},\"query-input\":{\"@type\":\"PropertyValueSpecification\",\"valueRequired\":true,\"valueName\":\"search_term_string\"}}],\"inLanguage\":\"de\"},{\"@type\":\"Organization\",\"@id\":\"https:\/\/talkpal.ai\/de\/#organization\",\"name\":\"Talkpal, Inc.\",\"alternateName\":\"Talkpal AI\",\"url\":\"https:\/\/talkpal.ai\/de\/\",\"logo\":{\"@type\":\"ImageObject\",\"inLanguage\":\"de\",\"@id\":\"https:\/\/talkpal.ai\/de\/#\/schema\/logo\/image\/\",\"url\":\"https:\/\/talkpal.ai\/wp-content\/uploads\/2024\/03\/Talkpal-Logo-Icon.png\",\"contentUrl\":\"https:\/\/talkpal.ai\/wp-content\/uploads\/2024\/03\/Talkpal-Logo-Icon.png\",\"width\":2880,\"height\":2880,\"caption\":\"Talkpal, Inc.\"},\"image\":{\"@id\":\"https:\/\/talkpal.ai\/de\/#\/schema\/logo\/image\/\"},\"sameAs\":[\"https:\/\/www.facebook.com\/profile.php?id=100090733639311\",\"https:\/\/x.com\/talkpalai\",\"https:\/\/www.linkedin.com\/company\/talkpal\/\",\"https:\/\/www.youtube.com\/@TalkPal\/\",\"https:\/\/www.tiktok.com\/@talkpal\",\"https:\/\/www.instagram.com\/talkpal_ai\/\",\"https:\/\/www.crunchbase.com\/organization\/talkpal-9cde\",\"https:\/\/www.g2.com\/products\/talkpal-for-business\/\",\"https:\/\/www.trustpilot.com\/review\/talkpal.ai\",\"https:\/\/www.capterra.com\/p\/10006800\/TalkPal\/\"],\"description\":\"Talkpal is a language learning web and mobile education app, powered by the latest AI technologies, that provides engaging experiences to its customers in many different languages to help them improve their language skills. Users can chat about unlimited amount of topics with the app and use other modes to practice their language learning.\",\"email\":\"support@talkpal.ai\",\"legalName\":\"Talkpal, Inc.\",\"foundingDate\":\"2023-04-03\",\"duns\":\"118989042\",\"numberOfEmployees\":{\"@type\":\"QuantitativeValue\",\"minValue\":\"11\",\"maxValue\":\"50\"},\"publishingPrinciples\":\"https:\/\/talkpal.ai\/publishing-principles\/\",\"actionableFeedbackPolicy\":\"https:\/\/talkpal.ai\/actionable-feedback-policy\/\",\"correctionsPolicy\":\"https:\/\/talkpal.ai\/corrections-policy\/\",\"ethicsPolicy\":\"https:\/\/talkpal.ai\/ethics-policy\/\",\"diversityPolicy\":\"https:\/\/talkpal.ai\/diversity-policy\/\",\"diversityStaffingReport\":\"https:\/\/talkpal.ai\/diversity-policy\/\"}]}<\/script>\n<!-- \/ Yoast SEO Premium plugin. -->","yoast_head_json":{"title":"Bengalische Grammatik\u00fcbungen - Talkpal","description":"Meistern Sie die Grundlagen der bengalischen Grammatik mit interaktiven \u00dcbungen zu Substantiven, Verben und Zeitformen, um Ihre Sprachkenntnisse zu verbessern.","robots":{"index":"index","follow":"follow","max-snippet":"max-snippet:-1","max-image-preview":"max-image-preview:large","max-video-preview":"max-video-preview:-1"},"canonical":"https:\/\/talkpal.ai\/de\/bengalische-grammatikuebungen\/","og_locale":"de_DE","og_type":"article","og_title":"Bengalische Grammatik\u00fcbungen","og_description":"Themen der bengalischen Grammatik Das Erlernen einer neuen Sprache kann eine herausfordernde, aber lohnende Aufgabe sein. Bengalisch, eine indoarische","og_url":"https:\/\/talkpal.ai\/de\/bengalische-grammatikuebungen\/","og_site_name":"Talkpal","article_publisher":"https:\/\/www.facebook.com\/profile.php?id=100090733639311","article_modified_time":"2025-12-30T15:16:06+00:00","og_image":[{"width":2880,"height":1620,"url":"https:\/\/talkpal.ai\/wp-content\/uploads\/2025\/02\/Progress-tab-16_9.png","type":"image\/png"}],"twitter_card":"summary_large_image","twitter_site":"@talkpalai","twitter_misc":{"Gesch\u00e4tzte Lesezeit":"3\u00a0Minuten"},"schema":{"@context":"https:\/\/schema.org","@graph":[{"@type":"WebPage","@id":"https:\/\/talkpal.ai\/de\/bengalische-grammatikuebungen\/","url":"https:\/\/talkpal.ai\/de\/bengalische-grammatikuebungen\/","name":"Bengalische Grammatik\u00fcbungen - Talkpal","isPartOf":{"@id":"https:\/\/talkpal.ai\/de\/#website"},"datePublished":"2025-11-11T15:55:06+00:00","dateModified":"2025-12-30T15:16:06+00:00","description":"Meistern Sie die Grundlagen der bengalischen Grammatik mit interaktiven \u00dcbungen zu Substantiven, Verben und Zeitformen, um Ihre Sprachkenntnisse zu verbessern.","breadcrumb":{"@id":"https:\/\/talkpal.ai\/de\/bengalische-grammatikuebungen\/#breadcrumb"},"inLanguage":"de","potentialAction":[{"@type":"ReadAction","target":["https:\/\/talkpal.ai\/de\/bengalische-grammatikuebungen\/"]}]},{"@type":"BreadcrumbList","@id":"https:\/\/talkpal.ai\/de\/bengalische-grammatikuebungen\/#breadcrumb","itemListElement":[{"@type":"ListItem","position":1,"name":"Homepage","item":"https:\/\/talkpal.ai\/de\/"},{"@type":"ListItem","position":2,"name":"Bengalische Grammatik\u00fcbungen"}]},{"@type":"WebSite","@id":"https:\/\/talkpal.ai\/de\/#website","url":"https:\/\/talkpal.ai\/de\/","name":"Talkpal","description":"AI Language Learning","publisher":{"@id":"https:\/\/talkpal.ai\/de\/#organization"},"alternateName":"Talkpal AI","potentialAction":[{"@type":"SearchAction","target":{"@type":"EntryPoint","urlTemplate":"https:\/\/talkpal.ai\/de\/?s={search_term_string}"},"query-input":{"@type":"PropertyValueSpecification","valueRequired":true,"valueName":"search_term_string"}}],"inLanguage":"de"},{"@type":"Organization","@id":"https:\/\/talkpal.ai\/de\/#organization","name":"Talkpal, Inc.","alternateName":"Talkpal AI","url":"https:\/\/talkpal.ai\/de\/","logo":{"@type":"ImageObject","inLanguage":"de","@id":"https:\/\/talkpal.ai\/de\/#\/schema\/logo\/image\/","url":"https:\/\/talkpal.ai\/wp-content\/uploads\/2024\/03\/Talkpal-Logo-Icon.png","contentUrl":"https:\/\/talkpal.ai\/wp-content\/uploads\/2024\/03\/Talkpal-Logo-Icon.png","width":2880,"height":2880,"caption":"Talkpal, Inc."},"image":{"@id":"https:\/\/talkpal.ai\/de\/#\/schema\/logo\/image\/"},"sameAs":["https:\/\/www.facebook.com\/profile.php?id=100090733639311","https:\/\/x.com\/talkpalai","https:\/\/www.linkedin.com\/company\/talkpal\/","https:\/\/www.youtube.com\/@TalkPal\/","https:\/\/www.tiktok.com\/@talkpal","https:\/\/www.instagram.com\/talkpal_ai\/","https:\/\/www.crunchbase.com\/organization\/talkpal-9cde","https:\/\/www.g2.com\/products\/talkpal-for-business\/","https:\/\/www.trustpilot.com\/review\/talkpal.ai","https:\/\/www.capterra.com\/p\/10006800\/TalkPal\/"],"description":"Talkpal is a language learning web and mobile education app, powered by the latest AI technologies, that provides engaging experiences to its customers in many different languages to help them improve their language skills. Users can chat about unlimited amount of topics with the app and use other modes to practice their language learning.","email":"support@talkpal.ai","legalName":"Talkpal, Inc.","foundingDate":"2023-04-03","duns":"118989042","numberOfEmployees":{"@type":"QuantitativeValue","minValue":"11","maxValue":"50"},"publishingPrinciples":"https:\/\/talkpal.ai\/publishing-principles\/","actionableFeedbackPolicy":"https:\/\/talkpal.ai\/actionable-feedback-policy\/","correctionsPolicy":"https:\/\/talkpal.ai\/corrections-policy\/","ethicsPolicy":"https:\/\/talkpal.ai\/ethics-policy\/","diversityPolicy":"https:\/\/talkpal.ai\/diversity-policy\/","diversityStaffingReport":"https:\/\/talkpal.ai\/diversity-policy\/"}]}},"_links":{"self":[{"href":"https:\/\/talkpal.ai\/de\/wp-json\/wp\/v2\/pages\/1463557","targetHints":{"allow":["GET"]}}],"collection":[{"href":"https:\/\/talkpal.ai\/de\/wp-json\/wp\/v2\/pages"}],"about":[{"href":"https:\/\/talkpal.ai\/de\/wp-json\/wp\/v2\/types\/page"}],"author":[{"embeddable":true,"href":"https:\/\/talkpal.ai\/de\/wp-json\/wp\/v2\/users\/20"}],"replies":[{"embeddable":true,"href":"https:\/\/talkpal.ai\/de\/wp-json\/wp\/v2\/comments?post=1463557"}],"version-history":[{"count":0,"href":"https:\/\/talkpal.ai\/de\/wp-json\/wp\/v2\/pages\/1463557\/revisions"}],"wp:attachment":[{"href":"https:\/\/talkpal.ai\/de\/wp-json\/wp\/v2\/media?parent=1463557"}],"curies":[{"name":"wp","href":"https:\/\/api.w.org\/{rel}","templated":true}]}}