{"id":1463521,"date":"2025-11-11T15:33:17","date_gmt":"2025-11-11T15:33:17","guid":{"rendered":"https:\/\/talkpal.ai\/baskische-grammatik\/"},"modified":"2025-12-30T15:33:23","modified_gmt":"2025-12-30T15:33:23","slug":"baskische-grammatik","status":"publish","type":"page","link":"https:\/\/talkpal.ai\/de\/baskische-grammatik\/","title":{"rendered":"Baskische Grammatik"},"content":{"rendered":"\r\n\r\n\r\n<section class=\"languageChallengeSection\">\r\n    <div class=\"languageInfoWrapper\">\r\n        \r\n        <h1>Baskische Grammatik<\/h1>\r\n        <p>Die baskische <a href=\"https:\/\/talkpal.ai\/fr\/les\/\">Grammatik<\/a> mag auf den ersten Blick herausfordernd erscheinen, aber ihre einzigartigen Eigenschaften machen das Erlernen der Sprache zu einer lohnenden Erfahrung. Durch die Erforschung des Alphabets, der Mutationen und der Grammatikregeln erhalten Sie einen Einblick in eine reiche sprachliche Tradition. Beginnen Sie Ihre Reise und entdecken Sie die Sch\u00f6nheit des Basken!<\/p>\r\n\r\n                            <a class=\"getStartedHidden\" href=\"https:\/\/app.talkpal.ai\/de\/signup?lng=\">Leg los<\/a>\r\n        \r\n    <\/div>\r\n\r\n    <figure>\r\n    <img decoding=\"async\" width=\"768\" height=\"768\" src=\"https:\/\/talkpal.ai\/wp-content\/uploads\/2023\/06\/welsh-768x768.png\" class=\"languageImage no-lazy\" alt=\"Default alt text\" fetchpriority=\"high\" sizes=\"(max-width: 768px) 150px, 768px\" srcset=\"https:\/\/talkpal.ai\/wp-content\/uploads\/2023\/06\/welsh-768x768.png 768w, https:\/\/talkpal.ai\/wp-content\/uploads\/2023\/06\/welsh-300x300.png 300w\" \/>\r\n    \r\n\r\n    <\/figure>\r\n\r\n            <a class=\"getStartedVisible\" href=\"https:\/\/app.talkpal.ai\/de\/signup?lng=\">Leg los<\/a>\r\n    \r\n<\/section><section class=\"promotionalBanner\">\r\n    <p class=\"promotionalText\">Der effizienteste Weg, eine Sprache zu lernen<\/p>\r\n    <a class=\"promotionalLink\" href=\"https:\/\/app.talkpal.ai\/de\/signup?lng=\">Talkpal kostenlos<\/a>\r\n<\/section>\n<div class=\"wp-block-group pageContainerStyle\"><div class=\"wp-block-group__inner-container is-layout-constrained wp-block-group-is-layout-constrained\">\n<h2 class=\"wp-block-heading\" id=\"h-navigating-the-intricacies-of-basque-grammar\">Navigieren in den Feinheiten der baskischen Grammatik<\/h2>\n\n\n\n<p><a href=\"https:\/\/talkpal.ai\/de\/baskisch-lernen\/\">Baskisch<\/a>, eine isolierte Sprache mit einer reichen Geschichte und kulturellen Bedeutung, bietet ein aufregendes Spracherlebnis f\u00fcr diejenigen, die ihr einzigartiges Grammatiksystem erkunden m\u00f6chten. Wenn Sie sich in die Welt des Baskischen begeben, werden Sie <a href=\"https:\/\/talkpal.ai\/culture\/how-do-i-use-the-word-nicht-nur-sondern-auch\/\">nicht nur<\/a> Ihr sprachliches Repertoire bereichern, sondern sich auch auf eine faszinierende kulturelle Reise begeben. W\u00e4hrend die baskische Grammatik auf den ersten Blick kompliziert erscheinen mag, macht die Zerlegung in Kernkomponenten das Erlernen der Sprache zug\u00e4nglicher. In diesem Artikel erkunden wir die faszinierende Welt der baskischen Grammatik und geben Tipps, wie Sie ihre Komplexit\u00e4t meistern k\u00f6nnen.<\/p>\n\n\n\n<h3 class=\"wp-block-heading\" id=\"h-1-basque-alphabet-and-phonetics\">1. Baskisches Alphabet und Phonetik<\/h3>\n\n\n\n<p>Das baskische Alphabet im Standardbaskischen besteht aus 27 Buchstaben. Zu den charakteristischen Merkmalen geh\u00f6ren die Digraphen &#8222;tx&#8220;, &#8222;tz&#8220; und &#8222;ts&#8220;, die f\u00fcr einzigartige Laute stehen, der Buchstabe &#8222;x&#8220;, der wie das englische &#8222;sh&#8220; ausgesprochen wird, und der Kontrast zwischen einfachem &#8222;r&#8220; und doppeltem &#8222;rr&#8220;. Einige Buchstaben wie &#8222;c&#8220;, &#8222;q&#8220;, &#8222;v&#8220;, &#8222;w&#8220; und &#8222;y&#8220; kommen haupts\u00e4chlich in Lehnw\u00f6rtern vor. Um die baskische Grammatik zu lernen, ist es wichtig, sich mit diesem Schriftsystem vertraut zu machen, indem man Lesen und Schreiben auf <a href=\"https:\/\/talkpal.ai\/learn-basque\/\">Baskisch<\/a> \u00fcbt.<\/p>\n\n\n\n<h3 class=\"wp-block-heading\" id=\"h-2-case-suffixes-and-ergativity-a-core-basque-feature\">2. Kasus-Suffixe und Ergativit\u00e4t: Ein zentrales baskisches Merkmal<\/h3>\n\n\n\n<p>Einer der auff\u00e4lligsten Aspekte der baskischen Grammatik ist ihre ergativ-absolutive Ausrichtung und das reichhaltige System von Kasussuffixen. Substantive und vollst\u00e4ndige Nominalphrasen haben Endungen, die ihre Rolle im Satz markieren, wie z. B. der Absolutiv (oft Null oder -a\/-ak mit dem bestimmten Artikel), der Ergativ (-k oder -ek), <a href=\"https:\/\/talkpal.ai\/de\/grammar\/der-dativ-in-der-deutschen-grammatik-eine-umfassende-anleitung\/\">der Dativ<\/a> (-ri oder -ei), <a href=\"https:\/\/talkpal.ai\/de\/grammar\/der-genitiv-in-der-deutschen-grammatik-eine-umfassende-anleitung\/\">der Genitiv<\/a> (-ren), der Inessiv (-n), der Allativ (-ra), der Ablativ (-tik), der Instrumental (-z) und der Komitativ (-ekin). Zu verstehen, wann und wie diese Endungen verwendet werden und dass sie an das letzte Wort der Nominalphrase angeh\u00e4ngt werden, ist f\u00fcr eine genaue Kommunikation im Baskischen von entscheidender Bedeutung.<\/p>\n\n\n\n<h3 class=\"wp-block-heading\" id=\"h-3-nouns-and-pronouns-gender-and-cases\">3. Substantive und Pronomen: Geschlecht und Kasus<\/h3>\n\n\n\n<p>Baskische Substantive haben kein grammatikalisches Geschlecht, was die \u00dcbereinstimmung vereinfacht, aber sie interagieren mit einem umfangreichen Kasussystem und Bestimmtheit. Zahl und Bestimmtheit werden typischerweise mit den Artikelsuffixen -a (bestimmter Singular) und -ak (bestimmter Plural oder Ergativ Singular) ausgedr\u00fcckt. Zu den Pronomen im Baskischen geh\u00f6ren <a href=\"https:\/\/talkpal.ai\/de\/grammar\/englische-grammatik-personalpronomen\/\">Personalpronomen<\/a> (ni, hi, zu, zuek, gu, bera, haiek), Possessivpronomen (nire, zure, bere, gure, zuen, haien), reflexiv (bere burua), Demonstrativ (hau, hori, hura) und Interrogativ (nor, zer, zein). Wenn Sie sich mit diesen Pronomen und ihren Formen in den verschiedenen F\u00e4llen vertraut machen, wird sich Ihr Verst\u00e4ndnis der baskischen Grammatik erheblich verbessern.<\/p>\n\n\n\n<h3 class=\"wp-block-heading\" id=\"h-4-verbs-structure-and-conjugation\">4. Verben: Struktur und Konjugation<\/h3>\n\n\n\n<p>Baskische Verben st\u00fctzen sich stark auf Hilfsverben und zeigen \u00dcbereinstimmung mit dem Subjekt und oft mit direkten und indirekten Objekten. Viele <a href=\"https:\/\/talkpal.ai\/zh-hans\/grammar_exercises\/zeitformen-%e5%be%b7%e5%9b%bd%e8%af%ad%e6%b3%95%e7%bb%83%e4%b9%a0\/\">Zeitformen<\/a> sind periphrastisch und <a href=\"https:\/\/talkpal.ai\/culture\/what-is-the-difference-between-bestehen-aus-and-bestehen-auf\/\">bestehen aus<\/a> Partizipien und den Hilfsformen izan und edun, w\u00e4hrend eine begrenzte Anzahl von Verben auch synthetische Formen hat. Die wesentlichen Zeitformen im Baskischen sind Gegenwart, Vergangenheit und Zukunft, mit zus\u00e4tzlichen Elementen wie bedingten und imperativen Stimmungen. Wenn Sie lernen, wie die Hilfsauswahl funktioniert, zusammen mit den wichtigsten Konjugationsmustern, verbessern Sie Ihre F\u00e4higkeit, effektiv auf Baskisch zu kommunizieren.<\/p>\n\n\n\n<h3 class=\"wp-block-heading\" id=\"h-5-adjectives-agreement-and-placement\">5. Adjektive: Vereinbarung und Platzierung<\/h3>\n\n\n\n<p>In der baskischen Grammatik folgen Adjektive in der Regel auf das Substantiv, das sie modifizieren. Adjektive selbst \u00e4ndern sich nicht in Bezug auf Zahl oder Geschlecht, aber das Determinat und das Kasussuffix f\u00fcr die gesamte Nominalphrase erscheinen auf dem letzten Element, oft dem Adjektiv. Komparative und Superlative werden h\u00e4ufig mit -ago und -en oder -ena gebildet, die unerl\u00e4sslich sind, um zu lernen, nat\u00fcrlicher zu kommunizieren.<\/p>\n\n\n\n<p><strong>Beispiele:<\/strong><\/p>\n\n\n\n<p><strong>\u2013 Ume Txikiak (kleine Kinder)<\/strong><\/p>\n\n\n\n<p><strong>\u2013 Maitasun Handi (Gro\u00dfe Liebe)<\/strong><\/p>\n\n\n\n<h3 class=\"wp-block-heading\" id=\"h-6-engaging-with-the-language\">6. Sich mit der Sprache besch\u00e4ftigen<\/h3>\n\n\n\n<p>Der effektivste Weg, die baskische Grammatik vollst\u00e4ndig zu verstehen und zu verinnerlichen, besteht darin, sich konsequent mit der Sprache auseinanderzusetzen. Indem Sie baskische Literatur lesen, baskische Filme oder Fernsehserien ansehen, baskisches Radio h\u00f6ren und aktiv mit Muttersprachlern kommunizieren, werden Sie Ihr Verst\u00e4ndnis der Grammatik vertiefen und gleichzeitig Ihren Wortschatz erweitern.<\/p>\n\n\n\n<h3 class=\"wp-block-heading\" id=\"h-conclusion\">Schlussfolgerung<\/h3>\n\n\n\n<p>Obwohl die baskische Grammatik kompliziert erscheinen mag, k\u00f6nnen Sie diese sch\u00f6ne Sprache mit Hingabe, \u00dcbung und Begeisterung beherrschen. Indem Sie sich auf die Grundregeln konzentrieren und sich mit der Sprache in verschiedenen Kontexten auseinandersetzen, werden Sie Ihre <a href=\"https:\/\/talkpal.ai\/de\/grammatik\/\">baskischen Grammatikkenntnisse<\/a> schnell verbessern. Viel Erfolg bei Ihrer Reise in die baskische Sprache und entdecken Sie die r\u00e4tselhafte und doch fesselnde Welt der baskischen Grammatik!<\/p>\n<\/div><\/div>\n\r\n<section class=\"learnNavigationSection\">\r\n            \r\n        <a href=\"https:\/\/talkpal.ai\/de\/baskisch-lernen\/\">\r\n            <div class=\"learnNavigationWrapper\">\r\n                <div class=\"learnNavigationContent\">\r\n                    <img decoding=\"async\" src=\"https:\/\/talkpal.ai\/wp-content\/uploads\/2025\/11\/Basque.png\" alt=\"Basque Flag\">\r\n                    <div>\r\n                        <h4>\u00dcber Baskisch lernen<\/h4>\r\n                        <p>Erfahren Sie alles \u00fcber die baskische Grammatik.<\/p>\r\n                    <\/div>\r\n                <\/div>\r\n            <\/div>\r\n        <\/a>\r\n\r\n        \r\n        <a href=\"https:\/\/talkpal.ai\/de\/baskische-grammatikuebungen\/\">\r\n            <div class=\"learnNavigationWrapper\">\r\n                <div class=\"learnNavigationContent\">\r\n                    <img decoding=\"async\" src=\"https:\/\/talkpal.ai\/wp-content\/uploads\/2025\/11\/Basque.png\" alt=\"Basque Flag\">\r\n                    <div>\r\n                        <h4>Baskische Grammatik\u00fcbung<\/h4>\r\n                        <p>\u00dcben Sie die baskische Grammatik.<\/p>\r\n                    <\/div>\r\n                <\/div>\r\n            <\/div>\r\n        <\/a>\r\n\r\n            <\/section>\n<p><\/p>\n","protected":false},"excerpt":{"rendered":"<p>Navigieren in den Feinheiten der baskischen Grammatik Baskisch, eine isolierte Sprache mit einer reichen Geschichte und kulturellen Bedeutung, bietet ein aufregendes Spracherlebnis f\u00fcr diejenigen, die ihr einzigartiges Grammatiksystem erkunden m\u00f6chten. Wenn Sie sich in die Welt des Baskischen begeben, werden Sie nicht nur Ihr sprachliches Repertoire bereichern, sondern sich auch auf eine faszinierende kulturelle Reise [&hellip;]<\/p>\n","protected":false},"author":20,"featured_media":0,"parent":0,"menu_order":0,"comment_status":"closed","ping_status":"closed","template":"LearningContentPage.php","meta":{"_acf_changed":false,"footnotes":""},"class_list":["post-1463521","page","type-page","status-publish","hentry"],"acf":[],"yoast_head":"<!-- This site is optimized with the Yoast SEO Premium plugin v27.2 (Yoast SEO v27.2) - https:\/\/yoast.com\/product\/yoast-seo-premium-wordpress\/ -->\n<title>Baskische Grammatik - Talkpal<\/title>\n<meta name=\"description\" content=\"Beherrschen Sie die baskische Grammatik mit diesem Leitfaden, der das Alphabet, die Phonetik, die Kasussuffixe und die Konjugationsregeln f\u00fcr Verben behandelt.\" \/>\n<meta name=\"robots\" content=\"index, follow, max-snippet:-1, max-image-preview:large, max-video-preview:-1\" \/>\n<link rel=\"canonical\" href=\"https:\/\/talkpal.ai\/de\/baskische-grammatik\/\" \/>\n<meta property=\"og:locale\" content=\"de_DE\" \/>\n<meta property=\"og:type\" content=\"article\" \/>\n<meta property=\"og:title\" content=\"Baskische Grammatik\" \/>\n<meta property=\"og:description\" content=\"Navigieren in den Feinheiten der baskischen Grammatik Baskisch, eine isolierte Sprache mit einer reichen Geschichte und kulturellen Bedeutung, bietet ein\" \/>\n<meta property=\"og:url\" content=\"https:\/\/talkpal.ai\/de\/baskische-grammatik\/\" \/>\n<meta property=\"og:site_name\" content=\"Talkpal\" \/>\n<meta property=\"article:publisher\" content=\"https:\/\/www.facebook.com\/profile.php?id=100090733639311\" \/>\n<meta property=\"article:modified_time\" content=\"2025-12-30T15:33:23+00:00\" \/>\n<meta property=\"og:image\" content=\"https:\/\/talkpal.ai\/wp-content\/uploads\/2025\/02\/Progress-tab-16_9.png\" \/>\n\t<meta property=\"og:image:width\" content=\"2880\" \/>\n\t<meta property=\"og:image:height\" content=\"1620\" \/>\n\t<meta property=\"og:image:type\" content=\"image\/png\" \/>\n<meta name=\"twitter:card\" content=\"summary_large_image\" \/>\n<meta name=\"twitter:site\" content=\"@talkpalai\" \/>\n<meta name=\"twitter:label1\" content=\"Gesch\u00e4tzte Lesezeit\" \/>\n\t<meta name=\"twitter:data1\" content=\"4\u00a0Minuten\" \/>\n<script type=\"application\/ld+json\" class=\"yoast-schema-graph\">{\"@context\":\"https:\/\/schema.org\",\"@graph\":[{\"@type\":\"WebPage\",\"@id\":\"https:\/\/talkpal.ai\/de\/baskische-grammatik\/\",\"url\":\"https:\/\/talkpal.ai\/de\/baskische-grammatik\/\",\"name\":\"Baskische Grammatik - Talkpal\",\"isPartOf\":{\"@id\":\"https:\/\/talkpal.ai\/de\/#website\"},\"datePublished\":\"2025-11-11T15:33:17+00:00\",\"dateModified\":\"2025-12-30T15:33:23+00:00\",\"description\":\"Beherrschen Sie die baskische Grammatik mit diesem Leitfaden, der das Alphabet, die Phonetik, die Kasussuffixe und die Konjugationsregeln f\u00fcr Verben behandelt.\",\"breadcrumb\":{\"@id\":\"https:\/\/talkpal.ai\/de\/baskische-grammatik\/#breadcrumb\"},\"inLanguage\":\"de\",\"potentialAction\":[{\"@type\":\"ReadAction\",\"target\":[\"https:\/\/talkpal.ai\/de\/baskische-grammatik\/\"]}]},{\"@type\":\"BreadcrumbList\",\"@id\":\"https:\/\/talkpal.ai\/de\/baskische-grammatik\/#breadcrumb\",\"itemListElement\":[{\"@type\":\"ListItem\",\"position\":1,\"name\":\"Homepage\",\"item\":\"https:\/\/talkpal.ai\/de\/\"},{\"@type\":\"ListItem\",\"position\":2,\"name\":\"Baskische Grammatik\"}]},{\"@type\":\"WebSite\",\"@id\":\"https:\/\/talkpal.ai\/de\/#website\",\"url\":\"https:\/\/talkpal.ai\/de\/\",\"name\":\"Talkpal\",\"description\":\"AI Language Learning\",\"publisher\":{\"@id\":\"https:\/\/talkpal.ai\/de\/#organization\"},\"alternateName\":\"Talkpal AI\",\"potentialAction\":[{\"@type\":\"SearchAction\",\"target\":{\"@type\":\"EntryPoint\",\"urlTemplate\":\"https:\/\/talkpal.ai\/de\/?s={search_term_string}\"},\"query-input\":{\"@type\":\"PropertyValueSpecification\",\"valueRequired\":true,\"valueName\":\"search_term_string\"}}],\"inLanguage\":\"de\"},{\"@type\":\"Organization\",\"@id\":\"https:\/\/talkpal.ai\/de\/#organization\",\"name\":\"Talkpal, Inc.\",\"alternateName\":\"Talkpal AI\",\"url\":\"https:\/\/talkpal.ai\/de\/\",\"logo\":{\"@type\":\"ImageObject\",\"inLanguage\":\"de\",\"@id\":\"https:\/\/talkpal.ai\/de\/#\/schema\/logo\/image\/\",\"url\":\"https:\/\/talkpal.ai\/wp-content\/uploads\/2024\/03\/Talkpal-Logo-Icon.png\",\"contentUrl\":\"https:\/\/talkpal.ai\/wp-content\/uploads\/2024\/03\/Talkpal-Logo-Icon.png\",\"width\":2880,\"height\":2880,\"caption\":\"Talkpal, Inc.\"},\"image\":{\"@id\":\"https:\/\/talkpal.ai\/de\/#\/schema\/logo\/image\/\"},\"sameAs\":[\"https:\/\/www.facebook.com\/profile.php?id=100090733639311\",\"https:\/\/x.com\/talkpalai\",\"https:\/\/www.linkedin.com\/company\/talkpal\/\",\"https:\/\/www.youtube.com\/@TalkPal\/\",\"https:\/\/www.tiktok.com\/@talkpal\",\"https:\/\/www.instagram.com\/talkpal_ai\/\",\"https:\/\/www.crunchbase.com\/organization\/talkpal-9cde\",\"https:\/\/www.g2.com\/products\/talkpal-for-business\/\",\"https:\/\/www.trustpilot.com\/review\/talkpal.ai\",\"https:\/\/www.capterra.com\/p\/10006800\/TalkPal\/\"],\"description\":\"Talkpal is a language learning web and mobile education app, powered by the latest AI technologies, that provides engaging experiences to its customers in many different languages to help them improve their language skills. Users can chat about unlimited amount of topics with the app and use other modes to practice their language learning.\",\"email\":\"support@talkpal.ai\",\"legalName\":\"Talkpal, Inc.\",\"foundingDate\":\"2023-04-03\",\"duns\":\"118989042\",\"numberOfEmployees\":{\"@type\":\"QuantitativeValue\",\"minValue\":\"11\",\"maxValue\":\"50\"},\"publishingPrinciples\":\"https:\/\/talkpal.ai\/publishing-principles\/\",\"actionableFeedbackPolicy\":\"https:\/\/talkpal.ai\/actionable-feedback-policy\/\",\"correctionsPolicy\":\"https:\/\/talkpal.ai\/corrections-policy\/\",\"ethicsPolicy\":\"https:\/\/talkpal.ai\/ethics-policy\/\",\"diversityPolicy\":\"https:\/\/talkpal.ai\/diversity-policy\/\",\"diversityStaffingReport\":\"https:\/\/talkpal.ai\/diversity-policy\/\"}]}<\/script>\n<!-- \/ Yoast SEO Premium plugin. -->","yoast_head_json":{"title":"Baskische Grammatik - Talkpal","description":"Beherrschen Sie die baskische Grammatik mit diesem Leitfaden, der das Alphabet, die Phonetik, die Kasussuffixe und die Konjugationsregeln f\u00fcr Verben behandelt.","robots":{"index":"index","follow":"follow","max-snippet":"max-snippet:-1","max-image-preview":"max-image-preview:large","max-video-preview":"max-video-preview:-1"},"canonical":"https:\/\/talkpal.ai\/de\/baskische-grammatik\/","og_locale":"de_DE","og_type":"article","og_title":"Baskische Grammatik","og_description":"Navigieren in den Feinheiten der baskischen Grammatik Baskisch, eine isolierte Sprache mit einer reichen Geschichte und kulturellen Bedeutung, bietet ein","og_url":"https:\/\/talkpal.ai\/de\/baskische-grammatik\/","og_site_name":"Talkpal","article_publisher":"https:\/\/www.facebook.com\/profile.php?id=100090733639311","article_modified_time":"2025-12-30T15:33:23+00:00","og_image":[{"width":2880,"height":1620,"url":"https:\/\/talkpal.ai\/wp-content\/uploads\/2025\/02\/Progress-tab-16_9.png","type":"image\/png"}],"twitter_card":"summary_large_image","twitter_site":"@talkpalai","twitter_misc":{"Gesch\u00e4tzte Lesezeit":"4\u00a0Minuten"},"schema":{"@context":"https:\/\/schema.org","@graph":[{"@type":"WebPage","@id":"https:\/\/talkpal.ai\/de\/baskische-grammatik\/","url":"https:\/\/talkpal.ai\/de\/baskische-grammatik\/","name":"Baskische Grammatik - Talkpal","isPartOf":{"@id":"https:\/\/talkpal.ai\/de\/#website"},"datePublished":"2025-11-11T15:33:17+00:00","dateModified":"2025-12-30T15:33:23+00:00","description":"Beherrschen Sie die baskische Grammatik mit diesem Leitfaden, der das Alphabet, die Phonetik, die Kasussuffixe und die Konjugationsregeln f\u00fcr Verben behandelt.","breadcrumb":{"@id":"https:\/\/talkpal.ai\/de\/baskische-grammatik\/#breadcrumb"},"inLanguage":"de","potentialAction":[{"@type":"ReadAction","target":["https:\/\/talkpal.ai\/de\/baskische-grammatik\/"]}]},{"@type":"BreadcrumbList","@id":"https:\/\/talkpal.ai\/de\/baskische-grammatik\/#breadcrumb","itemListElement":[{"@type":"ListItem","position":1,"name":"Homepage","item":"https:\/\/talkpal.ai\/de\/"},{"@type":"ListItem","position":2,"name":"Baskische Grammatik"}]},{"@type":"WebSite","@id":"https:\/\/talkpal.ai\/de\/#website","url":"https:\/\/talkpal.ai\/de\/","name":"Talkpal","description":"AI Language Learning","publisher":{"@id":"https:\/\/talkpal.ai\/de\/#organization"},"alternateName":"Talkpal AI","potentialAction":[{"@type":"SearchAction","target":{"@type":"EntryPoint","urlTemplate":"https:\/\/talkpal.ai\/de\/?s={search_term_string}"},"query-input":{"@type":"PropertyValueSpecification","valueRequired":true,"valueName":"search_term_string"}}],"inLanguage":"de"},{"@type":"Organization","@id":"https:\/\/talkpal.ai\/de\/#organization","name":"Talkpal, Inc.","alternateName":"Talkpal AI","url":"https:\/\/talkpal.ai\/de\/","logo":{"@type":"ImageObject","inLanguage":"de","@id":"https:\/\/talkpal.ai\/de\/#\/schema\/logo\/image\/","url":"https:\/\/talkpal.ai\/wp-content\/uploads\/2024\/03\/Talkpal-Logo-Icon.png","contentUrl":"https:\/\/talkpal.ai\/wp-content\/uploads\/2024\/03\/Talkpal-Logo-Icon.png","width":2880,"height":2880,"caption":"Talkpal, Inc."},"image":{"@id":"https:\/\/talkpal.ai\/de\/#\/schema\/logo\/image\/"},"sameAs":["https:\/\/www.facebook.com\/profile.php?id=100090733639311","https:\/\/x.com\/talkpalai","https:\/\/www.linkedin.com\/company\/talkpal\/","https:\/\/www.youtube.com\/@TalkPal\/","https:\/\/www.tiktok.com\/@talkpal","https:\/\/www.instagram.com\/talkpal_ai\/","https:\/\/www.crunchbase.com\/organization\/talkpal-9cde","https:\/\/www.g2.com\/products\/talkpal-for-business\/","https:\/\/www.trustpilot.com\/review\/talkpal.ai","https:\/\/www.capterra.com\/p\/10006800\/TalkPal\/"],"description":"Talkpal is a language learning web and mobile education app, powered by the latest AI technologies, that provides engaging experiences to its customers in many different languages to help them improve their language skills. Users can chat about unlimited amount of topics with the app and use other modes to practice their language learning.","email":"support@talkpal.ai","legalName":"Talkpal, Inc.","foundingDate":"2023-04-03","duns":"118989042","numberOfEmployees":{"@type":"QuantitativeValue","minValue":"11","maxValue":"50"},"publishingPrinciples":"https:\/\/talkpal.ai\/publishing-principles\/","actionableFeedbackPolicy":"https:\/\/talkpal.ai\/actionable-feedback-policy\/","correctionsPolicy":"https:\/\/talkpal.ai\/corrections-policy\/","ethicsPolicy":"https:\/\/talkpal.ai\/ethics-policy\/","diversityPolicy":"https:\/\/talkpal.ai\/diversity-policy\/","diversityStaffingReport":"https:\/\/talkpal.ai\/diversity-policy\/"}]}},"_links":{"self":[{"href":"https:\/\/talkpal.ai\/de\/wp-json\/wp\/v2\/pages\/1463521","targetHints":{"allow":["GET"]}}],"collection":[{"href":"https:\/\/talkpal.ai\/de\/wp-json\/wp\/v2\/pages"}],"about":[{"href":"https:\/\/talkpal.ai\/de\/wp-json\/wp\/v2\/types\/page"}],"author":[{"embeddable":true,"href":"https:\/\/talkpal.ai\/de\/wp-json\/wp\/v2\/users\/20"}],"replies":[{"embeddable":true,"href":"https:\/\/talkpal.ai\/de\/wp-json\/wp\/v2\/comments?post=1463521"}],"version-history":[{"count":0,"href":"https:\/\/talkpal.ai\/de\/wp-json\/wp\/v2\/pages\/1463521\/revisions"}],"wp:attachment":[{"href":"https:\/\/talkpal.ai\/de\/wp-json\/wp\/v2\/media?parent=1463521"}],"curies":[{"name":"wp","href":"https:\/\/api.w.org\/{rel}","templated":true}]}}