{"id":1463520,"date":"2025-11-11T15:06:39","date_gmt":"2025-11-11T15:06:39","guid":{"rendered":"https:\/\/talkpal.ai\/assamesische-grammatik\/"},"modified":"2025-12-30T15:42:16","modified_gmt":"2025-12-30T15:42:16","slug":"assamesische-grammatik","status":"publish","type":"page","link":"https:\/\/talkpal.ai\/de\/assamesische-grammatik\/","title":{"rendered":"Assamesische Grammatik"},"content":{"rendered":"\r\n\r\n\r\n<section class=\"languageChallengeSection\">\r\n    <div class=\"languageInfoWrapper\">\r\n        \r\n        <h1>Assamesische Grammatik<\/h1>\r\n        <p>Die assamesische <a href=\"https:\/\/talkpal.ai\/fr\/les\/\">Grammatik<\/a> mag auf den ersten Blick herausfordernd erscheinen, aber ihre einzigartigen Eigenschaften machen das Erlernen der Sprache zu einer lohnenden Erfahrung. Durch die Erforschung des Alphabets, der Mutationen und der Grammatikregeln erhalten Sie einen Einblick in eine reiche sprachliche Tradition. Beginnen Sie Ihre Reise und entdecken Sie die Sch\u00f6nheit des Assamesischen!<\/p>\r\n\r\n                            <a class=\"getStartedHidden\" href=\"https:\/\/app.talkpal.ai\/de\/signup?lng=\">Leg los<\/a>\r\n        \r\n    <\/div>\r\n\r\n    <figure>\r\n    <img decoding=\"async\" width=\"768\" height=\"768\" src=\"https:\/\/talkpal.ai\/wp-content\/uploads\/2023\/06\/welsh-768x768.png\" class=\"languageImage no-lazy\" alt=\"Default alt text\" fetchpriority=\"high\" sizes=\"(max-width: 768px) 150px, 768px\" srcset=\"https:\/\/talkpal.ai\/wp-content\/uploads\/2023\/06\/welsh-768x768.png 768w, https:\/\/talkpal.ai\/wp-content\/uploads\/2023\/06\/welsh-300x300.png 300w\" \/>\r\n    \r\n\r\n    <\/figure>\r\n\r\n            <a class=\"getStartedVisible\" href=\"https:\/\/app.talkpal.ai\/de\/signup?lng=\">Leg los<\/a>\r\n    \r\n<\/section><section class=\"promotionalBanner\">\r\n    <p class=\"promotionalText\">Der effizienteste Weg, eine Sprache zu lernen<\/p>\r\n    <a class=\"promotionalLink\" href=\"https:\/\/app.talkpal.ai\/de\/signup?lng=\">Talkpal kostenlos<\/a>\r\n<\/section>\n<div class=\"wp-block-group pageContainerStyle\"><div class=\"wp-block-group__inner-container is-layout-constrained wp-block-group-is-layout-constrained\">\n<h2 class=\"wp-block-heading\" id=\"h-navigating-the-intricacies-of-assamese-grammar\">Navigieren in den Feinheiten der assamesischen Grammatik<\/h2>\n\n\n\n<p><a href=\"https:\/\/talkpal.ai\/de\/assamesisch-lernen\/\">Assamesisch<\/a>, eine indoarische Sprache mit einer reichen Geschichte und kulturellen Bedeutung, bietet ein aufregendes sprachliches Erlebnis f\u00fcr diejenigen, die ihr einzigartiges Grammatiksystem erkunden m\u00f6chten. Wenn Sie sich in das Reich des Assamesischen wagen, werden Sie <a href=\"https:\/\/talkpal.ai\/culture\/how-do-i-use-the-word-nicht-nur-sondern-auch\/\">nicht nur<\/a> Ihr sprachliches Repertoire bereichern, sondern auch eine faszinierende kulturelle Reise unternehmen. W\u00e4hrend die <a href=\"https:\/\/talkpal.ai\/assamese-grammar\/\">assamesische Grammatik<\/a> auf den ersten Blick kompliziert erscheinen mag, macht die Zerlegung in Kernkomponenten das Erlernen der Sprache zug\u00e4nglicher. In diesem Artikel erkunden wir die faszinierende Welt der assamesischen Grammatik und geben Tipps, wie Sie ihre Komplexit\u00e4t meistern k\u00f6nnen.<\/p>\n\n\n\n<h3 class=\"wp-block-heading\" id=\"h-1-assamese-alphabet-and-phonetics\">1. Assamesisches Alphabet und Phonetik<\/h3>\n\n\n\n<p>Das assamesische Schriftsystem verwendet die \u00f6stliche Nagari-Schrift und enth\u00e4lt charakteristische Zeichen und Lautwerte wie \u09f0 ra und \u09f1 wa sowie Konsonantencluster und diakritische Vokale. Um die assamesische Grammatik zu lernen, ist es wichtig, sich mit dieser Schrift und ihrer Phonetik vertraut zu machen, indem man das Lesen und Schreiben auf <a href=\"https:\/\/talkpal.ai\/learn-assamese\/\">Assamesisch<\/a> \u00fcbt.<\/p>\n\n\n\n<h3 class=\"wp-block-heading\" id=\"h-2-sandhi-and-sound-changes-a-peculiar-assamese-feature\">2. Sandhi und Klangver\u00e4nderungen: Ein eigent\u00fcmliches assamesisches Merkmal<\/h3>\n\n\n\n<p>Ein auff\u00e4lliger Aspekt des Assamesischen ist die Rolle von Sandhi und phonologischen Ver\u00e4nderungen, die auftreten, wenn W\u00f6rter kombiniert oder Suffixe angeh\u00e4ngt werden. Sie werden auf Prozesse wie die Schwa-L\u00f6schung in der Umgangssprache, das Gleiten zwischen Vokalen und wechselnde Formen von Kasusmarkern und Suffixen sto\u00dfen, z. B. -or oder -ar f\u00fcr den Genitiv und -ok oder -ak f\u00fcr den Akkusativ oder Dativ. Zu verstehen, wann und wie diese Ver\u00e4nderungen auftreten, ist f\u00fcr eine genaue und nat\u00fcrliche Kommunikation auf Assamesisch von entscheidender Bedeutung.<\/p>\n\n\n\n<h3 class=\"wp-block-heading\" id=\"h-3-nouns-and-pronouns-number-classifiers-and-cases\">3. Substantive und Pronomen: Zahl, Klassifikatoren und F\u00e4lle<\/h3>\n\n\n\n<p>Assamesische Substantive haben kein grammatikalisches Geschlecht, aber Zahl und Bestimmtheit werden durch Pluralmarker und Klassifikatoren ausgedr\u00fcckt. H\u00e4ufige Pluralmarker sind -bor und -bilak, w\u00e4hrend Klassifikatoren wie -ta, -khon und -zoni h\u00e4ufig in Nominalphrasen mit Ziffern oder Bestimmtheit vorkommen. Assamesisch verwendet Postpositionen und Kasusmarker, einschlie\u00dflich Genitiv -or oder -ar, Akkusativ oder Dativ -ok oder -ak, Lokativ -at oder -ot, instrumental oder agentiv -e, Ablativ -pora und Komitativ logot. Zu den Pronomen geh\u00f6ren Personalformen wie moi i, toi oder tumi oder apuni u mit unterschiedlicher Vertrautheit und H\u00f6flichkeit, und se he oder she, mit Pluralformen wie <a href=\"https:\/\/talkpal.ai\/locations\/language-courses-in-ami\/\">ami<\/a> we und teolok they. Possessivformen werden mit dem Genitiv gebildet, wie z.B. mur my, tomar ur, apunar deine h\u00f6flich, tar his oder her. Reflexive nij und nijeke, Demonstrative eita this und seita that und Fragew\u00f6rter wie kune who, ki what, kot where und ketiya when sind essentiell f\u00fcr das Lernen.<\/p>\n\n\n\n<h3 class=\"wp-block-heading\" id=\"h-4-verbs-structure-and-conjugation\">4. Verben: Struktur und Konjugation<\/h3>\n\n\n\n<p>Assamesische Verben sind nach Zeit, Aspekt, Stimmung und Polarit\u00e4t gekennzeichnet, oft mit Hilfsverben und zeigen eine begrenzte \u00dcbereinstimmung. Die wesentlichen <a href=\"https:\/\/talkpal.ai\/zh-hans\/grammar_exercises\/zeitformen-%e5%be%b7%e5%9b%bd%e8%af%ad%e6%b3%95%e7%bb%83%e4%b9%a0\/\">Zeitformen<\/a> sind Gegenwart, Vergangenheit und Zukunft, neben Aspekten wie progressiv und perfektiv. In der Negation wird typischerweise na vor dem Verb oder Hilfsverb verwendet, und das negative Existentielle ist nai. Die Imperative variieren je nach H\u00f6flichkeitsgrad, z. B. kor do, kora oder korun polite. Das Erlernen der wichtigsten Konjugationsmuster und wie Auxiliare den Aspekt ausdr\u00fccken, wird Ihre F\u00e4higkeit, effektiv auf Assamesisch zu kommunizieren, erheblich verbessern.<\/p>\n\n\n\n<h3 class=\"wp-block-heading\" id=\"h-5-adjectives-agreement-and-placement\">5. Adjektive: Vereinbarung und Platzierung<\/h3>\n\n\n\n<p>n In der assamesischen Grammatik gehen Adjektive in der Regel dem Substantiv voraus, das sie modifizieren, und stimmen weder im Geschlecht noch in der Zahl mit dem Substantiv \u00fcberein. Vergleichsgrade werden h\u00e4ufig mit Adverbien und periphrastischen Konstruktionen gebildet, z. B. mit besi f\u00fcr mehr und sehr vielen Markern f\u00fcr die Betonung. Das Erlernen g\u00e4ngiger Muster hilft Ihnen, in der Alltagssprache nat\u00fcrlich zu klingen.  <\/p>\n\n\n\n<p><strong>Beispiele:<\/strong><\/p>\n\n\n\n<p><strong>\u2013 Dangor Morom (Gro\u00dfe Liebe)<\/strong><\/p>\n\n\n\n<p><strong>\u2013 Xoru Sishu-bilak (Kleine Kinder)<\/strong><\/p>\n\n\n\n<h3 class=\"wp-block-heading\" id=\"h-6-engaging-with-the-language\">6. Sich mit der Sprache besch\u00e4ftigen<\/h3>\n\n\n\n<p>Der effektivste Weg, die assamesische Grammatik vollst\u00e4ndig zu verstehen und zu verinnerlichen, besteht darin, sich konsequent mit der Sprache auseinanderzusetzen. Indem Sie assamesische Literatur lesen, assamesische Filme oder Fernsehserien ansehen, assamesische Nachrichten oder Radio h\u00f6ren und aktiv mit Muttersprachlern kommunizieren, werden Sie Ihr Verst\u00e4ndnis der Grammatik st\u00e4rken und gleichzeitig Ihren Wortschatz erweitern.<\/p>\n\n\n\n<h3 class=\"wp-block-heading\" id=\"h-conclusion\">Schlussfolgerung<\/h3>\n\n\n\n<p>Obwohl die assamesische Grammatik kompliziert erscheinen mag, k\u00f6nnen Sie diese sch\u00f6ne Sprache mit Hingabe, \u00dcbung und Begeisterung beherrschen. Indem Sie sich auf die Grundregeln konzentrieren und sich mit der Sprache in verschiedenen Kontexten auseinandersetzen, werden Sie Ihre <a href=\"https:\/\/talkpal.ai\/de\/grammatik\/\">assamesischen Grammatikkenntnisse<\/a> schnell verbessern. Xubheccha (viel Gl\u00fcck) bei Ihrer assamesischen Sprachreise und genie\u00dfen Sie es, die reiche und fesselnde Welt der assamesischen Grammatik zu entr\u00e4tseln!<\/p>\n<\/div><\/div>\n\r\n<section class=\"learnNavigationSection\">\r\n            \r\n        <a href=\"https:\/\/talkpal.ai\/de\/assamesisch-lernen\/\">\r\n            <div class=\"learnNavigationWrapper\">\r\n                <div class=\"learnNavigationContent\">\r\n                    <img decoding=\"async\" src=\"https:\/\/talkpal.ai\/wp-content\/uploads\/2025\/11\/Assamese.png\" alt=\"Indian Simplified Flag\">\r\n                    <div>\r\n                        <h4>\u00dcber Assamesisch Learning<\/h4>\r\n                        <p>Erfahren Sie alles \u00fcber die assamesische Grammatik.<\/p>\r\n                    <\/div>\r\n                <\/div>\r\n            <\/div>\r\n        <\/a>\r\n\r\n        \r\n        <a href=\"https:\/\/talkpal.ai\/de\/assamesische-grammatikuebungen\/\">\r\n            <div class=\"learnNavigationWrapper\">\r\n                <div class=\"learnNavigationContent\">\r\n                    <img decoding=\"async\" src=\"https:\/\/talkpal.ai\/wp-content\/uploads\/2025\/11\/Assamese.png\" alt=\"Indian Simplified Flag\">\r\n                    <div>\r\n                        <h4>Assamesische Grammatik\u00fcbung<\/h4>\r\n                        <p>\u00dcbe die assamesische Grammatik.<\/p>\r\n                    <\/div>\r\n                <\/div>\r\n            <\/div>\r\n        <\/a>\r\n\r\n            <\/section>","protected":false},"excerpt":{"rendered":"<p>Navigieren in den Feinheiten der assamesischen Grammatik Assamesisch, eine indoarische Sprache mit einer reichen Geschichte und kulturellen Bedeutung, bietet ein aufregendes sprachliches Erlebnis f\u00fcr diejenigen, die ihr einzigartiges Grammatiksystem erkunden m\u00f6chten. Wenn Sie sich in das Reich des Assamesischen wagen, werden Sie nicht nur Ihr sprachliches Repertoire bereichern, sondern auch eine faszinierende kulturelle Reise unternehmen. [&hellip;]<\/p>\n","protected":false},"author":20,"featured_media":0,"parent":0,"menu_order":0,"comment_status":"closed","ping_status":"closed","template":"LearningContentPage.php","meta":{"_acf_changed":false,"footnotes":""},"class_list":["post-1463520","page","type-page","status-publish","hentry"],"acf":[],"yoast_head":"<!-- This site is optimized with the Yoast SEO Premium plugin v27.2 (Yoast SEO v27.2) - https:\/\/yoast.com\/product\/yoast-seo-premium-wordpress\/ -->\n<title>Assamesische Grammatik - Talkpal<\/title>\n<meta name=\"description\" content=\"Meistern Sie die Feinheiten der assamesischen Grammatik mit Talkpal AI, um Ihre Sprachkenntnisse zu verbessern und noch heute selbstbewusst zu sprechen.\" \/>\n<meta name=\"robots\" content=\"index, follow, max-snippet:-1, max-image-preview:large, max-video-preview:-1\" \/>\n<link rel=\"canonical\" href=\"https:\/\/talkpal.ai\/de\/assamesische-grammatik\/\" \/>\n<meta property=\"og:locale\" content=\"de_DE\" \/>\n<meta property=\"og:type\" content=\"article\" \/>\n<meta property=\"og:title\" content=\"Assamesische Grammatik\" \/>\n<meta property=\"og:description\" content=\"Navigieren in den Feinheiten der assamesischen Grammatik Assamesisch, eine indoarische Sprache mit einer reichen Geschichte und kulturellen Bedeutung,\" \/>\n<meta property=\"og:url\" content=\"https:\/\/talkpal.ai\/de\/assamesische-grammatik\/\" \/>\n<meta property=\"og:site_name\" content=\"Talkpal\" \/>\n<meta property=\"article:publisher\" content=\"https:\/\/www.facebook.com\/profile.php?id=100090733639311\" \/>\n<meta property=\"article:modified_time\" content=\"2025-12-30T15:42:16+00:00\" \/>\n<meta property=\"og:image\" content=\"https:\/\/talkpal.ai\/wp-content\/uploads\/2025\/02\/Progress-tab-16_9.png\" \/>\n\t<meta property=\"og:image:width\" content=\"2880\" \/>\n\t<meta property=\"og:image:height\" content=\"1620\" \/>\n\t<meta property=\"og:image:type\" content=\"image\/png\" \/>\n<meta name=\"twitter:card\" content=\"summary_large_image\" \/>\n<meta name=\"twitter:site\" content=\"@talkpalai\" \/>\n<meta name=\"twitter:label1\" content=\"Gesch\u00e4tzte Lesezeit\" \/>\n\t<meta name=\"twitter:data1\" content=\"4\u00a0Minuten\" \/>\n<script type=\"application\/ld+json\" class=\"yoast-schema-graph\">{\"@context\":\"https:\/\/schema.org\",\"@graph\":[{\"@type\":\"WebPage\",\"@id\":\"https:\/\/talkpal.ai\/de\/assamesische-grammatik\/\",\"url\":\"https:\/\/talkpal.ai\/de\/assamesische-grammatik\/\",\"name\":\"Assamesische Grammatik - Talkpal\",\"isPartOf\":{\"@id\":\"https:\/\/talkpal.ai\/de\/#website\"},\"datePublished\":\"2025-11-11T15:06:39+00:00\",\"dateModified\":\"2025-12-30T15:42:16+00:00\",\"description\":\"Meistern Sie die Feinheiten der assamesischen Grammatik mit Talkpal AI, um Ihre Sprachkenntnisse zu verbessern und noch heute selbstbewusst zu sprechen.\",\"breadcrumb\":{\"@id\":\"https:\/\/talkpal.ai\/de\/assamesische-grammatik\/#breadcrumb\"},\"inLanguage\":\"de\",\"potentialAction\":[{\"@type\":\"ReadAction\",\"target\":[\"https:\/\/talkpal.ai\/de\/assamesische-grammatik\/\"]}]},{\"@type\":\"BreadcrumbList\",\"@id\":\"https:\/\/talkpal.ai\/de\/assamesische-grammatik\/#breadcrumb\",\"itemListElement\":[{\"@type\":\"ListItem\",\"position\":1,\"name\":\"Homepage\",\"item\":\"https:\/\/talkpal.ai\/de\/\"},{\"@type\":\"ListItem\",\"position\":2,\"name\":\"Assamesische Grammatik\"}]},{\"@type\":\"WebSite\",\"@id\":\"https:\/\/talkpal.ai\/de\/#website\",\"url\":\"https:\/\/talkpal.ai\/de\/\",\"name\":\"Talkpal\",\"description\":\"AI Language Learning\",\"publisher\":{\"@id\":\"https:\/\/talkpal.ai\/de\/#organization\"},\"alternateName\":\"Talkpal AI\",\"potentialAction\":[{\"@type\":\"SearchAction\",\"target\":{\"@type\":\"EntryPoint\",\"urlTemplate\":\"https:\/\/talkpal.ai\/de\/?s={search_term_string}\"},\"query-input\":{\"@type\":\"PropertyValueSpecification\",\"valueRequired\":true,\"valueName\":\"search_term_string\"}}],\"inLanguage\":\"de\"},{\"@type\":\"Organization\",\"@id\":\"https:\/\/talkpal.ai\/de\/#organization\",\"name\":\"Talkpal, Inc.\",\"alternateName\":\"Talkpal AI\",\"url\":\"https:\/\/talkpal.ai\/de\/\",\"logo\":{\"@type\":\"ImageObject\",\"inLanguage\":\"de\",\"@id\":\"https:\/\/talkpal.ai\/de\/#\/schema\/logo\/image\/\",\"url\":\"https:\/\/talkpal.ai\/wp-content\/uploads\/2024\/03\/Talkpal-Logo-Icon.png\",\"contentUrl\":\"https:\/\/talkpal.ai\/wp-content\/uploads\/2024\/03\/Talkpal-Logo-Icon.png\",\"width\":2880,\"height\":2880,\"caption\":\"Talkpal, Inc.\"},\"image\":{\"@id\":\"https:\/\/talkpal.ai\/de\/#\/schema\/logo\/image\/\"},\"sameAs\":[\"https:\/\/www.facebook.com\/profile.php?id=100090733639311\",\"https:\/\/x.com\/talkpalai\",\"https:\/\/www.linkedin.com\/company\/talkpal\/\",\"https:\/\/www.youtube.com\/@TalkPal\/\",\"https:\/\/www.tiktok.com\/@talkpal\",\"https:\/\/www.instagram.com\/talkpal_ai\/\",\"https:\/\/www.crunchbase.com\/organization\/talkpal-9cde\",\"https:\/\/www.g2.com\/products\/talkpal-for-business\/\",\"https:\/\/www.trustpilot.com\/review\/talkpal.ai\",\"https:\/\/www.capterra.com\/p\/10006800\/TalkPal\/\"],\"description\":\"Talkpal is a language learning web and mobile education app, powered by the latest AI technologies, that provides engaging experiences to its customers in many different languages to help them improve their language skills. Users can chat about unlimited amount of topics with the app and use other modes to practice their language learning.\",\"email\":\"support@talkpal.ai\",\"legalName\":\"Talkpal, Inc.\",\"foundingDate\":\"2023-04-03\",\"duns\":\"118989042\",\"numberOfEmployees\":{\"@type\":\"QuantitativeValue\",\"minValue\":\"11\",\"maxValue\":\"50\"},\"publishingPrinciples\":\"https:\/\/talkpal.ai\/publishing-principles\/\",\"actionableFeedbackPolicy\":\"https:\/\/talkpal.ai\/actionable-feedback-policy\/\",\"correctionsPolicy\":\"https:\/\/talkpal.ai\/corrections-policy\/\",\"ethicsPolicy\":\"https:\/\/talkpal.ai\/ethics-policy\/\",\"diversityPolicy\":\"https:\/\/talkpal.ai\/diversity-policy\/\",\"diversityStaffingReport\":\"https:\/\/talkpal.ai\/diversity-policy\/\"}]}<\/script>\n<!-- \/ Yoast SEO Premium plugin. -->","yoast_head_json":{"title":"Assamesische Grammatik - Talkpal","description":"Meistern Sie die Feinheiten der assamesischen Grammatik mit Talkpal AI, um Ihre Sprachkenntnisse zu verbessern und noch heute selbstbewusst zu sprechen.","robots":{"index":"index","follow":"follow","max-snippet":"max-snippet:-1","max-image-preview":"max-image-preview:large","max-video-preview":"max-video-preview:-1"},"canonical":"https:\/\/talkpal.ai\/de\/assamesische-grammatik\/","og_locale":"de_DE","og_type":"article","og_title":"Assamesische Grammatik","og_description":"Navigieren in den Feinheiten der assamesischen Grammatik Assamesisch, eine indoarische Sprache mit einer reichen Geschichte und kulturellen Bedeutung,","og_url":"https:\/\/talkpal.ai\/de\/assamesische-grammatik\/","og_site_name":"Talkpal","article_publisher":"https:\/\/www.facebook.com\/profile.php?id=100090733639311","article_modified_time":"2025-12-30T15:42:16+00:00","og_image":[{"width":2880,"height":1620,"url":"https:\/\/talkpal.ai\/wp-content\/uploads\/2025\/02\/Progress-tab-16_9.png","type":"image\/png"}],"twitter_card":"summary_large_image","twitter_site":"@talkpalai","twitter_misc":{"Gesch\u00e4tzte Lesezeit":"4\u00a0Minuten"},"schema":{"@context":"https:\/\/schema.org","@graph":[{"@type":"WebPage","@id":"https:\/\/talkpal.ai\/de\/assamesische-grammatik\/","url":"https:\/\/talkpal.ai\/de\/assamesische-grammatik\/","name":"Assamesische Grammatik - Talkpal","isPartOf":{"@id":"https:\/\/talkpal.ai\/de\/#website"},"datePublished":"2025-11-11T15:06:39+00:00","dateModified":"2025-12-30T15:42:16+00:00","description":"Meistern Sie die Feinheiten der assamesischen Grammatik mit Talkpal AI, um Ihre Sprachkenntnisse zu verbessern und noch heute selbstbewusst zu sprechen.","breadcrumb":{"@id":"https:\/\/talkpal.ai\/de\/assamesische-grammatik\/#breadcrumb"},"inLanguage":"de","potentialAction":[{"@type":"ReadAction","target":["https:\/\/talkpal.ai\/de\/assamesische-grammatik\/"]}]},{"@type":"BreadcrumbList","@id":"https:\/\/talkpal.ai\/de\/assamesische-grammatik\/#breadcrumb","itemListElement":[{"@type":"ListItem","position":1,"name":"Homepage","item":"https:\/\/talkpal.ai\/de\/"},{"@type":"ListItem","position":2,"name":"Assamesische Grammatik"}]},{"@type":"WebSite","@id":"https:\/\/talkpal.ai\/de\/#website","url":"https:\/\/talkpal.ai\/de\/","name":"Talkpal","description":"AI Language Learning","publisher":{"@id":"https:\/\/talkpal.ai\/de\/#organization"},"alternateName":"Talkpal AI","potentialAction":[{"@type":"SearchAction","target":{"@type":"EntryPoint","urlTemplate":"https:\/\/talkpal.ai\/de\/?s={search_term_string}"},"query-input":{"@type":"PropertyValueSpecification","valueRequired":true,"valueName":"search_term_string"}}],"inLanguage":"de"},{"@type":"Organization","@id":"https:\/\/talkpal.ai\/de\/#organization","name":"Talkpal, Inc.","alternateName":"Talkpal AI","url":"https:\/\/talkpal.ai\/de\/","logo":{"@type":"ImageObject","inLanguage":"de","@id":"https:\/\/talkpal.ai\/de\/#\/schema\/logo\/image\/","url":"https:\/\/talkpal.ai\/wp-content\/uploads\/2024\/03\/Talkpal-Logo-Icon.png","contentUrl":"https:\/\/talkpal.ai\/wp-content\/uploads\/2024\/03\/Talkpal-Logo-Icon.png","width":2880,"height":2880,"caption":"Talkpal, Inc."},"image":{"@id":"https:\/\/talkpal.ai\/de\/#\/schema\/logo\/image\/"},"sameAs":["https:\/\/www.facebook.com\/profile.php?id=100090733639311","https:\/\/x.com\/talkpalai","https:\/\/www.linkedin.com\/company\/talkpal\/","https:\/\/www.youtube.com\/@TalkPal\/","https:\/\/www.tiktok.com\/@talkpal","https:\/\/www.instagram.com\/talkpal_ai\/","https:\/\/www.crunchbase.com\/organization\/talkpal-9cde","https:\/\/www.g2.com\/products\/talkpal-for-business\/","https:\/\/www.trustpilot.com\/review\/talkpal.ai","https:\/\/www.capterra.com\/p\/10006800\/TalkPal\/"],"description":"Talkpal is a language learning web and mobile education app, powered by the latest AI technologies, that provides engaging experiences to its customers in many different languages to help them improve their language skills. Users can chat about unlimited amount of topics with the app and use other modes to practice their language learning.","email":"support@talkpal.ai","legalName":"Talkpal, Inc.","foundingDate":"2023-04-03","duns":"118989042","numberOfEmployees":{"@type":"QuantitativeValue","minValue":"11","maxValue":"50"},"publishingPrinciples":"https:\/\/talkpal.ai\/publishing-principles\/","actionableFeedbackPolicy":"https:\/\/talkpal.ai\/actionable-feedback-policy\/","correctionsPolicy":"https:\/\/talkpal.ai\/corrections-policy\/","ethicsPolicy":"https:\/\/talkpal.ai\/ethics-policy\/","diversityPolicy":"https:\/\/talkpal.ai\/diversity-policy\/","diversityStaffingReport":"https:\/\/talkpal.ai\/diversity-policy\/"}]}},"_links":{"self":[{"href":"https:\/\/talkpal.ai\/de\/wp-json\/wp\/v2\/pages\/1463520","targetHints":{"allow":["GET"]}}],"collection":[{"href":"https:\/\/talkpal.ai\/de\/wp-json\/wp\/v2\/pages"}],"about":[{"href":"https:\/\/talkpal.ai\/de\/wp-json\/wp\/v2\/types\/page"}],"author":[{"embeddable":true,"href":"https:\/\/talkpal.ai\/de\/wp-json\/wp\/v2\/users\/20"}],"replies":[{"embeddable":true,"href":"https:\/\/talkpal.ai\/de\/wp-json\/wp\/v2\/comments?post=1463520"}],"version-history":[{"count":0,"href":"https:\/\/talkpal.ai\/de\/wp-json\/wp\/v2\/pages\/1463520\/revisions"}],"wp:attachment":[{"href":"https:\/\/talkpal.ai\/de\/wp-json\/wp\/v2\/media?parent=1463520"}],"curies":[{"name":"wp","href":"https:\/\/api.w.org\/{rel}","templated":true}]}}