{"id":1463513,"date":"2025-11-11T12:01:19","date_gmt":"2025-11-11T12:01:19","guid":{"rendered":"https:\/\/talkpal.ai\/albanische-grammatik\/"},"modified":"2025-12-30T15:37:50","modified_gmt":"2025-12-30T15:37:50","slug":"albanische-grammatik","status":"publish","type":"page","link":"https:\/\/talkpal.ai\/de\/albanische-grammatik\/","title":{"rendered":"Albanische Grammatik"},"content":{"rendered":"\r\n\r\n\r\n<section class=\"languageChallengeSection\">\r\n    <div class=\"languageInfoWrapper\">\r\n        \r\n        <h1>Albanische Grammatik<\/h1>\r\n        <p>Die albanische <a href=\"https:\/\/talkpal.ai\/fr\/les\/\">Grammatik<\/a> mag auf den ersten Blick herausfordernd erscheinen, aber ihre einzigartigen Eigenschaften machen das Erlernen der Sprache zu einer lohnenden Erfahrung. Durch die Erforschung des Alphabets, der Mutationen und der Grammatikregeln erhalten Sie einen Einblick in eine reiche sprachliche Tradition. Beginnen Sie Ihre Reise und entdecken Sie die Sch\u00f6nheit des Albanischen!<\/p>\r\n\r\n                            <a class=\"getStartedHidden\" href=\"https:\/\/app.talkpal.ai\/de\/signup?lng=\">Leg los<\/a>\r\n        \r\n    <\/div>\r\n\r\n    <figure>\r\n    <img decoding=\"async\" width=\"768\" height=\"768\" src=\"https:\/\/talkpal.ai\/wp-content\/uploads\/2023\/06\/welsh-768x768.png\" class=\"languageImage no-lazy\" alt=\"Default alt text\" fetchpriority=\"high\" sizes=\"(max-width: 768px) 150px, 768px\" srcset=\"https:\/\/talkpal.ai\/wp-content\/uploads\/2023\/06\/welsh-768x768.png 768w, https:\/\/talkpal.ai\/wp-content\/uploads\/2023\/06\/welsh-300x300.png 300w\" \/>\r\n    \r\n\r\n    <\/figure>\r\n\r\n            <a class=\"getStartedVisible\" href=\"https:\/\/app.talkpal.ai\/de\/signup?lng=\">Leg los<\/a>\r\n    \r\n<\/section><section class=\"promotionalBanner\">\r\n    <p class=\"promotionalText\">Der effizienteste Weg, eine Sprache zu lernen<\/p>\r\n    <a class=\"promotionalLink\" href=\"https:\/\/app.talkpal.ai\/de\/signup?lng=\">Talkpal kostenlos<\/a>\r\n<\/section>\n<div class=\"wp-block-group pageContainerStyle\"><div class=\"wp-block-group__inner-container is-layout-constrained wp-block-group-is-layout-constrained\">\n<h2 class=\"wp-block-heading\" id=\"h-navigating-the-intricacies-of-albanian-grammar\">Navigieren in den Feinheiten der albanischen Grammatik<\/h2>\n\n\n\n<p><a href=\"https:\/\/talkpal.ai\/de\/albanisch-lernen\/\">Albanisch<\/a>, eine indoeurop\u00e4ische Sprache mit einem ausgepr\u00e4gten Zweig und tiefen kulturellen Wurzeln, bietet eine lohnende Reise f\u00fcr Lernende, die von ihrer einzigartigen Grammatik und ihrem Klangsystem angezogen werden. W\u00e4hrend Sie <a href=\"https:\/\/talkpal.ai\/learn-albanian\/\">Albanisch<\/a> erkunden, erweitern Sie Ihr sprachliches Toolkit und verbinden sich mit der Kultur Albaniens und der gesamten albanischsprachigen Welt. Die <a href=\"https:\/\/talkpal.ai\/albanian-grammar\/\">albanische Grammatik<\/a> kann auf den ersten Blick komplex erscheinen, aber sie in Kernteile zu zerlegen, macht den Fortschritt einfach. Im Folgenden finden Sie einen Leitfaden zu den Grundlagen mit Tipps, die Ihnen helfen, sie zu meistern.<\/p>\n\n\n\n<h3 class=\"wp-block-heading\" id=\"h-1-albanian-alphabet-and-phonetics\">1. Albanisches Alphabet und Phonetik<\/h3>\n\n\n\n<p>Das albanische Alphabet besteht aus 36 Buchstaben, darunter mehrere, die als Digraphen geschrieben werden, aber als einzelne Buchstaben z\u00e4hlen, wie dh, gj, ll, nj, rr, sh, th, xh, zh. Es werden auch \u00e7 und \u00eb verwendet, und der Vokal y steht f\u00fcr einen abgerundeten <a href=\"https:\/\/talkpal.ai\/locations\/language-courses-in-klang\/\">Klang<\/a> nach vorne. Der Kontrast zwischen r und rr ist bedeutungsvoll, und q und gj sind palatinale <a href=\"https:\/\/talkpal.ai\/ko\/ai-%ec%96%b8%ec%96%b4-%ea%b5%90%ec%82%ac\/\">Register<\/a>, die sich von k und g unterscheiden. Sich mit diesen Lauten und Buchstaben durch Vorlesen und H\u00f6r\u00fcbungen vertraut zu machen, ist ein wichtiger erster Schritt.<\/p>\n\n\n\n<h3 class=\"wp-block-heading\" id=\"h-2-definite-articles-and-linkers-a-distinctive-albanian-feature\">2. Bestimmte Artikel und Linker: eine Besonderheit des Albanischen<\/h3>\n\n\n\n<p>Ein Kennzeichen des Albanischen ist der bestimmte Artikel, der an Substantive angeh\u00e4ngt wird und je nach Geschlecht und Zahl variiert. Ein weiteres bemerkenswertes Merkmal ist die Verkn\u00fcpfungspartikel in der Nominalphrase, typischerweise i oder e im Unbestimmten und t\u00eb oder s\u00eb in bestimmten und Kasuskontexten, die vor Adjektiven und einigen Modifikatoren verwendet werden. Zu verstehen, wann und wie die Bestimmtheit und der Linker erscheinen, ist f\u00fcr eine genaue Kommunikation im Albanischen von entscheidender Bedeutung.<\/p>\n\n\n\n<h3 class=\"wp-block-heading\" id=\"h-3-nouns-and-pronouns-gender-and-cases\">3. Substantive und Pronomen: Geschlecht und Kasus<\/h3>\n\n\n\n<p>Albanische Substantive haben ein grammatikalisches Geschlecht (m\u00e4nnlich oder weiblich) und folgen unterschiedlichen Pluralbildungsmustern. Die Sprache markiert Kasusbeziehungen in der Nominalphrase, <a href=\"https:\/\/talkpal.ai\/will-ai-kill-traditional-language-learning\/\">traditionell<\/a> f\u00fcnf F\u00e4lle in der Standardsprache. Zu den Pronomen geh\u00f6ren Personal-, Possessiv-, Reflex-, Demonstrativ- und Frageformen sowie Objektklitik, die an das Verb angeh\u00e4ngt sind. Wenn du dich mit diesen Pronomen und ihrer Platzierung vertraut machst, wird sich dein Verst\u00e4ndnis der albanischen Grammatik erheblich verbessern.<\/p>\n\n\n\n<h3 class=\"wp-block-heading\" id=\"h-4-verbs-structure-and-conjugation\">4. Verben: Struktur und Konjugation<\/h3>\n\n\n\n<p>Albanische Verben folgen einer unterschiedlichen Struktur und einem Konjugationsmuster, je nach Zeitform, Stimmung und Person. Zu den essentiellen <a href=\"https:\/\/talkpal.ai\/zh-hans\/grammar_exercises\/zeitformen-%e5%be%b7%e5%9b%bd%e8%af%ad%e6%b3%95%e7%bb%83%e4%b9%a0\/\">Zeitformen<\/a> geh\u00f6ren die Gegenwart, die einfache Vergangenheit, das Imperfekt und das zusammengesetzte Perfekt sowie das Futur, das mit do t\u00eb und dem <a href=\"https:\/\/talkpal.ai\/ja\/grammar_exercises\/konjunktiv-%e3%83%89%e3%82%a4%e3%83%84%e6%96%87%e6%b3%95%e3%81%ae%e6%bc%94%e7%bf%92\/\">Konjunktiv<\/a> gebildet wird. Auch im Albanischen wird ausgiebig vom Konjunktiv Gebrauch gemacht und es werden Konditional- und Imperativstimmungen mit einbezogen. Das Erlernen der Konjugationsregeln f\u00fcr g\u00e4ngige Verben wird Ihre F\u00e4higkeit verbessern, effektiv auf Albanisch zu kommunizieren.<\/p>\n\n\n\n<h3 class=\"wp-block-heading\" id=\"h-5-adjectives-agreement-and-placement\">5. Adjektive: Vereinbarung und Platzierung<\/h3>\n\n\n\n<p>In der albanischen Grammatik folgen Adjektive in der Regel dem Substantiv, das sie modifizieren und mit dem sie \u00fcbereinstimmen, \u00fcber eine Verkn\u00fcpfungspartikel, die Geschlecht und Zahl anzeigt. Einige Adjektive haben unregelm\u00e4\u00dfige Komparativ- und Superlativemuster, und Komparative verwenden oft m\u00eb plus das Adjektiv, w\u00e4hrend Superlative den \u00fcbereinstimmenden Artikel hinzuf\u00fcgen. Die Mastering-Vereinbarung und -Platzierung hilft Ihnen, nat\u00fcrlich zu klingen.<\/p>\n\n\n\n<p><strong>Beispiele:<\/strong><\/p>\n\n\n\n<p><strong>\u2013 dashuri e madhe (gro\u00dfe Liebe)<\/strong><\/p>\n\n\n\n<p><strong>\u2013 f\u00ebmij\u00eb t\u00eb vegj\u00ebl (kleine Kinder)<\/strong><\/p>\n\n\n\n<h3 class=\"wp-block-heading\" id=\"h-6-engaging-with-the-language\">6. Sich mit der Sprache besch\u00e4ftigen<\/h3>\n\n\n\n<p>Der effektivste Weg, die albanische Grammatik vollst\u00e4ndig zu verstehen und zu verinnerlichen, besteht darin, sich konsequent mit der Sprache auseinanderzusetzen. Indem Sie albanische Literatur lesen, albanische Filme oder Fernsehserien ansehen, Nachrichten und Podcasts verfolgen und aktiv mit Muttersprachlern kommunizieren, st\u00e4rken Sie Ihr Verst\u00e4ndnis der Grammatik und erweitern gleichzeitig Ihren Wortschatz.<\/p>\n\n\n\n<h3 class=\"wp-block-heading\" id=\"h-conclusion\">Schlussfolgerung<\/h3>\n\n\n\n<p>Obwohl die albanische Grammatik kompliziert erscheinen mag, k\u00f6nnen Sie diese sch\u00f6ne Sprache mit Hingabe, \u00dcbung und Begeisterung beherrschen. Indem Sie sich auf die Grundregeln konzentrieren und sich in verschiedenen Kontexten mit der Sprache auseinandersetzen, werden Sie Ihre <a href=\"https:\/\/talkpal.ai\/de\/grammatik\/\">albanischen Grammatikkenntnisse<\/a> schnell verbessern. Begleiten Sie Ihre Albanisch Sprachreise und genie\u00dfen Sie es, die ausdrucksstarke und fesselnde Welt der albanischen Grammatik zu entr\u00e4tseln.<\/p>\n<\/div><\/div>\n\r\n<section class=\"learnNavigationSection\">\r\n            \r\n        <a href=\"https:\/\/talkpal.ai\/de\/albanisch-lernen\/\">\r\n            <div class=\"learnNavigationWrapper\">\r\n                <div class=\"learnNavigationContent\">\r\n                    <img decoding=\"async\" src=\"https:\/\/talkpal.ai\/wp-content\/uploads\/2025\/11\/Albanian.png\" alt=\"Albanian Flag\">\r\n                    <div>\r\n                        <h4>\u00dcber Albanisch lernen<\/h4>\r\n                        <p>Erfahren Sie alles \u00fcber die albanische Grammatik.<\/p>\r\n                    <\/div>\r\n                <\/div>\r\n            <\/div>\r\n        <\/a>\r\n\r\n        \r\n        <a href=\"https:\/\/talkpal.ai\/de\/albanische-grammatikuebungen\/\">\r\n            <div class=\"learnNavigationWrapper\">\r\n                <div class=\"learnNavigationContent\">\r\n                    <img decoding=\"async\" src=\"https:\/\/talkpal.ai\/wp-content\/uploads\/2025\/11\/Albanian.png\" alt=\"Albanian Flag\">\r\n                    <div>\r\n                        <h4>Albanische Grammatik\u00fcbung<\/h4>\r\n                        <p>\u00dcben Sie die albanische Grammatik.<\/p>\r\n                    <\/div>\r\n                <\/div>\r\n            <\/div>\r\n        <\/a>\r\n\r\n            <\/section>","protected":false},"excerpt":{"rendered":"<p>Navigieren in den Feinheiten der albanischen Grammatik Albanisch, eine indoeurop\u00e4ische Sprache mit einem ausgepr\u00e4gten Zweig und tiefen kulturellen Wurzeln, bietet eine lohnende Reise f\u00fcr Lernende, die von ihrer einzigartigen Grammatik und ihrem Klangsystem angezogen werden. W\u00e4hrend Sie Albanisch erkunden, erweitern Sie Ihr sprachliches Toolkit und verbinden sich mit der Kultur Albaniens und der gesamten albanischsprachigen [&hellip;]<\/p>\n","protected":false},"author":20,"featured_media":0,"parent":0,"menu_order":0,"comment_status":"closed","ping_status":"closed","template":"LearningContentPage.php","meta":{"_acf_changed":false,"footnotes":""},"class_list":["post-1463513","page","type-page","status-publish","hentry"],"acf":[],"yoast_head":"<!-- This site is optimized with the Yoast SEO Premium plugin v27.2 (Yoast SEO v27.2) - https:\/\/yoast.com\/product\/yoast-seo-premium-wordpress\/ -->\n<title>Albanische Grammatik - Talkpal<\/title>\n<meta name=\"description\" content=\"Beherrschen Sie die Grundlagen der albanischen Grammatik, einschlie\u00dflich F\u00e4llen und Verben, mit dem interaktiven KI-Sprachlernf\u00fchrer von Talkpal.\" \/>\n<meta name=\"robots\" content=\"index, follow, max-snippet:-1, max-image-preview:large, max-video-preview:-1\" \/>\n<link rel=\"canonical\" href=\"https:\/\/talkpal.ai\/de\/albanische-grammatik\/\" \/>\n<meta property=\"og:locale\" content=\"de_DE\" \/>\n<meta property=\"og:type\" content=\"article\" \/>\n<meta property=\"og:title\" content=\"Albanische Grammatik\" \/>\n<meta property=\"og:description\" content=\"Navigieren in den Feinheiten der albanischen Grammatik Albanisch, eine indoeurop\u00e4ische Sprache mit einem ausgepr\u00e4gten Zweig und tiefen kulturellen\" \/>\n<meta property=\"og:url\" content=\"https:\/\/talkpal.ai\/de\/albanische-grammatik\/\" \/>\n<meta property=\"og:site_name\" content=\"Talkpal\" \/>\n<meta property=\"article:publisher\" content=\"https:\/\/www.facebook.com\/profile.php?id=100090733639311\" \/>\n<meta property=\"article:modified_time\" content=\"2025-12-30T15:37:50+00:00\" \/>\n<meta property=\"og:image\" content=\"https:\/\/talkpal.ai\/wp-content\/uploads\/2025\/02\/Progress-tab-16_9.png\" \/>\n\t<meta property=\"og:image:width\" content=\"2880\" \/>\n\t<meta property=\"og:image:height\" content=\"1620\" \/>\n\t<meta property=\"og:image:type\" content=\"image\/png\" \/>\n<meta name=\"twitter:card\" content=\"summary_large_image\" \/>\n<meta name=\"twitter:site\" content=\"@talkpalai\" \/>\n<meta name=\"twitter:label1\" content=\"Gesch\u00e4tzte Lesezeit\" \/>\n\t<meta name=\"twitter:data1\" content=\"3\u00a0Minuten\" \/>\n<script type=\"application\/ld+json\" class=\"yoast-schema-graph\">{\"@context\":\"https:\/\/schema.org\",\"@graph\":[{\"@type\":\"WebPage\",\"@id\":\"https:\/\/talkpal.ai\/de\/albanische-grammatik\/\",\"url\":\"https:\/\/talkpal.ai\/de\/albanische-grammatik\/\",\"name\":\"Albanische Grammatik - Talkpal\",\"isPartOf\":{\"@id\":\"https:\/\/talkpal.ai\/de\/#website\"},\"datePublished\":\"2025-11-11T12:01:19+00:00\",\"dateModified\":\"2025-12-30T15:37:50+00:00\",\"description\":\"Beherrschen Sie die Grundlagen der albanischen Grammatik, einschlie\u00dflich F\u00e4llen und Verben, mit dem interaktiven KI-Sprachlernf\u00fchrer von Talkpal.\",\"breadcrumb\":{\"@id\":\"https:\/\/talkpal.ai\/de\/albanische-grammatik\/#breadcrumb\"},\"inLanguage\":\"de\",\"potentialAction\":[{\"@type\":\"ReadAction\",\"target\":[\"https:\/\/talkpal.ai\/de\/albanische-grammatik\/\"]}]},{\"@type\":\"BreadcrumbList\",\"@id\":\"https:\/\/talkpal.ai\/de\/albanische-grammatik\/#breadcrumb\",\"itemListElement\":[{\"@type\":\"ListItem\",\"position\":1,\"name\":\"Homepage\",\"item\":\"https:\/\/talkpal.ai\/de\/\"},{\"@type\":\"ListItem\",\"position\":2,\"name\":\"Albanische Grammatik\"}]},{\"@type\":\"WebSite\",\"@id\":\"https:\/\/talkpal.ai\/de\/#website\",\"url\":\"https:\/\/talkpal.ai\/de\/\",\"name\":\"Talkpal\",\"description\":\"AI Language Learning\",\"publisher\":{\"@id\":\"https:\/\/talkpal.ai\/de\/#organization\"},\"alternateName\":\"Talkpal AI\",\"potentialAction\":[{\"@type\":\"SearchAction\",\"target\":{\"@type\":\"EntryPoint\",\"urlTemplate\":\"https:\/\/talkpal.ai\/de\/?s={search_term_string}\"},\"query-input\":{\"@type\":\"PropertyValueSpecification\",\"valueRequired\":true,\"valueName\":\"search_term_string\"}}],\"inLanguage\":\"de\"},{\"@type\":\"Organization\",\"@id\":\"https:\/\/talkpal.ai\/de\/#organization\",\"name\":\"Talkpal, Inc.\",\"alternateName\":\"Talkpal AI\",\"url\":\"https:\/\/talkpal.ai\/de\/\",\"logo\":{\"@type\":\"ImageObject\",\"inLanguage\":\"de\",\"@id\":\"https:\/\/talkpal.ai\/de\/#\/schema\/logo\/image\/\",\"url\":\"https:\/\/talkpal.ai\/wp-content\/uploads\/2024\/03\/Talkpal-Logo-Icon.png\",\"contentUrl\":\"https:\/\/talkpal.ai\/wp-content\/uploads\/2024\/03\/Talkpal-Logo-Icon.png\",\"width\":2880,\"height\":2880,\"caption\":\"Talkpal, Inc.\"},\"image\":{\"@id\":\"https:\/\/talkpal.ai\/de\/#\/schema\/logo\/image\/\"},\"sameAs\":[\"https:\/\/www.facebook.com\/profile.php?id=100090733639311\",\"https:\/\/x.com\/talkpalai\",\"https:\/\/www.linkedin.com\/company\/talkpal\/\",\"https:\/\/www.youtube.com\/@TalkPal\/\",\"https:\/\/www.tiktok.com\/@talkpal\",\"https:\/\/www.instagram.com\/talkpal_ai\/\",\"https:\/\/www.crunchbase.com\/organization\/talkpal-9cde\",\"https:\/\/www.g2.com\/products\/talkpal-for-business\/\",\"https:\/\/www.trustpilot.com\/review\/talkpal.ai\",\"https:\/\/www.capterra.com\/p\/10006800\/TalkPal\/\"],\"description\":\"Talkpal is a language learning web and mobile education app, powered by the latest AI technologies, that provides engaging experiences to its customers in many different languages to help them improve their language skills. Users can chat about unlimited amount of topics with the app and use other modes to practice their language learning.\",\"email\":\"support@talkpal.ai\",\"legalName\":\"Talkpal, Inc.\",\"foundingDate\":\"2023-04-03\",\"duns\":\"118989042\",\"numberOfEmployees\":{\"@type\":\"QuantitativeValue\",\"minValue\":\"11\",\"maxValue\":\"50\"},\"publishingPrinciples\":\"https:\/\/talkpal.ai\/publishing-principles\/\",\"actionableFeedbackPolicy\":\"https:\/\/talkpal.ai\/actionable-feedback-policy\/\",\"correctionsPolicy\":\"https:\/\/talkpal.ai\/corrections-policy\/\",\"ethicsPolicy\":\"https:\/\/talkpal.ai\/ethics-policy\/\",\"diversityPolicy\":\"https:\/\/talkpal.ai\/diversity-policy\/\",\"diversityStaffingReport\":\"https:\/\/talkpal.ai\/diversity-policy\/\"}]}<\/script>\n<!-- \/ Yoast SEO Premium plugin. -->","yoast_head_json":{"title":"Albanische Grammatik - Talkpal","description":"Beherrschen Sie die Grundlagen der albanischen Grammatik, einschlie\u00dflich F\u00e4llen und Verben, mit dem interaktiven KI-Sprachlernf\u00fchrer von Talkpal.","robots":{"index":"index","follow":"follow","max-snippet":"max-snippet:-1","max-image-preview":"max-image-preview:large","max-video-preview":"max-video-preview:-1"},"canonical":"https:\/\/talkpal.ai\/de\/albanische-grammatik\/","og_locale":"de_DE","og_type":"article","og_title":"Albanische Grammatik","og_description":"Navigieren in den Feinheiten der albanischen Grammatik Albanisch, eine indoeurop\u00e4ische Sprache mit einem ausgepr\u00e4gten Zweig und tiefen kulturellen","og_url":"https:\/\/talkpal.ai\/de\/albanische-grammatik\/","og_site_name":"Talkpal","article_publisher":"https:\/\/www.facebook.com\/profile.php?id=100090733639311","article_modified_time":"2025-12-30T15:37:50+00:00","og_image":[{"width":2880,"height":1620,"url":"https:\/\/talkpal.ai\/wp-content\/uploads\/2025\/02\/Progress-tab-16_9.png","type":"image\/png"}],"twitter_card":"summary_large_image","twitter_site":"@talkpalai","twitter_misc":{"Gesch\u00e4tzte Lesezeit":"3\u00a0Minuten"},"schema":{"@context":"https:\/\/schema.org","@graph":[{"@type":"WebPage","@id":"https:\/\/talkpal.ai\/de\/albanische-grammatik\/","url":"https:\/\/talkpal.ai\/de\/albanische-grammatik\/","name":"Albanische Grammatik - Talkpal","isPartOf":{"@id":"https:\/\/talkpal.ai\/de\/#website"},"datePublished":"2025-11-11T12:01:19+00:00","dateModified":"2025-12-30T15:37:50+00:00","description":"Beherrschen Sie die Grundlagen der albanischen Grammatik, einschlie\u00dflich F\u00e4llen und Verben, mit dem interaktiven KI-Sprachlernf\u00fchrer von Talkpal.","breadcrumb":{"@id":"https:\/\/talkpal.ai\/de\/albanische-grammatik\/#breadcrumb"},"inLanguage":"de","potentialAction":[{"@type":"ReadAction","target":["https:\/\/talkpal.ai\/de\/albanische-grammatik\/"]}]},{"@type":"BreadcrumbList","@id":"https:\/\/talkpal.ai\/de\/albanische-grammatik\/#breadcrumb","itemListElement":[{"@type":"ListItem","position":1,"name":"Homepage","item":"https:\/\/talkpal.ai\/de\/"},{"@type":"ListItem","position":2,"name":"Albanische Grammatik"}]},{"@type":"WebSite","@id":"https:\/\/talkpal.ai\/de\/#website","url":"https:\/\/talkpal.ai\/de\/","name":"Talkpal","description":"AI Language Learning","publisher":{"@id":"https:\/\/talkpal.ai\/de\/#organization"},"alternateName":"Talkpal AI","potentialAction":[{"@type":"SearchAction","target":{"@type":"EntryPoint","urlTemplate":"https:\/\/talkpal.ai\/de\/?s={search_term_string}"},"query-input":{"@type":"PropertyValueSpecification","valueRequired":true,"valueName":"search_term_string"}}],"inLanguage":"de"},{"@type":"Organization","@id":"https:\/\/talkpal.ai\/de\/#organization","name":"Talkpal, Inc.","alternateName":"Talkpal AI","url":"https:\/\/talkpal.ai\/de\/","logo":{"@type":"ImageObject","inLanguage":"de","@id":"https:\/\/talkpal.ai\/de\/#\/schema\/logo\/image\/","url":"https:\/\/talkpal.ai\/wp-content\/uploads\/2024\/03\/Talkpal-Logo-Icon.png","contentUrl":"https:\/\/talkpal.ai\/wp-content\/uploads\/2024\/03\/Talkpal-Logo-Icon.png","width":2880,"height":2880,"caption":"Talkpal, Inc."},"image":{"@id":"https:\/\/talkpal.ai\/de\/#\/schema\/logo\/image\/"},"sameAs":["https:\/\/www.facebook.com\/profile.php?id=100090733639311","https:\/\/x.com\/talkpalai","https:\/\/www.linkedin.com\/company\/talkpal\/","https:\/\/www.youtube.com\/@TalkPal\/","https:\/\/www.tiktok.com\/@talkpal","https:\/\/www.instagram.com\/talkpal_ai\/","https:\/\/www.crunchbase.com\/organization\/talkpal-9cde","https:\/\/www.g2.com\/products\/talkpal-for-business\/","https:\/\/www.trustpilot.com\/review\/talkpal.ai","https:\/\/www.capterra.com\/p\/10006800\/TalkPal\/"],"description":"Talkpal is a language learning web and mobile education app, powered by the latest AI technologies, that provides engaging experiences to its customers in many different languages to help them improve their language skills. Users can chat about unlimited amount of topics with the app and use other modes to practice their language learning.","email":"support@talkpal.ai","legalName":"Talkpal, Inc.","foundingDate":"2023-04-03","duns":"118989042","numberOfEmployees":{"@type":"QuantitativeValue","minValue":"11","maxValue":"50"},"publishingPrinciples":"https:\/\/talkpal.ai\/publishing-principles\/","actionableFeedbackPolicy":"https:\/\/talkpal.ai\/actionable-feedback-policy\/","correctionsPolicy":"https:\/\/talkpal.ai\/corrections-policy\/","ethicsPolicy":"https:\/\/talkpal.ai\/ethics-policy\/","diversityPolicy":"https:\/\/talkpal.ai\/diversity-policy\/","diversityStaffingReport":"https:\/\/talkpal.ai\/diversity-policy\/"}]}},"_links":{"self":[{"href":"https:\/\/talkpal.ai\/de\/wp-json\/wp\/v2\/pages\/1463513","targetHints":{"allow":["GET"]}}],"collection":[{"href":"https:\/\/talkpal.ai\/de\/wp-json\/wp\/v2\/pages"}],"about":[{"href":"https:\/\/talkpal.ai\/de\/wp-json\/wp\/v2\/types\/page"}],"author":[{"embeddable":true,"href":"https:\/\/talkpal.ai\/de\/wp-json\/wp\/v2\/users\/20"}],"replies":[{"embeddable":true,"href":"https:\/\/talkpal.ai\/de\/wp-json\/wp\/v2\/comments?post=1463513"}],"version-history":[{"count":0,"href":"https:\/\/talkpal.ai\/de\/wp-json\/wp\/v2\/pages\/1463513\/revisions"}],"wp:attachment":[{"href":"https:\/\/talkpal.ai\/de\/wp-json\/wp\/v2\/media?parent=1463513"}],"curies":[{"name":"wp","href":"https:\/\/api.w.org\/{rel}","templated":true}]}}